{"id":27769,"date":"2024-11-20T11:54:33","date_gmt":"2024-11-20T11:54:33","guid":{"rendered":"https:\/\/monti.lt\/?post_type=product&#038;p=27769"},"modified":"2025-12-07T03:48:25","modified_gmt":"2025-12-07T03:48:25","slug":"kegliu-zaidimas","status":"publish","type":"product","link":"https:\/\/monti.lt\/en\/product\/kegliu-zaidimas\/","title":{"rendered":"K\u0117gli\u0173 \u017eaidimas"},"content":{"rendered":"<p><br>SENSORINIS BOULINGO RINKINYS VAIKAMS LINKSMIEJI BOULINGO KAMUOLIUKAI BALTI<\/p>\n\n\n\n<p>\u2611\ufe0fi\u0161laikykite savo vaik\u0105 aktyv\u0173 ir kupin\u0105 \u012fsp\u016bd\u017ei\u0173 su vaik\u0173 boulingo rinkiniu! \u0160is rinkinys idealiai tinka \u017eaisti namuose, sode ar vakar\u0117liuose &#8211; tai puiki pramoga, kuri lavina judesi\u0173 koordinacij\u0105 ir tikslum\u0105, o kartu suteikia daug d\u017eiaugsmo.<\/p>\n\n\n\n<p>\u2b50\ufe0f Boulingo k\u0117gliai<br>Lengvi ir saug\u016bs boulingo kalad\u0117l\u0117s, kurias vaikas gali bet kaip i\u0161d\u0117styti, kad sukurt\u0173 savo bouling\u0105.<br>\u2b50\ufe0f 2 metamieji kamuoliai<br>Komplekte yra du kamuoliai, kurie idealiai tinka m\u0117tyti boulingo k\u0117glius ir lavinti vaiko motorinius \u012fg\u016bd\u017eius.<\/p>\n\n\n\n<p>\u2705 Puiki dovan\u0173 id\u0117ja<br>Idealiai tinka gimtadieniams, \u0161vent\u0117ms ar kaip staigmena, kuri suteiks valand\u0173 valandas smagi\u0173 ir aktyvi\u0173 \u017eaidim\u0173.<br>\u2b50\ufe0f Pramogos visai \u0161eimai<br>Boulingo k\u0117gli\u0173 rinkinys smagus ne tik vaikams, bet ir visai \u0161eimai. Surenkite boulingo turnyr\u0105 ir m\u0117gaukit\u0117s kartu praleistu laiku!<br>\u2b50\ufe0f Pramogos visai \u0161eimai<br>Boulingo k\u0117gli\u0173 ir kamuoliuk\u0173 rinkinys pagamintas i\u0161 mink\u0161t\u0173 ir saugi\u0173 med\u017eiag\u0173, idealiai tinkan\u010di\u0173 ma\u017eiesiems, tod\u0117l \u017eaisti visi\u0161kai saugu.<\/p>\n\n\n\n<p><\/p>","protected":false},"excerpt":{"rendered":"<p>SENSORINIS BOULINGO RINKINYS VAIKAMS LINKSMIEJI BOULINGO KAMUOLIUKAI BALTI \u2611\ufe0fi\u0161laikykite savo vaik\u0105 aktyv\u0173 ir kupin\u0105 \u012fsp\u016bd\u017ei\u0173 su vaik\u0173 boulingo rinkiniu! \u0160is rinkinys idealiai tinka \u017eaisti namuose, sode ar vakar\u0117liuose &#8211; tai puiki pramoga, kuri lavina judesi\u0173 koordinacij\u0105 ir tikslum\u0105, o kartu suteikia daug d\u017eiaugsmo. \u2b50\ufe0f Boulingo k\u0117gliaiLengvi ir saug\u016bs boulingo kalad\u0117l\u0117s, kurias vaikas gali bet kaip [&hellip;]<\/p>","protected":false},"featured_media":27770,"template":"","meta":{"_acf_changed":false,"iawp_total_views":183},"product_cat":[84,90,49,39],"product_tag":[97,98,99],"class_list":{"0":"post-27769","1":"product","2":"type-product","3":"status-publish","4":"has-post-thumbnail","6":"product_cat-lavinamieji-zaislai","7":"product_cat-pasaulio-pazinimas","8":"product_cat-visi-zaislai","9":"product_cat-zaislai","10":"product_tag-3-m-4-m","11":"product_tag-5-m-7-m","12":"product_tag-8-m-11-m","14":"first","15":"outofstock","16":"taxable","17":"shipping-taxable","18":"purchasable","19":"product-type-simple"},"acf":[],"yoast_head":"<!-- This site is optimized with the Yoast SEO plugin v23.3 - https:\/\/yoast.com\/wordpress\/plugins\/seo\/ -->\n<title>K\u0117gli\u0173 \u017eaidimas - Montessori \u017eaislai<\/title>\n<meta name=\"robots\" content=\"index, follow, max-snippet:-1, max-image-preview:large, max-video-preview:-1\" \/>\n<link rel=\"canonical\" href=\"https:\/\/monti.lt\/en\/product\/kegliu-zaidimas\/\" \/>\n<meta property=\"og:locale\" content=\"en_US\" \/>\n<meta property=\"og:type\" content=\"article\" \/>\n<meta property=\"og:title\" content=\"K\u0117gli\u0173 \u017eaidimas - Montessori \u017eaislai\" \/>\n<meta property=\"og:description\" content=\"SENSORINIS BOULINGO RINKINYS VAIKAMS LINKSMIEJI BOULINGO KAMUOLIUKAI BALTI \u2611\ufe0fi\u0161laikykite savo vaik\u0105 aktyv\u0173 ir kupin\u0105 \u012fsp\u016bd\u017ei\u0173 su vaik\u0173 boulingo rinkiniu! \u0160is rinkinys idealiai tinka \u017eaisti namuose, sode ar vakar\u0117liuose &#8211; tai puiki pramoga, kuri lavina judesi\u0173 koordinacij\u0105 ir tikslum\u0105, o kartu suteikia daug d\u017eiaugsmo. \u2b50\ufe0f Boulingo k\u0117gliaiLengvi ir saug\u016bs boulingo kalad\u0117l\u0117s, kurias vaikas gali bet kaip [&hellip;]\" \/>\n<meta property=\"og:url\" content=\"https:\/\/monti.lt\/en\/product\/kegliu-zaidimas\/\" \/>\n<meta property=\"og:site_name\" content=\"Montessori \u017eaislai\" \/>\n<meta property=\"article:modified_time\" content=\"2025-12-07T03:48:25+00:00\" \/>\n<meta property=\"og:image\" content=\"https:\/\/monti.lt\/wp-content\/uploads\/2024\/11\/kregle-gra-zrecznosciowa-sensoryczne-dla-dzieci-zabawa-bowling-biale.webp\" \/>\n\t<meta property=\"og:image:width\" content=\"800\" \/>\n\t<meta property=\"og:image:height\" content=\"800\" \/>\n\t<meta property=\"og:image:type\" content=\"image\/webp\" \/>\n<meta name=\"twitter:card\" content=\"summary_large_image\" \/>\n<meta name=\"twitter:label1\" content=\"Est. reading time\" \/>\n\t<meta name=\"twitter:data1\" content=\"1 minute\" \/>\n<script type=\"application\/ld+json\" class=\"yoast-schema-graph\">{\"@context\":\"https:\/\/schema.org\",\"@graph\":[{\"@type\":\"WebPage\",\"@id\":\"https:\/\/monti.lt\/product\/kegliu-zaidimas\/\",\"url\":\"https:\/\/monti.lt\/product\/kegliu-zaidimas\/\",\"name\":\"K\u0117gli\u0173 \u017eaidimas - Montessori \u017eaislai\",\"isPartOf\":{\"@id\":\"https:\/\/monti.lt\/#website\"},\"primaryImageOfPage\":{\"@id\":\"https:\/\/monti.lt\/product\/kegliu-zaidimas\/#primaryimage\"},\"image\":{\"@id\":\"https:\/\/monti.lt\/product\/kegliu-zaidimas\/#primaryimage\"},\"thumbnailUrl\":\"https:\/\/monti.lt\/wp-content\/uploads\/2024\/11\/kregle-gra-zrecznosciowa-sensoryczne-dla-dzieci-zabawa-bowling-biale.webp\",\"datePublished\":\"2024-11-20T11:54:33+00:00\",\"dateModified\":\"2025-12-07T03:48:25+00:00\",\"breadcrumb\":{\"@id\":\"https:\/\/monti.lt\/product\/kegliu-zaidimas\/#breadcrumb\"},\"inLanguage\":\"en-US\",\"potentialAction\":[{\"@type\":\"ReadAction\",\"target\":[\"https:\/\/monti.lt\/product\/kegliu-zaidimas\/\"]}]},{\"@type\":\"ImageObject\",\"inLanguage\":\"en-US\",\"@id\":\"https:\/\/monti.lt\/product\/kegliu-zaidimas\/#primaryimage\",\"url\":\"https:\/\/monti.lt\/wp-content\/uploads\/2024\/11\/kregle-gra-zrecznosciowa-sensoryczne-dla-dzieci-zabawa-bowling-biale.webp\",\"contentUrl\":\"https:\/\/monti.lt\/wp-content\/uploads\/2024\/11\/kregle-gra-zrecznosciowa-sensoryczne-dla-dzieci-zabawa-bowling-biale.webp\",\"width\":800,\"height\":800,\"caption\":\"kegliai\"},{\"@type\":\"BreadcrumbList\",\"@id\":\"https:\/\/monti.lt\/product\/kegliu-zaidimas\/#breadcrumb\",\"itemListElement\":[{\"@type\":\"ListItem\",\"position\":1,\"name\":\"Home\",\"item\":\"https:\/\/monti.lt\/\"},{\"@type\":\"ListItem\",\"position\":2,\"name\":\"Parduotuv\u0117\",\"item\":\"https:\/\/monti.lt\/shop\/\"},{\"@type\":\"ListItem\",\"position\":3,\"name\":\"K\u0117gli\u0173 \u017eaidimas\"}]},{\"@type\":\"WebSite\",\"@id\":\"https:\/\/monti.lt\/#website\",\"url\":\"https:\/\/monti.lt\/\",\"name\":\"Montessori \u017eaislai\",\"description\":\"\",\"publisher\":{\"@id\":\"https:\/\/monti.lt\/#organization\"},\"potentialAction\":[{\"@type\":\"SearchAction\",\"target\":{\"@type\":\"EntryPoint\",\"urlTemplate\":\"https:\/\/monti.lt\/?s={search_term_string}\"},\"query-input\":\"required name=search_term_string\"}],\"inLanguage\":\"en-US\"},{\"@type\":\"Organization\",\"@id\":\"https:\/\/monti.lt\/#organization\",\"name\":\"Montessori \u017eaislai\",\"url\":\"https:\/\/monti.lt\/\",\"logo\":{\"@type\":\"ImageObject\",\"inLanguage\":\"en-US\",\"@id\":\"https:\/\/monti.lt\/#\/schema\/logo\/image\/\",\"url\":\"https:\/\/monti.lt\/wp-content\/uploads\/2022\/03\/montilogo-1.png\",\"contentUrl\":\"https:\/\/monti.lt\/wp-content\/uploads\/2022\/03\/montilogo-1.png\",\"width\":512,\"height\":512,\"caption\":\"Montessori \u017eaislai\"},\"image\":{\"@id\":\"https:\/\/monti.lt\/#\/schema\/logo\/image\/\"}}]}<\/script>\n<!-- \/ Yoast SEO plugin. -->","yoast_head_json":{"title":"K\u0117gli\u0173 \u017eaidimas - Montessori \u017eaislai","robots":{"index":"index","follow":"follow","max-snippet":"max-snippet:-1","max-image-preview":"max-image-preview:large","max-video-preview":"max-video-preview:-1"},"canonical":"https:\/\/monti.lt\/en\/product\/kegliu-zaidimas\/","og_locale":"en_US","og_type":"article","og_title":"K\u0117gli\u0173 \u017eaidimas - Montessori \u017eaislai","og_description":"SENSORINIS BOULINGO RINKINYS VAIKAMS LINKSMIEJI BOULINGO KAMUOLIUKAI BALTI \u2611\ufe0fi\u0161laikykite savo vaik\u0105 aktyv\u0173 ir kupin\u0105 \u012fsp\u016bd\u017ei\u0173 su vaik\u0173 boulingo rinkiniu! \u0160is rinkinys idealiai tinka \u017eaisti namuose, sode ar vakar\u0117liuose &#8211; tai puiki pramoga, kuri lavina judesi\u0173 koordinacij\u0105 ir tikslum\u0105, o kartu suteikia daug d\u017eiaugsmo. \u2b50\ufe0f Boulingo k\u0117gliaiLengvi ir saug\u016bs boulingo kalad\u0117l\u0117s, kurias vaikas gali bet kaip [&hellip;]","og_url":"https:\/\/monti.lt\/en\/product\/kegliu-zaidimas\/","og_site_name":"Montessori \u017eaislai","article_modified_time":"2025-12-07T03:48:25+00:00","og_image":[{"width":800,"height":800,"url":"https:\/\/monti.lt\/wp-content\/uploads\/2024\/11\/kregle-gra-zrecznosciowa-sensoryczne-dla-dzieci-zabawa-bowling-biale.webp","type":"image\/webp"}],"twitter_card":"summary_large_image","twitter_misc":{"Est. reading time":"1 minute"},"schema":{"@context":"https:\/\/schema.org","@graph":[{"@type":"WebPage","@id":"https:\/\/monti.lt\/product\/kegliu-zaidimas\/","url":"https:\/\/monti.lt\/product\/kegliu-zaidimas\/","name":"K\u0117gli\u0173 \u017eaidimas - Montessori \u017eaislai","isPartOf":{"@id":"https:\/\/monti.lt\/#website"},"primaryImageOfPage":{"@id":"https:\/\/monti.lt\/product\/kegliu-zaidimas\/#primaryimage"},"image":{"@id":"https:\/\/monti.lt\/product\/kegliu-zaidimas\/#primaryimage"},"thumbnailUrl":"https:\/\/monti.lt\/wp-content\/uploads\/2024\/11\/kregle-gra-zrecznosciowa-sensoryczne-dla-dzieci-zabawa-bowling-biale.webp","datePublished":"2024-11-20T11:54:33+00:00","dateModified":"2025-12-07T03:48:25+00:00","breadcrumb":{"@id":"https:\/\/monti.lt\/product\/kegliu-zaidimas\/#breadcrumb"},"inLanguage":"en-US","potentialAction":[{"@type":"ReadAction","target":["https:\/\/monti.lt\/product\/kegliu-zaidimas\/"]}]},{"@type":"ImageObject","inLanguage":"en-US","@id":"https:\/\/monti.lt\/product\/kegliu-zaidimas\/#primaryimage","url":"https:\/\/monti.lt\/wp-content\/uploads\/2024\/11\/kregle-gra-zrecznosciowa-sensoryczne-dla-dzieci-zabawa-bowling-biale.webp","contentUrl":"https:\/\/monti.lt\/wp-content\/uploads\/2024\/11\/kregle-gra-zrecznosciowa-sensoryczne-dla-dzieci-zabawa-bowling-biale.webp","width":800,"height":800,"caption":"kegliai"},{"@type":"BreadcrumbList","@id":"https:\/\/monti.lt\/product\/kegliu-zaidimas\/#breadcrumb","itemListElement":[{"@type":"ListItem","position":1,"name":"Home","item":"https:\/\/monti.lt\/"},{"@type":"ListItem","position":2,"name":"Parduotuv\u0117","item":"https:\/\/monti.lt\/shop\/"},{"@type":"ListItem","position":3,"name":"K\u0117gli\u0173 \u017eaidimas"}]},{"@type":"WebSite","@id":"https:\/\/monti.lt\/#website","url":"https:\/\/monti.lt\/","name":"Montessori \u017eaislai","description":"","publisher":{"@id":"https:\/\/monti.lt\/#organization"},"potentialAction":[{"@type":"SearchAction","target":{"@type":"EntryPoint","urlTemplate":"https:\/\/monti.lt\/?s={search_term_string}"},"query-input":"required name=search_term_string"}],"inLanguage":"en-US"},{"@type":"Organization","@id":"https:\/\/monti.lt\/#organization","name":"Montessori \u017eaislai","url":"https:\/\/monti.lt\/","logo":{"@type":"ImageObject","inLanguage":"en-US","@id":"https:\/\/monti.lt\/#\/schema\/logo\/image\/","url":"https:\/\/monti.lt\/wp-content\/uploads\/2022\/03\/montilogo-1.png","contentUrl":"https:\/\/monti.lt\/wp-content\/uploads\/2022\/03\/montilogo-1.png","width":512,"height":512,"caption":"Montessori \u017eaislai"},"image":{"@id":"https:\/\/monti.lt\/#\/schema\/logo\/image\/"}}]}},"_links":{"self":[{"href":"https:\/\/monti.lt\/en\/wp-json\/wp\/v2\/product\/27769"}],"collection":[{"href":"https:\/\/monti.lt\/en\/wp-json\/wp\/v2\/product"}],"about":[{"href":"https:\/\/monti.lt\/en\/wp-json\/wp\/v2\/types\/product"}],"version-history":[{"count":1,"href":"https:\/\/monti.lt\/en\/wp-json\/wp\/v2\/product\/27769\/revisions"}],"predecessor-version":[{"id":27776,"href":"https:\/\/monti.lt\/en\/wp-json\/wp\/v2\/product\/27769\/revisions\/27776"}],"wp:featuredmedia":[{"embeddable":true,"href":"https:\/\/monti.lt\/en\/wp-json\/wp\/v2\/media\/27770"}],"wp:attachment":[{"href":"https:\/\/monti.lt\/en\/wp-json\/wp\/v2\/media?parent=27769"}],"wp:term":[{"taxonomy":"product_cat","embeddable":true,"href":"https:\/\/monti.lt\/en\/wp-json\/wp\/v2\/product_cat?post=27769"},{"taxonomy":"product_tag","embeddable":true,"href":"https:\/\/monti.lt\/en\/wp-json\/wp\/v2\/product_tag?post=27769"}],"curies":[{"name":"wp","href":"https:\/\/api.w.org\/{rel}","templated":true}]}}