{"id":27779,"date":"2024-11-20T13:53:41","date_gmt":"2024-11-20T13:53:41","guid":{"rendered":"https:\/\/monti.lt\/?post_type=product&#038;p=27779"},"modified":"2026-05-07T05:08:40","modified_gmt":"2026-05-07T05:08:40","slug":"mediniu-kaladeliu-miestas-lagaminelyje","status":"publish","type":"product","link":"https:\/\/monti.lt\/en\/product\/mediniu-kaladeliu-miestas-lagaminelyje\/","title":{"rendered":"Medini\u0173 kalad\u0117li\u0173 miestas lagamin\u0117lyje"},"content":{"rendered":"<p>\u2705Vystomas k\u016brybi\u0161kumas: vaikai gali patys kurti istorijas ir scenarijus, o tai skatina vaizduot\u0119 ir lavina pasakojimo \u012fg\u016bd\u017eius.<br>\u2705Tobul\u0117ja rank\u0173 darbo \u012fg\u016bd\u017eiai: Rinkinio dali\u0173 surinkimas, i\u0161ardymas ir manipuliavimas jomis padeda lavinti rank\u0173 ir aki\u0173 koordinacij\u0105 ir rank\u0173 darbo \u012fg\u016bd\u017eius.<br>\u2705Mokomoji pramoga: Vaikas mokosi planuoti erdv\u0119, kurti ir spr\u0119sti situacijas interaktyviame miestelyje.<br>\u2705Bendradarbiavimas \u017eaid\u017eiant: Rinkinys idealiai tinka \u017eaisti tiek vienam, tiek su kompanija. Jis gali tapti pretekstu \u017eaisti kartu su broliais ir seserimis ar bendraam\u017eiais, o tai skatina integracij\u0105 ir santyki\u0173 k\u016brim\u0105.<\/p>","protected":false},"excerpt":{"rendered":"<p>\u2705Vystomas k\u016brybi\u0161kumas: vaikai gali patys kurti istorijas ir scenarijus, o tai skatina vaizduot\u0119 ir lavina pasakojimo \u012fg\u016bd\u017eius.\u2705Tobul\u0117ja rank\u0173 darbo \u012fg\u016bd\u017eiai: Rinkinio dali\u0173 surinkimas, i\u0161ardymas ir manipuliavimas jomis padeda lavinti rank\u0173 ir aki\u0173 koordinacij\u0105 ir rank\u0173 darbo \u012fg\u016bd\u017eius.\u2705Mokomoji pramoga: Vaikas mokosi planuoti erdv\u0119, kurti ir spr\u0119sti situacijas interaktyviame miestelyje.\u2705Bendradarbiavimas \u017eaid\u017eiant: Rinkinys idealiai tinka \u017eaisti tiek vienam, [&hellip;]<\/p>","protected":false},"featured_media":27780,"template":"","meta":{"_acf_changed":false,"iawp_total_views":347},"product_cat":[195,216,191,192,84,102,90,93,49,39,201],"product_tag":[96,97,98],"class_list":{"0":"post-27779","1":"product","2":"type-product","3":"status-publish","4":"has-post-thumbnail","6":"product_cat-dovanos-vaikams-3-4-metu","7":"product_cat-dovanos-4-5-metu-vaikams","8":"product_cat-dovanos-vaikams","9":"product_cat-kaledines-dovanos-vaikams","10":"product_cat-lavinamieji-zaislai","11":"product_cat-mediniai-zaislai","12":"product_cat-pasaulio-pazinimas","13":"product_cat-vaidmenu-zaidimai","14":"product_cat-visi-zaislai","15":"product_cat-zaislai","16":"product_cat-zaislai-kelioneje","17":"product_tag-2-m-3-m","18":"product_tag-3-m-4-m","19":"product_tag-5-m-7-m","21":"first","22":"instock","23":"taxable","24":"shipping-taxable","25":"purchasable","26":"product-type-simple"},"acf":[],"yoast_head":"<!-- This site is optimized with the Yoast SEO plugin v23.3 - https:\/\/yoast.com\/wordpress\/plugins\/seo\/ -->\n<title>Medini\u0173 kalad\u0117li\u0173 miestas lagamin\u0117lyje - Montessori \u017eaislai<\/title>\n<meta name=\"robots\" content=\"index, follow, max-snippet:-1, max-image-preview:large, max-video-preview:-1\" \/>\n<link rel=\"canonical\" href=\"https:\/\/monti.lt\/en\/product\/mediniu-kaladeliu-miestas-lagaminelyje\/\" \/>\n<meta property=\"og:locale\" content=\"en_US\" \/>\n<meta property=\"og:type\" content=\"article\" \/>\n<meta property=\"og:title\" content=\"Medini\u0173 kalad\u0117li\u0173 miestas lagamin\u0117lyje - Montessori \u017eaislai\" \/>\n<meta property=\"og:description\" content=\"\u2705Vystomas k\u016brybi\u0161kumas: vaikai gali patys kurti istorijas ir scenarijus, o tai skatina vaizduot\u0119 ir lavina pasakojimo \u012fg\u016bd\u017eius.\u2705Tobul\u0117ja rank\u0173 darbo \u012fg\u016bd\u017eiai: Rinkinio dali\u0173 surinkimas, i\u0161ardymas ir manipuliavimas jomis padeda lavinti rank\u0173 ir aki\u0173 koordinacij\u0105 ir rank\u0173 darbo \u012fg\u016bd\u017eius.\u2705Mokomoji pramoga: Vaikas mokosi planuoti erdv\u0119, kurti ir spr\u0119sti situacijas interaktyviame miestelyje.\u2705Bendradarbiavimas \u017eaid\u017eiant: Rinkinys idealiai tinka \u017eaisti tiek vienam, [&hellip;]\" \/>\n<meta property=\"og:url\" content=\"https:\/\/monti.lt\/en\/product\/mediniu-kaladeliu-miestas-lagaminelyje\/\" \/>\n<meta property=\"og:site_name\" content=\"Montessori \u017eaislai\" \/>\n<meta property=\"article:modified_time\" content=\"2026-05-07T05:08:40+00:00\" \/>\n<meta property=\"og:image\" content=\"https:\/\/monti.lt\/wp-content\/uploads\/2024\/11\/drewniane-klocki-edukacyjne-miasto-lokomotywa-zestaw-skrzynka-dla-dzieci.webp\" \/>\n\t<meta property=\"og:image:width\" content=\"800\" \/>\n\t<meta property=\"og:image:height\" content=\"800\" \/>\n\t<meta property=\"og:image:type\" content=\"image\/webp\" \/>\n<meta name=\"twitter:card\" content=\"summary_large_image\" \/>\n<meta name=\"twitter:label1\" content=\"Est. reading time\" \/>\n\t<meta name=\"twitter:data1\" content=\"1 minute\" \/>\n<script type=\"application\/ld+json\" class=\"yoast-schema-graph\">{\"@context\":\"https:\/\/schema.org\",\"@graph\":[{\"@type\":\"WebPage\",\"@id\":\"https:\/\/monti.lt\/product\/mediniu-kaladeliu-miestas-lagaminelyje\/\",\"url\":\"https:\/\/monti.lt\/product\/mediniu-kaladeliu-miestas-lagaminelyje\/\",\"name\":\"Medini\u0173 kalad\u0117li\u0173 miestas lagamin\u0117lyje - Montessori \u017eaislai\",\"isPartOf\":{\"@id\":\"https:\/\/monti.lt\/#website\"},\"primaryImageOfPage\":{\"@id\":\"https:\/\/monti.lt\/product\/mediniu-kaladeliu-miestas-lagaminelyje\/#primaryimage\"},\"image\":{\"@id\":\"https:\/\/monti.lt\/product\/mediniu-kaladeliu-miestas-lagaminelyje\/#primaryimage\"},\"thumbnailUrl\":\"https:\/\/monti.lt\/wp-content\/uploads\/2024\/11\/drewniane-klocki-edukacyjne-miasto-lokomotywa-zestaw-skrzynka-dla-dzieci.webp\",\"datePublished\":\"2024-11-20T13:53:41+00:00\",\"dateModified\":\"2026-05-07T05:08:40+00:00\",\"breadcrumb\":{\"@id\":\"https:\/\/monti.lt\/product\/mediniu-kaladeliu-miestas-lagaminelyje\/#breadcrumb\"},\"inLanguage\":\"en-US\",\"potentialAction\":[{\"@type\":\"ReadAction\",\"target\":[\"https:\/\/monti.lt\/product\/mediniu-kaladeliu-miestas-lagaminelyje\/\"]}]},{\"@type\":\"ImageObject\",\"inLanguage\":\"en-US\",\"@id\":\"https:\/\/monti.lt\/product\/mediniu-kaladeliu-miestas-lagaminelyje\/#primaryimage\",\"url\":\"https:\/\/monti.lt\/wp-content\/uploads\/2024\/11\/drewniane-klocki-edukacyjne-miasto-lokomotywa-zestaw-skrzynka-dla-dzieci.webp\",\"contentUrl\":\"https:\/\/monti.lt\/wp-content\/uploads\/2024\/11\/drewniane-klocki-edukacyjne-miasto-lokomotywa-zestaw-skrzynka-dla-dzieci.webp\",\"width\":800,\"height\":800},{\"@type\":\"BreadcrumbList\",\"@id\":\"https:\/\/monti.lt\/product\/mediniu-kaladeliu-miestas-lagaminelyje\/#breadcrumb\",\"itemListElement\":[{\"@type\":\"ListItem\",\"position\":1,\"name\":\"Home\",\"item\":\"https:\/\/monti.lt\/\"},{\"@type\":\"ListItem\",\"position\":2,\"name\":\"Parduotuv\u0117\",\"item\":\"https:\/\/monti.lt\/shop\/\"},{\"@type\":\"ListItem\",\"position\":3,\"name\":\"Medini\u0173 kalad\u0117li\u0173 miestas lagamin\u0117lyje\"}]},{\"@type\":\"WebSite\",\"@id\":\"https:\/\/monti.lt\/#website\",\"url\":\"https:\/\/monti.lt\/\",\"name\":\"Montessori \u017eaislai\",\"description\":\"\",\"publisher\":{\"@id\":\"https:\/\/monti.lt\/#organization\"},\"potentialAction\":[{\"@type\":\"SearchAction\",\"target\":{\"@type\":\"EntryPoint\",\"urlTemplate\":\"https:\/\/monti.lt\/?s={search_term_string}\"},\"query-input\":\"required name=search_term_string\"}],\"inLanguage\":\"en-US\"},{\"@type\":\"Organization\",\"@id\":\"https:\/\/monti.lt\/#organization\",\"name\":\"Montessori \u017eaislai\",\"url\":\"https:\/\/monti.lt\/\",\"logo\":{\"@type\":\"ImageObject\",\"inLanguage\":\"en-US\",\"@id\":\"https:\/\/monti.lt\/#\/schema\/logo\/image\/\",\"url\":\"https:\/\/monti.lt\/wp-content\/uploads\/2022\/03\/montilogo-1.png\",\"contentUrl\":\"https:\/\/monti.lt\/wp-content\/uploads\/2022\/03\/montilogo-1.png\",\"width\":512,\"height\":512,\"caption\":\"Montessori \u017eaislai\"},\"image\":{\"@id\":\"https:\/\/monti.lt\/#\/schema\/logo\/image\/\"}}]}<\/script>\n<!-- \/ Yoast SEO plugin. -->","yoast_head_json":{"title":"Medini\u0173 kalad\u0117li\u0173 miestas lagamin\u0117lyje - Montessori \u017eaislai","robots":{"index":"index","follow":"follow","max-snippet":"max-snippet:-1","max-image-preview":"max-image-preview:large","max-video-preview":"max-video-preview:-1"},"canonical":"https:\/\/monti.lt\/en\/product\/mediniu-kaladeliu-miestas-lagaminelyje\/","og_locale":"en_US","og_type":"article","og_title":"Medini\u0173 kalad\u0117li\u0173 miestas lagamin\u0117lyje - Montessori \u017eaislai","og_description":"\u2705Vystomas k\u016brybi\u0161kumas: vaikai gali patys kurti istorijas ir scenarijus, o tai skatina vaizduot\u0119 ir lavina pasakojimo \u012fg\u016bd\u017eius.\u2705Tobul\u0117ja rank\u0173 darbo \u012fg\u016bd\u017eiai: Rinkinio dali\u0173 surinkimas, i\u0161ardymas ir manipuliavimas jomis padeda lavinti rank\u0173 ir aki\u0173 koordinacij\u0105 ir rank\u0173 darbo \u012fg\u016bd\u017eius.\u2705Mokomoji pramoga: Vaikas mokosi planuoti erdv\u0119, kurti ir spr\u0119sti situacijas interaktyviame miestelyje.\u2705Bendradarbiavimas \u017eaid\u017eiant: Rinkinys idealiai tinka \u017eaisti tiek vienam, [&hellip;]","og_url":"https:\/\/monti.lt\/en\/product\/mediniu-kaladeliu-miestas-lagaminelyje\/","og_site_name":"Montessori \u017eaislai","article_modified_time":"2026-05-07T05:08:40+00:00","og_image":[{"width":800,"height":800,"url":"https:\/\/monti.lt\/wp-content\/uploads\/2024\/11\/drewniane-klocki-edukacyjne-miasto-lokomotywa-zestaw-skrzynka-dla-dzieci.webp","type":"image\/webp"}],"twitter_card":"summary_large_image","twitter_misc":{"Est. reading time":"1 minute"},"schema":{"@context":"https:\/\/schema.org","@graph":[{"@type":"WebPage","@id":"https:\/\/monti.lt\/product\/mediniu-kaladeliu-miestas-lagaminelyje\/","url":"https:\/\/monti.lt\/product\/mediniu-kaladeliu-miestas-lagaminelyje\/","name":"Medini\u0173 kalad\u0117li\u0173 miestas lagamin\u0117lyje - Montessori \u017eaislai","isPartOf":{"@id":"https:\/\/monti.lt\/#website"},"primaryImageOfPage":{"@id":"https:\/\/monti.lt\/product\/mediniu-kaladeliu-miestas-lagaminelyje\/#primaryimage"},"image":{"@id":"https:\/\/monti.lt\/product\/mediniu-kaladeliu-miestas-lagaminelyje\/#primaryimage"},"thumbnailUrl":"https:\/\/monti.lt\/wp-content\/uploads\/2024\/11\/drewniane-klocki-edukacyjne-miasto-lokomotywa-zestaw-skrzynka-dla-dzieci.webp","datePublished":"2024-11-20T13:53:41+00:00","dateModified":"2026-05-07T05:08:40+00:00","breadcrumb":{"@id":"https:\/\/monti.lt\/product\/mediniu-kaladeliu-miestas-lagaminelyje\/#breadcrumb"},"inLanguage":"en-US","potentialAction":[{"@type":"ReadAction","target":["https:\/\/monti.lt\/product\/mediniu-kaladeliu-miestas-lagaminelyje\/"]}]},{"@type":"ImageObject","inLanguage":"en-US","@id":"https:\/\/monti.lt\/product\/mediniu-kaladeliu-miestas-lagaminelyje\/#primaryimage","url":"https:\/\/monti.lt\/wp-content\/uploads\/2024\/11\/drewniane-klocki-edukacyjne-miasto-lokomotywa-zestaw-skrzynka-dla-dzieci.webp","contentUrl":"https:\/\/monti.lt\/wp-content\/uploads\/2024\/11\/drewniane-klocki-edukacyjne-miasto-lokomotywa-zestaw-skrzynka-dla-dzieci.webp","width":800,"height":800},{"@type":"BreadcrumbList","@id":"https:\/\/monti.lt\/product\/mediniu-kaladeliu-miestas-lagaminelyje\/#breadcrumb","itemListElement":[{"@type":"ListItem","position":1,"name":"Home","item":"https:\/\/monti.lt\/"},{"@type":"ListItem","position":2,"name":"Parduotuv\u0117","item":"https:\/\/monti.lt\/shop\/"},{"@type":"ListItem","position":3,"name":"Medini\u0173 kalad\u0117li\u0173 miestas lagamin\u0117lyje"}]},{"@type":"WebSite","@id":"https:\/\/monti.lt\/#website","url":"https:\/\/monti.lt\/","name":"Montessori \u017eaislai","description":"","publisher":{"@id":"https:\/\/monti.lt\/#organization"},"potentialAction":[{"@type":"SearchAction","target":{"@type":"EntryPoint","urlTemplate":"https:\/\/monti.lt\/?s={search_term_string}"},"query-input":"required name=search_term_string"}],"inLanguage":"en-US"},{"@type":"Organization","@id":"https:\/\/monti.lt\/#organization","name":"Montessori \u017eaislai","url":"https:\/\/monti.lt\/","logo":{"@type":"ImageObject","inLanguage":"en-US","@id":"https:\/\/monti.lt\/#\/schema\/logo\/image\/","url":"https:\/\/monti.lt\/wp-content\/uploads\/2022\/03\/montilogo-1.png","contentUrl":"https:\/\/monti.lt\/wp-content\/uploads\/2022\/03\/montilogo-1.png","width":512,"height":512,"caption":"Montessori \u017eaislai"},"image":{"@id":"https:\/\/monti.lt\/#\/schema\/logo\/image\/"}}]}},"_links":{"self":[{"href":"https:\/\/monti.lt\/en\/wp-json\/wp\/v2\/product\/27779"}],"collection":[{"href":"https:\/\/monti.lt\/en\/wp-json\/wp\/v2\/product"}],"about":[{"href":"https:\/\/monti.lt\/en\/wp-json\/wp\/v2\/types\/product"}],"version-history":[{"count":1,"href":"https:\/\/monti.lt\/en\/wp-json\/wp\/v2\/product\/27779\/revisions"}],"predecessor-version":[{"id":27781,"href":"https:\/\/monti.lt\/en\/wp-json\/wp\/v2\/product\/27779\/revisions\/27781"}],"wp:featuredmedia":[{"embeddable":true,"href":"https:\/\/monti.lt\/en\/wp-json\/wp\/v2\/media\/27780"}],"wp:attachment":[{"href":"https:\/\/monti.lt\/en\/wp-json\/wp\/v2\/media?parent=27779"}],"wp:term":[{"taxonomy":"product_cat","embeddable":true,"href":"https:\/\/monti.lt\/en\/wp-json\/wp\/v2\/product_cat?post=27779"},{"taxonomy":"product_tag","embeddable":true,"href":"https:\/\/monti.lt\/en\/wp-json\/wp\/v2\/product_tag?post=27779"}],"curies":[{"name":"wp","href":"https:\/\/api.w.org\/{rel}","templated":true}]}}