{"id":27782,"date":"2024-11-20T13:55:45","date_gmt":"2024-11-20T13:55:45","guid":{"rendered":"https:\/\/monti.lt\/?post_type=product&#038;p=27782"},"modified":"2025-11-22T18:07:03","modified_gmt":"2025-11-22T18:07:03","slug":"minksti-kubeliai-gyvunai","status":"publish","type":"product","link":"https:\/\/monti.lt\/en\/product\/minksti-kubeliai-gyvunai\/","title":{"rendered":"Mink\u0161ti kubeliai gyv\u016bnai"},"content":{"rendered":"<p>\u2b50Mink\u0161ti k\u016brybiniai sensoriniai blokai k\u016bdikiams K\u016bdiki\u0173 kramtuk\u0173 funkcija 12 el.<br>Mink\u0161tos sensorin\u0117s kalad\u0117l\u0117s &#8211; idealiai tinka ma\u017eyliams \u017eaisti ir vystytis!\u2728<br>\u2b50\ufe0f Atraskite linksmybi\u0173 ir mokymosi pasaul\u012f su m\u016bs\u0173 mink\u0161tais sensoriniais blokeliais! \u0160ios unikalios kalad\u0117l\u0117s sukurtos atsi\u017evelgiant \u012f ma\u017eylius, tod\u0117l jomis galima ne tik d\u017eiaugtis statymu, bet ir stimuliuoti poj\u016b\u010dius bei lavinti motorinius \u012fg\u016bd\u017eius.<\/p>","protected":false},"excerpt":{"rendered":"<p>\u2b50Mink\u0161ti k\u016brybiniai sensoriniai blokai k\u016bdikiams K\u016bdiki\u0173 kramtuk\u0173 funkcija 12 el.Mink\u0161tos sensorin\u0117s kalad\u0117l\u0117s &#8211; idealiai tinka ma\u017eyliams \u017eaisti ir vystytis!\u2728\u2b50\ufe0f Atraskite linksmybi\u0173 ir mokymosi pasaul\u012f su m\u016bs\u0173 mink\u0161tais sensoriniais blokeliais! \u0160ios unikalios kalad\u0117l\u0117s sukurtos atsi\u017evelgiant \u012f ma\u017eylius, tod\u0117l jomis galima ne tik d\u017eiaugtis statymu, bet ir stimuliuoti poj\u016b\u010dius bei lavinti motorinius \u012fg\u016bd\u017eius.<\/p>","protected":false},"featured_media":27783,"template":"","meta":{"_acf_changed":false,"iawp_total_views":207},"product_cat":[200,191,84,190,90,49,39],"product_tag":[94],"class_list":{"0":"post-27782","1":"product","2":"type-product","3":"status-publish","4":"has-post-thumbnail","6":"product_cat-dovanos-kudikiams","7":"product_cat-dovanos-vaikams","8":"product_cat-lavinamieji-zaislai","9":"product_cat-maudynems","10":"product_cat-pasaulio-pazinimas","11":"product_cat-visi-zaislai","12":"product_cat-zaislai","13":"product_tag-iki-1-m","15":"first","16":"outofstock","17":"taxable","18":"shipping-taxable","19":"purchasable","20":"product-type-simple"},"acf":[],"yoast_head":"<!-- This site is optimized with the Yoast SEO plugin v23.3 - https:\/\/yoast.com\/wordpress\/plugins\/seo\/ -->\n<title>Mink\u0161ti kubeliai gyv\u016bnai - Montessori \u017eaislai<\/title>\n<meta name=\"robots\" content=\"index, follow, max-snippet:-1, max-image-preview:large, max-video-preview:-1\" \/>\n<link rel=\"canonical\" href=\"https:\/\/monti.lt\/en\/product\/minksti-kubeliai-gyvunai\/\" \/>\n<meta property=\"og:locale\" content=\"en_US\" \/>\n<meta property=\"og:type\" content=\"article\" \/>\n<meta property=\"og:title\" content=\"Mink\u0161ti kubeliai gyv\u016bnai - Montessori \u017eaislai\" \/>\n<meta property=\"og:description\" content=\"\u2b50Mink\u0161ti k\u016brybiniai sensoriniai blokai k\u016bdikiams K\u016bdiki\u0173 kramtuk\u0173 funkcija 12 el.Mink\u0161tos sensorin\u0117s kalad\u0117l\u0117s &#8211; idealiai tinka ma\u017eyliams \u017eaisti ir vystytis!\u2728\u2b50\ufe0f Atraskite linksmybi\u0173 ir mokymosi pasaul\u012f su m\u016bs\u0173 mink\u0161tais sensoriniais blokeliais! \u0160ios unikalios kalad\u0117l\u0117s sukurtos atsi\u017evelgiant \u012f ma\u017eylius, tod\u0117l jomis galima ne tik d\u017eiaugtis statymu, bet ir stimuliuoti poj\u016b\u010dius bei lavinti motorinius \u012fg\u016bd\u017eius.\" \/>\n<meta property=\"og:url\" content=\"https:\/\/monti.lt\/en\/product\/minksti-kubeliai-gyvunai\/\" \/>\n<meta property=\"og:site_name\" content=\"Montessori \u017eaislai\" \/>\n<meta property=\"article:modified_time\" content=\"2025-11-22T18:07:03+00:00\" \/>\n<meta property=\"og:image\" content=\"https:\/\/monti.lt\/wp-content\/uploads\/2024\/11\/miekkie-kreatywne-klocki-sensoryczne-dla-niemowlat-dzieci-funkcja-gryzaka-12-el.webp\" \/>\n\t<meta property=\"og:image:width\" content=\"800\" \/>\n\t<meta property=\"og:image:height\" content=\"800\" \/>\n\t<meta property=\"og:image:type\" content=\"image\/webp\" \/>\n<meta name=\"twitter:card\" content=\"summary_large_image\" \/>\n<meta name=\"twitter:label1\" content=\"Est. reading time\" \/>\n\t<meta name=\"twitter:data1\" content=\"1 minute\" \/>\n<script type=\"application\/ld+json\" class=\"yoast-schema-graph\">{\"@context\":\"https:\/\/schema.org\",\"@graph\":[{\"@type\":\"WebPage\",\"@id\":\"https:\/\/monti.lt\/product\/minksti-kubeliai-gyvunai\/\",\"url\":\"https:\/\/monti.lt\/product\/minksti-kubeliai-gyvunai\/\",\"name\":\"Mink\u0161ti kubeliai gyv\u016bnai - Montessori \u017eaislai\",\"isPartOf\":{\"@id\":\"https:\/\/monti.lt\/#website\"},\"primaryImageOfPage\":{\"@id\":\"https:\/\/monti.lt\/product\/minksti-kubeliai-gyvunai\/#primaryimage\"},\"image\":{\"@id\":\"https:\/\/monti.lt\/product\/minksti-kubeliai-gyvunai\/#primaryimage\"},\"thumbnailUrl\":\"https:\/\/monti.lt\/wp-content\/uploads\/2024\/11\/miekkie-kreatywne-klocki-sensoryczne-dla-niemowlat-dzieci-funkcja-gryzaka-12-el.webp\",\"datePublished\":\"2024-11-20T13:55:45+00:00\",\"dateModified\":\"2025-11-22T18:07:03+00:00\",\"breadcrumb\":{\"@id\":\"https:\/\/monti.lt\/product\/minksti-kubeliai-gyvunai\/#breadcrumb\"},\"inLanguage\":\"en-US\",\"potentialAction\":[{\"@type\":\"ReadAction\",\"target\":[\"https:\/\/monti.lt\/product\/minksti-kubeliai-gyvunai\/\"]}]},{\"@type\":\"ImageObject\",\"inLanguage\":\"en-US\",\"@id\":\"https:\/\/monti.lt\/product\/minksti-kubeliai-gyvunai\/#primaryimage\",\"url\":\"https:\/\/monti.lt\/wp-content\/uploads\/2024\/11\/miekkie-kreatywne-klocki-sensoryczne-dla-niemowlat-dzieci-funkcja-gryzaka-12-el.webp\",\"contentUrl\":\"https:\/\/monti.lt\/wp-content\/uploads\/2024\/11\/miekkie-kreatywne-klocki-sensoryczne-dla-niemowlat-dzieci-funkcja-gryzaka-12-el.webp\",\"width\":800,\"height\":800},{\"@type\":\"BreadcrumbList\",\"@id\":\"https:\/\/monti.lt\/product\/minksti-kubeliai-gyvunai\/#breadcrumb\",\"itemListElement\":[{\"@type\":\"ListItem\",\"position\":1,\"name\":\"Home\",\"item\":\"https:\/\/monti.lt\/\"},{\"@type\":\"ListItem\",\"position\":2,\"name\":\"Parduotuv\u0117\",\"item\":\"https:\/\/monti.lt\/shop\/\"},{\"@type\":\"ListItem\",\"position\":3,\"name\":\"Mink\u0161ti kubeliai gyv\u016bnai\"}]},{\"@type\":\"WebSite\",\"@id\":\"https:\/\/monti.lt\/#website\",\"url\":\"https:\/\/monti.lt\/\",\"name\":\"Montessori \u017eaislai\",\"description\":\"\",\"publisher\":{\"@id\":\"https:\/\/monti.lt\/#organization\"},\"potentialAction\":[{\"@type\":\"SearchAction\",\"target\":{\"@type\":\"EntryPoint\",\"urlTemplate\":\"https:\/\/monti.lt\/?s={search_term_string}\"},\"query-input\":\"required name=search_term_string\"}],\"inLanguage\":\"en-US\"},{\"@type\":\"Organization\",\"@id\":\"https:\/\/monti.lt\/#organization\",\"name\":\"Montessori \u017eaislai\",\"url\":\"https:\/\/monti.lt\/\",\"logo\":{\"@type\":\"ImageObject\",\"inLanguage\":\"en-US\",\"@id\":\"https:\/\/monti.lt\/#\/schema\/logo\/image\/\",\"url\":\"https:\/\/monti.lt\/wp-content\/uploads\/2022\/03\/montilogo-1.png\",\"contentUrl\":\"https:\/\/monti.lt\/wp-content\/uploads\/2022\/03\/montilogo-1.png\",\"width\":512,\"height\":512,\"caption\":\"Montessori \u017eaislai\"},\"image\":{\"@id\":\"https:\/\/monti.lt\/#\/schema\/logo\/image\/\"}}]}<\/script>\n<!-- \/ Yoast SEO plugin. -->","yoast_head_json":{"title":"Mink\u0161ti kubeliai gyv\u016bnai - Montessori \u017eaislai","robots":{"index":"index","follow":"follow","max-snippet":"max-snippet:-1","max-image-preview":"max-image-preview:large","max-video-preview":"max-video-preview:-1"},"canonical":"https:\/\/monti.lt\/en\/product\/minksti-kubeliai-gyvunai\/","og_locale":"en_US","og_type":"article","og_title":"Mink\u0161ti kubeliai gyv\u016bnai - Montessori \u017eaislai","og_description":"\u2b50Mink\u0161ti k\u016brybiniai sensoriniai blokai k\u016bdikiams K\u016bdiki\u0173 kramtuk\u0173 funkcija 12 el.Mink\u0161tos sensorin\u0117s kalad\u0117l\u0117s &#8211; idealiai tinka ma\u017eyliams \u017eaisti ir vystytis!\u2728\u2b50\ufe0f Atraskite linksmybi\u0173 ir mokymosi pasaul\u012f su m\u016bs\u0173 mink\u0161tais sensoriniais blokeliais! \u0160ios unikalios kalad\u0117l\u0117s sukurtos atsi\u017evelgiant \u012f ma\u017eylius, tod\u0117l jomis galima ne tik d\u017eiaugtis statymu, bet ir stimuliuoti poj\u016b\u010dius bei lavinti motorinius \u012fg\u016bd\u017eius.","og_url":"https:\/\/monti.lt\/en\/product\/minksti-kubeliai-gyvunai\/","og_site_name":"Montessori \u017eaislai","article_modified_time":"2025-11-22T18:07:03+00:00","og_image":[{"width":800,"height":800,"url":"https:\/\/monti.lt\/wp-content\/uploads\/2024\/11\/miekkie-kreatywne-klocki-sensoryczne-dla-niemowlat-dzieci-funkcja-gryzaka-12-el.webp","type":"image\/webp"}],"twitter_card":"summary_large_image","twitter_misc":{"Est. reading time":"1 minute"},"schema":{"@context":"https:\/\/schema.org","@graph":[{"@type":"WebPage","@id":"https:\/\/monti.lt\/product\/minksti-kubeliai-gyvunai\/","url":"https:\/\/monti.lt\/product\/minksti-kubeliai-gyvunai\/","name":"Mink\u0161ti kubeliai gyv\u016bnai - Montessori \u017eaislai","isPartOf":{"@id":"https:\/\/monti.lt\/#website"},"primaryImageOfPage":{"@id":"https:\/\/monti.lt\/product\/minksti-kubeliai-gyvunai\/#primaryimage"},"image":{"@id":"https:\/\/monti.lt\/product\/minksti-kubeliai-gyvunai\/#primaryimage"},"thumbnailUrl":"https:\/\/monti.lt\/wp-content\/uploads\/2024\/11\/miekkie-kreatywne-klocki-sensoryczne-dla-niemowlat-dzieci-funkcja-gryzaka-12-el.webp","datePublished":"2024-11-20T13:55:45+00:00","dateModified":"2025-11-22T18:07:03+00:00","breadcrumb":{"@id":"https:\/\/monti.lt\/product\/minksti-kubeliai-gyvunai\/#breadcrumb"},"inLanguage":"en-US","potentialAction":[{"@type":"ReadAction","target":["https:\/\/monti.lt\/product\/minksti-kubeliai-gyvunai\/"]}]},{"@type":"ImageObject","inLanguage":"en-US","@id":"https:\/\/monti.lt\/product\/minksti-kubeliai-gyvunai\/#primaryimage","url":"https:\/\/monti.lt\/wp-content\/uploads\/2024\/11\/miekkie-kreatywne-klocki-sensoryczne-dla-niemowlat-dzieci-funkcja-gryzaka-12-el.webp","contentUrl":"https:\/\/monti.lt\/wp-content\/uploads\/2024\/11\/miekkie-kreatywne-klocki-sensoryczne-dla-niemowlat-dzieci-funkcja-gryzaka-12-el.webp","width":800,"height":800},{"@type":"BreadcrumbList","@id":"https:\/\/monti.lt\/product\/minksti-kubeliai-gyvunai\/#breadcrumb","itemListElement":[{"@type":"ListItem","position":1,"name":"Home","item":"https:\/\/monti.lt\/"},{"@type":"ListItem","position":2,"name":"Parduotuv\u0117","item":"https:\/\/monti.lt\/shop\/"},{"@type":"ListItem","position":3,"name":"Mink\u0161ti kubeliai gyv\u016bnai"}]},{"@type":"WebSite","@id":"https:\/\/monti.lt\/#website","url":"https:\/\/monti.lt\/","name":"Montessori \u017eaislai","description":"","publisher":{"@id":"https:\/\/monti.lt\/#organization"},"potentialAction":[{"@type":"SearchAction","target":{"@type":"EntryPoint","urlTemplate":"https:\/\/monti.lt\/?s={search_term_string}"},"query-input":"required name=search_term_string"}],"inLanguage":"en-US"},{"@type":"Organization","@id":"https:\/\/monti.lt\/#organization","name":"Montessori \u017eaislai","url":"https:\/\/monti.lt\/","logo":{"@type":"ImageObject","inLanguage":"en-US","@id":"https:\/\/monti.lt\/#\/schema\/logo\/image\/","url":"https:\/\/monti.lt\/wp-content\/uploads\/2022\/03\/montilogo-1.png","contentUrl":"https:\/\/monti.lt\/wp-content\/uploads\/2022\/03\/montilogo-1.png","width":512,"height":512,"caption":"Montessori \u017eaislai"},"image":{"@id":"https:\/\/monti.lt\/#\/schema\/logo\/image\/"}}]}},"_links":{"self":[{"href":"https:\/\/monti.lt\/en\/wp-json\/wp\/v2\/product\/27782"}],"collection":[{"href":"https:\/\/monti.lt\/en\/wp-json\/wp\/v2\/product"}],"about":[{"href":"https:\/\/monti.lt\/en\/wp-json\/wp\/v2\/types\/product"}],"version-history":[{"count":1,"href":"https:\/\/monti.lt\/en\/wp-json\/wp\/v2\/product\/27782\/revisions"}],"predecessor-version":[{"id":27784,"href":"https:\/\/monti.lt\/en\/wp-json\/wp\/v2\/product\/27782\/revisions\/27784"}],"wp:featuredmedia":[{"embeddable":true,"href":"https:\/\/monti.lt\/en\/wp-json\/wp\/v2\/media\/27783"}],"wp:attachment":[{"href":"https:\/\/monti.lt\/en\/wp-json\/wp\/v2\/media?parent=27782"}],"wp:term":[{"taxonomy":"product_cat","embeddable":true,"href":"https:\/\/monti.lt\/en\/wp-json\/wp\/v2\/product_cat?post=27782"},{"taxonomy":"product_tag","embeddable":true,"href":"https:\/\/monti.lt\/en\/wp-json\/wp\/v2\/product_tag?post=27782"}],"curies":[{"name":"wp","href":"https:\/\/api.w.org\/{rel}","templated":true}]}}