{"id":28316,"date":"2024-11-28T06:51:39","date_gmt":"2024-11-28T06:51:39","guid":{"rendered":"https:\/\/monti.lt\/?post_type=product&#038;p=28316"},"modified":"2024-12-05T14:46:21","modified_gmt":"2024-12-05T14:46:21","slug":"dazymo-rinkinys-su-voleliais-stampais-ir-tempera","status":"publish","type":"product","link":"https:\/\/monti.lt\/en\/product\/dazymo-rinkinys-su-voleliais-stampais-ir-tempera\/","title":{"rendered":"Da\u017eymo rinkinys su voleliais, \u0161tampais ir tempera"},"content":{"rendered":"<p>Tai &#8211; i\u0161ties smagus ir \u012fdomus da\u017eymo rinkinys vaikams, sudarytas i\u0161 3 indeli\u0173 temperos da\u017e\u0173 (raudon\u0173, gelton\u0173 ir m\u0117lyn\u0173), 2 voleli\u0173 su kempin\u0117l\u0117mis ir dviej\u0173 kempini\u0173 antspaud\u0173. Toks k\u016brybinis u\u017esi\u0117mimas yra idealus pasirinkimas norint supa\u017eindinti vaikus su da\u017eymo ir spalv\u0173 pasauliu. Apli da\u017eymo rinkinys turi auk\u0161t\u0105 didaktin\u0119 vert\u0119 &#8211; jis palaiko k\u016brybini\u0173 geb\u0117jim\u0173, toki\u0173 kaip tapymas ar dekoravimas, vystym\u0105si, skatina koncentracij\u0105, vaizduot\u0119, pastabum\u0105 bei jautrum\u0105, o veikl\u0105 atliekant grup\u0117je padeda vaikams geriau bendradarbiauti tarpusavyje ir b\u016bti vieni kitiems toleranti\u0161kiems.<\/p>","protected":false},"excerpt":{"rendered":"<p>Tai &#8211; i\u0161ties smagus ir \u012fdomus da\u017eymo rinkinys vaikams, sudarytas i\u0161 3 indeli\u0173 temperos da\u017e\u0173 (raudon\u0173, gelton\u0173 ir m\u0117lyn\u0173), 2 voleli\u0173 su kempin\u0117l\u0117mis ir dviej\u0173 kempini\u0173 antspaud\u0173. Toks k\u016brybinis u\u017esi\u0117mimas yra idealus pasirinkimas norint supa\u017eindinti vaikus su da\u017eymo ir spalv\u0173 pasauliu. Apli da\u017eymo rinkinys turi auk\u0161t\u0105 didaktin\u0119 vert\u0119 &#8211; jis palaiko k\u016brybini\u0173 geb\u0117jim\u0173, toki\u0173 kaip [&hellip;]<\/p>","protected":false},"featured_media":28317,"template":"","meta":{"_acf_changed":false,"iawp_total_views":34},"product_cat":[89],"product_tag":[],"class_list":{"0":"post-28316","1":"product","2":"type-product","3":"status-publish","4":"has-post-thumbnail","6":"product_cat-mokausi-piesti","8":"first","9":"outofstock","10":"taxable","11":"shipping-taxable","12":"purchasable","13":"product-type-simple"},"acf":[],"yoast_head":"<!-- This site is optimized with the Yoast SEO plugin v23.3 - https:\/\/yoast.com\/wordpress\/plugins\/seo\/ -->\n<title>Da\u017eymo rinkinys su voleliais, \u0161tampais ir tempera - Montessori \u017eaislai<\/title>\n<meta name=\"robots\" content=\"index, follow, max-snippet:-1, max-image-preview:large, max-video-preview:-1\" \/>\n<link rel=\"canonical\" href=\"https:\/\/monti.lt\/en\/product\/dazymo-rinkinys-su-voleliais-stampais-ir-tempera\/\" \/>\n<meta property=\"og:locale\" content=\"en_US\" \/>\n<meta property=\"og:type\" content=\"article\" \/>\n<meta property=\"og:title\" content=\"Da\u017eymo rinkinys su voleliais, \u0161tampais ir tempera - Montessori \u017eaislai\" \/>\n<meta property=\"og:description\" content=\"Tai &#8211; i\u0161ties smagus ir \u012fdomus da\u017eymo rinkinys vaikams, sudarytas i\u0161 3 indeli\u0173 temperos da\u017e\u0173 (raudon\u0173, gelton\u0173 ir m\u0117lyn\u0173), 2 voleli\u0173 su kempin\u0117l\u0117mis ir dviej\u0173 kempini\u0173 antspaud\u0173. Toks k\u016brybinis u\u017esi\u0117mimas yra idealus pasirinkimas norint supa\u017eindinti vaikus su da\u017eymo ir spalv\u0173 pasauliu. Apli da\u017eymo rinkinys turi auk\u0161t\u0105 didaktin\u0119 vert\u0119 &#8211; jis palaiko k\u016brybini\u0173 geb\u0117jim\u0173, toki\u0173 kaip [&hellip;]\" \/>\n<meta property=\"og:url\" content=\"https:\/\/monti.lt\/en\/product\/dazymo-rinkinys-su-voleliais-stampais-ir-tempera\/\" \/>\n<meta property=\"og:site_name\" content=\"Montessori \u017eaislai\" \/>\n<meta property=\"article:modified_time\" content=\"2024-12-05T14:46:21+00:00\" \/>\n<meta property=\"og:image\" content=\"https:\/\/monti.lt\/wp-content\/uploads\/2024\/11\/apli-art-and-fun.jpg\" \/>\n\t<meta property=\"og:image:width\" content=\"1066\" \/>\n\t<meta property=\"og:image:height\" content=\"1500\" \/>\n\t<meta property=\"og:image:type\" content=\"image\/jpeg\" \/>\n<meta name=\"twitter:card\" content=\"summary_large_image\" \/>\n<meta name=\"twitter:label1\" content=\"Est. reading time\" \/>\n\t<meta name=\"twitter:data1\" content=\"1 minute\" \/>\n<script type=\"application\/ld+json\" class=\"yoast-schema-graph\">{\"@context\":\"https:\/\/schema.org\",\"@graph\":[{\"@type\":\"WebPage\",\"@id\":\"https:\/\/monti.lt\/product\/dazymo-rinkinys-su-voleliais-stampais-ir-tempera\/\",\"url\":\"https:\/\/monti.lt\/product\/dazymo-rinkinys-su-voleliais-stampais-ir-tempera\/\",\"name\":\"Da\u017eymo rinkinys su voleliais, \u0161tampais ir tempera - Montessori \u017eaislai\",\"isPartOf\":{\"@id\":\"https:\/\/monti.lt\/#website\"},\"primaryImageOfPage\":{\"@id\":\"https:\/\/monti.lt\/product\/dazymo-rinkinys-su-voleliais-stampais-ir-tempera\/#primaryimage\"},\"image\":{\"@id\":\"https:\/\/monti.lt\/product\/dazymo-rinkinys-su-voleliais-stampais-ir-tempera\/#primaryimage\"},\"thumbnailUrl\":\"https:\/\/monti.lt\/wp-content\/uploads\/2024\/11\/apli-art-and-fun.jpg\",\"datePublished\":\"2024-11-28T06:51:39+00:00\",\"dateModified\":\"2024-12-05T14:46:21+00:00\",\"breadcrumb\":{\"@id\":\"https:\/\/monti.lt\/product\/dazymo-rinkinys-su-voleliais-stampais-ir-tempera\/#breadcrumb\"},\"inLanguage\":\"en-US\",\"potentialAction\":[{\"@type\":\"ReadAction\",\"target\":[\"https:\/\/monti.lt\/product\/dazymo-rinkinys-su-voleliais-stampais-ir-tempera\/\"]}]},{\"@type\":\"ImageObject\",\"inLanguage\":\"en-US\",\"@id\":\"https:\/\/monti.lt\/product\/dazymo-rinkinys-su-voleliais-stampais-ir-tempera\/#primaryimage\",\"url\":\"https:\/\/monti.lt\/wp-content\/uploads\/2024\/11\/apli-art-and-fun.jpg\",\"contentUrl\":\"https:\/\/monti.lt\/wp-content\/uploads\/2024\/11\/apli-art-and-fun.jpg\",\"width\":1066,\"height\":1500,\"caption\":\"apli rinkinys\"},{\"@type\":\"BreadcrumbList\",\"@id\":\"https:\/\/monti.lt\/product\/dazymo-rinkinys-su-voleliais-stampais-ir-tempera\/#breadcrumb\",\"itemListElement\":[{\"@type\":\"ListItem\",\"position\":1,\"name\":\"Home\",\"item\":\"https:\/\/monti.lt\/\"},{\"@type\":\"ListItem\",\"position\":2,\"name\":\"Parduotuv\u0117\",\"item\":\"https:\/\/monti.lt\/shop\/\"},{\"@type\":\"ListItem\",\"position\":3,\"name\":\"Da\u017eymo rinkinys su voleliais, \u0161tampais ir tempera\"}]},{\"@type\":\"WebSite\",\"@id\":\"https:\/\/monti.lt\/#website\",\"url\":\"https:\/\/monti.lt\/\",\"name\":\"Montessori \u017eaislai\",\"description\":\"\",\"publisher\":{\"@id\":\"https:\/\/monti.lt\/#organization\"},\"potentialAction\":[{\"@type\":\"SearchAction\",\"target\":{\"@type\":\"EntryPoint\",\"urlTemplate\":\"https:\/\/monti.lt\/?s={search_term_string}\"},\"query-input\":\"required name=search_term_string\"}],\"inLanguage\":\"en-US\"},{\"@type\":\"Organization\",\"@id\":\"https:\/\/monti.lt\/#organization\",\"name\":\"Montessori \u017eaislai\",\"url\":\"https:\/\/monti.lt\/\",\"logo\":{\"@type\":\"ImageObject\",\"inLanguage\":\"en-US\",\"@id\":\"https:\/\/monti.lt\/#\/schema\/logo\/image\/\",\"url\":\"https:\/\/monti.lt\/wp-content\/uploads\/2022\/03\/montilogo-1.png\",\"contentUrl\":\"https:\/\/monti.lt\/wp-content\/uploads\/2022\/03\/montilogo-1.png\",\"width\":512,\"height\":512,\"caption\":\"Montessori \u017eaislai\"},\"image\":{\"@id\":\"https:\/\/monti.lt\/#\/schema\/logo\/image\/\"}}]}<\/script>\n<!-- \/ Yoast SEO plugin. -->","yoast_head_json":{"title":"Da\u017eymo rinkinys su voleliais, \u0161tampais ir tempera - Montessori \u017eaislai","robots":{"index":"index","follow":"follow","max-snippet":"max-snippet:-1","max-image-preview":"max-image-preview:large","max-video-preview":"max-video-preview:-1"},"canonical":"https:\/\/monti.lt\/en\/product\/dazymo-rinkinys-su-voleliais-stampais-ir-tempera\/","og_locale":"en_US","og_type":"article","og_title":"Da\u017eymo rinkinys su voleliais, \u0161tampais ir tempera - Montessori \u017eaislai","og_description":"Tai &#8211; i\u0161ties smagus ir \u012fdomus da\u017eymo rinkinys vaikams, sudarytas i\u0161 3 indeli\u0173 temperos da\u017e\u0173 (raudon\u0173, gelton\u0173 ir m\u0117lyn\u0173), 2 voleli\u0173 su kempin\u0117l\u0117mis ir dviej\u0173 kempini\u0173 antspaud\u0173. Toks k\u016brybinis u\u017esi\u0117mimas yra idealus pasirinkimas norint supa\u017eindinti vaikus su da\u017eymo ir spalv\u0173 pasauliu. Apli da\u017eymo rinkinys turi auk\u0161t\u0105 didaktin\u0119 vert\u0119 &#8211; jis palaiko k\u016brybini\u0173 geb\u0117jim\u0173, toki\u0173 kaip [&hellip;]","og_url":"https:\/\/monti.lt\/en\/product\/dazymo-rinkinys-su-voleliais-stampais-ir-tempera\/","og_site_name":"Montessori \u017eaislai","article_modified_time":"2024-12-05T14:46:21+00:00","og_image":[{"width":1066,"height":1500,"url":"https:\/\/monti.lt\/wp-content\/uploads\/2024\/11\/apli-art-and-fun.jpg","type":"image\/jpeg"}],"twitter_card":"summary_large_image","twitter_misc":{"Est. reading time":"1 minute"},"schema":{"@context":"https:\/\/schema.org","@graph":[{"@type":"WebPage","@id":"https:\/\/monti.lt\/product\/dazymo-rinkinys-su-voleliais-stampais-ir-tempera\/","url":"https:\/\/monti.lt\/product\/dazymo-rinkinys-su-voleliais-stampais-ir-tempera\/","name":"Da\u017eymo rinkinys su voleliais, \u0161tampais ir tempera - Montessori \u017eaislai","isPartOf":{"@id":"https:\/\/monti.lt\/#website"},"primaryImageOfPage":{"@id":"https:\/\/monti.lt\/product\/dazymo-rinkinys-su-voleliais-stampais-ir-tempera\/#primaryimage"},"image":{"@id":"https:\/\/monti.lt\/product\/dazymo-rinkinys-su-voleliais-stampais-ir-tempera\/#primaryimage"},"thumbnailUrl":"https:\/\/monti.lt\/wp-content\/uploads\/2024\/11\/apli-art-and-fun.jpg","datePublished":"2024-11-28T06:51:39+00:00","dateModified":"2024-12-05T14:46:21+00:00","breadcrumb":{"@id":"https:\/\/monti.lt\/product\/dazymo-rinkinys-su-voleliais-stampais-ir-tempera\/#breadcrumb"},"inLanguage":"en-US","potentialAction":[{"@type":"ReadAction","target":["https:\/\/monti.lt\/product\/dazymo-rinkinys-su-voleliais-stampais-ir-tempera\/"]}]},{"@type":"ImageObject","inLanguage":"en-US","@id":"https:\/\/monti.lt\/product\/dazymo-rinkinys-su-voleliais-stampais-ir-tempera\/#primaryimage","url":"https:\/\/monti.lt\/wp-content\/uploads\/2024\/11\/apli-art-and-fun.jpg","contentUrl":"https:\/\/monti.lt\/wp-content\/uploads\/2024\/11\/apli-art-and-fun.jpg","width":1066,"height":1500,"caption":"apli rinkinys"},{"@type":"BreadcrumbList","@id":"https:\/\/monti.lt\/product\/dazymo-rinkinys-su-voleliais-stampais-ir-tempera\/#breadcrumb","itemListElement":[{"@type":"ListItem","position":1,"name":"Home","item":"https:\/\/monti.lt\/"},{"@type":"ListItem","position":2,"name":"Parduotuv\u0117","item":"https:\/\/monti.lt\/shop\/"},{"@type":"ListItem","position":3,"name":"Da\u017eymo rinkinys su voleliais, \u0161tampais ir tempera"}]},{"@type":"WebSite","@id":"https:\/\/monti.lt\/#website","url":"https:\/\/monti.lt\/","name":"Montessori \u017eaislai","description":"","publisher":{"@id":"https:\/\/monti.lt\/#organization"},"potentialAction":[{"@type":"SearchAction","target":{"@type":"EntryPoint","urlTemplate":"https:\/\/monti.lt\/?s={search_term_string}"},"query-input":"required name=search_term_string"}],"inLanguage":"en-US"},{"@type":"Organization","@id":"https:\/\/monti.lt\/#organization","name":"Montessori \u017eaislai","url":"https:\/\/monti.lt\/","logo":{"@type":"ImageObject","inLanguage":"en-US","@id":"https:\/\/monti.lt\/#\/schema\/logo\/image\/","url":"https:\/\/monti.lt\/wp-content\/uploads\/2022\/03\/montilogo-1.png","contentUrl":"https:\/\/monti.lt\/wp-content\/uploads\/2022\/03\/montilogo-1.png","width":512,"height":512,"caption":"Montessori \u017eaislai"},"image":{"@id":"https:\/\/monti.lt\/#\/schema\/logo\/image\/"}}]}},"_links":{"self":[{"href":"https:\/\/monti.lt\/en\/wp-json\/wp\/v2\/product\/28316"}],"collection":[{"href":"https:\/\/monti.lt\/en\/wp-json\/wp\/v2\/product"}],"about":[{"href":"https:\/\/monti.lt\/en\/wp-json\/wp\/v2\/types\/product"}],"version-history":[{"count":1,"href":"https:\/\/monti.lt\/en\/wp-json\/wp\/v2\/product\/28316\/revisions"}],"predecessor-version":[{"id":28318,"href":"https:\/\/monti.lt\/en\/wp-json\/wp\/v2\/product\/28316\/revisions\/28318"}],"wp:featuredmedia":[{"embeddable":true,"href":"https:\/\/monti.lt\/en\/wp-json\/wp\/v2\/media\/28317"}],"wp:attachment":[{"href":"https:\/\/monti.lt\/en\/wp-json\/wp\/v2\/media?parent=28316"}],"wp:term":[{"taxonomy":"product_cat","embeddable":true,"href":"https:\/\/monti.lt\/en\/wp-json\/wp\/v2\/product_cat?post=28316"},{"taxonomy":"product_tag","embeddable":true,"href":"https:\/\/monti.lt\/en\/wp-json\/wp\/v2\/product_tag?post=28316"}],"curies":[{"name":"wp","href":"https:\/\/api.w.org\/{rel}","templated":true}]}}