{"id":28615,"date":"2024-12-01T22:24:08","date_gmt":"2024-12-01T22:24:08","guid":{"rendered":"https:\/\/monti.lt\/?post_type=product&#038;p=28615"},"modified":"2026-03-02T06:26:10","modified_gmt":"2026-03-02T06:26:10","slug":"medinis-kioskas-su-priedais","status":"publish","type":"product","link":"https:\/\/monti.lt\/en\/product\/medinis-kioskas-su-priedais\/","title":{"rendered":"Medinis kioskas su priedais"},"content":{"rendered":"<h1 class=\"wp-block-heading\">Prekybos centras vaikams &#8211; medinis kioskas su kasos aparatu ir vaisi\u0173 rinkiniu!<\/h1>\n\n\n\n<p><strong>?? dovanos id\u0117ja &#8211;<\/strong>&nbsp;rinkinys yra puiki dovanos id\u0117ja vaikams, jame dera mokymasis ir linksmyb\u0117s,&nbsp;<strong>tod\u0117l b\u016bsite tikri, kad j\u016bs\u0173 dovana patiks ir vaikui, ir t\u0117vams<\/strong><\/p>\n\n\n\n<p><strong>?? saugios ir netoksi\u0161kos med\u017eiagos &#8211;&nbsp;<\/strong>prekybos centras ir priedai<strong>&nbsp;<\/strong>buvo skirti vaikams nuo 3 met\u0173 am\u017eiaus,&nbsp;<strong>galite b\u016bti tikri, kad j\u016bs\u0173 ma\u017easis tyrin\u0117tojas m\u0117gausis linksmyb\u0117mis nesijaudindamas d\u0117l sveikatos ir saugumo<\/strong><\/p>\n\n\n\n<p><strong>?? pritaikyta vaiko am\u017eiui &#8211;&nbsp;<\/strong>visi elementai buvo sukurti taip&nbsp;<strong>tur\u0117jo u\u017eapvalintus kra\u0161tus<\/strong>&nbsp;,&nbsp;<strong>juos buvo lengva naudoti ir<\/strong>&nbsp;<strong>tinka ma\u017eoms rankut\u0117ms vyresniems nei 3 met\u0173 vaikams<\/strong><\/p>\n\n\n\n<p>??&nbsp;<strong>patvarus&nbsp;<\/strong>&#8211; visi elementai<strong>&nbsp;<\/strong>Komplektas pagamintas i\u0161 patvarios medienos ir MDF, kas u\u017etikrina ilgaam\u017ei\u0161kum\u0105&nbsp;<strong>net ir da\u017enai naudojant<\/strong><\/p>\n\n\n\n<p><strong>?? 25in1 rinkinys &#8211;&nbsp;<\/strong>rinkinyje yra net 25 elementai, tarp kuri\u0173 kasos aparatas, svarstykl\u0117s, besisukanti lenta ir papildomi priedai&nbsp;<strong>pilnas \u017eaidim\u0173 rinkinys<\/strong><\/p>\n\n\n\n<p><strong>?? jums nebus nuobodu su \u017eaislu &#8211;&nbsp;<\/strong>\u012fvairi\u0173 element\u0173 ir tikrovi\u0161k\u0173 funkcij\u0173, toki\u0173 kaip grind\u0173 siurbimas ar plovimas, u\u017etikrina&nbsp;<strong>daug valand\u0173 \u012fdomi\u0173 pramog\u0173<\/strong><\/p>\n\n\n\n<p><strong>?? patvari konstrukcija&nbsp;<\/strong>&#8211; medin\u0117 konstrukcija yra stabili ir atspari sm\u016bgiams, kuri&nbsp;<strong>u\u017etikrina saugum\u0105 \u017eaidimo ir ilgalaikio naudojimo metu<\/strong><\/p>\n\n\n\n<p><strong>?? paprastas surinkimas<\/strong>&nbsp;\u2013 \u017eaisl\u0105 lengva ir intuityviai surinkti,&nbsp;<strong>Net nepatyrusiam \u017emogui u\u017etenka keli\u0173 minu\u010di\u0173<\/strong><\/p>\n\n\n\n<p><strong>?? atitinka Europos standartus &#8211;&nbsp;<\/strong>komplektas buvo patikrintas, ar atitinka Europos standartus, tod\u0117l&nbsp;<strong>galite b\u016bti tikri, kad tai saugu!<\/strong><\/p>\n\n\n\n<h2 class=\"wp-block-heading\">? Nustatyti specifikacijas:<\/h2>\n\n\n\n<ul class=\"wp-block-list\">\n<li>pilna komplektacija<\/li>\n\n\n\n<li>mokymasis \u017eaid\u017eiant<\/li>\n\n\n\n<li>tikrovi\u0161kas atk\u016brimas<\/li>\n\n\n\n<li>dovanos id\u0117ja<\/li>\n\n\n\n<li>KRUZZEL prek\u0117s \u017eenklas<\/li>\n\n\n\n<li>spalva: daugiaspalvis<\/li>\n\n\n\n<li>i\u0161matavimai: 94 x 29 x 44,5 cm<\/li>\n\n\n\n<li>prekystalio auk\u0161tis nuo grind\u0173: 45 cm<\/li>\n\n\n\n<li>svoris: 4,2 kg<\/li>\n\n\n\n<li>svoris pakuot\u0117je: 5 kg<\/li>\n\n\n\n<li>med\u017eiaga: MDF plok\u0161t\u0117, poliesteris, liepa<\/li>\n<\/ul>\n\n\n\n<h2 class=\"wp-block-heading\">? \u012e kain\u0105 \u012fskai\u010diuota:<\/h2>\n\n\n\n<ul class=\"wp-block-list\">\n<li>kioskas<\/li>\n\n\n\n<li>besisukanti lenta\/laikrodis<\/li>\n\n\n\n<li>Svarstykl\u0117s<\/li>\n\n\n\n<li>kasos aparatas su skaitytuvu<\/li>\n\n\n\n<li>mok\u0117jimo kortel\u0117<\/li>\n\n\n\n<li>4 vaisi\u0173 ir dar\u017eovi\u0173 krep\u0161eliai<\/li>\n\n\n\n<li>pipir\u0173<\/li>\n\n\n\n<li>druskos<\/li>\n\n\n\n<li>pieno<\/li>\n\n\n\n<li>apelsin\u0173 sultys butelyje<\/li>\n\n\n\n<li>apelsin\u0173 sultys kartonin\u0117je d\u0117\u017eut\u0117je<\/li>\n\n\n\n<li>pomidor\u0173 pada\u017eas<\/li>\n\n\n\n<li>\u010dili pada\u017eas<\/li>\n\n\n\n<li>obuoli\u0173 pudingas<\/li>\n\n\n\n<li>persik\u0173 pudingas<\/li>\n\n\n\n<li>m\u0117lyni\u0173 pudingas<\/li>\n\n\n\n<li>2 morkos<\/li>\n\n\n\n<li>4 pomidorai<\/li>\n\n\n\n<li>2 ridik\u0117liai<\/li>\n\n\n\n<li>2 magnetin\u0117s poros<\/li>\n\n\n\n<li>citrina<\/li>\n\n\n\n<li>2 kriau\u0161\u0117s<\/li>\n\n\n\n<li>bra\u0161ki\u0173<\/li>\n\n\n\n<li>pipir\u0173<\/li>\n\n\n\n<li>obuolys<\/li>\n\n\n\n<li>spalvinga pakuot\u0117<\/li>\n\n\n\n<li>ruda siuntimo d\u0117\u017eut\u0117<\/li>\n<\/ul>","protected":false},"excerpt":{"rendered":"<p>Prekybos centras vaikams &#8211; medinis kioskas su kasos aparatu ir vaisi\u0173 rinkiniu! ?? dovanos id\u0117ja &#8211;&nbsp;rinkinys yra puiki dovanos id\u0117ja vaikams, jame dera mokymasis ir linksmyb\u0117s,&nbsp;tod\u0117l b\u016bsite tikri, kad j\u016bs\u0173 dovana patiks ir vaikui, ir t\u0117vams ?? saugios ir netoksi\u0161kos med\u017eiagos &#8211;&nbsp;prekybos centras ir priedai&nbsp;buvo skirti vaikams nuo 3 met\u0173 am\u017eiaus,&nbsp;galite b\u016bti tikri, kad j\u016bs\u0173 [&hellip;]<\/p>","protected":false},"featured_media":28616,"template":"","meta":{"_acf_changed":false,"iawp_total_views":477},"product_cat":[195,216,217,191,192,248,84,102,50,93,49,39],"product_tag":[96,97,98],"class_list":{"0":"post-28615","1":"product","2":"type-product","3":"status-publish","4":"has-post-thumbnail","6":"product_cat-dovanos-vaikams-3-4-metu","7":"product_cat-dovanos-4-5-metu-vaikams","8":"product_cat-dovanos-5-7-metu-vaikams","9":"product_cat-dovanos-vaikams","10":"product_cat-kaledines-dovanos-vaikams","11":"product_cat-kruzzel","12":"product_cat-lavinamieji-zaislai","13":"product_cat-mediniai-zaislai","14":"product_cat-top-dovanos","15":"product_cat-vaidmenu-zaidimai","16":"product_cat-visi-zaislai","17":"product_cat-zaislai","18":"product_tag-2-m-3-m","19":"product_tag-3-m-4-m","20":"product_tag-5-m-7-m","22":"first","23":"instock","24":"taxable","25":"shipping-taxable","26":"purchasable","27":"product-type-simple"},"acf":[],"yoast_head":"<!-- This site is optimized with the Yoast SEO plugin v23.3 - https:\/\/yoast.com\/wordpress\/plugins\/seo\/ -->\n<title>Medinis kioskas su priedais - Montessori \u017eaislai<\/title>\n<meta name=\"robots\" content=\"index, follow, max-snippet:-1, max-image-preview:large, max-video-preview:-1\" \/>\n<link rel=\"canonical\" href=\"https:\/\/monti.lt\/en\/product\/medinis-kioskas-su-priedais\/\" \/>\n<meta property=\"og:locale\" content=\"en_US\" \/>\n<meta property=\"og:type\" content=\"article\" \/>\n<meta property=\"og:title\" content=\"Medinis kioskas su priedais - Montessori \u017eaislai\" \/>\n<meta property=\"og:description\" content=\"Prekybos centras vaikams &#8211; medinis kioskas su kasos aparatu ir vaisi\u0173 rinkiniu! ?? dovanos id\u0117ja &#8211;&nbsp;rinkinys yra puiki dovanos id\u0117ja vaikams, jame dera mokymasis ir linksmyb\u0117s,&nbsp;tod\u0117l b\u016bsite tikri, kad j\u016bs\u0173 dovana patiks ir vaikui, ir t\u0117vams ?? saugios ir netoksi\u0161kos med\u017eiagos &#8211;&nbsp;prekybos centras ir priedai&nbsp;buvo skirti vaikams nuo 3 met\u0173 am\u017eiaus,&nbsp;galite b\u016bti tikri, kad j\u016bs\u0173 [&hellip;]\" \/>\n<meta property=\"og:url\" content=\"https:\/\/monti.lt\/en\/product\/medinis-kioskas-su-priedais\/\" \/>\n<meta property=\"og:site_name\" content=\"Montessori \u017eaislai\" \/>\n<meta property=\"article:modified_time\" content=\"2026-03-02T06:26:10+00:00\" \/>\n<meta property=\"og:image\" content=\"https:\/\/monti.lt\/wp-content\/uploads\/2024\/12\/lit_pl_Medinis-kioskas-su-priedais-Kruzzel-24888-18007_17.jpg\" \/>\n\t<meta property=\"og:image:width\" content=\"500\" \/>\n\t<meta property=\"og:image:height\" content=\"500\" \/>\n\t<meta property=\"og:image:type\" content=\"image\/jpeg\" \/>\n<meta name=\"twitter:card\" content=\"summary_large_image\" \/>\n<meta name=\"twitter:label1\" content=\"Est. reading time\" \/>\n\t<meta name=\"twitter:data1\" content=\"2 minutes\" \/>\n<script type=\"application\/ld+json\" class=\"yoast-schema-graph\">{\"@context\":\"https:\/\/schema.org\",\"@graph\":[{\"@type\":\"WebPage\",\"@id\":\"https:\/\/monti.lt\/product\/medinis-kioskas-su-priedais\/\",\"url\":\"https:\/\/monti.lt\/product\/medinis-kioskas-su-priedais\/\",\"name\":\"Medinis kioskas su priedais - Montessori \u017eaislai\",\"isPartOf\":{\"@id\":\"https:\/\/monti.lt\/#website\"},\"primaryImageOfPage\":{\"@id\":\"https:\/\/monti.lt\/product\/medinis-kioskas-su-priedais\/#primaryimage\"},\"image\":{\"@id\":\"https:\/\/monti.lt\/product\/medinis-kioskas-su-priedais\/#primaryimage\"},\"thumbnailUrl\":\"https:\/\/monti.lt\/wp-content\/uploads\/2024\/12\/lit_pl_Medinis-kioskas-su-priedais-Kruzzel-24888-18007_17.jpg\",\"datePublished\":\"2024-12-01T22:24:08+00:00\",\"dateModified\":\"2026-03-02T06:26:10+00:00\",\"breadcrumb\":{\"@id\":\"https:\/\/monti.lt\/product\/medinis-kioskas-su-priedais\/#breadcrumb\"},\"inLanguage\":\"en-US\",\"potentialAction\":[{\"@type\":\"ReadAction\",\"target\":[\"https:\/\/monti.lt\/product\/medinis-kioskas-su-priedais\/\"]}]},{\"@type\":\"ImageObject\",\"inLanguage\":\"en-US\",\"@id\":\"https:\/\/monti.lt\/product\/medinis-kioskas-su-priedais\/#primaryimage\",\"url\":\"https:\/\/monti.lt\/wp-content\/uploads\/2024\/12\/lit_pl_Medinis-kioskas-su-priedais-Kruzzel-24888-18007_17.jpg\",\"contentUrl\":\"https:\/\/monti.lt\/wp-content\/uploads\/2024\/12\/lit_pl_Medinis-kioskas-su-priedais-Kruzzel-24888-18007_17.jpg\",\"width\":500,\"height\":500,\"caption\":\"medinis kioskas\"},{\"@type\":\"BreadcrumbList\",\"@id\":\"https:\/\/monti.lt\/product\/medinis-kioskas-su-priedais\/#breadcrumb\",\"itemListElement\":[{\"@type\":\"ListItem\",\"position\":1,\"name\":\"Home\",\"item\":\"https:\/\/monti.lt\/\"},{\"@type\":\"ListItem\",\"position\":2,\"name\":\"Parduotuv\u0117\",\"item\":\"https:\/\/monti.lt\/shop\/\"},{\"@type\":\"ListItem\",\"position\":3,\"name\":\"Medinis kioskas su priedais\"}]},{\"@type\":\"WebSite\",\"@id\":\"https:\/\/monti.lt\/#website\",\"url\":\"https:\/\/monti.lt\/\",\"name\":\"Montessori \u017eaislai\",\"description\":\"\",\"publisher\":{\"@id\":\"https:\/\/monti.lt\/#organization\"},\"potentialAction\":[{\"@type\":\"SearchAction\",\"target\":{\"@type\":\"EntryPoint\",\"urlTemplate\":\"https:\/\/monti.lt\/?s={search_term_string}\"},\"query-input\":\"required name=search_term_string\"}],\"inLanguage\":\"en-US\"},{\"@type\":\"Organization\",\"@id\":\"https:\/\/monti.lt\/#organization\",\"name\":\"Montessori \u017eaislai\",\"url\":\"https:\/\/monti.lt\/\",\"logo\":{\"@type\":\"ImageObject\",\"inLanguage\":\"en-US\",\"@id\":\"https:\/\/monti.lt\/#\/schema\/logo\/image\/\",\"url\":\"https:\/\/monti.lt\/wp-content\/uploads\/2022\/03\/montilogo-1.png\",\"contentUrl\":\"https:\/\/monti.lt\/wp-content\/uploads\/2022\/03\/montilogo-1.png\",\"width\":512,\"height\":512,\"caption\":\"Montessori \u017eaislai\"},\"image\":{\"@id\":\"https:\/\/monti.lt\/#\/schema\/logo\/image\/\"}}]}<\/script>\n<!-- \/ Yoast SEO plugin. -->","yoast_head_json":{"title":"Medinis kioskas su priedais - Montessori \u017eaislai","robots":{"index":"index","follow":"follow","max-snippet":"max-snippet:-1","max-image-preview":"max-image-preview:large","max-video-preview":"max-video-preview:-1"},"canonical":"https:\/\/monti.lt\/en\/product\/medinis-kioskas-su-priedais\/","og_locale":"en_US","og_type":"article","og_title":"Medinis kioskas su priedais - Montessori \u017eaislai","og_description":"Prekybos centras vaikams &#8211; medinis kioskas su kasos aparatu ir vaisi\u0173 rinkiniu! ?? dovanos id\u0117ja &#8211;&nbsp;rinkinys yra puiki dovanos id\u0117ja vaikams, jame dera mokymasis ir linksmyb\u0117s,&nbsp;tod\u0117l b\u016bsite tikri, kad j\u016bs\u0173 dovana patiks ir vaikui, ir t\u0117vams ?? saugios ir netoksi\u0161kos med\u017eiagos &#8211;&nbsp;prekybos centras ir priedai&nbsp;buvo skirti vaikams nuo 3 met\u0173 am\u017eiaus,&nbsp;galite b\u016bti tikri, kad j\u016bs\u0173 [&hellip;]","og_url":"https:\/\/monti.lt\/en\/product\/medinis-kioskas-su-priedais\/","og_site_name":"Montessori \u017eaislai","article_modified_time":"2026-03-02T06:26:10+00:00","og_image":[{"width":500,"height":500,"url":"https:\/\/monti.lt\/wp-content\/uploads\/2024\/12\/lit_pl_Medinis-kioskas-su-priedais-Kruzzel-24888-18007_17.jpg","type":"image\/jpeg"}],"twitter_card":"summary_large_image","twitter_misc":{"Est. reading time":"2 minutes"},"schema":{"@context":"https:\/\/schema.org","@graph":[{"@type":"WebPage","@id":"https:\/\/monti.lt\/product\/medinis-kioskas-su-priedais\/","url":"https:\/\/monti.lt\/product\/medinis-kioskas-su-priedais\/","name":"Medinis kioskas su priedais - Montessori \u017eaislai","isPartOf":{"@id":"https:\/\/monti.lt\/#website"},"primaryImageOfPage":{"@id":"https:\/\/monti.lt\/product\/medinis-kioskas-su-priedais\/#primaryimage"},"image":{"@id":"https:\/\/monti.lt\/product\/medinis-kioskas-su-priedais\/#primaryimage"},"thumbnailUrl":"https:\/\/monti.lt\/wp-content\/uploads\/2024\/12\/lit_pl_Medinis-kioskas-su-priedais-Kruzzel-24888-18007_17.jpg","datePublished":"2024-12-01T22:24:08+00:00","dateModified":"2026-03-02T06:26:10+00:00","breadcrumb":{"@id":"https:\/\/monti.lt\/product\/medinis-kioskas-su-priedais\/#breadcrumb"},"inLanguage":"en-US","potentialAction":[{"@type":"ReadAction","target":["https:\/\/monti.lt\/product\/medinis-kioskas-su-priedais\/"]}]},{"@type":"ImageObject","inLanguage":"en-US","@id":"https:\/\/monti.lt\/product\/medinis-kioskas-su-priedais\/#primaryimage","url":"https:\/\/monti.lt\/wp-content\/uploads\/2024\/12\/lit_pl_Medinis-kioskas-su-priedais-Kruzzel-24888-18007_17.jpg","contentUrl":"https:\/\/monti.lt\/wp-content\/uploads\/2024\/12\/lit_pl_Medinis-kioskas-su-priedais-Kruzzel-24888-18007_17.jpg","width":500,"height":500,"caption":"medinis kioskas"},{"@type":"BreadcrumbList","@id":"https:\/\/monti.lt\/product\/medinis-kioskas-su-priedais\/#breadcrumb","itemListElement":[{"@type":"ListItem","position":1,"name":"Home","item":"https:\/\/monti.lt\/"},{"@type":"ListItem","position":2,"name":"Parduotuv\u0117","item":"https:\/\/monti.lt\/shop\/"},{"@type":"ListItem","position":3,"name":"Medinis kioskas su priedais"}]},{"@type":"WebSite","@id":"https:\/\/monti.lt\/#website","url":"https:\/\/monti.lt\/","name":"Montessori \u017eaislai","description":"","publisher":{"@id":"https:\/\/monti.lt\/#organization"},"potentialAction":[{"@type":"SearchAction","target":{"@type":"EntryPoint","urlTemplate":"https:\/\/monti.lt\/?s={search_term_string}"},"query-input":"required name=search_term_string"}],"inLanguage":"en-US"},{"@type":"Organization","@id":"https:\/\/monti.lt\/#organization","name":"Montessori \u017eaislai","url":"https:\/\/monti.lt\/","logo":{"@type":"ImageObject","inLanguage":"en-US","@id":"https:\/\/monti.lt\/#\/schema\/logo\/image\/","url":"https:\/\/monti.lt\/wp-content\/uploads\/2022\/03\/montilogo-1.png","contentUrl":"https:\/\/monti.lt\/wp-content\/uploads\/2022\/03\/montilogo-1.png","width":512,"height":512,"caption":"Montessori \u017eaislai"},"image":{"@id":"https:\/\/monti.lt\/#\/schema\/logo\/image\/"}}]}},"_links":{"self":[{"href":"https:\/\/monti.lt\/en\/wp-json\/wp\/v2\/product\/28615"}],"collection":[{"href":"https:\/\/monti.lt\/en\/wp-json\/wp\/v2\/product"}],"about":[{"href":"https:\/\/monti.lt\/en\/wp-json\/wp\/v2\/types\/product"}],"version-history":[{"count":1,"href":"https:\/\/monti.lt\/en\/wp-json\/wp\/v2\/product\/28615\/revisions"}],"predecessor-version":[{"id":28625,"href":"https:\/\/monti.lt\/en\/wp-json\/wp\/v2\/product\/28615\/revisions\/28625"}],"wp:featuredmedia":[{"embeddable":true,"href":"https:\/\/monti.lt\/en\/wp-json\/wp\/v2\/media\/28616"}],"wp:attachment":[{"href":"https:\/\/monti.lt\/en\/wp-json\/wp\/v2\/media?parent=28615"}],"wp:term":[{"taxonomy":"product_cat","embeddable":true,"href":"https:\/\/monti.lt\/en\/wp-json\/wp\/v2\/product_cat?post=28615"},{"taxonomy":"product_tag","embeddable":true,"href":"https:\/\/monti.lt\/en\/wp-json\/wp\/v2\/product_tag?post=28615"}],"curies":[{"name":"wp","href":"https:\/\/api.w.org\/{rel}","templated":true}]}}