{"id":28626,"date":"2024-12-01T22:27:34","date_gmt":"2024-12-01T22:27:34","guid":{"rendered":"https:\/\/monti.lt\/?post_type=product&#038;p=28626"},"modified":"2026-04-25T08:36:49","modified_gmt":"2026-04-25T08:36:49","slug":"medinis-vezimelis-meistro-dirbtuves","status":"publish","type":"product","link":"https:\/\/monti.lt\/en\/product\/medinis-vezimelis-meistro-dirbtuves\/","title":{"rendered":"Medinis ve\u017eim\u0117lis &#8211; meistro dirbtuv\u0117s"},"content":{"rendered":"<h1 class=\"wp-block-heading\">Vaik\u0173 dirbtuv\u0117s su mediniais \u012frankiais \u201etrys viename\u201c \u2013 tobulas \u201epasidaryk pats\u201c rinkinys!<\/h1>\n\n\n\n<p><strong>?? dovan\u0173 id\u0117ja<\/strong>&nbsp;&#8211; dirbtuv\u0117s su \u012frankiais ma\u017eiesiems DIY entuziastams, dovan\u0173 id\u0117ja&nbsp;<strong>vaikams nuo 3 met\u0173<\/strong><\/p>\n\n\n\n<p><strong>?? b<\/strong>&nbsp;<strong>J\u016bs\u0173 vaiko saugumas \u2013<\/strong>&nbsp;rinkinys sukurtas atsi\u017evelgiant \u012f ma\u017eiausio saugum\u0105,&nbsp;<strong>kiekvienas elementas yra suapvalintas ir pagamintas i\u0161 nat\u016brali\u0173, netoksi\u0161k\u0173 med\u017eiag\u0173, kurios yra saugios ma\u017eoms rankyt\u0117ms<\/strong><\/p>\n\n\n\n<p><strong>?? patvarumas &#8211;<\/strong>&nbsp;dirbtuv\u0117s ir mediniai \u012frankiai yra i\u0161skirtinai patvar\u016bs ir atspar\u016bs intensyviam \u017eaidimui,&nbsp;<strong>d\u0117l savo tvirtos konstrukcijos tarnaus daug valand\u0173 k\u016brybingo \u017eaidimo<\/strong><\/p>\n\n\n\n<p><strong>?? su\u017eadina<\/strong>&nbsp;<strong>vaik\u0173 susidom\u0117jim\u0105 \u2013<\/strong>&nbsp;medin\u0117s dirbtuv\u0117s yra ne tik \u017eaislas, bet ir lavinanti koordinacij\u0105, vaizduot\u0119 ir rank\u0173 \u012fg\u016bd\u017eius lavinanti priemon\u0117,&nbsp;<strong>kiekvienas vaikas ras ka\u017ek\u0105 \u012fdomaus nuo ver\u017el\u0117s sukimo iki var\u017et\u0173 sukimo<\/strong><\/p>\n\n\n\n<p><strong>?? edukacin\u0117 vert\u0117 \u2013<\/strong>&nbsp;seminaras yra puikus b\u016bdas mokytis \u017eaid\u017eiant, vaikai&nbsp;<strong>lavina rankinius \u012fg\u016bd\u017eius, mokosi spr\u0119sti problemas ir kantryb\u0117s, o tai teigiamai veikia j\u0173 raid\u0105<\/strong><\/p>\n\n\n\n<p><strong>?? ekologija ir poveikis aplinkai \u2013<\/strong>&nbsp;dirbtuv\u0117s pagamintos i\u0161 ekologi\u0161kos medienos ir aplinkai nekenksming\u0173 med\u017eiag\u0173, tod\u0117l&nbsp;<strong>tai atsakingas pasirinkimas j\u016bs\u0173 vaikui ir planetai<\/strong><\/p>\n\n\n\n<p><strong>?? 3in1 rinkinys &#8211;&nbsp;<\/strong>dirbtuv\u0117s derina&nbsp;<strong>rankdarbi\u0173 stalas, laikymo lentyna ir ve\u017eim\u0117lis<\/strong><\/p>\n\n\n\n<p><strong>?? atitinkantis europinius standartus \u2013<\/strong>&nbsp;dirbtuv\u0117s buvo patikrintos, ar jos atitinka europinius standartus, tod\u0117l&nbsp;<strong>galite b\u016bti tikri, kad ji yra saugi!<\/strong><\/p>\n\n\n\n<h2 class=\"wp-block-heading\">? Nustatyti specifikacijas:<\/h2>\n\n\n\n<ul class=\"wp-block-list\">\n<li>saugios med\u017eiagos<\/li>\n\n\n\n<li>joki\u0173 a\u0161tri\u0173 kra\u0161t\u0173<\/li>\n\n\n\n<li>3in1 veikia kaip dirbtuv\u0117, pasiva\u017ein\u0117jimo ir sand\u0117liavimo vieta<\/li>\n\n\n\n<li>pilnas \u012franki\u0173 rinkinys<\/li>\n\n\n\n<li>judan\u010dios dalys<\/li>\n\n\n\n<li>lengvas surinkimas<\/li>\n\n\n\n<li>tylus ir saugus vairavimas<\/li>\n\n\n\n<li>estetin\u0117 i\u0161vaizda<\/li>\n\n\n\n<li>matavimo juosta ir skyl\u0117s dirbtuv\u0117se<\/li>\n\n\n\n<li>praktinis saugojimas<\/li>\n\n\n\n<li>tvirta konstrukcija<\/li>\n\n\n\n<li>patogi rankena<\/li>\n\n\n\n<li>tobula dovanos id\u0117ja<\/li>\n\n\n\n<li>saugi ir tvirta pakuot\u0117<\/li>\n\n\n\n<li>spalva: balta pilka ruda<\/li>\n\n\n\n<li>am\u017eius: 3+<\/li>\n\n\n\n<li>i\u0161matavimai: 28,5 x 27 x 47 cm<\/li>\n\n\n\n<li>svoris: 2,5 kg<\/li>\n\n\n\n<li>svoris pakuot\u0117je: 3 kg<\/li>\n\n\n\n<li>med\u017eiaga: MDF plok\u0161t\u0117, kita: mediena + guma, \u012frankiai: mediena + ABS<\/li>\n<\/ul>\n\n\n\n<p><strong>? \u012e kain\u0105 \u012fskai\u010diuota:<\/strong><\/p>\n\n\n\n<ul class=\"wp-block-list\">\n<li>dirbtuv\u0117s<\/li>\n\n\n\n<li>plok\u0161\u010dias atsuktuvas<\/li>\n\n\n\n<li>plaktukas<\/li>\n\n\n\n<li>kombinuotas ver\u017eliaraktis<\/li>\n\n\n\n<li>vice<\/li>\n\n\n\n<li>lentos su skylut\u0117mis x 8<\/li>\n\n\n\n<li>var\u017etas x 8<\/li>\n\n\n\n<li>ver\u017el\u0117 x 8<\/li>\n\n\n\n<li>didelis nagas x 2<\/li>\n\n\n\n<li>kvadratas, trikampis, r\u016b\u0161iavimo ratas<\/li>\n\n\n\n<li>montavimo komplektas<\/li>\n\n\n\n<li>ruda siuntimo d\u0117\u017eut\u0117<\/li>\n<\/ul>","protected":false},"excerpt":{"rendered":"<p>Vaik\u0173 dirbtuv\u0117s su mediniais \u012frankiais \u201etrys viename\u201c \u2013 tobulas \u201epasidaryk pats\u201c rinkinys! ?? dovan\u0173 id\u0117ja&nbsp;&#8211; dirbtuv\u0117s su \u012frankiais ma\u017eiesiems DIY entuziastams, dovan\u0173 id\u0117ja&nbsp;vaikams nuo 3 met\u0173 ?? b&nbsp;J\u016bs\u0173 vaiko saugumas \u2013&nbsp;rinkinys sukurtas atsi\u017evelgiant \u012f ma\u017eiausio saugum\u0105,&nbsp;kiekvienas elementas yra suapvalintas ir pagamintas i\u0161 nat\u016brali\u0173, netoksi\u0161k\u0173 med\u017eiag\u0173, kurios yra saugios ma\u017eoms rankyt\u0117ms ?? patvarumas &#8211;&nbsp;dirbtuv\u0117s ir mediniai [&hellip;]<\/p>","protected":false},"featured_media":28627,"template":"","meta":{"_acf_changed":false,"iawp_total_views":453},"product_cat":[216,217,191,84,102,50,199,93,202,49,39,215],"product_tag":[96,97,98],"class_list":{"0":"post-28626","1":"product","2":"type-product","3":"status-publish","4":"has-post-thumbnail","6":"product_cat-dovanos-4-5-metu-vaikams","7":"product_cat-dovanos-5-7-metu-vaikams","8":"product_cat-dovanos-vaikams","9":"product_cat-lavinamieji-zaislai","10":"product_cat-mediniai-zaislai","11":"product_cat-top-dovanos","12":"product_cat-ugdymo-istaigoms","13":"product_cat-vaidmenu-zaidimai","14":"product_cat-vaaikiski-konstruktoriai","15":"product_cat-visi-zaislai","16":"product_cat-zaislai","17":"product_cat-zaislai-berniukams","18":"product_tag-2-m-3-m","19":"product_tag-3-m-4-m","20":"product_tag-5-m-7-m","22":"first","23":"outofstock","24":"taxable","25":"shipping-taxable","26":"purchasable","27":"product-type-simple"},"acf":[],"yoast_head":"<!-- This site is optimized with the Yoast SEO plugin v23.3 - https:\/\/yoast.com\/wordpress\/plugins\/seo\/ -->\n<title>Medinis ve\u017eim\u0117lis - meistro dirbtuv\u0117s - Montessori \u017eaislai<\/title>\n<meta name=\"robots\" content=\"index, follow, max-snippet:-1, max-image-preview:large, max-video-preview:-1\" \/>\n<link rel=\"canonical\" href=\"https:\/\/monti.lt\/en\/product\/medinis-vezimelis-meistro-dirbtuves\/\" \/>\n<meta property=\"og:locale\" content=\"en_US\" \/>\n<meta property=\"og:type\" content=\"article\" \/>\n<meta property=\"og:title\" content=\"Medinis ve\u017eim\u0117lis - meistro dirbtuv\u0117s - Montessori \u017eaislai\" \/>\n<meta property=\"og:description\" content=\"Vaik\u0173 dirbtuv\u0117s su mediniais \u012frankiais \u201etrys viename\u201c \u2013 tobulas \u201epasidaryk pats\u201c rinkinys! ?? dovan\u0173 id\u0117ja&nbsp;&#8211; dirbtuv\u0117s su \u012frankiais ma\u017eiesiems DIY entuziastams, dovan\u0173 id\u0117ja&nbsp;vaikams nuo 3 met\u0173 ?? b&nbsp;J\u016bs\u0173 vaiko saugumas \u2013&nbsp;rinkinys sukurtas atsi\u017evelgiant \u012f ma\u017eiausio saugum\u0105,&nbsp;kiekvienas elementas yra suapvalintas ir pagamintas i\u0161 nat\u016brali\u0173, netoksi\u0161k\u0173 med\u017eiag\u0173, kurios yra saugios ma\u017eoms rankyt\u0117ms ?? patvarumas &#8211;&nbsp;dirbtuv\u0117s ir mediniai [&hellip;]\" \/>\n<meta property=\"og:url\" content=\"https:\/\/monti.lt\/en\/product\/medinis-vezimelis-meistro-dirbtuves\/\" \/>\n<meta property=\"og:site_name\" content=\"Montessori \u017eaislai\" \/>\n<meta property=\"article:modified_time\" content=\"2026-04-25T08:36:49+00:00\" \/>\n<meta property=\"og:image\" content=\"https:\/\/monti.lt\/wp-content\/uploads\/2024\/12\/lit_pl_3in1-medines-dirbtuves-Kruzzel-24758-18001_18.jpg\" \/>\n\t<meta property=\"og:image:width\" content=\"500\" \/>\n\t<meta property=\"og:image:height\" content=\"500\" \/>\n\t<meta property=\"og:image:type\" content=\"image\/jpeg\" \/>\n<meta name=\"twitter:card\" content=\"summary_large_image\" \/>\n<meta name=\"twitter:label1\" content=\"Est. reading time\" \/>\n\t<meta name=\"twitter:data1\" content=\"2 minutes\" \/>\n<script type=\"application\/ld+json\" class=\"yoast-schema-graph\">{\"@context\":\"https:\/\/schema.org\",\"@graph\":[{\"@type\":\"WebPage\",\"@id\":\"https:\/\/monti.lt\/product\/medinis-vezimelis-meistro-dirbtuves\/\",\"url\":\"https:\/\/monti.lt\/product\/medinis-vezimelis-meistro-dirbtuves\/\",\"name\":\"Medinis ve\u017eim\u0117lis - meistro dirbtuv\u0117s - Montessori \u017eaislai\",\"isPartOf\":{\"@id\":\"https:\/\/monti.lt\/#website\"},\"primaryImageOfPage\":{\"@id\":\"https:\/\/monti.lt\/product\/medinis-vezimelis-meistro-dirbtuves\/#primaryimage\"},\"image\":{\"@id\":\"https:\/\/monti.lt\/product\/medinis-vezimelis-meistro-dirbtuves\/#primaryimage\"},\"thumbnailUrl\":\"https:\/\/monti.lt\/wp-content\/uploads\/2024\/12\/lit_pl_3in1-medines-dirbtuves-Kruzzel-24758-18001_18.jpg\",\"datePublished\":\"2024-12-01T22:27:34+00:00\",\"dateModified\":\"2026-04-25T08:36:49+00:00\",\"breadcrumb\":{\"@id\":\"https:\/\/monti.lt\/product\/medinis-vezimelis-meistro-dirbtuves\/#breadcrumb\"},\"inLanguage\":\"en-US\",\"potentialAction\":[{\"@type\":\"ReadAction\",\"target\":[\"https:\/\/monti.lt\/product\/medinis-vezimelis-meistro-dirbtuves\/\"]}]},{\"@type\":\"ImageObject\",\"inLanguage\":\"en-US\",\"@id\":\"https:\/\/monti.lt\/product\/medinis-vezimelis-meistro-dirbtuves\/#primaryimage\",\"url\":\"https:\/\/monti.lt\/wp-content\/uploads\/2024\/12\/lit_pl_3in1-medines-dirbtuves-Kruzzel-24758-18001_18.jpg\",\"contentUrl\":\"https:\/\/monti.lt\/wp-content\/uploads\/2024\/12\/lit_pl_3in1-medines-dirbtuves-Kruzzel-24758-18001_18.jpg\",\"width\":500,\"height\":500},{\"@type\":\"BreadcrumbList\",\"@id\":\"https:\/\/monti.lt\/product\/medinis-vezimelis-meistro-dirbtuves\/#breadcrumb\",\"itemListElement\":[{\"@type\":\"ListItem\",\"position\":1,\"name\":\"Home\",\"item\":\"https:\/\/monti.lt\/\"},{\"@type\":\"ListItem\",\"position\":2,\"name\":\"Parduotuv\u0117\",\"item\":\"https:\/\/monti.lt\/shop\/\"},{\"@type\":\"ListItem\",\"position\":3,\"name\":\"Medinis ve\u017eim\u0117lis &#8211; meistro dirbtuv\u0117s\"}]},{\"@type\":\"WebSite\",\"@id\":\"https:\/\/monti.lt\/#website\",\"url\":\"https:\/\/monti.lt\/\",\"name\":\"Montessori \u017eaislai\",\"description\":\"\",\"publisher\":{\"@id\":\"https:\/\/monti.lt\/#organization\"},\"potentialAction\":[{\"@type\":\"SearchAction\",\"target\":{\"@type\":\"EntryPoint\",\"urlTemplate\":\"https:\/\/monti.lt\/?s={search_term_string}\"},\"query-input\":\"required name=search_term_string\"}],\"inLanguage\":\"en-US\"},{\"@type\":\"Organization\",\"@id\":\"https:\/\/monti.lt\/#organization\",\"name\":\"Montessori \u017eaislai\",\"url\":\"https:\/\/monti.lt\/\",\"logo\":{\"@type\":\"ImageObject\",\"inLanguage\":\"en-US\",\"@id\":\"https:\/\/monti.lt\/#\/schema\/logo\/image\/\",\"url\":\"https:\/\/monti.lt\/wp-content\/uploads\/2022\/03\/montilogo-1.png\",\"contentUrl\":\"https:\/\/monti.lt\/wp-content\/uploads\/2022\/03\/montilogo-1.png\",\"width\":512,\"height\":512,\"caption\":\"Montessori \u017eaislai\"},\"image\":{\"@id\":\"https:\/\/monti.lt\/#\/schema\/logo\/image\/\"}}]}<\/script>\n<!-- \/ Yoast SEO plugin. -->","yoast_head_json":{"title":"Medinis ve\u017eim\u0117lis - meistro dirbtuv\u0117s - Montessori \u017eaislai","robots":{"index":"index","follow":"follow","max-snippet":"max-snippet:-1","max-image-preview":"max-image-preview:large","max-video-preview":"max-video-preview:-1"},"canonical":"https:\/\/monti.lt\/en\/product\/medinis-vezimelis-meistro-dirbtuves\/","og_locale":"en_US","og_type":"article","og_title":"Medinis ve\u017eim\u0117lis - meistro dirbtuv\u0117s - Montessori \u017eaislai","og_description":"Vaik\u0173 dirbtuv\u0117s su mediniais \u012frankiais \u201etrys viename\u201c \u2013 tobulas \u201epasidaryk pats\u201c rinkinys! ?? dovan\u0173 id\u0117ja&nbsp;&#8211; dirbtuv\u0117s su \u012frankiais ma\u017eiesiems DIY entuziastams, dovan\u0173 id\u0117ja&nbsp;vaikams nuo 3 met\u0173 ?? b&nbsp;J\u016bs\u0173 vaiko saugumas \u2013&nbsp;rinkinys sukurtas atsi\u017evelgiant \u012f ma\u017eiausio saugum\u0105,&nbsp;kiekvienas elementas yra suapvalintas ir pagamintas i\u0161 nat\u016brali\u0173, netoksi\u0161k\u0173 med\u017eiag\u0173, kurios yra saugios ma\u017eoms rankyt\u0117ms ?? patvarumas &#8211;&nbsp;dirbtuv\u0117s ir mediniai [&hellip;]","og_url":"https:\/\/monti.lt\/en\/product\/medinis-vezimelis-meistro-dirbtuves\/","og_site_name":"Montessori \u017eaislai","article_modified_time":"2026-04-25T08:36:49+00:00","og_image":[{"width":500,"height":500,"url":"https:\/\/monti.lt\/wp-content\/uploads\/2024\/12\/lit_pl_3in1-medines-dirbtuves-Kruzzel-24758-18001_18.jpg","type":"image\/jpeg"}],"twitter_card":"summary_large_image","twitter_misc":{"Est. reading time":"2 minutes"},"schema":{"@context":"https:\/\/schema.org","@graph":[{"@type":"WebPage","@id":"https:\/\/monti.lt\/product\/medinis-vezimelis-meistro-dirbtuves\/","url":"https:\/\/monti.lt\/product\/medinis-vezimelis-meistro-dirbtuves\/","name":"Medinis ve\u017eim\u0117lis - meistro dirbtuv\u0117s - Montessori \u017eaislai","isPartOf":{"@id":"https:\/\/monti.lt\/#website"},"primaryImageOfPage":{"@id":"https:\/\/monti.lt\/product\/medinis-vezimelis-meistro-dirbtuves\/#primaryimage"},"image":{"@id":"https:\/\/monti.lt\/product\/medinis-vezimelis-meistro-dirbtuves\/#primaryimage"},"thumbnailUrl":"https:\/\/monti.lt\/wp-content\/uploads\/2024\/12\/lit_pl_3in1-medines-dirbtuves-Kruzzel-24758-18001_18.jpg","datePublished":"2024-12-01T22:27:34+00:00","dateModified":"2026-04-25T08:36:49+00:00","breadcrumb":{"@id":"https:\/\/monti.lt\/product\/medinis-vezimelis-meistro-dirbtuves\/#breadcrumb"},"inLanguage":"en-US","potentialAction":[{"@type":"ReadAction","target":["https:\/\/monti.lt\/product\/medinis-vezimelis-meistro-dirbtuves\/"]}]},{"@type":"ImageObject","inLanguage":"en-US","@id":"https:\/\/monti.lt\/product\/medinis-vezimelis-meistro-dirbtuves\/#primaryimage","url":"https:\/\/monti.lt\/wp-content\/uploads\/2024\/12\/lit_pl_3in1-medines-dirbtuves-Kruzzel-24758-18001_18.jpg","contentUrl":"https:\/\/monti.lt\/wp-content\/uploads\/2024\/12\/lit_pl_3in1-medines-dirbtuves-Kruzzel-24758-18001_18.jpg","width":500,"height":500},{"@type":"BreadcrumbList","@id":"https:\/\/monti.lt\/product\/medinis-vezimelis-meistro-dirbtuves\/#breadcrumb","itemListElement":[{"@type":"ListItem","position":1,"name":"Home","item":"https:\/\/monti.lt\/"},{"@type":"ListItem","position":2,"name":"Parduotuv\u0117","item":"https:\/\/monti.lt\/shop\/"},{"@type":"ListItem","position":3,"name":"Medinis ve\u017eim\u0117lis &#8211; meistro dirbtuv\u0117s"}]},{"@type":"WebSite","@id":"https:\/\/monti.lt\/#website","url":"https:\/\/monti.lt\/","name":"Montessori \u017eaislai","description":"","publisher":{"@id":"https:\/\/monti.lt\/#organization"},"potentialAction":[{"@type":"SearchAction","target":{"@type":"EntryPoint","urlTemplate":"https:\/\/monti.lt\/?s={search_term_string}"},"query-input":"required name=search_term_string"}],"inLanguage":"en-US"},{"@type":"Organization","@id":"https:\/\/monti.lt\/#organization","name":"Montessori \u017eaislai","url":"https:\/\/monti.lt\/","logo":{"@type":"ImageObject","inLanguage":"en-US","@id":"https:\/\/monti.lt\/#\/schema\/logo\/image\/","url":"https:\/\/monti.lt\/wp-content\/uploads\/2022\/03\/montilogo-1.png","contentUrl":"https:\/\/monti.lt\/wp-content\/uploads\/2022\/03\/montilogo-1.png","width":512,"height":512,"caption":"Montessori \u017eaislai"},"image":{"@id":"https:\/\/monti.lt\/#\/schema\/logo\/image\/"}}]}},"_links":{"self":[{"href":"https:\/\/monti.lt\/en\/wp-json\/wp\/v2\/product\/28626"}],"collection":[{"href":"https:\/\/monti.lt\/en\/wp-json\/wp\/v2\/product"}],"about":[{"href":"https:\/\/monti.lt\/en\/wp-json\/wp\/v2\/types\/product"}],"version-history":[{"count":1,"href":"https:\/\/monti.lt\/en\/wp-json\/wp\/v2\/product\/28626\/revisions"}],"predecessor-version":[{"id":28634,"href":"https:\/\/monti.lt\/en\/wp-json\/wp\/v2\/product\/28626\/revisions\/28634"}],"wp:featuredmedia":[{"embeddable":true,"href":"https:\/\/monti.lt\/en\/wp-json\/wp\/v2\/media\/28627"}],"wp:attachment":[{"href":"https:\/\/monti.lt\/en\/wp-json\/wp\/v2\/media?parent=28626"}],"wp:term":[{"taxonomy":"product_cat","embeddable":true,"href":"https:\/\/monti.lt\/en\/wp-json\/wp\/v2\/product_cat?post=28626"},{"taxonomy":"product_tag","embeddable":true,"href":"https:\/\/monti.lt\/en\/wp-json\/wp\/v2\/product_tag?post=28626"}],"curies":[{"name":"wp","href":"https:\/\/api.w.org\/{rel}","templated":true}]}}