{"id":28635,"date":"2024-12-01T22:32:47","date_gmt":"2024-12-01T22:32:47","guid":{"rendered":"https:\/\/monti.lt\/?post_type=product&#038;p=28635"},"modified":"2026-03-23T17:29:47","modified_gmt":"2026-03-23T17:29:47","slug":"kruzzel-disku-paleidimo-zaidimas","status":"publish","type":"product","link":"https:\/\/monti.lt\/en\/product\/kruzzel-disku-paleidimo-zaidimas\/","title":{"rendered":"Kruzzel disk\u0173 paleidimo \u017eaidimas"},"content":{"rendered":"<h1 class=\"wp-block-heading\">Skraidantis disk\u0173 paleidiklis &#8211; \u017eaislas i\u0161 oro vaikams skirtas aktyviam \u017eaidimui!<\/h1>\n\n\n\n<p><strong>?? saugumas vaikams<\/strong>&nbsp;&#8211; komplekte yra apsauginis skydelis, kuris&nbsp;<strong>apsaugo diskus \u0161audan\u010dio asmens akis ir veid\u0105<\/strong><\/p>\n\n\n\n<p><strong>?? ilgaam\u017ei\u0161kumas ir atsparumas oro s\u0105lygoms<\/strong>&nbsp;&#8211; paleidimo priemon\u0117 yra pagaminta i\u0161 patvari\u0173 ir pa\u017eeidimams atspari\u0173 med\u017eiag\u0173, tod\u0117l ji yra&nbsp;<strong>puikiai veikia lauko s\u0105lygomis<\/strong><\/p>\n\n\n\n<p><strong>?? lengvas valdymas, nereikia maitinimo<\/strong>&nbsp;&#8211; paleidimo priemon\u0117 veikia d\u0117l pavaros mechanizmo, kuriam nereikia galios,&nbsp;<strong>tiesiog paspauskite siurbl\u012f ranka ar koja<\/strong><\/p>\n\n\n\n<p><strong>?? pilna komplektacija &#8211;<\/strong>&nbsp;Rinkinyje yra viskas, ko reikia \u017eaisti:&nbsp;<strong>paleidimo priemon\u0117, 8 diskai, ergonomi\u0161ki tinkleliai ir apsauginiai akiniai<\/strong><\/p>\n\n\n\n<p><strong>?? sukamasis krentantis skrydis<\/strong>&nbsp;&#8211; paleidimo diskai juda unikaliai, sukdamiesi<strong>&nbsp;<\/strong>krentantis skrydis kuris&nbsp;<strong>primena kritim\u0105,&nbsp;<\/strong>\u0161is dinami\u0161kas jud\u0117jimas&nbsp;<strong>linksmyb\u0117s vaikams tampa dar \u012fdomesn\u0117s ir patrauklesn\u0117s<\/strong><\/p>\n\n\n\n<p><strong>?? edukacin\u0117 vert\u0117<\/strong>&nbsp;&#8211; \u017eaidimas su paleidimo \u012ftaisu lavina vaik\u0173 motorin\u0119 koordinacij\u0105 ir pusiausvyr\u0105&nbsp;<strong>pagrindin\u0117 fizika, susijusi su aerodinamika ir gravitacija<\/strong><\/p>\n\n\n\n<p><strong>?? puikiai tinka \u017eaisti lauke<\/strong>&nbsp;&#8211; paleidimo priemon\u0117 teikia aktyvias lauko pramogas, kurios&nbsp;<strong>palaiko sveik\u0105 gyvenimo b\u016bd\u0105 ir skatina vaikus b\u016bti fizi\u0161kai aktyvius<\/strong><\/p>\n\n\n\n<p><strong>?? skirtas vyresniems nei 3 met\u0173 vaikams<\/strong>&nbsp;\u2013 d\u0117l saugi\u0173 med\u017eiag\u0173 ir paleidimo mechanizmo paprastumo&nbsp;<strong>tinka jaunesniems vaikams<\/strong><\/p>\n\n\n\n<p><strong>?? tobula dovanos id\u0117ja<\/strong>&nbsp;\u2013 unikalus ir originalus \u017eaislas, supakuotas \u012f spalving\u0105 ir patvari\u0105 d\u0117\u017eut\u0119, suteiks vaikams daug nepamir\u0161tam\u0173 emocij\u0173 ir&nbsp;<strong>\u012fkv\u0117ps k\u016brybi\u0161kam \u017eaidimui lauke<\/strong><\/p>\n\n\n\n<p><strong>?? atitinka Europos standartus &#8211;&nbsp;<\/strong>Tod\u0117l buvo patikrinta, ar paleidimo priemon\u0117 atitinka Europos standartus&nbsp;<strong>galite b\u016bti tikri, kad tai saugu!<\/strong><\/p>\n\n\n\n<h2 class=\"wp-block-heading\">? Nustatyti specifikacijas:<\/h2>\n\n\n\n<ul class=\"wp-block-list\">\n<li>visi\u0161kas saugumas<\/li>\n\n\n\n<li>parama vaiko vystymuisi<\/li>\n\n\n\n<li>auk\u0161ta kokyb\u0117 ir ilgaam\u017ei\u0161kumas<\/li>\n\n\n\n<li>intuityvus ir lengvas valdymas<\/li>\n\n\n\n<li>nereikia maitinimo<\/li>\n\n\n\n<li>spalvingas disk\u0173 rinkinys<\/li>\n\n\n\n<li>ergonomi\u0161ki gaudymo tinklai<\/li>\n\n\n\n<li>konkurencija ir emocijos<\/li>\n\n\n\n<li>pramoga visai \u0161eimai<\/li>\n\n\n\n<li>paruo\u0161tas dovanai<\/li>\n\n\n\n<li>KRUZZEL prek\u0117s \u017eenklas<\/li>\n\n\n\n<li>disko skersmuo: 6,5 cm<\/li>\n\n\n\n<li>matmenys: 15 x 10 x 17 cm<\/li>\n\n\n\n<li>svoris: 0,485 kg<\/li>\n\n\n\n<li>svoris pakuot\u0117je: 0,634 kg<\/li>\n\n\n\n<li>Med\u017eiaga: ABS + PP + poliesteris + PC + PET<\/li>\n<\/ul>\n\n\n\n<h2 class=\"wp-block-heading\">? \u012e kain\u0105 \u012fskai\u010diuota:<\/h2>\n\n\n\n<ul class=\"wp-block-list\">\n<li>paleidimo priemon\u0117<\/li>\n\n\n\n<li>8 diskai<\/li>\n\n\n\n<li>2 tinkleliai<\/li>\n\n\n\n<li>akinius<\/li>\n\n\n\n<li>spalvinga d\u0117\u017eut\u0117<\/li>\n\n\n\n<li>ruda siuntimo d\u0117\u017eut\u0117<\/li>\n<\/ul>","protected":false},"excerpt":{"rendered":"<p>Skraidantis disk\u0173 paleidiklis &#8211; \u017eaislas i\u0161 oro vaikams skirtas aktyviam \u017eaidimui! ?? saugumas vaikams&nbsp;&#8211; komplekte yra apsauginis skydelis, kuris&nbsp;apsaugo diskus \u0161audan\u010dio asmens akis ir veid\u0105 ?? ilgaam\u017ei\u0161kumas ir atsparumas oro s\u0105lygoms&nbsp;&#8211; paleidimo priemon\u0117 yra pagaminta i\u0161 patvari\u0173 ir pa\u017eeidimams atspari\u0173 med\u017eiag\u0173, tod\u0117l ji yra&nbsp;puikiai veikia lauko s\u0105lygomis ?? lengvas valdymas, nereikia maitinimo&nbsp;&#8211; paleidimo priemon\u0117 veikia [&hellip;]<\/p>","protected":false},"featured_media":28636,"template":"","meta":{"_acf_changed":false,"iawp_total_views":238},"product_cat":[238,84,93],"product_tag":[97,98,99],"class_list":{"0":"post-28635","1":"product","2":"type-product","3":"status-publish","4":"has-post-thumbnail","6":"product_cat-lauko-zaidimai","7":"product_cat-lavinamieji-zaislai","8":"product_cat-vaidmenu-zaidimai","9":"product_tag-3-m-4-m","10":"product_tag-5-m-7-m","11":"product_tag-8-m-11-m","13":"first","14":"outofstock","15":"taxable","16":"shipping-taxable","17":"purchasable","18":"product-type-simple"},"acf":[],"yoast_head":"<!-- This site is optimized with the Yoast SEO plugin v23.3 - https:\/\/yoast.com\/wordpress\/plugins\/seo\/ -->\n<title>Kruzzel disk\u0173 paleidimo \u017eaidimas - Montessori \u017eaislai<\/title>\n<meta name=\"robots\" content=\"index, follow, max-snippet:-1, max-image-preview:large, max-video-preview:-1\" \/>\n<link rel=\"canonical\" href=\"https:\/\/monti.lt\/en\/product\/kruzzel-disku-paleidimo-zaidimas\/\" \/>\n<meta property=\"og:locale\" content=\"en_US\" \/>\n<meta property=\"og:type\" content=\"article\" \/>\n<meta property=\"og:title\" content=\"Kruzzel disk\u0173 paleidimo \u017eaidimas - Montessori \u017eaislai\" \/>\n<meta property=\"og:description\" content=\"Skraidantis disk\u0173 paleidiklis &#8211; \u017eaislas i\u0161 oro vaikams skirtas aktyviam \u017eaidimui! ?? saugumas vaikams&nbsp;&#8211; komplekte yra apsauginis skydelis, kuris&nbsp;apsaugo diskus \u0161audan\u010dio asmens akis ir veid\u0105 ?? ilgaam\u017ei\u0161kumas ir atsparumas oro s\u0105lygoms&nbsp;&#8211; paleidimo priemon\u0117 yra pagaminta i\u0161 patvari\u0173 ir pa\u017eeidimams atspari\u0173 med\u017eiag\u0173, tod\u0117l ji yra&nbsp;puikiai veikia lauko s\u0105lygomis ?? lengvas valdymas, nereikia maitinimo&nbsp;&#8211; paleidimo priemon\u0117 veikia [&hellip;]\" \/>\n<meta property=\"og:url\" content=\"https:\/\/monti.lt\/en\/product\/kruzzel-disku-paleidimo-zaidimas\/\" \/>\n<meta property=\"og:site_name\" content=\"Montessori \u017eaislai\" \/>\n<meta property=\"article:modified_time\" content=\"2026-03-23T17:29:47+00:00\" \/>\n<meta property=\"og:image\" content=\"https:\/\/monti.lt\/wp-content\/uploads\/2024\/12\/lit_pl_Kruzzel-24840-disku-paleidimo-priemone-17995_13.jpg\" \/>\n\t<meta property=\"og:image:width\" content=\"500\" \/>\n\t<meta property=\"og:image:height\" content=\"500\" \/>\n\t<meta property=\"og:image:type\" content=\"image\/jpeg\" \/>\n<meta name=\"twitter:card\" content=\"summary_large_image\" \/>\n<meta name=\"twitter:label1\" content=\"Est. reading time\" \/>\n\t<meta name=\"twitter:data1\" content=\"2 minutes\" \/>\n<script type=\"application\/ld+json\" class=\"yoast-schema-graph\">{\"@context\":\"https:\/\/schema.org\",\"@graph\":[{\"@type\":\"WebPage\",\"@id\":\"https:\/\/monti.lt\/product\/kruzzel-disku-paleidimo-zaidimas\/\",\"url\":\"https:\/\/monti.lt\/product\/kruzzel-disku-paleidimo-zaidimas\/\",\"name\":\"Kruzzel disk\u0173 paleidimo \u017eaidimas - Montessori \u017eaislai\",\"isPartOf\":{\"@id\":\"https:\/\/monti.lt\/#website\"},\"primaryImageOfPage\":{\"@id\":\"https:\/\/monti.lt\/product\/kruzzel-disku-paleidimo-zaidimas\/#primaryimage\"},\"image\":{\"@id\":\"https:\/\/monti.lt\/product\/kruzzel-disku-paleidimo-zaidimas\/#primaryimage\"},\"thumbnailUrl\":\"https:\/\/monti.lt\/wp-content\/uploads\/2024\/12\/lit_pl_Kruzzel-24840-disku-paleidimo-priemone-17995_13.jpg\",\"datePublished\":\"2024-12-01T22:32:47+00:00\",\"dateModified\":\"2026-03-23T17:29:47+00:00\",\"breadcrumb\":{\"@id\":\"https:\/\/monti.lt\/product\/kruzzel-disku-paleidimo-zaidimas\/#breadcrumb\"},\"inLanguage\":\"en-US\",\"potentialAction\":[{\"@type\":\"ReadAction\",\"target\":[\"https:\/\/monti.lt\/product\/kruzzel-disku-paleidimo-zaidimas\/\"]}]},{\"@type\":\"ImageObject\",\"inLanguage\":\"en-US\",\"@id\":\"https:\/\/monti.lt\/product\/kruzzel-disku-paleidimo-zaidimas\/#primaryimage\",\"url\":\"https:\/\/monti.lt\/wp-content\/uploads\/2024\/12\/lit_pl_Kruzzel-24840-disku-paleidimo-priemone-17995_13.jpg\",\"contentUrl\":\"https:\/\/monti.lt\/wp-content\/uploads\/2024\/12\/lit_pl_Kruzzel-24840-disku-paleidimo-priemone-17995_13.jpg\",\"width\":500,\"height\":500},{\"@type\":\"BreadcrumbList\",\"@id\":\"https:\/\/monti.lt\/product\/kruzzel-disku-paleidimo-zaidimas\/#breadcrumb\",\"itemListElement\":[{\"@type\":\"ListItem\",\"position\":1,\"name\":\"Home\",\"item\":\"https:\/\/monti.lt\/\"},{\"@type\":\"ListItem\",\"position\":2,\"name\":\"Parduotuv\u0117\",\"item\":\"https:\/\/monti.lt\/shop\/\"},{\"@type\":\"ListItem\",\"position\":3,\"name\":\"Kruzzel disk\u0173 paleidimo \u017eaidimas\"}]},{\"@type\":\"WebSite\",\"@id\":\"https:\/\/monti.lt\/#website\",\"url\":\"https:\/\/monti.lt\/\",\"name\":\"Montessori \u017eaislai\",\"description\":\"\",\"publisher\":{\"@id\":\"https:\/\/monti.lt\/#organization\"},\"potentialAction\":[{\"@type\":\"SearchAction\",\"target\":{\"@type\":\"EntryPoint\",\"urlTemplate\":\"https:\/\/monti.lt\/?s={search_term_string}\"},\"query-input\":\"required name=search_term_string\"}],\"inLanguage\":\"en-US\"},{\"@type\":\"Organization\",\"@id\":\"https:\/\/monti.lt\/#organization\",\"name\":\"Montessori \u017eaislai\",\"url\":\"https:\/\/monti.lt\/\",\"logo\":{\"@type\":\"ImageObject\",\"inLanguage\":\"en-US\",\"@id\":\"https:\/\/monti.lt\/#\/schema\/logo\/image\/\",\"url\":\"https:\/\/monti.lt\/wp-content\/uploads\/2022\/03\/montilogo-1.png\",\"contentUrl\":\"https:\/\/monti.lt\/wp-content\/uploads\/2022\/03\/montilogo-1.png\",\"width\":512,\"height\":512,\"caption\":\"Montessori \u017eaislai\"},\"image\":{\"@id\":\"https:\/\/monti.lt\/#\/schema\/logo\/image\/\"}}]}<\/script>\n<!-- \/ Yoast SEO plugin. -->","yoast_head_json":{"title":"Kruzzel disk\u0173 paleidimo \u017eaidimas - Montessori \u017eaislai","robots":{"index":"index","follow":"follow","max-snippet":"max-snippet:-1","max-image-preview":"max-image-preview:large","max-video-preview":"max-video-preview:-1"},"canonical":"https:\/\/monti.lt\/en\/product\/kruzzel-disku-paleidimo-zaidimas\/","og_locale":"en_US","og_type":"article","og_title":"Kruzzel disk\u0173 paleidimo \u017eaidimas - Montessori \u017eaislai","og_description":"Skraidantis disk\u0173 paleidiklis &#8211; \u017eaislas i\u0161 oro vaikams skirtas aktyviam \u017eaidimui! ?? saugumas vaikams&nbsp;&#8211; komplekte yra apsauginis skydelis, kuris&nbsp;apsaugo diskus \u0161audan\u010dio asmens akis ir veid\u0105 ?? ilgaam\u017ei\u0161kumas ir atsparumas oro s\u0105lygoms&nbsp;&#8211; paleidimo priemon\u0117 yra pagaminta i\u0161 patvari\u0173 ir pa\u017eeidimams atspari\u0173 med\u017eiag\u0173, tod\u0117l ji yra&nbsp;puikiai veikia lauko s\u0105lygomis ?? lengvas valdymas, nereikia maitinimo&nbsp;&#8211; paleidimo priemon\u0117 veikia [&hellip;]","og_url":"https:\/\/monti.lt\/en\/product\/kruzzel-disku-paleidimo-zaidimas\/","og_site_name":"Montessori \u017eaislai","article_modified_time":"2026-03-23T17:29:47+00:00","og_image":[{"width":500,"height":500,"url":"https:\/\/monti.lt\/wp-content\/uploads\/2024\/12\/lit_pl_Kruzzel-24840-disku-paleidimo-priemone-17995_13.jpg","type":"image\/jpeg"}],"twitter_card":"summary_large_image","twitter_misc":{"Est. reading time":"2 minutes"},"schema":{"@context":"https:\/\/schema.org","@graph":[{"@type":"WebPage","@id":"https:\/\/monti.lt\/product\/kruzzel-disku-paleidimo-zaidimas\/","url":"https:\/\/monti.lt\/product\/kruzzel-disku-paleidimo-zaidimas\/","name":"Kruzzel disk\u0173 paleidimo \u017eaidimas - Montessori \u017eaislai","isPartOf":{"@id":"https:\/\/monti.lt\/#website"},"primaryImageOfPage":{"@id":"https:\/\/monti.lt\/product\/kruzzel-disku-paleidimo-zaidimas\/#primaryimage"},"image":{"@id":"https:\/\/monti.lt\/product\/kruzzel-disku-paleidimo-zaidimas\/#primaryimage"},"thumbnailUrl":"https:\/\/monti.lt\/wp-content\/uploads\/2024\/12\/lit_pl_Kruzzel-24840-disku-paleidimo-priemone-17995_13.jpg","datePublished":"2024-12-01T22:32:47+00:00","dateModified":"2026-03-23T17:29:47+00:00","breadcrumb":{"@id":"https:\/\/monti.lt\/product\/kruzzel-disku-paleidimo-zaidimas\/#breadcrumb"},"inLanguage":"en-US","potentialAction":[{"@type":"ReadAction","target":["https:\/\/monti.lt\/product\/kruzzel-disku-paleidimo-zaidimas\/"]}]},{"@type":"ImageObject","inLanguage":"en-US","@id":"https:\/\/monti.lt\/product\/kruzzel-disku-paleidimo-zaidimas\/#primaryimage","url":"https:\/\/monti.lt\/wp-content\/uploads\/2024\/12\/lit_pl_Kruzzel-24840-disku-paleidimo-priemone-17995_13.jpg","contentUrl":"https:\/\/monti.lt\/wp-content\/uploads\/2024\/12\/lit_pl_Kruzzel-24840-disku-paleidimo-priemone-17995_13.jpg","width":500,"height":500},{"@type":"BreadcrumbList","@id":"https:\/\/monti.lt\/product\/kruzzel-disku-paleidimo-zaidimas\/#breadcrumb","itemListElement":[{"@type":"ListItem","position":1,"name":"Home","item":"https:\/\/monti.lt\/"},{"@type":"ListItem","position":2,"name":"Parduotuv\u0117","item":"https:\/\/monti.lt\/shop\/"},{"@type":"ListItem","position":3,"name":"Kruzzel disk\u0173 paleidimo \u017eaidimas"}]},{"@type":"WebSite","@id":"https:\/\/monti.lt\/#website","url":"https:\/\/monti.lt\/","name":"Montessori \u017eaislai","description":"","publisher":{"@id":"https:\/\/monti.lt\/#organization"},"potentialAction":[{"@type":"SearchAction","target":{"@type":"EntryPoint","urlTemplate":"https:\/\/monti.lt\/?s={search_term_string}"},"query-input":"required name=search_term_string"}],"inLanguage":"en-US"},{"@type":"Organization","@id":"https:\/\/monti.lt\/#organization","name":"Montessori \u017eaislai","url":"https:\/\/monti.lt\/","logo":{"@type":"ImageObject","inLanguage":"en-US","@id":"https:\/\/monti.lt\/#\/schema\/logo\/image\/","url":"https:\/\/monti.lt\/wp-content\/uploads\/2022\/03\/montilogo-1.png","contentUrl":"https:\/\/monti.lt\/wp-content\/uploads\/2022\/03\/montilogo-1.png","width":512,"height":512,"caption":"Montessori \u017eaislai"},"image":{"@id":"https:\/\/monti.lt\/#\/schema\/logo\/image\/"}}]}},"_links":{"self":[{"href":"https:\/\/monti.lt\/en\/wp-json\/wp\/v2\/product\/28635"}],"collection":[{"href":"https:\/\/monti.lt\/en\/wp-json\/wp\/v2\/product"}],"about":[{"href":"https:\/\/monti.lt\/en\/wp-json\/wp\/v2\/types\/product"}],"version-history":[{"count":1,"href":"https:\/\/monti.lt\/en\/wp-json\/wp\/v2\/product\/28635\/revisions"}],"predecessor-version":[{"id":28644,"href":"https:\/\/monti.lt\/en\/wp-json\/wp\/v2\/product\/28635\/revisions\/28644"}],"wp:featuredmedia":[{"embeddable":true,"href":"https:\/\/monti.lt\/en\/wp-json\/wp\/v2\/media\/28636"}],"wp:attachment":[{"href":"https:\/\/monti.lt\/en\/wp-json\/wp\/v2\/media?parent=28635"}],"wp:term":[{"taxonomy":"product_cat","embeddable":true,"href":"https:\/\/monti.lt\/en\/wp-json\/wp\/v2\/product_cat?post=28635"},{"taxonomy":"product_tag","embeddable":true,"href":"https:\/\/monti.lt\/en\/wp-json\/wp\/v2\/product_tag?post=28635"}],"curies":[{"name":"wp","href":"https:\/\/api.w.org\/{rel}","templated":true}]}}