{"id":28649,"date":"2024-12-01T22:57:12","date_gmt":"2024-12-01T22:57:12","guid":{"rendered":"https:\/\/monti.lt\/?post_type=product&#038;p=28649"},"modified":"2026-03-20T08:44:19","modified_gmt":"2026-03-20T08:44:19","slug":"connetix-konstruktorius-rampos-ir-posukiai-16-el","status":"publish","type":"product","link":"https:\/\/monti.lt\/en\/product\/connetix-konstruktorius-rampos-ir-posukiai-16-el\/","title":{"rendered":"Connetix konstruktorius rampos ir pos\u016bkiai, 16 el."},"content":{"rendered":"<p>Apra\u0161ymas<\/p>\n\n\n\n<p>I\u0161pl\u0117skite vaizduot\u0117s ir \u017eaidimo galimybes, pad\u0117dami STEAM mokymosi pagrindus! CONNETIX 16 dali\u0173 pakuot\u0117je \u201eKeli\u0173 rampos ir sankry\u017eos\u201c yra i\u0161skirtini\u0173 keli\u0173 \u012fkv\u0117pt\u0173 magnetini\u0173 plyteli\u0173 form\u0173, \u012fskaitant ketvir\u010dius apskritim\u0173, arkas, sankry\u017eas, ilgas ir trumpas ramp\u0173 formas, kurios yra eleganti\u0161ko juodo atspalvio. Sukurta nesibaigiantiems konstravimo nuotykiams paskatinti, kad v\u0117l ir v\u0117l gal\u0117tum\u0117te kurti riedlen\u010di\u0173 parkus, lenktyni\u0173 trasas, domino ir net amerikieti\u0161kus kalnelius.<\/p>\n\n\n\n<p>ATVIRAS \u017dAIDIMAS<\/p>\n\n\n\n<p>\u012esp\u016bdingos juodos plytel\u0117s sustiprina keli\u0173, ramp\u0173 ir pakilimo tak\u0173 vaizd\u0105, o balt\u0173 linij\u0173 ir kelio \u017eenkl\u0173 nenaudojimas i\u0161laiko CONNETIX gamini\u0173 atvir\u0105 pob\u016bd\u012f, leid\u017eiant\u012f vaikams i\u0161 naujo \u012fsivaizduoti detales ir kurti savo k\u016brybines konstrukcijas. \u0160i pakuot\u0117 suderinama su visu CONNETIX asortimentu, tod\u0117l puikiai tinka papildyti 48 dali\u0173 k\u016brybin\u012f paket\u0105 \u201eKeliai\u201c ir sta\u010diakampi\u0173 asortiment\u0105, kad padidintum\u0117te savo kolekcij\u0105 ir sukurtum\u0117te begal\u0119 dizaino galimybi\u0173. CONNETIX yra universalus \u017eaislas, kuris auga ir tobul\u0117ja kartu su vaikais, tod\u0117l CONNETIX yra i\u0161skirtinis pasirinkimas tiek \u0161eimoms, tiek ugdymo \u012fstaigoms.<\/p>\n\n\n\n<p>STEAM MOKYMASIS<\/p>\n\n\n\n<p>Vaikai gali tyrin\u0117ti savo vaizduot\u0117s \u012fkv\u0117ptas formas ir konstrukcijas, nat\u016braliai pagilindami mokym\u0105si, nes atranda savyje dizainer\u012f, in\u017einieri\u0173, miesto planuotoj\u0105, matematik\u0105 ar net meninink\u0105! Ugdomi raidos \u012fg\u016bd\u017eiai ir ple\u010diamos \u017einios apie \u012fvairias STEAM mokymosi koncepcijas &#8211; visa tai \u017eaid\u017eiant! CONNETIX galima \u017eaisti individualiai arba kartu su \u0161eima ir draugais, taip ugdant svarbius bendravimo ir socialinius \u012fg\u016bd\u017eius, atsparum\u0105, atkaklum\u0105 ir problem\u0173 sprendimo \u012fg\u016bd\u017eius.<\/p>\n\n\n\n<p>AUK\u0160TOS KOKYB\u0116S, SU PATOBULINTOMIS SAUGOS FUNKCIJOMIS<\/p>\n\n\n\n<p>M\u016bs\u0173 unikali nuo\u017eulni konstrukcija leid\u017eia CONNETIX b\u016bti tvirtiems ir kartu u\u017etikrinti lyg\u0173 plyteli\u0173 pavir\u0161i\u0173, idealiai tinkant\u012f priartinimui! Visos plytel\u0117s pagamintos i\u0161 netoksi\u0161ko ABS plastiko, kuriame n\u0117ra BPA ir ftalat\u0173, ultragarsu sandarinamos ir kniedijamos, kad b\u016bt\u0173 u\u017etikrintas didesnis saugumas. Rekomenduojama statytojams nuo 3 met\u0173 am\u017eiaus.<\/p>\n\n\n\n<p><\/p>","protected":false},"excerpt":{"rendered":"<p>Apra\u0161ymas I\u0161pl\u0117skite vaizduot\u0117s ir \u017eaidimo galimybes, pad\u0117dami STEAM mokymosi pagrindus! CONNETIX 16 dali\u0173 pakuot\u0117je \u201eKeli\u0173 rampos ir sankry\u017eos\u201c yra i\u0161skirtini\u0173 keli\u0173 \u012fkv\u0117pt\u0173 magnetini\u0173 plyteli\u0173 form\u0173, \u012fskaitant ketvir\u010dius apskritim\u0173, arkas, sankry\u017eas, ilgas ir trumpas ramp\u0173 formas, kurios yra eleganti\u0161ko juodo atspalvio. Sukurta nesibaigiantiems konstravimo nuotykiams paskatinti, kad v\u0117l ir v\u0117l gal\u0117tum\u0117te kurti riedlen\u010di\u0173 parkus, lenktyni\u0173 trasas, [&hellip;]<\/p>","protected":false},"featured_media":28650,"template":"","meta":{"_acf_changed":false,"iawp_total_views":463},"product_cat":[213,243,191,82,84,242,86,93,202,49,39],"product_tag":[95,96,97,98],"class_list":{"0":"post-28649","1":"product","2":"type-product","3":"status-publish","4":"has-post-thumbnail","6":"product_cat-akcija","7":"product_cat-connetix","8":"product_cat-dovanos-vaikams","9":"product_cat-ispardavimas","10":"product_cat-lavinamieji-zaislai","11":"product_cat-pagal-gamintoja","12":"product_cat-smulkioji-motorika","13":"product_cat-vaidmenu-zaidimai","14":"product_cat-vaaikiski-konstruktoriai","15":"product_cat-visi-zaislai","16":"product_cat-zaislai","17":"product_tag-1-m-2-m","18":"product_tag-2-m-3-m","19":"product_tag-3-m-4-m","20":"product_tag-5-m-7-m","22":"first","23":"instock","24":"sale","25":"taxable","26":"shipping-taxable","27":"purchasable","28":"product-type-simple"},"acf":[],"yoast_head":"<!-- This site is optimized with the Yoast SEO plugin v23.3 - https:\/\/yoast.com\/wordpress\/plugins\/seo\/ -->\n<title>Connetix konstruktorius rampos ir pos\u016bkiai, 16 el. - Montessori \u017eaislai<\/title>\n<meta name=\"robots\" content=\"index, follow, max-snippet:-1, max-image-preview:large, max-video-preview:-1\" \/>\n<link rel=\"canonical\" href=\"https:\/\/monti.lt\/en\/product\/connetix-konstruktorius-rampos-ir-posukiai-16-el\/\" \/>\n<meta property=\"og:locale\" content=\"en_US\" \/>\n<meta property=\"og:type\" content=\"article\" \/>\n<meta property=\"og:title\" content=\"Connetix konstruktorius rampos ir pos\u016bkiai, 16 el. - Montessori \u017eaislai\" \/>\n<meta property=\"og:description\" content=\"Apra\u0161ymas I\u0161pl\u0117skite vaizduot\u0117s ir \u017eaidimo galimybes, pad\u0117dami STEAM mokymosi pagrindus! CONNETIX 16 dali\u0173 pakuot\u0117je \u201eKeli\u0173 rampos ir sankry\u017eos\u201c yra i\u0161skirtini\u0173 keli\u0173 \u012fkv\u0117pt\u0173 magnetini\u0173 plyteli\u0173 form\u0173, \u012fskaitant ketvir\u010dius apskritim\u0173, arkas, sankry\u017eas, ilgas ir trumpas ramp\u0173 formas, kurios yra eleganti\u0161ko juodo atspalvio. Sukurta nesibaigiantiems konstravimo nuotykiams paskatinti, kad v\u0117l ir v\u0117l gal\u0117tum\u0117te kurti riedlen\u010di\u0173 parkus, lenktyni\u0173 trasas, [&hellip;]\" \/>\n<meta property=\"og:url\" content=\"https:\/\/monti.lt\/en\/product\/connetix-konstruktorius-rampos-ir-posukiai-16-el\/\" \/>\n<meta property=\"og:site_name\" content=\"Montessori \u017eaislai\" \/>\n<meta property=\"article:modified_time\" content=\"2026-03-20T08:44:19+00:00\" \/>\n<meta property=\"og:image\" content=\"https:\/\/monti.lt\/wp-content\/uploads\/2024\/12\/CONNETIX-16-Piece-Roads-RI-910x1024.jpg\" \/>\n\t<meta property=\"og:image:width\" content=\"910\" \/>\n\t<meta property=\"og:image:height\" content=\"1024\" \/>\n\t<meta property=\"og:image:type\" content=\"image\/jpeg\" \/>\n<meta name=\"twitter:card\" content=\"summary_large_image\" \/>\n<meta name=\"twitter:label1\" content=\"Est. reading time\" \/>\n\t<meta name=\"twitter:data1\" content=\"2 minutes\" \/>\n<script type=\"application\/ld+json\" class=\"yoast-schema-graph\">{\"@context\":\"https:\/\/schema.org\",\"@graph\":[{\"@type\":\"WebPage\",\"@id\":\"https:\/\/monti.lt\/product\/connetix-konstruktorius-rampos-ir-posukiai-16-el\/\",\"url\":\"https:\/\/monti.lt\/product\/connetix-konstruktorius-rampos-ir-posukiai-16-el\/\",\"name\":\"Connetix konstruktorius rampos ir pos\u016bkiai, 16 el. - Montessori \u017eaislai\",\"isPartOf\":{\"@id\":\"https:\/\/monti.lt\/#website\"},\"primaryImageOfPage\":{\"@id\":\"https:\/\/monti.lt\/product\/connetix-konstruktorius-rampos-ir-posukiai-16-el\/#primaryimage\"},\"image\":{\"@id\":\"https:\/\/monti.lt\/product\/connetix-konstruktorius-rampos-ir-posukiai-16-el\/#primaryimage\"},\"thumbnailUrl\":\"https:\/\/monti.lt\/wp-content\/uploads\/2024\/12\/CONNETIX-16-Piece-Roads-RI.jpg\",\"datePublished\":\"2024-12-01T22:57:12+00:00\",\"dateModified\":\"2026-03-20T08:44:19+00:00\",\"breadcrumb\":{\"@id\":\"https:\/\/monti.lt\/product\/connetix-konstruktorius-rampos-ir-posukiai-16-el\/#breadcrumb\"},\"inLanguage\":\"en-US\",\"potentialAction\":[{\"@type\":\"ReadAction\",\"target\":[\"https:\/\/monti.lt\/product\/connetix-konstruktorius-rampos-ir-posukiai-16-el\/\"]}]},{\"@type\":\"ImageObject\",\"inLanguage\":\"en-US\",\"@id\":\"https:\/\/monti.lt\/product\/connetix-konstruktorius-rampos-ir-posukiai-16-el\/#primaryimage\",\"url\":\"https:\/\/monti.lt\/wp-content\/uploads\/2024\/12\/CONNETIX-16-Piece-Roads-RI.jpg\",\"contentUrl\":\"https:\/\/monti.lt\/wp-content\/uploads\/2024\/12\/CONNETIX-16-Piece-Roads-RI.jpg\",\"width\":1600,\"height\":1800,\"caption\":\"connetix konstruktorius\"},{\"@type\":\"BreadcrumbList\",\"@id\":\"https:\/\/monti.lt\/product\/connetix-konstruktorius-rampos-ir-posukiai-16-el\/#breadcrumb\",\"itemListElement\":[{\"@type\":\"ListItem\",\"position\":1,\"name\":\"Home\",\"item\":\"https:\/\/monti.lt\/\"},{\"@type\":\"ListItem\",\"position\":2,\"name\":\"Parduotuv\u0117\",\"item\":\"https:\/\/monti.lt\/shop\/\"},{\"@type\":\"ListItem\",\"position\":3,\"name\":\"Connetix konstruktorius rampos ir pos\u016bkiai, 16 el.\"}]},{\"@type\":\"WebSite\",\"@id\":\"https:\/\/monti.lt\/#website\",\"url\":\"https:\/\/monti.lt\/\",\"name\":\"Montessori \u017eaislai\",\"description\":\"\",\"publisher\":{\"@id\":\"https:\/\/monti.lt\/#organization\"},\"potentialAction\":[{\"@type\":\"SearchAction\",\"target\":{\"@type\":\"EntryPoint\",\"urlTemplate\":\"https:\/\/monti.lt\/?s={search_term_string}\"},\"query-input\":\"required name=search_term_string\"}],\"inLanguage\":\"en-US\"},{\"@type\":\"Organization\",\"@id\":\"https:\/\/monti.lt\/#organization\",\"name\":\"Montessori \u017eaislai\",\"url\":\"https:\/\/monti.lt\/\",\"logo\":{\"@type\":\"ImageObject\",\"inLanguage\":\"en-US\",\"@id\":\"https:\/\/monti.lt\/#\/schema\/logo\/image\/\",\"url\":\"https:\/\/monti.lt\/wp-content\/uploads\/2022\/03\/montilogo-1.png\",\"contentUrl\":\"https:\/\/monti.lt\/wp-content\/uploads\/2022\/03\/montilogo-1.png\",\"width\":512,\"height\":512,\"caption\":\"Montessori \u017eaislai\"},\"image\":{\"@id\":\"https:\/\/monti.lt\/#\/schema\/logo\/image\/\"}}]}<\/script>\n<!-- \/ Yoast SEO plugin. -->","yoast_head_json":{"title":"Connetix konstruktorius rampos ir pos\u016bkiai, 16 el. - Montessori \u017eaislai","robots":{"index":"index","follow":"follow","max-snippet":"max-snippet:-1","max-image-preview":"max-image-preview:large","max-video-preview":"max-video-preview:-1"},"canonical":"https:\/\/monti.lt\/en\/product\/connetix-konstruktorius-rampos-ir-posukiai-16-el\/","og_locale":"en_US","og_type":"article","og_title":"Connetix konstruktorius rampos ir pos\u016bkiai, 16 el. - Montessori \u017eaislai","og_description":"Apra\u0161ymas I\u0161pl\u0117skite vaizduot\u0117s ir \u017eaidimo galimybes, pad\u0117dami STEAM mokymosi pagrindus! CONNETIX 16 dali\u0173 pakuot\u0117je \u201eKeli\u0173 rampos ir sankry\u017eos\u201c yra i\u0161skirtini\u0173 keli\u0173 \u012fkv\u0117pt\u0173 magnetini\u0173 plyteli\u0173 form\u0173, \u012fskaitant ketvir\u010dius apskritim\u0173, arkas, sankry\u017eas, ilgas ir trumpas ramp\u0173 formas, kurios yra eleganti\u0161ko juodo atspalvio. Sukurta nesibaigiantiems konstravimo nuotykiams paskatinti, kad v\u0117l ir v\u0117l gal\u0117tum\u0117te kurti riedlen\u010di\u0173 parkus, lenktyni\u0173 trasas, [&hellip;]","og_url":"https:\/\/monti.lt\/en\/product\/connetix-konstruktorius-rampos-ir-posukiai-16-el\/","og_site_name":"Montessori \u017eaislai","article_modified_time":"2026-03-20T08:44:19+00:00","og_image":[{"width":910,"height":1024,"url":"https:\/\/monti.lt\/wp-content\/uploads\/2024\/12\/CONNETIX-16-Piece-Roads-RI-910x1024.jpg","type":"image\/jpeg"}],"twitter_card":"summary_large_image","twitter_misc":{"Est. reading time":"2 minutes"},"schema":{"@context":"https:\/\/schema.org","@graph":[{"@type":"WebPage","@id":"https:\/\/monti.lt\/product\/connetix-konstruktorius-rampos-ir-posukiai-16-el\/","url":"https:\/\/monti.lt\/product\/connetix-konstruktorius-rampos-ir-posukiai-16-el\/","name":"Connetix konstruktorius rampos ir pos\u016bkiai, 16 el. - Montessori \u017eaislai","isPartOf":{"@id":"https:\/\/monti.lt\/#website"},"primaryImageOfPage":{"@id":"https:\/\/monti.lt\/product\/connetix-konstruktorius-rampos-ir-posukiai-16-el\/#primaryimage"},"image":{"@id":"https:\/\/monti.lt\/product\/connetix-konstruktorius-rampos-ir-posukiai-16-el\/#primaryimage"},"thumbnailUrl":"https:\/\/monti.lt\/wp-content\/uploads\/2024\/12\/CONNETIX-16-Piece-Roads-RI.jpg","datePublished":"2024-12-01T22:57:12+00:00","dateModified":"2026-03-20T08:44:19+00:00","breadcrumb":{"@id":"https:\/\/monti.lt\/product\/connetix-konstruktorius-rampos-ir-posukiai-16-el\/#breadcrumb"},"inLanguage":"en-US","potentialAction":[{"@type":"ReadAction","target":["https:\/\/monti.lt\/product\/connetix-konstruktorius-rampos-ir-posukiai-16-el\/"]}]},{"@type":"ImageObject","inLanguage":"en-US","@id":"https:\/\/monti.lt\/product\/connetix-konstruktorius-rampos-ir-posukiai-16-el\/#primaryimage","url":"https:\/\/monti.lt\/wp-content\/uploads\/2024\/12\/CONNETIX-16-Piece-Roads-RI.jpg","contentUrl":"https:\/\/monti.lt\/wp-content\/uploads\/2024\/12\/CONNETIX-16-Piece-Roads-RI.jpg","width":1600,"height":1800,"caption":"connetix konstruktorius"},{"@type":"BreadcrumbList","@id":"https:\/\/monti.lt\/product\/connetix-konstruktorius-rampos-ir-posukiai-16-el\/#breadcrumb","itemListElement":[{"@type":"ListItem","position":1,"name":"Home","item":"https:\/\/monti.lt\/"},{"@type":"ListItem","position":2,"name":"Parduotuv\u0117","item":"https:\/\/monti.lt\/shop\/"},{"@type":"ListItem","position":3,"name":"Connetix konstruktorius rampos ir pos\u016bkiai, 16 el."}]},{"@type":"WebSite","@id":"https:\/\/monti.lt\/#website","url":"https:\/\/monti.lt\/","name":"Montessori \u017eaislai","description":"","publisher":{"@id":"https:\/\/monti.lt\/#organization"},"potentialAction":[{"@type":"SearchAction","target":{"@type":"EntryPoint","urlTemplate":"https:\/\/monti.lt\/?s={search_term_string}"},"query-input":"required name=search_term_string"}],"inLanguage":"en-US"},{"@type":"Organization","@id":"https:\/\/monti.lt\/#organization","name":"Montessori \u017eaislai","url":"https:\/\/monti.lt\/","logo":{"@type":"ImageObject","inLanguage":"en-US","@id":"https:\/\/monti.lt\/#\/schema\/logo\/image\/","url":"https:\/\/monti.lt\/wp-content\/uploads\/2022\/03\/montilogo-1.png","contentUrl":"https:\/\/monti.lt\/wp-content\/uploads\/2022\/03\/montilogo-1.png","width":512,"height":512,"caption":"Montessori \u017eaislai"},"image":{"@id":"https:\/\/monti.lt\/#\/schema\/logo\/image\/"}}]}},"_links":{"self":[{"href":"https:\/\/monti.lt\/en\/wp-json\/wp\/v2\/product\/28649"}],"collection":[{"href":"https:\/\/monti.lt\/en\/wp-json\/wp\/v2\/product"}],"about":[{"href":"https:\/\/monti.lt\/en\/wp-json\/wp\/v2\/types\/product"}],"version-history":[{"count":1,"href":"https:\/\/monti.lt\/en\/wp-json\/wp\/v2\/product\/28649\/revisions"}],"predecessor-version":[{"id":28654,"href":"https:\/\/monti.lt\/en\/wp-json\/wp\/v2\/product\/28649\/revisions\/28654"}],"wp:featuredmedia":[{"embeddable":true,"href":"https:\/\/monti.lt\/en\/wp-json\/wp\/v2\/media\/28650"}],"wp:attachment":[{"href":"https:\/\/monti.lt\/en\/wp-json\/wp\/v2\/media?parent=28649"}],"wp:term":[{"taxonomy":"product_cat","embeddable":true,"href":"https:\/\/monti.lt\/en\/wp-json\/wp\/v2\/product_cat?post=28649"},{"taxonomy":"product_tag","embeddable":true,"href":"https:\/\/monti.lt\/en\/wp-json\/wp\/v2\/product_tag?post=28649"}],"curies":[{"name":"wp","href":"https:\/\/api.w.org\/{rel}","templated":true}]}}