{"id":28655,"date":"2024-12-01T23:01:32","date_gmt":"2024-12-01T23:01:32","guid":{"rendered":"https:\/\/monti.lt\/?post_type=product&#038;p=28655"},"modified":"2025-12-19T12:22:30","modified_gmt":"2025-12-19T12:22:30","slug":"connetix-konstruktorius-judejimas-24-el","status":"publish","type":"product","link":"https:\/\/monti.lt\/en\/product\/connetix-konstruktorius-judejimas-24-el\/","title":{"rendered":"Connetix konstruktorius &#8220;Jud\u0117jimas&#8221;, 24 el."},"content":{"rendered":"<p>Apra\u0161ymas<\/p>\n\n\n\n<p>\u012ejunkite vaizduot\u0119 su m\u016bs\u0173 24 dali\u0173 judesio rinkiniu. \u0160iame pakete yra du automobili\u0173 pagrindai su tikros gumos ratukais ir unikaliu nuo\u017eulniu dizainu, taip pat \u012fvairios plytel\u0117s ir tai puiki dovana transporto priemoni\u0173 entuziastams.<\/p>\n\n\n\n<p>Skatindamas k\u016brybi\u0161kum\u0105, vaizduot\u0119 ir STEAM mokym\u0105si per \u017dAIDIM\u0104, m\u016bs\u0173 \u201eMotion Pack\u201c suteikia begal\u0119 galimybi\u0173 kaip atskiras, pradinis ar papildomas paketas ir skatina vaikus tyrin\u0117ti jud\u0117jimo ir judesio, magnetizmo ir spalv\u0173 s\u0105vokas konstruojant neribot\u0105 kiek\u012f transporto priemoni\u0173 &#8211; nuo automobili\u0173 iki sunkve\u017eimi\u0173, nuo jacht\u0173 iki laiv\u0173, nuo autobus\u0173 iki gaisrini\u0173 ma\u0161in\u0173, ropojan\u010di\u0173 b\u016btybi\u0173 ir dar daugiau!<\/p>\n\n\n\n<p>Kadangi CONNETIX yra kokybi\u0161kas \u017eaislas, jis augs kartu su j\u016bs\u0173 vaiku, kai jis mokysis ir jo \u017eaidimas taps sud\u0117tingesnis. I\u0161pl\u0117skite savo kolekcij\u0105 ir papildykite \u201eMotion Pack\u201c 62 dali\u0173 pradiniu paketu ir 40 dali\u0173 i\u0161pl\u0117timo paketu, kad transporto priemoni\u0173 k\u016bryba pereit\u0173 \u012f kit\u0105 lyg\u012f!<\/p>\n\n\n\n<p>Apie m\u016bs\u0173 gaminius:<\/p>\n\n\n\n<p>Visos plytel\u0117s pagamintos i\u0161 netoksi\u0161ko ABS plastiko, kuriame n\u0117ra BPA ir ftalat\u0173, u\u017eklijuotos ir sukniedytos, kad b\u016bt\u0173 u\u017etikrintas didesnis saugumas.<br>M\u016bs\u0173 unikali nuo\u017eulni konstrukcija leid\u017eia CONNETIX b\u016bti tvirtai ir tuo pat metu u\u017etikrinti gra\u017eius ir ai\u0161kius l\u016b\u017eius.<br>CONNETIX yra suderinami su kitais pirmaujan\u010diais preki\u0173 \u017eenklais.<br>Rekomenduojamas am\u017eius: 3+ (yra magnet\u0173 ir smulki\u0173 dali\u0173).<\/p>","protected":false},"excerpt":{"rendered":"<p>Apra\u0161ymas \u012ejunkite vaizduot\u0119 su m\u016bs\u0173 24 dali\u0173 judesio rinkiniu. \u0160iame pakete yra du automobili\u0173 pagrindai su tikros gumos ratukais ir unikaliu nuo\u017eulniu dizainu, taip pat \u012fvairios plytel\u0117s ir tai puiki dovana transporto priemoni\u0173 entuziastams. Skatindamas k\u016brybi\u0161kum\u0105, vaizduot\u0119 ir STEAM mokym\u0105si per \u017dAIDIM\u0104, m\u016bs\u0173 \u201eMotion Pack\u201c suteikia begal\u0119 galimybi\u0173 kaip atskiras, pradinis ar papildomas paketas ir [&hellip;]<\/p>","protected":false},"featured_media":28656,"template":"","meta":{"_acf_changed":false,"iawp_total_views":432},"product_cat":[213,243,92,194,195,216,191,82,192,87,84,242,50,202,49,39],"product_tag":[96,97,98],"class_list":{"0":"post-28655","1":"product","2":"type-product","3":"status-publish","4":"has-post-thumbnail","6":"product_cat-akcija","7":"product_cat-connetix","8":"product_cat-deliones","9":"product_cat-dovanos-vaikams-2-3-metu","10":"product_cat-dovanos-vaikams-3-4-metu","11":"product_cat-dovanos-4-5-metu-vaikams","12":"product_cat-dovanos-vaikams","13":"product_cat-ispardavimas","14":"product_cat-kaledines-dovanos-vaikams","15":"product_cat-kurybiniai-rinkiniai","16":"product_cat-lavinamieji-zaislai","17":"product_cat-pagal-gamintoja","18":"product_cat-top-dovanos","19":"product_cat-vaaikiski-konstruktoriai","20":"product_cat-visi-zaislai","21":"product_cat-zaislai","22":"product_tag-2-m-3-m","23":"product_tag-3-m-4-m","24":"product_tag-5-m-7-m","26":"first","27":"outofstock","28":"sale","29":"taxable","30":"shipping-taxable","31":"purchasable","32":"product-type-simple"},"acf":[],"yoast_head":"<!-- This site is optimized with the Yoast SEO plugin v23.3 - https:\/\/yoast.com\/wordpress\/plugins\/seo\/ -->\n<title>Connetix konstruktorius &quot;Jud\u0117jimas&quot;, 24 el. - Montessori \u017eaislai<\/title>\n<meta name=\"robots\" content=\"index, follow, max-snippet:-1, max-image-preview:large, max-video-preview:-1\" \/>\n<link rel=\"canonical\" href=\"https:\/\/monti.lt\/en\/product\/connetix-konstruktorius-judejimas-24-el\/\" \/>\n<meta property=\"og:locale\" content=\"en_US\" \/>\n<meta property=\"og:type\" content=\"article\" \/>\n<meta property=\"og:title\" content=\"Connetix konstruktorius &quot;Jud\u0117jimas&quot;, 24 el. - Montessori \u017eaislai\" \/>\n<meta property=\"og:description\" content=\"Apra\u0161ymas \u012ejunkite vaizduot\u0119 su m\u016bs\u0173 24 dali\u0173 judesio rinkiniu. \u0160iame pakete yra du automobili\u0173 pagrindai su tikros gumos ratukais ir unikaliu nuo\u017eulniu dizainu, taip pat \u012fvairios plytel\u0117s ir tai puiki dovana transporto priemoni\u0173 entuziastams. Skatindamas k\u016brybi\u0161kum\u0105, vaizduot\u0119 ir STEAM mokym\u0105si per \u017dAIDIM\u0104, m\u016bs\u0173 \u201eMotion Pack\u201c suteikia begal\u0119 galimybi\u0173 kaip atskiras, pradinis ar papildomas paketas ir [&hellip;]\" \/>\n<meta property=\"og:url\" content=\"https:\/\/monti.lt\/en\/product\/connetix-konstruktorius-judejimas-24-el\/\" \/>\n<meta property=\"og:site_name\" content=\"Montessori \u017eaislai\" \/>\n<meta property=\"article:modified_time\" content=\"2025-12-19T12:22:30+00:00\" \/>\n<meta property=\"og:image\" content=\"https:\/\/monti.lt\/wp-content\/uploads\/2024\/12\/24-Motion-Resized.jpg\" \/>\n\t<meta property=\"og:image:width\" content=\"1600\" \/>\n\t<meta property=\"og:image:height\" content=\"1800\" \/>\n\t<meta property=\"og:image:type\" content=\"image\/jpeg\" \/>\n<meta name=\"twitter:card\" content=\"summary_large_image\" \/>\n<meta name=\"twitter:label1\" content=\"Est. reading time\" \/>\n\t<meta name=\"twitter:data1\" content=\"2 minutes\" \/>\n<script type=\"application\/ld+json\" class=\"yoast-schema-graph\">{\"@context\":\"https:\/\/schema.org\",\"@graph\":[{\"@type\":\"WebPage\",\"@id\":\"https:\/\/monti.lt\/product\/connetix-konstruktorius-judejimas-24-el\/\",\"url\":\"https:\/\/monti.lt\/product\/connetix-konstruktorius-judejimas-24-el\/\",\"name\":\"Connetix konstruktorius \\\"Jud\u0117jimas\\\", 24 el. - Montessori \u017eaislai\",\"isPartOf\":{\"@id\":\"https:\/\/monti.lt\/#website\"},\"primaryImageOfPage\":{\"@id\":\"https:\/\/monti.lt\/product\/connetix-konstruktorius-judejimas-24-el\/#primaryimage\"},\"image\":{\"@id\":\"https:\/\/monti.lt\/product\/connetix-konstruktorius-judejimas-24-el\/#primaryimage\"},\"thumbnailUrl\":\"https:\/\/monti.lt\/wp-content\/uploads\/2024\/12\/24-Motion-Resized.jpg\",\"datePublished\":\"2024-12-01T23:01:32+00:00\",\"dateModified\":\"2025-12-19T12:22:30+00:00\",\"breadcrumb\":{\"@id\":\"https:\/\/monti.lt\/product\/connetix-konstruktorius-judejimas-24-el\/#breadcrumb\"},\"inLanguage\":\"en-US\",\"potentialAction\":[{\"@type\":\"ReadAction\",\"target\":[\"https:\/\/monti.lt\/product\/connetix-konstruktorius-judejimas-24-el\/\"]}]},{\"@type\":\"ImageObject\",\"inLanguage\":\"en-US\",\"@id\":\"https:\/\/monti.lt\/product\/connetix-konstruktorius-judejimas-24-el\/#primaryimage\",\"url\":\"https:\/\/monti.lt\/wp-content\/uploads\/2024\/12\/24-Motion-Resized.jpg\",\"contentUrl\":\"https:\/\/monti.lt\/wp-content\/uploads\/2024\/12\/24-Motion-Resized.jpg\",\"width\":1600,\"height\":1800,\"caption\":\"connetix konstruktorius\"},{\"@type\":\"BreadcrumbList\",\"@id\":\"https:\/\/monti.lt\/product\/connetix-konstruktorius-judejimas-24-el\/#breadcrumb\",\"itemListElement\":[{\"@type\":\"ListItem\",\"position\":1,\"name\":\"Home\",\"item\":\"https:\/\/monti.lt\/\"},{\"@type\":\"ListItem\",\"position\":2,\"name\":\"Parduotuv\u0117\",\"item\":\"https:\/\/monti.lt\/shop\/\"},{\"@type\":\"ListItem\",\"position\":3,\"name\":\"Connetix konstruktorius &#8220;Jud\u0117jimas&#8221;, 24 el.\"}]},{\"@type\":\"WebSite\",\"@id\":\"https:\/\/monti.lt\/#website\",\"url\":\"https:\/\/monti.lt\/\",\"name\":\"Montessori \u017eaislai\",\"description\":\"\",\"publisher\":{\"@id\":\"https:\/\/monti.lt\/#organization\"},\"potentialAction\":[{\"@type\":\"SearchAction\",\"target\":{\"@type\":\"EntryPoint\",\"urlTemplate\":\"https:\/\/monti.lt\/?s={search_term_string}\"},\"query-input\":\"required name=search_term_string\"}],\"inLanguage\":\"en-US\"},{\"@type\":\"Organization\",\"@id\":\"https:\/\/monti.lt\/#organization\",\"name\":\"Montessori \u017eaislai\",\"url\":\"https:\/\/monti.lt\/\",\"logo\":{\"@type\":\"ImageObject\",\"inLanguage\":\"en-US\",\"@id\":\"https:\/\/monti.lt\/#\/schema\/logo\/image\/\",\"url\":\"https:\/\/monti.lt\/wp-content\/uploads\/2022\/03\/montilogo-1.png\",\"contentUrl\":\"https:\/\/monti.lt\/wp-content\/uploads\/2022\/03\/montilogo-1.png\",\"width\":512,\"height\":512,\"caption\":\"Montessori \u017eaislai\"},\"image\":{\"@id\":\"https:\/\/monti.lt\/#\/schema\/logo\/image\/\"}}]}<\/script>\n<!-- \/ Yoast SEO plugin. -->","yoast_head_json":{"title":"Connetix konstruktorius \"Jud\u0117jimas\", 24 el. - Montessori \u017eaislai","robots":{"index":"index","follow":"follow","max-snippet":"max-snippet:-1","max-image-preview":"max-image-preview:large","max-video-preview":"max-video-preview:-1"},"canonical":"https:\/\/monti.lt\/en\/product\/connetix-konstruktorius-judejimas-24-el\/","og_locale":"en_US","og_type":"article","og_title":"Connetix konstruktorius \"Jud\u0117jimas\", 24 el. - Montessori \u017eaislai","og_description":"Apra\u0161ymas \u012ejunkite vaizduot\u0119 su m\u016bs\u0173 24 dali\u0173 judesio rinkiniu. \u0160iame pakete yra du automobili\u0173 pagrindai su tikros gumos ratukais ir unikaliu nuo\u017eulniu dizainu, taip pat \u012fvairios plytel\u0117s ir tai puiki dovana transporto priemoni\u0173 entuziastams. Skatindamas k\u016brybi\u0161kum\u0105, vaizduot\u0119 ir STEAM mokym\u0105si per \u017dAIDIM\u0104, m\u016bs\u0173 \u201eMotion Pack\u201c suteikia begal\u0119 galimybi\u0173 kaip atskiras, pradinis ar papildomas paketas ir [&hellip;]","og_url":"https:\/\/monti.lt\/en\/product\/connetix-konstruktorius-judejimas-24-el\/","og_site_name":"Montessori \u017eaislai","article_modified_time":"2025-12-19T12:22:30+00:00","og_image":[{"width":1600,"height":1800,"url":"https:\/\/monti.lt\/wp-content\/uploads\/2024\/12\/24-Motion-Resized.jpg","type":"image\/jpeg"}],"twitter_card":"summary_large_image","twitter_misc":{"Est. reading time":"2 minutes"},"schema":{"@context":"https:\/\/schema.org","@graph":[{"@type":"WebPage","@id":"https:\/\/monti.lt\/product\/connetix-konstruktorius-judejimas-24-el\/","url":"https:\/\/monti.lt\/product\/connetix-konstruktorius-judejimas-24-el\/","name":"Connetix konstruktorius \"Jud\u0117jimas\", 24 el. - Montessori \u017eaislai","isPartOf":{"@id":"https:\/\/monti.lt\/#website"},"primaryImageOfPage":{"@id":"https:\/\/monti.lt\/product\/connetix-konstruktorius-judejimas-24-el\/#primaryimage"},"image":{"@id":"https:\/\/monti.lt\/product\/connetix-konstruktorius-judejimas-24-el\/#primaryimage"},"thumbnailUrl":"https:\/\/monti.lt\/wp-content\/uploads\/2024\/12\/24-Motion-Resized.jpg","datePublished":"2024-12-01T23:01:32+00:00","dateModified":"2025-12-19T12:22:30+00:00","breadcrumb":{"@id":"https:\/\/monti.lt\/product\/connetix-konstruktorius-judejimas-24-el\/#breadcrumb"},"inLanguage":"en-US","potentialAction":[{"@type":"ReadAction","target":["https:\/\/monti.lt\/product\/connetix-konstruktorius-judejimas-24-el\/"]}]},{"@type":"ImageObject","inLanguage":"en-US","@id":"https:\/\/monti.lt\/product\/connetix-konstruktorius-judejimas-24-el\/#primaryimage","url":"https:\/\/monti.lt\/wp-content\/uploads\/2024\/12\/24-Motion-Resized.jpg","contentUrl":"https:\/\/monti.lt\/wp-content\/uploads\/2024\/12\/24-Motion-Resized.jpg","width":1600,"height":1800,"caption":"connetix konstruktorius"},{"@type":"BreadcrumbList","@id":"https:\/\/monti.lt\/product\/connetix-konstruktorius-judejimas-24-el\/#breadcrumb","itemListElement":[{"@type":"ListItem","position":1,"name":"Home","item":"https:\/\/monti.lt\/"},{"@type":"ListItem","position":2,"name":"Parduotuv\u0117","item":"https:\/\/monti.lt\/shop\/"},{"@type":"ListItem","position":3,"name":"Connetix konstruktorius &#8220;Jud\u0117jimas&#8221;, 24 el."}]},{"@type":"WebSite","@id":"https:\/\/monti.lt\/#website","url":"https:\/\/monti.lt\/","name":"Montessori \u017eaislai","description":"","publisher":{"@id":"https:\/\/monti.lt\/#organization"},"potentialAction":[{"@type":"SearchAction","target":{"@type":"EntryPoint","urlTemplate":"https:\/\/monti.lt\/?s={search_term_string}"},"query-input":"required name=search_term_string"}],"inLanguage":"en-US"},{"@type":"Organization","@id":"https:\/\/monti.lt\/#organization","name":"Montessori \u017eaislai","url":"https:\/\/monti.lt\/","logo":{"@type":"ImageObject","inLanguage":"en-US","@id":"https:\/\/monti.lt\/#\/schema\/logo\/image\/","url":"https:\/\/monti.lt\/wp-content\/uploads\/2022\/03\/montilogo-1.png","contentUrl":"https:\/\/monti.lt\/wp-content\/uploads\/2022\/03\/montilogo-1.png","width":512,"height":512,"caption":"Montessori \u017eaislai"},"image":{"@id":"https:\/\/monti.lt\/#\/schema\/logo\/image\/"}}]}},"_links":{"self":[{"href":"https:\/\/monti.lt\/en\/wp-json\/wp\/v2\/product\/28655"}],"collection":[{"href":"https:\/\/monti.lt\/en\/wp-json\/wp\/v2\/product"}],"about":[{"href":"https:\/\/monti.lt\/en\/wp-json\/wp\/v2\/types\/product"}],"version-history":[{"count":1,"href":"https:\/\/monti.lt\/en\/wp-json\/wp\/v2\/product\/28655\/revisions"}],"predecessor-version":[{"id":28657,"href":"https:\/\/monti.lt\/en\/wp-json\/wp\/v2\/product\/28655\/revisions\/28657"}],"wp:featuredmedia":[{"embeddable":true,"href":"https:\/\/monti.lt\/en\/wp-json\/wp\/v2\/media\/28656"}],"wp:attachment":[{"href":"https:\/\/monti.lt\/en\/wp-json\/wp\/v2\/media?parent=28655"}],"wp:term":[{"taxonomy":"product_cat","embeddable":true,"href":"https:\/\/monti.lt\/en\/wp-json\/wp\/v2\/product_cat?post=28655"},{"taxonomy":"product_tag","embeddable":true,"href":"https:\/\/monti.lt\/en\/wp-json\/wp\/v2\/product_tag?post=28655"}],"curies":[{"name":"wp","href":"https:\/\/api.w.org\/{rel}","templated":true}]}}