{"id":28658,"date":"2024-12-01T23:05:24","date_gmt":"2024-12-01T23:05:24","guid":{"rendered":"https:\/\/monti.lt\/?post_type=product&#038;p=28658"},"modified":"2026-03-15T15:06:55","modified_gmt":"2026-03-15T15:06:55","slug":"connetix-konstruktorius-mini-24-el","status":"publish","type":"product","link":"https:\/\/monti.lt\/en\/product\/connetix-konstruktorius-mini-24-el\/","title":{"rendered":"Connetix konstruktorius Mini, 24 el."},"content":{"rendered":"<p>I\u0161bandykite STEAM mokym\u0105si ir CONNETIX skirtumus su m\u016bs\u0173 24 vnt. vaivoryk\u0161t\u0117s mini rinkiniu. \u0160i pakuot\u0117, kurioje rasite \u012fvairi\u0173 vaivoryk\u0161t\u0117s spalv\u0173 fig\u016br\u0173, buvo sukurta taip, kad supa\u017eindint\u0173 su magnetini\u0173 plyteli\u0173 \u017eaidimu ir CONNETIX.<\/p>\n\n\n\n<p>Tyrin\u0117kite formas ir spalvas 2D ir 3D formatu. I\u0161bandykite CONNETIX firmin\u012f nuo\u017euln\u0173j\u012f dizain\u0105 ir stipresnius magnetus, kai statote auk\u0161tesnes ir m\u0117gaujat\u0117s ai\u0161kesniais l\u016b\u017eiais. Atraskite nauj\u0173 k\u016brybi\u0161kumo, dizaino ir konstravimo galimybi\u0173, \u012fskaitant raketas, ledus, namus, g\u0117les, dinozaurus, gyv\u016bnus, miestovaizd\u017eius, laivus ir mandalas.<\/p>\n\n\n\n<p>Nesvarbu, ar ie\u0161kote puikios dovanos, ar domit\u0117s CONNETIX magnetin\u0117mis plytel\u0117mis, ar norite prapl\u0117sti savo kolekcij\u0105, 24 vnt. vaivoryk\u0161t\u0117s mini pakuot\u0117 suteikia \u012fdomi\u0173 galimybi\u0173!<\/p>\n\n\n\n<p>Papildykite \u201eMini Pack\u201c bet kuriuo CONNETIX asortimento rinkiniu ir pakelkite savo k\u016bryb\u0105 \u012f auk\u0161tesn\u012f lyg\u012f.<\/p>\n\n\n\n<p>Apie m\u016bs\u0173 produktus:<\/p>\n\n\n\n<p>Visos plytel\u0117s pagamintos i\u0161 netoksi\u0161ko ABS plastiko, kuriame n\u0117ra BPA ir ftalat\u0173.<br>M\u016bs\u0173 unikalus nuo\u017eulnus dizainas leid\u017eia CONNETIX plytel\u0117ms b\u016bti tvirtoms ir kartu u\u017etikrinti gra\u017eius ir ai\u0161kius l\u016b\u017eius.<br>CONNETIX yra suderinami su kitais pirmaujan\u010diais preki\u0173 \u017eenklais.<br>Rekomenduojamas am\u017eius: 3+ (yra magnet\u0173 ir smulki\u0173 dali\u0173).<\/p>","protected":false},"excerpt":{"rendered":"<p>I\u0161bandykite STEAM mokym\u0105si ir CONNETIX skirtumus su m\u016bs\u0173 24 vnt. vaivoryk\u0161t\u0117s mini rinkiniu. \u0160i pakuot\u0117, kurioje rasite \u012fvairi\u0173 vaivoryk\u0161t\u0117s spalv\u0173 fig\u016br\u0173, buvo sukurta taip, kad supa\u017eindint\u0173 su magnetini\u0173 plyteli\u0173 \u017eaidimu ir CONNETIX. Tyrin\u0117kite formas ir spalvas 2D ir 3D formatu. I\u0161bandykite CONNETIX firmin\u012f nuo\u017euln\u0173j\u012f dizain\u0105 ir stipresnius magnetus, kai statote auk\u0161tesnes ir m\u0117gaujat\u0117s ai\u0161kesniais l\u016b\u017eiais. [&hellip;]<\/p>","protected":false},"featured_media":28659,"template":"","meta":{"_acf_changed":false,"iawp_total_views":690},"product_cat":[213,243,195,216,191,82,192,87,84,91,202,49,39],"product_tag":[97,98],"class_list":{"0":"post-28658","1":"product","2":"type-product","3":"status-publish","4":"has-post-thumbnail","6":"product_cat-akcija","7":"product_cat-connetix","8":"product_cat-dovanos-vaikams-3-4-metu","9":"product_cat-dovanos-4-5-metu-vaikams","10":"product_cat-dovanos-vaikams","11":"product_cat-ispardavimas","12":"product_cat-kaledines-dovanos-vaikams","13":"product_cat-kurybiniai-rinkiniai","14":"product_cat-lavinamieji-zaislai","15":"product_cat-loginiam-mastymui","16":"product_cat-vaaikiski-konstruktoriai","17":"product_cat-visi-zaislai","18":"product_cat-zaislai","19":"product_tag-3-m-4-m","20":"product_tag-5-m-7-m","22":"first","23":"outofstock","24":"taxable","25":"shipping-taxable","26":"purchasable","27":"product-type-simple"},"acf":[],"yoast_head":"<!-- This site is optimized with the Yoast SEO plugin v23.3 - https:\/\/yoast.com\/wordpress\/plugins\/seo\/ -->\n<title>Connetix konstruktorius Mini, 24 el. - Montessori \u017eaislai<\/title>\n<meta name=\"robots\" content=\"index, follow, max-snippet:-1, max-image-preview:large, max-video-preview:-1\" \/>\n<link rel=\"canonical\" href=\"https:\/\/monti.lt\/en\/product\/connetix-konstruktorius-mini-24-el\/\" \/>\n<meta property=\"og:locale\" content=\"en_US\" \/>\n<meta property=\"og:type\" content=\"article\" \/>\n<meta property=\"og:title\" content=\"Connetix konstruktorius Mini, 24 el. - Montessori \u017eaislai\" \/>\n<meta property=\"og:description\" content=\"I\u0161bandykite STEAM mokym\u0105si ir CONNETIX skirtumus su m\u016bs\u0173 24 vnt. vaivoryk\u0161t\u0117s mini rinkiniu. \u0160i pakuot\u0117, kurioje rasite \u012fvairi\u0173 vaivoryk\u0161t\u0117s spalv\u0173 fig\u016br\u0173, buvo sukurta taip, kad supa\u017eindint\u0173 su magnetini\u0173 plyteli\u0173 \u017eaidimu ir CONNETIX. Tyrin\u0117kite formas ir spalvas 2D ir 3D formatu. I\u0161bandykite CONNETIX firmin\u012f nuo\u017euln\u0173j\u012f dizain\u0105 ir stipresnius magnetus, kai statote auk\u0161tesnes ir m\u0117gaujat\u0117s ai\u0161kesniais l\u016b\u017eiais. [&hellip;]\" \/>\n<meta property=\"og:url\" content=\"https:\/\/monti.lt\/en\/product\/connetix-konstruktorius-mini-24-el\/\" \/>\n<meta property=\"og:site_name\" content=\"Montessori \u017eaislai\" \/>\n<meta property=\"article:modified_time\" content=\"2026-03-15T15:06:55+00:00\" \/>\n<meta property=\"og:image\" content=\"https:\/\/monti.lt\/wp-content\/uploads\/2024\/12\/24-Mini-Rainbow-Resized.jpg\" \/>\n\t<meta property=\"og:image:width\" content=\"1600\" \/>\n\t<meta property=\"og:image:height\" content=\"1800\" \/>\n\t<meta property=\"og:image:type\" content=\"image\/jpeg\" \/>\n<meta name=\"twitter:card\" content=\"summary_large_image\" \/>\n<meta name=\"twitter:label1\" content=\"Est. reading time\" \/>\n\t<meta name=\"twitter:data1\" content=\"2 minutes\" \/>\n<script type=\"application\/ld+json\" class=\"yoast-schema-graph\">{\"@context\":\"https:\/\/schema.org\",\"@graph\":[{\"@type\":\"WebPage\",\"@id\":\"https:\/\/monti.lt\/product\/connetix-konstruktorius-mini-24-el\/\",\"url\":\"https:\/\/monti.lt\/product\/connetix-konstruktorius-mini-24-el\/\",\"name\":\"Connetix konstruktorius Mini, 24 el. - Montessori \u017eaislai\",\"isPartOf\":{\"@id\":\"https:\/\/monti.lt\/#website\"},\"primaryImageOfPage\":{\"@id\":\"https:\/\/monti.lt\/product\/connetix-konstruktorius-mini-24-el\/#primaryimage\"},\"image\":{\"@id\":\"https:\/\/monti.lt\/product\/connetix-konstruktorius-mini-24-el\/#primaryimage\"},\"thumbnailUrl\":\"https:\/\/monti.lt\/wp-content\/uploads\/2024\/12\/24-Mini-Rainbow-Resized.jpg\",\"datePublished\":\"2024-12-01T23:05:24+00:00\",\"dateModified\":\"2026-03-15T15:06:55+00:00\",\"breadcrumb\":{\"@id\":\"https:\/\/monti.lt\/product\/connetix-konstruktorius-mini-24-el\/#breadcrumb\"},\"inLanguage\":\"en-US\",\"potentialAction\":[{\"@type\":\"ReadAction\",\"target\":[\"https:\/\/monti.lt\/product\/connetix-konstruktorius-mini-24-el\/\"]}]},{\"@type\":\"ImageObject\",\"inLanguage\":\"en-US\",\"@id\":\"https:\/\/monti.lt\/product\/connetix-konstruktorius-mini-24-el\/#primaryimage\",\"url\":\"https:\/\/monti.lt\/wp-content\/uploads\/2024\/12\/24-Mini-Rainbow-Resized.jpg\",\"contentUrl\":\"https:\/\/monti.lt\/wp-content\/uploads\/2024\/12\/24-Mini-Rainbow-Resized.jpg\",\"width\":1600,\"height\":1800,\"caption\":\"connetix konstruktorius\"},{\"@type\":\"BreadcrumbList\",\"@id\":\"https:\/\/monti.lt\/product\/connetix-konstruktorius-mini-24-el\/#breadcrumb\",\"itemListElement\":[{\"@type\":\"ListItem\",\"position\":1,\"name\":\"Home\",\"item\":\"https:\/\/monti.lt\/\"},{\"@type\":\"ListItem\",\"position\":2,\"name\":\"Parduotuv\u0117\",\"item\":\"https:\/\/monti.lt\/shop\/\"},{\"@type\":\"ListItem\",\"position\":3,\"name\":\"Connetix konstruktorius Mini, 24 el.\"}]},{\"@type\":\"WebSite\",\"@id\":\"https:\/\/monti.lt\/#website\",\"url\":\"https:\/\/monti.lt\/\",\"name\":\"Montessori \u017eaislai\",\"description\":\"\",\"publisher\":{\"@id\":\"https:\/\/monti.lt\/#organization\"},\"potentialAction\":[{\"@type\":\"SearchAction\",\"target\":{\"@type\":\"EntryPoint\",\"urlTemplate\":\"https:\/\/monti.lt\/?s={search_term_string}\"},\"query-input\":\"required name=search_term_string\"}],\"inLanguage\":\"en-US\"},{\"@type\":\"Organization\",\"@id\":\"https:\/\/monti.lt\/#organization\",\"name\":\"Montessori \u017eaislai\",\"url\":\"https:\/\/monti.lt\/\",\"logo\":{\"@type\":\"ImageObject\",\"inLanguage\":\"en-US\",\"@id\":\"https:\/\/monti.lt\/#\/schema\/logo\/image\/\",\"url\":\"https:\/\/monti.lt\/wp-content\/uploads\/2022\/03\/montilogo-1.png\",\"contentUrl\":\"https:\/\/monti.lt\/wp-content\/uploads\/2022\/03\/montilogo-1.png\",\"width\":512,\"height\":512,\"caption\":\"Montessori \u017eaislai\"},\"image\":{\"@id\":\"https:\/\/monti.lt\/#\/schema\/logo\/image\/\"}}]}<\/script>\n<!-- \/ Yoast SEO plugin. -->","yoast_head_json":{"title":"Connetix konstruktorius Mini, 24 el. - Montessori \u017eaislai","robots":{"index":"index","follow":"follow","max-snippet":"max-snippet:-1","max-image-preview":"max-image-preview:large","max-video-preview":"max-video-preview:-1"},"canonical":"https:\/\/monti.lt\/en\/product\/connetix-konstruktorius-mini-24-el\/","og_locale":"en_US","og_type":"article","og_title":"Connetix konstruktorius Mini, 24 el. - Montessori \u017eaislai","og_description":"I\u0161bandykite STEAM mokym\u0105si ir CONNETIX skirtumus su m\u016bs\u0173 24 vnt. vaivoryk\u0161t\u0117s mini rinkiniu. \u0160i pakuot\u0117, kurioje rasite \u012fvairi\u0173 vaivoryk\u0161t\u0117s spalv\u0173 fig\u016br\u0173, buvo sukurta taip, kad supa\u017eindint\u0173 su magnetini\u0173 plyteli\u0173 \u017eaidimu ir CONNETIX. Tyrin\u0117kite formas ir spalvas 2D ir 3D formatu. I\u0161bandykite CONNETIX firmin\u012f nuo\u017euln\u0173j\u012f dizain\u0105 ir stipresnius magnetus, kai statote auk\u0161tesnes ir m\u0117gaujat\u0117s ai\u0161kesniais l\u016b\u017eiais. [&hellip;]","og_url":"https:\/\/monti.lt\/en\/product\/connetix-konstruktorius-mini-24-el\/","og_site_name":"Montessori \u017eaislai","article_modified_time":"2026-03-15T15:06:55+00:00","og_image":[{"width":1600,"height":1800,"url":"https:\/\/monti.lt\/wp-content\/uploads\/2024\/12\/24-Mini-Rainbow-Resized.jpg","type":"image\/jpeg"}],"twitter_card":"summary_large_image","twitter_misc":{"Est. reading time":"2 minutes"},"schema":{"@context":"https:\/\/schema.org","@graph":[{"@type":"WebPage","@id":"https:\/\/monti.lt\/product\/connetix-konstruktorius-mini-24-el\/","url":"https:\/\/monti.lt\/product\/connetix-konstruktorius-mini-24-el\/","name":"Connetix konstruktorius Mini, 24 el. - Montessori \u017eaislai","isPartOf":{"@id":"https:\/\/monti.lt\/#website"},"primaryImageOfPage":{"@id":"https:\/\/monti.lt\/product\/connetix-konstruktorius-mini-24-el\/#primaryimage"},"image":{"@id":"https:\/\/monti.lt\/product\/connetix-konstruktorius-mini-24-el\/#primaryimage"},"thumbnailUrl":"https:\/\/monti.lt\/wp-content\/uploads\/2024\/12\/24-Mini-Rainbow-Resized.jpg","datePublished":"2024-12-01T23:05:24+00:00","dateModified":"2026-03-15T15:06:55+00:00","breadcrumb":{"@id":"https:\/\/monti.lt\/product\/connetix-konstruktorius-mini-24-el\/#breadcrumb"},"inLanguage":"en-US","potentialAction":[{"@type":"ReadAction","target":["https:\/\/monti.lt\/product\/connetix-konstruktorius-mini-24-el\/"]}]},{"@type":"ImageObject","inLanguage":"en-US","@id":"https:\/\/monti.lt\/product\/connetix-konstruktorius-mini-24-el\/#primaryimage","url":"https:\/\/monti.lt\/wp-content\/uploads\/2024\/12\/24-Mini-Rainbow-Resized.jpg","contentUrl":"https:\/\/monti.lt\/wp-content\/uploads\/2024\/12\/24-Mini-Rainbow-Resized.jpg","width":1600,"height":1800,"caption":"connetix konstruktorius"},{"@type":"BreadcrumbList","@id":"https:\/\/monti.lt\/product\/connetix-konstruktorius-mini-24-el\/#breadcrumb","itemListElement":[{"@type":"ListItem","position":1,"name":"Home","item":"https:\/\/monti.lt\/"},{"@type":"ListItem","position":2,"name":"Parduotuv\u0117","item":"https:\/\/monti.lt\/shop\/"},{"@type":"ListItem","position":3,"name":"Connetix konstruktorius Mini, 24 el."}]},{"@type":"WebSite","@id":"https:\/\/monti.lt\/#website","url":"https:\/\/monti.lt\/","name":"Montessori \u017eaislai","description":"","publisher":{"@id":"https:\/\/monti.lt\/#organization"},"potentialAction":[{"@type":"SearchAction","target":{"@type":"EntryPoint","urlTemplate":"https:\/\/monti.lt\/?s={search_term_string}"},"query-input":"required name=search_term_string"}],"inLanguage":"en-US"},{"@type":"Organization","@id":"https:\/\/monti.lt\/#organization","name":"Montessori \u017eaislai","url":"https:\/\/monti.lt\/","logo":{"@type":"ImageObject","inLanguage":"en-US","@id":"https:\/\/monti.lt\/#\/schema\/logo\/image\/","url":"https:\/\/monti.lt\/wp-content\/uploads\/2022\/03\/montilogo-1.png","contentUrl":"https:\/\/monti.lt\/wp-content\/uploads\/2022\/03\/montilogo-1.png","width":512,"height":512,"caption":"Montessori \u017eaislai"},"image":{"@id":"https:\/\/monti.lt\/#\/schema\/logo\/image\/"}}]}},"_links":{"self":[{"href":"https:\/\/monti.lt\/en\/wp-json\/wp\/v2\/product\/28658"}],"collection":[{"href":"https:\/\/monti.lt\/en\/wp-json\/wp\/v2\/product"}],"about":[{"href":"https:\/\/monti.lt\/en\/wp-json\/wp\/v2\/types\/product"}],"version-history":[{"count":1,"href":"https:\/\/monti.lt\/en\/wp-json\/wp\/v2\/product\/28658\/revisions"}],"predecessor-version":[{"id":28660,"href":"https:\/\/monti.lt\/en\/wp-json\/wp\/v2\/product\/28658\/revisions\/28660"}],"wp:featuredmedia":[{"embeddable":true,"href":"https:\/\/monti.lt\/en\/wp-json\/wp\/v2\/media\/28659"}],"wp:attachment":[{"href":"https:\/\/monti.lt\/en\/wp-json\/wp\/v2\/media?parent=28658"}],"wp:term":[{"taxonomy":"product_cat","embeddable":true,"href":"https:\/\/monti.lt\/en\/wp-json\/wp\/v2\/product_cat?post=28658"},{"taxonomy":"product_tag","embeddable":true,"href":"https:\/\/monti.lt\/en\/wp-json\/wp\/v2\/product_tag?post=28658"}],"curies":[{"name":"wp","href":"https:\/\/api.w.org\/{rel}","templated":true}]}}