{"id":28787,"date":"2024-12-04T11:45:50","date_gmt":"2024-12-04T11:45:50","guid":{"rendered":"https:\/\/monti.lt\/?post_type=product&#038;p=28787"},"modified":"2025-10-21T20:02:18","modified_gmt":"2025-10-21T20:02:18","slug":"little-dutch-barskutis-melynas-jureiviai","status":"publish","type":"product","link":"https:\/\/monti.lt\/en\/product\/little-dutch-barskutis-melynas-jureiviai\/","title":{"rendered":"Little Dutch bar\u0161kutis m\u0117lynas &#8220;J\u016breiviai&#8221;"},"content":{"rendered":"<p>Purtykite ir girg\u017ed\u0117kite! Apverskite lietaus bar\u0161kut\u012f, ir tryk\u0161tantys karoliukai persisuks \u012f kit\u0105 pus\u0119, skleisdami raminan\u010dius lietaus la\u0161\u0173 garsus. Tai skatins k\u016bdikio sensorin\u012f vystym\u0105si ir muzikinius gabumus. Trij\u0173 skirting\u0173 spalv\u0173 karoliukai krenta \u012f vamzdel\u012f pro ma\u017eas angas ir priver\u010dia suktis sraigtel\u012f, tod\u0117l skleid\u017eia malon\u0173 gars\u0105. Lietaus bar\u0161kutis pritaikytas ma\u017eoms rankyt\u0117ms ir lengvam pa\u0117mimui. Medinis vir\u0161us ir apa\u010dia iliustruoti burlaiviu ir raidele i\u0161 \u201eLittle Dutch Sailors Bay\u201c kolekcijos.<\/p>\n\n\n\n<p>I\u0161matavimai: Dydis: 5,4 x 5,4 x 14 cm.<br>Am\u017eius: nuo 3 m\u0117n.<br>Atitiktis: EN-71-1-2-3<\/p>\n\n\n\n<p>Translated with DeepL.com (free version)<\/p>","protected":false},"excerpt":{"rendered":"<p>Purtykite ir girg\u017ed\u0117kite! Apverskite lietaus bar\u0161kut\u012f, ir tryk\u0161tantys karoliukai persisuks \u012f kit\u0105 pus\u0119, skleisdami raminan\u010dius lietaus la\u0161\u0173 garsus. Tai skatins k\u016bdikio sensorin\u012f vystym\u0105si ir muzikinius gabumus. Trij\u0173 skirting\u0173 spalv\u0173 karoliukai krenta \u012f vamzdel\u012f pro ma\u017eas angas ir priver\u010dia suktis sraigtel\u012f, tod\u0117l skleid\u017eia malon\u0173 gars\u0105. Lietaus bar\u0161kutis pritaikytas ma\u017eoms rankyt\u0117ms ir lengvam pa\u0117mimui. Medinis vir\u0161us ir [&hellip;]<\/p>","protected":false},"featured_media":28788,"template":"","meta":{"_acf_changed":false,"iawp_total_views":96},"product_cat":[200,191,84,244,90,49,39,215,201],"product_tag":[94],"class_list":{"0":"post-28787","1":"product","2":"type-product","3":"status-publish","4":"has-post-thumbnail","6":"product_cat-dovanos-kudikiams","7":"product_cat-dovanos-vaikams","8":"product_cat-lavinamieji-zaislai","9":"product_cat-little-dutch","10":"product_cat-pasaulio-pazinimas","11":"product_cat-visi-zaislai","12":"product_cat-zaislai","13":"product_cat-zaislai-berniukams","14":"product_cat-zaislai-kelioneje","15":"product_tag-iki-1-m","17":"first","18":"outofstock","19":"sale","20":"taxable","21":"shipping-taxable","22":"purchasable","23":"product-type-simple"},"acf":[],"yoast_head":"<!-- This site is optimized with the Yoast SEO plugin v23.3 - https:\/\/yoast.com\/wordpress\/plugins\/seo\/ -->\n<title>Little Dutch bar\u0161kutis m\u0117lynas &quot;J\u016breiviai&quot; - Montessori \u017eaislai<\/title>\n<meta name=\"robots\" content=\"index, follow, max-snippet:-1, max-image-preview:large, max-video-preview:-1\" \/>\n<link rel=\"canonical\" href=\"https:\/\/monti.lt\/en\/product\/little-dutch-barskutis-melynas-jureiviai\/\" \/>\n<meta property=\"og:locale\" content=\"en_US\" \/>\n<meta property=\"og:type\" content=\"article\" \/>\n<meta property=\"og:title\" content=\"Little Dutch bar\u0161kutis m\u0117lynas &quot;J\u016breiviai&quot; - Montessori \u017eaislai\" \/>\n<meta property=\"og:description\" content=\"Purtykite ir girg\u017ed\u0117kite! Apverskite lietaus bar\u0161kut\u012f, ir tryk\u0161tantys karoliukai persisuks \u012f kit\u0105 pus\u0119, skleisdami raminan\u010dius lietaus la\u0161\u0173 garsus. Tai skatins k\u016bdikio sensorin\u012f vystym\u0105si ir muzikinius gabumus. Trij\u0173 skirting\u0173 spalv\u0173 karoliukai krenta \u012f vamzdel\u012f pro ma\u017eas angas ir priver\u010dia suktis sraigtel\u012f, tod\u0117l skleid\u017eia malon\u0173 gars\u0105. Lietaus bar\u0161kutis pritaikytas ma\u017eoms rankyt\u0117ms ir lengvam pa\u0117mimui. Medinis vir\u0161us ir [&hellip;]\" \/>\n<meta property=\"og:url\" content=\"https:\/\/monti.lt\/en\/product\/little-dutch-barskutis-melynas-jureiviai\/\" \/>\n<meta property=\"og:site_name\" content=\"Montessori \u017eaislai\" \/>\n<meta property=\"article:modified_time\" content=\"2025-10-21T20:02:18+00:00\" \/>\n<meta property=\"og:image\" content=\"https:\/\/monti.lt\/wp-content\/uploads\/2024\/12\/7077-1.jpg\" \/>\n\t<meta property=\"og:image:width\" content=\"640\" \/>\n\t<meta property=\"og:image:height\" content=\"640\" \/>\n\t<meta property=\"og:image:type\" content=\"image\/jpeg\" \/>\n<meta name=\"twitter:card\" content=\"summary_large_image\" \/>\n<meta name=\"twitter:label1\" content=\"Est. reading time\" \/>\n\t<meta name=\"twitter:data1\" content=\"1 minute\" \/>\n<script type=\"application\/ld+json\" class=\"yoast-schema-graph\">{\"@context\":\"https:\/\/schema.org\",\"@graph\":[{\"@type\":\"WebPage\",\"@id\":\"https:\/\/monti.lt\/product\/little-dutch-barskutis-melynas-jureiviai\/\",\"url\":\"https:\/\/monti.lt\/product\/little-dutch-barskutis-melynas-jureiviai\/\",\"name\":\"Little Dutch bar\u0161kutis m\u0117lynas \\\"J\u016breiviai\\\" - Montessori \u017eaislai\",\"isPartOf\":{\"@id\":\"https:\/\/monti.lt\/#website\"},\"primaryImageOfPage\":{\"@id\":\"https:\/\/monti.lt\/product\/little-dutch-barskutis-melynas-jureiviai\/#primaryimage\"},\"image\":{\"@id\":\"https:\/\/monti.lt\/product\/little-dutch-barskutis-melynas-jureiviai\/#primaryimage\"},\"thumbnailUrl\":\"https:\/\/monti.lt\/wp-content\/uploads\/2024\/12\/7077-1.jpg\",\"datePublished\":\"2024-12-04T11:45:50+00:00\",\"dateModified\":\"2025-10-21T20:02:18+00:00\",\"breadcrumb\":{\"@id\":\"https:\/\/monti.lt\/product\/little-dutch-barskutis-melynas-jureiviai\/#breadcrumb\"},\"inLanguage\":\"en-US\",\"potentialAction\":[{\"@type\":\"ReadAction\",\"target\":[\"https:\/\/monti.lt\/product\/little-dutch-barskutis-melynas-jureiviai\/\"]}]},{\"@type\":\"ImageObject\",\"inLanguage\":\"en-US\",\"@id\":\"https:\/\/monti.lt\/product\/little-dutch-barskutis-melynas-jureiviai\/#primaryimage\",\"url\":\"https:\/\/monti.lt\/wp-content\/uploads\/2024\/12\/7077-1.jpg\",\"contentUrl\":\"https:\/\/monti.lt\/wp-content\/uploads\/2024\/12\/7077-1.jpg\",\"width\":640,\"height\":640,\"caption\":\"little dutch barskutis\"},{\"@type\":\"BreadcrumbList\",\"@id\":\"https:\/\/monti.lt\/product\/little-dutch-barskutis-melynas-jureiviai\/#breadcrumb\",\"itemListElement\":[{\"@type\":\"ListItem\",\"position\":1,\"name\":\"Home\",\"item\":\"https:\/\/monti.lt\/\"},{\"@type\":\"ListItem\",\"position\":2,\"name\":\"Parduotuv\u0117\",\"item\":\"https:\/\/monti.lt\/shop\/\"},{\"@type\":\"ListItem\",\"position\":3,\"name\":\"Little Dutch bar\u0161kutis m\u0117lynas &#8220;J\u016breiviai&#8221;\"}]},{\"@type\":\"WebSite\",\"@id\":\"https:\/\/monti.lt\/#website\",\"url\":\"https:\/\/monti.lt\/\",\"name\":\"Montessori \u017eaislai\",\"description\":\"\",\"publisher\":{\"@id\":\"https:\/\/monti.lt\/#organization\"},\"potentialAction\":[{\"@type\":\"SearchAction\",\"target\":{\"@type\":\"EntryPoint\",\"urlTemplate\":\"https:\/\/monti.lt\/?s={search_term_string}\"},\"query-input\":\"required name=search_term_string\"}],\"inLanguage\":\"en-US\"},{\"@type\":\"Organization\",\"@id\":\"https:\/\/monti.lt\/#organization\",\"name\":\"Montessori \u017eaislai\",\"url\":\"https:\/\/monti.lt\/\",\"logo\":{\"@type\":\"ImageObject\",\"inLanguage\":\"en-US\",\"@id\":\"https:\/\/monti.lt\/#\/schema\/logo\/image\/\",\"url\":\"https:\/\/monti.lt\/wp-content\/uploads\/2022\/03\/montilogo-1.png\",\"contentUrl\":\"https:\/\/monti.lt\/wp-content\/uploads\/2022\/03\/montilogo-1.png\",\"width\":512,\"height\":512,\"caption\":\"Montessori \u017eaislai\"},\"image\":{\"@id\":\"https:\/\/monti.lt\/#\/schema\/logo\/image\/\"}}]}<\/script>\n<!-- \/ Yoast SEO plugin. -->","yoast_head_json":{"title":"Little Dutch bar\u0161kutis m\u0117lynas \"J\u016breiviai\" - Montessori \u017eaislai","robots":{"index":"index","follow":"follow","max-snippet":"max-snippet:-1","max-image-preview":"max-image-preview:large","max-video-preview":"max-video-preview:-1"},"canonical":"https:\/\/monti.lt\/en\/product\/little-dutch-barskutis-melynas-jureiviai\/","og_locale":"en_US","og_type":"article","og_title":"Little Dutch bar\u0161kutis m\u0117lynas \"J\u016breiviai\" - Montessori \u017eaislai","og_description":"Purtykite ir girg\u017ed\u0117kite! Apverskite lietaus bar\u0161kut\u012f, ir tryk\u0161tantys karoliukai persisuks \u012f kit\u0105 pus\u0119, skleisdami raminan\u010dius lietaus la\u0161\u0173 garsus. Tai skatins k\u016bdikio sensorin\u012f vystym\u0105si ir muzikinius gabumus. Trij\u0173 skirting\u0173 spalv\u0173 karoliukai krenta \u012f vamzdel\u012f pro ma\u017eas angas ir priver\u010dia suktis sraigtel\u012f, tod\u0117l skleid\u017eia malon\u0173 gars\u0105. Lietaus bar\u0161kutis pritaikytas ma\u017eoms rankyt\u0117ms ir lengvam pa\u0117mimui. Medinis vir\u0161us ir [&hellip;]","og_url":"https:\/\/monti.lt\/en\/product\/little-dutch-barskutis-melynas-jureiviai\/","og_site_name":"Montessori \u017eaislai","article_modified_time":"2025-10-21T20:02:18+00:00","og_image":[{"width":640,"height":640,"url":"https:\/\/monti.lt\/wp-content\/uploads\/2024\/12\/7077-1.jpg","type":"image\/jpeg"}],"twitter_card":"summary_large_image","twitter_misc":{"Est. reading time":"1 minute"},"schema":{"@context":"https:\/\/schema.org","@graph":[{"@type":"WebPage","@id":"https:\/\/monti.lt\/product\/little-dutch-barskutis-melynas-jureiviai\/","url":"https:\/\/monti.lt\/product\/little-dutch-barskutis-melynas-jureiviai\/","name":"Little Dutch bar\u0161kutis m\u0117lynas \"J\u016breiviai\" - Montessori \u017eaislai","isPartOf":{"@id":"https:\/\/monti.lt\/#website"},"primaryImageOfPage":{"@id":"https:\/\/monti.lt\/product\/little-dutch-barskutis-melynas-jureiviai\/#primaryimage"},"image":{"@id":"https:\/\/monti.lt\/product\/little-dutch-barskutis-melynas-jureiviai\/#primaryimage"},"thumbnailUrl":"https:\/\/monti.lt\/wp-content\/uploads\/2024\/12\/7077-1.jpg","datePublished":"2024-12-04T11:45:50+00:00","dateModified":"2025-10-21T20:02:18+00:00","breadcrumb":{"@id":"https:\/\/monti.lt\/product\/little-dutch-barskutis-melynas-jureiviai\/#breadcrumb"},"inLanguage":"en-US","potentialAction":[{"@type":"ReadAction","target":["https:\/\/monti.lt\/product\/little-dutch-barskutis-melynas-jureiviai\/"]}]},{"@type":"ImageObject","inLanguage":"en-US","@id":"https:\/\/monti.lt\/product\/little-dutch-barskutis-melynas-jureiviai\/#primaryimage","url":"https:\/\/monti.lt\/wp-content\/uploads\/2024\/12\/7077-1.jpg","contentUrl":"https:\/\/monti.lt\/wp-content\/uploads\/2024\/12\/7077-1.jpg","width":640,"height":640,"caption":"little dutch barskutis"},{"@type":"BreadcrumbList","@id":"https:\/\/monti.lt\/product\/little-dutch-barskutis-melynas-jureiviai\/#breadcrumb","itemListElement":[{"@type":"ListItem","position":1,"name":"Home","item":"https:\/\/monti.lt\/"},{"@type":"ListItem","position":2,"name":"Parduotuv\u0117","item":"https:\/\/monti.lt\/shop\/"},{"@type":"ListItem","position":3,"name":"Little Dutch bar\u0161kutis m\u0117lynas &#8220;J\u016breiviai&#8221;"}]},{"@type":"WebSite","@id":"https:\/\/monti.lt\/#website","url":"https:\/\/monti.lt\/","name":"Montessori \u017eaislai","description":"","publisher":{"@id":"https:\/\/monti.lt\/#organization"},"potentialAction":[{"@type":"SearchAction","target":{"@type":"EntryPoint","urlTemplate":"https:\/\/monti.lt\/?s={search_term_string}"},"query-input":"required name=search_term_string"}],"inLanguage":"en-US"},{"@type":"Organization","@id":"https:\/\/monti.lt\/#organization","name":"Montessori \u017eaislai","url":"https:\/\/monti.lt\/","logo":{"@type":"ImageObject","inLanguage":"en-US","@id":"https:\/\/monti.lt\/#\/schema\/logo\/image\/","url":"https:\/\/monti.lt\/wp-content\/uploads\/2022\/03\/montilogo-1.png","contentUrl":"https:\/\/monti.lt\/wp-content\/uploads\/2022\/03\/montilogo-1.png","width":512,"height":512,"caption":"Montessori \u017eaislai"},"image":{"@id":"https:\/\/monti.lt\/#\/schema\/logo\/image\/"}}]}},"_links":{"self":[{"href":"https:\/\/monti.lt\/en\/wp-json\/wp\/v2\/product\/28787"}],"collection":[{"href":"https:\/\/monti.lt\/en\/wp-json\/wp\/v2\/product"}],"about":[{"href":"https:\/\/monti.lt\/en\/wp-json\/wp\/v2\/types\/product"}],"version-history":[{"count":1,"href":"https:\/\/monti.lt\/en\/wp-json\/wp\/v2\/product\/28787\/revisions"}],"predecessor-version":[{"id":28793,"href":"https:\/\/monti.lt\/en\/wp-json\/wp\/v2\/product\/28787\/revisions\/28793"}],"wp:featuredmedia":[{"embeddable":true,"href":"https:\/\/monti.lt\/en\/wp-json\/wp\/v2\/media\/28788"}],"wp:attachment":[{"href":"https:\/\/monti.lt\/en\/wp-json\/wp\/v2\/media?parent=28787"}],"wp:term":[{"taxonomy":"product_cat","embeddable":true,"href":"https:\/\/monti.lt\/en\/wp-json\/wp\/v2\/product_cat?post=28787"},{"taxonomy":"product_tag","embeddable":true,"href":"https:\/\/monti.lt\/en\/wp-json\/wp\/v2\/product_tag?post=28787"}],"curies":[{"name":"wp","href":"https:\/\/api.w.org\/{rel}","templated":true}]}}