{"id":28800,"date":"2024-12-04T11:56:48","date_gmt":"2024-12-04T11:56:48","guid":{"rendered":"https:\/\/monti.lt\/?post_type=product&#038;p=28800"},"modified":"2024-12-16T07:20:08","modified_gmt":"2024-12-16T07:20:08","slug":"little-dutch-balansinis-dviratukas-rozinis-matinis","status":"publish","type":"product","link":"https:\/\/monti.lt\/en\/product\/little-dutch-balansinis-dviratukas-rozinis-matinis\/","title":{"rendered":"Little Dutch balansinis dviratukas (ro\u017einis, matinis)"},"content":{"rendered":"<p>Little Dutch balansinis dviratis yra puikus pirmasis dviratis! \u0160is balansinis dviratis yra saugus ir patvarus balansinis dviratis, skirtas vaikams nuo 2 met\u0173. Va\u017eiavimas balansiniu dvira\u010diu idealiai tinka lavinti pusiausvyr\u0105<\/p>","protected":false},"excerpt":{"rendered":"<pre id=\"tw-target-text\" class=\"tw-data-text tw-text-large tw-ta\" dir=\"ltr\" data-placeholder=\"Vertimas\" data-ved=\"2ahUKEwinrNSUh46KAxV_SPEDHXQMAMwQ3ewLegQICxAU\" aria-label=\"I\u0161verstas tekstas: Little Dutch 12 coli\u0173 balansinis dviratis yra puikus pirmasis dviratis! \u0160is balansinis dviratis yra saugus ir patvarus balansinis dviratis, skirtas vaikams nuo 2 met\u0173. Va\u017eiavimas balansiniu dvira\u010diu idealiai tinka lavinti valdym\u0105 ir pusiausvyr\u0105. Puikiai tinka kaip laiptelis prie dvira\u010dio su pedalais. Balansinis dviratis turi 12 coli\u0173 padangas. Baln\u0105 galima reguliuoti nuo 36 iki 42 centimetr\u0173 (matuojama nuo grind\u0173 iki balno vir\u0161aus).\"><span class=\"Y2IQFc\" lang=\"lt\">Little Dutch balansinis dviratis yra puikus pirmasis dviratis! \r\n\u0160is balansinis dviratis yra saugus ir patvarus balansinis dviratis, skirtas vaikams nuo 2 met\u0173. \r\nVa\u017eiavimas balansiniu dvira\u010diu idealiai tinka lavinti pusiausvyr\u0105. \r\n\r\n<\/span><\/pre>","protected":false},"featured_media":28804,"template":"","meta":{"_acf_changed":false,"iawp_total_views":45},"product_cat":[213,194,196,82,192,238,244,50],"product_tag":[96,97],"class_list":{"0":"post-28800","1":"product","2":"type-product","3":"status-publish","4":"has-post-thumbnail","6":"product_cat-akcija","7":"product_cat-dovanos-vaikams-2-3-metu","8":"product_cat-dovanos-mergaitems","9":"product_cat-ispardavimas","10":"product_cat-kaledines-dovanos-vaikams","11":"product_cat-lauko-zaidimai","12":"product_cat-little-dutch","13":"product_cat-top-dovanos","14":"product_tag-2-m-3-m","15":"product_tag-3-m-4-m","17":"first","18":"outofstock","19":"sale","20":"taxable","21":"shipping-taxable","22":"purchasable","23":"product-type-simple"},"acf":[],"yoast_head":"<!-- This site is optimized with the Yoast SEO plugin v23.3 - https:\/\/yoast.com\/wordpress\/plugins\/seo\/ -->\n<title>Little Dutch balansinis dviratukas (ro\u017einis, matinis) - Montessori \u017eaislai<\/title>\n<meta name=\"robots\" content=\"index, follow, max-snippet:-1, max-image-preview:large, max-video-preview:-1\" \/>\n<link rel=\"canonical\" href=\"https:\/\/monti.lt\/en\/product\/little-dutch-balansinis-dviratukas-rozinis-matinis\/\" \/>\n<meta property=\"og:locale\" content=\"en_US\" \/>\n<meta property=\"og:type\" content=\"article\" \/>\n<meta property=\"og:title\" content=\"Little Dutch balansinis dviratukas (ro\u017einis, matinis) - Montessori \u017eaislai\" \/>\n<meta property=\"og:description\" content=\"Little Dutch balansinis dviratis yra puikus pirmasis dviratis!  \u0160is balansinis dviratis yra saugus ir patvarus balansinis dviratis, skirtas vaikams nuo 2 met\u0173.  Va\u017eiavimas balansiniu dvira\u010diu idealiai tinka lavinti pusiausvyr\u0105.\" \/>\n<meta property=\"og:url\" content=\"https:\/\/monti.lt\/en\/product\/little-dutch-balansinis-dviratukas-rozinis-matinis\/\" \/>\n<meta property=\"og:site_name\" content=\"Montessori \u017eaislai\" \/>\n<meta property=\"article:modified_time\" content=\"2024-12-16T07:20:08+00:00\" \/>\n<meta property=\"og:image\" content=\"https:\/\/monti.lt\/wp-content\/uploads\/2024\/12\/Dviratukas-rozinis.jpg\" \/>\n\t<meta property=\"og:image:width\" content=\"1024\" \/>\n\t<meta property=\"og:image:height\" content=\"1024\" \/>\n\t<meta property=\"og:image:type\" content=\"image\/jpeg\" \/>\n<meta name=\"twitter:card\" content=\"summary_large_image\" \/>\n<meta name=\"twitter:label1\" content=\"Est. reading time\" \/>\n\t<meta name=\"twitter:data1\" content=\"1 minute\" \/>\n<script type=\"application\/ld+json\" class=\"yoast-schema-graph\">{\"@context\":\"https:\/\/schema.org\",\"@graph\":[{\"@type\":\"WebPage\",\"@id\":\"https:\/\/monti.lt\/product\/little-dutch-balansinis-dviratukas-rozinis-matinis\/\",\"url\":\"https:\/\/monti.lt\/product\/little-dutch-balansinis-dviratukas-rozinis-matinis\/\",\"name\":\"Little Dutch balansinis dviratukas (ro\u017einis, matinis) - Montessori \u017eaislai\",\"isPartOf\":{\"@id\":\"https:\/\/monti.lt\/#website\"},\"primaryImageOfPage\":{\"@id\":\"https:\/\/monti.lt\/product\/little-dutch-balansinis-dviratukas-rozinis-matinis\/#primaryimage\"},\"image\":{\"@id\":\"https:\/\/monti.lt\/product\/little-dutch-balansinis-dviratukas-rozinis-matinis\/#primaryimage\"},\"thumbnailUrl\":\"https:\/\/monti.lt\/wp-content\/uploads\/2024\/12\/Dviratukas-rozinis.jpg\",\"datePublished\":\"2024-12-04T11:56:48+00:00\",\"dateModified\":\"2024-12-16T07:20:08+00:00\",\"breadcrumb\":{\"@id\":\"https:\/\/monti.lt\/product\/little-dutch-balansinis-dviratukas-rozinis-matinis\/#breadcrumb\"},\"inLanguage\":\"en-US\",\"potentialAction\":[{\"@type\":\"ReadAction\",\"target\":[\"https:\/\/monti.lt\/product\/little-dutch-balansinis-dviratukas-rozinis-matinis\/\"]}]},{\"@type\":\"ImageObject\",\"inLanguage\":\"en-US\",\"@id\":\"https:\/\/monti.lt\/product\/little-dutch-balansinis-dviratukas-rozinis-matinis\/#primaryimage\",\"url\":\"https:\/\/monti.lt\/wp-content\/uploads\/2024\/12\/Dviratukas-rozinis.jpg\",\"contentUrl\":\"https:\/\/monti.lt\/wp-content\/uploads\/2024\/12\/Dviratukas-rozinis.jpg\",\"width\":1024,\"height\":1024,\"caption\":\"dviratukas\"},{\"@type\":\"BreadcrumbList\",\"@id\":\"https:\/\/monti.lt\/product\/little-dutch-balansinis-dviratukas-rozinis-matinis\/#breadcrumb\",\"itemListElement\":[{\"@type\":\"ListItem\",\"position\":1,\"name\":\"Home\",\"item\":\"https:\/\/monti.lt\/\"},{\"@type\":\"ListItem\",\"position\":2,\"name\":\"Parduotuv\u0117\",\"item\":\"https:\/\/monti.lt\/shop\/\"},{\"@type\":\"ListItem\",\"position\":3,\"name\":\"Little Dutch balansinis dviratukas (ro\u017einis, matinis)\"}]},{\"@type\":\"WebSite\",\"@id\":\"https:\/\/monti.lt\/#website\",\"url\":\"https:\/\/monti.lt\/\",\"name\":\"Montessori \u017eaislai\",\"description\":\"\",\"publisher\":{\"@id\":\"https:\/\/monti.lt\/#organization\"},\"potentialAction\":[{\"@type\":\"SearchAction\",\"target\":{\"@type\":\"EntryPoint\",\"urlTemplate\":\"https:\/\/monti.lt\/?s={search_term_string}\"},\"query-input\":\"required name=search_term_string\"}],\"inLanguage\":\"en-US\"},{\"@type\":\"Organization\",\"@id\":\"https:\/\/monti.lt\/#organization\",\"name\":\"Montessori \u017eaislai\",\"url\":\"https:\/\/monti.lt\/\",\"logo\":{\"@type\":\"ImageObject\",\"inLanguage\":\"en-US\",\"@id\":\"https:\/\/monti.lt\/#\/schema\/logo\/image\/\",\"url\":\"https:\/\/monti.lt\/wp-content\/uploads\/2022\/03\/montilogo-1.png\",\"contentUrl\":\"https:\/\/monti.lt\/wp-content\/uploads\/2022\/03\/montilogo-1.png\",\"width\":512,\"height\":512,\"caption\":\"Montessori \u017eaislai\"},\"image\":{\"@id\":\"https:\/\/monti.lt\/#\/schema\/logo\/image\/\"}}]}<\/script>\n<!-- \/ Yoast SEO plugin. -->","yoast_head_json":{"title":"Little Dutch balansinis dviratukas (ro\u017einis, matinis) - Montessori \u017eaislai","robots":{"index":"index","follow":"follow","max-snippet":"max-snippet:-1","max-image-preview":"max-image-preview:large","max-video-preview":"max-video-preview:-1"},"canonical":"https:\/\/monti.lt\/en\/product\/little-dutch-balansinis-dviratukas-rozinis-matinis\/","og_locale":"en_US","og_type":"article","og_title":"Little Dutch balansinis dviratukas (ro\u017einis, matinis) - Montessori \u017eaislai","og_description":"Little Dutch balansinis dviratis yra puikus pirmasis dviratis!  \u0160is balansinis dviratis yra saugus ir patvarus balansinis dviratis, skirtas vaikams nuo 2 met\u0173.  Va\u017eiavimas balansiniu dvira\u010diu idealiai tinka lavinti pusiausvyr\u0105.","og_url":"https:\/\/monti.lt\/en\/product\/little-dutch-balansinis-dviratukas-rozinis-matinis\/","og_site_name":"Montessori \u017eaislai","article_modified_time":"2024-12-16T07:20:08+00:00","og_image":[{"width":1024,"height":1024,"url":"https:\/\/monti.lt\/wp-content\/uploads\/2024\/12\/Dviratukas-rozinis.jpg","type":"image\/jpeg"}],"twitter_card":"summary_large_image","twitter_misc":{"Est. reading time":"1 minute"},"schema":{"@context":"https:\/\/schema.org","@graph":[{"@type":"WebPage","@id":"https:\/\/monti.lt\/product\/little-dutch-balansinis-dviratukas-rozinis-matinis\/","url":"https:\/\/monti.lt\/product\/little-dutch-balansinis-dviratukas-rozinis-matinis\/","name":"Little Dutch balansinis dviratukas (ro\u017einis, matinis) - Montessori \u017eaislai","isPartOf":{"@id":"https:\/\/monti.lt\/#website"},"primaryImageOfPage":{"@id":"https:\/\/monti.lt\/product\/little-dutch-balansinis-dviratukas-rozinis-matinis\/#primaryimage"},"image":{"@id":"https:\/\/monti.lt\/product\/little-dutch-balansinis-dviratukas-rozinis-matinis\/#primaryimage"},"thumbnailUrl":"https:\/\/monti.lt\/wp-content\/uploads\/2024\/12\/Dviratukas-rozinis.jpg","datePublished":"2024-12-04T11:56:48+00:00","dateModified":"2024-12-16T07:20:08+00:00","breadcrumb":{"@id":"https:\/\/monti.lt\/product\/little-dutch-balansinis-dviratukas-rozinis-matinis\/#breadcrumb"},"inLanguage":"en-US","potentialAction":[{"@type":"ReadAction","target":["https:\/\/monti.lt\/product\/little-dutch-balansinis-dviratukas-rozinis-matinis\/"]}]},{"@type":"ImageObject","inLanguage":"en-US","@id":"https:\/\/monti.lt\/product\/little-dutch-balansinis-dviratukas-rozinis-matinis\/#primaryimage","url":"https:\/\/monti.lt\/wp-content\/uploads\/2024\/12\/Dviratukas-rozinis.jpg","contentUrl":"https:\/\/monti.lt\/wp-content\/uploads\/2024\/12\/Dviratukas-rozinis.jpg","width":1024,"height":1024,"caption":"dviratukas"},{"@type":"BreadcrumbList","@id":"https:\/\/monti.lt\/product\/little-dutch-balansinis-dviratukas-rozinis-matinis\/#breadcrumb","itemListElement":[{"@type":"ListItem","position":1,"name":"Home","item":"https:\/\/monti.lt\/"},{"@type":"ListItem","position":2,"name":"Parduotuv\u0117","item":"https:\/\/monti.lt\/shop\/"},{"@type":"ListItem","position":3,"name":"Little Dutch balansinis dviratukas (ro\u017einis, matinis)"}]},{"@type":"WebSite","@id":"https:\/\/monti.lt\/#website","url":"https:\/\/monti.lt\/","name":"Montessori \u017eaislai","description":"","publisher":{"@id":"https:\/\/monti.lt\/#organization"},"potentialAction":[{"@type":"SearchAction","target":{"@type":"EntryPoint","urlTemplate":"https:\/\/monti.lt\/?s={search_term_string}"},"query-input":"required name=search_term_string"}],"inLanguage":"en-US"},{"@type":"Organization","@id":"https:\/\/monti.lt\/#organization","name":"Montessori \u017eaislai","url":"https:\/\/monti.lt\/","logo":{"@type":"ImageObject","inLanguage":"en-US","@id":"https:\/\/monti.lt\/#\/schema\/logo\/image\/","url":"https:\/\/monti.lt\/wp-content\/uploads\/2022\/03\/montilogo-1.png","contentUrl":"https:\/\/monti.lt\/wp-content\/uploads\/2022\/03\/montilogo-1.png","width":512,"height":512,"caption":"Montessori \u017eaislai"},"image":{"@id":"https:\/\/monti.lt\/#\/schema\/logo\/image\/"}}]}},"_links":{"self":[{"href":"https:\/\/monti.lt\/en\/wp-json\/wp\/v2\/product\/28800"}],"collection":[{"href":"https:\/\/monti.lt\/en\/wp-json\/wp\/v2\/product"}],"about":[{"href":"https:\/\/monti.lt\/en\/wp-json\/wp\/v2\/types\/product"}],"version-history":[{"count":4,"href":"https:\/\/monti.lt\/en\/wp-json\/wp\/v2\/product\/28800\/revisions"}],"predecessor-version":[{"id":28822,"href":"https:\/\/monti.lt\/en\/wp-json\/wp\/v2\/product\/28800\/revisions\/28822"}],"wp:featuredmedia":[{"embeddable":true,"href":"https:\/\/monti.lt\/en\/wp-json\/wp\/v2\/media\/28804"}],"wp:attachment":[{"href":"https:\/\/monti.lt\/en\/wp-json\/wp\/v2\/media?parent=28800"}],"wp:term":[{"taxonomy":"product_cat","embeddable":true,"href":"https:\/\/monti.lt\/en\/wp-json\/wp\/v2\/product_cat?post=28800"},{"taxonomy":"product_tag","embeddable":true,"href":"https:\/\/monti.lt\/en\/wp-json\/wp\/v2\/product_tag?post=28800"}],"curies":[{"name":"wp","href":"https:\/\/api.w.org\/{rel}","templated":true}]}}