{"id":28803,"date":"2024-12-04T11:54:48","date_gmt":"2024-12-04T11:54:48","guid":{"rendered":"https:\/\/monti.lt\/?post_type=product&#038;p=28803"},"modified":"2025-11-30T18:04:11","modified_gmt":"2025-11-30T18:04:11","slug":"little-dutch-medinis-traukinukas-kaledos","status":"publish","type":"product","link":"https:\/\/monti.lt\/en\/product\/little-dutch-medinis-traukinukas-kaledos\/","title":{"rendered":"Little Dutch Medinis traukinukas"},"content":{"rendered":"<p>Visi \u012f kal\u0117din\u012f traukin\u012f! Ar pad\u0117site \u012fkelti dovanas \u012f traukin\u012f? Sniego senis jau \u012flipo \u012f traukin\u012f. Naudok \u012fvairias kalad\u0117li\u0173 fig\u016bras, kad pastatytum kal\u0117din\u0119 eglut\u0119 vagone. \u0160is d\u0117liojantis traukinukas pagerins j\u016bs\u0173 ma\u017eylio rank\u0173 ir aki\u0173 koordinacij\u0105 ir skatins jo smulki\u0105j\u0105 motorik\u0105. Puiki dovana po Kal\u0117d\u0173 eglute ir \u017eaidimams per \u0161ventes.<\/p>\n\n\n\n<p>Gaminio matmenys: Dydis: 38,5 x 3,8 x 11 cm<br>Med\u017eiaga: Mediena: FSC mediena<br>Am\u017eius: 12+ m\u0117n.<\/p>\n\n\n\n<p><\/p>","protected":false},"excerpt":{"rendered":"<p>Visi \u012f kal\u0117din\u012f traukin\u012f! Ar pad\u0117site \u012fkelti dovanas \u012f traukin\u012f? Sniego senis jau \u012flipo \u012f traukin\u012f. Naudok \u012fvairias kalad\u0117li\u0173 fig\u016bras, kad pastatytum kal\u0117din\u0119 eglut\u0119 vagone. \u0160is d\u0117liojantis traukinukas pagerins j\u016bs\u0173 ma\u017eylio rank\u0173 ir aki\u0173 koordinacij\u0105 ir skatins jo smulki\u0105j\u0105 motorik\u0105. Puiki dovana po Kal\u0117d\u0173 eglute ir \u017eaidimams per \u0161ventes. Gaminio matmenys: Dydis: 38,5 x 3,8 [&hellip;]<\/p>","protected":false},"featured_media":28805,"template":"","meta":{"_acf_changed":false,"iawp_total_views":253},"product_cat":[213,193,194,191,82,192,84,244,102,242,90,50,93,49,39],"product_tag":[95,96,97],"class_list":{"0":"post-28803","1":"product","2":"type-product","3":"status-publish","4":"has-post-thumbnail","6":"product_cat-akcija","7":"product_cat-dovanos-vaikams-1-2-metu","8":"product_cat-dovanos-vaikams-2-3-metu","9":"product_cat-dovanos-vaikams","10":"product_cat-ispardavimas","11":"product_cat-kaledines-dovanos-vaikams","12":"product_cat-lavinamieji-zaislai","13":"product_cat-little-dutch","14":"product_cat-mediniai-zaislai","15":"product_cat-pagal-gamintoja","16":"product_cat-pasaulio-pazinimas","17":"product_cat-top-dovanos","18":"product_cat-vaidmenu-zaidimai","19":"product_cat-visi-zaislai","20":"product_cat-zaislai","21":"product_tag-1-m-2-m","22":"product_tag-2-m-3-m","23":"product_tag-3-m-4-m","25":"first","26":"outofstock","27":"sale","28":"taxable","29":"shipping-taxable","30":"purchasable","31":"product-type-simple"},"acf":[],"yoast_head":"<!-- This site is optimized with the Yoast SEO plugin v23.3 - https:\/\/yoast.com\/wordpress\/plugins\/seo\/ -->\n<title>Little Dutch Medinis traukinukas - Montessori \u017eaislai<\/title>\n<meta name=\"robots\" content=\"index, follow, max-snippet:-1, max-image-preview:large, max-video-preview:-1\" \/>\n<link rel=\"canonical\" href=\"https:\/\/monti.lt\/en\/product\/little-dutch-medinis-traukinukas-kaledos\/\" \/>\n<meta property=\"og:locale\" content=\"en_US\" \/>\n<meta property=\"og:type\" content=\"article\" \/>\n<meta property=\"og:title\" content=\"Little Dutch Medinis traukinukas - Montessori \u017eaislai\" \/>\n<meta property=\"og:description\" content=\"Visi \u012f kal\u0117din\u012f traukin\u012f! Ar pad\u0117site \u012fkelti dovanas \u012f traukin\u012f? Sniego senis jau \u012flipo \u012f traukin\u012f. Naudok \u012fvairias kalad\u0117li\u0173 fig\u016bras, kad pastatytum kal\u0117din\u0119 eglut\u0119 vagone. \u0160is d\u0117liojantis traukinukas pagerins j\u016bs\u0173 ma\u017eylio rank\u0173 ir aki\u0173 koordinacij\u0105 ir skatins jo smulki\u0105j\u0105 motorik\u0105. Puiki dovana po Kal\u0117d\u0173 eglute ir \u017eaidimams per \u0161ventes. Gaminio matmenys: Dydis: 38,5 x 3,8 [&hellip;]\" \/>\n<meta property=\"og:url\" content=\"https:\/\/monti.lt\/en\/product\/little-dutch-medinis-traukinukas-kaledos\/\" \/>\n<meta property=\"og:site_name\" content=\"Montessori \u017eaislai\" \/>\n<meta property=\"article:modified_time\" content=\"2025-11-30T18:04:11+00:00\" \/>\n<meta property=\"og:image\" content=\"https:\/\/monti.lt\/wp-content\/uploads\/2024\/12\/4861-1.jpg\" \/>\n\t<meta property=\"og:image:width\" content=\"640\" \/>\n\t<meta property=\"og:image:height\" content=\"640\" \/>\n\t<meta property=\"og:image:type\" content=\"image\/jpeg\" \/>\n<meta name=\"twitter:card\" content=\"summary_large_image\" \/>\n<meta name=\"twitter:label1\" content=\"Est. reading time\" \/>\n\t<meta name=\"twitter:data1\" content=\"1 minute\" \/>\n<script type=\"application\/ld+json\" class=\"yoast-schema-graph\">{\"@context\":\"https:\/\/schema.org\",\"@graph\":[{\"@type\":\"WebPage\",\"@id\":\"https:\/\/monti.lt\/product\/little-dutch-medinis-traukinukas-kaledos\/\",\"url\":\"https:\/\/monti.lt\/product\/little-dutch-medinis-traukinukas-kaledos\/\",\"name\":\"Little Dutch Medinis traukinukas - Montessori \u017eaislai\",\"isPartOf\":{\"@id\":\"https:\/\/monti.lt\/#website\"},\"primaryImageOfPage\":{\"@id\":\"https:\/\/monti.lt\/product\/little-dutch-medinis-traukinukas-kaledos\/#primaryimage\"},\"image\":{\"@id\":\"https:\/\/monti.lt\/product\/little-dutch-medinis-traukinukas-kaledos\/#primaryimage\"},\"thumbnailUrl\":\"https:\/\/monti.lt\/wp-content\/uploads\/2024\/12\/4861-1.jpg\",\"datePublished\":\"2024-12-04T11:54:48+00:00\",\"dateModified\":\"2025-11-30T18:04:11+00:00\",\"breadcrumb\":{\"@id\":\"https:\/\/monti.lt\/product\/little-dutch-medinis-traukinukas-kaledos\/#breadcrumb\"},\"inLanguage\":\"en-US\",\"potentialAction\":[{\"@type\":\"ReadAction\",\"target\":[\"https:\/\/monti.lt\/product\/little-dutch-medinis-traukinukas-kaledos\/\"]}]},{\"@type\":\"ImageObject\",\"inLanguage\":\"en-US\",\"@id\":\"https:\/\/monti.lt\/product\/little-dutch-medinis-traukinukas-kaledos\/#primaryimage\",\"url\":\"https:\/\/monti.lt\/wp-content\/uploads\/2024\/12\/4861-1.jpg\",\"contentUrl\":\"https:\/\/monti.lt\/wp-content\/uploads\/2024\/12\/4861-1.jpg\",\"width\":640,\"height\":640,\"caption\":\"little dutch kaledinis traukinys\"},{\"@type\":\"BreadcrumbList\",\"@id\":\"https:\/\/monti.lt\/product\/little-dutch-medinis-traukinukas-kaledos\/#breadcrumb\",\"itemListElement\":[{\"@type\":\"ListItem\",\"position\":1,\"name\":\"Home\",\"item\":\"https:\/\/monti.lt\/\"},{\"@type\":\"ListItem\",\"position\":2,\"name\":\"Parduotuv\u0117\",\"item\":\"https:\/\/monti.lt\/shop\/\"},{\"@type\":\"ListItem\",\"position\":3,\"name\":\"Little Dutch Medinis traukinukas\"}]},{\"@type\":\"WebSite\",\"@id\":\"https:\/\/monti.lt\/#website\",\"url\":\"https:\/\/monti.lt\/\",\"name\":\"Montessori \u017eaislai\",\"description\":\"\",\"publisher\":{\"@id\":\"https:\/\/monti.lt\/#organization\"},\"potentialAction\":[{\"@type\":\"SearchAction\",\"target\":{\"@type\":\"EntryPoint\",\"urlTemplate\":\"https:\/\/monti.lt\/?s={search_term_string}\"},\"query-input\":\"required name=search_term_string\"}],\"inLanguage\":\"en-US\"},{\"@type\":\"Organization\",\"@id\":\"https:\/\/monti.lt\/#organization\",\"name\":\"Montessori \u017eaislai\",\"url\":\"https:\/\/monti.lt\/\",\"logo\":{\"@type\":\"ImageObject\",\"inLanguage\":\"en-US\",\"@id\":\"https:\/\/monti.lt\/#\/schema\/logo\/image\/\",\"url\":\"https:\/\/monti.lt\/wp-content\/uploads\/2022\/03\/montilogo-1.png\",\"contentUrl\":\"https:\/\/monti.lt\/wp-content\/uploads\/2022\/03\/montilogo-1.png\",\"width\":512,\"height\":512,\"caption\":\"Montessori \u017eaislai\"},\"image\":{\"@id\":\"https:\/\/monti.lt\/#\/schema\/logo\/image\/\"}}]}<\/script>\n<!-- \/ Yoast SEO plugin. -->","yoast_head_json":{"title":"Little Dutch Medinis traukinukas - Montessori \u017eaislai","robots":{"index":"index","follow":"follow","max-snippet":"max-snippet:-1","max-image-preview":"max-image-preview:large","max-video-preview":"max-video-preview:-1"},"canonical":"https:\/\/monti.lt\/en\/product\/little-dutch-medinis-traukinukas-kaledos\/","og_locale":"en_US","og_type":"article","og_title":"Little Dutch Medinis traukinukas - Montessori \u017eaislai","og_description":"Visi \u012f kal\u0117din\u012f traukin\u012f! Ar pad\u0117site \u012fkelti dovanas \u012f traukin\u012f? Sniego senis jau \u012flipo \u012f traukin\u012f. Naudok \u012fvairias kalad\u0117li\u0173 fig\u016bras, kad pastatytum kal\u0117din\u0119 eglut\u0119 vagone. \u0160is d\u0117liojantis traukinukas pagerins j\u016bs\u0173 ma\u017eylio rank\u0173 ir aki\u0173 koordinacij\u0105 ir skatins jo smulki\u0105j\u0105 motorik\u0105. Puiki dovana po Kal\u0117d\u0173 eglute ir \u017eaidimams per \u0161ventes. Gaminio matmenys: Dydis: 38,5 x 3,8 [&hellip;]","og_url":"https:\/\/monti.lt\/en\/product\/little-dutch-medinis-traukinukas-kaledos\/","og_site_name":"Montessori \u017eaislai","article_modified_time":"2025-11-30T18:04:11+00:00","og_image":[{"width":640,"height":640,"url":"https:\/\/monti.lt\/wp-content\/uploads\/2024\/12\/4861-1.jpg","type":"image\/jpeg"}],"twitter_card":"summary_large_image","twitter_misc":{"Est. reading time":"1 minute"},"schema":{"@context":"https:\/\/schema.org","@graph":[{"@type":"WebPage","@id":"https:\/\/monti.lt\/product\/little-dutch-medinis-traukinukas-kaledos\/","url":"https:\/\/monti.lt\/product\/little-dutch-medinis-traukinukas-kaledos\/","name":"Little Dutch Medinis traukinukas - Montessori \u017eaislai","isPartOf":{"@id":"https:\/\/monti.lt\/#website"},"primaryImageOfPage":{"@id":"https:\/\/monti.lt\/product\/little-dutch-medinis-traukinukas-kaledos\/#primaryimage"},"image":{"@id":"https:\/\/monti.lt\/product\/little-dutch-medinis-traukinukas-kaledos\/#primaryimage"},"thumbnailUrl":"https:\/\/monti.lt\/wp-content\/uploads\/2024\/12\/4861-1.jpg","datePublished":"2024-12-04T11:54:48+00:00","dateModified":"2025-11-30T18:04:11+00:00","breadcrumb":{"@id":"https:\/\/monti.lt\/product\/little-dutch-medinis-traukinukas-kaledos\/#breadcrumb"},"inLanguage":"en-US","potentialAction":[{"@type":"ReadAction","target":["https:\/\/monti.lt\/product\/little-dutch-medinis-traukinukas-kaledos\/"]}]},{"@type":"ImageObject","inLanguage":"en-US","@id":"https:\/\/monti.lt\/product\/little-dutch-medinis-traukinukas-kaledos\/#primaryimage","url":"https:\/\/monti.lt\/wp-content\/uploads\/2024\/12\/4861-1.jpg","contentUrl":"https:\/\/monti.lt\/wp-content\/uploads\/2024\/12\/4861-1.jpg","width":640,"height":640,"caption":"little dutch kaledinis traukinys"},{"@type":"BreadcrumbList","@id":"https:\/\/monti.lt\/product\/little-dutch-medinis-traukinukas-kaledos\/#breadcrumb","itemListElement":[{"@type":"ListItem","position":1,"name":"Home","item":"https:\/\/monti.lt\/"},{"@type":"ListItem","position":2,"name":"Parduotuv\u0117","item":"https:\/\/monti.lt\/shop\/"},{"@type":"ListItem","position":3,"name":"Little Dutch Medinis traukinukas"}]},{"@type":"WebSite","@id":"https:\/\/monti.lt\/#website","url":"https:\/\/monti.lt\/","name":"Montessori \u017eaislai","description":"","publisher":{"@id":"https:\/\/monti.lt\/#organization"},"potentialAction":[{"@type":"SearchAction","target":{"@type":"EntryPoint","urlTemplate":"https:\/\/monti.lt\/?s={search_term_string}"},"query-input":"required name=search_term_string"}],"inLanguage":"en-US"},{"@type":"Organization","@id":"https:\/\/monti.lt\/#organization","name":"Montessori \u017eaislai","url":"https:\/\/monti.lt\/","logo":{"@type":"ImageObject","inLanguage":"en-US","@id":"https:\/\/monti.lt\/#\/schema\/logo\/image\/","url":"https:\/\/monti.lt\/wp-content\/uploads\/2022\/03\/montilogo-1.png","contentUrl":"https:\/\/monti.lt\/wp-content\/uploads\/2022\/03\/montilogo-1.png","width":512,"height":512,"caption":"Montessori \u017eaislai"},"image":{"@id":"https:\/\/monti.lt\/#\/schema\/logo\/image\/"}}]}},"_links":{"self":[{"href":"https:\/\/monti.lt\/en\/wp-json\/wp\/v2\/product\/28803"}],"collection":[{"href":"https:\/\/monti.lt\/en\/wp-json\/wp\/v2\/product"}],"about":[{"href":"https:\/\/monti.lt\/en\/wp-json\/wp\/v2\/types\/product"}],"version-history":[{"count":2,"href":"https:\/\/monti.lt\/en\/wp-json\/wp\/v2\/product\/28803\/revisions"}],"predecessor-version":[{"id":30189,"href":"https:\/\/monti.lt\/en\/wp-json\/wp\/v2\/product\/28803\/revisions\/30189"}],"wp:featuredmedia":[{"embeddable":true,"href":"https:\/\/monti.lt\/en\/wp-json\/wp\/v2\/media\/28805"}],"wp:attachment":[{"href":"https:\/\/monti.lt\/en\/wp-json\/wp\/v2\/media?parent=28803"}],"wp:term":[{"taxonomy":"product_cat","embeddable":true,"href":"https:\/\/monti.lt\/en\/wp-json\/wp\/v2\/product_cat?post=28803"},{"taxonomy":"product_tag","embeddable":true,"href":"https:\/\/monti.lt\/en\/wp-json\/wp\/v2\/product_tag?post=28803"}],"curies":[{"name":"wp","href":"https:\/\/api.w.org\/{rel}","templated":true}]}}