{"id":28824,"date":"2024-12-04T12:08:12","date_gmt":"2024-12-04T12:08:12","guid":{"rendered":"https:\/\/monti.lt\/?post_type=product&#038;p=28824"},"modified":"2026-03-20T08:54:48","modified_gmt":"2026-03-20T08:54:48","slug":"little-dutch-retro-stiliaus-masinele-rozine","status":"publish","type":"product","link":"https:\/\/monti.lt\/en\/product\/little-dutch-retro-stiliaus-masinele-rozine\/","title":{"rendered":"Little Dutch retro stiliaus ma\u0161in\u0117l\u0117 ro\u017ein\u0117"},"content":{"rendered":"<p>\u0160is gra\u017eus ro\u017ein\u0117s spalvos \u201eLittle Dutch Retro Roller\u201c stumdomas automobilis sukurtas pagal praeities \u201eFormul\u0117s 1\u201c automobili\u0173 stili\u0173 ir suteikia daug d\u017eiaugsmo kiekvienam vaikui. Garantuojame valand\u0173 valandas \u017eaidim\u0173 viduje ir lauke! Stumiamas automobilis turi metalinius ratus su gumin\u0117mis padangomis ir plastikin\u0119 s\u0117dyn\u0119. Tai fantasti\u0161ka gimtadienio dovana, taip pat labai gra\u017eus nam\u0173 aksesuaras! Stumiamasis automobilis pagamintas tik i\u0161 metalo, j\u012f lengva surinkti. J\u016bs\u0173 vaikas gali greitai \u012flipti ir va\u017eiuoti! Tinka 24 m\u0117nesi\u0173 ir vyresniems vaikams. I\u0161matavimai: Dydis: 75x40x40 cm. Did\u017eiausia apkrova: Did\u017eiausias leistinas svoris: 20 kg.<\/p>\n\n\n\n<p>I\u0161matavimai: 75 x 40 x 40 cm.<br>Med\u017eiaga: metalas<br>Am\u017eius: 24+ m\u0117n.<br>Standartinis: EN-71-1-2-3<\/p>","protected":false},"excerpt":{"rendered":"<p>\u0160is gra\u017eus ro\u017ein\u0117s spalvos \u201eLittle Dutch Retro Roller\u201c stumdomas automobilis sukurtas pagal praeities \u201eFormul\u0117s 1\u201c automobili\u0173 stili\u0173 ir suteikia daug d\u017eiaugsmo kiekvienam vaikui. Garantuojame valand\u0173 valandas \u017eaidim\u0173 viduje ir lauke! Stumiamas automobilis turi metalinius ratus su gumin\u0117mis padangomis ir plastikin\u0119 s\u0117dyn\u0119. Tai fantasti\u0161ka gimtadienio dovana, taip pat labai gra\u017eus nam\u0173 aksesuaras! Stumiamasis automobilis pagamintas tik [&hellip;]<\/p>","protected":false},"featured_media":28825,"template":"","meta":{"_acf_changed":false,"iawp_total_views":438},"product_cat":[213,194,195,196,191,82,259,192,244,50,39,214],"product_tag":[96,97],"class_list":{"0":"post-28824","1":"product","2":"type-product","3":"status-publish","4":"has-post-thumbnail","6":"product_cat-akcija","7":"product_cat-dovanos-vaikams-2-3-metu","8":"product_cat-dovanos-vaikams-3-4-metu","9":"product_cat-dovanos-mergaitems","10":"product_cat-dovanos-vaikams","11":"product_cat-ispardavimas","12":"product_cat-judejimo-priemones","13":"product_cat-kaledines-dovanos-vaikams","14":"product_cat-little-dutch","15":"product_cat-top-dovanos","16":"product_cat-zaislai","17":"product_cat-zaislai-mergaitems","18":"product_tag-2-m-3-m","19":"product_tag-3-m-4-m","21":"first","22":"instock","23":"sale","24":"taxable","25":"shipping-taxable","26":"purchasable","27":"product-type-simple"},"acf":[],"yoast_head":"<!-- This site is optimized with the Yoast SEO plugin v23.3 - https:\/\/yoast.com\/wordpress\/plugins\/seo\/ -->\n<title>Little Dutch retro stiliaus ma\u0161in\u0117l\u0117 ro\u017ein\u0117 - Montessori \u017eaislai<\/title>\n<meta name=\"robots\" content=\"index, follow, max-snippet:-1, max-image-preview:large, max-video-preview:-1\" \/>\n<link rel=\"canonical\" href=\"https:\/\/monti.lt\/en\/product\/little-dutch-retro-stiliaus-masinele-rozine\/\" \/>\n<meta property=\"og:locale\" content=\"en_US\" \/>\n<meta property=\"og:type\" content=\"article\" \/>\n<meta property=\"og:title\" content=\"Little Dutch retro stiliaus ma\u0161in\u0117l\u0117 ro\u017ein\u0117 - Montessori \u017eaislai\" \/>\n<meta property=\"og:description\" content=\"\u0160is gra\u017eus ro\u017ein\u0117s spalvos \u201eLittle Dutch Retro Roller\u201c stumdomas automobilis sukurtas pagal praeities \u201eFormul\u0117s 1\u201c automobili\u0173 stili\u0173 ir suteikia daug d\u017eiaugsmo kiekvienam vaikui. Garantuojame valand\u0173 valandas \u017eaidim\u0173 viduje ir lauke! Stumiamas automobilis turi metalinius ratus su gumin\u0117mis padangomis ir plastikin\u0119 s\u0117dyn\u0119. Tai fantasti\u0161ka gimtadienio dovana, taip pat labai gra\u017eus nam\u0173 aksesuaras! Stumiamasis automobilis pagamintas tik [&hellip;]\" \/>\n<meta property=\"og:url\" content=\"https:\/\/monti.lt\/en\/product\/little-dutch-retro-stiliaus-masinele-rozine\/\" \/>\n<meta property=\"og:site_name\" content=\"Montessori \u017eaislai\" \/>\n<meta property=\"article:modified_time\" content=\"2026-03-20T08:54:48+00:00\" \/>\n<meta property=\"og:image\" content=\"https:\/\/monti.lt\/wp-content\/uploads\/2024\/12\/2013744.jpg\" \/>\n\t<meta property=\"og:image:width\" content=\"1200\" \/>\n\t<meta property=\"og:image:height\" content=\"1200\" \/>\n\t<meta property=\"og:image:type\" content=\"image\/jpeg\" \/>\n<meta name=\"twitter:card\" content=\"summary_large_image\" \/>\n<meta name=\"twitter:label1\" content=\"Est. reading time\" \/>\n\t<meta name=\"twitter:data1\" content=\"1 minute\" \/>\n<script type=\"application\/ld+json\" class=\"yoast-schema-graph\">{\"@context\":\"https:\/\/schema.org\",\"@graph\":[{\"@type\":\"WebPage\",\"@id\":\"https:\/\/monti.lt\/product\/little-dutch-retro-stiliaus-masinele-rozine\/\",\"url\":\"https:\/\/monti.lt\/product\/little-dutch-retro-stiliaus-masinele-rozine\/\",\"name\":\"Little Dutch retro stiliaus ma\u0161in\u0117l\u0117 ro\u017ein\u0117 - Montessori \u017eaislai\",\"isPartOf\":{\"@id\":\"https:\/\/monti.lt\/#website\"},\"primaryImageOfPage\":{\"@id\":\"https:\/\/monti.lt\/product\/little-dutch-retro-stiliaus-masinele-rozine\/#primaryimage\"},\"image\":{\"@id\":\"https:\/\/monti.lt\/product\/little-dutch-retro-stiliaus-masinele-rozine\/#primaryimage\"},\"thumbnailUrl\":\"https:\/\/monti.lt\/wp-content\/uploads\/2024\/12\/2013744.jpg\",\"datePublished\":\"2024-12-04T12:08:12+00:00\",\"dateModified\":\"2026-03-20T08:54:48+00:00\",\"breadcrumb\":{\"@id\":\"https:\/\/monti.lt\/product\/little-dutch-retro-stiliaus-masinele-rozine\/#breadcrumb\"},\"inLanguage\":\"en-US\",\"potentialAction\":[{\"@type\":\"ReadAction\",\"target\":[\"https:\/\/monti.lt\/product\/little-dutch-retro-stiliaus-masinele-rozine\/\"]}]},{\"@type\":\"ImageObject\",\"inLanguage\":\"en-US\",\"@id\":\"https:\/\/monti.lt\/product\/little-dutch-retro-stiliaus-masinele-rozine\/#primaryimage\",\"url\":\"https:\/\/monti.lt\/wp-content\/uploads\/2024\/12\/2013744.jpg\",\"contentUrl\":\"https:\/\/monti.lt\/wp-content\/uploads\/2024\/12\/2013744.jpg\",\"width\":1200,\"height\":1200,\"caption\":\"little dutch masinele\"},{\"@type\":\"BreadcrumbList\",\"@id\":\"https:\/\/monti.lt\/product\/little-dutch-retro-stiliaus-masinele-rozine\/#breadcrumb\",\"itemListElement\":[{\"@type\":\"ListItem\",\"position\":1,\"name\":\"Home\",\"item\":\"https:\/\/monti.lt\/\"},{\"@type\":\"ListItem\",\"position\":2,\"name\":\"Parduotuv\u0117\",\"item\":\"https:\/\/monti.lt\/shop\/\"},{\"@type\":\"ListItem\",\"position\":3,\"name\":\"Little Dutch retro stiliaus ma\u0161in\u0117l\u0117 ro\u017ein\u0117\"}]},{\"@type\":\"WebSite\",\"@id\":\"https:\/\/monti.lt\/#website\",\"url\":\"https:\/\/monti.lt\/\",\"name\":\"Montessori \u017eaislai\",\"description\":\"\",\"publisher\":{\"@id\":\"https:\/\/monti.lt\/#organization\"},\"potentialAction\":[{\"@type\":\"SearchAction\",\"target\":{\"@type\":\"EntryPoint\",\"urlTemplate\":\"https:\/\/monti.lt\/?s={search_term_string}\"},\"query-input\":\"required name=search_term_string\"}],\"inLanguage\":\"en-US\"},{\"@type\":\"Organization\",\"@id\":\"https:\/\/monti.lt\/#organization\",\"name\":\"Montessori \u017eaislai\",\"url\":\"https:\/\/monti.lt\/\",\"logo\":{\"@type\":\"ImageObject\",\"inLanguage\":\"en-US\",\"@id\":\"https:\/\/monti.lt\/#\/schema\/logo\/image\/\",\"url\":\"https:\/\/monti.lt\/wp-content\/uploads\/2022\/03\/montilogo-1.png\",\"contentUrl\":\"https:\/\/monti.lt\/wp-content\/uploads\/2022\/03\/montilogo-1.png\",\"width\":512,\"height\":512,\"caption\":\"Montessori \u017eaislai\"},\"image\":{\"@id\":\"https:\/\/monti.lt\/#\/schema\/logo\/image\/\"}}]}<\/script>\n<!-- \/ Yoast SEO plugin. -->","yoast_head_json":{"title":"Little Dutch retro stiliaus ma\u0161in\u0117l\u0117 ro\u017ein\u0117 - Montessori \u017eaislai","robots":{"index":"index","follow":"follow","max-snippet":"max-snippet:-1","max-image-preview":"max-image-preview:large","max-video-preview":"max-video-preview:-1"},"canonical":"https:\/\/monti.lt\/en\/product\/little-dutch-retro-stiliaus-masinele-rozine\/","og_locale":"en_US","og_type":"article","og_title":"Little Dutch retro stiliaus ma\u0161in\u0117l\u0117 ro\u017ein\u0117 - Montessori \u017eaislai","og_description":"\u0160is gra\u017eus ro\u017ein\u0117s spalvos \u201eLittle Dutch Retro Roller\u201c stumdomas automobilis sukurtas pagal praeities \u201eFormul\u0117s 1\u201c automobili\u0173 stili\u0173 ir suteikia daug d\u017eiaugsmo kiekvienam vaikui. Garantuojame valand\u0173 valandas \u017eaidim\u0173 viduje ir lauke! Stumiamas automobilis turi metalinius ratus su gumin\u0117mis padangomis ir plastikin\u0119 s\u0117dyn\u0119. Tai fantasti\u0161ka gimtadienio dovana, taip pat labai gra\u017eus nam\u0173 aksesuaras! Stumiamasis automobilis pagamintas tik [&hellip;]","og_url":"https:\/\/monti.lt\/en\/product\/little-dutch-retro-stiliaus-masinele-rozine\/","og_site_name":"Montessori \u017eaislai","article_modified_time":"2026-03-20T08:54:48+00:00","og_image":[{"width":1200,"height":1200,"url":"https:\/\/monti.lt\/wp-content\/uploads\/2024\/12\/2013744.jpg","type":"image\/jpeg"}],"twitter_card":"summary_large_image","twitter_misc":{"Est. reading time":"1 minute"},"schema":{"@context":"https:\/\/schema.org","@graph":[{"@type":"WebPage","@id":"https:\/\/monti.lt\/product\/little-dutch-retro-stiliaus-masinele-rozine\/","url":"https:\/\/monti.lt\/product\/little-dutch-retro-stiliaus-masinele-rozine\/","name":"Little Dutch retro stiliaus ma\u0161in\u0117l\u0117 ro\u017ein\u0117 - Montessori \u017eaislai","isPartOf":{"@id":"https:\/\/monti.lt\/#website"},"primaryImageOfPage":{"@id":"https:\/\/monti.lt\/product\/little-dutch-retro-stiliaus-masinele-rozine\/#primaryimage"},"image":{"@id":"https:\/\/monti.lt\/product\/little-dutch-retro-stiliaus-masinele-rozine\/#primaryimage"},"thumbnailUrl":"https:\/\/monti.lt\/wp-content\/uploads\/2024\/12\/2013744.jpg","datePublished":"2024-12-04T12:08:12+00:00","dateModified":"2026-03-20T08:54:48+00:00","breadcrumb":{"@id":"https:\/\/monti.lt\/product\/little-dutch-retro-stiliaus-masinele-rozine\/#breadcrumb"},"inLanguage":"en-US","potentialAction":[{"@type":"ReadAction","target":["https:\/\/monti.lt\/product\/little-dutch-retro-stiliaus-masinele-rozine\/"]}]},{"@type":"ImageObject","inLanguage":"en-US","@id":"https:\/\/monti.lt\/product\/little-dutch-retro-stiliaus-masinele-rozine\/#primaryimage","url":"https:\/\/monti.lt\/wp-content\/uploads\/2024\/12\/2013744.jpg","contentUrl":"https:\/\/monti.lt\/wp-content\/uploads\/2024\/12\/2013744.jpg","width":1200,"height":1200,"caption":"little dutch masinele"},{"@type":"BreadcrumbList","@id":"https:\/\/monti.lt\/product\/little-dutch-retro-stiliaus-masinele-rozine\/#breadcrumb","itemListElement":[{"@type":"ListItem","position":1,"name":"Home","item":"https:\/\/monti.lt\/"},{"@type":"ListItem","position":2,"name":"Parduotuv\u0117","item":"https:\/\/monti.lt\/shop\/"},{"@type":"ListItem","position":3,"name":"Little Dutch retro stiliaus ma\u0161in\u0117l\u0117 ro\u017ein\u0117"}]},{"@type":"WebSite","@id":"https:\/\/monti.lt\/#website","url":"https:\/\/monti.lt\/","name":"Montessori \u017eaislai","description":"","publisher":{"@id":"https:\/\/monti.lt\/#organization"},"potentialAction":[{"@type":"SearchAction","target":{"@type":"EntryPoint","urlTemplate":"https:\/\/monti.lt\/?s={search_term_string}"},"query-input":"required name=search_term_string"}],"inLanguage":"en-US"},{"@type":"Organization","@id":"https:\/\/monti.lt\/#organization","name":"Montessori \u017eaislai","url":"https:\/\/monti.lt\/","logo":{"@type":"ImageObject","inLanguage":"en-US","@id":"https:\/\/monti.lt\/#\/schema\/logo\/image\/","url":"https:\/\/monti.lt\/wp-content\/uploads\/2022\/03\/montilogo-1.png","contentUrl":"https:\/\/monti.lt\/wp-content\/uploads\/2022\/03\/montilogo-1.png","width":512,"height":512,"caption":"Montessori \u017eaislai"},"image":{"@id":"https:\/\/monti.lt\/#\/schema\/logo\/image\/"}}]}},"_links":{"self":[{"href":"https:\/\/monti.lt\/en\/wp-json\/wp\/v2\/product\/28824"}],"collection":[{"href":"https:\/\/monti.lt\/en\/wp-json\/wp\/v2\/product"}],"about":[{"href":"https:\/\/monti.lt\/en\/wp-json\/wp\/v2\/types\/product"}],"version-history":[{"count":1,"href":"https:\/\/monti.lt\/en\/wp-json\/wp\/v2\/product\/28824\/revisions"}],"predecessor-version":[{"id":28832,"href":"https:\/\/monti.lt\/en\/wp-json\/wp\/v2\/product\/28824\/revisions\/28832"}],"wp:featuredmedia":[{"embeddable":true,"href":"https:\/\/monti.lt\/en\/wp-json\/wp\/v2\/media\/28825"}],"wp:attachment":[{"href":"https:\/\/monti.lt\/en\/wp-json\/wp\/v2\/media?parent=28824"}],"wp:term":[{"taxonomy":"product_cat","embeddable":true,"href":"https:\/\/monti.lt\/en\/wp-json\/wp\/v2\/product_cat?post=28824"},{"taxonomy":"product_tag","embeddable":true,"href":"https:\/\/monti.lt\/en\/wp-json\/wp\/v2\/product_tag?post=28824"}],"curies":[{"name":"wp","href":"https:\/\/api.w.org\/{rel}","templated":true}]}}