{"id":28833,"date":"2024-12-04T12:13:38","date_gmt":"2024-12-04T12:13:38","guid":{"rendered":"https:\/\/monti.lt\/?post_type=product&#038;p=28833"},"modified":"2026-03-20T08:54:32","modified_gmt":"2026-03-20T08:54:32","slug":"little-dutch-balansinis-dviratukas-melynas-matinis","status":"publish","type":"product","link":"https:\/\/monti.lt\/en\/product\/little-dutch-balansinis-dviratukas-melynas-matinis\/","title":{"rendered":"Little Dutch balansinis dviratukas (m\u0117lynas, matinis)"},"content":{"rendered":"<p><strong>Little Dutch 12 coli\u0173 balansinis dviratukas \u2013 puikus pirmasis dviratis!<\/strong><\/p>\n\n\n\n<p>\u0160is balansinis dviratis yra saugus ir patvarus, skirtas vaikams nuo 2 met\u0173. Va\u017ein\u0117jimas balansiniu dviratuku puikiai lavina pusiausvyr\u0105 ir valdymo \u012fg\u016bd\u017eius, tod\u0117l tai idealus \u017eingsnis prie\u0161 pradedant va\u017eiuoti pedalais.<\/p>\n\n\n\n<p>Dviratukas turi 12 coli\u0173 padangas, o balnelio auk\u0161tis reguliuojamas nuo 36 iki 42 centimetr\u0173 (matuojama nuo grind\u0173 iki balnelio vir\u0161aus).<\/p>\n\n\n\n<p><\/p>","protected":false},"excerpt":{"rendered":"<p>Little Dutch 12 coli\u0173 balansinis dviratukas \u2013 puikus pirmasis dviratis! \u0160is balansinis dviratis yra saugus ir patvarus, skirtas vaikams nuo 2 met\u0173. Va\u017ein\u0117jimas balansiniu dviratuku puikiai lavina pusiausvyr\u0105 ir valdymo \u012fg\u016bd\u017eius, tod\u0117l tai idealus \u017eingsnis prie\u0161 pradedant va\u017eiuoti pedalais. Dviratukas turi 12 coli\u0173 padangas, o balnelio auk\u0161tis reguliuojamas nuo 36 iki 42 centimetr\u0173 (matuojama nuo [&hellip;]<\/p>","protected":false},"featured_media":28834,"template":"","meta":{"_acf_changed":false,"iawp_total_views":414},"product_cat":[213,194,197,191,82,259,192,244,90,50,215],"product_tag":[96,97],"class_list":{"0":"post-28833","1":"product","2":"type-product","3":"status-publish","4":"has-post-thumbnail","6":"product_cat-akcija","7":"product_cat-dovanos-vaikams-2-3-metu","8":"product_cat-dovanos-berniukams","9":"product_cat-dovanos-vaikams","10":"product_cat-ispardavimas","11":"product_cat-judejimo-priemones","12":"product_cat-kaledines-dovanos-vaikams","13":"product_cat-little-dutch","14":"product_cat-pasaulio-pazinimas","15":"product_cat-top-dovanos","16":"product_cat-zaislai-berniukams","17":"product_tag-2-m-3-m","18":"product_tag-3-m-4-m","20":"first","21":"instock","22":"sale","23":"taxable","24":"shipping-taxable","25":"purchasable","26":"product-type-simple"},"acf":[],"yoast_head":"<!-- This site is optimized with the Yoast SEO plugin v23.3 - https:\/\/yoast.com\/wordpress\/plugins\/seo\/ -->\n<title>Little Dutch balansinis dviratukas (m\u0117lynas, matinis) - Montessori \u017eaislai<\/title>\n<meta name=\"robots\" content=\"index, follow, max-snippet:-1, max-image-preview:large, max-video-preview:-1\" \/>\n<link rel=\"canonical\" href=\"https:\/\/monti.lt\/en\/product\/little-dutch-balansinis-dviratukas-melynas-matinis\/\" \/>\n<meta property=\"og:locale\" content=\"en_US\" \/>\n<meta property=\"og:type\" content=\"article\" \/>\n<meta property=\"og:title\" content=\"Little Dutch balansinis dviratukas (m\u0117lynas, matinis) - Montessori \u017eaislai\" \/>\n<meta property=\"og:description\" content=\"Little Dutch 12 coli\u0173 balansinis dviratukas \u2013 puikus pirmasis dviratis! \u0160is balansinis dviratis yra saugus ir patvarus, skirtas vaikams nuo 2 met\u0173. Va\u017ein\u0117jimas balansiniu dviratuku puikiai lavina pusiausvyr\u0105 ir valdymo \u012fg\u016bd\u017eius, tod\u0117l tai idealus \u017eingsnis prie\u0161 pradedant va\u017eiuoti pedalais. Dviratukas turi 12 coli\u0173 padangas, o balnelio auk\u0161tis reguliuojamas nuo 36 iki 42 centimetr\u0173 (matuojama nuo [&hellip;]\" \/>\n<meta property=\"og:url\" content=\"https:\/\/monti.lt\/en\/product\/little-dutch-balansinis-dviratukas-melynas-matinis\/\" \/>\n<meta property=\"og:site_name\" content=\"Montessori \u017eaislai\" \/>\n<meta property=\"article:modified_time\" content=\"2026-03-20T08:54:32+00:00\" \/>\n<meta property=\"og:image\" content=\"https:\/\/monti.lt\/wp-content\/uploads\/2024\/12\/melynas-dviratukas.jpg\" \/>\n\t<meta property=\"og:image:width\" content=\"1024\" \/>\n\t<meta property=\"og:image:height\" content=\"1024\" \/>\n\t<meta property=\"og:image:type\" content=\"image\/jpeg\" \/>\n<meta name=\"twitter:card\" content=\"summary_large_image\" \/>\n<meta name=\"twitter:label1\" content=\"Est. reading time\" \/>\n\t<meta name=\"twitter:data1\" content=\"1 minute\" \/>\n<script type=\"application\/ld+json\" class=\"yoast-schema-graph\">{\"@context\":\"https:\/\/schema.org\",\"@graph\":[{\"@type\":\"WebPage\",\"@id\":\"https:\/\/monti.lt\/product\/little-dutch-balansinis-dviratukas-melynas-matinis\/\",\"url\":\"https:\/\/monti.lt\/product\/little-dutch-balansinis-dviratukas-melynas-matinis\/\",\"name\":\"Little Dutch balansinis dviratukas (m\u0117lynas, matinis) - Montessori \u017eaislai\",\"isPartOf\":{\"@id\":\"https:\/\/monti.lt\/#website\"},\"primaryImageOfPage\":{\"@id\":\"https:\/\/monti.lt\/product\/little-dutch-balansinis-dviratukas-melynas-matinis\/#primaryimage\"},\"image\":{\"@id\":\"https:\/\/monti.lt\/product\/little-dutch-balansinis-dviratukas-melynas-matinis\/#primaryimage\"},\"thumbnailUrl\":\"https:\/\/monti.lt\/wp-content\/uploads\/2024\/12\/melynas-dviratukas.jpg\",\"datePublished\":\"2024-12-04T12:13:38+00:00\",\"dateModified\":\"2026-03-20T08:54:32+00:00\",\"breadcrumb\":{\"@id\":\"https:\/\/monti.lt\/product\/little-dutch-balansinis-dviratukas-melynas-matinis\/#breadcrumb\"},\"inLanguage\":\"en-US\",\"potentialAction\":[{\"@type\":\"ReadAction\",\"target\":[\"https:\/\/monti.lt\/product\/little-dutch-balansinis-dviratukas-melynas-matinis\/\"]}]},{\"@type\":\"ImageObject\",\"inLanguage\":\"en-US\",\"@id\":\"https:\/\/monti.lt\/product\/little-dutch-balansinis-dviratukas-melynas-matinis\/#primaryimage\",\"url\":\"https:\/\/monti.lt\/wp-content\/uploads\/2024\/12\/melynas-dviratukas.jpg\",\"contentUrl\":\"https:\/\/monti.lt\/wp-content\/uploads\/2024\/12\/melynas-dviratukas.jpg\",\"width\":1024,\"height\":1024,\"caption\":\"melynas balansinis dviratukas\"},{\"@type\":\"BreadcrumbList\",\"@id\":\"https:\/\/monti.lt\/product\/little-dutch-balansinis-dviratukas-melynas-matinis\/#breadcrumb\",\"itemListElement\":[{\"@type\":\"ListItem\",\"position\":1,\"name\":\"Home\",\"item\":\"https:\/\/monti.lt\/\"},{\"@type\":\"ListItem\",\"position\":2,\"name\":\"Parduotuv\u0117\",\"item\":\"https:\/\/monti.lt\/shop\/\"},{\"@type\":\"ListItem\",\"position\":3,\"name\":\"Little Dutch balansinis dviratukas (m\u0117lynas, matinis)\"}]},{\"@type\":\"WebSite\",\"@id\":\"https:\/\/monti.lt\/#website\",\"url\":\"https:\/\/monti.lt\/\",\"name\":\"Montessori \u017eaislai\",\"description\":\"\",\"publisher\":{\"@id\":\"https:\/\/monti.lt\/#organization\"},\"potentialAction\":[{\"@type\":\"SearchAction\",\"target\":{\"@type\":\"EntryPoint\",\"urlTemplate\":\"https:\/\/monti.lt\/?s={search_term_string}\"},\"query-input\":\"required name=search_term_string\"}],\"inLanguage\":\"en-US\"},{\"@type\":\"Organization\",\"@id\":\"https:\/\/monti.lt\/#organization\",\"name\":\"Montessori \u017eaislai\",\"url\":\"https:\/\/monti.lt\/\",\"logo\":{\"@type\":\"ImageObject\",\"inLanguage\":\"en-US\",\"@id\":\"https:\/\/monti.lt\/#\/schema\/logo\/image\/\",\"url\":\"https:\/\/monti.lt\/wp-content\/uploads\/2022\/03\/montilogo-1.png\",\"contentUrl\":\"https:\/\/monti.lt\/wp-content\/uploads\/2022\/03\/montilogo-1.png\",\"width\":512,\"height\":512,\"caption\":\"Montessori \u017eaislai\"},\"image\":{\"@id\":\"https:\/\/monti.lt\/#\/schema\/logo\/image\/\"}}]}<\/script>\n<!-- \/ Yoast SEO plugin. -->","yoast_head_json":{"title":"Little Dutch balansinis dviratukas (m\u0117lynas, matinis) - Montessori \u017eaislai","robots":{"index":"index","follow":"follow","max-snippet":"max-snippet:-1","max-image-preview":"max-image-preview:large","max-video-preview":"max-video-preview:-1"},"canonical":"https:\/\/monti.lt\/en\/product\/little-dutch-balansinis-dviratukas-melynas-matinis\/","og_locale":"en_US","og_type":"article","og_title":"Little Dutch balansinis dviratukas (m\u0117lynas, matinis) - Montessori \u017eaislai","og_description":"Little Dutch 12 coli\u0173 balansinis dviratukas \u2013 puikus pirmasis dviratis! \u0160is balansinis dviratis yra saugus ir patvarus, skirtas vaikams nuo 2 met\u0173. Va\u017ein\u0117jimas balansiniu dviratuku puikiai lavina pusiausvyr\u0105 ir valdymo \u012fg\u016bd\u017eius, tod\u0117l tai idealus \u017eingsnis prie\u0161 pradedant va\u017eiuoti pedalais. Dviratukas turi 12 coli\u0173 padangas, o balnelio auk\u0161tis reguliuojamas nuo 36 iki 42 centimetr\u0173 (matuojama nuo [&hellip;]","og_url":"https:\/\/monti.lt\/en\/product\/little-dutch-balansinis-dviratukas-melynas-matinis\/","og_site_name":"Montessori \u017eaislai","article_modified_time":"2026-03-20T08:54:32+00:00","og_image":[{"width":1024,"height":1024,"url":"https:\/\/monti.lt\/wp-content\/uploads\/2024\/12\/melynas-dviratukas.jpg","type":"image\/jpeg"}],"twitter_card":"summary_large_image","twitter_misc":{"Est. reading time":"1 minute"},"schema":{"@context":"https:\/\/schema.org","@graph":[{"@type":"WebPage","@id":"https:\/\/monti.lt\/product\/little-dutch-balansinis-dviratukas-melynas-matinis\/","url":"https:\/\/monti.lt\/product\/little-dutch-balansinis-dviratukas-melynas-matinis\/","name":"Little Dutch balansinis dviratukas (m\u0117lynas, matinis) - Montessori \u017eaislai","isPartOf":{"@id":"https:\/\/monti.lt\/#website"},"primaryImageOfPage":{"@id":"https:\/\/monti.lt\/product\/little-dutch-balansinis-dviratukas-melynas-matinis\/#primaryimage"},"image":{"@id":"https:\/\/monti.lt\/product\/little-dutch-balansinis-dviratukas-melynas-matinis\/#primaryimage"},"thumbnailUrl":"https:\/\/monti.lt\/wp-content\/uploads\/2024\/12\/melynas-dviratukas.jpg","datePublished":"2024-12-04T12:13:38+00:00","dateModified":"2026-03-20T08:54:32+00:00","breadcrumb":{"@id":"https:\/\/monti.lt\/product\/little-dutch-balansinis-dviratukas-melynas-matinis\/#breadcrumb"},"inLanguage":"en-US","potentialAction":[{"@type":"ReadAction","target":["https:\/\/monti.lt\/product\/little-dutch-balansinis-dviratukas-melynas-matinis\/"]}]},{"@type":"ImageObject","inLanguage":"en-US","@id":"https:\/\/monti.lt\/product\/little-dutch-balansinis-dviratukas-melynas-matinis\/#primaryimage","url":"https:\/\/monti.lt\/wp-content\/uploads\/2024\/12\/melynas-dviratukas.jpg","contentUrl":"https:\/\/monti.lt\/wp-content\/uploads\/2024\/12\/melynas-dviratukas.jpg","width":1024,"height":1024,"caption":"melynas balansinis dviratukas"},{"@type":"BreadcrumbList","@id":"https:\/\/monti.lt\/product\/little-dutch-balansinis-dviratukas-melynas-matinis\/#breadcrumb","itemListElement":[{"@type":"ListItem","position":1,"name":"Home","item":"https:\/\/monti.lt\/"},{"@type":"ListItem","position":2,"name":"Parduotuv\u0117","item":"https:\/\/monti.lt\/shop\/"},{"@type":"ListItem","position":3,"name":"Little Dutch balansinis dviratukas (m\u0117lynas, matinis)"}]},{"@type":"WebSite","@id":"https:\/\/monti.lt\/#website","url":"https:\/\/monti.lt\/","name":"Montessori \u017eaislai","description":"","publisher":{"@id":"https:\/\/monti.lt\/#organization"},"potentialAction":[{"@type":"SearchAction","target":{"@type":"EntryPoint","urlTemplate":"https:\/\/monti.lt\/?s={search_term_string}"},"query-input":"required name=search_term_string"}],"inLanguage":"en-US"},{"@type":"Organization","@id":"https:\/\/monti.lt\/#organization","name":"Montessori \u017eaislai","url":"https:\/\/monti.lt\/","logo":{"@type":"ImageObject","inLanguage":"en-US","@id":"https:\/\/monti.lt\/#\/schema\/logo\/image\/","url":"https:\/\/monti.lt\/wp-content\/uploads\/2022\/03\/montilogo-1.png","contentUrl":"https:\/\/monti.lt\/wp-content\/uploads\/2022\/03\/montilogo-1.png","width":512,"height":512,"caption":"Montessori \u017eaislai"},"image":{"@id":"https:\/\/monti.lt\/#\/schema\/logo\/image\/"}}]}},"_links":{"self":[{"href":"https:\/\/monti.lt\/en\/wp-json\/wp\/v2\/product\/28833"}],"collection":[{"href":"https:\/\/monti.lt\/en\/wp-json\/wp\/v2\/product"}],"about":[{"href":"https:\/\/monti.lt\/en\/wp-json\/wp\/v2\/types\/product"}],"version-history":[{"count":1,"href":"https:\/\/monti.lt\/en\/wp-json\/wp\/v2\/product\/28833\/revisions"}],"predecessor-version":[{"id":28835,"href":"https:\/\/monti.lt\/en\/wp-json\/wp\/v2\/product\/28833\/revisions\/28835"}],"wp:featuredmedia":[{"embeddable":true,"href":"https:\/\/monti.lt\/en\/wp-json\/wp\/v2\/media\/28834"}],"wp:attachment":[{"href":"https:\/\/monti.lt\/en\/wp-json\/wp\/v2\/media?parent=28833"}],"wp:term":[{"taxonomy":"product_cat","embeddable":true,"href":"https:\/\/monti.lt\/en\/wp-json\/wp\/v2\/product_cat?post=28833"},{"taxonomy":"product_tag","embeddable":true,"href":"https:\/\/monti.lt\/en\/wp-json\/wp\/v2\/product_tag?post=28833"}],"curies":[{"name":"wp","href":"https:\/\/api.w.org\/{rel}","templated":true}]}}