{"id":29360,"date":"2024-12-11T07:53:13","date_gmt":"2024-12-11T07:53:13","guid":{"rendered":"https:\/\/monti.lt\/?post_type=product&#038;p=29360"},"modified":"2026-03-20T08:44:02","modified_gmt":"2026-03-20T08:44:02","slug":"connetix-pastelinis-rinkinys-120-el","status":"publish","type":"product","link":"https:\/\/monti.lt\/en\/product\/connetix-pastelinis-rinkinys-120-el\/","title":{"rendered":"Connetix pastelinis rinkinys, 120 el"},"content":{"rendered":"<p>M\u016bs\u0173 pastelini\u0173 k\u016brybini\u0173 priemoni\u0173 pakuot\u0117je, skirtoje skatinti neribot\u0105 k\u016brybi\u0161kum\u0105, linksmybes ir mokym\u0105si per \u017dAIDIM\u0104, yra 8 pastelini\u0173 spalv\u0173 \u012fvairi\u0173 form\u0173. Tai puikus pradinis variantas \u0161eimos \u017eaidimams, kuriant DID\u017dIAUSIUS CONNETIX k\u016brinius ir ple\u010diant vaik\u0173 atpa\u017e\u012fstam\u0173 spalv\u0173 gam\u0105!<\/p>\n\n\n\n<p>Nesvarbu, ar \u017eaid\u017eiate savaranki\u0161kai, ar su draugais ir \u0161eima, 120 dali\u0173 pastelinis k\u016brybinis paketas skatina STEAM mokym\u0105si ir smulkiosios bei stambiosios motorikos \u012fg\u016bd\u017ei\u0173 lavinim\u0105. Steb\u0117kite, kaip vaikai kuria didesnes pilis ir raketas, bok\u0161tus, monet\u0173 kritimo sistemas, tiltus ir mandalas, tyrin\u0117ja ra\u0161tus ir formas, kuria spalv\u0173 r\u016b\u0161iavimo d\u0117\u017eutes ir dar daugiau. M\u016bs\u0173 pastelinis k\u016brybinis paketas taip pat pad\u0117s ugdyti atkaklum\u0105 ir atsparum\u0105, nes vaikai projektuos didesnio masto statinius, i\u0161bandydami savo vaizduot\u0117s ribas.<\/p>\n\n\n\n<p>Kadangi CONNETIX yra kokybi\u0161kas \u017eaislas, jis augs kartu su j\u016bs\u0173 vaiku, kai jis mokysis ir jo \u017eaidimai taps sud\u0117tingesni. I\u0161pl\u0117skite savo kolekcij\u0105 ir papildykite 120 dali\u0173 pastelin\u0119 k\u016brybin\u0119 pakuot\u0119 202 dali\u0173 pasteline MEGA pakuote ir 40 dali\u0173 pasteline geometrijos pakuote.<\/p>\n\n\n\n<p>Apie m\u016bs\u0173 produktus:<\/p>\n\n\n\n<p>Visos plytel\u0117s pagamintos i\u0161 netoksi\u0161ko ABS plastiko, kuriame n\u0117ra BPA ir ftalat\u0173.<br>M\u016bs\u0173 unikalus nuo\u017eulnus dizainas leid\u017eia CONNETIX plytel\u0117ms b\u016bti tvirtoms ir tuo pat metu u\u017etikrinti gra\u017eius ir ai\u0161kius l\u016b\u017eius.<\/p>\n\n\n\n<p>CONNETIX yra suderinami su kitais pirmaujan\u010diais preki\u0173 \u017eenklais.<br>M\u016bs\u0173 pastelini\u0173 preki\u0173 asortimente yra naujo dizaino lygiakra\u0161\u010di\u0173 trikampi\u0173. Jie suderinami su tradiciniais CONNETIX lygiakra\u0161\u010diais trikampiais.<br>Rekomenduojamas am\u017eius: 3+ (yra magnet\u0173 ir smulki\u0173 dali\u0173)<\/p>\n\n\n\n<p><\/p>","protected":false},"excerpt":{"rendered":"<p>M\u016bs\u0173 pastelini\u0173 k\u016brybini\u0173 priemoni\u0173 pakuot\u0117je, skirtoje skatinti neribot\u0105 k\u016brybi\u0161kum\u0105, linksmybes ir mokym\u0105si per \u017dAIDIM\u0104, yra 8 pastelini\u0173 spalv\u0173 \u012fvairi\u0173 form\u0173. Tai puikus pradinis variantas \u0161eimos \u017eaidimams, kuriant DID\u017dIAUSIUS CONNETIX k\u016brinius ir ple\u010diant vaik\u0173 atpa\u017e\u012fstam\u0173 spalv\u0173 gam\u0105! Nesvarbu, ar \u017eaid\u017eiate savaranki\u0161kai, ar su draugais ir \u0161eima, 120 dali\u0173 pastelinis k\u016brybinis paketas skatina STEAM mokym\u0105si ir smulkiosios [&hellip;]<\/p>","protected":false},"featured_media":29361,"template":"","meta":{"_acf_changed":false,"iawp_total_views":386},"product_cat":[213,243,196,191,82,50,199],"product_tag":[97,98],"class_list":{"0":"post-29360","1":"product","2":"type-product","3":"status-publish","4":"has-post-thumbnail","6":"product_cat-akcija","7":"product_cat-connetix","8":"product_cat-dovanos-mergaitems","9":"product_cat-dovanos-vaikams","10":"product_cat-ispardavimas","11":"product_cat-top-dovanos","12":"product_cat-ugdymo-istaigoms","13":"product_tag-3-m-4-m","14":"product_tag-5-m-7-m","16":"first","17":"instock","18":"sale","19":"taxable","20":"shipping-taxable","21":"purchasable","22":"product-type-simple"},"acf":[],"yoast_head":"<!-- This site is optimized with the Yoast SEO plugin v23.3 - https:\/\/yoast.com\/wordpress\/plugins\/seo\/ -->\n<title>Connetix pastelinis rinkinys, 120 el - Montessori \u017eaislai<\/title>\n<meta name=\"robots\" content=\"index, follow, max-snippet:-1, max-image-preview:large, max-video-preview:-1\" \/>\n<link rel=\"canonical\" href=\"https:\/\/monti.lt\/en\/product\/connetix-pastelinis-rinkinys-120-el\/\" \/>\n<meta property=\"og:locale\" content=\"en_US\" \/>\n<meta property=\"og:type\" content=\"article\" \/>\n<meta property=\"og:title\" content=\"Connetix pastelinis rinkinys, 120 el - Montessori \u017eaislai\" \/>\n<meta property=\"og:description\" content=\"M\u016bs\u0173 pastelini\u0173 k\u016brybini\u0173 priemoni\u0173 pakuot\u0117je, skirtoje skatinti neribot\u0105 k\u016brybi\u0161kum\u0105, linksmybes ir mokym\u0105si per \u017dAIDIM\u0104, yra 8 pastelini\u0173 spalv\u0173 \u012fvairi\u0173 form\u0173. Tai puikus pradinis variantas \u0161eimos \u017eaidimams, kuriant DID\u017dIAUSIUS CONNETIX k\u016brinius ir ple\u010diant vaik\u0173 atpa\u017e\u012fstam\u0173 spalv\u0173 gam\u0105! Nesvarbu, ar \u017eaid\u017eiate savaranki\u0161kai, ar su draugais ir \u0161eima, 120 dali\u0173 pastelinis k\u016brybinis paketas skatina STEAM mokym\u0105si ir smulkiosios [&hellip;]\" \/>\n<meta property=\"og:url\" content=\"https:\/\/monti.lt\/en\/product\/connetix-pastelinis-rinkinys-120-el\/\" \/>\n<meta property=\"og:site_name\" content=\"Montessori \u017eaislai\" \/>\n<meta property=\"article:modified_time\" content=\"2026-03-20T08:44:02+00:00\" \/>\n<meta property=\"og:image\" content=\"https:\/\/monti.lt\/wp-content\/uploads\/2024\/12\/120-Pastel-Creative-Resized.jpg\" \/>\n\t<meta property=\"og:image:width\" content=\"1600\" \/>\n\t<meta property=\"og:image:height\" content=\"1800\" \/>\n\t<meta property=\"og:image:type\" content=\"image\/jpeg\" \/>\n<meta name=\"twitter:card\" content=\"summary_large_image\" \/>\n<meta name=\"twitter:label1\" content=\"Est. reading time\" \/>\n\t<meta name=\"twitter:data1\" content=\"2 minutes\" \/>\n<script type=\"application\/ld+json\" class=\"yoast-schema-graph\">{\"@context\":\"https:\/\/schema.org\",\"@graph\":[{\"@type\":\"WebPage\",\"@id\":\"https:\/\/monti.lt\/product\/connetix-pastelinis-rinkinys-120-el\/\",\"url\":\"https:\/\/monti.lt\/product\/connetix-pastelinis-rinkinys-120-el\/\",\"name\":\"Connetix pastelinis rinkinys, 120 el - Montessori \u017eaislai\",\"isPartOf\":{\"@id\":\"https:\/\/monti.lt\/#website\"},\"primaryImageOfPage\":{\"@id\":\"https:\/\/monti.lt\/product\/connetix-pastelinis-rinkinys-120-el\/#primaryimage\"},\"image\":{\"@id\":\"https:\/\/monti.lt\/product\/connetix-pastelinis-rinkinys-120-el\/#primaryimage\"},\"thumbnailUrl\":\"https:\/\/monti.lt\/wp-content\/uploads\/2024\/12\/120-Pastel-Creative-Resized.jpg\",\"datePublished\":\"2024-12-11T07:53:13+00:00\",\"dateModified\":\"2026-03-20T08:44:02+00:00\",\"breadcrumb\":{\"@id\":\"https:\/\/monti.lt\/product\/connetix-pastelinis-rinkinys-120-el\/#breadcrumb\"},\"inLanguage\":\"en-US\",\"potentialAction\":[{\"@type\":\"ReadAction\",\"target\":[\"https:\/\/monti.lt\/product\/connetix-pastelinis-rinkinys-120-el\/\"]}]},{\"@type\":\"ImageObject\",\"inLanguage\":\"en-US\",\"@id\":\"https:\/\/monti.lt\/product\/connetix-pastelinis-rinkinys-120-el\/#primaryimage\",\"url\":\"https:\/\/monti.lt\/wp-content\/uploads\/2024\/12\/120-Pastel-Creative-Resized.jpg\",\"contentUrl\":\"https:\/\/monti.lt\/wp-content\/uploads\/2024\/12\/120-Pastel-Creative-Resized.jpg\",\"width\":1600,\"height\":1800,\"caption\":\"connetix pastelinis konstruktorius\"},{\"@type\":\"BreadcrumbList\",\"@id\":\"https:\/\/monti.lt\/product\/connetix-pastelinis-rinkinys-120-el\/#breadcrumb\",\"itemListElement\":[{\"@type\":\"ListItem\",\"position\":1,\"name\":\"Home\",\"item\":\"https:\/\/monti.lt\/\"},{\"@type\":\"ListItem\",\"position\":2,\"name\":\"Parduotuv\u0117\",\"item\":\"https:\/\/monti.lt\/shop\/\"},{\"@type\":\"ListItem\",\"position\":3,\"name\":\"Connetix pastelinis rinkinys, 120 el\"}]},{\"@type\":\"WebSite\",\"@id\":\"https:\/\/monti.lt\/#website\",\"url\":\"https:\/\/monti.lt\/\",\"name\":\"Montessori \u017eaislai\",\"description\":\"\",\"publisher\":{\"@id\":\"https:\/\/monti.lt\/#organization\"},\"potentialAction\":[{\"@type\":\"SearchAction\",\"target\":{\"@type\":\"EntryPoint\",\"urlTemplate\":\"https:\/\/monti.lt\/?s={search_term_string}\"},\"query-input\":\"required name=search_term_string\"}],\"inLanguage\":\"en-US\"},{\"@type\":\"Organization\",\"@id\":\"https:\/\/monti.lt\/#organization\",\"name\":\"Montessori \u017eaislai\",\"url\":\"https:\/\/monti.lt\/\",\"logo\":{\"@type\":\"ImageObject\",\"inLanguage\":\"en-US\",\"@id\":\"https:\/\/monti.lt\/#\/schema\/logo\/image\/\",\"url\":\"https:\/\/monti.lt\/wp-content\/uploads\/2022\/03\/montilogo-1.png\",\"contentUrl\":\"https:\/\/monti.lt\/wp-content\/uploads\/2022\/03\/montilogo-1.png\",\"width\":512,\"height\":512,\"caption\":\"Montessori \u017eaislai\"},\"image\":{\"@id\":\"https:\/\/monti.lt\/#\/schema\/logo\/image\/\"}}]}<\/script>\n<!-- \/ Yoast SEO plugin. -->","yoast_head_json":{"title":"Connetix pastelinis rinkinys, 120 el - Montessori \u017eaislai","robots":{"index":"index","follow":"follow","max-snippet":"max-snippet:-1","max-image-preview":"max-image-preview:large","max-video-preview":"max-video-preview:-1"},"canonical":"https:\/\/monti.lt\/en\/product\/connetix-pastelinis-rinkinys-120-el\/","og_locale":"en_US","og_type":"article","og_title":"Connetix pastelinis rinkinys, 120 el - Montessori \u017eaislai","og_description":"M\u016bs\u0173 pastelini\u0173 k\u016brybini\u0173 priemoni\u0173 pakuot\u0117je, skirtoje skatinti neribot\u0105 k\u016brybi\u0161kum\u0105, linksmybes ir mokym\u0105si per \u017dAIDIM\u0104, yra 8 pastelini\u0173 spalv\u0173 \u012fvairi\u0173 form\u0173. Tai puikus pradinis variantas \u0161eimos \u017eaidimams, kuriant DID\u017dIAUSIUS CONNETIX k\u016brinius ir ple\u010diant vaik\u0173 atpa\u017e\u012fstam\u0173 spalv\u0173 gam\u0105! Nesvarbu, ar \u017eaid\u017eiate savaranki\u0161kai, ar su draugais ir \u0161eima, 120 dali\u0173 pastelinis k\u016brybinis paketas skatina STEAM mokym\u0105si ir smulkiosios [&hellip;]","og_url":"https:\/\/monti.lt\/en\/product\/connetix-pastelinis-rinkinys-120-el\/","og_site_name":"Montessori \u017eaislai","article_modified_time":"2026-03-20T08:44:02+00:00","og_image":[{"width":1600,"height":1800,"url":"https:\/\/monti.lt\/wp-content\/uploads\/2024\/12\/120-Pastel-Creative-Resized.jpg","type":"image\/jpeg"}],"twitter_card":"summary_large_image","twitter_misc":{"Est. reading time":"2 minutes"},"schema":{"@context":"https:\/\/schema.org","@graph":[{"@type":"WebPage","@id":"https:\/\/monti.lt\/product\/connetix-pastelinis-rinkinys-120-el\/","url":"https:\/\/monti.lt\/product\/connetix-pastelinis-rinkinys-120-el\/","name":"Connetix pastelinis rinkinys, 120 el - Montessori \u017eaislai","isPartOf":{"@id":"https:\/\/monti.lt\/#website"},"primaryImageOfPage":{"@id":"https:\/\/monti.lt\/product\/connetix-pastelinis-rinkinys-120-el\/#primaryimage"},"image":{"@id":"https:\/\/monti.lt\/product\/connetix-pastelinis-rinkinys-120-el\/#primaryimage"},"thumbnailUrl":"https:\/\/monti.lt\/wp-content\/uploads\/2024\/12\/120-Pastel-Creative-Resized.jpg","datePublished":"2024-12-11T07:53:13+00:00","dateModified":"2026-03-20T08:44:02+00:00","breadcrumb":{"@id":"https:\/\/monti.lt\/product\/connetix-pastelinis-rinkinys-120-el\/#breadcrumb"},"inLanguage":"en-US","potentialAction":[{"@type":"ReadAction","target":["https:\/\/monti.lt\/product\/connetix-pastelinis-rinkinys-120-el\/"]}]},{"@type":"ImageObject","inLanguage":"en-US","@id":"https:\/\/monti.lt\/product\/connetix-pastelinis-rinkinys-120-el\/#primaryimage","url":"https:\/\/monti.lt\/wp-content\/uploads\/2024\/12\/120-Pastel-Creative-Resized.jpg","contentUrl":"https:\/\/monti.lt\/wp-content\/uploads\/2024\/12\/120-Pastel-Creative-Resized.jpg","width":1600,"height":1800,"caption":"connetix pastelinis konstruktorius"},{"@type":"BreadcrumbList","@id":"https:\/\/monti.lt\/product\/connetix-pastelinis-rinkinys-120-el\/#breadcrumb","itemListElement":[{"@type":"ListItem","position":1,"name":"Home","item":"https:\/\/monti.lt\/"},{"@type":"ListItem","position":2,"name":"Parduotuv\u0117","item":"https:\/\/monti.lt\/shop\/"},{"@type":"ListItem","position":3,"name":"Connetix pastelinis rinkinys, 120 el"}]},{"@type":"WebSite","@id":"https:\/\/monti.lt\/#website","url":"https:\/\/monti.lt\/","name":"Montessori \u017eaislai","description":"","publisher":{"@id":"https:\/\/monti.lt\/#organization"},"potentialAction":[{"@type":"SearchAction","target":{"@type":"EntryPoint","urlTemplate":"https:\/\/monti.lt\/?s={search_term_string}"},"query-input":"required name=search_term_string"}],"inLanguage":"en-US"},{"@type":"Organization","@id":"https:\/\/monti.lt\/#organization","name":"Montessori \u017eaislai","url":"https:\/\/monti.lt\/","logo":{"@type":"ImageObject","inLanguage":"en-US","@id":"https:\/\/monti.lt\/#\/schema\/logo\/image\/","url":"https:\/\/monti.lt\/wp-content\/uploads\/2022\/03\/montilogo-1.png","contentUrl":"https:\/\/monti.lt\/wp-content\/uploads\/2022\/03\/montilogo-1.png","width":512,"height":512,"caption":"Montessori \u017eaislai"},"image":{"@id":"https:\/\/monti.lt\/#\/schema\/logo\/image\/"}}]}},"_links":{"self":[{"href":"https:\/\/monti.lt\/en\/wp-json\/wp\/v2\/product\/29360"}],"collection":[{"href":"https:\/\/monti.lt\/en\/wp-json\/wp\/v2\/product"}],"about":[{"href":"https:\/\/monti.lt\/en\/wp-json\/wp\/v2\/types\/product"}],"version-history":[{"count":1,"href":"https:\/\/monti.lt\/en\/wp-json\/wp\/v2\/product\/29360\/revisions"}],"predecessor-version":[{"id":29365,"href":"https:\/\/monti.lt\/en\/wp-json\/wp\/v2\/product\/29360\/revisions\/29365"}],"wp:featuredmedia":[{"embeddable":true,"href":"https:\/\/monti.lt\/en\/wp-json\/wp\/v2\/media\/29361"}],"wp:attachment":[{"href":"https:\/\/monti.lt\/en\/wp-json\/wp\/v2\/media?parent=29360"}],"wp:term":[{"taxonomy":"product_cat","embeddable":true,"href":"https:\/\/monti.lt\/en\/wp-json\/wp\/v2\/product_cat?post=29360"},{"taxonomy":"product_tag","embeddable":true,"href":"https:\/\/monti.lt\/en\/wp-json\/wp\/v2\/product_tag?post=29360"}],"curies":[{"name":"wp","href":"https:\/\/api.w.org\/{rel}","templated":true}]}}