{"id":29380,"date":"2024-12-11T09:17:53","date_gmt":"2024-12-11T09:17:53","guid":{"rendered":"https:\/\/monti.lt\/?post_type=product&#038;p=29380"},"modified":"2026-03-22T17:53:41","modified_gmt":"2026-03-22T17:53:41","slug":"medinis-gydytojo-lagaminas","status":"publish","type":"product","link":"https:\/\/monti.lt\/en\/product\/medinis-gydytojo-lagaminas\/","title":{"rendered":"Medinis gydytojo lagaminas"},"content":{"rendered":"<ul class=\"wp-block-list\">\n<li><strong>TURTINGAS RINKINYS<\/strong>\u00a0\u2013 \u0161is patrauklus rinkinys labai didelis. Rinkinyje yra lagaminas, s\u0105siuvinis, mokomasis \u017eandikaulis, stetoskopas, slaugytojo kepurait\u0117, lipdukai, termometras, 2 x pasta, \u017enypl\u0117s, \u0161virk\u0161tas, dant\u0173 \u0161epet\u0117lis, veidrodis, pincetas, kaltas, 2 pakuot\u0117s table\u010di\u0173 ir asmens tapatyb\u0117s \u017eenklelis.<\/li>\n\n\n\n<li><strong>JIS \u017dAISTI IR MOKO \u2013<\/strong>\u00a0rinkinys ne tik leis j\u016bs\u0173 vaikui smagiai praleisti laik\u0105, bet ir leis i\u0161mokti form\u0173, spalv\u0173 ir suaugus atliekam\u0173 veikl\u0173. \u017daisdami kartu jie gali atlikti odontologo vaidmen\u012f ir gydyti t\u0117velius ar bendraam\u017eius dar\u017eelyje.\u00a0<strong>Tai puikus pratimas ma\u017eiausi\u0173 vaik\u0173 rankiniams \u012fg\u016bd\u017eiams, taip pat idealus pratimas prie\u0161 mokym\u0105si.<\/strong><\/li>\n\n\n\n<li><strong>K\u016aRYBIN\u0116S LINKSM\u0116S<\/strong>\u00a0\u2013 \u0161is unikalus gydytojo rinkinys leis J\u016bs\u0173 vaikui ap\u017ei\u016br\u0117ti ir gydyti m\u0117gstam\u0173 l\u0117li\u0173 ar me\u0161kiuk\u0173 dantukus. \u0160is \u017eaislas skatina k\u016brybi\u0161kum\u0105 ir integracij\u0105 su bendraam\u017eiais.<\/li>\n\n\n\n<li><strong>PAGAMINTI<\/strong>\u00a0<strong>I\u0160 MEDIENOS \u2013<\/strong>\u00a0mediniai \u017eaislai yra nesenstantis pasi\u016blymas, kuris prad\u017eiugins kiekvien\u0105 vaik\u0105. Klasikinis med\u017eio gro\u017eis ir ilgaam\u017ei\u0161kumas visada buvo labai vertinami. \u0160i \u017ealiava gerai atrodo tiek nat\u016bralios spalvos, tiek da\u017eyta. \u017daislas yra saugus kiekvienam vaikui.\u00a0<strong>Nat\u016brali med\u017eiaga rei\u0161kia, kad net jei vaikas \u012fsid\u0117s \u017eaisl\u0105 \u012f burn\u0105, jis nesilies su dirbtin\u0117mis med\u017eiagomis.<\/strong><\/li>\n\n\n\n<li><strong>SPECIFIKACIJOS &#8211;\u00a0<\/strong>med\u017eiaga: mediena + poliesteris + metalas; spalva: daugiaspalvis; element\u0173 skai\u010dius: 43; lagamino i\u0161matavimai: 25 x 20 x 8,5 cm; svoris: 1,333 kg; pakuot\u0117s svoris: 1 750 kg.\u00a0<\/li>\n<\/ul>\n\n\n\n<p><strong>SPECIFIKACIJA<\/strong><\/p>\n\n\n\n<ul class=\"wp-block-list\">\n<li>med\u017eiaga: mediena + poliesteris + metalas<\/li>\n\n\n\n<li>spalva: daugiaspalvis<\/li>\n\n\n\n<li>element\u0173 skai\u010dius: 43<\/li>\n\n\n\n<li>lagamino i\u0161matavimai: 25 x 20 x 8,5 cm<\/li>\n\n\n\n<li>svoris: 1,333 kg<\/li>\n\n\n\n<li>pakuot\u0117s svoris: 1 750 kg<\/li>\n<\/ul>\n\n\n\n<p><strong>\u012eSKAITANT<\/strong><\/p>\n\n\n\n<ul class=\"wp-block-list\">\n<li>lagaminas<\/li>\n\n\n\n<li>s\u0105siuvinis su popieriaus lapais<\/li>\n\n\n\n<li>mokymosi \u017eandikaulis su i\u0161imamais dantimis<\/li>\n\n\n\n<li>stetoskopas<\/li>\n\n\n\n<li>slaugytojos kepurait\u0117<\/li>\n\n\n\n<li>lipdukai<\/li>\n\n\n\n<li>termometras<\/li>\n\n\n\n<li>2 x pasta<\/li>\n\n\n\n<li>repl\u0117s<\/li>\n\n\n\n<li>\u0161virk\u0161tas<\/li>\n\n\n\n<li>teptuku<\/li>\n\n\n\n<li>veidrodis<\/li>\n\n\n\n<li>pincetai<\/li>\n\n\n\n<li>kaltas<\/li>\n\n\n\n<li>2 table\u010di\u0173 pakuot\u0117s<\/li>\n\n\n\n<li>sirupo<\/li>\n\n\n\n<li>ID<\/li>\n<\/ul>\n\n\n\n<p>Ma\u017easis gydytojo \/ odontologo \u017eaidimo rinkinys yra puiki \u012f\u017eanga \u012f medicinos pasaul\u012f, o visi komplekte esantys elementai leid\u017eia j\u016bs\u0173 vaikui \u017eaisti kaip geriausio gydytojo vaidmenis ir smagiai praleisti laik\u0105. Pirmosios pagalbos vaistin\u0117l\u0117s formos m\u0117lyname d\u0117kle yra visi elementai, kurie leis j\u016bs\u0173 vaikui pasijusti tikru gydytoju.<\/p>\n\n\n\n<p><\/p>","protected":false},"excerpt":{"rendered":"<p>SPECIFIKACIJA \u012eSKAITANT Ma\u017easis gydytojo \/ odontologo \u017eaidimo rinkinys yra puiki \u012f\u017eanga \u012f medicinos pasaul\u012f, o visi komplekte esantys elementai leid\u017eia j\u016bs\u0173 vaikui \u017eaisti kaip geriausio gydytojo vaidmenis ir smagiai praleisti laik\u0105. Pirmosios pagalbos vaistin\u0117l\u0117s formos m\u0117lyname d\u0117kle yra visi elementai, kurie leis j\u016bs\u0173 vaikui pasijusti tikru gydytoju.<\/p>","protected":false},"featured_media":29381,"template":"","meta":{"_acf_changed":false,"iawp_total_views":368},"product_cat":[195,216,217,191,192,84,102,50,199,93,49,39],"product_tag":[96,97,98],"class_list":{"0":"post-29380","1":"product","2":"type-product","3":"status-publish","4":"has-post-thumbnail","6":"product_cat-dovanos-vaikams-3-4-metu","7":"product_cat-dovanos-4-5-metu-vaikams","8":"product_cat-dovanos-5-7-metu-vaikams","9":"product_cat-dovanos-vaikams","10":"product_cat-kaledines-dovanos-vaikams","11":"product_cat-lavinamieji-zaislai","12":"product_cat-mediniai-zaislai","13":"product_cat-top-dovanos","14":"product_cat-ugdymo-istaigoms","15":"product_cat-vaidmenu-zaidimai","16":"product_cat-visi-zaislai","17":"product_cat-zaislai","18":"product_tag-2-m-3-m","19":"product_tag-3-m-4-m","20":"product_tag-5-m-7-m","22":"first","23":"outofstock","24":"sale","25":"taxable","26":"shipping-taxable","27":"purchasable","28":"product-type-simple"},"acf":[],"yoast_head":"<!-- This site is optimized with the Yoast SEO plugin v23.3 - https:\/\/yoast.com\/wordpress\/plugins\/seo\/ -->\n<title>Medinis gydytojo lagaminas - Montessori \u017eaislai<\/title>\n<meta name=\"robots\" content=\"index, follow, max-snippet:-1, max-image-preview:large, max-video-preview:-1\" \/>\n<link rel=\"canonical\" href=\"https:\/\/monti.lt\/en\/product\/medinis-gydytojo-lagaminas\/\" \/>\n<meta property=\"og:locale\" content=\"en_US\" \/>\n<meta property=\"og:type\" content=\"article\" \/>\n<meta property=\"og:title\" content=\"Medinis gydytojo lagaminas - Montessori \u017eaislai\" \/>\n<meta property=\"og:description\" content=\"SPECIFIKACIJA \u012eSKAITANT Ma\u017easis gydytojo \/ odontologo \u017eaidimo rinkinys yra puiki \u012f\u017eanga \u012f medicinos pasaul\u012f, o visi komplekte esantys elementai leid\u017eia j\u016bs\u0173 vaikui \u017eaisti kaip geriausio gydytojo vaidmenis ir smagiai praleisti laik\u0105. Pirmosios pagalbos vaistin\u0117l\u0117s formos m\u0117lyname d\u0117kle yra visi elementai, kurie leis j\u016bs\u0173 vaikui pasijusti tikru gydytoju.\" \/>\n<meta property=\"og:url\" content=\"https:\/\/monti.lt\/en\/product\/medinis-gydytojo-lagaminas\/\" \/>\n<meta property=\"og:site_name\" content=\"Montessori \u017eaislai\" \/>\n<meta property=\"article:modified_time\" content=\"2026-03-22T17:53:41+00:00\" \/>\n<meta property=\"og:image\" content=\"https:\/\/monti.lt\/wp-content\/uploads\/2024\/12\/lit_pl_Mazasis-gydytojo-rinkinys-medinis-Kruzzel-19869-m-16258_9.webp\" \/>\n\t<meta property=\"og:image:width\" content=\"500\" \/>\n\t<meta property=\"og:image:height\" content=\"500\" \/>\n\t<meta property=\"og:image:type\" content=\"image\/webp\" \/>\n<meta name=\"twitter:card\" content=\"summary_large_image\" \/>\n<meta name=\"twitter:label1\" content=\"Est. reading time\" \/>\n\t<meta name=\"twitter:data1\" content=\"2 minutes\" \/>\n<script type=\"application\/ld+json\" class=\"yoast-schema-graph\">{\"@context\":\"https:\/\/schema.org\",\"@graph\":[{\"@type\":\"WebPage\",\"@id\":\"https:\/\/monti.lt\/product\/medinis-gydytojo-lagaminas\/\",\"url\":\"https:\/\/monti.lt\/product\/medinis-gydytojo-lagaminas\/\",\"name\":\"Medinis gydytojo lagaminas - Montessori \u017eaislai\",\"isPartOf\":{\"@id\":\"https:\/\/monti.lt\/#website\"},\"primaryImageOfPage\":{\"@id\":\"https:\/\/monti.lt\/product\/medinis-gydytojo-lagaminas\/#primaryimage\"},\"image\":{\"@id\":\"https:\/\/monti.lt\/product\/medinis-gydytojo-lagaminas\/#primaryimage\"},\"thumbnailUrl\":\"https:\/\/monti.lt\/wp-content\/uploads\/2024\/12\/lit_pl_Mazasis-gydytojo-rinkinys-medinis-Kruzzel-19869-m-16258_9.webp\",\"datePublished\":\"2024-12-11T09:17:53+00:00\",\"dateModified\":\"2026-03-22T17:53:41+00:00\",\"breadcrumb\":{\"@id\":\"https:\/\/monti.lt\/product\/medinis-gydytojo-lagaminas\/#breadcrumb\"},\"inLanguage\":\"en-US\",\"potentialAction\":[{\"@type\":\"ReadAction\",\"target\":[\"https:\/\/monti.lt\/product\/medinis-gydytojo-lagaminas\/\"]}]},{\"@type\":\"ImageObject\",\"inLanguage\":\"en-US\",\"@id\":\"https:\/\/monti.lt\/product\/medinis-gydytojo-lagaminas\/#primaryimage\",\"url\":\"https:\/\/monti.lt\/wp-content\/uploads\/2024\/12\/lit_pl_Mazasis-gydytojo-rinkinys-medinis-Kruzzel-19869-m-16258_9.webp\",\"contentUrl\":\"https:\/\/monti.lt\/wp-content\/uploads\/2024\/12\/lit_pl_Mazasis-gydytojo-rinkinys-medinis-Kruzzel-19869-m-16258_9.webp\",\"width\":500,\"height\":500},{\"@type\":\"BreadcrumbList\",\"@id\":\"https:\/\/monti.lt\/product\/medinis-gydytojo-lagaminas\/#breadcrumb\",\"itemListElement\":[{\"@type\":\"ListItem\",\"position\":1,\"name\":\"Home\",\"item\":\"https:\/\/monti.lt\/\"},{\"@type\":\"ListItem\",\"position\":2,\"name\":\"Parduotuv\u0117\",\"item\":\"https:\/\/monti.lt\/shop\/\"},{\"@type\":\"ListItem\",\"position\":3,\"name\":\"Medinis gydytojo lagaminas\"}]},{\"@type\":\"WebSite\",\"@id\":\"https:\/\/monti.lt\/#website\",\"url\":\"https:\/\/monti.lt\/\",\"name\":\"Montessori \u017eaislai\",\"description\":\"\",\"publisher\":{\"@id\":\"https:\/\/monti.lt\/#organization\"},\"potentialAction\":[{\"@type\":\"SearchAction\",\"target\":{\"@type\":\"EntryPoint\",\"urlTemplate\":\"https:\/\/monti.lt\/?s={search_term_string}\"},\"query-input\":\"required name=search_term_string\"}],\"inLanguage\":\"en-US\"},{\"@type\":\"Organization\",\"@id\":\"https:\/\/monti.lt\/#organization\",\"name\":\"Montessori \u017eaislai\",\"url\":\"https:\/\/monti.lt\/\",\"logo\":{\"@type\":\"ImageObject\",\"inLanguage\":\"en-US\",\"@id\":\"https:\/\/monti.lt\/#\/schema\/logo\/image\/\",\"url\":\"https:\/\/monti.lt\/wp-content\/uploads\/2022\/03\/montilogo-1.png\",\"contentUrl\":\"https:\/\/monti.lt\/wp-content\/uploads\/2022\/03\/montilogo-1.png\",\"width\":512,\"height\":512,\"caption\":\"Montessori \u017eaislai\"},\"image\":{\"@id\":\"https:\/\/monti.lt\/#\/schema\/logo\/image\/\"}}]}<\/script>\n<!-- \/ Yoast SEO plugin. -->","yoast_head_json":{"title":"Medinis gydytojo lagaminas - Montessori \u017eaislai","robots":{"index":"index","follow":"follow","max-snippet":"max-snippet:-1","max-image-preview":"max-image-preview:large","max-video-preview":"max-video-preview:-1"},"canonical":"https:\/\/monti.lt\/en\/product\/medinis-gydytojo-lagaminas\/","og_locale":"en_US","og_type":"article","og_title":"Medinis gydytojo lagaminas - Montessori \u017eaislai","og_description":"SPECIFIKACIJA \u012eSKAITANT Ma\u017easis gydytojo \/ odontologo \u017eaidimo rinkinys yra puiki \u012f\u017eanga \u012f medicinos pasaul\u012f, o visi komplekte esantys elementai leid\u017eia j\u016bs\u0173 vaikui \u017eaisti kaip geriausio gydytojo vaidmenis ir smagiai praleisti laik\u0105. Pirmosios pagalbos vaistin\u0117l\u0117s formos m\u0117lyname d\u0117kle yra visi elementai, kurie leis j\u016bs\u0173 vaikui pasijusti tikru gydytoju.","og_url":"https:\/\/monti.lt\/en\/product\/medinis-gydytojo-lagaminas\/","og_site_name":"Montessori \u017eaislai","article_modified_time":"2026-03-22T17:53:41+00:00","og_image":[{"width":500,"height":500,"url":"https:\/\/monti.lt\/wp-content\/uploads\/2024\/12\/lit_pl_Mazasis-gydytojo-rinkinys-medinis-Kruzzel-19869-m-16258_9.webp","type":"image\/webp"}],"twitter_card":"summary_large_image","twitter_misc":{"Est. reading time":"2 minutes"},"schema":{"@context":"https:\/\/schema.org","@graph":[{"@type":"WebPage","@id":"https:\/\/monti.lt\/product\/medinis-gydytojo-lagaminas\/","url":"https:\/\/monti.lt\/product\/medinis-gydytojo-lagaminas\/","name":"Medinis gydytojo lagaminas - Montessori \u017eaislai","isPartOf":{"@id":"https:\/\/monti.lt\/#website"},"primaryImageOfPage":{"@id":"https:\/\/monti.lt\/product\/medinis-gydytojo-lagaminas\/#primaryimage"},"image":{"@id":"https:\/\/monti.lt\/product\/medinis-gydytojo-lagaminas\/#primaryimage"},"thumbnailUrl":"https:\/\/monti.lt\/wp-content\/uploads\/2024\/12\/lit_pl_Mazasis-gydytojo-rinkinys-medinis-Kruzzel-19869-m-16258_9.webp","datePublished":"2024-12-11T09:17:53+00:00","dateModified":"2026-03-22T17:53:41+00:00","breadcrumb":{"@id":"https:\/\/monti.lt\/product\/medinis-gydytojo-lagaminas\/#breadcrumb"},"inLanguage":"en-US","potentialAction":[{"@type":"ReadAction","target":["https:\/\/monti.lt\/product\/medinis-gydytojo-lagaminas\/"]}]},{"@type":"ImageObject","inLanguage":"en-US","@id":"https:\/\/monti.lt\/product\/medinis-gydytojo-lagaminas\/#primaryimage","url":"https:\/\/monti.lt\/wp-content\/uploads\/2024\/12\/lit_pl_Mazasis-gydytojo-rinkinys-medinis-Kruzzel-19869-m-16258_9.webp","contentUrl":"https:\/\/monti.lt\/wp-content\/uploads\/2024\/12\/lit_pl_Mazasis-gydytojo-rinkinys-medinis-Kruzzel-19869-m-16258_9.webp","width":500,"height":500},{"@type":"BreadcrumbList","@id":"https:\/\/monti.lt\/product\/medinis-gydytojo-lagaminas\/#breadcrumb","itemListElement":[{"@type":"ListItem","position":1,"name":"Home","item":"https:\/\/monti.lt\/"},{"@type":"ListItem","position":2,"name":"Parduotuv\u0117","item":"https:\/\/monti.lt\/shop\/"},{"@type":"ListItem","position":3,"name":"Medinis gydytojo lagaminas"}]},{"@type":"WebSite","@id":"https:\/\/monti.lt\/#website","url":"https:\/\/monti.lt\/","name":"Montessori \u017eaislai","description":"","publisher":{"@id":"https:\/\/monti.lt\/#organization"},"potentialAction":[{"@type":"SearchAction","target":{"@type":"EntryPoint","urlTemplate":"https:\/\/monti.lt\/?s={search_term_string}"},"query-input":"required name=search_term_string"}],"inLanguage":"en-US"},{"@type":"Organization","@id":"https:\/\/monti.lt\/#organization","name":"Montessori \u017eaislai","url":"https:\/\/monti.lt\/","logo":{"@type":"ImageObject","inLanguage":"en-US","@id":"https:\/\/monti.lt\/#\/schema\/logo\/image\/","url":"https:\/\/monti.lt\/wp-content\/uploads\/2022\/03\/montilogo-1.png","contentUrl":"https:\/\/monti.lt\/wp-content\/uploads\/2022\/03\/montilogo-1.png","width":512,"height":512,"caption":"Montessori \u017eaislai"},"image":{"@id":"https:\/\/monti.lt\/#\/schema\/logo\/image\/"}}]}},"_links":{"self":[{"href":"https:\/\/monti.lt\/en\/wp-json\/wp\/v2\/product\/29380"}],"collection":[{"href":"https:\/\/monti.lt\/en\/wp-json\/wp\/v2\/product"}],"about":[{"href":"https:\/\/monti.lt\/en\/wp-json\/wp\/v2\/types\/product"}],"version-history":[{"count":1,"href":"https:\/\/monti.lt\/en\/wp-json\/wp\/v2\/product\/29380\/revisions"}],"predecessor-version":[{"id":29384,"href":"https:\/\/monti.lt\/en\/wp-json\/wp\/v2\/product\/29380\/revisions\/29384"}],"wp:featuredmedia":[{"embeddable":true,"href":"https:\/\/monti.lt\/en\/wp-json\/wp\/v2\/media\/29381"}],"wp:attachment":[{"href":"https:\/\/monti.lt\/en\/wp-json\/wp\/v2\/media?parent=29380"}],"wp:term":[{"taxonomy":"product_cat","embeddable":true,"href":"https:\/\/monti.lt\/en\/wp-json\/wp\/v2\/product_cat?post=29380"},{"taxonomy":"product_tag","embeddable":true,"href":"https:\/\/monti.lt\/en\/wp-json\/wp\/v2\/product_tag?post=29380"}],"curies":[{"name":"wp","href":"https:\/\/api.w.org\/{rel}","templated":true}]}}