{"id":29825,"date":"2024-12-17T07:23:08","date_gmt":"2024-12-17T07:23:08","guid":{"rendered":"https:\/\/monti.lt\/?post_type=product&#038;p=29825"},"modified":"2026-01-04T08:58:46","modified_gmt":"2026-01-04T08:58:46","slug":"sniego-ratas-110cm","status":"publish","type":"product","link":"https:\/\/monti.lt\/en\/product\/sniego-ratas-110cm\/","title":{"rendered":"Sniego ratas, 110cm"},"content":{"rendered":"<p>APRA\u0160YMAS<\/p>\n\n\n\n<p>PRIPU\u010cIAMA SNIEGO RATO PADANGA<\/p>\n\n\n\n<p>Leiskit\u0117s \u012f jaudinant\u012f \u017eiemos nuotyk\u012f.<\/p>\n\n\n\n<p>Mil\u017eini\u0161kas pripu\u010diamas ratas garantuos valand\u0173 valandas ekstremali\u0173 pramog\u0173 ant snieguot\u0173 kalv\u0173.<\/p>\n\n\n\n<p>Ant j\u016bs\u0173 s\u0117dyni\u0173!<br>Pasiruo\u0161kite\u2026 paleisti!<br>Pasitikrinkite, kas grei\u010diau \u0161liuo\u017eia laikydamasis u\u017e rato.<br>Gaminys pagamintas i\u0161 auk\u0161tos kokyb\u0117s PVC plastiko, tod\u0117l i\u0161gyvens daugyb\u0119 puiki\u0173 \u017eiemos nuotyki\u0173.<br>Jame \u012frengtos patogios rankenos, pritvirtintos prie \u0161on\u0173, kurios suteikia kontrol\u0117s ir saugumo jausm\u0105 va\u017eiuojant. Tvirtai laikydamiesi galite b\u016bti tikri, kad nenukrisite.<\/p>\n\n\n\n<p>Be to, ratas turi special\u0173 vo\u017etuv\u0105, neleid\u017eiant\u012f per greitai prarasti oro.<br>Va\u017eiavimo greitis priklauso nuo naudotojo svorio ir kalno auk\u0161\u010dio.<br>Modernus dizainas prad\u017eiugins visus \u017eiemos sporto gerb\u0117jus ir leis i\u0161siskirti i\u0161 minios.<br>Jis garantuos didel\u012f malonum\u0105 dideliems ir ma\u017eiems, juk kiekviename i\u0161 m\u016bs\u0173 yra ma\u017eas vaikas.<br>Patys \u012fsitikinkite, koks tai didelis malonumas.<br>Did\u017eiulis \u010diuo\u017eyklos privalumas yra tai, kad ji yra pripu\u010diama. I\u0161p\u016btus ji u\u017eima ma\u017eai vietos, tod\u0117l j\u0105 sand\u0117liuoti daug papras\u010diau nei tradicines rogutes.<\/p>\n\n\n\n<p>Pridedamas remonto pleistras<\/p>\n\n\n\n<p>Med\u017eiaga: PVC (plastikas)<\/p>\n\n\n\n<p>Did\u017eiausias svoris: iki 100 kg<\/p>\n\n\n\n<p>I\u0161matavimai:<\/p>\n\n\n\n<p>(skersmuo x auk\u0161tis, i\u0161matuotas po prip\u016btimo): 110 cm x 26 cm<br>vidinis skersmuo: 37,5 cm<br>pakuot\u0117s matmenys: 36 cm x 33 cm x 4 cm<br>Supakuotas \u012f folijos pakuot\u0119.<\/p>\n\n\n\n<p><\/p>","protected":false},"excerpt":{"rendered":"<p>APRA\u0160YMAS PRIPU\u010cIAMA SNIEGO RATO PADANGA Leiskit\u0117s \u012f jaudinant\u012f \u017eiemos nuotyk\u012f. Mil\u017eini\u0161kas pripu\u010diamas ratas garantuos valand\u0173 valandas ekstremali\u0173 pramog\u0173 ant snieguot\u0173 kalv\u0173. Ant j\u016bs\u0173 s\u0117dyni\u0173!Pasiruo\u0161kite\u2026 paleisti!Pasitikrinkite, kas grei\u010diau \u0161liuo\u017eia laikydamasis u\u017e rato.Gaminys pagamintas i\u0161 auk\u0161tos kokyb\u0117s PVC plastiko, tod\u0117l i\u0161gyvens daugyb\u0119 puiki\u0173 \u017eiemos nuotyki\u0173.Jame \u012frengtos patogios rankenos, pritvirtintos prie \u0161on\u0173, kurios suteikia kontrol\u0117s ir saugumo jausm\u0105 [&hellip;]<\/p>","protected":false},"featured_media":29826,"template":"","meta":{"_acf_changed":false,"iawp_total_views":231},"product_cat":[213,82,238,49,39],"product_tag":[101,96,97,98,99],"class_list":{"0":"post-29825","1":"product","2":"type-product","3":"status-publish","4":"has-post-thumbnail","6":"product_cat-akcija","7":"product_cat-ispardavimas","8":"product_cat-lauko-zaidimai","9":"product_cat-visi-zaislai","10":"product_cat-zaislai","11":"product_tag-12-m-14-m","12":"product_tag-2-m-3-m","13":"product_tag-3-m-4-m","14":"product_tag-5-m-7-m","15":"product_tag-8-m-11-m","17":"first","18":"outofstock","19":"sale","20":"taxable","21":"shipping-taxable","22":"purchasable","23":"product-type-simple"},"acf":[],"yoast_head":"<!-- This site is optimized with the Yoast SEO plugin v23.3 - https:\/\/yoast.com\/wordpress\/plugins\/seo\/ -->\n<title>Sniego ratas, 110cm - Montessori \u017eaislai<\/title>\n<meta name=\"robots\" content=\"index, follow, max-snippet:-1, max-image-preview:large, max-video-preview:-1\" \/>\n<link rel=\"canonical\" href=\"https:\/\/monti.lt\/en\/product\/sniego-ratas-110cm\/\" \/>\n<meta property=\"og:locale\" content=\"en_US\" \/>\n<meta property=\"og:type\" content=\"article\" \/>\n<meta property=\"og:title\" content=\"Sniego ratas, 110cm - Montessori \u017eaislai\" \/>\n<meta property=\"og:description\" content=\"APRA\u0160YMAS PRIPU\u010cIAMA SNIEGO RATO PADANGA Leiskit\u0117s \u012f jaudinant\u012f \u017eiemos nuotyk\u012f. Mil\u017eini\u0161kas pripu\u010diamas ratas garantuos valand\u0173 valandas ekstremali\u0173 pramog\u0173 ant snieguot\u0173 kalv\u0173. Ant j\u016bs\u0173 s\u0117dyni\u0173!Pasiruo\u0161kite\u2026 paleisti!Pasitikrinkite, kas grei\u010diau \u0161liuo\u017eia laikydamasis u\u017e rato.Gaminys pagamintas i\u0161 auk\u0161tos kokyb\u0117s PVC plastiko, tod\u0117l i\u0161gyvens daugyb\u0119 puiki\u0173 \u017eiemos nuotyki\u0173.Jame \u012frengtos patogios rankenos, pritvirtintos prie \u0161on\u0173, kurios suteikia kontrol\u0117s ir saugumo jausm\u0105 [&hellip;]\" \/>\n<meta property=\"og:url\" content=\"https:\/\/monti.lt\/en\/product\/sniego-ratas-110cm\/\" \/>\n<meta property=\"og:site_name\" content=\"Montessori \u017eaislai\" \/>\n<meta property=\"article:modified_time\" content=\"2026-01-04T08:58:46+00:00\" \/>\n<meta property=\"og:image\" content=\"https:\/\/monti.lt\/wp-content\/uploads\/2024\/12\/Slide-sled-inflatable-snow-wheel-tire-164347.jpg\" \/>\n\t<meta property=\"og:image:width\" content=\"1024\" \/>\n\t<meta property=\"og:image:height\" content=\"1024\" \/>\n\t<meta property=\"og:image:type\" content=\"image\/jpeg\" \/>\n<meta name=\"twitter:card\" content=\"summary_large_image\" \/>\n<meta name=\"twitter:label1\" content=\"Est. reading time\" \/>\n\t<meta name=\"twitter:data1\" content=\"2 minutes\" \/>\n<script type=\"application\/ld+json\" class=\"yoast-schema-graph\">{\"@context\":\"https:\/\/schema.org\",\"@graph\":[{\"@type\":\"WebPage\",\"@id\":\"https:\/\/monti.lt\/product\/sniego-ratas-110cm\/\",\"url\":\"https:\/\/monti.lt\/product\/sniego-ratas-110cm\/\",\"name\":\"Sniego ratas, 110cm - Montessori \u017eaislai\",\"isPartOf\":{\"@id\":\"https:\/\/monti.lt\/#website\"},\"primaryImageOfPage\":{\"@id\":\"https:\/\/monti.lt\/product\/sniego-ratas-110cm\/#primaryimage\"},\"image\":{\"@id\":\"https:\/\/monti.lt\/product\/sniego-ratas-110cm\/#primaryimage\"},\"thumbnailUrl\":\"https:\/\/monti.lt\/wp-content\/uploads\/2024\/12\/Slide-sled-inflatable-snow-wheel-tire-164347.jpg\",\"datePublished\":\"2024-12-17T07:23:08+00:00\",\"dateModified\":\"2026-01-04T08:58:46+00:00\",\"breadcrumb\":{\"@id\":\"https:\/\/monti.lt\/product\/sniego-ratas-110cm\/#breadcrumb\"},\"inLanguage\":\"en-US\",\"potentialAction\":[{\"@type\":\"ReadAction\",\"target\":[\"https:\/\/monti.lt\/product\/sniego-ratas-110cm\/\"]}]},{\"@type\":\"ImageObject\",\"inLanguage\":\"en-US\",\"@id\":\"https:\/\/monti.lt\/product\/sniego-ratas-110cm\/#primaryimage\",\"url\":\"https:\/\/monti.lt\/wp-content\/uploads\/2024\/12\/Slide-sled-inflatable-snow-wheel-tire-164347.jpg\",\"contentUrl\":\"https:\/\/monti.lt\/wp-content\/uploads\/2024\/12\/Slide-sled-inflatable-snow-wheel-tire-164347.jpg\",\"width\":1024,\"height\":1024,\"caption\":\"sniego padanga\"},{\"@type\":\"BreadcrumbList\",\"@id\":\"https:\/\/monti.lt\/product\/sniego-ratas-110cm\/#breadcrumb\",\"itemListElement\":[{\"@type\":\"ListItem\",\"position\":1,\"name\":\"Home\",\"item\":\"https:\/\/monti.lt\/\"},{\"@type\":\"ListItem\",\"position\":2,\"name\":\"Parduotuv\u0117\",\"item\":\"https:\/\/monti.lt\/shop\/\"},{\"@type\":\"ListItem\",\"position\":3,\"name\":\"Sniego ratas, 110cm\"}]},{\"@type\":\"WebSite\",\"@id\":\"https:\/\/monti.lt\/#website\",\"url\":\"https:\/\/monti.lt\/\",\"name\":\"Montessori \u017eaislai\",\"description\":\"\",\"publisher\":{\"@id\":\"https:\/\/monti.lt\/#organization\"},\"potentialAction\":[{\"@type\":\"SearchAction\",\"target\":{\"@type\":\"EntryPoint\",\"urlTemplate\":\"https:\/\/monti.lt\/?s={search_term_string}\"},\"query-input\":\"required name=search_term_string\"}],\"inLanguage\":\"en-US\"},{\"@type\":\"Organization\",\"@id\":\"https:\/\/monti.lt\/#organization\",\"name\":\"Montessori \u017eaislai\",\"url\":\"https:\/\/monti.lt\/\",\"logo\":{\"@type\":\"ImageObject\",\"inLanguage\":\"en-US\",\"@id\":\"https:\/\/monti.lt\/#\/schema\/logo\/image\/\",\"url\":\"https:\/\/monti.lt\/wp-content\/uploads\/2022\/03\/montilogo-1.png\",\"contentUrl\":\"https:\/\/monti.lt\/wp-content\/uploads\/2022\/03\/montilogo-1.png\",\"width\":512,\"height\":512,\"caption\":\"Montessori \u017eaislai\"},\"image\":{\"@id\":\"https:\/\/monti.lt\/#\/schema\/logo\/image\/\"}}]}<\/script>\n<!-- \/ Yoast SEO plugin. -->","yoast_head_json":{"title":"Sniego ratas, 110cm - Montessori \u017eaislai","robots":{"index":"index","follow":"follow","max-snippet":"max-snippet:-1","max-image-preview":"max-image-preview:large","max-video-preview":"max-video-preview:-1"},"canonical":"https:\/\/monti.lt\/en\/product\/sniego-ratas-110cm\/","og_locale":"en_US","og_type":"article","og_title":"Sniego ratas, 110cm - Montessori \u017eaislai","og_description":"APRA\u0160YMAS PRIPU\u010cIAMA SNIEGO RATO PADANGA Leiskit\u0117s \u012f jaudinant\u012f \u017eiemos nuotyk\u012f. Mil\u017eini\u0161kas pripu\u010diamas ratas garantuos valand\u0173 valandas ekstremali\u0173 pramog\u0173 ant snieguot\u0173 kalv\u0173. Ant j\u016bs\u0173 s\u0117dyni\u0173!Pasiruo\u0161kite\u2026 paleisti!Pasitikrinkite, kas grei\u010diau \u0161liuo\u017eia laikydamasis u\u017e rato.Gaminys pagamintas i\u0161 auk\u0161tos kokyb\u0117s PVC plastiko, tod\u0117l i\u0161gyvens daugyb\u0119 puiki\u0173 \u017eiemos nuotyki\u0173.Jame \u012frengtos patogios rankenos, pritvirtintos prie \u0161on\u0173, kurios suteikia kontrol\u0117s ir saugumo jausm\u0105 [&hellip;]","og_url":"https:\/\/monti.lt\/en\/product\/sniego-ratas-110cm\/","og_site_name":"Montessori \u017eaislai","article_modified_time":"2026-01-04T08:58:46+00:00","og_image":[{"width":1024,"height":1024,"url":"https:\/\/monti.lt\/wp-content\/uploads\/2024\/12\/Slide-sled-inflatable-snow-wheel-tire-164347.jpg","type":"image\/jpeg"}],"twitter_card":"summary_large_image","twitter_misc":{"Est. reading time":"2 minutes"},"schema":{"@context":"https:\/\/schema.org","@graph":[{"@type":"WebPage","@id":"https:\/\/monti.lt\/product\/sniego-ratas-110cm\/","url":"https:\/\/monti.lt\/product\/sniego-ratas-110cm\/","name":"Sniego ratas, 110cm - Montessori \u017eaislai","isPartOf":{"@id":"https:\/\/monti.lt\/#website"},"primaryImageOfPage":{"@id":"https:\/\/monti.lt\/product\/sniego-ratas-110cm\/#primaryimage"},"image":{"@id":"https:\/\/monti.lt\/product\/sniego-ratas-110cm\/#primaryimage"},"thumbnailUrl":"https:\/\/monti.lt\/wp-content\/uploads\/2024\/12\/Slide-sled-inflatable-snow-wheel-tire-164347.jpg","datePublished":"2024-12-17T07:23:08+00:00","dateModified":"2026-01-04T08:58:46+00:00","breadcrumb":{"@id":"https:\/\/monti.lt\/product\/sniego-ratas-110cm\/#breadcrumb"},"inLanguage":"en-US","potentialAction":[{"@type":"ReadAction","target":["https:\/\/monti.lt\/product\/sniego-ratas-110cm\/"]}]},{"@type":"ImageObject","inLanguage":"en-US","@id":"https:\/\/monti.lt\/product\/sniego-ratas-110cm\/#primaryimage","url":"https:\/\/monti.lt\/wp-content\/uploads\/2024\/12\/Slide-sled-inflatable-snow-wheel-tire-164347.jpg","contentUrl":"https:\/\/monti.lt\/wp-content\/uploads\/2024\/12\/Slide-sled-inflatable-snow-wheel-tire-164347.jpg","width":1024,"height":1024,"caption":"sniego padanga"},{"@type":"BreadcrumbList","@id":"https:\/\/monti.lt\/product\/sniego-ratas-110cm\/#breadcrumb","itemListElement":[{"@type":"ListItem","position":1,"name":"Home","item":"https:\/\/monti.lt\/"},{"@type":"ListItem","position":2,"name":"Parduotuv\u0117","item":"https:\/\/monti.lt\/shop\/"},{"@type":"ListItem","position":3,"name":"Sniego ratas, 110cm"}]},{"@type":"WebSite","@id":"https:\/\/monti.lt\/#website","url":"https:\/\/monti.lt\/","name":"Montessori \u017eaislai","description":"","publisher":{"@id":"https:\/\/monti.lt\/#organization"},"potentialAction":[{"@type":"SearchAction","target":{"@type":"EntryPoint","urlTemplate":"https:\/\/monti.lt\/?s={search_term_string}"},"query-input":"required name=search_term_string"}],"inLanguage":"en-US"},{"@type":"Organization","@id":"https:\/\/monti.lt\/#organization","name":"Montessori \u017eaislai","url":"https:\/\/monti.lt\/","logo":{"@type":"ImageObject","inLanguage":"en-US","@id":"https:\/\/monti.lt\/#\/schema\/logo\/image\/","url":"https:\/\/monti.lt\/wp-content\/uploads\/2022\/03\/montilogo-1.png","contentUrl":"https:\/\/monti.lt\/wp-content\/uploads\/2022\/03\/montilogo-1.png","width":512,"height":512,"caption":"Montessori \u017eaislai"},"image":{"@id":"https:\/\/monti.lt\/#\/schema\/logo\/image\/"}}]}},"_links":{"self":[{"href":"https:\/\/monti.lt\/en\/wp-json\/wp\/v2\/product\/29825"}],"collection":[{"href":"https:\/\/monti.lt\/en\/wp-json\/wp\/v2\/product"}],"about":[{"href":"https:\/\/monti.lt\/en\/wp-json\/wp\/v2\/types\/product"}],"version-history":[{"count":1,"href":"https:\/\/monti.lt\/en\/wp-json\/wp\/v2\/product\/29825\/revisions"}],"predecessor-version":[{"id":29829,"href":"https:\/\/monti.lt\/en\/wp-json\/wp\/v2\/product\/29825\/revisions\/29829"}],"wp:featuredmedia":[{"embeddable":true,"href":"https:\/\/monti.lt\/en\/wp-json\/wp\/v2\/media\/29826"}],"wp:attachment":[{"href":"https:\/\/monti.lt\/en\/wp-json\/wp\/v2\/media?parent=29825"}],"wp:term":[{"taxonomy":"product_cat","embeddable":true,"href":"https:\/\/monti.lt\/en\/wp-json\/wp\/v2\/product_cat?post=29825"},{"taxonomy":"product_tag","embeddable":true,"href":"https:\/\/monti.lt\/en\/wp-json\/wp\/v2\/product_tag?post=29825"}],"curies":[{"name":"wp","href":"https:\/\/api.w.org\/{rel}","templated":true}]}}