{"id":30081,"date":"2025-01-08T11:24:13","date_gmt":"2025-01-08T11:24:13","guid":{"rendered":"https:\/\/monti.lt\/?post_type=product&#038;p=30081"},"modified":"2025-12-20T14:53:24","modified_gmt":"2025-12-20T14:53:24","slug":"woopie-loginiu-zaidimu-korteles-30-vnt","status":"publish","type":"product","link":"https:\/\/monti.lt\/en\/product\/woopie-loginiu-zaidimu-korteles-30-vnt\/","title":{"rendered":"Woopie logini\u0173 \u017eaidim\u0173 kortel\u0117s, 30 vnt."},"content":{"rendered":"<p>\u201eWOOPIE\u201c 60 \u017eaidim\u0173 rinkinys &#8211; tai itin universalus mokomasis rinkinys, kuriame pramoga derinama su loginio m\u0105stymo lavinimu. \u017daidime si\u016bloma daugyb\u0117 u\u017eduo\u010di\u0173, kurios skatina analitinius \u012fg\u016bd\u017eius, susikaupim\u0105 ir kantryb\u0119. Atlikdami \u012fvairias u\u017eduotis ir spr\u0119sdami galvos\u016bkius vaikai gali maloniai lavinti smulki\u0105j\u0105 motorik\u0105, strateginius ir loginio m\u0105stymo \u012fg\u016bd\u017eius.<\/p>\n\n\n\n<p>Funkcijos:<\/p>\n\n\n\n<ul class=\"wp-block-list\">\n<li>\u017daislas skirtas nuo 3 met\u0173 am\u017eiaus<\/li>\n\n\n\n<li>60in1 &#8211; rinkin\u012f sudaro \u012fvairios 30 dvipusi\u0173 lenteli\u0173 su mini \u017eaidimais. Kiekviena j\u0173 \u017eaid\u0117jui pateikia skirting\u0105 i\u0161\u0161\u016bk\u012f, suteikdama valand\u0173 valandas smagaus laiko ir mokymosi.<\/li>\n\n\n\n<li>Logini\u0173 ir analitini\u0173 \u012fg\u016bd\u017ei\u0173 lavinimas<\/li>\n\n\n\n<li>Lengva laikyti ir ne\u0161iotis<\/li>\n\n\n\n<li>\u017daidimas moko loginio m\u0105stymo ir ugdo k\u016brybi\u0161kum\u0105<\/li>\n<\/ul>\n\n\n\n<p>Translated with DeepL.com (free version)<\/p>","protected":false},"excerpt":{"rendered":"<p>\u201eWOOPIE\u201c 60 \u017eaidim\u0173 rinkinys &#8211; tai itin universalus mokomasis rinkinys, kuriame pramoga derinama su loginio m\u0105stymo lavinimu. \u017daidime si\u016bloma daugyb\u0117 u\u017eduo\u010di\u0173, kurios skatina analitinius \u012fg\u016bd\u017eius, susikaupim\u0105 ir kantryb\u0119. Atlikdami \u012fvairias u\u017eduotis ir spr\u0119sdami galvos\u016bkius vaikai gali maloniai lavinti smulki\u0105j\u0105 motorik\u0105, strateginius ir loginio m\u0105stymo \u012fg\u016bd\u017eius. Funkcijos: Translated with DeepL.com (free version)<\/p>","protected":false},"featured_media":30082,"template":"","meta":{"_acf_changed":false,"iawp_total_views":1067},"product_cat":[218,84,91,49,249,39,201],"product_tag":[97,98],"class_list":{"0":"post-30081","1":"product","2":"type-product","3":"status-publish","4":"has-post-thumbnail","6":"product_cat-darzeliu-grupems","7":"product_cat-lavinamieji-zaislai","8":"product_cat-loginiam-mastymui","9":"product_cat-visi-zaislai","10":"product_cat-woppie","11":"product_cat-zaislai","12":"product_cat-zaislai-kelioneje","13":"product_tag-3-m-4-m","14":"product_tag-5-m-7-m","16":"first","17":"outofstock","18":"taxable","19":"shipping-taxable","20":"purchasable","21":"product-type-simple"},"acf":[],"yoast_head":"<!-- This site is optimized with the Yoast SEO plugin v23.3 - https:\/\/yoast.com\/wordpress\/plugins\/seo\/ -->\n<title>Woopie logini\u0173 \u017eaidim\u0173 kortel\u0117s, 30 vnt. - Montessori \u017eaislai<\/title>\n<meta name=\"robots\" content=\"index, follow, max-snippet:-1, max-image-preview:large, max-video-preview:-1\" \/>\n<link rel=\"canonical\" href=\"https:\/\/monti.lt\/en\/product\/woopie-loginiu-zaidimu-korteles-30-vnt\/\" \/>\n<meta property=\"og:locale\" content=\"en_US\" \/>\n<meta property=\"og:type\" content=\"article\" \/>\n<meta property=\"og:title\" content=\"Woopie logini\u0173 \u017eaidim\u0173 kortel\u0117s, 30 vnt. - Montessori \u017eaislai\" \/>\n<meta property=\"og:description\" content=\"\u201eWOOPIE\u201c 60 \u017eaidim\u0173 rinkinys &#8211; tai itin universalus mokomasis rinkinys, kuriame pramoga derinama su loginio m\u0105stymo lavinimu. \u017daidime si\u016bloma daugyb\u0117 u\u017eduo\u010di\u0173, kurios skatina analitinius \u012fg\u016bd\u017eius, susikaupim\u0105 ir kantryb\u0119. Atlikdami \u012fvairias u\u017eduotis ir spr\u0119sdami galvos\u016bkius vaikai gali maloniai lavinti smulki\u0105j\u0105 motorik\u0105, strateginius ir loginio m\u0105stymo \u012fg\u016bd\u017eius. Funkcijos: Translated with DeepL.com (free version)\" \/>\n<meta property=\"og:url\" content=\"https:\/\/monti.lt\/en\/product\/woopie-loginiu-zaidimu-korteles-30-vnt\/\" \/>\n<meta property=\"og:site_name\" content=\"Montessori \u017eaislai\" \/>\n<meta property=\"article:modified_time\" content=\"2025-12-20T14:53:24+00:00\" \/>\n<meta property=\"og:image\" content=\"https:\/\/monti.lt\/wp-content\/uploads\/2025\/01\/woopie-zestaw-60-gier-logicznych-3-6.jpg\" \/>\n\t<meta property=\"og:image:width\" content=\"800\" \/>\n\t<meta property=\"og:image:height\" content=\"800\" \/>\n\t<meta property=\"og:image:type\" content=\"image\/jpeg\" \/>\n<meta name=\"twitter:card\" content=\"summary_large_image\" \/>\n<meta name=\"twitter:label1\" content=\"Est. reading time\" \/>\n\t<meta name=\"twitter:data1\" content=\"1 minute\" \/>\n<script type=\"application\/ld+json\" class=\"yoast-schema-graph\">{\"@context\":\"https:\/\/schema.org\",\"@graph\":[{\"@type\":\"WebPage\",\"@id\":\"https:\/\/monti.lt\/product\/woopie-loginiu-zaidimu-korteles-30-vnt\/\",\"url\":\"https:\/\/monti.lt\/product\/woopie-loginiu-zaidimu-korteles-30-vnt\/\",\"name\":\"Woopie logini\u0173 \u017eaidim\u0173 kortel\u0117s, 30 vnt. - Montessori \u017eaislai\",\"isPartOf\":{\"@id\":\"https:\/\/monti.lt\/#website\"},\"primaryImageOfPage\":{\"@id\":\"https:\/\/monti.lt\/product\/woopie-loginiu-zaidimu-korteles-30-vnt\/#primaryimage\"},\"image\":{\"@id\":\"https:\/\/monti.lt\/product\/woopie-loginiu-zaidimu-korteles-30-vnt\/#primaryimage\"},\"thumbnailUrl\":\"https:\/\/monti.lt\/wp-content\/uploads\/2025\/01\/woopie-zestaw-60-gier-logicznych-3-6.jpg\",\"datePublished\":\"2025-01-08T11:24:13+00:00\",\"dateModified\":\"2025-12-20T14:53:24+00:00\",\"breadcrumb\":{\"@id\":\"https:\/\/monti.lt\/product\/woopie-loginiu-zaidimu-korteles-30-vnt\/#breadcrumb\"},\"inLanguage\":\"en-US\",\"potentialAction\":[{\"@type\":\"ReadAction\",\"target\":[\"https:\/\/monti.lt\/product\/woopie-loginiu-zaidimu-korteles-30-vnt\/\"]}]},{\"@type\":\"ImageObject\",\"inLanguage\":\"en-US\",\"@id\":\"https:\/\/monti.lt\/product\/woopie-loginiu-zaidimu-korteles-30-vnt\/#primaryimage\",\"url\":\"https:\/\/monti.lt\/wp-content\/uploads\/2025\/01\/woopie-zestaw-60-gier-logicznych-3-6.jpg\",\"contentUrl\":\"https:\/\/monti.lt\/wp-content\/uploads\/2025\/01\/woopie-zestaw-60-gier-logicznych-3-6.jpg\",\"width\":800,\"height\":800,\"caption\":\"loginiu zaidimu korteles\"},{\"@type\":\"BreadcrumbList\",\"@id\":\"https:\/\/monti.lt\/product\/woopie-loginiu-zaidimu-korteles-30-vnt\/#breadcrumb\",\"itemListElement\":[{\"@type\":\"ListItem\",\"position\":1,\"name\":\"Home\",\"item\":\"https:\/\/monti.lt\/\"},{\"@type\":\"ListItem\",\"position\":2,\"name\":\"Parduotuv\u0117\",\"item\":\"https:\/\/monti.lt\/shop\/\"},{\"@type\":\"ListItem\",\"position\":3,\"name\":\"Woopie logini\u0173 \u017eaidim\u0173 kortel\u0117s, 30 vnt.\"}]},{\"@type\":\"WebSite\",\"@id\":\"https:\/\/monti.lt\/#website\",\"url\":\"https:\/\/monti.lt\/\",\"name\":\"Montessori \u017eaislai\",\"description\":\"\",\"publisher\":{\"@id\":\"https:\/\/monti.lt\/#organization\"},\"potentialAction\":[{\"@type\":\"SearchAction\",\"target\":{\"@type\":\"EntryPoint\",\"urlTemplate\":\"https:\/\/monti.lt\/?s={search_term_string}\"},\"query-input\":\"required name=search_term_string\"}],\"inLanguage\":\"en-US\"},{\"@type\":\"Organization\",\"@id\":\"https:\/\/monti.lt\/#organization\",\"name\":\"Montessori \u017eaislai\",\"url\":\"https:\/\/monti.lt\/\",\"logo\":{\"@type\":\"ImageObject\",\"inLanguage\":\"en-US\",\"@id\":\"https:\/\/monti.lt\/#\/schema\/logo\/image\/\",\"url\":\"https:\/\/monti.lt\/wp-content\/uploads\/2022\/03\/montilogo-1.png\",\"contentUrl\":\"https:\/\/monti.lt\/wp-content\/uploads\/2022\/03\/montilogo-1.png\",\"width\":512,\"height\":512,\"caption\":\"Montessori \u017eaislai\"},\"image\":{\"@id\":\"https:\/\/monti.lt\/#\/schema\/logo\/image\/\"}}]}<\/script>\n<!-- \/ Yoast SEO plugin. -->","yoast_head_json":{"title":"Woopie logini\u0173 \u017eaidim\u0173 kortel\u0117s, 30 vnt. - Montessori \u017eaislai","robots":{"index":"index","follow":"follow","max-snippet":"max-snippet:-1","max-image-preview":"max-image-preview:large","max-video-preview":"max-video-preview:-1"},"canonical":"https:\/\/monti.lt\/en\/product\/woopie-loginiu-zaidimu-korteles-30-vnt\/","og_locale":"en_US","og_type":"article","og_title":"Woopie logini\u0173 \u017eaidim\u0173 kortel\u0117s, 30 vnt. - Montessori \u017eaislai","og_description":"\u201eWOOPIE\u201c 60 \u017eaidim\u0173 rinkinys &#8211; tai itin universalus mokomasis rinkinys, kuriame pramoga derinama su loginio m\u0105stymo lavinimu. \u017daidime si\u016bloma daugyb\u0117 u\u017eduo\u010di\u0173, kurios skatina analitinius \u012fg\u016bd\u017eius, susikaupim\u0105 ir kantryb\u0119. Atlikdami \u012fvairias u\u017eduotis ir spr\u0119sdami galvos\u016bkius vaikai gali maloniai lavinti smulki\u0105j\u0105 motorik\u0105, strateginius ir loginio m\u0105stymo \u012fg\u016bd\u017eius. Funkcijos: Translated with DeepL.com (free version)","og_url":"https:\/\/monti.lt\/en\/product\/woopie-loginiu-zaidimu-korteles-30-vnt\/","og_site_name":"Montessori \u017eaislai","article_modified_time":"2025-12-20T14:53:24+00:00","og_image":[{"width":800,"height":800,"url":"https:\/\/monti.lt\/wp-content\/uploads\/2025\/01\/woopie-zestaw-60-gier-logicznych-3-6.jpg","type":"image\/jpeg"}],"twitter_card":"summary_large_image","twitter_misc":{"Est. reading time":"1 minute"},"schema":{"@context":"https:\/\/schema.org","@graph":[{"@type":"WebPage","@id":"https:\/\/monti.lt\/product\/woopie-loginiu-zaidimu-korteles-30-vnt\/","url":"https:\/\/monti.lt\/product\/woopie-loginiu-zaidimu-korteles-30-vnt\/","name":"Woopie logini\u0173 \u017eaidim\u0173 kortel\u0117s, 30 vnt. - Montessori \u017eaislai","isPartOf":{"@id":"https:\/\/monti.lt\/#website"},"primaryImageOfPage":{"@id":"https:\/\/monti.lt\/product\/woopie-loginiu-zaidimu-korteles-30-vnt\/#primaryimage"},"image":{"@id":"https:\/\/monti.lt\/product\/woopie-loginiu-zaidimu-korteles-30-vnt\/#primaryimage"},"thumbnailUrl":"https:\/\/monti.lt\/wp-content\/uploads\/2025\/01\/woopie-zestaw-60-gier-logicznych-3-6.jpg","datePublished":"2025-01-08T11:24:13+00:00","dateModified":"2025-12-20T14:53:24+00:00","breadcrumb":{"@id":"https:\/\/monti.lt\/product\/woopie-loginiu-zaidimu-korteles-30-vnt\/#breadcrumb"},"inLanguage":"en-US","potentialAction":[{"@type":"ReadAction","target":["https:\/\/monti.lt\/product\/woopie-loginiu-zaidimu-korteles-30-vnt\/"]}]},{"@type":"ImageObject","inLanguage":"en-US","@id":"https:\/\/monti.lt\/product\/woopie-loginiu-zaidimu-korteles-30-vnt\/#primaryimage","url":"https:\/\/monti.lt\/wp-content\/uploads\/2025\/01\/woopie-zestaw-60-gier-logicznych-3-6.jpg","contentUrl":"https:\/\/monti.lt\/wp-content\/uploads\/2025\/01\/woopie-zestaw-60-gier-logicznych-3-6.jpg","width":800,"height":800,"caption":"loginiu zaidimu korteles"},{"@type":"BreadcrumbList","@id":"https:\/\/monti.lt\/product\/woopie-loginiu-zaidimu-korteles-30-vnt\/#breadcrumb","itemListElement":[{"@type":"ListItem","position":1,"name":"Home","item":"https:\/\/monti.lt\/"},{"@type":"ListItem","position":2,"name":"Parduotuv\u0117","item":"https:\/\/monti.lt\/shop\/"},{"@type":"ListItem","position":3,"name":"Woopie logini\u0173 \u017eaidim\u0173 kortel\u0117s, 30 vnt."}]},{"@type":"WebSite","@id":"https:\/\/monti.lt\/#website","url":"https:\/\/monti.lt\/","name":"Montessori \u017eaislai","description":"","publisher":{"@id":"https:\/\/monti.lt\/#organization"},"potentialAction":[{"@type":"SearchAction","target":{"@type":"EntryPoint","urlTemplate":"https:\/\/monti.lt\/?s={search_term_string}"},"query-input":"required name=search_term_string"}],"inLanguage":"en-US"},{"@type":"Organization","@id":"https:\/\/monti.lt\/#organization","name":"Montessori \u017eaislai","url":"https:\/\/monti.lt\/","logo":{"@type":"ImageObject","inLanguage":"en-US","@id":"https:\/\/monti.lt\/#\/schema\/logo\/image\/","url":"https:\/\/monti.lt\/wp-content\/uploads\/2022\/03\/montilogo-1.png","contentUrl":"https:\/\/monti.lt\/wp-content\/uploads\/2022\/03\/montilogo-1.png","width":512,"height":512,"caption":"Montessori \u017eaislai"},"image":{"@id":"https:\/\/monti.lt\/#\/schema\/logo\/image\/"}}]}},"_links":{"self":[{"href":"https:\/\/monti.lt\/en\/wp-json\/wp\/v2\/product\/30081"}],"collection":[{"href":"https:\/\/monti.lt\/en\/wp-json\/wp\/v2\/product"}],"about":[{"href":"https:\/\/monti.lt\/en\/wp-json\/wp\/v2\/types\/product"}],"version-history":[{"count":1,"href":"https:\/\/monti.lt\/en\/wp-json\/wp\/v2\/product\/30081\/revisions"}],"predecessor-version":[{"id":30083,"href":"https:\/\/monti.lt\/en\/wp-json\/wp\/v2\/product\/30081\/revisions\/30083"}],"wp:featuredmedia":[{"embeddable":true,"href":"https:\/\/monti.lt\/en\/wp-json\/wp\/v2\/media\/30082"}],"wp:attachment":[{"href":"https:\/\/monti.lt\/en\/wp-json\/wp\/v2\/media?parent=30081"}],"wp:term":[{"taxonomy":"product_cat","embeddable":true,"href":"https:\/\/monti.lt\/en\/wp-json\/wp\/v2\/product_cat?post=30081"},{"taxonomy":"product_tag","embeddable":true,"href":"https:\/\/monti.lt\/en\/wp-json\/wp\/v2\/product_tag?post=30081"}],"curies":[{"name":"wp","href":"https:\/\/api.w.org\/{rel}","templated":true}]}}