{"id":30194,"date":"2025-01-23T12:43:38","date_gmt":"2025-01-23T12:43:38","guid":{"rendered":"https:\/\/monti.lt\/?post_type=product&#038;p=30194"},"modified":"2026-03-02T06:26:08","modified_gmt":"2026-03-02T06:26:08","slug":"magnetine-namelio-formos-lenta","status":"publish","type":"product","link":"https:\/\/monti.lt\/en\/product\/magnetine-namelio-formos-lenta\/","title":{"rendered":"Magnetin\u0117 namelio formos lenta"},"content":{"rendered":"<p>Vaiki\u0161ka kreida ir magnetin\u0117 lenta \u201e2 viename\u201c puikiai papildo bet kurio vaiko kambar\u012f. Joje galima k\u016brybi\u0161kai dirbti su kreida (\u012ftraukta \u012f komplekt\u0105). Ji taip pat puikiai tinka kaip pagalbin\u0117 priemon\u0117 mokantis ra\u0161yti ar sud\u0117ti. Rinkinyje taip pat yra spalvoti raid\u017ei\u0173 formos magnetukai, kurie pad\u0117s mokytis ab\u0117c\u0117l\u0117s. Lenta yra namo formos, jos matmenys 92 x 62 cm.<\/p>\n\n\n\n<p>Technin\u0117s specifikacijos:<\/p>\n\n\n\n<p>Med\u017eiaga: medis<br>Lentos matmenys: Med\u017eiaga: 92 cm x 62 cm<br>Pakuot\u0117s matmenys: 94,5 cm x 63 cm x 6 cm<br>Rinkinio turinys:<\/p>\n\n\n\n<p>Kreidin\u0117 lenta<br>Raid\u017ei\u0173 formos magnetai<br>Kreida x3<br>Trintuko kempin\u0117l\u0117<\/p>\n\n\n\n<p>Kreidos lenta pagaminta i\u0161 patvari\u0173 ir saugi\u0173 med\u017eiag\u0173.<\/p>\n\n\n\n<p>Gaminys supakuotas \u012f kartonin\u0119 d\u0117\u017eut\u0119.<\/p>\n\n\n\n<p><\/p>","protected":false},"excerpt":{"rendered":"<p>Vaiki\u0161ka kreida ir magnetin\u0117 lenta \u201e2 viename\u201c puikiai papildo bet kurio vaiko kambar\u012f. Joje galima k\u016brybi\u0161kai dirbti su kreida (\u012ftraukta \u012f komplekt\u0105). Ji taip pat puikiai tinka kaip pagalbin\u0117 priemon\u0117 mokantis ra\u0161yti ar sud\u0117ti. Rinkinyje taip pat yra spalvoti raid\u017ei\u0173 formos magnetukai, kurie pad\u0117s mokytis ab\u0117c\u0117l\u0117s. Lenta yra namo formos, jos matmenys 92 x 62 [&hellip;]<\/p>","protected":false},"featured_media":30195,"template":"","meta":{"_acf_changed":false,"iawp_total_views":481},"product_cat":[84,89,199,49,39],"product_tag":[95,96,97,98],"class_list":{"0":"post-30194","1":"product","2":"type-product","3":"status-publish","4":"has-post-thumbnail","6":"product_cat-lavinamieji-zaislai","7":"product_cat-mokausi-piesti","8":"product_cat-ugdymo-istaigoms","9":"product_cat-visi-zaislai","10":"product_cat-zaislai","11":"product_tag-1-m-2-m","12":"product_tag-2-m-3-m","13":"product_tag-3-m-4-m","14":"product_tag-5-m-7-m","16":"first","17":"instock","18":"taxable","19":"shipping-taxable","20":"purchasable","21":"product-type-simple"},"acf":[],"yoast_head":"<!-- This site is optimized with the Yoast SEO plugin v23.3 - https:\/\/yoast.com\/wordpress\/plugins\/seo\/ -->\n<title>Magnetin\u0117 namelio formos lenta - Montessori \u017eaislai<\/title>\n<meta name=\"robots\" content=\"index, follow, max-snippet:-1, max-image-preview:large, max-video-preview:-1\" \/>\n<link rel=\"canonical\" href=\"https:\/\/monti.lt\/en\/product\/magnetine-namelio-formos-lenta\/\" \/>\n<meta property=\"og:locale\" content=\"en_US\" \/>\n<meta property=\"og:type\" content=\"article\" \/>\n<meta property=\"og:title\" content=\"Magnetin\u0117 namelio formos lenta - Montessori \u017eaislai\" \/>\n<meta property=\"og:description\" content=\"Vaiki\u0161ka kreida ir magnetin\u0117 lenta \u201e2 viename\u201c puikiai papildo bet kurio vaiko kambar\u012f. Joje galima k\u016brybi\u0161kai dirbti su kreida (\u012ftraukta \u012f komplekt\u0105). Ji taip pat puikiai tinka kaip pagalbin\u0117 priemon\u0117 mokantis ra\u0161yti ar sud\u0117ti. Rinkinyje taip pat yra spalvoti raid\u017ei\u0173 formos magnetukai, kurie pad\u0117s mokytis ab\u0117c\u0117l\u0117s. Lenta yra namo formos, jos matmenys 92 x 62 [&hellip;]\" \/>\n<meta property=\"og:url\" content=\"https:\/\/monti.lt\/en\/product\/magnetine-namelio-formos-lenta\/\" \/>\n<meta property=\"og:site_name\" content=\"Montessori \u017eaislai\" \/>\n<meta property=\"article:modified_time\" content=\"2026-03-02T06:26:08+00:00\" \/>\n<meta property=\"og:image\" content=\"https:\/\/monti.lt\/wp-content\/uploads\/2025\/01\/Chalkboard-magnetic-house-45-x-40-x-100-cm-156595.jpg\" \/>\n\t<meta property=\"og:image:width\" content=\"1024\" \/>\n\t<meta property=\"og:image:height\" content=\"1024\" \/>\n\t<meta property=\"og:image:type\" content=\"image\/jpeg\" \/>\n<meta name=\"twitter:card\" content=\"summary_large_image\" \/>\n<meta name=\"twitter:label1\" content=\"Est. reading time\" \/>\n\t<meta name=\"twitter:data1\" content=\"1 minute\" \/>\n<script type=\"application\/ld+json\" class=\"yoast-schema-graph\">{\"@context\":\"https:\/\/schema.org\",\"@graph\":[{\"@type\":\"WebPage\",\"@id\":\"https:\/\/monti.lt\/product\/magnetine-namelio-formos-lenta\/\",\"url\":\"https:\/\/monti.lt\/product\/magnetine-namelio-formos-lenta\/\",\"name\":\"Magnetin\u0117 namelio formos lenta - Montessori \u017eaislai\",\"isPartOf\":{\"@id\":\"https:\/\/monti.lt\/#website\"},\"primaryImageOfPage\":{\"@id\":\"https:\/\/monti.lt\/product\/magnetine-namelio-formos-lenta\/#primaryimage\"},\"image\":{\"@id\":\"https:\/\/monti.lt\/product\/magnetine-namelio-formos-lenta\/#primaryimage\"},\"thumbnailUrl\":\"https:\/\/monti.lt\/wp-content\/uploads\/2025\/01\/Chalkboard-magnetic-house-45-x-40-x-100-cm-156595.jpg\",\"datePublished\":\"2025-01-23T12:43:38+00:00\",\"dateModified\":\"2026-03-02T06:26:08+00:00\",\"breadcrumb\":{\"@id\":\"https:\/\/monti.lt\/product\/magnetine-namelio-formos-lenta\/#breadcrumb\"},\"inLanguage\":\"en-US\",\"potentialAction\":[{\"@type\":\"ReadAction\",\"target\":[\"https:\/\/monti.lt\/product\/magnetine-namelio-formos-lenta\/\"]}]},{\"@type\":\"ImageObject\",\"inLanguage\":\"en-US\",\"@id\":\"https:\/\/monti.lt\/product\/magnetine-namelio-formos-lenta\/#primaryimage\",\"url\":\"https:\/\/monti.lt\/wp-content\/uploads\/2025\/01\/Chalkboard-magnetic-house-45-x-40-x-100-cm-156595.jpg\",\"contentUrl\":\"https:\/\/monti.lt\/wp-content\/uploads\/2025\/01\/Chalkboard-magnetic-house-45-x-40-x-100-cm-156595.jpg\",\"width\":1024,\"height\":1024,\"caption\":\"piesimo lenta namelis\"},{\"@type\":\"BreadcrumbList\",\"@id\":\"https:\/\/monti.lt\/product\/magnetine-namelio-formos-lenta\/#breadcrumb\",\"itemListElement\":[{\"@type\":\"ListItem\",\"position\":1,\"name\":\"Home\",\"item\":\"https:\/\/monti.lt\/\"},{\"@type\":\"ListItem\",\"position\":2,\"name\":\"Parduotuv\u0117\",\"item\":\"https:\/\/monti.lt\/shop\/\"},{\"@type\":\"ListItem\",\"position\":3,\"name\":\"Magnetin\u0117 namelio formos lenta\"}]},{\"@type\":\"WebSite\",\"@id\":\"https:\/\/monti.lt\/#website\",\"url\":\"https:\/\/monti.lt\/\",\"name\":\"Montessori \u017eaislai\",\"description\":\"\",\"publisher\":{\"@id\":\"https:\/\/monti.lt\/#organization\"},\"potentialAction\":[{\"@type\":\"SearchAction\",\"target\":{\"@type\":\"EntryPoint\",\"urlTemplate\":\"https:\/\/monti.lt\/?s={search_term_string}\"},\"query-input\":\"required name=search_term_string\"}],\"inLanguage\":\"en-US\"},{\"@type\":\"Organization\",\"@id\":\"https:\/\/monti.lt\/#organization\",\"name\":\"Montessori \u017eaislai\",\"url\":\"https:\/\/monti.lt\/\",\"logo\":{\"@type\":\"ImageObject\",\"inLanguage\":\"en-US\",\"@id\":\"https:\/\/monti.lt\/#\/schema\/logo\/image\/\",\"url\":\"https:\/\/monti.lt\/wp-content\/uploads\/2022\/03\/montilogo-1.png\",\"contentUrl\":\"https:\/\/monti.lt\/wp-content\/uploads\/2022\/03\/montilogo-1.png\",\"width\":512,\"height\":512,\"caption\":\"Montessori \u017eaislai\"},\"image\":{\"@id\":\"https:\/\/monti.lt\/#\/schema\/logo\/image\/\"}}]}<\/script>\n<!-- \/ Yoast SEO plugin. -->","yoast_head_json":{"title":"Magnetin\u0117 namelio formos lenta - Montessori \u017eaislai","robots":{"index":"index","follow":"follow","max-snippet":"max-snippet:-1","max-image-preview":"max-image-preview:large","max-video-preview":"max-video-preview:-1"},"canonical":"https:\/\/monti.lt\/en\/product\/magnetine-namelio-formos-lenta\/","og_locale":"en_US","og_type":"article","og_title":"Magnetin\u0117 namelio formos lenta - Montessori \u017eaislai","og_description":"Vaiki\u0161ka kreida ir magnetin\u0117 lenta \u201e2 viename\u201c puikiai papildo bet kurio vaiko kambar\u012f. Joje galima k\u016brybi\u0161kai dirbti su kreida (\u012ftraukta \u012f komplekt\u0105). Ji taip pat puikiai tinka kaip pagalbin\u0117 priemon\u0117 mokantis ra\u0161yti ar sud\u0117ti. Rinkinyje taip pat yra spalvoti raid\u017ei\u0173 formos magnetukai, kurie pad\u0117s mokytis ab\u0117c\u0117l\u0117s. Lenta yra namo formos, jos matmenys 92 x 62 [&hellip;]","og_url":"https:\/\/monti.lt\/en\/product\/magnetine-namelio-formos-lenta\/","og_site_name":"Montessori \u017eaislai","article_modified_time":"2026-03-02T06:26:08+00:00","og_image":[{"width":1024,"height":1024,"url":"https:\/\/monti.lt\/wp-content\/uploads\/2025\/01\/Chalkboard-magnetic-house-45-x-40-x-100-cm-156595.jpg","type":"image\/jpeg"}],"twitter_card":"summary_large_image","twitter_misc":{"Est. reading time":"1 minute"},"schema":{"@context":"https:\/\/schema.org","@graph":[{"@type":"WebPage","@id":"https:\/\/monti.lt\/product\/magnetine-namelio-formos-lenta\/","url":"https:\/\/monti.lt\/product\/magnetine-namelio-formos-lenta\/","name":"Magnetin\u0117 namelio formos lenta - Montessori \u017eaislai","isPartOf":{"@id":"https:\/\/monti.lt\/#website"},"primaryImageOfPage":{"@id":"https:\/\/monti.lt\/product\/magnetine-namelio-formos-lenta\/#primaryimage"},"image":{"@id":"https:\/\/monti.lt\/product\/magnetine-namelio-formos-lenta\/#primaryimage"},"thumbnailUrl":"https:\/\/monti.lt\/wp-content\/uploads\/2025\/01\/Chalkboard-magnetic-house-45-x-40-x-100-cm-156595.jpg","datePublished":"2025-01-23T12:43:38+00:00","dateModified":"2026-03-02T06:26:08+00:00","breadcrumb":{"@id":"https:\/\/monti.lt\/product\/magnetine-namelio-formos-lenta\/#breadcrumb"},"inLanguage":"en-US","potentialAction":[{"@type":"ReadAction","target":["https:\/\/monti.lt\/product\/magnetine-namelio-formos-lenta\/"]}]},{"@type":"ImageObject","inLanguage":"en-US","@id":"https:\/\/monti.lt\/product\/magnetine-namelio-formos-lenta\/#primaryimage","url":"https:\/\/monti.lt\/wp-content\/uploads\/2025\/01\/Chalkboard-magnetic-house-45-x-40-x-100-cm-156595.jpg","contentUrl":"https:\/\/monti.lt\/wp-content\/uploads\/2025\/01\/Chalkboard-magnetic-house-45-x-40-x-100-cm-156595.jpg","width":1024,"height":1024,"caption":"piesimo lenta namelis"},{"@type":"BreadcrumbList","@id":"https:\/\/monti.lt\/product\/magnetine-namelio-formos-lenta\/#breadcrumb","itemListElement":[{"@type":"ListItem","position":1,"name":"Home","item":"https:\/\/monti.lt\/"},{"@type":"ListItem","position":2,"name":"Parduotuv\u0117","item":"https:\/\/monti.lt\/shop\/"},{"@type":"ListItem","position":3,"name":"Magnetin\u0117 namelio formos lenta"}]},{"@type":"WebSite","@id":"https:\/\/monti.lt\/#website","url":"https:\/\/monti.lt\/","name":"Montessori \u017eaislai","description":"","publisher":{"@id":"https:\/\/monti.lt\/#organization"},"potentialAction":[{"@type":"SearchAction","target":{"@type":"EntryPoint","urlTemplate":"https:\/\/monti.lt\/?s={search_term_string}"},"query-input":"required name=search_term_string"}],"inLanguage":"en-US"},{"@type":"Organization","@id":"https:\/\/monti.lt\/#organization","name":"Montessori \u017eaislai","url":"https:\/\/monti.lt\/","logo":{"@type":"ImageObject","inLanguage":"en-US","@id":"https:\/\/monti.lt\/#\/schema\/logo\/image\/","url":"https:\/\/monti.lt\/wp-content\/uploads\/2022\/03\/montilogo-1.png","contentUrl":"https:\/\/monti.lt\/wp-content\/uploads\/2022\/03\/montilogo-1.png","width":512,"height":512,"caption":"Montessori \u017eaislai"},"image":{"@id":"https:\/\/monti.lt\/#\/schema\/logo\/image\/"}}]}},"_links":{"self":[{"href":"https:\/\/monti.lt\/en\/wp-json\/wp\/v2\/product\/30194"}],"collection":[{"href":"https:\/\/monti.lt\/en\/wp-json\/wp\/v2\/product"}],"about":[{"href":"https:\/\/monti.lt\/en\/wp-json\/wp\/v2\/types\/product"}],"version-history":[{"count":1,"href":"https:\/\/monti.lt\/en\/wp-json\/wp\/v2\/product\/30194\/revisions"}],"predecessor-version":[{"id":30203,"href":"https:\/\/monti.lt\/en\/wp-json\/wp\/v2\/product\/30194\/revisions\/30203"}],"wp:featuredmedia":[{"embeddable":true,"href":"https:\/\/monti.lt\/en\/wp-json\/wp\/v2\/media\/30195"}],"wp:attachment":[{"href":"https:\/\/monti.lt\/en\/wp-json\/wp\/v2\/media?parent=30194"}],"wp:term":[{"taxonomy":"product_cat","embeddable":true,"href":"https:\/\/monti.lt\/en\/wp-json\/wp\/v2\/product_cat?post=30194"},{"taxonomy":"product_tag","embeddable":true,"href":"https:\/\/monti.lt\/en\/wp-json\/wp\/v2\/product_tag?post=30194"}],"curies":[{"name":"wp","href":"https:\/\/api.w.org\/{rel}","templated":true}]}}