{"id":30313,"date":"2025-02-09T11:12:03","date_gmt":"2025-02-09T11:12:03","guid":{"rendered":"https:\/\/monti.lt\/?post_type=product&#038;p=30313"},"modified":"2026-04-12T09:26:50","modified_gmt":"2026-04-12T09:26:50","slug":"vaikiskas-sluotu-rinkinys","status":"publish","type":"product","link":"https:\/\/monti.lt\/en\/product\/vaikiskas-sluotu-rinkinys\/","title":{"rendered":"Vaiki\u0161kas \u0161luot\u0173 rinkinys"},"content":{"rendered":"<h1 class=\"wp-block-heading\">Interaktyvus valymo rinkinys vaikams su dulki\u0173 siurbliu ir buitine technika!<\/h1>\n\n\n\n<p><strong>dovanos id\u0117ja &#8211;<\/strong>&nbsp;rinkinys yra puiki dovanos id\u0117ja vaikams, jame dera mokymasis ir linksmyb\u0117s,&nbsp;<strong>tod\u0117l b\u016bsite tikri, kad j\u016bs\u0173 dovana patiks ir vaikui, ir t\u0117vams<\/strong><\/p>\n\n\n\n<p><strong>saugios ir netoksi\u0161kos med\u017eiagos &#8211;&nbsp;<\/strong>stovas ir priedai<strong>&nbsp;<\/strong>buvo skirti vaikams nuo 3 iki 10 met\u0173,&nbsp;<strong>galite b\u016bti tikri, kad j\u016bs\u0173 ma\u017easis tyrin\u0117tojas m\u0117gausis linksmyb\u0117mis nesijaudindamas d\u0117l sveikatos ir saugumo<\/strong><\/p>\n\n\n\n<p><strong>pritaikyta vaiko am\u017eiui &#8211;&nbsp;<\/strong>visi elementai sukurti taip&nbsp;<strong>lengva naudoti ir<\/strong>&nbsp;<strong>Tinka ma\u017eoms rankut\u0117ms vaikams nuo 3 iki 10 met\u0173<\/strong><\/p>\n\n\n\n<p><strong>\u012franga tikrai veikia &#8211;&nbsp;<\/strong>komplekte esantis dulki\u0173 siurblys turi siurbimo funkcij\u0105, o kiti priedai, tokie kaip \u0161luost\u0117 ar kibiras, buvo sukurti tikrovi\u0161koms pramogoms.&nbsp;<strong>imituoja tikr\u0105 valym\u0105<\/strong><\/p>\n\n\n\n<p>??&nbsp;<strong>patvarus&nbsp;<\/strong>&#8211; visi elementai<strong>&nbsp;<\/strong>Rinkinys pagamintas i\u0161 patvarios med\u017eiagos, kuri u\u017etikrina ilgaam\u017ei\u0161kum\u0105&nbsp;<strong>net ir da\u017enai naudojant<\/strong><\/p>\n\n\n\n<p><strong>15in1 rinkinys &#8211;&nbsp;<\/strong>rinkin\u012f sudaro net 15 element\u0173, \u012fskaitant dulki\u0173 siurbl\u012f, \u0161luost\u0119, kibir\u0105 ir papildomus priedus, tai&nbsp;<strong>pilnas \u017eaidim\u0173 rinkinys<\/strong><\/p>\n\n\n\n<p><strong>jums nebus nuobodu su \u017eaislu &#8211;&nbsp;<\/strong>\u012fvairi\u0173 element\u0173 ir tikrovi\u0161k\u0173 funkcij\u0173, toki\u0173 kaip grind\u0173 siurbimas ar plovimas, u\u017etikrina&nbsp;<strong>daug valand\u0173 \u012fdomi\u0173 pramog\u0173<\/strong><\/p>\n\n\n\n<p><strong>??&nbsp;<\/strong><strong>interaktyvus baterijomis maitinamas dulki\u0173 siurblys<\/strong>&nbsp;\u2013 dulki\u0173 siurblys su siurbimo funkcija, judan\u010dia galvute ir kei\u010diamu antgaliu suteikia vaikams galimyb\u0119 patirti tikrovi\u0161k\u0105 valymo malonum\u0105,&nbsp;<strong>dulki\u0173 siurblys susiurbia \u0161iuk\u0161les<\/strong><\/p>\n\n\n\n<p><strong>stabilus \u012franki\u0173 stovas<\/strong>&nbsp;\u2013 stovas leid\u017eia patogiai susid\u0117ti visus priedus, padedan\u010dius sutvarkyti komplekt\u0105,&nbsp;<strong>vaikas mokosi tvarkyti daiktus ir tinkamai laikyti daiktus<\/strong><\/p>\n\n\n\n<p><strong>atitinka Europos standartus &#8211;&nbsp;<\/strong>Rinkinys buvo patikrintas, ar atitinka Europos standartus, tod\u0117l&nbsp;<strong>galite b\u016bti tikri, kad tai saugu!<\/strong><\/p>\n\n\n\n<h2 class=\"wp-block-heading\">Nustatyti specifikacijas:<\/h2>\n\n\n\n<ul class=\"wp-block-list\">\n<li>15in1 rinkinys<\/li>\n\n\n\n<li>mokymasis \u017eaid\u017eiant<\/li>\n\n\n\n<li>interaktyvus dulki\u0173 siurblys<\/li>\n\n\n\n<li>tikrovi\u0161kas atk\u016brimas<\/li>\n\n\n\n<li>dovanos id\u0117ja<\/li>\n\n\n\n<li>KRUZZEL prek\u0117s \u017eenklas<\/li>\n\n\n\n<li>spalva: slyva, sm\u0117lio, balta, alyvuogi\u0173, raudona<\/li>\n\n\n\n<li>i\u0161matavimai: 20 x 20 x 61 cm<\/li>\n\n\n\n<li>svoris: 0,774 kg<\/li>\n\n\n\n<li>pakuot\u0117s svoris: 1,314 kg<\/li>\n\n\n\n<li>Med\u017eiaga: PP + HIPS + ABS + PS + PE + poliesteris + kempin\u0117 + popierius<\/li>\n<\/ul>\n\n\n\n<h2 class=\"wp-block-heading\">\u012e kain\u0105 \u012fskai\u010diuota:<\/h2>\n\n\n\n<ul class=\"wp-block-list\">\n<li>stov\u0117ti<\/li>\n\n\n\n<li>didelis kau\u0161elis<\/li>\n\n\n\n<li>\u0161luota<\/li>\n\n\n\n<li>ma\u017eas kau\u0161elis<\/li>\n\n\n\n<li>teptuku<\/li>\n\n\n\n<li>dulki\u0173 siurblys<\/li>\n\n\n\n<li>kibiras<\/li>\n\n\n\n<li>\u0161luost\u0117<\/li>\n\n\n\n<li>dubuo<\/li>\n\n\n\n<li>gumos<\/li>\n\n\n\n<li>kempine<\/li>\n\n\n\n<li>muilas<\/li>\n\n\n\n<li>lovel\u0117<\/li>\n\n\n\n<li>dulki\u0173 siurblys<\/li>\n\n\n\n<li>\u0161iuk\u0161li\u0173 imitacija \u2013 kamuoliukus siurbti dulki\u0173 siurblys<\/li>\n\n\n\n<li>spalvinga pakuot\u0117<\/li>\n\n\n\n<li>ruda siuntimo d\u0117\u017eut\u0117<\/li>\n<\/ul>\n\n\n\n<p><strong>\u012eSP\u0116JIMO TURINYS:<\/strong><\/p>\n\n\n\n<p>&#8211; \u012esp\u0117jimas. Netinka vaikams iki 36 m\u0117n. Ma\u017eos dalys. U\u017espringimo pavojus<br>&#8211; Produktai netinkami vartoti.<br>&#8211; Saugokite nuo at\u0161iauri\u0173 oro s\u0105lyg\u0173 ar ugnies.<br>&#8211; Naudokite pagal paskirt\u012f.<br>\u2013 Neignoruokite am\u017eiaus rekomendacij\u0173.<br>&#8211; Nenaudokite pa\u017eeisto gaminio.<br>&#8211; Montavimui reikalingas suaug\u0119s asmuo.<br>&#8211; Nelaikykite i\u0161montuot\u0173 dali\u0173 ten, kur jas gal\u0117t\u0173 pasiekti vaikai<br>&#8211; Pakuot\u0117 n\u0117ra \u017eaislas. \u017daisl\u0105 turi i\u0161pakuoti suaug\u0119s asmuo, o pakuot\u0119 ir jos dalis i\u0161imti vaikui nepasiekiamoje vietoje.<\/p>","protected":false},"excerpt":{"rendered":"<p>Interaktyvus valymo rinkinys vaikams su dulki\u0173 siurbliu ir buitine technika! dovanos id\u0117ja &#8211;&nbsp;rinkinys yra puiki dovanos id\u0117ja vaikams, jame dera mokymasis ir linksmyb\u0117s,&nbsp;tod\u0117l b\u016bsite tikri, kad j\u016bs\u0173 dovana patiks ir vaikui, ir t\u0117vams saugios ir netoksi\u0161kos med\u017eiagos &#8211;&nbsp;stovas ir priedai&nbsp;buvo skirti vaikams nuo 3 iki 10 met\u0173,&nbsp;galite b\u016bti tikri, kad j\u016bs\u0173 ma\u017easis tyrin\u0117tojas m\u0117gausis linksmyb\u0117mis [&hellip;]<\/p>","protected":false},"featured_media":30314,"template":"","meta":{"_acf_changed":false,"iawp_total_views":462},"product_cat":[248,84,242,93,49,39],"product_tag":[97,98],"class_list":{"0":"post-30313","1":"product","2":"type-product","3":"status-publish","4":"has-post-thumbnail","6":"product_cat-kruzzel","7":"product_cat-lavinamieji-zaislai","8":"product_cat-pagal-gamintoja","9":"product_cat-vaidmenu-zaidimai","10":"product_cat-visi-zaislai","11":"product_cat-zaislai","12":"product_tag-3-m-4-m","13":"product_tag-5-m-7-m","15":"first","16":"outofstock","17":"sale","18":"taxable","19":"shipping-taxable","20":"purchasable","21":"product-type-simple"},"acf":[],"yoast_head":"<!-- This site is optimized with the Yoast SEO plugin v23.3 - https:\/\/yoast.com\/wordpress\/plugins\/seo\/ -->\n<title>Vaiki\u0161kas \u0161luot\u0173 rinkinys - Montessori \u017eaislai<\/title>\n<meta name=\"robots\" content=\"index, follow, max-snippet:-1, max-image-preview:large, max-video-preview:-1\" \/>\n<link rel=\"canonical\" href=\"https:\/\/monti.lt\/en\/product\/vaikiskas-sluotu-rinkinys\/\" \/>\n<meta property=\"og:locale\" content=\"en_US\" \/>\n<meta property=\"og:type\" content=\"article\" \/>\n<meta property=\"og:title\" content=\"Vaiki\u0161kas \u0161luot\u0173 rinkinys - Montessori \u017eaislai\" \/>\n<meta property=\"og:description\" content=\"Interaktyvus valymo rinkinys vaikams su dulki\u0173 siurbliu ir buitine technika! dovanos id\u0117ja &#8211;&nbsp;rinkinys yra puiki dovanos id\u0117ja vaikams, jame dera mokymasis ir linksmyb\u0117s,&nbsp;tod\u0117l b\u016bsite tikri, kad j\u016bs\u0173 dovana patiks ir vaikui, ir t\u0117vams saugios ir netoksi\u0161kos med\u017eiagos &#8211;&nbsp;stovas ir priedai&nbsp;buvo skirti vaikams nuo 3 iki 10 met\u0173,&nbsp;galite b\u016bti tikri, kad j\u016bs\u0173 ma\u017easis tyrin\u0117tojas m\u0117gausis linksmyb\u0117mis [&hellip;]\" \/>\n<meta property=\"og:url\" content=\"https:\/\/monti.lt\/en\/product\/vaikiskas-sluotu-rinkinys\/\" \/>\n<meta property=\"og:site_name\" content=\"Montessori \u017eaislai\" \/>\n<meta property=\"article:modified_time\" content=\"2026-04-12T09:26:50+00:00\" \/>\n<meta property=\"og:image\" content=\"https:\/\/monti.lt\/wp-content\/uploads\/2025\/02\/lit_pl_Kruzzel-24813-valymo-rinkinys-vaikams-17999_11.jpg\" \/>\n\t<meta property=\"og:image:width\" content=\"500\" \/>\n\t<meta property=\"og:image:height\" content=\"500\" \/>\n\t<meta property=\"og:image:type\" content=\"image\/jpeg\" \/>\n<meta name=\"twitter:card\" content=\"summary_large_image\" \/>\n<meta name=\"twitter:label1\" content=\"Est. reading time\" \/>\n\t<meta name=\"twitter:data1\" content=\"3 minutes\" \/>\n<script type=\"application\/ld+json\" class=\"yoast-schema-graph\">{\"@context\":\"https:\/\/schema.org\",\"@graph\":[{\"@type\":\"WebPage\",\"@id\":\"https:\/\/monti.lt\/product\/vaikiskas-sluotu-rinkinys\/\",\"url\":\"https:\/\/monti.lt\/product\/vaikiskas-sluotu-rinkinys\/\",\"name\":\"Vaiki\u0161kas \u0161luot\u0173 rinkinys - Montessori \u017eaislai\",\"isPartOf\":{\"@id\":\"https:\/\/monti.lt\/#website\"},\"primaryImageOfPage\":{\"@id\":\"https:\/\/monti.lt\/product\/vaikiskas-sluotu-rinkinys\/#primaryimage\"},\"image\":{\"@id\":\"https:\/\/monti.lt\/product\/vaikiskas-sluotu-rinkinys\/#primaryimage\"},\"thumbnailUrl\":\"https:\/\/monti.lt\/wp-content\/uploads\/2025\/02\/lit_pl_Kruzzel-24813-valymo-rinkinys-vaikams-17999_11.jpg\",\"datePublished\":\"2025-02-09T11:12:03+00:00\",\"dateModified\":\"2026-04-12T09:26:50+00:00\",\"breadcrumb\":{\"@id\":\"https:\/\/monti.lt\/product\/vaikiskas-sluotu-rinkinys\/#breadcrumb\"},\"inLanguage\":\"en-US\",\"potentialAction\":[{\"@type\":\"ReadAction\",\"target\":[\"https:\/\/monti.lt\/product\/vaikiskas-sluotu-rinkinys\/\"]}]},{\"@type\":\"ImageObject\",\"inLanguage\":\"en-US\",\"@id\":\"https:\/\/monti.lt\/product\/vaikiskas-sluotu-rinkinys\/#primaryimage\",\"url\":\"https:\/\/monti.lt\/wp-content\/uploads\/2025\/02\/lit_pl_Kruzzel-24813-valymo-rinkinys-vaikams-17999_11.jpg\",\"contentUrl\":\"https:\/\/monti.lt\/wp-content\/uploads\/2025\/02\/lit_pl_Kruzzel-24813-valymo-rinkinys-vaikams-17999_11.jpg\",\"width\":500,\"height\":500,\"caption\":\"vaikiskos sluotos\"},{\"@type\":\"BreadcrumbList\",\"@id\":\"https:\/\/monti.lt\/product\/vaikiskas-sluotu-rinkinys\/#breadcrumb\",\"itemListElement\":[{\"@type\":\"ListItem\",\"position\":1,\"name\":\"Home\",\"item\":\"https:\/\/monti.lt\/\"},{\"@type\":\"ListItem\",\"position\":2,\"name\":\"Parduotuv\u0117\",\"item\":\"https:\/\/monti.lt\/shop\/\"},{\"@type\":\"ListItem\",\"position\":3,\"name\":\"Vaiki\u0161kas \u0161luot\u0173 rinkinys\"}]},{\"@type\":\"WebSite\",\"@id\":\"https:\/\/monti.lt\/#website\",\"url\":\"https:\/\/monti.lt\/\",\"name\":\"Montessori \u017eaislai\",\"description\":\"\",\"publisher\":{\"@id\":\"https:\/\/monti.lt\/#organization\"},\"potentialAction\":[{\"@type\":\"SearchAction\",\"target\":{\"@type\":\"EntryPoint\",\"urlTemplate\":\"https:\/\/monti.lt\/?s={search_term_string}\"},\"query-input\":\"required name=search_term_string\"}],\"inLanguage\":\"en-US\"},{\"@type\":\"Organization\",\"@id\":\"https:\/\/monti.lt\/#organization\",\"name\":\"Montessori \u017eaislai\",\"url\":\"https:\/\/monti.lt\/\",\"logo\":{\"@type\":\"ImageObject\",\"inLanguage\":\"en-US\",\"@id\":\"https:\/\/monti.lt\/#\/schema\/logo\/image\/\",\"url\":\"https:\/\/monti.lt\/wp-content\/uploads\/2022\/03\/montilogo-1.png\",\"contentUrl\":\"https:\/\/monti.lt\/wp-content\/uploads\/2022\/03\/montilogo-1.png\",\"width\":512,\"height\":512,\"caption\":\"Montessori \u017eaislai\"},\"image\":{\"@id\":\"https:\/\/monti.lt\/#\/schema\/logo\/image\/\"}}]}<\/script>\n<!-- \/ Yoast SEO plugin. -->","yoast_head_json":{"title":"Vaiki\u0161kas \u0161luot\u0173 rinkinys - Montessori \u017eaislai","robots":{"index":"index","follow":"follow","max-snippet":"max-snippet:-1","max-image-preview":"max-image-preview:large","max-video-preview":"max-video-preview:-1"},"canonical":"https:\/\/monti.lt\/en\/product\/vaikiskas-sluotu-rinkinys\/","og_locale":"en_US","og_type":"article","og_title":"Vaiki\u0161kas \u0161luot\u0173 rinkinys - Montessori \u017eaislai","og_description":"Interaktyvus valymo rinkinys vaikams su dulki\u0173 siurbliu ir buitine technika! dovanos id\u0117ja &#8211;&nbsp;rinkinys yra puiki dovanos id\u0117ja vaikams, jame dera mokymasis ir linksmyb\u0117s,&nbsp;tod\u0117l b\u016bsite tikri, kad j\u016bs\u0173 dovana patiks ir vaikui, ir t\u0117vams saugios ir netoksi\u0161kos med\u017eiagos &#8211;&nbsp;stovas ir priedai&nbsp;buvo skirti vaikams nuo 3 iki 10 met\u0173,&nbsp;galite b\u016bti tikri, kad j\u016bs\u0173 ma\u017easis tyrin\u0117tojas m\u0117gausis linksmyb\u0117mis [&hellip;]","og_url":"https:\/\/monti.lt\/en\/product\/vaikiskas-sluotu-rinkinys\/","og_site_name":"Montessori \u017eaislai","article_modified_time":"2026-04-12T09:26:50+00:00","og_image":[{"width":500,"height":500,"url":"https:\/\/monti.lt\/wp-content\/uploads\/2025\/02\/lit_pl_Kruzzel-24813-valymo-rinkinys-vaikams-17999_11.jpg","type":"image\/jpeg"}],"twitter_card":"summary_large_image","twitter_misc":{"Est. reading time":"3 minutes"},"schema":{"@context":"https:\/\/schema.org","@graph":[{"@type":"WebPage","@id":"https:\/\/monti.lt\/product\/vaikiskas-sluotu-rinkinys\/","url":"https:\/\/monti.lt\/product\/vaikiskas-sluotu-rinkinys\/","name":"Vaiki\u0161kas \u0161luot\u0173 rinkinys - Montessori \u017eaislai","isPartOf":{"@id":"https:\/\/monti.lt\/#website"},"primaryImageOfPage":{"@id":"https:\/\/monti.lt\/product\/vaikiskas-sluotu-rinkinys\/#primaryimage"},"image":{"@id":"https:\/\/monti.lt\/product\/vaikiskas-sluotu-rinkinys\/#primaryimage"},"thumbnailUrl":"https:\/\/monti.lt\/wp-content\/uploads\/2025\/02\/lit_pl_Kruzzel-24813-valymo-rinkinys-vaikams-17999_11.jpg","datePublished":"2025-02-09T11:12:03+00:00","dateModified":"2026-04-12T09:26:50+00:00","breadcrumb":{"@id":"https:\/\/monti.lt\/product\/vaikiskas-sluotu-rinkinys\/#breadcrumb"},"inLanguage":"en-US","potentialAction":[{"@type":"ReadAction","target":["https:\/\/monti.lt\/product\/vaikiskas-sluotu-rinkinys\/"]}]},{"@type":"ImageObject","inLanguage":"en-US","@id":"https:\/\/monti.lt\/product\/vaikiskas-sluotu-rinkinys\/#primaryimage","url":"https:\/\/monti.lt\/wp-content\/uploads\/2025\/02\/lit_pl_Kruzzel-24813-valymo-rinkinys-vaikams-17999_11.jpg","contentUrl":"https:\/\/monti.lt\/wp-content\/uploads\/2025\/02\/lit_pl_Kruzzel-24813-valymo-rinkinys-vaikams-17999_11.jpg","width":500,"height":500,"caption":"vaikiskos sluotos"},{"@type":"BreadcrumbList","@id":"https:\/\/monti.lt\/product\/vaikiskas-sluotu-rinkinys\/#breadcrumb","itemListElement":[{"@type":"ListItem","position":1,"name":"Home","item":"https:\/\/monti.lt\/"},{"@type":"ListItem","position":2,"name":"Parduotuv\u0117","item":"https:\/\/monti.lt\/shop\/"},{"@type":"ListItem","position":3,"name":"Vaiki\u0161kas \u0161luot\u0173 rinkinys"}]},{"@type":"WebSite","@id":"https:\/\/monti.lt\/#website","url":"https:\/\/monti.lt\/","name":"Montessori \u017eaislai","description":"","publisher":{"@id":"https:\/\/monti.lt\/#organization"},"potentialAction":[{"@type":"SearchAction","target":{"@type":"EntryPoint","urlTemplate":"https:\/\/monti.lt\/?s={search_term_string}"},"query-input":"required name=search_term_string"}],"inLanguage":"en-US"},{"@type":"Organization","@id":"https:\/\/monti.lt\/#organization","name":"Montessori \u017eaislai","url":"https:\/\/monti.lt\/","logo":{"@type":"ImageObject","inLanguage":"en-US","@id":"https:\/\/monti.lt\/#\/schema\/logo\/image\/","url":"https:\/\/monti.lt\/wp-content\/uploads\/2022\/03\/montilogo-1.png","contentUrl":"https:\/\/monti.lt\/wp-content\/uploads\/2022\/03\/montilogo-1.png","width":512,"height":512,"caption":"Montessori \u017eaislai"},"image":{"@id":"https:\/\/monti.lt\/#\/schema\/logo\/image\/"}}]}},"_links":{"self":[{"href":"https:\/\/monti.lt\/en\/wp-json\/wp\/v2\/product\/30313"}],"collection":[{"href":"https:\/\/monti.lt\/en\/wp-json\/wp\/v2\/product"}],"about":[{"href":"https:\/\/monti.lt\/en\/wp-json\/wp\/v2\/types\/product"}],"version-history":[{"count":1,"href":"https:\/\/monti.lt\/en\/wp-json\/wp\/v2\/product\/30313\/revisions"}],"predecessor-version":[{"id":30325,"href":"https:\/\/monti.lt\/en\/wp-json\/wp\/v2\/product\/30313\/revisions\/30325"}],"wp:featuredmedia":[{"embeddable":true,"href":"https:\/\/monti.lt\/en\/wp-json\/wp\/v2\/media\/30314"}],"wp:attachment":[{"href":"https:\/\/monti.lt\/en\/wp-json\/wp\/v2\/media?parent=30313"}],"wp:term":[{"taxonomy":"product_cat","embeddable":true,"href":"https:\/\/monti.lt\/en\/wp-json\/wp\/v2\/product_cat?post=30313"},{"taxonomy":"product_tag","embeddable":true,"href":"https:\/\/monti.lt\/en\/wp-json\/wp\/v2\/product_tag?post=30313"}],"curies":[{"name":"wp","href":"https:\/\/api.w.org\/{rel}","templated":true}]}}