{"id":30361,"date":"2025-02-11T08:15:17","date_gmt":"2025-02-11T08:15:17","guid":{"rendered":"https:\/\/monti.lt\/?post_type=product&#038;p=30361"},"modified":"2025-12-13T08:28:17","modified_gmt":"2025-12-13T08:28:17","slug":"duo-delione-vakariene-paruosta-20-vnt","status":"publish","type":"product","link":"https:\/\/monti.lt\/en\/product\/duo-delione-vakariene-paruosta-20-vnt\/","title":{"rendered":"Duo d\u0117lion\u0117 &#8211; Vakarien\u0117 paruo\u0161ta (20 vnt.)"},"content":{"rendered":"<p>Nuostabi d\u0117\u017eut\u0117, kurioje rasite 10 d\u0117lioni\u0173, pagaminta i\u0161 storo, tvirto kartono. D\u0117lion\u0117 lavina smulki\u0105j\u0105 motorik\u0105, login\u012f m\u0105stym\u0105. \u0160i labai nesud\u0117ting\u0173 d\u0117lioni\u0173 serija skirta patiems ma\u017eiesiems. Ji nuosekliai supa\u017eindina su svarbiausiais, tokiame am\u017eiuje r\u016bpimais klausimais ir padeda tvirtus pagrindus tolesniems tyrin\u0117jimams. D\u0117lion\u0117s lavina erdv\u0117s suvokim\u0105, login\u012f m\u0105stym\u0105, ple\u010dia \u017eodyn\u0105. Rekomenduojamas am\u017eius: nuo 2 met\u0173. Kilm\u0117s \u0161alis: K.L.R. Pagaminta pagal Pranc\u016bzijos dizain\u0105 ir u\u017esakym\u0105.<\/p>","protected":false},"excerpt":{"rendered":"<p>Nuostabi d\u0117\u017eut\u0117, kurioje rasite 10 d\u0117lioni\u0173, pagaminta i\u0161 storo, tvirto kartono. D\u0117lion\u0117 lavina smulki\u0105j\u0105 motorik\u0105, login\u012f m\u0105stym\u0105. \u0160i labai nesud\u0117ting\u0173 d\u0117lioni\u0173 serija skirta patiems ma\u017eiesiems. Ji nuosekliai supa\u017eindina su svarbiausiais, tokiame am\u017eiuje r\u016bpimais klausimais ir padeda tvirtus pagrindus tolesniems tyrin\u0117jimams. D\u0117lion\u0117s lavina erdv\u0117s suvokim\u0105, login\u012f m\u0105stym\u0105, ple\u010dia \u017eodyn\u0105. Rekomenduojamas am\u017eius: nuo 2 met\u0173. Kilm\u0117s \u0161alis: [&hellip;]<\/p>","protected":false},"featured_media":30362,"template":"","meta":{"_acf_changed":false,"iawp_total_views":155},"product_cat":[208,92,252,194,191,84,242,90,49,39],"product_tag":[96,97],"class_list":{"0":"post-30361","1":"product","2":"type-product","3":"status-publish","4":"has-post-thumbnail","6":"product_cat-deliones-2","7":"product_cat-deliones","8":"product_cat-djeco","9":"product_cat-dovanos-vaikams-2-3-metu","10":"product_cat-dovanos-vaikams","11":"product_cat-lavinamieji-zaislai","12":"product_cat-pagal-gamintoja","13":"product_cat-pasaulio-pazinimas","14":"product_cat-visi-zaislai","15":"product_cat-zaislai","16":"product_tag-2-m-3-m","17":"product_tag-3-m-4-m","19":"first","20":"outofstock","21":"taxable","22":"shipping-taxable","23":"purchasable","24":"product-type-simple"},"acf":[],"yoast_head":"<!-- This site is optimized with the Yoast SEO plugin v23.3 - https:\/\/yoast.com\/wordpress\/plugins\/seo\/ -->\n<title>Duo d\u0117lion\u0117 - Vakarien\u0117 paruo\u0161ta (20 vnt.) - Montessori \u017eaislai<\/title>\n<meta name=\"robots\" content=\"index, follow, max-snippet:-1, max-image-preview:large, max-video-preview:-1\" \/>\n<link rel=\"canonical\" href=\"https:\/\/monti.lt\/en\/product\/duo-delione-vakariene-paruosta-20-vnt\/\" \/>\n<meta property=\"og:locale\" content=\"en_US\" \/>\n<meta property=\"og:type\" content=\"article\" \/>\n<meta property=\"og:title\" content=\"Duo d\u0117lion\u0117 - Vakarien\u0117 paruo\u0161ta (20 vnt.) - Montessori \u017eaislai\" \/>\n<meta property=\"og:description\" content=\"Nuostabi d\u0117\u017eut\u0117, kurioje rasite 10 d\u0117lioni\u0173, pagaminta i\u0161 storo, tvirto kartono. D\u0117lion\u0117 lavina smulki\u0105j\u0105 motorik\u0105, login\u012f m\u0105stym\u0105. \u0160i labai nesud\u0117ting\u0173 d\u0117lioni\u0173 serija skirta patiems ma\u017eiesiems. Ji nuosekliai supa\u017eindina su svarbiausiais, tokiame am\u017eiuje r\u016bpimais klausimais ir padeda tvirtus pagrindus tolesniems tyrin\u0117jimams. D\u0117lion\u0117s lavina erdv\u0117s suvokim\u0105, login\u012f m\u0105stym\u0105, ple\u010dia \u017eodyn\u0105. Rekomenduojamas am\u017eius: nuo 2 met\u0173. Kilm\u0117s \u0161alis: [&hellip;]\" \/>\n<meta property=\"og:url\" content=\"https:\/\/monti.lt\/en\/product\/duo-delione-vakariene-paruosta-20-vnt\/\" \/>\n<meta property=\"og:site_name\" content=\"Montessori \u017eaislai\" \/>\n<meta property=\"article:modified_time\" content=\"2025-12-13T08:28:17+00:00\" \/>\n<meta property=\"og:image\" content=\"https:\/\/monti.lt\/wp-content\/uploads\/2025\/02\/5607-DJ08166-duo-delione-vakariene-paruosta-20-vnt-.jpg\" \/>\n\t<meta property=\"og:image:width\" content=\"800\" \/>\n\t<meta property=\"og:image:height\" content=\"800\" \/>\n\t<meta property=\"og:image:type\" content=\"image\/jpeg\" \/>\n<meta name=\"twitter:card\" content=\"summary_large_image\" \/>\n<meta name=\"twitter:label1\" content=\"Est. reading time\" \/>\n\t<meta name=\"twitter:data1\" content=\"1 minute\" \/>\n<script type=\"application\/ld+json\" class=\"yoast-schema-graph\">{\"@context\":\"https:\/\/schema.org\",\"@graph\":[{\"@type\":\"WebPage\",\"@id\":\"https:\/\/monti.lt\/product\/duo-delione-vakariene-paruosta-20-vnt\/\",\"url\":\"https:\/\/monti.lt\/product\/duo-delione-vakariene-paruosta-20-vnt\/\",\"name\":\"Duo d\u0117lion\u0117 - Vakarien\u0117 paruo\u0161ta (20 vnt.) - Montessori \u017eaislai\",\"isPartOf\":{\"@id\":\"https:\/\/monti.lt\/#website\"},\"primaryImageOfPage\":{\"@id\":\"https:\/\/monti.lt\/product\/duo-delione-vakariene-paruosta-20-vnt\/#primaryimage\"},\"image\":{\"@id\":\"https:\/\/monti.lt\/product\/duo-delione-vakariene-paruosta-20-vnt\/#primaryimage\"},\"thumbnailUrl\":\"https:\/\/monti.lt\/wp-content\/uploads\/2025\/02\/5607-DJ08166-duo-delione-vakariene-paruosta-20-vnt-.jpg\",\"datePublished\":\"2025-02-11T08:15:17+00:00\",\"dateModified\":\"2025-12-13T08:28:17+00:00\",\"breadcrumb\":{\"@id\":\"https:\/\/monti.lt\/product\/duo-delione-vakariene-paruosta-20-vnt\/#breadcrumb\"},\"inLanguage\":\"en-US\",\"potentialAction\":[{\"@type\":\"ReadAction\",\"target\":[\"https:\/\/monti.lt\/product\/duo-delione-vakariene-paruosta-20-vnt\/\"]}]},{\"@type\":\"ImageObject\",\"inLanguage\":\"en-US\",\"@id\":\"https:\/\/monti.lt\/product\/duo-delione-vakariene-paruosta-20-vnt\/#primaryimage\",\"url\":\"https:\/\/monti.lt\/wp-content\/uploads\/2025\/02\/5607-DJ08166-duo-delione-vakariene-paruosta-20-vnt-.jpg\",\"contentUrl\":\"https:\/\/monti.lt\/wp-content\/uploads\/2025\/02\/5607-DJ08166-duo-delione-vakariene-paruosta-20-vnt-.jpg\",\"width\":800,\"height\":800,\"caption\":\"delione\"},{\"@type\":\"BreadcrumbList\",\"@id\":\"https:\/\/monti.lt\/product\/duo-delione-vakariene-paruosta-20-vnt\/#breadcrumb\",\"itemListElement\":[{\"@type\":\"ListItem\",\"position\":1,\"name\":\"Home\",\"item\":\"https:\/\/monti.lt\/\"},{\"@type\":\"ListItem\",\"position\":2,\"name\":\"Parduotuv\u0117\",\"item\":\"https:\/\/monti.lt\/shop\/\"},{\"@type\":\"ListItem\",\"position\":3,\"name\":\"Duo d\u0117lion\u0117 &#8211; Vakarien\u0117 paruo\u0161ta (20 vnt.)\"}]},{\"@type\":\"WebSite\",\"@id\":\"https:\/\/monti.lt\/#website\",\"url\":\"https:\/\/monti.lt\/\",\"name\":\"Montessori \u017eaislai\",\"description\":\"\",\"publisher\":{\"@id\":\"https:\/\/monti.lt\/#organization\"},\"potentialAction\":[{\"@type\":\"SearchAction\",\"target\":{\"@type\":\"EntryPoint\",\"urlTemplate\":\"https:\/\/monti.lt\/?s={search_term_string}\"},\"query-input\":\"required name=search_term_string\"}],\"inLanguage\":\"en-US\"},{\"@type\":\"Organization\",\"@id\":\"https:\/\/monti.lt\/#organization\",\"name\":\"Montessori \u017eaislai\",\"url\":\"https:\/\/monti.lt\/\",\"logo\":{\"@type\":\"ImageObject\",\"inLanguage\":\"en-US\",\"@id\":\"https:\/\/monti.lt\/#\/schema\/logo\/image\/\",\"url\":\"https:\/\/monti.lt\/wp-content\/uploads\/2022\/03\/montilogo-1.png\",\"contentUrl\":\"https:\/\/monti.lt\/wp-content\/uploads\/2022\/03\/montilogo-1.png\",\"width\":512,\"height\":512,\"caption\":\"Montessori \u017eaislai\"},\"image\":{\"@id\":\"https:\/\/monti.lt\/#\/schema\/logo\/image\/\"}}]}<\/script>\n<!-- \/ Yoast SEO plugin. -->","yoast_head_json":{"title":"Duo d\u0117lion\u0117 - Vakarien\u0117 paruo\u0161ta (20 vnt.) - Montessori \u017eaislai","robots":{"index":"index","follow":"follow","max-snippet":"max-snippet:-1","max-image-preview":"max-image-preview:large","max-video-preview":"max-video-preview:-1"},"canonical":"https:\/\/monti.lt\/en\/product\/duo-delione-vakariene-paruosta-20-vnt\/","og_locale":"en_US","og_type":"article","og_title":"Duo d\u0117lion\u0117 - Vakarien\u0117 paruo\u0161ta (20 vnt.) - Montessori \u017eaislai","og_description":"Nuostabi d\u0117\u017eut\u0117, kurioje rasite 10 d\u0117lioni\u0173, pagaminta i\u0161 storo, tvirto kartono. D\u0117lion\u0117 lavina smulki\u0105j\u0105 motorik\u0105, login\u012f m\u0105stym\u0105. \u0160i labai nesud\u0117ting\u0173 d\u0117lioni\u0173 serija skirta patiems ma\u017eiesiems. Ji nuosekliai supa\u017eindina su svarbiausiais, tokiame am\u017eiuje r\u016bpimais klausimais ir padeda tvirtus pagrindus tolesniems tyrin\u0117jimams. D\u0117lion\u0117s lavina erdv\u0117s suvokim\u0105, login\u012f m\u0105stym\u0105, ple\u010dia \u017eodyn\u0105. Rekomenduojamas am\u017eius: nuo 2 met\u0173. Kilm\u0117s \u0161alis: [&hellip;]","og_url":"https:\/\/monti.lt\/en\/product\/duo-delione-vakariene-paruosta-20-vnt\/","og_site_name":"Montessori \u017eaislai","article_modified_time":"2025-12-13T08:28:17+00:00","og_image":[{"width":800,"height":800,"url":"https:\/\/monti.lt\/wp-content\/uploads\/2025\/02\/5607-DJ08166-duo-delione-vakariene-paruosta-20-vnt-.jpg","type":"image\/jpeg"}],"twitter_card":"summary_large_image","twitter_misc":{"Est. reading time":"1 minute"},"schema":{"@context":"https:\/\/schema.org","@graph":[{"@type":"WebPage","@id":"https:\/\/monti.lt\/product\/duo-delione-vakariene-paruosta-20-vnt\/","url":"https:\/\/monti.lt\/product\/duo-delione-vakariene-paruosta-20-vnt\/","name":"Duo d\u0117lion\u0117 - Vakarien\u0117 paruo\u0161ta (20 vnt.) - Montessori \u017eaislai","isPartOf":{"@id":"https:\/\/monti.lt\/#website"},"primaryImageOfPage":{"@id":"https:\/\/monti.lt\/product\/duo-delione-vakariene-paruosta-20-vnt\/#primaryimage"},"image":{"@id":"https:\/\/monti.lt\/product\/duo-delione-vakariene-paruosta-20-vnt\/#primaryimage"},"thumbnailUrl":"https:\/\/monti.lt\/wp-content\/uploads\/2025\/02\/5607-DJ08166-duo-delione-vakariene-paruosta-20-vnt-.jpg","datePublished":"2025-02-11T08:15:17+00:00","dateModified":"2025-12-13T08:28:17+00:00","breadcrumb":{"@id":"https:\/\/monti.lt\/product\/duo-delione-vakariene-paruosta-20-vnt\/#breadcrumb"},"inLanguage":"en-US","potentialAction":[{"@type":"ReadAction","target":["https:\/\/monti.lt\/product\/duo-delione-vakariene-paruosta-20-vnt\/"]}]},{"@type":"ImageObject","inLanguage":"en-US","@id":"https:\/\/monti.lt\/product\/duo-delione-vakariene-paruosta-20-vnt\/#primaryimage","url":"https:\/\/monti.lt\/wp-content\/uploads\/2025\/02\/5607-DJ08166-duo-delione-vakariene-paruosta-20-vnt-.jpg","contentUrl":"https:\/\/monti.lt\/wp-content\/uploads\/2025\/02\/5607-DJ08166-duo-delione-vakariene-paruosta-20-vnt-.jpg","width":800,"height":800,"caption":"delione"},{"@type":"BreadcrumbList","@id":"https:\/\/monti.lt\/product\/duo-delione-vakariene-paruosta-20-vnt\/#breadcrumb","itemListElement":[{"@type":"ListItem","position":1,"name":"Home","item":"https:\/\/monti.lt\/"},{"@type":"ListItem","position":2,"name":"Parduotuv\u0117","item":"https:\/\/monti.lt\/shop\/"},{"@type":"ListItem","position":3,"name":"Duo d\u0117lion\u0117 &#8211; Vakarien\u0117 paruo\u0161ta (20 vnt.)"}]},{"@type":"WebSite","@id":"https:\/\/monti.lt\/#website","url":"https:\/\/monti.lt\/","name":"Montessori \u017eaislai","description":"","publisher":{"@id":"https:\/\/monti.lt\/#organization"},"potentialAction":[{"@type":"SearchAction","target":{"@type":"EntryPoint","urlTemplate":"https:\/\/monti.lt\/?s={search_term_string}"},"query-input":"required name=search_term_string"}],"inLanguage":"en-US"},{"@type":"Organization","@id":"https:\/\/monti.lt\/#organization","name":"Montessori \u017eaislai","url":"https:\/\/monti.lt\/","logo":{"@type":"ImageObject","inLanguage":"en-US","@id":"https:\/\/monti.lt\/#\/schema\/logo\/image\/","url":"https:\/\/monti.lt\/wp-content\/uploads\/2022\/03\/montilogo-1.png","contentUrl":"https:\/\/monti.lt\/wp-content\/uploads\/2022\/03\/montilogo-1.png","width":512,"height":512,"caption":"Montessori \u017eaislai"},"image":{"@id":"https:\/\/monti.lt\/#\/schema\/logo\/image\/"}}]}},"_links":{"self":[{"href":"https:\/\/monti.lt\/en\/wp-json\/wp\/v2\/product\/30361"}],"collection":[{"href":"https:\/\/monti.lt\/en\/wp-json\/wp\/v2\/product"}],"about":[{"href":"https:\/\/monti.lt\/en\/wp-json\/wp\/v2\/types\/product"}],"version-history":[{"count":1,"href":"https:\/\/monti.lt\/en\/wp-json\/wp\/v2\/product\/30361\/revisions"}],"predecessor-version":[{"id":30366,"href":"https:\/\/monti.lt\/en\/wp-json\/wp\/v2\/product\/30361\/revisions\/30366"}],"wp:featuredmedia":[{"embeddable":true,"href":"https:\/\/monti.lt\/en\/wp-json\/wp\/v2\/media\/30362"}],"wp:attachment":[{"href":"https:\/\/monti.lt\/en\/wp-json\/wp\/v2\/media?parent=30361"}],"wp:term":[{"taxonomy":"product_cat","embeddable":true,"href":"https:\/\/monti.lt\/en\/wp-json\/wp\/v2\/product_cat?post=30361"},{"taxonomy":"product_tag","embeddable":true,"href":"https:\/\/monti.lt\/en\/wp-json\/wp\/v2\/product_tag?post=30361"}],"curies":[{"name":"wp","href":"https:\/\/api.w.org\/{rel}","templated":true}]}}