{"id":30367,"date":"2025-02-11T08:24:26","date_gmt":"2025-02-11T08:24:26","guid":{"rendered":"https:\/\/monti.lt\/?post_type=product&#038;p=30367"},"modified":"2026-04-22T11:48:52","modified_gmt":"2026-04-22T11:48:52","slug":"kurybinis-rinkinys-drabuzine","status":"publish","type":"product","link":"https:\/\/monti.lt\/en\/product\/kurybinis-rinkinys-drabuzine\/","title":{"rendered":"K\u016brybinis rinkinys &#8211; Drabu\u017ein\u0117"},"content":{"rendered":"<p>K\u016brybinis rinkinys pilnas madingiausi\u0173 drabu\u017ei\u0173! Rinkinyje rasite 3 popierines l\u0117les (23 cm) ir 100 popierini\u0173 drabu\u017e\u0117li\u0173. D\u0117\u017eut\u0117 tarnaus kaip drabu\u017ei\u0173 spinta. Rekomenduojamas am\u017eius: nuo 6 iki 10 met\u0173. D\u0117mesio! Netinka vaikams iki 3 met\u0173, d\u0117l smulki\u0173 detali\u0173 yra pavojus u\u017espringti. Kilm\u0117s \u0161alis: K.L.R. Pagaminta pagal Pranc\u016bzijos dizain\u0105 ir u\u017esakym\u0105.<\/p>\n\n\n\n<p><\/p>\n\n\n\n<figure class=\"wp-block-embed is-type-video is-provider-youtube wp-block-embed-youtube wp-embed-aspect-16-9 wp-has-aspect-ratio\"><div class=\"wp-block-embed__wrapper\">\n<div class=\"video-container\"><iframe title=\"DJ09825 - Ooh! Fashion! - One big dressing room by Djeco\" width=\"1170\" height=\"658\" src=\"https:\/\/www.youtube.com\/embed\/QvLqRSV7hno?feature=oembed\" frameborder=\"0\" allow=\"accelerometer; autoplay; clipboard-write; encrypted-media; gyroscope; picture-in-picture; web-share\" referrerpolicy=\"strict-origin-when-cross-origin\" allowfullscreen><\/iframe><\/div>\n<\/div><\/figure>","protected":false},"excerpt":{"rendered":"<p>K\u016brybinis rinkinys pilnas madingiausi\u0173 drabu\u017ei\u0173! Rinkinyje rasite 3 popierines l\u0117les (23 cm) ir 100 popierini\u0173 drabu\u017e\u0117li\u0173. D\u0117\u017eut\u0117 tarnaus kaip drabu\u017ei\u0173 spinta. Rekomenduojamas am\u017eius: nuo 6 iki 10 met\u0173. D\u0117mesio! Netinka vaikams iki 3 met\u0173, d\u0117l smulki\u0173 detali\u0173 yra pavojus u\u017espringti. Kilm\u0117s \u0161alis: K.L.R. Pagaminta pagal Pranc\u016bzijos dizain\u0105 ir u\u017esakym\u0105.<\/p>","protected":false},"featured_media":30368,"template":"","meta":{"_acf_changed":false,"iawp_total_views":218},"product_cat":[252,217,196,191,84,242,93,49,39,214],"product_tag":[98,99],"class_list":{"0":"post-30367","1":"product","2":"type-product","3":"status-publish","4":"has-post-thumbnail","6":"product_cat-djeco","7":"product_cat-dovanos-5-7-metu-vaikams","8":"product_cat-dovanos-mergaitems","9":"product_cat-dovanos-vaikams","10":"product_cat-lavinamieji-zaislai","11":"product_cat-pagal-gamintoja","12":"product_cat-vaidmenu-zaidimai","13":"product_cat-visi-zaislai","14":"product_cat-zaislai","15":"product_cat-zaislai-mergaitems","16":"product_tag-5-m-7-m","17":"product_tag-8-m-11-m","19":"first","20":"instock","21":"taxable","22":"shipping-taxable","23":"purchasable","24":"product-type-simple"},"acf":[],"yoast_head":"<!-- This site is optimized with the Yoast SEO plugin v23.3 - https:\/\/yoast.com\/wordpress\/plugins\/seo\/ -->\n<title>K\u016brybinis rinkinys - Drabu\u017ein\u0117 - Montessori \u017eaislai<\/title>\n<meta name=\"robots\" content=\"index, follow, max-snippet:-1, max-image-preview:large, max-video-preview:-1\" \/>\n<link rel=\"canonical\" href=\"https:\/\/monti.lt\/en\/product\/kurybinis-rinkinys-drabuzine\/\" \/>\n<meta property=\"og:locale\" content=\"en_US\" \/>\n<meta property=\"og:type\" content=\"article\" \/>\n<meta property=\"og:title\" content=\"K\u016brybinis rinkinys - Drabu\u017ein\u0117 - Montessori \u017eaislai\" \/>\n<meta property=\"og:description\" content=\"K\u016brybinis rinkinys pilnas madingiausi\u0173 drabu\u017ei\u0173! Rinkinyje rasite 3 popierines l\u0117les (23 cm) ir 100 popierini\u0173 drabu\u017e\u0117li\u0173. D\u0117\u017eut\u0117 tarnaus kaip drabu\u017ei\u0173 spinta. Rekomenduojamas am\u017eius: nuo 6 iki 10 met\u0173. D\u0117mesio! Netinka vaikams iki 3 met\u0173, d\u0117l smulki\u0173 detali\u0173 yra pavojus u\u017espringti. Kilm\u0117s \u0161alis: K.L.R. Pagaminta pagal Pranc\u016bzijos dizain\u0105 ir u\u017esakym\u0105.\" \/>\n<meta property=\"og:url\" content=\"https:\/\/monti.lt\/en\/product\/kurybinis-rinkinys-drabuzine\/\" \/>\n<meta property=\"og:site_name\" content=\"Montessori \u017eaislai\" \/>\n<meta property=\"article:modified_time\" content=\"2026-04-22T11:48:52+00:00\" \/>\n<meta property=\"og:image\" content=\"https:\/\/monti.lt\/wp-content\/uploads\/2025\/02\/6019-DJ09825-kurybinis-rinkinys-drabuzine.jpg\" \/>\n\t<meta property=\"og:image:width\" content=\"800\" \/>\n\t<meta property=\"og:image:height\" content=\"800\" \/>\n\t<meta property=\"og:image:type\" content=\"image\/jpeg\" \/>\n<meta name=\"twitter:card\" content=\"summary_large_image\" \/>\n<meta name=\"twitter:label1\" content=\"Est. reading time\" \/>\n\t<meta name=\"twitter:data1\" content=\"1 minute\" \/>\n<script type=\"application\/ld+json\" class=\"yoast-schema-graph\">{\"@context\":\"https:\/\/schema.org\",\"@graph\":[{\"@type\":\"WebPage\",\"@id\":\"https:\/\/monti.lt\/product\/kurybinis-rinkinys-drabuzine\/\",\"url\":\"https:\/\/monti.lt\/product\/kurybinis-rinkinys-drabuzine\/\",\"name\":\"K\u016brybinis rinkinys - Drabu\u017ein\u0117 - Montessori \u017eaislai\",\"isPartOf\":{\"@id\":\"https:\/\/monti.lt\/#website\"},\"primaryImageOfPage\":{\"@id\":\"https:\/\/monti.lt\/product\/kurybinis-rinkinys-drabuzine\/#primaryimage\"},\"image\":{\"@id\":\"https:\/\/monti.lt\/product\/kurybinis-rinkinys-drabuzine\/#primaryimage\"},\"thumbnailUrl\":\"https:\/\/monti.lt\/wp-content\/uploads\/2025\/02\/6019-DJ09825-kurybinis-rinkinys-drabuzine.jpg\",\"datePublished\":\"2025-02-11T08:24:26+00:00\",\"dateModified\":\"2026-04-22T11:48:52+00:00\",\"breadcrumb\":{\"@id\":\"https:\/\/monti.lt\/product\/kurybinis-rinkinys-drabuzine\/#breadcrumb\"},\"inLanguage\":\"en-US\",\"potentialAction\":[{\"@type\":\"ReadAction\",\"target\":[\"https:\/\/monti.lt\/product\/kurybinis-rinkinys-drabuzine\/\"]}]},{\"@type\":\"ImageObject\",\"inLanguage\":\"en-US\",\"@id\":\"https:\/\/monti.lt\/product\/kurybinis-rinkinys-drabuzine\/#primaryimage\",\"url\":\"https:\/\/monti.lt\/wp-content\/uploads\/2025\/02\/6019-DJ09825-kurybinis-rinkinys-drabuzine.jpg\",\"contentUrl\":\"https:\/\/monti.lt\/wp-content\/uploads\/2025\/02\/6019-DJ09825-kurybinis-rinkinys-drabuzine.jpg\",\"width\":800,\"height\":800,\"caption\":\"djeco\"},{\"@type\":\"BreadcrumbList\",\"@id\":\"https:\/\/monti.lt\/product\/kurybinis-rinkinys-drabuzine\/#breadcrumb\",\"itemListElement\":[{\"@type\":\"ListItem\",\"position\":1,\"name\":\"Home\",\"item\":\"https:\/\/monti.lt\/\"},{\"@type\":\"ListItem\",\"position\":2,\"name\":\"Parduotuv\u0117\",\"item\":\"https:\/\/monti.lt\/shop\/\"},{\"@type\":\"ListItem\",\"position\":3,\"name\":\"K\u016brybinis rinkinys &#8211; Drabu\u017ein\u0117\"}]},{\"@type\":\"WebSite\",\"@id\":\"https:\/\/monti.lt\/#website\",\"url\":\"https:\/\/monti.lt\/\",\"name\":\"Montessori \u017eaislai\",\"description\":\"\",\"publisher\":{\"@id\":\"https:\/\/monti.lt\/#organization\"},\"potentialAction\":[{\"@type\":\"SearchAction\",\"target\":{\"@type\":\"EntryPoint\",\"urlTemplate\":\"https:\/\/monti.lt\/?s={search_term_string}\"},\"query-input\":\"required name=search_term_string\"}],\"inLanguage\":\"en-US\"},{\"@type\":\"Organization\",\"@id\":\"https:\/\/monti.lt\/#organization\",\"name\":\"Montessori \u017eaislai\",\"url\":\"https:\/\/monti.lt\/\",\"logo\":{\"@type\":\"ImageObject\",\"inLanguage\":\"en-US\",\"@id\":\"https:\/\/monti.lt\/#\/schema\/logo\/image\/\",\"url\":\"https:\/\/monti.lt\/wp-content\/uploads\/2022\/03\/montilogo-1.png\",\"contentUrl\":\"https:\/\/monti.lt\/wp-content\/uploads\/2022\/03\/montilogo-1.png\",\"width\":512,\"height\":512,\"caption\":\"Montessori \u017eaislai\"},\"image\":{\"@id\":\"https:\/\/monti.lt\/#\/schema\/logo\/image\/\"}}]}<\/script>\n<!-- \/ Yoast SEO plugin. -->","yoast_head_json":{"title":"K\u016brybinis rinkinys - Drabu\u017ein\u0117 - Montessori \u017eaislai","robots":{"index":"index","follow":"follow","max-snippet":"max-snippet:-1","max-image-preview":"max-image-preview:large","max-video-preview":"max-video-preview:-1"},"canonical":"https:\/\/monti.lt\/en\/product\/kurybinis-rinkinys-drabuzine\/","og_locale":"en_US","og_type":"article","og_title":"K\u016brybinis rinkinys - Drabu\u017ein\u0117 - Montessori \u017eaislai","og_description":"K\u016brybinis rinkinys pilnas madingiausi\u0173 drabu\u017ei\u0173! Rinkinyje rasite 3 popierines l\u0117les (23 cm) ir 100 popierini\u0173 drabu\u017e\u0117li\u0173. D\u0117\u017eut\u0117 tarnaus kaip drabu\u017ei\u0173 spinta. Rekomenduojamas am\u017eius: nuo 6 iki 10 met\u0173. D\u0117mesio! Netinka vaikams iki 3 met\u0173, d\u0117l smulki\u0173 detali\u0173 yra pavojus u\u017espringti. Kilm\u0117s \u0161alis: K.L.R. Pagaminta pagal Pranc\u016bzijos dizain\u0105 ir u\u017esakym\u0105.","og_url":"https:\/\/monti.lt\/en\/product\/kurybinis-rinkinys-drabuzine\/","og_site_name":"Montessori \u017eaislai","article_modified_time":"2026-04-22T11:48:52+00:00","og_image":[{"width":800,"height":800,"url":"https:\/\/monti.lt\/wp-content\/uploads\/2025\/02\/6019-DJ09825-kurybinis-rinkinys-drabuzine.jpg","type":"image\/jpeg"}],"twitter_card":"summary_large_image","twitter_misc":{"Est. reading time":"1 minute"},"schema":{"@context":"https:\/\/schema.org","@graph":[{"@type":"WebPage","@id":"https:\/\/monti.lt\/product\/kurybinis-rinkinys-drabuzine\/","url":"https:\/\/monti.lt\/product\/kurybinis-rinkinys-drabuzine\/","name":"K\u016brybinis rinkinys - Drabu\u017ein\u0117 - Montessori \u017eaislai","isPartOf":{"@id":"https:\/\/monti.lt\/#website"},"primaryImageOfPage":{"@id":"https:\/\/monti.lt\/product\/kurybinis-rinkinys-drabuzine\/#primaryimage"},"image":{"@id":"https:\/\/monti.lt\/product\/kurybinis-rinkinys-drabuzine\/#primaryimage"},"thumbnailUrl":"https:\/\/monti.lt\/wp-content\/uploads\/2025\/02\/6019-DJ09825-kurybinis-rinkinys-drabuzine.jpg","datePublished":"2025-02-11T08:24:26+00:00","dateModified":"2026-04-22T11:48:52+00:00","breadcrumb":{"@id":"https:\/\/monti.lt\/product\/kurybinis-rinkinys-drabuzine\/#breadcrumb"},"inLanguage":"en-US","potentialAction":[{"@type":"ReadAction","target":["https:\/\/monti.lt\/product\/kurybinis-rinkinys-drabuzine\/"]}]},{"@type":"ImageObject","inLanguage":"en-US","@id":"https:\/\/monti.lt\/product\/kurybinis-rinkinys-drabuzine\/#primaryimage","url":"https:\/\/monti.lt\/wp-content\/uploads\/2025\/02\/6019-DJ09825-kurybinis-rinkinys-drabuzine.jpg","contentUrl":"https:\/\/monti.lt\/wp-content\/uploads\/2025\/02\/6019-DJ09825-kurybinis-rinkinys-drabuzine.jpg","width":800,"height":800,"caption":"djeco"},{"@type":"BreadcrumbList","@id":"https:\/\/monti.lt\/product\/kurybinis-rinkinys-drabuzine\/#breadcrumb","itemListElement":[{"@type":"ListItem","position":1,"name":"Home","item":"https:\/\/monti.lt\/"},{"@type":"ListItem","position":2,"name":"Parduotuv\u0117","item":"https:\/\/monti.lt\/shop\/"},{"@type":"ListItem","position":3,"name":"K\u016brybinis rinkinys &#8211; Drabu\u017ein\u0117"}]},{"@type":"WebSite","@id":"https:\/\/monti.lt\/#website","url":"https:\/\/monti.lt\/","name":"Montessori \u017eaislai","description":"","publisher":{"@id":"https:\/\/monti.lt\/#organization"},"potentialAction":[{"@type":"SearchAction","target":{"@type":"EntryPoint","urlTemplate":"https:\/\/monti.lt\/?s={search_term_string}"},"query-input":"required name=search_term_string"}],"inLanguage":"en-US"},{"@type":"Organization","@id":"https:\/\/monti.lt\/#organization","name":"Montessori \u017eaislai","url":"https:\/\/monti.lt\/","logo":{"@type":"ImageObject","inLanguage":"en-US","@id":"https:\/\/monti.lt\/#\/schema\/logo\/image\/","url":"https:\/\/monti.lt\/wp-content\/uploads\/2022\/03\/montilogo-1.png","contentUrl":"https:\/\/monti.lt\/wp-content\/uploads\/2022\/03\/montilogo-1.png","width":512,"height":512,"caption":"Montessori \u017eaislai"},"image":{"@id":"https:\/\/monti.lt\/#\/schema\/logo\/image\/"}}]}},"_links":{"self":[{"href":"https:\/\/monti.lt\/en\/wp-json\/wp\/v2\/product\/30367"}],"collection":[{"href":"https:\/\/monti.lt\/en\/wp-json\/wp\/v2\/product"}],"about":[{"href":"https:\/\/monti.lt\/en\/wp-json\/wp\/v2\/types\/product"}],"version-history":[{"count":1,"href":"https:\/\/monti.lt\/en\/wp-json\/wp\/v2\/product\/30367\/revisions"}],"predecessor-version":[{"id":30372,"href":"https:\/\/monti.lt\/en\/wp-json\/wp\/v2\/product\/30367\/revisions\/30372"}],"wp:featuredmedia":[{"embeddable":true,"href":"https:\/\/monti.lt\/en\/wp-json\/wp\/v2\/media\/30368"}],"wp:attachment":[{"href":"https:\/\/monti.lt\/en\/wp-json\/wp\/v2\/media?parent=30367"}],"wp:term":[{"taxonomy":"product_cat","embeddable":true,"href":"https:\/\/monti.lt\/en\/wp-json\/wp\/v2\/product_cat?post=30367"},{"taxonomy":"product_tag","embeddable":true,"href":"https:\/\/monti.lt\/en\/wp-json\/wp\/v2\/product_tag?post=30367"}],"curies":[{"name":"wp","href":"https:\/\/api.w.org\/{rel}","templated":true}]}}