{"id":30373,"date":"2025-02-11T08:27:15","date_gmt":"2025-02-11T08:27:15","guid":{"rendered":"https:\/\/monti.lt\/?post_type=product&#038;p=30373"},"modified":"2025-12-11T12:54:48","modified_gmt":"2025-12-11T12:54:48","slug":"kurkite-su-lipdukais-juros-gyvunai","status":"publish","type":"product","link":"https:\/\/monti.lt\/en\/product\/kurkite-su-lipdukais-juros-gyvunai\/","title":{"rendered":"Kurkite su lipdukais &#8211; J\u016bros gyv\u016bnai"},"content":{"rendered":"<p>Pateiktas nuotraukas papuo\u0161kite lipdukais, kad jos b\u016bt\u0173 spalvingesn\u0117s! Rinkinuk\u0105 sudaro 16 paveiksl\u0117li\u0173 su 4 \u017ev\u0117reliais ir lipdukai. Rekomenduojamas am\u017eius: nuo 3 iki 6 met\u0173. D\u0117mesio! Netinka vaikams iki 3 met\u0173, d\u0117l smulki\u0173 detali\u0173 yra pavojus u\u017espringti. Kilm\u0117s \u0161alis: K.L.R. Pagaminta pagal Pranc\u016bzijos dizain\u0105 ir u\u017esakym\u0105.<\/p>","protected":false},"excerpt":{"rendered":"<p>Pateiktas nuotraukas papuo\u0161kite lipdukais, kad jos b\u016bt\u0173 spalvingesn\u0117s! Rinkinuk\u0105 sudaro 16 paveiksl\u0117li\u0173 su 4 \u017ev\u0117reliais ir lipdukai. Rekomenduojamas am\u017eius: nuo 3 iki 6 met\u0173. D\u0117mesio! Netinka vaikams iki 3 met\u0173, d\u0117l smulki\u0173 detali\u0173 yra pavojus u\u017espringti. Kilm\u0117s \u0161alis: K.L.R. Pagaminta pagal Pranc\u016bzijos dizain\u0105 ir u\u017esakym\u0105.<\/p>","protected":false},"featured_media":30374,"template":"","meta":{"_acf_changed":false,"iawp_total_views":98},"product_cat":[218,252,84,89,242,86,39,201],"product_tag":[97,98],"class_list":{"0":"post-30373","1":"product","2":"type-product","3":"status-publish","4":"has-post-thumbnail","6":"product_cat-darzeliu-grupems","7":"product_cat-djeco","8":"product_cat-lavinamieji-zaislai","9":"product_cat-mokausi-piesti","10":"product_cat-pagal-gamintoja","11":"product_cat-smulkioji-motorika","12":"product_cat-zaislai","13":"product_cat-zaislai-kelioneje","14":"product_tag-3-m-4-m","15":"product_tag-5-m-7-m","17":"first","18":"outofstock","19":"taxable","20":"shipping-taxable","21":"purchasable","22":"product-type-simple"},"acf":[],"yoast_head":"<!-- This site is optimized with the Yoast SEO plugin v23.3 - https:\/\/yoast.com\/wordpress\/plugins\/seo\/ -->\n<title>Kurkite su lipdukais - J\u016bros gyv\u016bnai - Montessori \u017eaislai<\/title>\n<meta name=\"robots\" content=\"index, follow, max-snippet:-1, max-image-preview:large, max-video-preview:-1\" \/>\n<link rel=\"canonical\" href=\"https:\/\/monti.lt\/en\/product\/kurkite-su-lipdukais-juros-gyvunai\/\" \/>\n<meta property=\"og:locale\" content=\"en_US\" \/>\n<meta property=\"og:type\" content=\"article\" \/>\n<meta property=\"og:title\" content=\"Kurkite su lipdukais - J\u016bros gyv\u016bnai - Montessori \u017eaislai\" \/>\n<meta property=\"og:description\" content=\"Pateiktas nuotraukas papuo\u0161kite lipdukais, kad jos b\u016bt\u0173 spalvingesn\u0117s! Rinkinuk\u0105 sudaro 16 paveiksl\u0117li\u0173 su 4 \u017ev\u0117reliais ir lipdukai. Rekomenduojamas am\u017eius: nuo 3 iki 6 met\u0173. D\u0117mesio! Netinka vaikams iki 3 met\u0173, d\u0117l smulki\u0173 detali\u0173 yra pavojus u\u017espringti. Kilm\u0117s \u0161alis: K.L.R. Pagaminta pagal Pranc\u016bzijos dizain\u0105 ir u\u017esakym\u0105.\" \/>\n<meta property=\"og:url\" content=\"https:\/\/monti.lt\/en\/product\/kurkite-su-lipdukais-juros-gyvunai\/\" \/>\n<meta property=\"og:site_name\" content=\"Montessori \u017eaislai\" \/>\n<meta property=\"article:modified_time\" content=\"2025-12-11T12:54:48+00:00\" \/>\n<meta property=\"og:image\" content=\"https:\/\/monti.lt\/wp-content\/uploads\/2025\/02\/8302-DJ08931-kurkite-su-lipdukais-juros-gyvunai.jpg\" \/>\n\t<meta property=\"og:image:width\" content=\"600\" \/>\n\t<meta property=\"og:image:height\" content=\"600\" \/>\n\t<meta property=\"og:image:type\" content=\"image\/jpeg\" \/>\n<meta name=\"twitter:card\" content=\"summary_large_image\" \/>\n<meta name=\"twitter:label1\" content=\"Est. reading time\" \/>\n\t<meta name=\"twitter:data1\" content=\"1 minute\" \/>\n<script type=\"application\/ld+json\" class=\"yoast-schema-graph\">{\"@context\":\"https:\/\/schema.org\",\"@graph\":[{\"@type\":\"WebPage\",\"@id\":\"https:\/\/monti.lt\/product\/kurkite-su-lipdukais-juros-gyvunai\/\",\"url\":\"https:\/\/monti.lt\/product\/kurkite-su-lipdukais-juros-gyvunai\/\",\"name\":\"Kurkite su lipdukais - J\u016bros gyv\u016bnai - Montessori \u017eaislai\",\"isPartOf\":{\"@id\":\"https:\/\/monti.lt\/#website\"},\"primaryImageOfPage\":{\"@id\":\"https:\/\/monti.lt\/product\/kurkite-su-lipdukais-juros-gyvunai\/#primaryimage\"},\"image\":{\"@id\":\"https:\/\/monti.lt\/product\/kurkite-su-lipdukais-juros-gyvunai\/#primaryimage\"},\"thumbnailUrl\":\"https:\/\/monti.lt\/wp-content\/uploads\/2025\/02\/8302-DJ08931-kurkite-su-lipdukais-juros-gyvunai.jpg\",\"datePublished\":\"2025-02-11T08:27:15+00:00\",\"dateModified\":\"2025-12-11T12:54:48+00:00\",\"breadcrumb\":{\"@id\":\"https:\/\/monti.lt\/product\/kurkite-su-lipdukais-juros-gyvunai\/#breadcrumb\"},\"inLanguage\":\"en-US\",\"potentialAction\":[{\"@type\":\"ReadAction\",\"target\":[\"https:\/\/monti.lt\/product\/kurkite-su-lipdukais-juros-gyvunai\/\"]}]},{\"@type\":\"ImageObject\",\"inLanguage\":\"en-US\",\"@id\":\"https:\/\/monti.lt\/product\/kurkite-su-lipdukais-juros-gyvunai\/#primaryimage\",\"url\":\"https:\/\/monti.lt\/wp-content\/uploads\/2025\/02\/8302-DJ08931-kurkite-su-lipdukais-juros-gyvunai.jpg\",\"contentUrl\":\"https:\/\/monti.lt\/wp-content\/uploads\/2025\/02\/8302-DJ08931-kurkite-su-lipdukais-juros-gyvunai.jpg\",\"width\":600,\"height\":600,\"caption\":\"djeco\"},{\"@type\":\"BreadcrumbList\",\"@id\":\"https:\/\/monti.lt\/product\/kurkite-su-lipdukais-juros-gyvunai\/#breadcrumb\",\"itemListElement\":[{\"@type\":\"ListItem\",\"position\":1,\"name\":\"Home\",\"item\":\"https:\/\/monti.lt\/\"},{\"@type\":\"ListItem\",\"position\":2,\"name\":\"Parduotuv\u0117\",\"item\":\"https:\/\/monti.lt\/shop\/\"},{\"@type\":\"ListItem\",\"position\":3,\"name\":\"Kurkite su lipdukais &#8211; J\u016bros gyv\u016bnai\"}]},{\"@type\":\"WebSite\",\"@id\":\"https:\/\/monti.lt\/#website\",\"url\":\"https:\/\/monti.lt\/\",\"name\":\"Montessori \u017eaislai\",\"description\":\"\",\"publisher\":{\"@id\":\"https:\/\/monti.lt\/#organization\"},\"potentialAction\":[{\"@type\":\"SearchAction\",\"target\":{\"@type\":\"EntryPoint\",\"urlTemplate\":\"https:\/\/monti.lt\/?s={search_term_string}\"},\"query-input\":\"required name=search_term_string\"}],\"inLanguage\":\"en-US\"},{\"@type\":\"Organization\",\"@id\":\"https:\/\/monti.lt\/#organization\",\"name\":\"Montessori \u017eaislai\",\"url\":\"https:\/\/monti.lt\/\",\"logo\":{\"@type\":\"ImageObject\",\"inLanguage\":\"en-US\",\"@id\":\"https:\/\/monti.lt\/#\/schema\/logo\/image\/\",\"url\":\"https:\/\/monti.lt\/wp-content\/uploads\/2022\/03\/montilogo-1.png\",\"contentUrl\":\"https:\/\/monti.lt\/wp-content\/uploads\/2022\/03\/montilogo-1.png\",\"width\":512,\"height\":512,\"caption\":\"Montessori \u017eaislai\"},\"image\":{\"@id\":\"https:\/\/monti.lt\/#\/schema\/logo\/image\/\"}}]}<\/script>\n<!-- \/ Yoast SEO plugin. -->","yoast_head_json":{"title":"Kurkite su lipdukais - J\u016bros gyv\u016bnai - Montessori \u017eaislai","robots":{"index":"index","follow":"follow","max-snippet":"max-snippet:-1","max-image-preview":"max-image-preview:large","max-video-preview":"max-video-preview:-1"},"canonical":"https:\/\/monti.lt\/en\/product\/kurkite-su-lipdukais-juros-gyvunai\/","og_locale":"en_US","og_type":"article","og_title":"Kurkite su lipdukais - J\u016bros gyv\u016bnai - Montessori \u017eaislai","og_description":"Pateiktas nuotraukas papuo\u0161kite lipdukais, kad jos b\u016bt\u0173 spalvingesn\u0117s! Rinkinuk\u0105 sudaro 16 paveiksl\u0117li\u0173 su 4 \u017ev\u0117reliais ir lipdukai. Rekomenduojamas am\u017eius: nuo 3 iki 6 met\u0173. D\u0117mesio! Netinka vaikams iki 3 met\u0173, d\u0117l smulki\u0173 detali\u0173 yra pavojus u\u017espringti. Kilm\u0117s \u0161alis: K.L.R. Pagaminta pagal Pranc\u016bzijos dizain\u0105 ir u\u017esakym\u0105.","og_url":"https:\/\/monti.lt\/en\/product\/kurkite-su-lipdukais-juros-gyvunai\/","og_site_name":"Montessori \u017eaislai","article_modified_time":"2025-12-11T12:54:48+00:00","og_image":[{"width":600,"height":600,"url":"https:\/\/monti.lt\/wp-content\/uploads\/2025\/02\/8302-DJ08931-kurkite-su-lipdukais-juros-gyvunai.jpg","type":"image\/jpeg"}],"twitter_card":"summary_large_image","twitter_misc":{"Est. reading time":"1 minute"},"schema":{"@context":"https:\/\/schema.org","@graph":[{"@type":"WebPage","@id":"https:\/\/monti.lt\/product\/kurkite-su-lipdukais-juros-gyvunai\/","url":"https:\/\/monti.lt\/product\/kurkite-su-lipdukais-juros-gyvunai\/","name":"Kurkite su lipdukais - J\u016bros gyv\u016bnai - Montessori \u017eaislai","isPartOf":{"@id":"https:\/\/monti.lt\/#website"},"primaryImageOfPage":{"@id":"https:\/\/monti.lt\/product\/kurkite-su-lipdukais-juros-gyvunai\/#primaryimage"},"image":{"@id":"https:\/\/monti.lt\/product\/kurkite-su-lipdukais-juros-gyvunai\/#primaryimage"},"thumbnailUrl":"https:\/\/monti.lt\/wp-content\/uploads\/2025\/02\/8302-DJ08931-kurkite-su-lipdukais-juros-gyvunai.jpg","datePublished":"2025-02-11T08:27:15+00:00","dateModified":"2025-12-11T12:54:48+00:00","breadcrumb":{"@id":"https:\/\/monti.lt\/product\/kurkite-su-lipdukais-juros-gyvunai\/#breadcrumb"},"inLanguage":"en-US","potentialAction":[{"@type":"ReadAction","target":["https:\/\/monti.lt\/product\/kurkite-su-lipdukais-juros-gyvunai\/"]}]},{"@type":"ImageObject","inLanguage":"en-US","@id":"https:\/\/monti.lt\/product\/kurkite-su-lipdukais-juros-gyvunai\/#primaryimage","url":"https:\/\/monti.lt\/wp-content\/uploads\/2025\/02\/8302-DJ08931-kurkite-su-lipdukais-juros-gyvunai.jpg","contentUrl":"https:\/\/monti.lt\/wp-content\/uploads\/2025\/02\/8302-DJ08931-kurkite-su-lipdukais-juros-gyvunai.jpg","width":600,"height":600,"caption":"djeco"},{"@type":"BreadcrumbList","@id":"https:\/\/monti.lt\/product\/kurkite-su-lipdukais-juros-gyvunai\/#breadcrumb","itemListElement":[{"@type":"ListItem","position":1,"name":"Home","item":"https:\/\/monti.lt\/"},{"@type":"ListItem","position":2,"name":"Parduotuv\u0117","item":"https:\/\/monti.lt\/shop\/"},{"@type":"ListItem","position":3,"name":"Kurkite su lipdukais &#8211; J\u016bros gyv\u016bnai"}]},{"@type":"WebSite","@id":"https:\/\/monti.lt\/#website","url":"https:\/\/monti.lt\/","name":"Montessori \u017eaislai","description":"","publisher":{"@id":"https:\/\/monti.lt\/#organization"},"potentialAction":[{"@type":"SearchAction","target":{"@type":"EntryPoint","urlTemplate":"https:\/\/monti.lt\/?s={search_term_string}"},"query-input":"required name=search_term_string"}],"inLanguage":"en-US"},{"@type":"Organization","@id":"https:\/\/monti.lt\/#organization","name":"Montessori \u017eaislai","url":"https:\/\/monti.lt\/","logo":{"@type":"ImageObject","inLanguage":"en-US","@id":"https:\/\/monti.lt\/#\/schema\/logo\/image\/","url":"https:\/\/monti.lt\/wp-content\/uploads\/2022\/03\/montilogo-1.png","contentUrl":"https:\/\/monti.lt\/wp-content\/uploads\/2022\/03\/montilogo-1.png","width":512,"height":512,"caption":"Montessori \u017eaislai"},"image":{"@id":"https:\/\/monti.lt\/#\/schema\/logo\/image\/"}}]}},"_links":{"self":[{"href":"https:\/\/monti.lt\/en\/wp-json\/wp\/v2\/product\/30373"}],"collection":[{"href":"https:\/\/monti.lt\/en\/wp-json\/wp\/v2\/product"}],"about":[{"href":"https:\/\/monti.lt\/en\/wp-json\/wp\/v2\/types\/product"}],"version-history":[{"count":1,"href":"https:\/\/monti.lt\/en\/wp-json\/wp\/v2\/product\/30373\/revisions"}],"predecessor-version":[{"id":30378,"href":"https:\/\/monti.lt\/en\/wp-json\/wp\/v2\/product\/30373\/revisions\/30378"}],"wp:featuredmedia":[{"embeddable":true,"href":"https:\/\/monti.lt\/en\/wp-json\/wp\/v2\/media\/30374"}],"wp:attachment":[{"href":"https:\/\/monti.lt\/en\/wp-json\/wp\/v2\/media?parent=30373"}],"wp:term":[{"taxonomy":"product_cat","embeddable":true,"href":"https:\/\/monti.lt\/en\/wp-json\/wp\/v2\/product_cat?post=30373"},{"taxonomy":"product_tag","embeddable":true,"href":"https:\/\/monti.lt\/en\/wp-json\/wp\/v2\/product_tag?post=30373"}],"curies":[{"name":"wp","href":"https:\/\/api.w.org\/{rel}","templated":true}]}}