{"id":30379,"date":"2025-02-11T08:50:26","date_gmt":"2025-02-11T08:50:26","guid":{"rendered":"https:\/\/monti.lt\/?post_type=product&#038;p=30379"},"modified":"2025-11-14T09:12:19","modified_gmt":"2025-11-14T09:12:19","slug":"progresyvus-galvosukiai-ukio-gyvunai","status":"publish","type":"product","link":"https:\/\/monti.lt\/en\/product\/progresyvus-galvosukiai-ukio-gyvunai\/","title":{"rendered":"Progresyv\u016bs galvos\u016bkiai &#8211; \u016bkio gyv\u016bnai"},"content":{"rendered":"<p>6 gra\u017eiai iliustruoti gyv\u016bn\u0173 galvos\u016bkiai (vi\u0161tel\u0117s, an\u010di\u0173, \u0161un\u0173, avi\u0173, kiauli\u0173 ir karvi\u0173). 2 devyni\u0173 dali\u0173 galvos\u016bkiai, 2 dvylikos dali\u0173 galvos\u016bkiai ir 2 penkiolikos dali\u0173 d\u0117lion\u0117s. Storo kartono d\u0117lion\u0117 su didel\u0117mis, lengvai laikomomis rankose dalimis. Rekomenduojamas am\u017eius: nuo 3 met\u0173. D\u0117mesio! Netinka vaikams iki 3 met\u0173, d\u0117l smulki\u0173 detali\u0173 yra pavojus u\u017espringti. Kilm\u0117s \u0161alis: K.L.R. Pagaminta pagal Pranc\u016bzijos dizain\u0105 ir u\u017esakym\u0105.<\/p>","protected":false},"excerpt":{"rendered":"<p>6 gra\u017eiai iliustruoti gyv\u016bn\u0173 galvos\u016bkiai (vi\u0161tel\u0117s, an\u010di\u0173, \u0161un\u0173, avi\u0173, kiauli\u0173 ir karvi\u0173). 2 devyni\u0173 dali\u0173 galvos\u016bkiai, 2 dvylikos dali\u0173 galvos\u016bkiai ir 2 penkiolikos dali\u0173 d\u0117lion\u0117s. Storo kartono d\u0117lion\u0117 su didel\u0117mis, lengvai laikomomis rankose dalimis. Rekomenduojamas am\u017eius: nuo 3 met\u0173. D\u0117mesio! Netinka vaikams iki 3 met\u0173, d\u0117l smulki\u0173 detali\u0173 yra pavojus u\u017espringti. Kilm\u0117s \u0161alis: K.L.R. Pagaminta [&hellip;]<\/p>","protected":false},"featured_media":30381,"template":"","meta":{"_acf_changed":false,"iawp_total_views":106},"product_cat":[92,208,195,191,84],"product_tag":[97],"class_list":{"0":"post-30379","1":"product","2":"type-product","3":"status-publish","4":"has-post-thumbnail","6":"product_cat-deliones","7":"product_cat-deliones-2","8":"product_cat-dovanos-vaikams-3-4-metu","9":"product_cat-dovanos-vaikams","10":"product_cat-lavinamieji-zaislai","11":"product_tag-3-m-4-m","13":"first","14":"outofstock","15":"taxable","16":"shipping-taxable","17":"purchasable","18":"product-type-simple"},"acf":[],"yoast_head":"<!-- This site is optimized with the Yoast SEO plugin v23.3 - https:\/\/yoast.com\/wordpress\/plugins\/seo\/ -->\n<title>Progresyv\u016bs galvos\u016bkiai - \u016bkio gyv\u016bnai - Montessori \u017eaislai<\/title>\n<meta name=\"robots\" content=\"index, follow, max-snippet:-1, max-image-preview:large, max-video-preview:-1\" \/>\n<link rel=\"canonical\" href=\"https:\/\/monti.lt\/en\/product\/progresyvus-galvosukiai-ukio-gyvunai\/\" \/>\n<meta property=\"og:locale\" content=\"en_US\" \/>\n<meta property=\"og:type\" content=\"article\" \/>\n<meta property=\"og:title\" content=\"Progresyv\u016bs galvos\u016bkiai - \u016bkio gyv\u016bnai - Montessori \u017eaislai\" \/>\n<meta property=\"og:description\" content=\"6 gra\u017eiai iliustruoti gyv\u016bn\u0173 galvos\u016bkiai (vi\u0161tel\u0117s, an\u010di\u0173, \u0161un\u0173, avi\u0173, kiauli\u0173 ir karvi\u0173). 2 devyni\u0173 dali\u0173 galvos\u016bkiai, 2 dvylikos dali\u0173 galvos\u016bkiai ir 2 penkiolikos dali\u0173 d\u0117lion\u0117s. Storo kartono d\u0117lion\u0117 su didel\u0117mis, lengvai laikomomis rankose dalimis. Rekomenduojamas am\u017eius: nuo 3 met\u0173. D\u0117mesio! Netinka vaikams iki 3 met\u0173, d\u0117l smulki\u0173 detali\u0173 yra pavojus u\u017espringti. Kilm\u0117s \u0161alis: K.L.R. Pagaminta [&hellip;]\" \/>\n<meta property=\"og:url\" content=\"https:\/\/monti.lt\/en\/product\/progresyvus-galvosukiai-ukio-gyvunai\/\" \/>\n<meta property=\"og:site_name\" content=\"Montessori \u017eaislai\" \/>\n<meta property=\"article:modified_time\" content=\"2025-11-14T09:12:19+00:00\" \/>\n<meta property=\"og:image\" content=\"https:\/\/monti.lt\/wp-content\/uploads\/2025\/02\/8377-DJ07112-progresyvus-galvosukiai-garbes-ir-draugai-2.jpg\" \/>\n\t<meta property=\"og:image:width\" content=\"800\" \/>\n\t<meta property=\"og:image:height\" content=\"800\" \/>\n\t<meta property=\"og:image:type\" content=\"image\/jpeg\" \/>\n<meta name=\"twitter:card\" content=\"summary_large_image\" \/>\n<meta name=\"twitter:label1\" content=\"Est. reading time\" \/>\n\t<meta name=\"twitter:data1\" content=\"1 minute\" \/>\n<script type=\"application\/ld+json\" class=\"yoast-schema-graph\">{\"@context\":\"https:\/\/schema.org\",\"@graph\":[{\"@type\":\"WebPage\",\"@id\":\"https:\/\/monti.lt\/product\/progresyvus-galvosukiai-ukio-gyvunai\/\",\"url\":\"https:\/\/monti.lt\/product\/progresyvus-galvosukiai-ukio-gyvunai\/\",\"name\":\"Progresyv\u016bs galvos\u016bkiai - \u016bkio gyv\u016bnai - Montessori \u017eaislai\",\"isPartOf\":{\"@id\":\"https:\/\/monti.lt\/#website\"},\"primaryImageOfPage\":{\"@id\":\"https:\/\/monti.lt\/product\/progresyvus-galvosukiai-ukio-gyvunai\/#primaryimage\"},\"image\":{\"@id\":\"https:\/\/monti.lt\/product\/progresyvus-galvosukiai-ukio-gyvunai\/#primaryimage\"},\"thumbnailUrl\":\"https:\/\/monti.lt\/wp-content\/uploads\/2025\/02\/8377-DJ07112-progresyvus-galvosukiai-garbes-ir-draugai-2.jpg\",\"datePublished\":\"2025-02-11T08:50:26+00:00\",\"dateModified\":\"2025-11-14T09:12:19+00:00\",\"breadcrumb\":{\"@id\":\"https:\/\/monti.lt\/product\/progresyvus-galvosukiai-ukio-gyvunai\/#breadcrumb\"},\"inLanguage\":\"en-US\",\"potentialAction\":[{\"@type\":\"ReadAction\",\"target\":[\"https:\/\/monti.lt\/product\/progresyvus-galvosukiai-ukio-gyvunai\/\"]}]},{\"@type\":\"ImageObject\",\"inLanguage\":\"en-US\",\"@id\":\"https:\/\/monti.lt\/product\/progresyvus-galvosukiai-ukio-gyvunai\/#primaryimage\",\"url\":\"https:\/\/monti.lt\/wp-content\/uploads\/2025\/02\/8377-DJ07112-progresyvus-galvosukiai-garbes-ir-draugai-2.jpg\",\"contentUrl\":\"https:\/\/monti.lt\/wp-content\/uploads\/2025\/02\/8377-DJ07112-progresyvus-galvosukiai-garbes-ir-draugai-2.jpg\",\"width\":800,\"height\":800},{\"@type\":\"BreadcrumbList\",\"@id\":\"https:\/\/monti.lt\/product\/progresyvus-galvosukiai-ukio-gyvunai\/#breadcrumb\",\"itemListElement\":[{\"@type\":\"ListItem\",\"position\":1,\"name\":\"Home\",\"item\":\"https:\/\/monti.lt\/\"},{\"@type\":\"ListItem\",\"position\":2,\"name\":\"Parduotuv\u0117\",\"item\":\"https:\/\/monti.lt\/shop\/\"},{\"@type\":\"ListItem\",\"position\":3,\"name\":\"Progresyv\u016bs galvos\u016bkiai &#8211; \u016bkio gyv\u016bnai\"}]},{\"@type\":\"WebSite\",\"@id\":\"https:\/\/monti.lt\/#website\",\"url\":\"https:\/\/monti.lt\/\",\"name\":\"Montessori \u017eaislai\",\"description\":\"\",\"publisher\":{\"@id\":\"https:\/\/monti.lt\/#organization\"},\"potentialAction\":[{\"@type\":\"SearchAction\",\"target\":{\"@type\":\"EntryPoint\",\"urlTemplate\":\"https:\/\/monti.lt\/?s={search_term_string}\"},\"query-input\":\"required name=search_term_string\"}],\"inLanguage\":\"en-US\"},{\"@type\":\"Organization\",\"@id\":\"https:\/\/monti.lt\/#organization\",\"name\":\"Montessori \u017eaislai\",\"url\":\"https:\/\/monti.lt\/\",\"logo\":{\"@type\":\"ImageObject\",\"inLanguage\":\"en-US\",\"@id\":\"https:\/\/monti.lt\/#\/schema\/logo\/image\/\",\"url\":\"https:\/\/monti.lt\/wp-content\/uploads\/2022\/03\/montilogo-1.png\",\"contentUrl\":\"https:\/\/monti.lt\/wp-content\/uploads\/2022\/03\/montilogo-1.png\",\"width\":512,\"height\":512,\"caption\":\"Montessori \u017eaislai\"},\"image\":{\"@id\":\"https:\/\/monti.lt\/#\/schema\/logo\/image\/\"}}]}<\/script>\n<!-- \/ Yoast SEO plugin. -->","yoast_head_json":{"title":"Progresyv\u016bs galvos\u016bkiai - \u016bkio gyv\u016bnai - Montessori \u017eaislai","robots":{"index":"index","follow":"follow","max-snippet":"max-snippet:-1","max-image-preview":"max-image-preview:large","max-video-preview":"max-video-preview:-1"},"canonical":"https:\/\/monti.lt\/en\/product\/progresyvus-galvosukiai-ukio-gyvunai\/","og_locale":"en_US","og_type":"article","og_title":"Progresyv\u016bs galvos\u016bkiai - \u016bkio gyv\u016bnai - Montessori \u017eaislai","og_description":"6 gra\u017eiai iliustruoti gyv\u016bn\u0173 galvos\u016bkiai (vi\u0161tel\u0117s, an\u010di\u0173, \u0161un\u0173, avi\u0173, kiauli\u0173 ir karvi\u0173). 2 devyni\u0173 dali\u0173 galvos\u016bkiai, 2 dvylikos dali\u0173 galvos\u016bkiai ir 2 penkiolikos dali\u0173 d\u0117lion\u0117s. Storo kartono d\u0117lion\u0117 su didel\u0117mis, lengvai laikomomis rankose dalimis. Rekomenduojamas am\u017eius: nuo 3 met\u0173. D\u0117mesio! Netinka vaikams iki 3 met\u0173, d\u0117l smulki\u0173 detali\u0173 yra pavojus u\u017espringti. Kilm\u0117s \u0161alis: K.L.R. Pagaminta [&hellip;]","og_url":"https:\/\/monti.lt\/en\/product\/progresyvus-galvosukiai-ukio-gyvunai\/","og_site_name":"Montessori \u017eaislai","article_modified_time":"2025-11-14T09:12:19+00:00","og_image":[{"width":800,"height":800,"url":"https:\/\/monti.lt\/wp-content\/uploads\/2025\/02\/8377-DJ07112-progresyvus-galvosukiai-garbes-ir-draugai-2.jpg","type":"image\/jpeg"}],"twitter_card":"summary_large_image","twitter_misc":{"Est. reading time":"1 minute"},"schema":{"@context":"https:\/\/schema.org","@graph":[{"@type":"WebPage","@id":"https:\/\/monti.lt\/product\/progresyvus-galvosukiai-ukio-gyvunai\/","url":"https:\/\/monti.lt\/product\/progresyvus-galvosukiai-ukio-gyvunai\/","name":"Progresyv\u016bs galvos\u016bkiai - \u016bkio gyv\u016bnai - Montessori \u017eaislai","isPartOf":{"@id":"https:\/\/monti.lt\/#website"},"primaryImageOfPage":{"@id":"https:\/\/monti.lt\/product\/progresyvus-galvosukiai-ukio-gyvunai\/#primaryimage"},"image":{"@id":"https:\/\/monti.lt\/product\/progresyvus-galvosukiai-ukio-gyvunai\/#primaryimage"},"thumbnailUrl":"https:\/\/monti.lt\/wp-content\/uploads\/2025\/02\/8377-DJ07112-progresyvus-galvosukiai-garbes-ir-draugai-2.jpg","datePublished":"2025-02-11T08:50:26+00:00","dateModified":"2025-11-14T09:12:19+00:00","breadcrumb":{"@id":"https:\/\/monti.lt\/product\/progresyvus-galvosukiai-ukio-gyvunai\/#breadcrumb"},"inLanguage":"en-US","potentialAction":[{"@type":"ReadAction","target":["https:\/\/monti.lt\/product\/progresyvus-galvosukiai-ukio-gyvunai\/"]}]},{"@type":"ImageObject","inLanguage":"en-US","@id":"https:\/\/monti.lt\/product\/progresyvus-galvosukiai-ukio-gyvunai\/#primaryimage","url":"https:\/\/monti.lt\/wp-content\/uploads\/2025\/02\/8377-DJ07112-progresyvus-galvosukiai-garbes-ir-draugai-2.jpg","contentUrl":"https:\/\/monti.lt\/wp-content\/uploads\/2025\/02\/8377-DJ07112-progresyvus-galvosukiai-garbes-ir-draugai-2.jpg","width":800,"height":800},{"@type":"BreadcrumbList","@id":"https:\/\/monti.lt\/product\/progresyvus-galvosukiai-ukio-gyvunai\/#breadcrumb","itemListElement":[{"@type":"ListItem","position":1,"name":"Home","item":"https:\/\/monti.lt\/"},{"@type":"ListItem","position":2,"name":"Parduotuv\u0117","item":"https:\/\/monti.lt\/shop\/"},{"@type":"ListItem","position":3,"name":"Progresyv\u016bs galvos\u016bkiai &#8211; \u016bkio gyv\u016bnai"}]},{"@type":"WebSite","@id":"https:\/\/monti.lt\/#website","url":"https:\/\/monti.lt\/","name":"Montessori \u017eaislai","description":"","publisher":{"@id":"https:\/\/monti.lt\/#organization"},"potentialAction":[{"@type":"SearchAction","target":{"@type":"EntryPoint","urlTemplate":"https:\/\/monti.lt\/?s={search_term_string}"},"query-input":"required name=search_term_string"}],"inLanguage":"en-US"},{"@type":"Organization","@id":"https:\/\/monti.lt\/#organization","name":"Montessori \u017eaislai","url":"https:\/\/monti.lt\/","logo":{"@type":"ImageObject","inLanguage":"en-US","@id":"https:\/\/monti.lt\/#\/schema\/logo\/image\/","url":"https:\/\/monti.lt\/wp-content\/uploads\/2022\/03\/montilogo-1.png","contentUrl":"https:\/\/monti.lt\/wp-content\/uploads\/2022\/03\/montilogo-1.png","width":512,"height":512,"caption":"Montessori \u017eaislai"},"image":{"@id":"https:\/\/monti.lt\/#\/schema\/logo\/image\/"}}]}},"_links":{"self":[{"href":"https:\/\/monti.lt\/en\/wp-json\/wp\/v2\/product\/30379"}],"collection":[{"href":"https:\/\/monti.lt\/en\/wp-json\/wp\/v2\/product"}],"about":[{"href":"https:\/\/monti.lt\/en\/wp-json\/wp\/v2\/types\/product"}],"version-history":[{"count":1,"href":"https:\/\/monti.lt\/en\/wp-json\/wp\/v2\/product\/30379\/revisions"}],"predecessor-version":[{"id":30383,"href":"https:\/\/monti.lt\/en\/wp-json\/wp\/v2\/product\/30379\/revisions\/30383"}],"wp:featuredmedia":[{"embeddable":true,"href":"https:\/\/monti.lt\/en\/wp-json\/wp\/v2\/media\/30381"}],"wp:attachment":[{"href":"https:\/\/monti.lt\/en\/wp-json\/wp\/v2\/media?parent=30379"}],"wp:term":[{"taxonomy":"product_cat","embeddable":true,"href":"https:\/\/monti.lt\/en\/wp-json\/wp\/v2\/product_cat?post=30379"},{"taxonomy":"product_tag","embeddable":true,"href":"https:\/\/monti.lt\/en\/wp-json\/wp\/v2\/product_tag?post=30379"}],"curies":[{"name":"wp","href":"https:\/\/api.w.org\/{rel}","templated":true}]}}