{"id":30384,"date":"2025-02-11T08:53:21","date_gmt":"2025-02-11T08:53:21","guid":{"rendered":"https:\/\/monti.lt\/?post_type=product&#038;p=30384"},"modified":"2025-12-18T08:10:46","modified_gmt":"2025-12-18T08:10:46","slug":"spalvos-6-putu-zymekliai-maziesiems","status":"publish","type":"product","link":"https:\/\/monti.lt\/en\/product\/spalvos-6-putu-zymekliai-maziesiems\/","title":{"rendered":"Spalvos &#8211; 6 put\u0173 \u017eymekliai ma\u017eiesiems"},"content":{"rendered":"<p>Specialiai sukurti pluo\u0161tiniai ra\u0161ikliai, puikiai tinkantys ma\u017eiems vaikams, kurie gal\u0117s spalvinti su ma\u017eos kempin\u0117s dozatoriumi. Rekomenduojamas am\u017eius: nuo 18 m\u0117nesi\u0173. Kilm\u0117s \u0161alis: K.L.R. Pagaminta pagal Pranc\u016bzijos dizain\u0105 ir u\u017esakym\u0105.<\/p>\n\n\n\n<p><\/p>","protected":false},"excerpt":{"rendered":"<p>Specialiai sukurti pluo\u0161tiniai ra\u0161ikliai, puikiai tinkantys ma\u017eiems vaikams, kurie gal\u0117s spalvinti su ma\u017eos kempin\u0117s dozatoriumi. Rekomenduojamas am\u017eius: nuo 18 m\u0117nesi\u0173. Kilm\u0117s \u0161alis: K.L.R. Pagaminta pagal Pranc\u016bzijos dizain\u0105 ir u\u017esakym\u0105.<\/p>","protected":false},"featured_media":30385,"template":"","meta":{"_acf_changed":false,"iawp_total_views":287},"product_cat":[218,84,89,199,49,39,201],"product_tag":[95,96,97],"class_list":{"0":"post-30384","1":"product","2":"type-product","3":"status-publish","4":"has-post-thumbnail","6":"product_cat-darzeliu-grupems","7":"product_cat-lavinamieji-zaislai","8":"product_cat-mokausi-piesti","9":"product_cat-ugdymo-istaigoms","10":"product_cat-visi-zaislai","11":"product_cat-zaislai","12":"product_cat-zaislai-kelioneje","13":"product_tag-1-m-2-m","14":"product_tag-2-m-3-m","15":"product_tag-3-m-4-m","17":"first","18":"outofstock","19":"taxable","20":"shipping-taxable","21":"purchasable","22":"product-type-simple"},"acf":[],"yoast_head":"<!-- This site is optimized with the Yoast SEO plugin v23.3 - https:\/\/yoast.com\/wordpress\/plugins\/seo\/ -->\n<title>Spalvos - 6 put\u0173 \u017eymekliai ma\u017eiesiems - Montessori \u017eaislai<\/title>\n<meta name=\"robots\" content=\"index, follow, max-snippet:-1, max-image-preview:large, max-video-preview:-1\" \/>\n<link rel=\"canonical\" href=\"https:\/\/monti.lt\/en\/product\/spalvos-6-putu-zymekliai-maziesiems\/\" \/>\n<meta property=\"og:locale\" content=\"en_US\" \/>\n<meta property=\"og:type\" content=\"article\" \/>\n<meta property=\"og:title\" content=\"Spalvos - 6 put\u0173 \u017eymekliai ma\u017eiesiems - Montessori \u017eaislai\" \/>\n<meta property=\"og:description\" content=\"Specialiai sukurti pluo\u0161tiniai ra\u0161ikliai, puikiai tinkantys ma\u017eiems vaikams, kurie gal\u0117s spalvinti su ma\u017eos kempin\u0117s dozatoriumi. Rekomenduojamas am\u017eius: nuo 18 m\u0117nesi\u0173. Kilm\u0117s \u0161alis: K.L.R. Pagaminta pagal Pranc\u016bzijos dizain\u0105 ir u\u017esakym\u0105.\" \/>\n<meta property=\"og:url\" content=\"https:\/\/monti.lt\/en\/product\/spalvos-6-putu-zymekliai-maziesiems\/\" \/>\n<meta property=\"og:site_name\" content=\"Montessori \u017eaislai\" \/>\n<meta property=\"article:modified_time\" content=\"2025-12-18T08:10:46+00:00\" \/>\n<meta property=\"og:image\" content=\"https:\/\/monti.lt\/wp-content\/uploads\/2025\/02\/8439-DJ09002-spalvos-6-put-zymekliai.jpg\" \/>\n\t<meta property=\"og:image:width\" content=\"800\" \/>\n\t<meta property=\"og:image:height\" content=\"800\" \/>\n\t<meta property=\"og:image:type\" content=\"image\/jpeg\" \/>\n<meta name=\"twitter:card\" content=\"summary_large_image\" \/>\n<meta name=\"twitter:label1\" content=\"Est. reading time\" \/>\n\t<meta name=\"twitter:data1\" content=\"1 minute\" \/>\n<script type=\"application\/ld+json\" class=\"yoast-schema-graph\">{\"@context\":\"https:\/\/schema.org\",\"@graph\":[{\"@type\":\"WebPage\",\"@id\":\"https:\/\/monti.lt\/product\/spalvos-6-putu-zymekliai-maziesiems\/\",\"url\":\"https:\/\/monti.lt\/product\/spalvos-6-putu-zymekliai-maziesiems\/\",\"name\":\"Spalvos - 6 put\u0173 \u017eymekliai ma\u017eiesiems - Montessori \u017eaislai\",\"isPartOf\":{\"@id\":\"https:\/\/monti.lt\/#website\"},\"primaryImageOfPage\":{\"@id\":\"https:\/\/monti.lt\/product\/spalvos-6-putu-zymekliai-maziesiems\/#primaryimage\"},\"image\":{\"@id\":\"https:\/\/monti.lt\/product\/spalvos-6-putu-zymekliai-maziesiems\/#primaryimage\"},\"thumbnailUrl\":\"https:\/\/monti.lt\/wp-content\/uploads\/2025\/02\/8439-DJ09002-spalvos-6-put-zymekliai.jpg\",\"datePublished\":\"2025-02-11T08:53:21+00:00\",\"dateModified\":\"2025-12-18T08:10:46+00:00\",\"breadcrumb\":{\"@id\":\"https:\/\/monti.lt\/product\/spalvos-6-putu-zymekliai-maziesiems\/#breadcrumb\"},\"inLanguage\":\"en-US\",\"potentialAction\":[{\"@type\":\"ReadAction\",\"target\":[\"https:\/\/monti.lt\/product\/spalvos-6-putu-zymekliai-maziesiems\/\"]}]},{\"@type\":\"ImageObject\",\"inLanguage\":\"en-US\",\"@id\":\"https:\/\/monti.lt\/product\/spalvos-6-putu-zymekliai-maziesiems\/#primaryimage\",\"url\":\"https:\/\/monti.lt\/wp-content\/uploads\/2025\/02\/8439-DJ09002-spalvos-6-put-zymekliai.jpg\",\"contentUrl\":\"https:\/\/monti.lt\/wp-content\/uploads\/2025\/02\/8439-DJ09002-spalvos-6-put-zymekliai.jpg\",\"width\":800,\"height\":800,\"caption\":\"djeco\"},{\"@type\":\"BreadcrumbList\",\"@id\":\"https:\/\/monti.lt\/product\/spalvos-6-putu-zymekliai-maziesiems\/#breadcrumb\",\"itemListElement\":[{\"@type\":\"ListItem\",\"position\":1,\"name\":\"Home\",\"item\":\"https:\/\/monti.lt\/\"},{\"@type\":\"ListItem\",\"position\":2,\"name\":\"Parduotuv\u0117\",\"item\":\"https:\/\/monti.lt\/shop\/\"},{\"@type\":\"ListItem\",\"position\":3,\"name\":\"Spalvos &#8211; 6 put\u0173 \u017eymekliai ma\u017eiesiems\"}]},{\"@type\":\"WebSite\",\"@id\":\"https:\/\/monti.lt\/#website\",\"url\":\"https:\/\/monti.lt\/\",\"name\":\"Montessori \u017eaislai\",\"description\":\"\",\"publisher\":{\"@id\":\"https:\/\/monti.lt\/#organization\"},\"potentialAction\":[{\"@type\":\"SearchAction\",\"target\":{\"@type\":\"EntryPoint\",\"urlTemplate\":\"https:\/\/monti.lt\/?s={search_term_string}\"},\"query-input\":\"required name=search_term_string\"}],\"inLanguage\":\"en-US\"},{\"@type\":\"Organization\",\"@id\":\"https:\/\/monti.lt\/#organization\",\"name\":\"Montessori \u017eaislai\",\"url\":\"https:\/\/monti.lt\/\",\"logo\":{\"@type\":\"ImageObject\",\"inLanguage\":\"en-US\",\"@id\":\"https:\/\/monti.lt\/#\/schema\/logo\/image\/\",\"url\":\"https:\/\/monti.lt\/wp-content\/uploads\/2022\/03\/montilogo-1.png\",\"contentUrl\":\"https:\/\/monti.lt\/wp-content\/uploads\/2022\/03\/montilogo-1.png\",\"width\":512,\"height\":512,\"caption\":\"Montessori \u017eaislai\"},\"image\":{\"@id\":\"https:\/\/monti.lt\/#\/schema\/logo\/image\/\"}}]}<\/script>\n<!-- \/ Yoast SEO plugin. -->","yoast_head_json":{"title":"Spalvos - 6 put\u0173 \u017eymekliai ma\u017eiesiems - Montessori \u017eaislai","robots":{"index":"index","follow":"follow","max-snippet":"max-snippet:-1","max-image-preview":"max-image-preview:large","max-video-preview":"max-video-preview:-1"},"canonical":"https:\/\/monti.lt\/en\/product\/spalvos-6-putu-zymekliai-maziesiems\/","og_locale":"en_US","og_type":"article","og_title":"Spalvos - 6 put\u0173 \u017eymekliai ma\u017eiesiems - Montessori \u017eaislai","og_description":"Specialiai sukurti pluo\u0161tiniai ra\u0161ikliai, puikiai tinkantys ma\u017eiems vaikams, kurie gal\u0117s spalvinti su ma\u017eos kempin\u0117s dozatoriumi. Rekomenduojamas am\u017eius: nuo 18 m\u0117nesi\u0173. Kilm\u0117s \u0161alis: K.L.R. Pagaminta pagal Pranc\u016bzijos dizain\u0105 ir u\u017esakym\u0105.","og_url":"https:\/\/monti.lt\/en\/product\/spalvos-6-putu-zymekliai-maziesiems\/","og_site_name":"Montessori \u017eaislai","article_modified_time":"2025-12-18T08:10:46+00:00","og_image":[{"width":800,"height":800,"url":"https:\/\/monti.lt\/wp-content\/uploads\/2025\/02\/8439-DJ09002-spalvos-6-put-zymekliai.jpg","type":"image\/jpeg"}],"twitter_card":"summary_large_image","twitter_misc":{"Est. reading time":"1 minute"},"schema":{"@context":"https:\/\/schema.org","@graph":[{"@type":"WebPage","@id":"https:\/\/monti.lt\/product\/spalvos-6-putu-zymekliai-maziesiems\/","url":"https:\/\/monti.lt\/product\/spalvos-6-putu-zymekliai-maziesiems\/","name":"Spalvos - 6 put\u0173 \u017eymekliai ma\u017eiesiems - Montessori \u017eaislai","isPartOf":{"@id":"https:\/\/monti.lt\/#website"},"primaryImageOfPage":{"@id":"https:\/\/monti.lt\/product\/spalvos-6-putu-zymekliai-maziesiems\/#primaryimage"},"image":{"@id":"https:\/\/monti.lt\/product\/spalvos-6-putu-zymekliai-maziesiems\/#primaryimage"},"thumbnailUrl":"https:\/\/monti.lt\/wp-content\/uploads\/2025\/02\/8439-DJ09002-spalvos-6-put-zymekliai.jpg","datePublished":"2025-02-11T08:53:21+00:00","dateModified":"2025-12-18T08:10:46+00:00","breadcrumb":{"@id":"https:\/\/monti.lt\/product\/spalvos-6-putu-zymekliai-maziesiems\/#breadcrumb"},"inLanguage":"en-US","potentialAction":[{"@type":"ReadAction","target":["https:\/\/monti.lt\/product\/spalvos-6-putu-zymekliai-maziesiems\/"]}]},{"@type":"ImageObject","inLanguage":"en-US","@id":"https:\/\/monti.lt\/product\/spalvos-6-putu-zymekliai-maziesiems\/#primaryimage","url":"https:\/\/monti.lt\/wp-content\/uploads\/2025\/02\/8439-DJ09002-spalvos-6-put-zymekliai.jpg","contentUrl":"https:\/\/monti.lt\/wp-content\/uploads\/2025\/02\/8439-DJ09002-spalvos-6-put-zymekliai.jpg","width":800,"height":800,"caption":"djeco"},{"@type":"BreadcrumbList","@id":"https:\/\/monti.lt\/product\/spalvos-6-putu-zymekliai-maziesiems\/#breadcrumb","itemListElement":[{"@type":"ListItem","position":1,"name":"Home","item":"https:\/\/monti.lt\/"},{"@type":"ListItem","position":2,"name":"Parduotuv\u0117","item":"https:\/\/monti.lt\/shop\/"},{"@type":"ListItem","position":3,"name":"Spalvos &#8211; 6 put\u0173 \u017eymekliai ma\u017eiesiems"}]},{"@type":"WebSite","@id":"https:\/\/monti.lt\/#website","url":"https:\/\/monti.lt\/","name":"Montessori \u017eaislai","description":"","publisher":{"@id":"https:\/\/monti.lt\/#organization"},"potentialAction":[{"@type":"SearchAction","target":{"@type":"EntryPoint","urlTemplate":"https:\/\/monti.lt\/?s={search_term_string}"},"query-input":"required name=search_term_string"}],"inLanguage":"en-US"},{"@type":"Organization","@id":"https:\/\/monti.lt\/#organization","name":"Montessori \u017eaislai","url":"https:\/\/monti.lt\/","logo":{"@type":"ImageObject","inLanguage":"en-US","@id":"https:\/\/monti.lt\/#\/schema\/logo\/image\/","url":"https:\/\/monti.lt\/wp-content\/uploads\/2022\/03\/montilogo-1.png","contentUrl":"https:\/\/monti.lt\/wp-content\/uploads\/2022\/03\/montilogo-1.png","width":512,"height":512,"caption":"Montessori \u017eaislai"},"image":{"@id":"https:\/\/monti.lt\/#\/schema\/logo\/image\/"}}]}},"_links":{"self":[{"href":"https:\/\/monti.lt\/en\/wp-json\/wp\/v2\/product\/30384"}],"collection":[{"href":"https:\/\/monti.lt\/en\/wp-json\/wp\/v2\/product"}],"about":[{"href":"https:\/\/monti.lt\/en\/wp-json\/wp\/v2\/types\/product"}],"version-history":[{"count":1,"href":"https:\/\/monti.lt\/en\/wp-json\/wp\/v2\/product\/30384\/revisions"}],"predecessor-version":[{"id":30389,"href":"https:\/\/monti.lt\/en\/wp-json\/wp\/v2\/product\/30384\/revisions\/30389"}],"wp:featuredmedia":[{"embeddable":true,"href":"https:\/\/monti.lt\/en\/wp-json\/wp\/v2\/media\/30385"}],"wp:attachment":[{"href":"https:\/\/monti.lt\/en\/wp-json\/wp\/v2\/media?parent=30384"}],"wp:term":[{"taxonomy":"product_cat","embeddable":true,"href":"https:\/\/monti.lt\/en\/wp-json\/wp\/v2\/product_cat?post=30384"},{"taxonomy":"product_tag","embeddable":true,"href":"https:\/\/monti.lt\/en\/wp-json\/wp\/v2\/product_tag?post=30384"}],"curies":[{"name":"wp","href":"https:\/\/api.w.org\/{rel}","templated":true}]}}