{"id":30390,"date":"2025-02-11T08:56:12","date_gmt":"2025-02-11T08:56:12","guid":{"rendered":"https:\/\/monti.lt\/?post_type=product&#038;p=30390"},"modified":"2026-02-24T10:37:06","modified_gmt":"2026-02-24T10:37:06","slug":"kortu-zaidimas-mazyliams-mazasis-mimas","status":"publish","type":"product","link":"https:\/\/monti.lt\/en\/product\/kortu-zaidimas-mazyliams-mazasis-mimas\/","title":{"rendered":"Kort\u0173 \u017eaidimas ma\u017eyliams &#8211; Ma\u017easis mimas"},"content":{"rendered":"<p>M\u0117gd\u017eiojimo ir bendradarbiavimo \u017eaidimas. Gyv\u016bn\u0173 ma\u017eyliai pasiklydo ir j\u016bs turite pad\u0117ti jiems sugr\u012f\u017eti \u012f namus. Nor\u0117dami jiems pad\u0117ti, \u017eaid\u0117jai turi elgtis kaip gyv\u016bn\u0173 mamos. \u017daid\u0117jai slapta pasirenka gyv\u016bn\u0105 i\u0161 stalo niekam nesakydami, kas tai per gyv\u016bnas, m\u0117gd\u017eioja jo skleid\u017eiamus garsus arba veiksmus, arba abu dalykus vienu metu. Kai kiti \u017eaid\u0117jai mano, kad \u017eino koks tai gyv\u016bnas, jie garsiai pasako jo pavadinim\u0105. Rekomenduojamas am\u017eius: nuo 2.5 iki 5 met\u0173. Kilm\u0117s \u0161alis: K.L.R. Pagaminta pagal Pranc\u016bzijos dizain\u0105 ir u\u017esakym\u0105.<\/p>","protected":false},"excerpt":{"rendered":"<p>M\u0117gd\u017eiojimo ir bendradarbiavimo \u017eaidimas. Gyv\u016bn\u0173 ma\u017eyliai pasiklydo ir j\u016bs turite pad\u0117ti jiems sugr\u012f\u017eti \u012f namus. Nor\u0117dami jiems pad\u0117ti, \u017eaid\u0117jai turi elgtis kaip gyv\u016bn\u0173 mamos. \u017daid\u0117jai slapta pasirenka gyv\u016bn\u0105 i\u0161 stalo niekam nesakydami, kas tai per gyv\u016bnas, m\u0117gd\u017eioja jo skleid\u017eiamus garsus arba veiksmus, arba abu dalykus vienu metu. Kai kiti \u017eaid\u0117jai mano, kad \u017eino koks tai [&hellip;]<\/p>","protected":false},"featured_media":30391,"template":"","meta":{"_acf_changed":false,"iawp_total_views":237},"product_cat":[218,252,84,242,93,49,39,201],"product_tag":[96,97,98],"class_list":{"0":"post-30390","1":"product","2":"type-product","3":"status-publish","4":"has-post-thumbnail","6":"product_cat-darzeliu-grupems","7":"product_cat-djeco","8":"product_cat-lavinamieji-zaislai","9":"product_cat-pagal-gamintoja","10":"product_cat-vaidmenu-zaidimai","11":"product_cat-visi-zaislai","12":"product_cat-zaislai","13":"product_cat-zaislai-kelioneje","14":"product_tag-2-m-3-m","15":"product_tag-3-m-4-m","16":"product_tag-5-m-7-m","18":"first","19":"outofstock","20":"sale","21":"taxable","22":"shipping-taxable","23":"purchasable","24":"product-type-simple"},"acf":[],"yoast_head":"<!-- This site is optimized with the Yoast SEO plugin v23.3 - https:\/\/yoast.com\/wordpress\/plugins\/seo\/ -->\n<title>Kort\u0173 \u017eaidimas ma\u017eyliams - Ma\u017easis mimas - Montessori \u017eaislai<\/title>\n<meta name=\"robots\" content=\"index, follow, max-snippet:-1, max-image-preview:large, max-video-preview:-1\" \/>\n<link rel=\"canonical\" href=\"https:\/\/monti.lt\/en\/product\/kortu-zaidimas-mazyliams-mazasis-mimas\/\" \/>\n<meta property=\"og:locale\" content=\"en_US\" \/>\n<meta property=\"og:type\" content=\"article\" \/>\n<meta property=\"og:title\" content=\"Kort\u0173 \u017eaidimas ma\u017eyliams - Ma\u017easis mimas - Montessori \u017eaislai\" \/>\n<meta property=\"og:description\" content=\"M\u0117gd\u017eiojimo ir bendradarbiavimo \u017eaidimas. Gyv\u016bn\u0173 ma\u017eyliai pasiklydo ir j\u016bs turite pad\u0117ti jiems sugr\u012f\u017eti \u012f namus. Nor\u0117dami jiems pad\u0117ti, \u017eaid\u0117jai turi elgtis kaip gyv\u016bn\u0173 mamos. \u017daid\u0117jai slapta pasirenka gyv\u016bn\u0105 i\u0161 stalo niekam nesakydami, kas tai per gyv\u016bnas, m\u0117gd\u017eioja jo skleid\u017eiamus garsus arba veiksmus, arba abu dalykus vienu metu. Kai kiti \u017eaid\u0117jai mano, kad \u017eino koks tai [&hellip;]\" \/>\n<meta property=\"og:url\" content=\"https:\/\/monti.lt\/en\/product\/kortu-zaidimas-mazyliams-mazasis-mimas\/\" \/>\n<meta property=\"og:site_name\" content=\"Montessori \u017eaislai\" \/>\n<meta property=\"article:modified_time\" content=\"2026-02-24T10:37:06+00:00\" \/>\n<meta property=\"og:image\" content=\"https:\/\/monti.lt\/wp-content\/uploads\/2025\/02\/9179-DJ05063-kort-zaidimas-mazyliams-mazasis-mimas.jpg\" \/>\n\t<meta property=\"og:image:width\" content=\"600\" \/>\n\t<meta property=\"og:image:height\" content=\"600\" \/>\n\t<meta property=\"og:image:type\" content=\"image\/jpeg\" \/>\n<meta name=\"twitter:card\" content=\"summary_large_image\" \/>\n<meta name=\"twitter:label1\" content=\"Est. reading time\" \/>\n\t<meta name=\"twitter:data1\" content=\"1 minute\" \/>\n<script type=\"application\/ld+json\" class=\"yoast-schema-graph\">{\"@context\":\"https:\/\/schema.org\",\"@graph\":[{\"@type\":\"WebPage\",\"@id\":\"https:\/\/monti.lt\/product\/kortu-zaidimas-mazyliams-mazasis-mimas\/\",\"url\":\"https:\/\/monti.lt\/product\/kortu-zaidimas-mazyliams-mazasis-mimas\/\",\"name\":\"Kort\u0173 \u017eaidimas ma\u017eyliams - Ma\u017easis mimas - Montessori \u017eaislai\",\"isPartOf\":{\"@id\":\"https:\/\/monti.lt\/#website\"},\"primaryImageOfPage\":{\"@id\":\"https:\/\/monti.lt\/product\/kortu-zaidimas-mazyliams-mazasis-mimas\/#primaryimage\"},\"image\":{\"@id\":\"https:\/\/monti.lt\/product\/kortu-zaidimas-mazyliams-mazasis-mimas\/#primaryimage\"},\"thumbnailUrl\":\"https:\/\/monti.lt\/wp-content\/uploads\/2025\/02\/9179-DJ05063-kort-zaidimas-mazyliams-mazasis-mimas.jpg\",\"datePublished\":\"2025-02-11T08:56:12+00:00\",\"dateModified\":\"2026-02-24T10:37:06+00:00\",\"breadcrumb\":{\"@id\":\"https:\/\/monti.lt\/product\/kortu-zaidimas-mazyliams-mazasis-mimas\/#breadcrumb\"},\"inLanguage\":\"en-US\",\"potentialAction\":[{\"@type\":\"ReadAction\",\"target\":[\"https:\/\/monti.lt\/product\/kortu-zaidimas-mazyliams-mazasis-mimas\/\"]}]},{\"@type\":\"ImageObject\",\"inLanguage\":\"en-US\",\"@id\":\"https:\/\/monti.lt\/product\/kortu-zaidimas-mazyliams-mazasis-mimas\/#primaryimage\",\"url\":\"https:\/\/monti.lt\/wp-content\/uploads\/2025\/02\/9179-DJ05063-kort-zaidimas-mazyliams-mazasis-mimas.jpg\",\"contentUrl\":\"https:\/\/monti.lt\/wp-content\/uploads\/2025\/02\/9179-DJ05063-kort-zaidimas-mazyliams-mazasis-mimas.jpg\",\"width\":600,\"height\":600,\"caption\":\"djeco\"},{\"@type\":\"BreadcrumbList\",\"@id\":\"https:\/\/monti.lt\/product\/kortu-zaidimas-mazyliams-mazasis-mimas\/#breadcrumb\",\"itemListElement\":[{\"@type\":\"ListItem\",\"position\":1,\"name\":\"Home\",\"item\":\"https:\/\/monti.lt\/\"},{\"@type\":\"ListItem\",\"position\":2,\"name\":\"Parduotuv\u0117\",\"item\":\"https:\/\/monti.lt\/shop\/\"},{\"@type\":\"ListItem\",\"position\":3,\"name\":\"Kort\u0173 \u017eaidimas ma\u017eyliams &#8211; Ma\u017easis mimas\"}]},{\"@type\":\"WebSite\",\"@id\":\"https:\/\/monti.lt\/#website\",\"url\":\"https:\/\/monti.lt\/\",\"name\":\"Montessori \u017eaislai\",\"description\":\"\",\"publisher\":{\"@id\":\"https:\/\/monti.lt\/#organization\"},\"potentialAction\":[{\"@type\":\"SearchAction\",\"target\":{\"@type\":\"EntryPoint\",\"urlTemplate\":\"https:\/\/monti.lt\/?s={search_term_string}\"},\"query-input\":\"required name=search_term_string\"}],\"inLanguage\":\"en-US\"},{\"@type\":\"Organization\",\"@id\":\"https:\/\/monti.lt\/#organization\",\"name\":\"Montessori \u017eaislai\",\"url\":\"https:\/\/monti.lt\/\",\"logo\":{\"@type\":\"ImageObject\",\"inLanguage\":\"en-US\",\"@id\":\"https:\/\/monti.lt\/#\/schema\/logo\/image\/\",\"url\":\"https:\/\/monti.lt\/wp-content\/uploads\/2022\/03\/montilogo-1.png\",\"contentUrl\":\"https:\/\/monti.lt\/wp-content\/uploads\/2022\/03\/montilogo-1.png\",\"width\":512,\"height\":512,\"caption\":\"Montessori \u017eaislai\"},\"image\":{\"@id\":\"https:\/\/monti.lt\/#\/schema\/logo\/image\/\"}}]}<\/script>\n<!-- \/ Yoast SEO plugin. -->","yoast_head_json":{"title":"Kort\u0173 \u017eaidimas ma\u017eyliams - Ma\u017easis mimas - Montessori \u017eaislai","robots":{"index":"index","follow":"follow","max-snippet":"max-snippet:-1","max-image-preview":"max-image-preview:large","max-video-preview":"max-video-preview:-1"},"canonical":"https:\/\/monti.lt\/en\/product\/kortu-zaidimas-mazyliams-mazasis-mimas\/","og_locale":"en_US","og_type":"article","og_title":"Kort\u0173 \u017eaidimas ma\u017eyliams - Ma\u017easis mimas - Montessori \u017eaislai","og_description":"M\u0117gd\u017eiojimo ir bendradarbiavimo \u017eaidimas. Gyv\u016bn\u0173 ma\u017eyliai pasiklydo ir j\u016bs turite pad\u0117ti jiems sugr\u012f\u017eti \u012f namus. Nor\u0117dami jiems pad\u0117ti, \u017eaid\u0117jai turi elgtis kaip gyv\u016bn\u0173 mamos. \u017daid\u0117jai slapta pasirenka gyv\u016bn\u0105 i\u0161 stalo niekam nesakydami, kas tai per gyv\u016bnas, m\u0117gd\u017eioja jo skleid\u017eiamus garsus arba veiksmus, arba abu dalykus vienu metu. Kai kiti \u017eaid\u0117jai mano, kad \u017eino koks tai [&hellip;]","og_url":"https:\/\/monti.lt\/en\/product\/kortu-zaidimas-mazyliams-mazasis-mimas\/","og_site_name":"Montessori \u017eaislai","article_modified_time":"2026-02-24T10:37:06+00:00","og_image":[{"width":600,"height":600,"url":"https:\/\/monti.lt\/wp-content\/uploads\/2025\/02\/9179-DJ05063-kort-zaidimas-mazyliams-mazasis-mimas.jpg","type":"image\/jpeg"}],"twitter_card":"summary_large_image","twitter_misc":{"Est. reading time":"1 minute"},"schema":{"@context":"https:\/\/schema.org","@graph":[{"@type":"WebPage","@id":"https:\/\/monti.lt\/product\/kortu-zaidimas-mazyliams-mazasis-mimas\/","url":"https:\/\/monti.lt\/product\/kortu-zaidimas-mazyliams-mazasis-mimas\/","name":"Kort\u0173 \u017eaidimas ma\u017eyliams - Ma\u017easis mimas - Montessori \u017eaislai","isPartOf":{"@id":"https:\/\/monti.lt\/#website"},"primaryImageOfPage":{"@id":"https:\/\/monti.lt\/product\/kortu-zaidimas-mazyliams-mazasis-mimas\/#primaryimage"},"image":{"@id":"https:\/\/monti.lt\/product\/kortu-zaidimas-mazyliams-mazasis-mimas\/#primaryimage"},"thumbnailUrl":"https:\/\/monti.lt\/wp-content\/uploads\/2025\/02\/9179-DJ05063-kort-zaidimas-mazyliams-mazasis-mimas.jpg","datePublished":"2025-02-11T08:56:12+00:00","dateModified":"2026-02-24T10:37:06+00:00","breadcrumb":{"@id":"https:\/\/monti.lt\/product\/kortu-zaidimas-mazyliams-mazasis-mimas\/#breadcrumb"},"inLanguage":"en-US","potentialAction":[{"@type":"ReadAction","target":["https:\/\/monti.lt\/product\/kortu-zaidimas-mazyliams-mazasis-mimas\/"]}]},{"@type":"ImageObject","inLanguage":"en-US","@id":"https:\/\/monti.lt\/product\/kortu-zaidimas-mazyliams-mazasis-mimas\/#primaryimage","url":"https:\/\/monti.lt\/wp-content\/uploads\/2025\/02\/9179-DJ05063-kort-zaidimas-mazyliams-mazasis-mimas.jpg","contentUrl":"https:\/\/monti.lt\/wp-content\/uploads\/2025\/02\/9179-DJ05063-kort-zaidimas-mazyliams-mazasis-mimas.jpg","width":600,"height":600,"caption":"djeco"},{"@type":"BreadcrumbList","@id":"https:\/\/monti.lt\/product\/kortu-zaidimas-mazyliams-mazasis-mimas\/#breadcrumb","itemListElement":[{"@type":"ListItem","position":1,"name":"Home","item":"https:\/\/monti.lt\/"},{"@type":"ListItem","position":2,"name":"Parduotuv\u0117","item":"https:\/\/monti.lt\/shop\/"},{"@type":"ListItem","position":3,"name":"Kort\u0173 \u017eaidimas ma\u017eyliams &#8211; Ma\u017easis mimas"}]},{"@type":"WebSite","@id":"https:\/\/monti.lt\/#website","url":"https:\/\/monti.lt\/","name":"Montessori \u017eaislai","description":"","publisher":{"@id":"https:\/\/monti.lt\/#organization"},"potentialAction":[{"@type":"SearchAction","target":{"@type":"EntryPoint","urlTemplate":"https:\/\/monti.lt\/?s={search_term_string}"},"query-input":"required name=search_term_string"}],"inLanguage":"en-US"},{"@type":"Organization","@id":"https:\/\/monti.lt\/#organization","name":"Montessori \u017eaislai","url":"https:\/\/monti.lt\/","logo":{"@type":"ImageObject","inLanguage":"en-US","@id":"https:\/\/monti.lt\/#\/schema\/logo\/image\/","url":"https:\/\/monti.lt\/wp-content\/uploads\/2022\/03\/montilogo-1.png","contentUrl":"https:\/\/monti.lt\/wp-content\/uploads\/2022\/03\/montilogo-1.png","width":512,"height":512,"caption":"Montessori \u017eaislai"},"image":{"@id":"https:\/\/monti.lt\/#\/schema\/logo\/image\/"}}]}},"_links":{"self":[{"href":"https:\/\/monti.lt\/en\/wp-json\/wp\/v2\/product\/30390"}],"collection":[{"href":"https:\/\/monti.lt\/en\/wp-json\/wp\/v2\/product"}],"about":[{"href":"https:\/\/monti.lt\/en\/wp-json\/wp\/v2\/types\/product"}],"version-history":[{"count":1,"href":"https:\/\/monti.lt\/en\/wp-json\/wp\/v2\/product\/30390\/revisions"}],"predecessor-version":[{"id":30394,"href":"https:\/\/monti.lt\/en\/wp-json\/wp\/v2\/product\/30390\/revisions\/30394"}],"wp:featuredmedia":[{"embeddable":true,"href":"https:\/\/monti.lt\/en\/wp-json\/wp\/v2\/media\/30391"}],"wp:attachment":[{"href":"https:\/\/monti.lt\/en\/wp-json\/wp\/v2\/media?parent=30390"}],"wp:term":[{"taxonomy":"product_cat","embeddable":true,"href":"https:\/\/monti.lt\/en\/wp-json\/wp\/v2\/product_cat?post=30390"},{"taxonomy":"product_tag","embeddable":true,"href":"https:\/\/monti.lt\/en\/wp-json\/wp\/v2\/product_tag?post=30390"}],"curies":[{"name":"wp","href":"https:\/\/api.w.org\/{rel}","templated":true}]}}