{"id":30406,"date":"2025-02-11T11:22:05","date_gmt":"2025-02-11T11:22:05","guid":{"rendered":"https:\/\/monti.lt\/?post_type=product&#038;p=30406"},"modified":"2025-12-06T14:50:39","modified_gmt":"2025-12-06T14:50:39","slug":"delione-automobiliu-ralis-54-detaliu","status":"publish","type":"product","link":"https:\/\/monti.lt\/en\/product\/delione-automobiliu-ralis-54-detaliu\/","title":{"rendered":"D\u0117lion\u0117 &#8211; Automobili\u0173 ralis (54 detali\u0173)"},"content":{"rendered":"<p>Nuostabiai iliustruota d\u0117lion\u0117 (61&#215;38 cm). Sud\u0117k d\u0117lion\u0119 ir surask, kur slepiasi daiktai, pavaizduoti d\u0117lion\u0117s kra\u0161tuose. D\u0117lion\u0117 lavina pastabum\u0105, moko sutelkti d\u0117mes\u012f ilgesniam laikui. D\u0117lion\u0117 padeda ugdyti kantryb\u0119 ir susikaupim\u0105. Komplekte prid\u0117tas realaus dyd\u017eio d\u0117lion\u0117s plakatas. Rekomenduojamas am\u017eius: nuo 4 met\u0173. D\u0117mesio! Netinka vaikams iki 3 met\u0173, d\u0117l smulki\u0173 detali\u0173 yra pavojus u\u017espringti. Kilm\u0117s \u0161alis: Ispanija. Pagaminta pagal Pranc\u016bzijos dizain\u0105 ir u\u017esakym\u0105.<\/p>","protected":false},"excerpt":{"rendered":"<p>Nuostabiai iliustruota d\u0117lion\u0117 (61&#215;38 cm). Sud\u0117k d\u0117lion\u0119 ir surask, kur slepiasi daiktai, pavaizduoti d\u0117lion\u0117s kra\u0161tuose. D\u0117lion\u0117 lavina pastabum\u0105, moko sutelkti d\u0117mes\u012f ilgesniam laikui. D\u0117lion\u0117 padeda ugdyti kantryb\u0119 ir susikaupim\u0105. Komplekte prid\u0117tas realaus dyd\u017eio d\u0117lion\u0117s plakatas. Rekomenduojamas am\u017eius: nuo 4 met\u0173. D\u0117mesio! Netinka vaikams iki 3 met\u0173, d\u0117l smulki\u0173 detali\u0173 yra pavojus u\u017espringti. Kilm\u0117s \u0161alis: Ispanija. [&hellip;]<\/p>","protected":false},"featured_media":30407,"template":"","meta":{"_acf_changed":false,"iawp_total_views":90},"product_cat":[92,208,252,84,49,39],"product_tag":[97,98],"class_list":{"0":"post-30406","1":"product","2":"type-product","3":"status-publish","4":"has-post-thumbnail","6":"product_cat-deliones","7":"product_cat-deliones-2","8":"product_cat-djeco","9":"product_cat-lavinamieji-zaislai","10":"product_cat-visi-zaislai","11":"product_cat-zaislai","12":"product_tag-3-m-4-m","13":"product_tag-5-m-7-m","15":"first","16":"outofstock","17":"taxable","18":"shipping-taxable","19":"purchasable","20":"product-type-simple"},"acf":[],"yoast_head":"<!-- This site is optimized with the Yoast SEO plugin v23.3 - https:\/\/yoast.com\/wordpress\/plugins\/seo\/ -->\n<title>D\u0117lion\u0117 - Automobili\u0173 ralis (54 detali\u0173) - Montessori \u017eaislai<\/title>\n<meta name=\"robots\" content=\"index, follow, max-snippet:-1, max-image-preview:large, max-video-preview:-1\" \/>\n<link rel=\"canonical\" href=\"https:\/\/monti.lt\/en\/product\/delione-automobiliu-ralis-54-detaliu\/\" \/>\n<meta property=\"og:locale\" content=\"en_US\" \/>\n<meta property=\"og:type\" content=\"article\" \/>\n<meta property=\"og:title\" content=\"D\u0117lion\u0117 - Automobili\u0173 ralis (54 detali\u0173) - Montessori \u017eaislai\" \/>\n<meta property=\"og:description\" content=\"Nuostabiai iliustruota d\u0117lion\u0117 (61&#215;38 cm). Sud\u0117k d\u0117lion\u0119 ir surask, kur slepiasi daiktai, pavaizduoti d\u0117lion\u0117s kra\u0161tuose. D\u0117lion\u0117 lavina pastabum\u0105, moko sutelkti d\u0117mes\u012f ilgesniam laikui. D\u0117lion\u0117 padeda ugdyti kantryb\u0119 ir susikaupim\u0105. Komplekte prid\u0117tas realaus dyd\u017eio d\u0117lion\u0117s plakatas. Rekomenduojamas am\u017eius: nuo 4 met\u0173. D\u0117mesio! Netinka vaikams iki 3 met\u0173, d\u0117l smulki\u0173 detali\u0173 yra pavojus u\u017espringti. Kilm\u0117s \u0161alis: Ispanija. [&hellip;]\" \/>\n<meta property=\"og:url\" content=\"https:\/\/monti.lt\/en\/product\/delione-automobiliu-ralis-54-detaliu\/\" \/>\n<meta property=\"og:site_name\" content=\"Montessori \u017eaislai\" \/>\n<meta property=\"article:modified_time\" content=\"2025-12-06T14:50:39+00:00\" \/>\n<meta property=\"og:image\" content=\"https:\/\/monti.lt\/wp-content\/uploads\/2025\/02\/9244-DJ07564-delione-automobili-ralis-54-detali.jpg\" \/>\n\t<meta property=\"og:image:width\" content=\"800\" \/>\n\t<meta property=\"og:image:height\" content=\"800\" \/>\n\t<meta property=\"og:image:type\" content=\"image\/jpeg\" \/>\n<meta name=\"twitter:card\" content=\"summary_large_image\" \/>\n<meta name=\"twitter:label1\" content=\"Est. reading time\" \/>\n\t<meta name=\"twitter:data1\" content=\"1 minute\" \/>\n<script type=\"application\/ld+json\" class=\"yoast-schema-graph\">{\"@context\":\"https:\/\/schema.org\",\"@graph\":[{\"@type\":\"WebPage\",\"@id\":\"https:\/\/monti.lt\/product\/delione-automobiliu-ralis-54-detaliu\/\",\"url\":\"https:\/\/monti.lt\/product\/delione-automobiliu-ralis-54-detaliu\/\",\"name\":\"D\u0117lion\u0117 - Automobili\u0173 ralis (54 detali\u0173) - Montessori \u017eaislai\",\"isPartOf\":{\"@id\":\"https:\/\/monti.lt\/#website\"},\"primaryImageOfPage\":{\"@id\":\"https:\/\/monti.lt\/product\/delione-automobiliu-ralis-54-detaliu\/#primaryimage\"},\"image\":{\"@id\":\"https:\/\/monti.lt\/product\/delione-automobiliu-ralis-54-detaliu\/#primaryimage\"},\"thumbnailUrl\":\"https:\/\/monti.lt\/wp-content\/uploads\/2025\/02\/9244-DJ07564-delione-automobili-ralis-54-detali.jpg\",\"datePublished\":\"2025-02-11T11:22:05+00:00\",\"dateModified\":\"2025-12-06T14:50:39+00:00\",\"breadcrumb\":{\"@id\":\"https:\/\/monti.lt\/product\/delione-automobiliu-ralis-54-detaliu\/#breadcrumb\"},\"inLanguage\":\"en-US\",\"potentialAction\":[{\"@type\":\"ReadAction\",\"target\":[\"https:\/\/monti.lt\/product\/delione-automobiliu-ralis-54-detaliu\/\"]}]},{\"@type\":\"ImageObject\",\"inLanguage\":\"en-US\",\"@id\":\"https:\/\/monti.lt\/product\/delione-automobiliu-ralis-54-detaliu\/#primaryimage\",\"url\":\"https:\/\/monti.lt\/wp-content\/uploads\/2025\/02\/9244-DJ07564-delione-automobili-ralis-54-detali.jpg\",\"contentUrl\":\"https:\/\/monti.lt\/wp-content\/uploads\/2025\/02\/9244-DJ07564-delione-automobili-ralis-54-detali.jpg\",\"width\":800,\"height\":800,\"caption\":\"djeco\"},{\"@type\":\"BreadcrumbList\",\"@id\":\"https:\/\/monti.lt\/product\/delione-automobiliu-ralis-54-detaliu\/#breadcrumb\",\"itemListElement\":[{\"@type\":\"ListItem\",\"position\":1,\"name\":\"Home\",\"item\":\"https:\/\/monti.lt\/\"},{\"@type\":\"ListItem\",\"position\":2,\"name\":\"Parduotuv\u0117\",\"item\":\"https:\/\/monti.lt\/shop\/\"},{\"@type\":\"ListItem\",\"position\":3,\"name\":\"D\u0117lion\u0117 &#8211; Automobili\u0173 ralis (54 detali\u0173)\"}]},{\"@type\":\"WebSite\",\"@id\":\"https:\/\/monti.lt\/#website\",\"url\":\"https:\/\/monti.lt\/\",\"name\":\"Montessori \u017eaislai\",\"description\":\"\",\"publisher\":{\"@id\":\"https:\/\/monti.lt\/#organization\"},\"potentialAction\":[{\"@type\":\"SearchAction\",\"target\":{\"@type\":\"EntryPoint\",\"urlTemplate\":\"https:\/\/monti.lt\/?s={search_term_string}\"},\"query-input\":\"required name=search_term_string\"}],\"inLanguage\":\"en-US\"},{\"@type\":\"Organization\",\"@id\":\"https:\/\/monti.lt\/#organization\",\"name\":\"Montessori \u017eaislai\",\"url\":\"https:\/\/monti.lt\/\",\"logo\":{\"@type\":\"ImageObject\",\"inLanguage\":\"en-US\",\"@id\":\"https:\/\/monti.lt\/#\/schema\/logo\/image\/\",\"url\":\"https:\/\/monti.lt\/wp-content\/uploads\/2022\/03\/montilogo-1.png\",\"contentUrl\":\"https:\/\/monti.lt\/wp-content\/uploads\/2022\/03\/montilogo-1.png\",\"width\":512,\"height\":512,\"caption\":\"Montessori \u017eaislai\"},\"image\":{\"@id\":\"https:\/\/monti.lt\/#\/schema\/logo\/image\/\"}}]}<\/script>\n<!-- \/ Yoast SEO plugin. -->","yoast_head_json":{"title":"D\u0117lion\u0117 - Automobili\u0173 ralis (54 detali\u0173) - Montessori \u017eaislai","robots":{"index":"index","follow":"follow","max-snippet":"max-snippet:-1","max-image-preview":"max-image-preview:large","max-video-preview":"max-video-preview:-1"},"canonical":"https:\/\/monti.lt\/en\/product\/delione-automobiliu-ralis-54-detaliu\/","og_locale":"en_US","og_type":"article","og_title":"D\u0117lion\u0117 - Automobili\u0173 ralis (54 detali\u0173) - Montessori \u017eaislai","og_description":"Nuostabiai iliustruota d\u0117lion\u0117 (61&#215;38 cm). Sud\u0117k d\u0117lion\u0119 ir surask, kur slepiasi daiktai, pavaizduoti d\u0117lion\u0117s kra\u0161tuose. D\u0117lion\u0117 lavina pastabum\u0105, moko sutelkti d\u0117mes\u012f ilgesniam laikui. D\u0117lion\u0117 padeda ugdyti kantryb\u0119 ir susikaupim\u0105. Komplekte prid\u0117tas realaus dyd\u017eio d\u0117lion\u0117s plakatas. Rekomenduojamas am\u017eius: nuo 4 met\u0173. D\u0117mesio! Netinka vaikams iki 3 met\u0173, d\u0117l smulki\u0173 detali\u0173 yra pavojus u\u017espringti. Kilm\u0117s \u0161alis: Ispanija. [&hellip;]","og_url":"https:\/\/monti.lt\/en\/product\/delione-automobiliu-ralis-54-detaliu\/","og_site_name":"Montessori \u017eaislai","article_modified_time":"2025-12-06T14:50:39+00:00","og_image":[{"width":800,"height":800,"url":"https:\/\/monti.lt\/wp-content\/uploads\/2025\/02\/9244-DJ07564-delione-automobili-ralis-54-detali.jpg","type":"image\/jpeg"}],"twitter_card":"summary_large_image","twitter_misc":{"Est. reading time":"1 minute"},"schema":{"@context":"https:\/\/schema.org","@graph":[{"@type":"WebPage","@id":"https:\/\/monti.lt\/product\/delione-automobiliu-ralis-54-detaliu\/","url":"https:\/\/monti.lt\/product\/delione-automobiliu-ralis-54-detaliu\/","name":"D\u0117lion\u0117 - Automobili\u0173 ralis (54 detali\u0173) - Montessori \u017eaislai","isPartOf":{"@id":"https:\/\/monti.lt\/#website"},"primaryImageOfPage":{"@id":"https:\/\/monti.lt\/product\/delione-automobiliu-ralis-54-detaliu\/#primaryimage"},"image":{"@id":"https:\/\/monti.lt\/product\/delione-automobiliu-ralis-54-detaliu\/#primaryimage"},"thumbnailUrl":"https:\/\/monti.lt\/wp-content\/uploads\/2025\/02\/9244-DJ07564-delione-automobili-ralis-54-detali.jpg","datePublished":"2025-02-11T11:22:05+00:00","dateModified":"2025-12-06T14:50:39+00:00","breadcrumb":{"@id":"https:\/\/monti.lt\/product\/delione-automobiliu-ralis-54-detaliu\/#breadcrumb"},"inLanguage":"en-US","potentialAction":[{"@type":"ReadAction","target":["https:\/\/monti.lt\/product\/delione-automobiliu-ralis-54-detaliu\/"]}]},{"@type":"ImageObject","inLanguage":"en-US","@id":"https:\/\/monti.lt\/product\/delione-automobiliu-ralis-54-detaliu\/#primaryimage","url":"https:\/\/monti.lt\/wp-content\/uploads\/2025\/02\/9244-DJ07564-delione-automobili-ralis-54-detali.jpg","contentUrl":"https:\/\/monti.lt\/wp-content\/uploads\/2025\/02\/9244-DJ07564-delione-automobili-ralis-54-detali.jpg","width":800,"height":800,"caption":"djeco"},{"@type":"BreadcrumbList","@id":"https:\/\/monti.lt\/product\/delione-automobiliu-ralis-54-detaliu\/#breadcrumb","itemListElement":[{"@type":"ListItem","position":1,"name":"Home","item":"https:\/\/monti.lt\/"},{"@type":"ListItem","position":2,"name":"Parduotuv\u0117","item":"https:\/\/monti.lt\/shop\/"},{"@type":"ListItem","position":3,"name":"D\u0117lion\u0117 &#8211; Automobili\u0173 ralis (54 detali\u0173)"}]},{"@type":"WebSite","@id":"https:\/\/monti.lt\/#website","url":"https:\/\/monti.lt\/","name":"Montessori \u017eaislai","description":"","publisher":{"@id":"https:\/\/monti.lt\/#organization"},"potentialAction":[{"@type":"SearchAction","target":{"@type":"EntryPoint","urlTemplate":"https:\/\/monti.lt\/?s={search_term_string}"},"query-input":"required name=search_term_string"}],"inLanguage":"en-US"},{"@type":"Organization","@id":"https:\/\/monti.lt\/#organization","name":"Montessori \u017eaislai","url":"https:\/\/monti.lt\/","logo":{"@type":"ImageObject","inLanguage":"en-US","@id":"https:\/\/monti.lt\/#\/schema\/logo\/image\/","url":"https:\/\/monti.lt\/wp-content\/uploads\/2022\/03\/montilogo-1.png","contentUrl":"https:\/\/monti.lt\/wp-content\/uploads\/2022\/03\/montilogo-1.png","width":512,"height":512,"caption":"Montessori \u017eaislai"},"image":{"@id":"https:\/\/monti.lt\/#\/schema\/logo\/image\/"}}]}},"_links":{"self":[{"href":"https:\/\/monti.lt\/en\/wp-json\/wp\/v2\/product\/30406"}],"collection":[{"href":"https:\/\/monti.lt\/en\/wp-json\/wp\/v2\/product"}],"about":[{"href":"https:\/\/monti.lt\/en\/wp-json\/wp\/v2\/types\/product"}],"version-history":[{"count":1,"href":"https:\/\/monti.lt\/en\/wp-json\/wp\/v2\/product\/30406\/revisions"}],"predecessor-version":[{"id":30412,"href":"https:\/\/monti.lt\/en\/wp-json\/wp\/v2\/product\/30406\/revisions\/30412"}],"wp:featuredmedia":[{"embeddable":true,"href":"https:\/\/monti.lt\/en\/wp-json\/wp\/v2\/media\/30407"}],"wp:attachment":[{"href":"https:\/\/monti.lt\/en\/wp-json\/wp\/v2\/media?parent=30406"}],"wp:term":[{"taxonomy":"product_cat","embeddable":true,"href":"https:\/\/monti.lt\/en\/wp-json\/wp\/v2\/product_cat?post=30406"},{"taxonomy":"product_tag","embeddable":true,"href":"https:\/\/monti.lt\/en\/wp-json\/wp\/v2\/product_tag?post=30406"}],"curies":[{"name":"wp","href":"https:\/\/api.w.org\/{rel}","templated":true}]}}