{"id":30413,"date":"2025-02-11T11:26:17","date_gmt":"2025-02-11T11:26:17","guid":{"rendered":"https:\/\/monti.lt\/?post_type=product&#038;p=30413"},"modified":"2025-12-10T06:42:26","modified_gmt":"2025-12-10T06:42:26","slug":"pasidaryk-pats-kaleidoskopas-panirti-i-kosmosa","status":"publish","type":"product","link":"https:\/\/monti.lt\/en\/product\/pasidaryk-pats-kaleidoskopas-panirti-i-kosmosa\/","title":{"rendered":"Pasidaryk pats &#8211; Kaleidoskopas &#8211; Panirti \u012f kosmos\u0105"},"content":{"rendered":"<p>Pasidaryk savo kaleidoskop\u0105! \u0160ios priemon\u0117s suteikia vaikams galimyb\u0119 eksperimentuoti su \u012fvairiais kosmin\u0117s erdv\u0117s modeli\u0173 deriniais (\u012f rinkin\u012f \u012feina tamsoje \u0161vytin\u010dios \u017evaig\u017edut\u0117s, blizgan\u010dios brangakmeni\u0173 imitacijos, spalvoti karoliukai, iliustruoti acetato diskai su planet\u0173, raket\u0173 ir kitomis iliustracijomis). Rekomenduojamas am\u017eius: nuo 7 met\u0173. D\u0117mesio! Netinka vaikams iki 3 met\u0173, d\u0117l smulki\u0173 detali\u0173 yra pavojus u\u017espringti. Kilm\u0117s \u0161alis: K.L.R. Pagaminta pagal Pranc\u016bzijos dizain\u0105 ir u\u017esakym\u0105.<\/p>","protected":false},"excerpt":{"rendered":"<p>Pasidaryk savo kaleidoskop\u0105! \u0160ios priemon\u0117s suteikia vaikams galimyb\u0119 eksperimentuoti su \u012fvairiais kosmin\u0117s erdv\u0117s modeli\u0173 deriniais (\u012f rinkin\u012f \u012feina tamsoje \u0161vytin\u010dios \u017evaig\u017edut\u0117s, blizgan\u010dios brangakmeni\u0173 imitacijos, spalvoti karoliukai, iliustruoti acetato diskai su planet\u0173, raket\u0173 ir kitomis iliustracijomis). Rekomenduojamas am\u017eius: nuo 7 met\u0173. D\u0117mesio! Netinka vaikams iki 3 met\u0173, d\u0117l smulki\u0173 detali\u0173 yra pavojus u\u017espringti. Kilm\u0117s \u0161alis: K.L.R. [&hellip;]<\/p>","protected":false},"featured_media":30414,"template":"","meta":{"_acf_changed":false,"iawp_total_views":75},"product_cat":[252,217,87,84,49,39],"product_tag":[98,99],"class_list":{"0":"post-30413","1":"product","2":"type-product","3":"status-publish","4":"has-post-thumbnail","6":"product_cat-djeco","7":"product_cat-dovanos-5-7-metu-vaikams","8":"product_cat-kurybiniai-rinkiniai","9":"product_cat-lavinamieji-zaislai","10":"product_cat-visi-zaislai","11":"product_cat-zaislai","12":"product_tag-5-m-7-m","13":"product_tag-8-m-11-m","15":"first","16":"outofstock","17":"sale","18":"taxable","19":"shipping-taxable","20":"purchasable","21":"product-type-simple"},"acf":[],"yoast_head":"<!-- This site is optimized with the Yoast SEO plugin v23.3 - https:\/\/yoast.com\/wordpress\/plugins\/seo\/ -->\n<title>Pasidaryk pats - Kaleidoskopas - Panirti \u012f kosmos\u0105 - Montessori \u017eaislai<\/title>\n<meta name=\"robots\" content=\"index, follow, max-snippet:-1, max-image-preview:large, max-video-preview:-1\" \/>\n<link rel=\"canonical\" href=\"https:\/\/monti.lt\/en\/product\/pasidaryk-pats-kaleidoskopas-panirti-i-kosmosa\/\" \/>\n<meta property=\"og:locale\" content=\"en_US\" \/>\n<meta property=\"og:type\" content=\"article\" \/>\n<meta property=\"og:title\" content=\"Pasidaryk pats - Kaleidoskopas - Panirti \u012f kosmos\u0105 - Montessori \u017eaislai\" \/>\n<meta property=\"og:description\" content=\"Pasidaryk savo kaleidoskop\u0105! \u0160ios priemon\u0117s suteikia vaikams galimyb\u0119 eksperimentuoti su \u012fvairiais kosmin\u0117s erdv\u0117s modeli\u0173 deriniais (\u012f rinkin\u012f \u012feina tamsoje \u0161vytin\u010dios \u017evaig\u017edut\u0117s, blizgan\u010dios brangakmeni\u0173 imitacijos, spalvoti karoliukai, iliustruoti acetato diskai su planet\u0173, raket\u0173 ir kitomis iliustracijomis). Rekomenduojamas am\u017eius: nuo 7 met\u0173. D\u0117mesio! Netinka vaikams iki 3 met\u0173, d\u0117l smulki\u0173 detali\u0173 yra pavojus u\u017espringti. Kilm\u0117s \u0161alis: K.L.R. [&hellip;]\" \/>\n<meta property=\"og:url\" content=\"https:\/\/monti.lt\/en\/product\/pasidaryk-pats-kaleidoskopas-panirti-i-kosmosa\/\" \/>\n<meta property=\"og:site_name\" content=\"Montessori \u017eaislai\" \/>\n<meta property=\"article:modified_time\" content=\"2025-12-10T06:42:26+00:00\" \/>\n<meta property=\"og:image\" content=\"https:\/\/monti.lt\/wp-content\/uploads\/2025\/02\/9267-DJ07922-pasidaryk-pats-kaleidoskopas-panirti-i-kosmosa.jpg\" \/>\n\t<meta property=\"og:image:width\" content=\"600\" \/>\n\t<meta property=\"og:image:height\" content=\"600\" \/>\n\t<meta property=\"og:image:type\" content=\"image\/jpeg\" \/>\n<meta name=\"twitter:card\" content=\"summary_large_image\" \/>\n<meta name=\"twitter:label1\" content=\"Est. reading time\" \/>\n\t<meta name=\"twitter:data1\" content=\"1 minute\" \/>\n<script type=\"application\/ld+json\" class=\"yoast-schema-graph\">{\"@context\":\"https:\/\/schema.org\",\"@graph\":[{\"@type\":\"WebPage\",\"@id\":\"https:\/\/monti.lt\/product\/pasidaryk-pats-kaleidoskopas-panirti-i-kosmosa\/\",\"url\":\"https:\/\/monti.lt\/product\/pasidaryk-pats-kaleidoskopas-panirti-i-kosmosa\/\",\"name\":\"Pasidaryk pats - Kaleidoskopas - Panirti \u012f kosmos\u0105 - Montessori \u017eaislai\",\"isPartOf\":{\"@id\":\"https:\/\/monti.lt\/#website\"},\"primaryImageOfPage\":{\"@id\":\"https:\/\/monti.lt\/product\/pasidaryk-pats-kaleidoskopas-panirti-i-kosmosa\/#primaryimage\"},\"image\":{\"@id\":\"https:\/\/monti.lt\/product\/pasidaryk-pats-kaleidoskopas-panirti-i-kosmosa\/#primaryimage\"},\"thumbnailUrl\":\"https:\/\/monti.lt\/wp-content\/uploads\/2025\/02\/9267-DJ07922-pasidaryk-pats-kaleidoskopas-panirti-i-kosmosa.jpg\",\"datePublished\":\"2025-02-11T11:26:17+00:00\",\"dateModified\":\"2025-12-10T06:42:26+00:00\",\"breadcrumb\":{\"@id\":\"https:\/\/monti.lt\/product\/pasidaryk-pats-kaleidoskopas-panirti-i-kosmosa\/#breadcrumb\"},\"inLanguage\":\"en-US\",\"potentialAction\":[{\"@type\":\"ReadAction\",\"target\":[\"https:\/\/monti.lt\/product\/pasidaryk-pats-kaleidoskopas-panirti-i-kosmosa\/\"]}]},{\"@type\":\"ImageObject\",\"inLanguage\":\"en-US\",\"@id\":\"https:\/\/monti.lt\/product\/pasidaryk-pats-kaleidoskopas-panirti-i-kosmosa\/#primaryimage\",\"url\":\"https:\/\/monti.lt\/wp-content\/uploads\/2025\/02\/9267-DJ07922-pasidaryk-pats-kaleidoskopas-panirti-i-kosmosa.jpg\",\"contentUrl\":\"https:\/\/monti.lt\/wp-content\/uploads\/2025\/02\/9267-DJ07922-pasidaryk-pats-kaleidoskopas-panirti-i-kosmosa.jpg\",\"width\":600,\"height\":600,\"caption\":\"djeco\"},{\"@type\":\"BreadcrumbList\",\"@id\":\"https:\/\/monti.lt\/product\/pasidaryk-pats-kaleidoskopas-panirti-i-kosmosa\/#breadcrumb\",\"itemListElement\":[{\"@type\":\"ListItem\",\"position\":1,\"name\":\"Home\",\"item\":\"https:\/\/monti.lt\/\"},{\"@type\":\"ListItem\",\"position\":2,\"name\":\"Parduotuv\u0117\",\"item\":\"https:\/\/monti.lt\/shop\/\"},{\"@type\":\"ListItem\",\"position\":3,\"name\":\"Pasidaryk pats &#8211; Kaleidoskopas &#8211; Panirti \u012f kosmos\u0105\"}]},{\"@type\":\"WebSite\",\"@id\":\"https:\/\/monti.lt\/#website\",\"url\":\"https:\/\/monti.lt\/\",\"name\":\"Montessori \u017eaislai\",\"description\":\"\",\"publisher\":{\"@id\":\"https:\/\/monti.lt\/#organization\"},\"potentialAction\":[{\"@type\":\"SearchAction\",\"target\":{\"@type\":\"EntryPoint\",\"urlTemplate\":\"https:\/\/monti.lt\/?s={search_term_string}\"},\"query-input\":\"required name=search_term_string\"}],\"inLanguage\":\"en-US\"},{\"@type\":\"Organization\",\"@id\":\"https:\/\/monti.lt\/#organization\",\"name\":\"Montessori \u017eaislai\",\"url\":\"https:\/\/monti.lt\/\",\"logo\":{\"@type\":\"ImageObject\",\"inLanguage\":\"en-US\",\"@id\":\"https:\/\/monti.lt\/#\/schema\/logo\/image\/\",\"url\":\"https:\/\/monti.lt\/wp-content\/uploads\/2022\/03\/montilogo-1.png\",\"contentUrl\":\"https:\/\/monti.lt\/wp-content\/uploads\/2022\/03\/montilogo-1.png\",\"width\":512,\"height\":512,\"caption\":\"Montessori \u017eaislai\"},\"image\":{\"@id\":\"https:\/\/monti.lt\/#\/schema\/logo\/image\/\"}}]}<\/script>\n<!-- \/ Yoast SEO plugin. -->","yoast_head_json":{"title":"Pasidaryk pats - Kaleidoskopas - Panirti \u012f kosmos\u0105 - Montessori \u017eaislai","robots":{"index":"index","follow":"follow","max-snippet":"max-snippet:-1","max-image-preview":"max-image-preview:large","max-video-preview":"max-video-preview:-1"},"canonical":"https:\/\/monti.lt\/en\/product\/pasidaryk-pats-kaleidoskopas-panirti-i-kosmosa\/","og_locale":"en_US","og_type":"article","og_title":"Pasidaryk pats - Kaleidoskopas - Panirti \u012f kosmos\u0105 - Montessori \u017eaislai","og_description":"Pasidaryk savo kaleidoskop\u0105! \u0160ios priemon\u0117s suteikia vaikams galimyb\u0119 eksperimentuoti su \u012fvairiais kosmin\u0117s erdv\u0117s modeli\u0173 deriniais (\u012f rinkin\u012f \u012feina tamsoje \u0161vytin\u010dios \u017evaig\u017edut\u0117s, blizgan\u010dios brangakmeni\u0173 imitacijos, spalvoti karoliukai, iliustruoti acetato diskai su planet\u0173, raket\u0173 ir kitomis iliustracijomis). Rekomenduojamas am\u017eius: nuo 7 met\u0173. D\u0117mesio! Netinka vaikams iki 3 met\u0173, d\u0117l smulki\u0173 detali\u0173 yra pavojus u\u017espringti. Kilm\u0117s \u0161alis: K.L.R. [&hellip;]","og_url":"https:\/\/monti.lt\/en\/product\/pasidaryk-pats-kaleidoskopas-panirti-i-kosmosa\/","og_site_name":"Montessori \u017eaislai","article_modified_time":"2025-12-10T06:42:26+00:00","og_image":[{"width":600,"height":600,"url":"https:\/\/monti.lt\/wp-content\/uploads\/2025\/02\/9267-DJ07922-pasidaryk-pats-kaleidoskopas-panirti-i-kosmosa.jpg","type":"image\/jpeg"}],"twitter_card":"summary_large_image","twitter_misc":{"Est. reading time":"1 minute"},"schema":{"@context":"https:\/\/schema.org","@graph":[{"@type":"WebPage","@id":"https:\/\/monti.lt\/product\/pasidaryk-pats-kaleidoskopas-panirti-i-kosmosa\/","url":"https:\/\/monti.lt\/product\/pasidaryk-pats-kaleidoskopas-panirti-i-kosmosa\/","name":"Pasidaryk pats - Kaleidoskopas - Panirti \u012f kosmos\u0105 - Montessori \u017eaislai","isPartOf":{"@id":"https:\/\/monti.lt\/#website"},"primaryImageOfPage":{"@id":"https:\/\/monti.lt\/product\/pasidaryk-pats-kaleidoskopas-panirti-i-kosmosa\/#primaryimage"},"image":{"@id":"https:\/\/monti.lt\/product\/pasidaryk-pats-kaleidoskopas-panirti-i-kosmosa\/#primaryimage"},"thumbnailUrl":"https:\/\/monti.lt\/wp-content\/uploads\/2025\/02\/9267-DJ07922-pasidaryk-pats-kaleidoskopas-panirti-i-kosmosa.jpg","datePublished":"2025-02-11T11:26:17+00:00","dateModified":"2025-12-10T06:42:26+00:00","breadcrumb":{"@id":"https:\/\/monti.lt\/product\/pasidaryk-pats-kaleidoskopas-panirti-i-kosmosa\/#breadcrumb"},"inLanguage":"en-US","potentialAction":[{"@type":"ReadAction","target":["https:\/\/monti.lt\/product\/pasidaryk-pats-kaleidoskopas-panirti-i-kosmosa\/"]}]},{"@type":"ImageObject","inLanguage":"en-US","@id":"https:\/\/monti.lt\/product\/pasidaryk-pats-kaleidoskopas-panirti-i-kosmosa\/#primaryimage","url":"https:\/\/monti.lt\/wp-content\/uploads\/2025\/02\/9267-DJ07922-pasidaryk-pats-kaleidoskopas-panirti-i-kosmosa.jpg","contentUrl":"https:\/\/monti.lt\/wp-content\/uploads\/2025\/02\/9267-DJ07922-pasidaryk-pats-kaleidoskopas-panirti-i-kosmosa.jpg","width":600,"height":600,"caption":"djeco"},{"@type":"BreadcrumbList","@id":"https:\/\/monti.lt\/product\/pasidaryk-pats-kaleidoskopas-panirti-i-kosmosa\/#breadcrumb","itemListElement":[{"@type":"ListItem","position":1,"name":"Home","item":"https:\/\/monti.lt\/"},{"@type":"ListItem","position":2,"name":"Parduotuv\u0117","item":"https:\/\/monti.lt\/shop\/"},{"@type":"ListItem","position":3,"name":"Pasidaryk pats &#8211; Kaleidoskopas &#8211; Panirti \u012f kosmos\u0105"}]},{"@type":"WebSite","@id":"https:\/\/monti.lt\/#website","url":"https:\/\/monti.lt\/","name":"Montessori \u017eaislai","description":"","publisher":{"@id":"https:\/\/monti.lt\/#organization"},"potentialAction":[{"@type":"SearchAction","target":{"@type":"EntryPoint","urlTemplate":"https:\/\/monti.lt\/?s={search_term_string}"},"query-input":"required name=search_term_string"}],"inLanguage":"en-US"},{"@type":"Organization","@id":"https:\/\/monti.lt\/#organization","name":"Montessori \u017eaislai","url":"https:\/\/monti.lt\/","logo":{"@type":"ImageObject","inLanguage":"en-US","@id":"https:\/\/monti.lt\/#\/schema\/logo\/image\/","url":"https:\/\/monti.lt\/wp-content\/uploads\/2022\/03\/montilogo-1.png","contentUrl":"https:\/\/monti.lt\/wp-content\/uploads\/2022\/03\/montilogo-1.png","width":512,"height":512,"caption":"Montessori \u017eaislai"},"image":{"@id":"https:\/\/monti.lt\/#\/schema\/logo\/image\/"}}]}},"_links":{"self":[{"href":"https:\/\/monti.lt\/en\/wp-json\/wp\/v2\/product\/30413"}],"collection":[{"href":"https:\/\/monti.lt\/en\/wp-json\/wp\/v2\/product"}],"about":[{"href":"https:\/\/monti.lt\/en\/wp-json\/wp\/v2\/types\/product"}],"version-history":[{"count":1,"href":"https:\/\/monti.lt\/en\/wp-json\/wp\/v2\/product\/30413\/revisions"}],"predecessor-version":[{"id":30423,"href":"https:\/\/monti.lt\/en\/wp-json\/wp\/v2\/product\/30413\/revisions\/30423"}],"wp:featuredmedia":[{"embeddable":true,"href":"https:\/\/monti.lt\/en\/wp-json\/wp\/v2\/media\/30414"}],"wp:attachment":[{"href":"https:\/\/monti.lt\/en\/wp-json\/wp\/v2\/media?parent=30413"}],"wp:term":[{"taxonomy":"product_cat","embeddable":true,"href":"https:\/\/monti.lt\/en\/wp-json\/wp\/v2\/product_cat?post=30413"},{"taxonomy":"product_tag","embeddable":true,"href":"https:\/\/monti.lt\/en\/wp-json\/wp\/v2\/product_tag?post=30413"}],"curies":[{"name":"wp","href":"https:\/\/api.w.org\/{rel}","templated":true}]}}