{"id":30424,"date":"2025-02-11T11:31:00","date_gmt":"2025-02-11T11:31:00","guid":{"rendered":"https:\/\/monti.lt\/?post_type=product&#038;p=30424"},"modified":"2025-12-07T08:15:52","modified_gmt":"2025-12-07T08:15:52","slug":"antspaudai-ukio-gyvunai","status":"publish","type":"product","link":"https:\/\/monti.lt\/en\/product\/antspaudai-ukio-gyvunai\/","title":{"rendered":"Antspaudai &#8211; \u016akio gyv\u016bnai"},"content":{"rendered":"<p>Lengvo naudojimo antspaudai ma\u017eiesiems. \u0160ie antspaudai yra savadarbiai. Antspaudo paveiksl\u0117lio dydis yra 28 x 28 mm. Komplekt\u0105 sudaro 4 skirtingi antspaudai. Rekomenduojamas am\u017eius: nuo 18 m\u0117nesi\u0173. Kilm\u0117s \u0161alis: Vietnamas<\/p>\n\n\n\n<p><\/p>","protected":false},"excerpt":{"rendered":"<p>Lengvo naudojimo antspaudai ma\u017eiesiems. \u0160ie antspaudai yra savadarbiai. Antspaudo paveiksl\u0117lio dydis yra 28 x 28 mm. Komplekt\u0105 sudaro 4 skirtingi antspaudai. Rekomenduojamas am\u017eius: nuo 18 m\u0117nesi\u0173. Kilm\u0117s \u0161alis: Vietnamas<\/p>","protected":false},"featured_media":30425,"template":"","meta":{"_acf_changed":false,"iawp_total_views":192},"product_cat":[252,193,191,84,89,49,39],"product_tag":[95,96,97],"class_list":{"0":"post-30424","1":"product","2":"type-product","3":"status-publish","4":"has-post-thumbnail","6":"product_cat-djeco","7":"product_cat-dovanos-vaikams-1-2-metu","8":"product_cat-dovanos-vaikams","9":"product_cat-lavinamieji-zaislai","10":"product_cat-mokausi-piesti","11":"product_cat-visi-zaislai","12":"product_cat-zaislai","13":"product_tag-1-m-2-m","14":"product_tag-2-m-3-m","15":"product_tag-3-m-4-m","17":"first","18":"outofstock","19":"taxable","20":"shipping-taxable","21":"purchasable","22":"product-type-simple"},"acf":[],"yoast_head":"<!-- This site is optimized with the Yoast SEO plugin v23.3 - https:\/\/yoast.com\/wordpress\/plugins\/seo\/ -->\n<title>Antspaudai - \u016akio gyv\u016bnai - Montessori \u017eaislai<\/title>\n<meta name=\"robots\" content=\"index, follow, max-snippet:-1, max-image-preview:large, max-video-preview:-1\" \/>\n<link rel=\"canonical\" href=\"https:\/\/monti.lt\/en\/product\/antspaudai-ukio-gyvunai\/\" \/>\n<meta property=\"og:locale\" content=\"en_US\" \/>\n<meta property=\"og:type\" content=\"article\" \/>\n<meta property=\"og:title\" content=\"Antspaudai - \u016akio gyv\u016bnai - Montessori \u017eaislai\" \/>\n<meta property=\"og:description\" content=\"Lengvo naudojimo antspaudai ma\u017eiesiems. \u0160ie antspaudai yra savadarbiai. Antspaudo paveiksl\u0117lio dydis yra 28 x 28 mm. Komplekt\u0105 sudaro 4 skirtingi antspaudai. Rekomenduojamas am\u017eius: nuo 18 m\u0117nesi\u0173. Kilm\u0117s \u0161alis: Vietnamas\" \/>\n<meta property=\"og:url\" content=\"https:\/\/monti.lt\/en\/product\/antspaudai-ukio-gyvunai\/\" \/>\n<meta property=\"og:site_name\" content=\"Montessori \u017eaislai\" \/>\n<meta property=\"article:modified_time\" content=\"2025-12-07T08:15:52+00:00\" \/>\n<meta property=\"og:image\" content=\"https:\/\/monti.lt\/wp-content\/uploads\/2025\/02\/9283-DJ09011-antspaudai-ukio-gyvunai.jpg\" \/>\n\t<meta property=\"og:image:width\" content=\"600\" \/>\n\t<meta property=\"og:image:height\" content=\"600\" \/>\n\t<meta property=\"og:image:type\" content=\"image\/jpeg\" \/>\n<meta name=\"twitter:card\" content=\"summary_large_image\" \/>\n<meta name=\"twitter:label1\" content=\"Est. reading time\" \/>\n\t<meta name=\"twitter:data1\" content=\"1 minute\" \/>\n<script type=\"application\/ld+json\" class=\"yoast-schema-graph\">{\"@context\":\"https:\/\/schema.org\",\"@graph\":[{\"@type\":\"WebPage\",\"@id\":\"https:\/\/monti.lt\/product\/antspaudai-ukio-gyvunai\/\",\"url\":\"https:\/\/monti.lt\/product\/antspaudai-ukio-gyvunai\/\",\"name\":\"Antspaudai - \u016akio gyv\u016bnai - Montessori \u017eaislai\",\"isPartOf\":{\"@id\":\"https:\/\/monti.lt\/#website\"},\"primaryImageOfPage\":{\"@id\":\"https:\/\/monti.lt\/product\/antspaudai-ukio-gyvunai\/#primaryimage\"},\"image\":{\"@id\":\"https:\/\/monti.lt\/product\/antspaudai-ukio-gyvunai\/#primaryimage\"},\"thumbnailUrl\":\"https:\/\/monti.lt\/wp-content\/uploads\/2025\/02\/9283-DJ09011-antspaudai-ukio-gyvunai.jpg\",\"datePublished\":\"2025-02-11T11:31:00+00:00\",\"dateModified\":\"2025-12-07T08:15:52+00:00\",\"breadcrumb\":{\"@id\":\"https:\/\/monti.lt\/product\/antspaudai-ukio-gyvunai\/#breadcrumb\"},\"inLanguage\":\"en-US\",\"potentialAction\":[{\"@type\":\"ReadAction\",\"target\":[\"https:\/\/monti.lt\/product\/antspaudai-ukio-gyvunai\/\"]}]},{\"@type\":\"ImageObject\",\"inLanguage\":\"en-US\",\"@id\":\"https:\/\/monti.lt\/product\/antspaudai-ukio-gyvunai\/#primaryimage\",\"url\":\"https:\/\/monti.lt\/wp-content\/uploads\/2025\/02\/9283-DJ09011-antspaudai-ukio-gyvunai.jpg\",\"contentUrl\":\"https:\/\/monti.lt\/wp-content\/uploads\/2025\/02\/9283-DJ09011-antspaudai-ukio-gyvunai.jpg\",\"width\":600,\"height\":600,\"caption\":\"djeco antspaudai\"},{\"@type\":\"BreadcrumbList\",\"@id\":\"https:\/\/monti.lt\/product\/antspaudai-ukio-gyvunai\/#breadcrumb\",\"itemListElement\":[{\"@type\":\"ListItem\",\"position\":1,\"name\":\"Home\",\"item\":\"https:\/\/monti.lt\/\"},{\"@type\":\"ListItem\",\"position\":2,\"name\":\"Parduotuv\u0117\",\"item\":\"https:\/\/monti.lt\/shop\/\"},{\"@type\":\"ListItem\",\"position\":3,\"name\":\"Antspaudai &#8211; \u016akio gyv\u016bnai\"}]},{\"@type\":\"WebSite\",\"@id\":\"https:\/\/monti.lt\/#website\",\"url\":\"https:\/\/monti.lt\/\",\"name\":\"Montessori \u017eaislai\",\"description\":\"\",\"publisher\":{\"@id\":\"https:\/\/monti.lt\/#organization\"},\"potentialAction\":[{\"@type\":\"SearchAction\",\"target\":{\"@type\":\"EntryPoint\",\"urlTemplate\":\"https:\/\/monti.lt\/?s={search_term_string}\"},\"query-input\":\"required name=search_term_string\"}],\"inLanguage\":\"en-US\"},{\"@type\":\"Organization\",\"@id\":\"https:\/\/monti.lt\/#organization\",\"name\":\"Montessori \u017eaislai\",\"url\":\"https:\/\/monti.lt\/\",\"logo\":{\"@type\":\"ImageObject\",\"inLanguage\":\"en-US\",\"@id\":\"https:\/\/monti.lt\/#\/schema\/logo\/image\/\",\"url\":\"https:\/\/monti.lt\/wp-content\/uploads\/2022\/03\/montilogo-1.png\",\"contentUrl\":\"https:\/\/monti.lt\/wp-content\/uploads\/2022\/03\/montilogo-1.png\",\"width\":512,\"height\":512,\"caption\":\"Montessori \u017eaislai\"},\"image\":{\"@id\":\"https:\/\/monti.lt\/#\/schema\/logo\/image\/\"}}]}<\/script>\n<!-- \/ Yoast SEO plugin. -->","yoast_head_json":{"title":"Antspaudai - \u016akio gyv\u016bnai - Montessori \u017eaislai","robots":{"index":"index","follow":"follow","max-snippet":"max-snippet:-1","max-image-preview":"max-image-preview:large","max-video-preview":"max-video-preview:-1"},"canonical":"https:\/\/monti.lt\/en\/product\/antspaudai-ukio-gyvunai\/","og_locale":"en_US","og_type":"article","og_title":"Antspaudai - \u016akio gyv\u016bnai - Montessori \u017eaislai","og_description":"Lengvo naudojimo antspaudai ma\u017eiesiems. \u0160ie antspaudai yra savadarbiai. Antspaudo paveiksl\u0117lio dydis yra 28 x 28 mm. Komplekt\u0105 sudaro 4 skirtingi antspaudai. Rekomenduojamas am\u017eius: nuo 18 m\u0117nesi\u0173. Kilm\u0117s \u0161alis: Vietnamas","og_url":"https:\/\/monti.lt\/en\/product\/antspaudai-ukio-gyvunai\/","og_site_name":"Montessori \u017eaislai","article_modified_time":"2025-12-07T08:15:52+00:00","og_image":[{"width":600,"height":600,"url":"https:\/\/monti.lt\/wp-content\/uploads\/2025\/02\/9283-DJ09011-antspaudai-ukio-gyvunai.jpg","type":"image\/jpeg"}],"twitter_card":"summary_large_image","twitter_misc":{"Est. reading time":"1 minute"},"schema":{"@context":"https:\/\/schema.org","@graph":[{"@type":"WebPage","@id":"https:\/\/monti.lt\/product\/antspaudai-ukio-gyvunai\/","url":"https:\/\/monti.lt\/product\/antspaudai-ukio-gyvunai\/","name":"Antspaudai - \u016akio gyv\u016bnai - Montessori \u017eaislai","isPartOf":{"@id":"https:\/\/monti.lt\/#website"},"primaryImageOfPage":{"@id":"https:\/\/monti.lt\/product\/antspaudai-ukio-gyvunai\/#primaryimage"},"image":{"@id":"https:\/\/monti.lt\/product\/antspaudai-ukio-gyvunai\/#primaryimage"},"thumbnailUrl":"https:\/\/monti.lt\/wp-content\/uploads\/2025\/02\/9283-DJ09011-antspaudai-ukio-gyvunai.jpg","datePublished":"2025-02-11T11:31:00+00:00","dateModified":"2025-12-07T08:15:52+00:00","breadcrumb":{"@id":"https:\/\/monti.lt\/product\/antspaudai-ukio-gyvunai\/#breadcrumb"},"inLanguage":"en-US","potentialAction":[{"@type":"ReadAction","target":["https:\/\/monti.lt\/product\/antspaudai-ukio-gyvunai\/"]}]},{"@type":"ImageObject","inLanguage":"en-US","@id":"https:\/\/monti.lt\/product\/antspaudai-ukio-gyvunai\/#primaryimage","url":"https:\/\/monti.lt\/wp-content\/uploads\/2025\/02\/9283-DJ09011-antspaudai-ukio-gyvunai.jpg","contentUrl":"https:\/\/monti.lt\/wp-content\/uploads\/2025\/02\/9283-DJ09011-antspaudai-ukio-gyvunai.jpg","width":600,"height":600,"caption":"djeco antspaudai"},{"@type":"BreadcrumbList","@id":"https:\/\/monti.lt\/product\/antspaudai-ukio-gyvunai\/#breadcrumb","itemListElement":[{"@type":"ListItem","position":1,"name":"Home","item":"https:\/\/monti.lt\/"},{"@type":"ListItem","position":2,"name":"Parduotuv\u0117","item":"https:\/\/monti.lt\/shop\/"},{"@type":"ListItem","position":3,"name":"Antspaudai &#8211; \u016akio gyv\u016bnai"}]},{"@type":"WebSite","@id":"https:\/\/monti.lt\/#website","url":"https:\/\/monti.lt\/","name":"Montessori \u017eaislai","description":"","publisher":{"@id":"https:\/\/monti.lt\/#organization"},"potentialAction":[{"@type":"SearchAction","target":{"@type":"EntryPoint","urlTemplate":"https:\/\/monti.lt\/?s={search_term_string}"},"query-input":"required name=search_term_string"}],"inLanguage":"en-US"},{"@type":"Organization","@id":"https:\/\/monti.lt\/#organization","name":"Montessori \u017eaislai","url":"https:\/\/monti.lt\/","logo":{"@type":"ImageObject","inLanguage":"en-US","@id":"https:\/\/monti.lt\/#\/schema\/logo\/image\/","url":"https:\/\/monti.lt\/wp-content\/uploads\/2022\/03\/montilogo-1.png","contentUrl":"https:\/\/monti.lt\/wp-content\/uploads\/2022\/03\/montilogo-1.png","width":512,"height":512,"caption":"Montessori \u017eaislai"},"image":{"@id":"https:\/\/monti.lt\/#\/schema\/logo\/image\/"}}]}},"_links":{"self":[{"href":"https:\/\/monti.lt\/en\/wp-json\/wp\/v2\/product\/30424"}],"collection":[{"href":"https:\/\/monti.lt\/en\/wp-json\/wp\/v2\/product"}],"about":[{"href":"https:\/\/monti.lt\/en\/wp-json\/wp\/v2\/types\/product"}],"version-history":[{"count":1,"href":"https:\/\/monti.lt\/en\/wp-json\/wp\/v2\/product\/30424\/revisions"}],"predecessor-version":[{"id":30428,"href":"https:\/\/monti.lt\/en\/wp-json\/wp\/v2\/product\/30424\/revisions\/30428"}],"wp:featuredmedia":[{"embeddable":true,"href":"https:\/\/monti.lt\/en\/wp-json\/wp\/v2\/media\/30425"}],"wp:attachment":[{"href":"https:\/\/monti.lt\/en\/wp-json\/wp\/v2\/media?parent=30424"}],"wp:term":[{"taxonomy":"product_cat","embeddable":true,"href":"https:\/\/monti.lt\/en\/wp-json\/wp\/v2\/product_cat?post=30424"},{"taxonomy":"product_tag","embeddable":true,"href":"https:\/\/monti.lt\/en\/wp-json\/wp\/v2\/product_tag?post=30424"}],"curies":[{"name":"wp","href":"https:\/\/api.w.org\/{rel}","templated":true}]}}