{"id":30452,"date":"2025-02-13T05:54:12","date_gmt":"2025-02-13T05:54:12","guid":{"rendered":"https:\/\/monti.lt\/?post_type=product&#038;p=30452"},"modified":"2025-12-11T12:54:47","modified_gmt":"2025-12-11T12:54:47","slug":"daugkartiniai-lipdukai-gyvunai","status":"publish","type":"product","link":"https:\/\/monti.lt\/en\/product\/daugkartiniai-lipdukai-gyvunai\/","title":{"rendered":"Daugkartiniai lipdukai &#8211; Gyv\u016bnai"},"content":{"rendered":"<p>Stori bet lengvai nuimami lipdukai ma\u017eyliams. Nor\u0117dami u\u017epildyti paveiksl\u0117l\u012f, pritvirtinkite lipdukus prie pagrindo! Sukeiskite lipdukus, jei norite pakeisti istorij\u0105! Rinkin\u012f sudaro pagrindas su iliustracijomis (43 x 23 cm) ir 1 lapas su daugkartinio naudojimo lipdukais (13 vnt.). Rekomenduojamas am\u017eius: nuo 18 m\u0117nesi\u0173. Kilm\u0117s \u0161alis: K.L.R. Pagaminta pagal Pranc\u016bzijos dizain\u0105 ir u\u017esakym\u0105.<\/p>","protected":false},"excerpt":{"rendered":"<p>Stori bet lengvai nuimami lipdukai ma\u017eyliams. Nor\u0117dami u\u017epildyti paveiksl\u0117l\u012f, pritvirtinkite lipdukus prie pagrindo! Sukeiskite lipdukus, jei norite pakeisti istorij\u0105! Rinkin\u012f sudaro pagrindas su iliustracijomis (43 x 23 cm) ir 1 lapas su daugkartinio naudojimo lipdukais (13 vnt.). Rekomenduojamas am\u017eius: nuo 18 m\u0117nesi\u0173. Kilm\u0117s \u0161alis: K.L.R. Pagaminta pagal Pranc\u016bzijos dizain\u0105 ir u\u017esakym\u0105.<\/p>","protected":false},"featured_media":30453,"template":"","meta":{"_acf_changed":false,"iawp_total_views":243},"product_cat":[218,252,87,84],"product_tag":[95,96,97],"class_list":{"0":"post-30452","1":"product","2":"type-product","3":"status-publish","4":"has-post-thumbnail","6":"product_cat-darzeliu-grupems","7":"product_cat-djeco","8":"product_cat-kurybiniai-rinkiniai","9":"product_cat-lavinamieji-zaislai","10":"product_tag-1-m-2-m","11":"product_tag-2-m-3-m","12":"product_tag-3-m-4-m","14":"first","15":"outofstock","16":"sale","17":"taxable","18":"shipping-taxable","19":"purchasable","20":"product-type-simple"},"acf":[],"yoast_head":"<!-- This site is optimized with the Yoast SEO plugin v23.3 - https:\/\/yoast.com\/wordpress\/plugins\/seo\/ -->\n<title>Daugkartiniai lipdukai - Gyv\u016bnai - Montessori \u017eaislai<\/title>\n<meta name=\"robots\" content=\"index, follow, max-snippet:-1, max-image-preview:large, max-video-preview:-1\" \/>\n<link rel=\"canonical\" href=\"https:\/\/monti.lt\/en\/product\/daugkartiniai-lipdukai-gyvunai\/\" \/>\n<meta property=\"og:locale\" content=\"en_US\" \/>\n<meta property=\"og:type\" content=\"article\" \/>\n<meta property=\"og:title\" content=\"Daugkartiniai lipdukai - Gyv\u016bnai - Montessori \u017eaislai\" \/>\n<meta property=\"og:description\" content=\"Stori bet lengvai nuimami lipdukai ma\u017eyliams. Nor\u0117dami u\u017epildyti paveiksl\u0117l\u012f, pritvirtinkite lipdukus prie pagrindo! Sukeiskite lipdukus, jei norite pakeisti istorij\u0105! Rinkin\u012f sudaro pagrindas su iliustracijomis (43 x 23 cm) ir 1 lapas su daugkartinio naudojimo lipdukais (13 vnt.). Rekomenduojamas am\u017eius: nuo 18 m\u0117nesi\u0173. Kilm\u0117s \u0161alis: K.L.R. Pagaminta pagal Pranc\u016bzijos dizain\u0105 ir u\u017esakym\u0105.\" \/>\n<meta property=\"og:url\" content=\"https:\/\/monti.lt\/en\/product\/daugkartiniai-lipdukai-gyvunai\/\" \/>\n<meta property=\"og:site_name\" content=\"Montessori \u017eaislai\" \/>\n<meta property=\"article:modified_time\" content=\"2025-12-11T12:54:47+00:00\" \/>\n<meta property=\"og:image\" content=\"https:\/\/monti.lt\/wp-content\/uploads\/2025\/02\/9290-DJ09071-daugkartiniai-lipdukai-gyvunai.jpg\" \/>\n\t<meta property=\"og:image:width\" content=\"600\" \/>\n\t<meta property=\"og:image:height\" content=\"600\" \/>\n\t<meta property=\"og:image:type\" content=\"image\/jpeg\" \/>\n<meta name=\"twitter:card\" content=\"summary_large_image\" \/>\n<meta name=\"twitter:label1\" content=\"Est. reading time\" \/>\n\t<meta name=\"twitter:data1\" content=\"1 minute\" \/>\n<script type=\"application\/ld+json\" class=\"yoast-schema-graph\">{\"@context\":\"https:\/\/schema.org\",\"@graph\":[{\"@type\":\"WebPage\",\"@id\":\"https:\/\/monti.lt\/product\/daugkartiniai-lipdukai-gyvunai\/\",\"url\":\"https:\/\/monti.lt\/product\/daugkartiniai-lipdukai-gyvunai\/\",\"name\":\"Daugkartiniai lipdukai - Gyv\u016bnai - Montessori \u017eaislai\",\"isPartOf\":{\"@id\":\"https:\/\/monti.lt\/#website\"},\"primaryImageOfPage\":{\"@id\":\"https:\/\/monti.lt\/product\/daugkartiniai-lipdukai-gyvunai\/#primaryimage\"},\"image\":{\"@id\":\"https:\/\/monti.lt\/product\/daugkartiniai-lipdukai-gyvunai\/#primaryimage\"},\"thumbnailUrl\":\"https:\/\/monti.lt\/wp-content\/uploads\/2025\/02\/9290-DJ09071-daugkartiniai-lipdukai-gyvunai.jpg\",\"datePublished\":\"2025-02-13T05:54:12+00:00\",\"dateModified\":\"2025-12-11T12:54:47+00:00\",\"breadcrumb\":{\"@id\":\"https:\/\/monti.lt\/product\/daugkartiniai-lipdukai-gyvunai\/#breadcrumb\"},\"inLanguage\":\"en-US\",\"potentialAction\":[{\"@type\":\"ReadAction\",\"target\":[\"https:\/\/monti.lt\/product\/daugkartiniai-lipdukai-gyvunai\/\"]}]},{\"@type\":\"ImageObject\",\"inLanguage\":\"en-US\",\"@id\":\"https:\/\/monti.lt\/product\/daugkartiniai-lipdukai-gyvunai\/#primaryimage\",\"url\":\"https:\/\/monti.lt\/wp-content\/uploads\/2025\/02\/9290-DJ09071-daugkartiniai-lipdukai-gyvunai.jpg\",\"contentUrl\":\"https:\/\/monti.lt\/wp-content\/uploads\/2025\/02\/9290-DJ09071-daugkartiniai-lipdukai-gyvunai.jpg\",\"width\":600,\"height\":600,\"caption\":\"djeco\"},{\"@type\":\"BreadcrumbList\",\"@id\":\"https:\/\/monti.lt\/product\/daugkartiniai-lipdukai-gyvunai\/#breadcrumb\",\"itemListElement\":[{\"@type\":\"ListItem\",\"position\":1,\"name\":\"Home\",\"item\":\"https:\/\/monti.lt\/\"},{\"@type\":\"ListItem\",\"position\":2,\"name\":\"Parduotuv\u0117\",\"item\":\"https:\/\/monti.lt\/shop\/\"},{\"@type\":\"ListItem\",\"position\":3,\"name\":\"Daugkartiniai lipdukai &#8211; Gyv\u016bnai\"}]},{\"@type\":\"WebSite\",\"@id\":\"https:\/\/monti.lt\/#website\",\"url\":\"https:\/\/monti.lt\/\",\"name\":\"Montessori \u017eaislai\",\"description\":\"\",\"publisher\":{\"@id\":\"https:\/\/monti.lt\/#organization\"},\"potentialAction\":[{\"@type\":\"SearchAction\",\"target\":{\"@type\":\"EntryPoint\",\"urlTemplate\":\"https:\/\/monti.lt\/?s={search_term_string}\"},\"query-input\":\"required name=search_term_string\"}],\"inLanguage\":\"en-US\"},{\"@type\":\"Organization\",\"@id\":\"https:\/\/monti.lt\/#organization\",\"name\":\"Montessori \u017eaislai\",\"url\":\"https:\/\/monti.lt\/\",\"logo\":{\"@type\":\"ImageObject\",\"inLanguage\":\"en-US\",\"@id\":\"https:\/\/monti.lt\/#\/schema\/logo\/image\/\",\"url\":\"https:\/\/monti.lt\/wp-content\/uploads\/2022\/03\/montilogo-1.png\",\"contentUrl\":\"https:\/\/monti.lt\/wp-content\/uploads\/2022\/03\/montilogo-1.png\",\"width\":512,\"height\":512,\"caption\":\"Montessori \u017eaislai\"},\"image\":{\"@id\":\"https:\/\/monti.lt\/#\/schema\/logo\/image\/\"}}]}<\/script>\n<!-- \/ Yoast SEO plugin. -->","yoast_head_json":{"title":"Daugkartiniai lipdukai - Gyv\u016bnai - Montessori \u017eaislai","robots":{"index":"index","follow":"follow","max-snippet":"max-snippet:-1","max-image-preview":"max-image-preview:large","max-video-preview":"max-video-preview:-1"},"canonical":"https:\/\/monti.lt\/en\/product\/daugkartiniai-lipdukai-gyvunai\/","og_locale":"en_US","og_type":"article","og_title":"Daugkartiniai lipdukai - Gyv\u016bnai - Montessori \u017eaislai","og_description":"Stori bet lengvai nuimami lipdukai ma\u017eyliams. Nor\u0117dami u\u017epildyti paveiksl\u0117l\u012f, pritvirtinkite lipdukus prie pagrindo! Sukeiskite lipdukus, jei norite pakeisti istorij\u0105! Rinkin\u012f sudaro pagrindas su iliustracijomis (43 x 23 cm) ir 1 lapas su daugkartinio naudojimo lipdukais (13 vnt.). Rekomenduojamas am\u017eius: nuo 18 m\u0117nesi\u0173. Kilm\u0117s \u0161alis: K.L.R. Pagaminta pagal Pranc\u016bzijos dizain\u0105 ir u\u017esakym\u0105.","og_url":"https:\/\/monti.lt\/en\/product\/daugkartiniai-lipdukai-gyvunai\/","og_site_name":"Montessori \u017eaislai","article_modified_time":"2025-12-11T12:54:47+00:00","og_image":[{"width":600,"height":600,"url":"https:\/\/monti.lt\/wp-content\/uploads\/2025\/02\/9290-DJ09071-daugkartiniai-lipdukai-gyvunai.jpg","type":"image\/jpeg"}],"twitter_card":"summary_large_image","twitter_misc":{"Est. reading time":"1 minute"},"schema":{"@context":"https:\/\/schema.org","@graph":[{"@type":"WebPage","@id":"https:\/\/monti.lt\/product\/daugkartiniai-lipdukai-gyvunai\/","url":"https:\/\/monti.lt\/product\/daugkartiniai-lipdukai-gyvunai\/","name":"Daugkartiniai lipdukai - Gyv\u016bnai - Montessori \u017eaislai","isPartOf":{"@id":"https:\/\/monti.lt\/#website"},"primaryImageOfPage":{"@id":"https:\/\/monti.lt\/product\/daugkartiniai-lipdukai-gyvunai\/#primaryimage"},"image":{"@id":"https:\/\/monti.lt\/product\/daugkartiniai-lipdukai-gyvunai\/#primaryimage"},"thumbnailUrl":"https:\/\/monti.lt\/wp-content\/uploads\/2025\/02\/9290-DJ09071-daugkartiniai-lipdukai-gyvunai.jpg","datePublished":"2025-02-13T05:54:12+00:00","dateModified":"2025-12-11T12:54:47+00:00","breadcrumb":{"@id":"https:\/\/monti.lt\/product\/daugkartiniai-lipdukai-gyvunai\/#breadcrumb"},"inLanguage":"en-US","potentialAction":[{"@type":"ReadAction","target":["https:\/\/monti.lt\/product\/daugkartiniai-lipdukai-gyvunai\/"]}]},{"@type":"ImageObject","inLanguage":"en-US","@id":"https:\/\/monti.lt\/product\/daugkartiniai-lipdukai-gyvunai\/#primaryimage","url":"https:\/\/monti.lt\/wp-content\/uploads\/2025\/02\/9290-DJ09071-daugkartiniai-lipdukai-gyvunai.jpg","contentUrl":"https:\/\/monti.lt\/wp-content\/uploads\/2025\/02\/9290-DJ09071-daugkartiniai-lipdukai-gyvunai.jpg","width":600,"height":600,"caption":"djeco"},{"@type":"BreadcrumbList","@id":"https:\/\/monti.lt\/product\/daugkartiniai-lipdukai-gyvunai\/#breadcrumb","itemListElement":[{"@type":"ListItem","position":1,"name":"Home","item":"https:\/\/monti.lt\/"},{"@type":"ListItem","position":2,"name":"Parduotuv\u0117","item":"https:\/\/monti.lt\/shop\/"},{"@type":"ListItem","position":3,"name":"Daugkartiniai lipdukai &#8211; Gyv\u016bnai"}]},{"@type":"WebSite","@id":"https:\/\/monti.lt\/#website","url":"https:\/\/monti.lt\/","name":"Montessori \u017eaislai","description":"","publisher":{"@id":"https:\/\/monti.lt\/#organization"},"potentialAction":[{"@type":"SearchAction","target":{"@type":"EntryPoint","urlTemplate":"https:\/\/monti.lt\/?s={search_term_string}"},"query-input":"required name=search_term_string"}],"inLanguage":"en-US"},{"@type":"Organization","@id":"https:\/\/monti.lt\/#organization","name":"Montessori \u017eaislai","url":"https:\/\/monti.lt\/","logo":{"@type":"ImageObject","inLanguage":"en-US","@id":"https:\/\/monti.lt\/#\/schema\/logo\/image\/","url":"https:\/\/monti.lt\/wp-content\/uploads\/2022\/03\/montilogo-1.png","contentUrl":"https:\/\/monti.lt\/wp-content\/uploads\/2022\/03\/montilogo-1.png","width":512,"height":512,"caption":"Montessori \u017eaislai"},"image":{"@id":"https:\/\/monti.lt\/#\/schema\/logo\/image\/"}}]}},"_links":{"self":[{"href":"https:\/\/monti.lt\/en\/wp-json\/wp\/v2\/product\/30452"}],"collection":[{"href":"https:\/\/monti.lt\/en\/wp-json\/wp\/v2\/product"}],"about":[{"href":"https:\/\/monti.lt\/en\/wp-json\/wp\/v2\/types\/product"}],"version-history":[{"count":1,"href":"https:\/\/monti.lt\/en\/wp-json\/wp\/v2\/product\/30452\/revisions"}],"predecessor-version":[{"id":30455,"href":"https:\/\/monti.lt\/en\/wp-json\/wp\/v2\/product\/30452\/revisions\/30455"}],"wp:featuredmedia":[{"embeddable":true,"href":"https:\/\/monti.lt\/en\/wp-json\/wp\/v2\/media\/30453"}],"wp:attachment":[{"href":"https:\/\/monti.lt\/en\/wp-json\/wp\/v2\/media?parent=30452"}],"wp:term":[{"taxonomy":"product_cat","embeddable":true,"href":"https:\/\/monti.lt\/en\/wp-json\/wp\/v2\/product_cat?post=30452"},{"taxonomy":"product_tag","embeddable":true,"href":"https:\/\/monti.lt\/en\/wp-json\/wp\/v2\/product_tag?post=30452"}],"curies":[{"name":"wp","href":"https:\/\/api.w.org\/{rel}","templated":true}]}}