{"id":30459,"date":"2025-02-13T06:32:35","date_gmt":"2025-02-13T06:32:35","guid":{"rendered":"https:\/\/monti.lt\/?post_type=product&#038;p=30459"},"modified":"2025-11-29T07:54:26","modified_gmt":"2025-11-29T07:54:26","slug":"daugkartiniai-lipdukai-namas","status":"publish","type":"product","link":"https:\/\/monti.lt\/en\/product\/daugkartiniai-lipdukai-namas\/","title":{"rendered":"Daugkartiniai lipdukai &#8211; Namas"},"content":{"rendered":"<p>Stori bet lengvai nuimami lipdukai ma\u017eyliams. Nor\u0117dami u\u017epildyti paveiksl\u0117l\u012f, pritvirtinkite lipdukus prie pagrindo! Sukeiskite lipdukus, jei norite pakeisti istorij\u0105! Rinkin\u012f sudaro pagrindas su iliustracijomis ir 1 lapas su daugkartinio naudojimo lipdukais. Rekomenduojamas am\u017eius: nuo 18 m\u0117nesi\u0173. Kilm\u0117s \u0161alis: K.L.R. Pagaminta pagal Pranc\u016bzijos dizain\u0105 ir u\u017esakym\u0105.<\/p>\n\n\n\n<figure class=\"wp-block-embed is-type-video is-provider-youtube wp-block-embed-youtube wp-embed-aspect-4-3 wp-has-aspect-ratio\"><div class=\"wp-block-embed__wrapper\">\n<div class=\"video-container\"><iframe title=\"DJ09072 - Removable stickers - House by Djeco\" width=\"1170\" height=\"878\" src=\"https:\/\/www.youtube.com\/embed\/ZD7R3aGV6yY?feature=oembed\" frameborder=\"0\" allow=\"accelerometer; autoplay; clipboard-write; encrypted-media; gyroscope; picture-in-picture; web-share\" referrerpolicy=\"strict-origin-when-cross-origin\" allowfullscreen><\/iframe><\/div>\n<\/div><\/figure>","protected":false},"excerpt":{"rendered":"<p>Stori bet lengvai nuimami lipdukai ma\u017eyliams. Nor\u0117dami u\u017epildyti paveiksl\u0117l\u012f, pritvirtinkite lipdukus prie pagrindo! Sukeiskite lipdukus, jei norite pakeisti istorij\u0105! Rinkin\u012f sudaro pagrindas su iliustracijomis ir 1 lapas su daugkartinio naudojimo lipdukais. Rekomenduojamas am\u017eius: nuo 18 m\u0117nesi\u0173. Kilm\u0117s \u0161alis: K.L.R. Pagaminta pagal Pranc\u016bzijos dizain\u0105 ir u\u017esakym\u0105.<\/p>","protected":false},"featured_media":30460,"template":"","meta":{"_acf_changed":false,"iawp_total_views":112},"product_cat":[87,84,90,39,201],"product_tag":[95,96,97],"class_list":{"0":"post-30459","1":"product","2":"type-product","3":"status-publish","4":"has-post-thumbnail","6":"product_cat-kurybiniai-rinkiniai","7":"product_cat-lavinamieji-zaislai","8":"product_cat-pasaulio-pazinimas","9":"product_cat-zaislai","10":"product_cat-zaislai-kelioneje","11":"product_tag-1-m-2-m","12":"product_tag-2-m-3-m","13":"product_tag-3-m-4-m","15":"first","16":"outofstock","17":"sale","18":"taxable","19":"shipping-taxable","20":"purchasable","21":"product-type-simple"},"acf":[],"yoast_head":"<!-- This site is optimized with the Yoast SEO plugin v23.3 - https:\/\/yoast.com\/wordpress\/plugins\/seo\/ -->\n<title>Daugkartiniai lipdukai - Namas - Montessori \u017eaislai<\/title>\n<meta name=\"robots\" content=\"index, follow, max-snippet:-1, max-image-preview:large, max-video-preview:-1\" \/>\n<link rel=\"canonical\" href=\"https:\/\/monti.lt\/en\/product\/daugkartiniai-lipdukai-namas\/\" \/>\n<meta property=\"og:locale\" content=\"en_US\" \/>\n<meta property=\"og:type\" content=\"article\" \/>\n<meta property=\"og:title\" content=\"Daugkartiniai lipdukai - Namas - Montessori \u017eaislai\" \/>\n<meta property=\"og:description\" content=\"Stori bet lengvai nuimami lipdukai ma\u017eyliams. Nor\u0117dami u\u017epildyti paveiksl\u0117l\u012f, pritvirtinkite lipdukus prie pagrindo! Sukeiskite lipdukus, jei norite pakeisti istorij\u0105! Rinkin\u012f sudaro pagrindas su iliustracijomis ir 1 lapas su daugkartinio naudojimo lipdukais. Rekomenduojamas am\u017eius: nuo 18 m\u0117nesi\u0173. Kilm\u0117s \u0161alis: K.L.R. Pagaminta pagal Pranc\u016bzijos dizain\u0105 ir u\u017esakym\u0105.\" \/>\n<meta property=\"og:url\" content=\"https:\/\/monti.lt\/en\/product\/daugkartiniai-lipdukai-namas\/\" \/>\n<meta property=\"og:site_name\" content=\"Montessori \u017eaislai\" \/>\n<meta property=\"article:modified_time\" content=\"2025-11-29T07:54:26+00:00\" \/>\n<meta property=\"og:image\" content=\"https:\/\/monti.lt\/wp-content\/uploads\/2025\/02\/9291-DJ09072-daugkartiniai-lipdukai-namas.jpg\" \/>\n\t<meta property=\"og:image:width\" content=\"600\" \/>\n\t<meta property=\"og:image:height\" content=\"600\" \/>\n\t<meta property=\"og:image:type\" content=\"image\/jpeg\" \/>\n<meta name=\"twitter:card\" content=\"summary_large_image\" \/>\n<meta name=\"twitter:label1\" content=\"Est. reading time\" \/>\n\t<meta name=\"twitter:data1\" content=\"1 minute\" \/>\n<script type=\"application\/ld+json\" class=\"yoast-schema-graph\">{\"@context\":\"https:\/\/schema.org\",\"@graph\":[{\"@type\":\"WebPage\",\"@id\":\"https:\/\/monti.lt\/product\/daugkartiniai-lipdukai-namas\/\",\"url\":\"https:\/\/monti.lt\/product\/daugkartiniai-lipdukai-namas\/\",\"name\":\"Daugkartiniai lipdukai - Namas - Montessori \u017eaislai\",\"isPartOf\":{\"@id\":\"https:\/\/monti.lt\/#website\"},\"primaryImageOfPage\":{\"@id\":\"https:\/\/monti.lt\/product\/daugkartiniai-lipdukai-namas\/#primaryimage\"},\"image\":{\"@id\":\"https:\/\/monti.lt\/product\/daugkartiniai-lipdukai-namas\/#primaryimage\"},\"thumbnailUrl\":\"https:\/\/monti.lt\/wp-content\/uploads\/2025\/02\/9291-DJ09072-daugkartiniai-lipdukai-namas.jpg\",\"datePublished\":\"2025-02-13T06:32:35+00:00\",\"dateModified\":\"2025-11-29T07:54:26+00:00\",\"breadcrumb\":{\"@id\":\"https:\/\/monti.lt\/product\/daugkartiniai-lipdukai-namas\/#breadcrumb\"},\"inLanguage\":\"en-US\",\"potentialAction\":[{\"@type\":\"ReadAction\",\"target\":[\"https:\/\/monti.lt\/product\/daugkartiniai-lipdukai-namas\/\"]}]},{\"@type\":\"ImageObject\",\"inLanguage\":\"en-US\",\"@id\":\"https:\/\/monti.lt\/product\/daugkartiniai-lipdukai-namas\/#primaryimage\",\"url\":\"https:\/\/monti.lt\/wp-content\/uploads\/2025\/02\/9291-DJ09072-daugkartiniai-lipdukai-namas.jpg\",\"contentUrl\":\"https:\/\/monti.lt\/wp-content\/uploads\/2025\/02\/9291-DJ09072-daugkartiniai-lipdukai-namas.jpg\",\"width\":600,\"height\":600},{\"@type\":\"BreadcrumbList\",\"@id\":\"https:\/\/monti.lt\/product\/daugkartiniai-lipdukai-namas\/#breadcrumb\",\"itemListElement\":[{\"@type\":\"ListItem\",\"position\":1,\"name\":\"Home\",\"item\":\"https:\/\/monti.lt\/\"},{\"@type\":\"ListItem\",\"position\":2,\"name\":\"Parduotuv\u0117\",\"item\":\"https:\/\/monti.lt\/shop\/\"},{\"@type\":\"ListItem\",\"position\":3,\"name\":\"Daugkartiniai lipdukai &#8211; Namas\"}]},{\"@type\":\"WebSite\",\"@id\":\"https:\/\/monti.lt\/#website\",\"url\":\"https:\/\/monti.lt\/\",\"name\":\"Montessori \u017eaislai\",\"description\":\"\",\"publisher\":{\"@id\":\"https:\/\/monti.lt\/#organization\"},\"potentialAction\":[{\"@type\":\"SearchAction\",\"target\":{\"@type\":\"EntryPoint\",\"urlTemplate\":\"https:\/\/monti.lt\/?s={search_term_string}\"},\"query-input\":\"required name=search_term_string\"}],\"inLanguage\":\"en-US\"},{\"@type\":\"Organization\",\"@id\":\"https:\/\/monti.lt\/#organization\",\"name\":\"Montessori \u017eaislai\",\"url\":\"https:\/\/monti.lt\/\",\"logo\":{\"@type\":\"ImageObject\",\"inLanguage\":\"en-US\",\"@id\":\"https:\/\/monti.lt\/#\/schema\/logo\/image\/\",\"url\":\"https:\/\/monti.lt\/wp-content\/uploads\/2022\/03\/montilogo-1.png\",\"contentUrl\":\"https:\/\/monti.lt\/wp-content\/uploads\/2022\/03\/montilogo-1.png\",\"width\":512,\"height\":512,\"caption\":\"Montessori \u017eaislai\"},\"image\":{\"@id\":\"https:\/\/monti.lt\/#\/schema\/logo\/image\/\"}}]}<\/script>\n<!-- \/ Yoast SEO plugin. -->","yoast_head_json":{"title":"Daugkartiniai lipdukai - Namas - Montessori \u017eaislai","robots":{"index":"index","follow":"follow","max-snippet":"max-snippet:-1","max-image-preview":"max-image-preview:large","max-video-preview":"max-video-preview:-1"},"canonical":"https:\/\/monti.lt\/en\/product\/daugkartiniai-lipdukai-namas\/","og_locale":"en_US","og_type":"article","og_title":"Daugkartiniai lipdukai - Namas - Montessori \u017eaislai","og_description":"Stori bet lengvai nuimami lipdukai ma\u017eyliams. Nor\u0117dami u\u017epildyti paveiksl\u0117l\u012f, pritvirtinkite lipdukus prie pagrindo! Sukeiskite lipdukus, jei norite pakeisti istorij\u0105! Rinkin\u012f sudaro pagrindas su iliustracijomis ir 1 lapas su daugkartinio naudojimo lipdukais. Rekomenduojamas am\u017eius: nuo 18 m\u0117nesi\u0173. Kilm\u0117s \u0161alis: K.L.R. Pagaminta pagal Pranc\u016bzijos dizain\u0105 ir u\u017esakym\u0105.","og_url":"https:\/\/monti.lt\/en\/product\/daugkartiniai-lipdukai-namas\/","og_site_name":"Montessori \u017eaislai","article_modified_time":"2025-11-29T07:54:26+00:00","og_image":[{"width":600,"height":600,"url":"https:\/\/monti.lt\/wp-content\/uploads\/2025\/02\/9291-DJ09072-daugkartiniai-lipdukai-namas.jpg","type":"image\/jpeg"}],"twitter_card":"summary_large_image","twitter_misc":{"Est. reading time":"1 minute"},"schema":{"@context":"https:\/\/schema.org","@graph":[{"@type":"WebPage","@id":"https:\/\/monti.lt\/product\/daugkartiniai-lipdukai-namas\/","url":"https:\/\/monti.lt\/product\/daugkartiniai-lipdukai-namas\/","name":"Daugkartiniai lipdukai - Namas - Montessori \u017eaislai","isPartOf":{"@id":"https:\/\/monti.lt\/#website"},"primaryImageOfPage":{"@id":"https:\/\/monti.lt\/product\/daugkartiniai-lipdukai-namas\/#primaryimage"},"image":{"@id":"https:\/\/monti.lt\/product\/daugkartiniai-lipdukai-namas\/#primaryimage"},"thumbnailUrl":"https:\/\/monti.lt\/wp-content\/uploads\/2025\/02\/9291-DJ09072-daugkartiniai-lipdukai-namas.jpg","datePublished":"2025-02-13T06:32:35+00:00","dateModified":"2025-11-29T07:54:26+00:00","breadcrumb":{"@id":"https:\/\/monti.lt\/product\/daugkartiniai-lipdukai-namas\/#breadcrumb"},"inLanguage":"en-US","potentialAction":[{"@type":"ReadAction","target":["https:\/\/monti.lt\/product\/daugkartiniai-lipdukai-namas\/"]}]},{"@type":"ImageObject","inLanguage":"en-US","@id":"https:\/\/monti.lt\/product\/daugkartiniai-lipdukai-namas\/#primaryimage","url":"https:\/\/monti.lt\/wp-content\/uploads\/2025\/02\/9291-DJ09072-daugkartiniai-lipdukai-namas.jpg","contentUrl":"https:\/\/monti.lt\/wp-content\/uploads\/2025\/02\/9291-DJ09072-daugkartiniai-lipdukai-namas.jpg","width":600,"height":600},{"@type":"BreadcrumbList","@id":"https:\/\/monti.lt\/product\/daugkartiniai-lipdukai-namas\/#breadcrumb","itemListElement":[{"@type":"ListItem","position":1,"name":"Home","item":"https:\/\/monti.lt\/"},{"@type":"ListItem","position":2,"name":"Parduotuv\u0117","item":"https:\/\/monti.lt\/shop\/"},{"@type":"ListItem","position":3,"name":"Daugkartiniai lipdukai &#8211; Namas"}]},{"@type":"WebSite","@id":"https:\/\/monti.lt\/#website","url":"https:\/\/monti.lt\/","name":"Montessori \u017eaislai","description":"","publisher":{"@id":"https:\/\/monti.lt\/#organization"},"potentialAction":[{"@type":"SearchAction","target":{"@type":"EntryPoint","urlTemplate":"https:\/\/monti.lt\/?s={search_term_string}"},"query-input":"required name=search_term_string"}],"inLanguage":"en-US"},{"@type":"Organization","@id":"https:\/\/monti.lt\/#organization","name":"Montessori \u017eaislai","url":"https:\/\/monti.lt\/","logo":{"@type":"ImageObject","inLanguage":"en-US","@id":"https:\/\/monti.lt\/#\/schema\/logo\/image\/","url":"https:\/\/monti.lt\/wp-content\/uploads\/2022\/03\/montilogo-1.png","contentUrl":"https:\/\/monti.lt\/wp-content\/uploads\/2022\/03\/montilogo-1.png","width":512,"height":512,"caption":"Montessori \u017eaislai"},"image":{"@id":"https:\/\/monti.lt\/#\/schema\/logo\/image\/"}}]}},"_links":{"self":[{"href":"https:\/\/monti.lt\/en\/wp-json\/wp\/v2\/product\/30459"}],"collection":[{"href":"https:\/\/monti.lt\/en\/wp-json\/wp\/v2\/product"}],"about":[{"href":"https:\/\/monti.lt\/en\/wp-json\/wp\/v2\/types\/product"}],"version-history":[{"count":1,"href":"https:\/\/monti.lt\/en\/wp-json\/wp\/v2\/product\/30459\/revisions"}],"predecessor-version":[{"id":30462,"href":"https:\/\/monti.lt\/en\/wp-json\/wp\/v2\/product\/30459\/revisions\/30462"}],"wp:featuredmedia":[{"embeddable":true,"href":"https:\/\/monti.lt\/en\/wp-json\/wp\/v2\/media\/30460"}],"wp:attachment":[{"href":"https:\/\/monti.lt\/en\/wp-json\/wp\/v2\/media?parent=30459"}],"wp:term":[{"taxonomy":"product_cat","embeddable":true,"href":"https:\/\/monti.lt\/en\/wp-json\/wp\/v2\/product_cat?post=30459"},{"taxonomy":"product_tag","embeddable":true,"href":"https:\/\/monti.lt\/en\/wp-json\/wp\/v2\/product_tag?post=30459"}],"curies":[{"name":"wp","href":"https:\/\/api.w.org\/{rel}","templated":true}]}}