{"id":30469,"date":"2025-02-13T10:24:15","date_gmt":"2025-02-13T10:24:15","guid":{"rendered":"https:\/\/monti.lt\/?post_type=product&#038;p=30469"},"modified":"2025-11-16T13:45:45","modified_gmt":"2025-11-16T13:45:45","slug":"abc-champions-antistresiniu-kamuoliuku-rinkinys-2-vnt","status":"publish","type":"product","link":"https:\/\/monti.lt\/en\/product\/abc-champions-antistresiniu-kamuoliuku-rinkinys-2-vnt\/","title":{"rendered":"ABC Champions &#8211; Antistresini\u0173 kamuoliuk\u0173 rinkinys (2 vnt.)"},"content":{"rendered":"","protected":false},"excerpt":{"rendered":"<p><!-- wp:paragraph --><\/p>\n<p>Minkomas antistresinis \u017eaislas (2 vnt.).<\/p>\n<p><!-- \/wp:paragraph --> <!-- wp:paragraph --><\/p>\n<p>U\u017epildas: EVA milteliai.<\/p>\n<p><!-- \/wp:paragraph --> <!-- wp:paragraph --><\/p>\n<p>Skersmuo: 4.5 cm. D\u0117mesio! Netinka vaikams iki 3 met\u0173.<\/p>\n<p><!-- \/wp:paragraph --><\/p>","protected":false},"featured_media":30471,"template":"","meta":{"_acf_changed":false,"iawp_total_views":35},"product_cat":[252,81,49,39],"product_tag":[97,98,99],"class_list":{"0":"post-30469","1":"product","2":"type-product","3":"status-publish","4":"has-post-thumbnail","6":"product_cat-djeco","7":"product_cat-kiti-zaislai","8":"product_cat-visi-zaislai","9":"product_cat-zaislai","10":"product_tag-3-m-4-m","11":"product_tag-5-m-7-m","12":"product_tag-8-m-11-m","14":"first","15":"outofstock","16":"sale","17":"taxable","18":"shipping-taxable","19":"purchasable","20":"product-type-simple"},"acf":[],"yoast_head":"<!-- This site is optimized with the Yoast SEO plugin v23.3 - https:\/\/yoast.com\/wordpress\/plugins\/seo\/ -->\n<title>ABC Champions - Antistresini\u0173 kamuoliuk\u0173 rinkinys (2 vnt.) - Montessori \u017eaislai<\/title>\n<meta name=\"robots\" content=\"index, follow, max-snippet:-1, max-image-preview:large, max-video-preview:-1\" \/>\n<link rel=\"canonical\" href=\"https:\/\/monti.lt\/en\/product\/abc-champions-antistresiniu-kamuoliuku-rinkinys-2-vnt\/\" \/>\n<meta property=\"og:locale\" content=\"en_US\" \/>\n<meta property=\"og:type\" content=\"article\" \/>\n<meta property=\"og:title\" content=\"ABC Champions - Antistresini\u0173 kamuoliuk\u0173 rinkinys (2 vnt.) - Montessori \u017eaislai\" \/>\n<meta property=\"og:description\" content=\"Minkomas antistresinis \u017eaislas (2 vnt.).     U\u017epildas: EVA milteliai.     Skersmuo: 4.5 cm. D\u0117mesio! Netinka vaikams iki 3 met\u0173.\" \/>\n<meta property=\"og:url\" content=\"https:\/\/monti.lt\/en\/product\/abc-champions-antistresiniu-kamuoliuku-rinkinys-2-vnt\/\" \/>\n<meta property=\"og:site_name\" content=\"Montessori \u017eaislai\" \/>\n<meta property=\"article:modified_time\" content=\"2025-11-16T13:45:45+00:00\" \/>\n<meta property=\"og:image\" content=\"https:\/\/monti.lt\/wp-content\/uploads\/2025\/02\/antistresiniai.jpg\" \/>\n\t<meta property=\"og:image:width\" content=\"800\" \/>\n\t<meta property=\"og:image:height\" content=\"800\" \/>\n\t<meta property=\"og:image:type\" content=\"image\/jpeg\" \/>\n<meta name=\"twitter:card\" content=\"summary_large_image\" \/>\n<meta name=\"twitter:label1\" content=\"Est. reading time\" \/>\n\t<meta name=\"twitter:data1\" content=\"1 minute\" \/>\n<script type=\"application\/ld+json\" class=\"yoast-schema-graph\">{\"@context\":\"https:\/\/schema.org\",\"@graph\":[{\"@type\":\"WebPage\",\"@id\":\"https:\/\/monti.lt\/product\/abc-champions-antistresiniu-kamuoliuku-rinkinys-2-vnt\/\",\"url\":\"https:\/\/monti.lt\/product\/abc-champions-antistresiniu-kamuoliuku-rinkinys-2-vnt\/\",\"name\":\"ABC Champions - Antistresini\u0173 kamuoliuk\u0173 rinkinys (2 vnt.) - Montessori \u017eaislai\",\"isPartOf\":{\"@id\":\"https:\/\/monti.lt\/#website\"},\"primaryImageOfPage\":{\"@id\":\"https:\/\/monti.lt\/product\/abc-champions-antistresiniu-kamuoliuku-rinkinys-2-vnt\/#primaryimage\"},\"image\":{\"@id\":\"https:\/\/monti.lt\/product\/abc-champions-antistresiniu-kamuoliuku-rinkinys-2-vnt\/#primaryimage\"},\"thumbnailUrl\":\"https:\/\/monti.lt\/wp-content\/uploads\/2025\/02\/antistresiniai.jpg\",\"datePublished\":\"2025-02-13T10:24:15+00:00\",\"dateModified\":\"2025-11-16T13:45:45+00:00\",\"breadcrumb\":{\"@id\":\"https:\/\/monti.lt\/product\/abc-champions-antistresiniu-kamuoliuku-rinkinys-2-vnt\/#breadcrumb\"},\"inLanguage\":\"en-US\",\"potentialAction\":[{\"@type\":\"ReadAction\",\"target\":[\"https:\/\/monti.lt\/product\/abc-champions-antistresiniu-kamuoliuku-rinkinys-2-vnt\/\"]}]},{\"@type\":\"ImageObject\",\"inLanguage\":\"en-US\",\"@id\":\"https:\/\/monti.lt\/product\/abc-champions-antistresiniu-kamuoliuku-rinkinys-2-vnt\/#primaryimage\",\"url\":\"https:\/\/monti.lt\/wp-content\/uploads\/2025\/02\/antistresiniai.jpg\",\"contentUrl\":\"https:\/\/monti.lt\/wp-content\/uploads\/2025\/02\/antistresiniai.jpg\",\"width\":800,\"height\":800,\"caption\":\"antistresiniai kamuoliukai\"},{\"@type\":\"BreadcrumbList\",\"@id\":\"https:\/\/monti.lt\/product\/abc-champions-antistresiniu-kamuoliuku-rinkinys-2-vnt\/#breadcrumb\",\"itemListElement\":[{\"@type\":\"ListItem\",\"position\":1,\"name\":\"Home\",\"item\":\"https:\/\/monti.lt\/\"},{\"@type\":\"ListItem\",\"position\":2,\"name\":\"Parduotuv\u0117\",\"item\":\"https:\/\/monti.lt\/shop\/\"},{\"@type\":\"ListItem\",\"position\":3,\"name\":\"ABC Champions &#8211; Antistresini\u0173 kamuoliuk\u0173 rinkinys (2 vnt.)\"}]},{\"@type\":\"WebSite\",\"@id\":\"https:\/\/monti.lt\/#website\",\"url\":\"https:\/\/monti.lt\/\",\"name\":\"Montessori \u017eaislai\",\"description\":\"\",\"publisher\":{\"@id\":\"https:\/\/monti.lt\/#organization\"},\"potentialAction\":[{\"@type\":\"SearchAction\",\"target\":{\"@type\":\"EntryPoint\",\"urlTemplate\":\"https:\/\/monti.lt\/?s={search_term_string}\"},\"query-input\":\"required name=search_term_string\"}],\"inLanguage\":\"en-US\"},{\"@type\":\"Organization\",\"@id\":\"https:\/\/monti.lt\/#organization\",\"name\":\"Montessori \u017eaislai\",\"url\":\"https:\/\/monti.lt\/\",\"logo\":{\"@type\":\"ImageObject\",\"inLanguage\":\"en-US\",\"@id\":\"https:\/\/monti.lt\/#\/schema\/logo\/image\/\",\"url\":\"https:\/\/monti.lt\/wp-content\/uploads\/2022\/03\/montilogo-1.png\",\"contentUrl\":\"https:\/\/monti.lt\/wp-content\/uploads\/2022\/03\/montilogo-1.png\",\"width\":512,\"height\":512,\"caption\":\"Montessori \u017eaislai\"},\"image\":{\"@id\":\"https:\/\/monti.lt\/#\/schema\/logo\/image\/\"}}]}<\/script>\n<!-- \/ Yoast SEO plugin. -->","yoast_head_json":{"title":"ABC Champions - Antistresini\u0173 kamuoliuk\u0173 rinkinys (2 vnt.) - Montessori \u017eaislai","robots":{"index":"index","follow":"follow","max-snippet":"max-snippet:-1","max-image-preview":"max-image-preview:large","max-video-preview":"max-video-preview:-1"},"canonical":"https:\/\/monti.lt\/en\/product\/abc-champions-antistresiniu-kamuoliuku-rinkinys-2-vnt\/","og_locale":"en_US","og_type":"article","og_title":"ABC Champions - Antistresini\u0173 kamuoliuk\u0173 rinkinys (2 vnt.) - Montessori \u017eaislai","og_description":"Minkomas antistresinis \u017eaislas (2 vnt.).     U\u017epildas: EVA milteliai.     Skersmuo: 4.5 cm. D\u0117mesio! Netinka vaikams iki 3 met\u0173.","og_url":"https:\/\/monti.lt\/en\/product\/abc-champions-antistresiniu-kamuoliuku-rinkinys-2-vnt\/","og_site_name":"Montessori \u017eaislai","article_modified_time":"2025-11-16T13:45:45+00:00","og_image":[{"width":800,"height":800,"url":"https:\/\/monti.lt\/wp-content\/uploads\/2025\/02\/antistresiniai.jpg","type":"image\/jpeg"}],"twitter_card":"summary_large_image","twitter_misc":{"Est. reading time":"1 minute"},"schema":{"@context":"https:\/\/schema.org","@graph":[{"@type":"WebPage","@id":"https:\/\/monti.lt\/product\/abc-champions-antistresiniu-kamuoliuku-rinkinys-2-vnt\/","url":"https:\/\/monti.lt\/product\/abc-champions-antistresiniu-kamuoliuku-rinkinys-2-vnt\/","name":"ABC Champions - Antistresini\u0173 kamuoliuk\u0173 rinkinys (2 vnt.) - Montessori \u017eaislai","isPartOf":{"@id":"https:\/\/monti.lt\/#website"},"primaryImageOfPage":{"@id":"https:\/\/monti.lt\/product\/abc-champions-antistresiniu-kamuoliuku-rinkinys-2-vnt\/#primaryimage"},"image":{"@id":"https:\/\/monti.lt\/product\/abc-champions-antistresiniu-kamuoliuku-rinkinys-2-vnt\/#primaryimage"},"thumbnailUrl":"https:\/\/monti.lt\/wp-content\/uploads\/2025\/02\/antistresiniai.jpg","datePublished":"2025-02-13T10:24:15+00:00","dateModified":"2025-11-16T13:45:45+00:00","breadcrumb":{"@id":"https:\/\/monti.lt\/product\/abc-champions-antistresiniu-kamuoliuku-rinkinys-2-vnt\/#breadcrumb"},"inLanguage":"en-US","potentialAction":[{"@type":"ReadAction","target":["https:\/\/monti.lt\/product\/abc-champions-antistresiniu-kamuoliuku-rinkinys-2-vnt\/"]}]},{"@type":"ImageObject","inLanguage":"en-US","@id":"https:\/\/monti.lt\/product\/abc-champions-antistresiniu-kamuoliuku-rinkinys-2-vnt\/#primaryimage","url":"https:\/\/monti.lt\/wp-content\/uploads\/2025\/02\/antistresiniai.jpg","contentUrl":"https:\/\/monti.lt\/wp-content\/uploads\/2025\/02\/antistresiniai.jpg","width":800,"height":800,"caption":"antistresiniai kamuoliukai"},{"@type":"BreadcrumbList","@id":"https:\/\/monti.lt\/product\/abc-champions-antistresiniu-kamuoliuku-rinkinys-2-vnt\/#breadcrumb","itemListElement":[{"@type":"ListItem","position":1,"name":"Home","item":"https:\/\/monti.lt\/"},{"@type":"ListItem","position":2,"name":"Parduotuv\u0117","item":"https:\/\/monti.lt\/shop\/"},{"@type":"ListItem","position":3,"name":"ABC Champions &#8211; Antistresini\u0173 kamuoliuk\u0173 rinkinys (2 vnt.)"}]},{"@type":"WebSite","@id":"https:\/\/monti.lt\/#website","url":"https:\/\/monti.lt\/","name":"Montessori \u017eaislai","description":"","publisher":{"@id":"https:\/\/monti.lt\/#organization"},"potentialAction":[{"@type":"SearchAction","target":{"@type":"EntryPoint","urlTemplate":"https:\/\/monti.lt\/?s={search_term_string}"},"query-input":"required name=search_term_string"}],"inLanguage":"en-US"},{"@type":"Organization","@id":"https:\/\/monti.lt\/#organization","name":"Montessori \u017eaislai","url":"https:\/\/monti.lt\/","logo":{"@type":"ImageObject","inLanguage":"en-US","@id":"https:\/\/monti.lt\/#\/schema\/logo\/image\/","url":"https:\/\/monti.lt\/wp-content\/uploads\/2022\/03\/montilogo-1.png","contentUrl":"https:\/\/monti.lt\/wp-content\/uploads\/2022\/03\/montilogo-1.png","width":512,"height":512,"caption":"Montessori \u017eaislai"},"image":{"@id":"https:\/\/monti.lt\/#\/schema\/logo\/image\/"}}]}},"_links":{"self":[{"href":"https:\/\/monti.lt\/en\/wp-json\/wp\/v2\/product\/30469"}],"collection":[{"href":"https:\/\/monti.lt\/en\/wp-json\/wp\/v2\/product"}],"about":[{"href":"https:\/\/monti.lt\/en\/wp-json\/wp\/v2\/types\/product"}],"version-history":[{"count":2,"href":"https:\/\/monti.lt\/en\/wp-json\/wp\/v2\/product\/30469\/revisions"}],"predecessor-version":[{"id":30473,"href":"https:\/\/monti.lt\/en\/wp-json\/wp\/v2\/product\/30469\/revisions\/30473"}],"wp:featuredmedia":[{"embeddable":true,"href":"https:\/\/monti.lt\/en\/wp-json\/wp\/v2\/media\/30471"}],"wp:attachment":[{"href":"https:\/\/monti.lt\/en\/wp-json\/wp\/v2\/media?parent=30469"}],"wp:term":[{"taxonomy":"product_cat","embeddable":true,"href":"https:\/\/monti.lt\/en\/wp-json\/wp\/v2\/product_cat?post=30469"},{"taxonomy":"product_tag","embeddable":true,"href":"https:\/\/monti.lt\/en\/wp-json\/wp\/v2\/product_tag?post=30469"}],"curies":[{"name":"wp","href":"https:\/\/api.w.org\/{rel}","templated":true}]}}