{"id":30474,"date":"2025-02-13T10:42:57","date_gmt":"2025-02-13T10:42:57","guid":{"rendered":"https:\/\/monti.lt\/?post_type=product&#038;p=30474"},"modified":"2025-11-14T16:29:14","modified_gmt":"2025-11-14T16:29:14","slug":"skraidancio-kamuoliuko-zaidimas","status":"publish","type":"product","link":"https:\/\/monti.lt\/en\/product\/skraidancio-kamuoliuko-zaidimas\/","title":{"rendered":"Skraidan\u010dio kamuoliuko \u017eaidimas"},"content":{"rendered":"<p>Giliai \u012fkv\u0117pkite ir priverskite kamuoliuk\u0105 skristi! Tai &#8211; gra\u017eus magi\u0161kas triukas, kuris tikrai nustebins j\u016bs\u0173 auditorij\u0105! Rekomenduojamas am\u017eius: nuo 6 met\u0173.\u00a0<\/p>\n\n\n\n<p><\/p>","protected":false},"excerpt":{"rendered":"<p>Giliai \u012fkv\u0117pkite ir priverskite kamuoliuk\u0105 skristi! Tai &#8211; gra\u017eus magi\u0161kas triukas, kuris tikrai nustebins j\u016bs\u0173 auditorij\u0105! Rekomenduojamas am\u017eius: nuo 6 met\u0173.\u00a0<\/p>","protected":false},"featured_media":30476,"template":"","meta":{"_acf_changed":false,"iawp_total_views":151},"product_cat":[218,252,238,84,102,83,90],"product_tag":[101,98,99,100],"class_list":{"0":"post-30474","1":"product","2":"type-product","3":"status-publish","4":"has-post-thumbnail","6":"product_cat-darzeliu-grupems","7":"product_cat-djeco","8":"product_cat-lauko-zaidimai","9":"product_cat-lavinamieji-zaislai","10":"product_cat-mediniai-zaislai","11":"product_cat-montessori-zaislai","12":"product_cat-pasaulio-pazinimas","13":"product_tag-12-m-14-m","14":"product_tag-5-m-7-m","15":"product_tag-8-m-11-m","16":"product_tag-15-m","18":"first","19":"outofstock","20":"sale","21":"taxable","22":"shipping-taxable","23":"purchasable","24":"product-type-simple"},"acf":[],"yoast_head":"<!-- This site is optimized with the Yoast SEO plugin v23.3 - https:\/\/yoast.com\/wordpress\/plugins\/seo\/ -->\n<title>Skraidan\u010dio kamuoliuko \u017eaidimas - Montessori \u017eaislai<\/title>\n<meta name=\"robots\" content=\"index, follow, max-snippet:-1, max-image-preview:large, max-video-preview:-1\" \/>\n<link rel=\"canonical\" href=\"https:\/\/monti.lt\/en\/product\/skraidancio-kamuoliuko-zaidimas\/\" \/>\n<meta property=\"og:locale\" content=\"en_US\" \/>\n<meta property=\"og:type\" content=\"article\" \/>\n<meta property=\"og:title\" content=\"Skraidan\u010dio kamuoliuko \u017eaidimas - Montessori \u017eaislai\" \/>\n<meta property=\"og:description\" content=\"Giliai \u012fkv\u0117pkite ir priverskite kamuoliuk\u0105 skristi! Tai &#8211; gra\u017eus magi\u0161kas triukas, kuris tikrai nustebins j\u016bs\u0173 auditorij\u0105! Rekomenduojamas am\u017eius: nuo 6 met\u0173.\u00a0\" \/>\n<meta property=\"og:url\" content=\"https:\/\/monti.lt\/en\/product\/skraidancio-kamuoliuko-zaidimas\/\" \/>\n<meta property=\"og:site_name\" content=\"Montessori \u017eaislai\" \/>\n<meta property=\"article:modified_time\" content=\"2025-11-14T16:29:14+00:00\" \/>\n<meta property=\"og:image\" content=\"https:\/\/monti.lt\/wp-content\/uploads\/2025\/02\/12201-SV16594-svoora-skraidancio-kamuoliuko-zaidimas-1.jpg\" \/>\n\t<meta property=\"og:image:width\" content=\"800\" \/>\n\t<meta property=\"og:image:height\" content=\"800\" \/>\n\t<meta property=\"og:image:type\" content=\"image\/jpeg\" \/>\n<meta name=\"twitter:card\" content=\"summary_large_image\" \/>\n<meta name=\"twitter:label1\" content=\"Est. reading time\" \/>\n\t<meta name=\"twitter:data1\" content=\"1 minute\" \/>\n<script type=\"application\/ld+json\" class=\"yoast-schema-graph\">{\"@context\":\"https:\/\/schema.org\",\"@graph\":[{\"@type\":\"WebPage\",\"@id\":\"https:\/\/monti.lt\/product\/skraidancio-kamuoliuko-zaidimas\/\",\"url\":\"https:\/\/monti.lt\/product\/skraidancio-kamuoliuko-zaidimas\/\",\"name\":\"Skraidan\u010dio kamuoliuko \u017eaidimas - Montessori \u017eaislai\",\"isPartOf\":{\"@id\":\"https:\/\/monti.lt\/#website\"},\"primaryImageOfPage\":{\"@id\":\"https:\/\/monti.lt\/product\/skraidancio-kamuoliuko-zaidimas\/#primaryimage\"},\"image\":{\"@id\":\"https:\/\/monti.lt\/product\/skraidancio-kamuoliuko-zaidimas\/#primaryimage\"},\"thumbnailUrl\":\"https:\/\/monti.lt\/wp-content\/uploads\/2025\/02\/12201-SV16594-svoora-skraidancio-kamuoliuko-zaidimas-1.jpg\",\"datePublished\":\"2025-02-13T10:42:57+00:00\",\"dateModified\":\"2025-11-14T16:29:14+00:00\",\"breadcrumb\":{\"@id\":\"https:\/\/monti.lt\/product\/skraidancio-kamuoliuko-zaidimas\/#breadcrumb\"},\"inLanguage\":\"en-US\",\"potentialAction\":[{\"@type\":\"ReadAction\",\"target\":[\"https:\/\/monti.lt\/product\/skraidancio-kamuoliuko-zaidimas\/\"]}]},{\"@type\":\"ImageObject\",\"inLanguage\":\"en-US\",\"@id\":\"https:\/\/monti.lt\/product\/skraidancio-kamuoliuko-zaidimas\/#primaryimage\",\"url\":\"https:\/\/monti.lt\/wp-content\/uploads\/2025\/02\/12201-SV16594-svoora-skraidancio-kamuoliuko-zaidimas-1.jpg\",\"contentUrl\":\"https:\/\/monti.lt\/wp-content\/uploads\/2025\/02\/12201-SV16594-svoora-skraidancio-kamuoliuko-zaidimas-1.jpg\",\"width\":800,\"height\":800,\"caption\":\"zaidimas\"},{\"@type\":\"BreadcrumbList\",\"@id\":\"https:\/\/monti.lt\/product\/skraidancio-kamuoliuko-zaidimas\/#breadcrumb\",\"itemListElement\":[{\"@type\":\"ListItem\",\"position\":1,\"name\":\"Home\",\"item\":\"https:\/\/monti.lt\/\"},{\"@type\":\"ListItem\",\"position\":2,\"name\":\"Parduotuv\u0117\",\"item\":\"https:\/\/monti.lt\/shop\/\"},{\"@type\":\"ListItem\",\"position\":3,\"name\":\"Skraidan\u010dio kamuoliuko \u017eaidimas\"}]},{\"@type\":\"WebSite\",\"@id\":\"https:\/\/monti.lt\/#website\",\"url\":\"https:\/\/monti.lt\/\",\"name\":\"Montessori \u017eaislai\",\"description\":\"\",\"publisher\":{\"@id\":\"https:\/\/monti.lt\/#organization\"},\"potentialAction\":[{\"@type\":\"SearchAction\",\"target\":{\"@type\":\"EntryPoint\",\"urlTemplate\":\"https:\/\/monti.lt\/?s={search_term_string}\"},\"query-input\":\"required name=search_term_string\"}],\"inLanguage\":\"en-US\"},{\"@type\":\"Organization\",\"@id\":\"https:\/\/monti.lt\/#organization\",\"name\":\"Montessori \u017eaislai\",\"url\":\"https:\/\/monti.lt\/\",\"logo\":{\"@type\":\"ImageObject\",\"inLanguage\":\"en-US\",\"@id\":\"https:\/\/monti.lt\/#\/schema\/logo\/image\/\",\"url\":\"https:\/\/monti.lt\/wp-content\/uploads\/2022\/03\/montilogo-1.png\",\"contentUrl\":\"https:\/\/monti.lt\/wp-content\/uploads\/2022\/03\/montilogo-1.png\",\"width\":512,\"height\":512,\"caption\":\"Montessori \u017eaislai\"},\"image\":{\"@id\":\"https:\/\/monti.lt\/#\/schema\/logo\/image\/\"}}]}<\/script>\n<!-- \/ Yoast SEO plugin. -->","yoast_head_json":{"title":"Skraidan\u010dio kamuoliuko \u017eaidimas - Montessori \u017eaislai","robots":{"index":"index","follow":"follow","max-snippet":"max-snippet:-1","max-image-preview":"max-image-preview:large","max-video-preview":"max-video-preview:-1"},"canonical":"https:\/\/monti.lt\/en\/product\/skraidancio-kamuoliuko-zaidimas\/","og_locale":"en_US","og_type":"article","og_title":"Skraidan\u010dio kamuoliuko \u017eaidimas - Montessori \u017eaislai","og_description":"Giliai \u012fkv\u0117pkite ir priverskite kamuoliuk\u0105 skristi! Tai &#8211; gra\u017eus magi\u0161kas triukas, kuris tikrai nustebins j\u016bs\u0173 auditorij\u0105! Rekomenduojamas am\u017eius: nuo 6 met\u0173.\u00a0","og_url":"https:\/\/monti.lt\/en\/product\/skraidancio-kamuoliuko-zaidimas\/","og_site_name":"Montessori \u017eaislai","article_modified_time":"2025-11-14T16:29:14+00:00","og_image":[{"width":800,"height":800,"url":"https:\/\/monti.lt\/wp-content\/uploads\/2025\/02\/12201-SV16594-svoora-skraidancio-kamuoliuko-zaidimas-1.jpg","type":"image\/jpeg"}],"twitter_card":"summary_large_image","twitter_misc":{"Est. reading time":"1 minute"},"schema":{"@context":"https:\/\/schema.org","@graph":[{"@type":"WebPage","@id":"https:\/\/monti.lt\/product\/skraidancio-kamuoliuko-zaidimas\/","url":"https:\/\/monti.lt\/product\/skraidancio-kamuoliuko-zaidimas\/","name":"Skraidan\u010dio kamuoliuko \u017eaidimas - Montessori \u017eaislai","isPartOf":{"@id":"https:\/\/monti.lt\/#website"},"primaryImageOfPage":{"@id":"https:\/\/monti.lt\/product\/skraidancio-kamuoliuko-zaidimas\/#primaryimage"},"image":{"@id":"https:\/\/monti.lt\/product\/skraidancio-kamuoliuko-zaidimas\/#primaryimage"},"thumbnailUrl":"https:\/\/monti.lt\/wp-content\/uploads\/2025\/02\/12201-SV16594-svoora-skraidancio-kamuoliuko-zaidimas-1.jpg","datePublished":"2025-02-13T10:42:57+00:00","dateModified":"2025-11-14T16:29:14+00:00","breadcrumb":{"@id":"https:\/\/monti.lt\/product\/skraidancio-kamuoliuko-zaidimas\/#breadcrumb"},"inLanguage":"en-US","potentialAction":[{"@type":"ReadAction","target":["https:\/\/monti.lt\/product\/skraidancio-kamuoliuko-zaidimas\/"]}]},{"@type":"ImageObject","inLanguage":"en-US","@id":"https:\/\/monti.lt\/product\/skraidancio-kamuoliuko-zaidimas\/#primaryimage","url":"https:\/\/monti.lt\/wp-content\/uploads\/2025\/02\/12201-SV16594-svoora-skraidancio-kamuoliuko-zaidimas-1.jpg","contentUrl":"https:\/\/monti.lt\/wp-content\/uploads\/2025\/02\/12201-SV16594-svoora-skraidancio-kamuoliuko-zaidimas-1.jpg","width":800,"height":800,"caption":"zaidimas"},{"@type":"BreadcrumbList","@id":"https:\/\/monti.lt\/product\/skraidancio-kamuoliuko-zaidimas\/#breadcrumb","itemListElement":[{"@type":"ListItem","position":1,"name":"Home","item":"https:\/\/monti.lt\/"},{"@type":"ListItem","position":2,"name":"Parduotuv\u0117","item":"https:\/\/monti.lt\/shop\/"},{"@type":"ListItem","position":3,"name":"Skraidan\u010dio kamuoliuko \u017eaidimas"}]},{"@type":"WebSite","@id":"https:\/\/monti.lt\/#website","url":"https:\/\/monti.lt\/","name":"Montessori \u017eaislai","description":"","publisher":{"@id":"https:\/\/monti.lt\/#organization"},"potentialAction":[{"@type":"SearchAction","target":{"@type":"EntryPoint","urlTemplate":"https:\/\/monti.lt\/?s={search_term_string}"},"query-input":"required name=search_term_string"}],"inLanguage":"en-US"},{"@type":"Organization","@id":"https:\/\/monti.lt\/#organization","name":"Montessori \u017eaislai","url":"https:\/\/monti.lt\/","logo":{"@type":"ImageObject","inLanguage":"en-US","@id":"https:\/\/monti.lt\/#\/schema\/logo\/image\/","url":"https:\/\/monti.lt\/wp-content\/uploads\/2022\/03\/montilogo-1.png","contentUrl":"https:\/\/monti.lt\/wp-content\/uploads\/2022\/03\/montilogo-1.png","width":512,"height":512,"caption":"Montessori \u017eaislai"},"image":{"@id":"https:\/\/monti.lt\/#\/schema\/logo\/image\/"}}]}},"_links":{"self":[{"href":"https:\/\/monti.lt\/en\/wp-json\/wp\/v2\/product\/30474"}],"collection":[{"href":"https:\/\/monti.lt\/en\/wp-json\/wp\/v2\/product"}],"about":[{"href":"https:\/\/monti.lt\/en\/wp-json\/wp\/v2\/types\/product"}],"version-history":[{"count":1,"href":"https:\/\/monti.lt\/en\/wp-json\/wp\/v2\/product\/30474\/revisions"}],"predecessor-version":[{"id":30477,"href":"https:\/\/monti.lt\/en\/wp-json\/wp\/v2\/product\/30474\/revisions\/30477"}],"wp:featuredmedia":[{"embeddable":true,"href":"https:\/\/monti.lt\/en\/wp-json\/wp\/v2\/media\/30476"}],"wp:attachment":[{"href":"https:\/\/monti.lt\/en\/wp-json\/wp\/v2\/media?parent=30474"}],"wp:term":[{"taxonomy":"product_cat","embeddable":true,"href":"https:\/\/monti.lt\/en\/wp-json\/wp\/v2\/product_cat?post=30474"},{"taxonomy":"product_tag","embeddable":true,"href":"https:\/\/monti.lt\/en\/wp-json\/wp\/v2\/product_tag?post=30474"}],"curies":[{"name":"wp","href":"https:\/\/api.w.org\/{rel}","templated":true}]}}