{"id":30478,"date":"2025-02-13T10:46:43","date_gmt":"2025-02-13T10:46:43","guid":{"rendered":"https:\/\/monti.lt\/?post_type=product&#038;p=30478"},"modified":"2026-01-29T11:42:15","modified_gmt":"2026-01-29T11:42:15","slug":"mokomasis-piesimo-rinkinys-zingsnis-po-zingsnio","status":"publish","type":"product","link":"https:\/\/monti.lt\/en\/product\/mokomasis-piesimo-rinkinys-zingsnis-po-zingsnio\/","title":{"rendered":"Mokomasis pie\u0161imo rinkinys &#8211; \u017dingsnis po \u017eingsnio"},"content":{"rendered":"<p>Pie\u0161imas \u017eingsnis po \u017eingsnio. I\u0161mokite pie\u0161ti vadovaudamiesi nuosekliomis instrukcijomis. 3 skirtingi pie\u0161imo b\u016bdai &#8211; 1) pie\u0161imas \u017eingsnis po \u017eingsnio, 2) pie\u0161imas, kuris prasideda skai\u010diaus forma ir 3) pie\u0161imas panaudojant simetrij\u0105. \u017daidime rasite 24 mokom\u0105sias kortel\u0117s, skudur\u0117lis, 1 lentel\u0119 (20 x 20 cm) bei 1 i\u0161trinam\u0105 ra\u0161ikl\u012f. Nutrinama lentel\u0117 leid\u017eia pie\u0161ti daugyb\u0119 kart\u0173. Rekomenduojamas am\u017eius: nuo 4 iki 7 met\u0173. D\u0117mesio! Netinka vaikams iki 3 met\u0173, d\u0117l smulki\u0173 detali\u0173 yra pavojus u\u017espringti. Kilm\u0117s \u0161alis: K.L.R.<\/p>","protected":false},"excerpt":{"rendered":"<p>Pie\u0161imas \u017eingsnis po \u017eingsnio. I\u0161mokite pie\u0161ti vadovaudamiesi nuosekliomis instrukcijomis. 3 skirtingi pie\u0161imo b\u016bdai &#8211; 1) pie\u0161imas \u017eingsnis po \u017eingsnio, 2) pie\u0161imas, kuris prasideda skai\u010diaus forma ir 3) pie\u0161imas panaudojant simetrij\u0105. \u017daidime rasite 24 mokom\u0105sias kortel\u0117s, skudur\u0117lis, 1 lentel\u0119 (20 x 20 cm) bei 1 i\u0161trinam\u0105 ra\u0161ikl\u012f. Nutrinama lentel\u0117 leid\u017eia pie\u0161ti daugyb\u0119 kart\u0173. Rekomenduojamas am\u017eius: nuo [&hellip;]<\/p>","protected":false},"featured_media":30479,"template":"","meta":{"_acf_changed":false,"iawp_total_views":81},"product_cat":[252,87,89],"product_tag":[97],"class_list":{"0":"post-30478","1":"product","2":"type-product","3":"status-publish","4":"has-post-thumbnail","6":"product_cat-djeco","7":"product_cat-kurybiniai-rinkiniai","8":"product_cat-mokausi-piesti","9":"product_tag-3-m-4-m","11":"first","12":"outofstock","13":"taxable","14":"shipping-taxable","15":"purchasable","16":"product-type-simple"},"acf":[],"yoast_head":"<!-- This site is optimized with the Yoast SEO plugin v23.3 - https:\/\/yoast.com\/wordpress\/plugins\/seo\/ -->\n<title>Mokomasis pie\u0161imo rinkinys - \u017dingsnis po \u017eingsnio - Montessori \u017eaislai<\/title>\n<meta name=\"robots\" content=\"index, follow, max-snippet:-1, max-image-preview:large, max-video-preview:-1\" \/>\n<link rel=\"canonical\" href=\"https:\/\/monti.lt\/en\/product\/mokomasis-piesimo-rinkinys-zingsnis-po-zingsnio\/\" \/>\n<meta property=\"og:locale\" content=\"en_US\" \/>\n<meta property=\"og:type\" content=\"article\" \/>\n<meta property=\"og:title\" content=\"Mokomasis pie\u0161imo rinkinys - \u017dingsnis po \u017eingsnio - Montessori \u017eaislai\" \/>\n<meta property=\"og:description\" content=\"Pie\u0161imas \u017eingsnis po \u017eingsnio. I\u0161mokite pie\u0161ti vadovaudamiesi nuosekliomis instrukcijomis. 3 skirtingi pie\u0161imo b\u016bdai &#8211; 1) pie\u0161imas \u017eingsnis po \u017eingsnio, 2) pie\u0161imas, kuris prasideda skai\u010diaus forma ir 3) pie\u0161imas panaudojant simetrij\u0105. \u017daidime rasite 24 mokom\u0105sias kortel\u0117s, skudur\u0117lis, 1 lentel\u0119 (20 x 20 cm) bei 1 i\u0161trinam\u0105 ra\u0161ikl\u012f. Nutrinama lentel\u0117 leid\u017eia pie\u0161ti daugyb\u0119 kart\u0173. Rekomenduojamas am\u017eius: nuo [&hellip;]\" \/>\n<meta property=\"og:url\" content=\"https:\/\/monti.lt\/en\/product\/mokomasis-piesimo-rinkinys-zingsnis-po-zingsnio\/\" \/>\n<meta property=\"og:site_name\" content=\"Montessori \u017eaislai\" \/>\n<meta property=\"article:modified_time\" content=\"2026-01-29T11:42:15+00:00\" \/>\n<meta property=\"og:image\" content=\"https:\/\/monti.lt\/wp-content\/uploads\/2025\/02\/11998-DJ08327-mokomasis-piesimo-rinkinys-zingsnis-po-zingsnio-1-2-3-co.jpg\" \/>\n\t<meta property=\"og:image:width\" content=\"800\" \/>\n\t<meta property=\"og:image:height\" content=\"800\" \/>\n\t<meta property=\"og:image:type\" content=\"image\/jpeg\" \/>\n<meta name=\"twitter:card\" content=\"summary_large_image\" \/>\n<meta name=\"twitter:label1\" content=\"Est. reading time\" \/>\n\t<meta name=\"twitter:data1\" content=\"1 minute\" \/>\n<script type=\"application\/ld+json\" class=\"yoast-schema-graph\">{\"@context\":\"https:\/\/schema.org\",\"@graph\":[{\"@type\":\"WebPage\",\"@id\":\"https:\/\/monti.lt\/product\/mokomasis-piesimo-rinkinys-zingsnis-po-zingsnio\/\",\"url\":\"https:\/\/monti.lt\/product\/mokomasis-piesimo-rinkinys-zingsnis-po-zingsnio\/\",\"name\":\"Mokomasis pie\u0161imo rinkinys - \u017dingsnis po \u017eingsnio - Montessori \u017eaislai\",\"isPartOf\":{\"@id\":\"https:\/\/monti.lt\/#website\"},\"primaryImageOfPage\":{\"@id\":\"https:\/\/monti.lt\/product\/mokomasis-piesimo-rinkinys-zingsnis-po-zingsnio\/#primaryimage\"},\"image\":{\"@id\":\"https:\/\/monti.lt\/product\/mokomasis-piesimo-rinkinys-zingsnis-po-zingsnio\/#primaryimage\"},\"thumbnailUrl\":\"https:\/\/monti.lt\/wp-content\/uploads\/2025\/02\/11998-DJ08327-mokomasis-piesimo-rinkinys-zingsnis-po-zingsnio-1-2-3-co.jpg\",\"datePublished\":\"2025-02-13T10:46:43+00:00\",\"dateModified\":\"2026-01-29T11:42:15+00:00\",\"breadcrumb\":{\"@id\":\"https:\/\/monti.lt\/product\/mokomasis-piesimo-rinkinys-zingsnis-po-zingsnio\/#breadcrumb\"},\"inLanguage\":\"en-US\",\"potentialAction\":[{\"@type\":\"ReadAction\",\"target\":[\"https:\/\/monti.lt\/product\/mokomasis-piesimo-rinkinys-zingsnis-po-zingsnio\/\"]}]},{\"@type\":\"ImageObject\",\"inLanguage\":\"en-US\",\"@id\":\"https:\/\/monti.lt\/product\/mokomasis-piesimo-rinkinys-zingsnis-po-zingsnio\/#primaryimage\",\"url\":\"https:\/\/monti.lt\/wp-content\/uploads\/2025\/02\/11998-DJ08327-mokomasis-piesimo-rinkinys-zingsnis-po-zingsnio-1-2-3-co.jpg\",\"contentUrl\":\"https:\/\/monti.lt\/wp-content\/uploads\/2025\/02\/11998-DJ08327-mokomasis-piesimo-rinkinys-zingsnis-po-zingsnio-1-2-3-co.jpg\",\"width\":800,\"height\":800,\"caption\":\"mokomasis rinkinys\"},{\"@type\":\"BreadcrumbList\",\"@id\":\"https:\/\/monti.lt\/product\/mokomasis-piesimo-rinkinys-zingsnis-po-zingsnio\/#breadcrumb\",\"itemListElement\":[{\"@type\":\"ListItem\",\"position\":1,\"name\":\"Home\",\"item\":\"https:\/\/monti.lt\/\"},{\"@type\":\"ListItem\",\"position\":2,\"name\":\"Parduotuv\u0117\",\"item\":\"https:\/\/monti.lt\/shop\/\"},{\"@type\":\"ListItem\",\"position\":3,\"name\":\"Mokomasis pie\u0161imo rinkinys &#8211; \u017dingsnis po \u017eingsnio\"}]},{\"@type\":\"WebSite\",\"@id\":\"https:\/\/monti.lt\/#website\",\"url\":\"https:\/\/monti.lt\/\",\"name\":\"Montessori \u017eaislai\",\"description\":\"\",\"publisher\":{\"@id\":\"https:\/\/monti.lt\/#organization\"},\"potentialAction\":[{\"@type\":\"SearchAction\",\"target\":{\"@type\":\"EntryPoint\",\"urlTemplate\":\"https:\/\/monti.lt\/?s={search_term_string}\"},\"query-input\":\"required name=search_term_string\"}],\"inLanguage\":\"en-US\"},{\"@type\":\"Organization\",\"@id\":\"https:\/\/monti.lt\/#organization\",\"name\":\"Montessori \u017eaislai\",\"url\":\"https:\/\/monti.lt\/\",\"logo\":{\"@type\":\"ImageObject\",\"inLanguage\":\"en-US\",\"@id\":\"https:\/\/monti.lt\/#\/schema\/logo\/image\/\",\"url\":\"https:\/\/monti.lt\/wp-content\/uploads\/2022\/03\/montilogo-1.png\",\"contentUrl\":\"https:\/\/monti.lt\/wp-content\/uploads\/2022\/03\/montilogo-1.png\",\"width\":512,\"height\":512,\"caption\":\"Montessori \u017eaislai\"},\"image\":{\"@id\":\"https:\/\/monti.lt\/#\/schema\/logo\/image\/\"}}]}<\/script>\n<!-- \/ Yoast SEO plugin. -->","yoast_head_json":{"title":"Mokomasis pie\u0161imo rinkinys - \u017dingsnis po \u017eingsnio - Montessori \u017eaislai","robots":{"index":"index","follow":"follow","max-snippet":"max-snippet:-1","max-image-preview":"max-image-preview:large","max-video-preview":"max-video-preview:-1"},"canonical":"https:\/\/monti.lt\/en\/product\/mokomasis-piesimo-rinkinys-zingsnis-po-zingsnio\/","og_locale":"en_US","og_type":"article","og_title":"Mokomasis pie\u0161imo rinkinys - \u017dingsnis po \u017eingsnio - Montessori \u017eaislai","og_description":"Pie\u0161imas \u017eingsnis po \u017eingsnio. I\u0161mokite pie\u0161ti vadovaudamiesi nuosekliomis instrukcijomis. 3 skirtingi pie\u0161imo b\u016bdai &#8211; 1) pie\u0161imas \u017eingsnis po \u017eingsnio, 2) pie\u0161imas, kuris prasideda skai\u010diaus forma ir 3) pie\u0161imas panaudojant simetrij\u0105. \u017daidime rasite 24 mokom\u0105sias kortel\u0117s, skudur\u0117lis, 1 lentel\u0119 (20 x 20 cm) bei 1 i\u0161trinam\u0105 ra\u0161ikl\u012f. Nutrinama lentel\u0117 leid\u017eia pie\u0161ti daugyb\u0119 kart\u0173. Rekomenduojamas am\u017eius: nuo [&hellip;]","og_url":"https:\/\/monti.lt\/en\/product\/mokomasis-piesimo-rinkinys-zingsnis-po-zingsnio\/","og_site_name":"Montessori \u017eaislai","article_modified_time":"2026-01-29T11:42:15+00:00","og_image":[{"width":800,"height":800,"url":"https:\/\/monti.lt\/wp-content\/uploads\/2025\/02\/11998-DJ08327-mokomasis-piesimo-rinkinys-zingsnis-po-zingsnio-1-2-3-co.jpg","type":"image\/jpeg"}],"twitter_card":"summary_large_image","twitter_misc":{"Est. reading time":"1 minute"},"schema":{"@context":"https:\/\/schema.org","@graph":[{"@type":"WebPage","@id":"https:\/\/monti.lt\/product\/mokomasis-piesimo-rinkinys-zingsnis-po-zingsnio\/","url":"https:\/\/monti.lt\/product\/mokomasis-piesimo-rinkinys-zingsnis-po-zingsnio\/","name":"Mokomasis pie\u0161imo rinkinys - \u017dingsnis po \u017eingsnio - Montessori \u017eaislai","isPartOf":{"@id":"https:\/\/monti.lt\/#website"},"primaryImageOfPage":{"@id":"https:\/\/monti.lt\/product\/mokomasis-piesimo-rinkinys-zingsnis-po-zingsnio\/#primaryimage"},"image":{"@id":"https:\/\/monti.lt\/product\/mokomasis-piesimo-rinkinys-zingsnis-po-zingsnio\/#primaryimage"},"thumbnailUrl":"https:\/\/monti.lt\/wp-content\/uploads\/2025\/02\/11998-DJ08327-mokomasis-piesimo-rinkinys-zingsnis-po-zingsnio-1-2-3-co.jpg","datePublished":"2025-02-13T10:46:43+00:00","dateModified":"2026-01-29T11:42:15+00:00","breadcrumb":{"@id":"https:\/\/monti.lt\/product\/mokomasis-piesimo-rinkinys-zingsnis-po-zingsnio\/#breadcrumb"},"inLanguage":"en-US","potentialAction":[{"@type":"ReadAction","target":["https:\/\/monti.lt\/product\/mokomasis-piesimo-rinkinys-zingsnis-po-zingsnio\/"]}]},{"@type":"ImageObject","inLanguage":"en-US","@id":"https:\/\/monti.lt\/product\/mokomasis-piesimo-rinkinys-zingsnis-po-zingsnio\/#primaryimage","url":"https:\/\/monti.lt\/wp-content\/uploads\/2025\/02\/11998-DJ08327-mokomasis-piesimo-rinkinys-zingsnis-po-zingsnio-1-2-3-co.jpg","contentUrl":"https:\/\/monti.lt\/wp-content\/uploads\/2025\/02\/11998-DJ08327-mokomasis-piesimo-rinkinys-zingsnis-po-zingsnio-1-2-3-co.jpg","width":800,"height":800,"caption":"mokomasis rinkinys"},{"@type":"BreadcrumbList","@id":"https:\/\/monti.lt\/product\/mokomasis-piesimo-rinkinys-zingsnis-po-zingsnio\/#breadcrumb","itemListElement":[{"@type":"ListItem","position":1,"name":"Home","item":"https:\/\/monti.lt\/"},{"@type":"ListItem","position":2,"name":"Parduotuv\u0117","item":"https:\/\/monti.lt\/shop\/"},{"@type":"ListItem","position":3,"name":"Mokomasis pie\u0161imo rinkinys &#8211; \u017dingsnis po \u017eingsnio"}]},{"@type":"WebSite","@id":"https:\/\/monti.lt\/#website","url":"https:\/\/monti.lt\/","name":"Montessori \u017eaislai","description":"","publisher":{"@id":"https:\/\/monti.lt\/#organization"},"potentialAction":[{"@type":"SearchAction","target":{"@type":"EntryPoint","urlTemplate":"https:\/\/monti.lt\/?s={search_term_string}"},"query-input":"required name=search_term_string"}],"inLanguage":"en-US"},{"@type":"Organization","@id":"https:\/\/monti.lt\/#organization","name":"Montessori \u017eaislai","url":"https:\/\/monti.lt\/","logo":{"@type":"ImageObject","inLanguage":"en-US","@id":"https:\/\/monti.lt\/#\/schema\/logo\/image\/","url":"https:\/\/monti.lt\/wp-content\/uploads\/2022\/03\/montilogo-1.png","contentUrl":"https:\/\/monti.lt\/wp-content\/uploads\/2022\/03\/montilogo-1.png","width":512,"height":512,"caption":"Montessori \u017eaislai"},"image":{"@id":"https:\/\/monti.lt\/#\/schema\/logo\/image\/"}}]}},"_links":{"self":[{"href":"https:\/\/monti.lt\/en\/wp-json\/wp\/v2\/product\/30478"}],"collection":[{"href":"https:\/\/monti.lt\/en\/wp-json\/wp\/v2\/product"}],"about":[{"href":"https:\/\/monti.lt\/en\/wp-json\/wp\/v2\/types\/product"}],"version-history":[{"count":1,"href":"https:\/\/monti.lt\/en\/wp-json\/wp\/v2\/product\/30478\/revisions"}],"predecessor-version":[{"id":30480,"href":"https:\/\/monti.lt\/en\/wp-json\/wp\/v2\/product\/30478\/revisions\/30480"}],"wp:featuredmedia":[{"embeddable":true,"href":"https:\/\/monti.lt\/en\/wp-json\/wp\/v2\/media\/30479"}],"wp:attachment":[{"href":"https:\/\/monti.lt\/en\/wp-json\/wp\/v2\/media?parent=30478"}],"wp:term":[{"taxonomy":"product_cat","embeddable":true,"href":"https:\/\/monti.lt\/en\/wp-json\/wp\/v2\/product_cat?post=30478"},{"taxonomy":"product_tag","embeddable":true,"href":"https:\/\/monti.lt\/en\/wp-json\/wp\/v2\/product_tag?post=30478"}],"curies":[{"name":"wp","href":"https:\/\/api.w.org\/{rel}","templated":true}]}}