{"id":30483,"date":"2025-02-13T10:54:55","date_gmt":"2025-02-13T10:54:55","guid":{"rendered":"https:\/\/monti.lt\/?post_type=product&#038;p=30483"},"modified":"2025-07-14T09:36:04","modified_gmt":"2025-07-14T09:36:04","slug":"dinaminis-smelis-naturalios-spalvos-1-kg","status":"publish","type":"product","link":"https:\/\/monti.lt\/en\/product\/dinaminis-smelis-naturalios-spalvos-1-kg\/","title":{"rendered":"Kinetinis sm\u0117lis &#8211; Nat\u016bralios spalvos &#8211; 1 kg"},"content":{"rendered":"<p>Dinamin\u012f sm\u0117l\u012f lengva formuoti ir minkyti. Galite lengvai sukuti naujas konstrukcijas ir formas. Nesud\u017ei\u016bsta ir nesukiet\u0117ja net pakartotinai naudojant ilgesn\u012f laik\u0105. Atsargumo priemon\u0117s: Nor\u0117dami i\u0161saugoti produkto savybes, venkite kontakto su vandeniu. Nenaudokite sm\u0117lio vietose, kur yra daug dr\u0117gm\u0117s. Jei sm\u0117lis kontaktavo su vandeniu, g\u0117rimais ar kitokis dr\u0117gnomis med\u017eiagomis, nedelsdami i\u0161meskite t\u0105 u\u017eter\u0161to sm\u0117lio dal\u012f, nes kitaip galima sugadint vis\u0105 gamin\u012f. Po ilgesnio \u017eaidimo sm\u0117lis gali prad\u0117ti lipti prie rank\u0173; tokiu atveju kruop\u0161\u010diai nusiplaukite ir nusausinkite rankas, ir tik tuomet t\u0119skie \u017eaidim\u0105. Pagaminta Lenkijoje.<\/p>\n\n\n\n<p><\/p>","protected":false},"excerpt":{"rendered":"<p>Dinamin\u012f sm\u0117l\u012f lengva formuoti ir minkyti. Galite lengvai sukuti naujas konstrukcijas ir formas. Nesud\u017ei\u016bsta ir nesukiet\u0117ja net pakartotinai naudojant ilgesn\u012f laik\u0105. Atsargumo priemon\u0117s: Nor\u0117dami i\u0161saugoti produkto savybes, venkite kontakto su vandeniu. Nenaudokite sm\u0117lio vietose, kur yra daug dr\u0117gm\u0117s. Jei sm\u0117lis kontaktavo su vandeniu, g\u0117rimais ar kitokis dr\u0117gnomis med\u017eiagomis, nedelsdami i\u0161meskite t\u0105 u\u017eter\u0161to sm\u0117lio dal\u012f, nes [&hellip;]<\/p>","protected":false},"featured_media":30487,"template":"","meta":{"_acf_changed":false,"iawp_total_views":31},"product_cat":[81,87,90,49],"product_tag":[96,97,98],"class_list":{"0":"post-30483","1":"product","2":"type-product","3":"status-publish","4":"has-post-thumbnail","6":"product_cat-kiti-zaislai","7":"product_cat-kurybiniai-rinkiniai","8":"product_cat-pasaulio-pazinimas","9":"product_cat-visi-zaislai","10":"product_tag-2-m-3-m","11":"product_tag-3-m-4-m","12":"product_tag-5-m-7-m","14":"first","15":"outofstock","16":"taxable","17":"shipping-taxable","18":"purchasable","19":"product-type-simple"},"acf":[],"yoast_head":"<!-- This site is optimized with the Yoast SEO plugin v23.3 - https:\/\/yoast.com\/wordpress\/plugins\/seo\/ -->\n<title>Kinetinis sm\u0117lis - Nat\u016bralios spalvos - 1 kg - Montessori \u017eaislai<\/title>\n<meta name=\"robots\" content=\"index, follow, max-snippet:-1, max-image-preview:large, max-video-preview:-1\" \/>\n<link rel=\"canonical\" href=\"https:\/\/monti.lt\/en\/product\/dinaminis-smelis-naturalios-spalvos-1-kg\/\" \/>\n<meta property=\"og:locale\" content=\"en_US\" \/>\n<meta property=\"og:type\" content=\"article\" \/>\n<meta property=\"og:title\" content=\"Kinetinis sm\u0117lis - Nat\u016bralios spalvos - 1 kg - Montessori \u017eaislai\" \/>\n<meta property=\"og:description\" content=\"Dinamin\u012f sm\u0117l\u012f lengva formuoti ir minkyti. Galite lengvai sukuti naujas konstrukcijas ir formas. Nesud\u017ei\u016bsta ir nesukiet\u0117ja net pakartotinai naudojant ilgesn\u012f laik\u0105. Atsargumo priemon\u0117s: Nor\u0117dami i\u0161saugoti produkto savybes, venkite kontakto su vandeniu. Nenaudokite sm\u0117lio vietose, kur yra daug dr\u0117gm\u0117s. Jei sm\u0117lis kontaktavo su vandeniu, g\u0117rimais ar kitokis dr\u0117gnomis med\u017eiagomis, nedelsdami i\u0161meskite t\u0105 u\u017eter\u0161to sm\u0117lio dal\u012f, nes [&hellip;]\" \/>\n<meta property=\"og:url\" content=\"https:\/\/monti.lt\/en\/product\/dinaminis-smelis-naturalios-spalvos-1-kg\/\" \/>\n<meta property=\"og:site_name\" content=\"Montessori \u017eaislai\" \/>\n<meta property=\"article:modified_time\" content=\"2025-07-14T09:36:04+00:00\" \/>\n<meta property=\"og:image\" content=\"https:\/\/monti.lt\/wp-content\/uploads\/2025\/02\/11574-TU3557-dinaminis-smelis-naturalios-spalvos-1-kg.jpg\" \/>\n\t<meta property=\"og:image:width\" content=\"600\" \/>\n\t<meta property=\"og:image:height\" content=\"600\" \/>\n\t<meta property=\"og:image:type\" content=\"image\/jpeg\" \/>\n<meta name=\"twitter:card\" content=\"summary_large_image\" \/>\n<meta name=\"twitter:label1\" content=\"Est. reading time\" \/>\n\t<meta name=\"twitter:data1\" content=\"1 minute\" \/>\n<script type=\"application\/ld+json\" class=\"yoast-schema-graph\">{\"@context\":\"https:\/\/schema.org\",\"@graph\":[{\"@type\":\"WebPage\",\"@id\":\"https:\/\/monti.lt\/product\/dinaminis-smelis-naturalios-spalvos-1-kg\/\",\"url\":\"https:\/\/monti.lt\/product\/dinaminis-smelis-naturalios-spalvos-1-kg\/\",\"name\":\"Kinetinis sm\u0117lis - Nat\u016bralios spalvos - 1 kg - Montessori \u017eaislai\",\"isPartOf\":{\"@id\":\"https:\/\/monti.lt\/#website\"},\"primaryImageOfPage\":{\"@id\":\"https:\/\/monti.lt\/product\/dinaminis-smelis-naturalios-spalvos-1-kg\/#primaryimage\"},\"image\":{\"@id\":\"https:\/\/monti.lt\/product\/dinaminis-smelis-naturalios-spalvos-1-kg\/#primaryimage\"},\"thumbnailUrl\":\"https:\/\/monti.lt\/wp-content\/uploads\/2025\/02\/11574-TU3557-dinaminis-smelis-naturalios-spalvos-1-kg.jpg\",\"datePublished\":\"2025-02-13T10:54:55+00:00\",\"dateModified\":\"2025-07-14T09:36:04+00:00\",\"breadcrumb\":{\"@id\":\"https:\/\/monti.lt\/product\/dinaminis-smelis-naturalios-spalvos-1-kg\/#breadcrumb\"},\"inLanguage\":\"en-US\",\"potentialAction\":[{\"@type\":\"ReadAction\",\"target\":[\"https:\/\/monti.lt\/product\/dinaminis-smelis-naturalios-spalvos-1-kg\/\"]}]},{\"@type\":\"ImageObject\",\"inLanguage\":\"en-US\",\"@id\":\"https:\/\/monti.lt\/product\/dinaminis-smelis-naturalios-spalvos-1-kg\/#primaryimage\",\"url\":\"https:\/\/monti.lt\/wp-content\/uploads\/2025\/02\/11574-TU3557-dinaminis-smelis-naturalios-spalvos-1-kg.jpg\",\"contentUrl\":\"https:\/\/monti.lt\/wp-content\/uploads\/2025\/02\/11574-TU3557-dinaminis-smelis-naturalios-spalvos-1-kg.jpg\",\"width\":600,\"height\":600,\"caption\":\"dinaminis smelis\"},{\"@type\":\"BreadcrumbList\",\"@id\":\"https:\/\/monti.lt\/product\/dinaminis-smelis-naturalios-spalvos-1-kg\/#breadcrumb\",\"itemListElement\":[{\"@type\":\"ListItem\",\"position\":1,\"name\":\"Home\",\"item\":\"https:\/\/monti.lt\/\"},{\"@type\":\"ListItem\",\"position\":2,\"name\":\"Parduotuv\u0117\",\"item\":\"https:\/\/monti.lt\/shop\/\"},{\"@type\":\"ListItem\",\"position\":3,\"name\":\"Kinetinis sm\u0117lis &#8211; Nat\u016bralios spalvos &#8211; 1 kg\"}]},{\"@type\":\"WebSite\",\"@id\":\"https:\/\/monti.lt\/#website\",\"url\":\"https:\/\/monti.lt\/\",\"name\":\"Montessori \u017eaislai\",\"description\":\"\",\"publisher\":{\"@id\":\"https:\/\/monti.lt\/#organization\"},\"potentialAction\":[{\"@type\":\"SearchAction\",\"target\":{\"@type\":\"EntryPoint\",\"urlTemplate\":\"https:\/\/monti.lt\/?s={search_term_string}\"},\"query-input\":\"required name=search_term_string\"}],\"inLanguage\":\"en-US\"},{\"@type\":\"Organization\",\"@id\":\"https:\/\/monti.lt\/#organization\",\"name\":\"Montessori \u017eaislai\",\"url\":\"https:\/\/monti.lt\/\",\"logo\":{\"@type\":\"ImageObject\",\"inLanguage\":\"en-US\",\"@id\":\"https:\/\/monti.lt\/#\/schema\/logo\/image\/\",\"url\":\"https:\/\/monti.lt\/wp-content\/uploads\/2022\/03\/montilogo-1.png\",\"contentUrl\":\"https:\/\/monti.lt\/wp-content\/uploads\/2022\/03\/montilogo-1.png\",\"width\":512,\"height\":512,\"caption\":\"Montessori \u017eaislai\"},\"image\":{\"@id\":\"https:\/\/monti.lt\/#\/schema\/logo\/image\/\"}}]}<\/script>\n<!-- \/ Yoast SEO plugin. -->","yoast_head_json":{"title":"Kinetinis sm\u0117lis - Nat\u016bralios spalvos - 1 kg - Montessori \u017eaislai","robots":{"index":"index","follow":"follow","max-snippet":"max-snippet:-1","max-image-preview":"max-image-preview:large","max-video-preview":"max-video-preview:-1"},"canonical":"https:\/\/monti.lt\/en\/product\/dinaminis-smelis-naturalios-spalvos-1-kg\/","og_locale":"en_US","og_type":"article","og_title":"Kinetinis sm\u0117lis - Nat\u016bralios spalvos - 1 kg - Montessori \u017eaislai","og_description":"Dinamin\u012f sm\u0117l\u012f lengva formuoti ir minkyti. Galite lengvai sukuti naujas konstrukcijas ir formas. Nesud\u017ei\u016bsta ir nesukiet\u0117ja net pakartotinai naudojant ilgesn\u012f laik\u0105. Atsargumo priemon\u0117s: Nor\u0117dami i\u0161saugoti produkto savybes, venkite kontakto su vandeniu. Nenaudokite sm\u0117lio vietose, kur yra daug dr\u0117gm\u0117s. Jei sm\u0117lis kontaktavo su vandeniu, g\u0117rimais ar kitokis dr\u0117gnomis med\u017eiagomis, nedelsdami i\u0161meskite t\u0105 u\u017eter\u0161to sm\u0117lio dal\u012f, nes [&hellip;]","og_url":"https:\/\/monti.lt\/en\/product\/dinaminis-smelis-naturalios-spalvos-1-kg\/","og_site_name":"Montessori \u017eaislai","article_modified_time":"2025-07-14T09:36:04+00:00","og_image":[{"width":600,"height":600,"url":"https:\/\/monti.lt\/wp-content\/uploads\/2025\/02\/11574-TU3557-dinaminis-smelis-naturalios-spalvos-1-kg.jpg","type":"image\/jpeg"}],"twitter_card":"summary_large_image","twitter_misc":{"Est. reading time":"1 minute"},"schema":{"@context":"https:\/\/schema.org","@graph":[{"@type":"WebPage","@id":"https:\/\/monti.lt\/product\/dinaminis-smelis-naturalios-spalvos-1-kg\/","url":"https:\/\/monti.lt\/product\/dinaminis-smelis-naturalios-spalvos-1-kg\/","name":"Kinetinis sm\u0117lis - Nat\u016bralios spalvos - 1 kg - Montessori \u017eaislai","isPartOf":{"@id":"https:\/\/monti.lt\/#website"},"primaryImageOfPage":{"@id":"https:\/\/monti.lt\/product\/dinaminis-smelis-naturalios-spalvos-1-kg\/#primaryimage"},"image":{"@id":"https:\/\/monti.lt\/product\/dinaminis-smelis-naturalios-spalvos-1-kg\/#primaryimage"},"thumbnailUrl":"https:\/\/monti.lt\/wp-content\/uploads\/2025\/02\/11574-TU3557-dinaminis-smelis-naturalios-spalvos-1-kg.jpg","datePublished":"2025-02-13T10:54:55+00:00","dateModified":"2025-07-14T09:36:04+00:00","breadcrumb":{"@id":"https:\/\/monti.lt\/product\/dinaminis-smelis-naturalios-spalvos-1-kg\/#breadcrumb"},"inLanguage":"en-US","potentialAction":[{"@type":"ReadAction","target":["https:\/\/monti.lt\/product\/dinaminis-smelis-naturalios-spalvos-1-kg\/"]}]},{"@type":"ImageObject","inLanguage":"en-US","@id":"https:\/\/monti.lt\/product\/dinaminis-smelis-naturalios-spalvos-1-kg\/#primaryimage","url":"https:\/\/monti.lt\/wp-content\/uploads\/2025\/02\/11574-TU3557-dinaminis-smelis-naturalios-spalvos-1-kg.jpg","contentUrl":"https:\/\/monti.lt\/wp-content\/uploads\/2025\/02\/11574-TU3557-dinaminis-smelis-naturalios-spalvos-1-kg.jpg","width":600,"height":600,"caption":"dinaminis smelis"},{"@type":"BreadcrumbList","@id":"https:\/\/monti.lt\/product\/dinaminis-smelis-naturalios-spalvos-1-kg\/#breadcrumb","itemListElement":[{"@type":"ListItem","position":1,"name":"Home","item":"https:\/\/monti.lt\/"},{"@type":"ListItem","position":2,"name":"Parduotuv\u0117","item":"https:\/\/monti.lt\/shop\/"},{"@type":"ListItem","position":3,"name":"Kinetinis sm\u0117lis &#8211; Nat\u016bralios spalvos &#8211; 1 kg"}]},{"@type":"WebSite","@id":"https:\/\/monti.lt\/#website","url":"https:\/\/monti.lt\/","name":"Montessori \u017eaislai","description":"","publisher":{"@id":"https:\/\/monti.lt\/#organization"},"potentialAction":[{"@type":"SearchAction","target":{"@type":"EntryPoint","urlTemplate":"https:\/\/monti.lt\/?s={search_term_string}"},"query-input":"required name=search_term_string"}],"inLanguage":"en-US"},{"@type":"Organization","@id":"https:\/\/monti.lt\/#organization","name":"Montessori \u017eaislai","url":"https:\/\/monti.lt\/","logo":{"@type":"ImageObject","inLanguage":"en-US","@id":"https:\/\/monti.lt\/#\/schema\/logo\/image\/","url":"https:\/\/monti.lt\/wp-content\/uploads\/2022\/03\/montilogo-1.png","contentUrl":"https:\/\/monti.lt\/wp-content\/uploads\/2022\/03\/montilogo-1.png","width":512,"height":512,"caption":"Montessori \u017eaislai"},"image":{"@id":"https:\/\/monti.lt\/#\/schema\/logo\/image\/"}}]}},"_links":{"self":[{"href":"https:\/\/monti.lt\/en\/wp-json\/wp\/v2\/product\/30483"}],"collection":[{"href":"https:\/\/monti.lt\/en\/wp-json\/wp\/v2\/product"}],"about":[{"href":"https:\/\/monti.lt\/en\/wp-json\/wp\/v2\/types\/product"}],"version-history":[{"count":2,"href":"https:\/\/monti.lt\/en\/wp-json\/wp\/v2\/product\/30483\/revisions"}],"predecessor-version":[{"id":31465,"href":"https:\/\/monti.lt\/en\/wp-json\/wp\/v2\/product\/30483\/revisions\/31465"}],"wp:featuredmedia":[{"embeddable":true,"href":"https:\/\/monti.lt\/en\/wp-json\/wp\/v2\/media\/30487"}],"wp:attachment":[{"href":"https:\/\/monti.lt\/en\/wp-json\/wp\/v2\/media?parent=30483"}],"wp:term":[{"taxonomy":"product_cat","embeddable":true,"href":"https:\/\/monti.lt\/en\/wp-json\/wp\/v2\/product_cat?post=30483"},{"taxonomy":"product_tag","embeddable":true,"href":"https:\/\/monti.lt\/en\/wp-json\/wp\/v2\/product_tag?post=30483"}],"curies":[{"name":"wp","href":"https:\/\/api.w.org\/{rel}","templated":true}]}}