{"id":30488,"date":"2025-02-13T10:56:21","date_gmt":"2025-02-13T10:56:21","guid":{"rendered":"https:\/\/monti.lt\/?post_type=product&#038;p=30488"},"modified":"2026-03-25T09:26:01","modified_gmt":"2026-03-25T09:26:01","slug":"daugiafunkcis-rinkinys-dinozauru-pasaulis","status":"publish","type":"product","link":"https:\/\/monti.lt\/en\/product\/daugiafunkcis-rinkinys-dinozauru-pasaulis\/","title":{"rendered":"Daugiafunkcis rinkinys &#8211; Dinozaur\u0173 pasaulis"},"content":{"rendered":"<p>\u0160e\u0161i skirtingi u\u017esi\u0117mimai &#8211; dinozaur\u0173 surinkimas, 3D paveiksl\u0117liai, kolia\u017eai, br\u0117\u017eimo menas bei tapyba. \u012e rinkin\u012f \u012feina formos ir pagrindai, norint sukurti 3 dinozaurus; br\u0117\u017eimo \u012frankis ir 4 br\u0117\u017eim\u0173 kortel\u0117s; fonas pie\u0161imui, ra\u0161iklis ir 13 antspaud\u0173; da\u017eymo pagrindas, da\u017eai bei teptukas; 4 folijos lak\u0161tai, lapas su putplas\u010dio lipdukais ir fonas dekoravimui; 2 fonai, skirtingos formos bei lipdukai 3D paveiksl\u0117liams kurti. Rekomenduojamas am\u017eius: nuo 6 met\u0173. D\u0117mesio! Netinka vaikams iki 3 met\u0173, d\u0117l smulki\u0173 detali\u0173 yra pavojus u\u017espringti. Kilm\u0117s \u0161alis: K.L.R.<\/p>\n\n\n\n<figure class=\"wp-block-embed is-type-video is-provider-youtube wp-block-embed-youtube wp-embed-aspect-16-9 wp-has-aspect-ratio\"><div class=\"wp-block-embed__wrapper\">\n<div class=\"video-container\"><iframe title=\"DJ09331 - Multi-activity kit by Djeco - The world of dinosaurs\" width=\"1170\" height=\"658\" src=\"https:\/\/www.youtube.com\/embed\/owWbiw_xP90?feature=oembed\" frameborder=\"0\" allow=\"accelerometer; autoplay; clipboard-write; encrypted-media; gyroscope; picture-in-picture; web-share\" referrerpolicy=\"strict-origin-when-cross-origin\" allowfullscreen><\/iframe><\/div>\n<\/div><\/figure>","protected":false},"excerpt":{"rendered":"<p>\u0160e\u0161i skirtingi u\u017esi\u0117mimai &#8211; dinozaur\u0173 surinkimas, 3D paveiksl\u0117liai, kolia\u017eai, br\u0117\u017eimo menas bei tapyba. \u012e rinkin\u012f \u012feina formos ir pagrindai, norint sukurti 3 dinozaurus; br\u0117\u017eimo \u012frankis ir 4 br\u0117\u017eim\u0173 kortel\u0117s; fonas pie\u0161imui, ra\u0161iklis ir 13 antspaud\u0173; da\u017eymo pagrindas, da\u017eai bei teptukas; 4 folijos lak\u0161tai, lapas su putplas\u010dio lipdukais ir fonas dekoravimui; 2 fonai, skirtingos formos bei [&hellip;]<\/p>","protected":false},"featured_media":30490,"template":"","meta":{"_acf_changed":false,"iawp_total_views":187},"product_cat":[252,217,191,87,84,49,39],"product_tag":[98,99],"class_list":{"0":"post-30488","1":"product","2":"type-product","3":"status-publish","4":"has-post-thumbnail","6":"product_cat-djeco","7":"product_cat-dovanos-5-7-metu-vaikams","8":"product_cat-dovanos-vaikams","9":"product_cat-kurybiniai-rinkiniai","10":"product_cat-lavinamieji-zaislai","11":"product_cat-visi-zaislai","12":"product_cat-zaislai","13":"product_tag-5-m-7-m","14":"product_tag-8-m-11-m","16":"first","17":"outofstock","18":"taxable","19":"shipping-taxable","20":"purchasable","21":"product-type-simple"},"acf":[],"yoast_head":"<!-- This site is optimized with the Yoast SEO plugin v23.3 - https:\/\/yoast.com\/wordpress\/plugins\/seo\/ -->\n<title>Daugiafunkcis rinkinys - Dinozaur\u0173 pasaulis - Montessori \u017eaislai<\/title>\n<meta name=\"robots\" content=\"index, follow, max-snippet:-1, max-image-preview:large, max-video-preview:-1\" \/>\n<link rel=\"canonical\" href=\"https:\/\/monti.lt\/en\/product\/daugiafunkcis-rinkinys-dinozauru-pasaulis\/\" \/>\n<meta property=\"og:locale\" content=\"en_US\" \/>\n<meta property=\"og:type\" content=\"article\" \/>\n<meta property=\"og:title\" content=\"Daugiafunkcis rinkinys - Dinozaur\u0173 pasaulis - Montessori \u017eaislai\" \/>\n<meta property=\"og:description\" content=\"\u0160e\u0161i skirtingi u\u017esi\u0117mimai &#8211; dinozaur\u0173 surinkimas, 3D paveiksl\u0117liai, kolia\u017eai, br\u0117\u017eimo menas bei tapyba. \u012e rinkin\u012f \u012feina formos ir pagrindai, norint sukurti 3 dinozaurus; br\u0117\u017eimo \u012frankis ir 4 br\u0117\u017eim\u0173 kortel\u0117s; fonas pie\u0161imui, ra\u0161iklis ir 13 antspaud\u0173; da\u017eymo pagrindas, da\u017eai bei teptukas; 4 folijos lak\u0161tai, lapas su putplas\u010dio lipdukais ir fonas dekoravimui; 2 fonai, skirtingos formos bei [&hellip;]\" \/>\n<meta property=\"og:url\" content=\"https:\/\/monti.lt\/en\/product\/daugiafunkcis-rinkinys-dinozauru-pasaulis\/\" \/>\n<meta property=\"og:site_name\" content=\"Montessori \u017eaislai\" \/>\n<meta property=\"article:modified_time\" content=\"2026-03-25T09:26:01+00:00\" \/>\n<meta property=\"og:image\" content=\"https:\/\/monti.lt\/wp-content\/uploads\/2025\/02\/9300-DJ09331-daugiafunkcis-rinkinys-dinozaur-pasaulis.jpg\" \/>\n\t<meta property=\"og:image:width\" content=\"600\" \/>\n\t<meta property=\"og:image:height\" content=\"600\" \/>\n\t<meta property=\"og:image:type\" content=\"image\/jpeg\" \/>\n<meta name=\"twitter:card\" content=\"summary_large_image\" \/>\n<meta name=\"twitter:label1\" content=\"Est. reading time\" \/>\n\t<meta name=\"twitter:data1\" content=\"1 minute\" \/>\n<script type=\"application\/ld+json\" class=\"yoast-schema-graph\">{\"@context\":\"https:\/\/schema.org\",\"@graph\":[{\"@type\":\"WebPage\",\"@id\":\"https:\/\/monti.lt\/product\/daugiafunkcis-rinkinys-dinozauru-pasaulis\/\",\"url\":\"https:\/\/monti.lt\/product\/daugiafunkcis-rinkinys-dinozauru-pasaulis\/\",\"name\":\"Daugiafunkcis rinkinys - Dinozaur\u0173 pasaulis - Montessori \u017eaislai\",\"isPartOf\":{\"@id\":\"https:\/\/monti.lt\/#website\"},\"primaryImageOfPage\":{\"@id\":\"https:\/\/monti.lt\/product\/daugiafunkcis-rinkinys-dinozauru-pasaulis\/#primaryimage\"},\"image\":{\"@id\":\"https:\/\/monti.lt\/product\/daugiafunkcis-rinkinys-dinozauru-pasaulis\/#primaryimage\"},\"thumbnailUrl\":\"https:\/\/monti.lt\/wp-content\/uploads\/2025\/02\/9300-DJ09331-daugiafunkcis-rinkinys-dinozaur-pasaulis.jpg\",\"datePublished\":\"2025-02-13T10:56:21+00:00\",\"dateModified\":\"2026-03-25T09:26:01+00:00\",\"breadcrumb\":{\"@id\":\"https:\/\/monti.lt\/product\/daugiafunkcis-rinkinys-dinozauru-pasaulis\/#breadcrumb\"},\"inLanguage\":\"en-US\",\"potentialAction\":[{\"@type\":\"ReadAction\",\"target\":[\"https:\/\/monti.lt\/product\/daugiafunkcis-rinkinys-dinozauru-pasaulis\/\"]}]},{\"@type\":\"ImageObject\",\"inLanguage\":\"en-US\",\"@id\":\"https:\/\/monti.lt\/product\/daugiafunkcis-rinkinys-dinozauru-pasaulis\/#primaryimage\",\"url\":\"https:\/\/monti.lt\/wp-content\/uploads\/2025\/02\/9300-DJ09331-daugiafunkcis-rinkinys-dinozaur-pasaulis.jpg\",\"contentUrl\":\"https:\/\/monti.lt\/wp-content\/uploads\/2025\/02\/9300-DJ09331-daugiafunkcis-rinkinys-dinozaur-pasaulis.jpg\",\"width\":600,\"height\":600,\"caption\":\"djeco\"},{\"@type\":\"BreadcrumbList\",\"@id\":\"https:\/\/monti.lt\/product\/daugiafunkcis-rinkinys-dinozauru-pasaulis\/#breadcrumb\",\"itemListElement\":[{\"@type\":\"ListItem\",\"position\":1,\"name\":\"Home\",\"item\":\"https:\/\/monti.lt\/\"},{\"@type\":\"ListItem\",\"position\":2,\"name\":\"Parduotuv\u0117\",\"item\":\"https:\/\/monti.lt\/shop\/\"},{\"@type\":\"ListItem\",\"position\":3,\"name\":\"Daugiafunkcis rinkinys &#8211; Dinozaur\u0173 pasaulis\"}]},{\"@type\":\"WebSite\",\"@id\":\"https:\/\/monti.lt\/#website\",\"url\":\"https:\/\/monti.lt\/\",\"name\":\"Montessori \u017eaislai\",\"description\":\"\",\"publisher\":{\"@id\":\"https:\/\/monti.lt\/#organization\"},\"potentialAction\":[{\"@type\":\"SearchAction\",\"target\":{\"@type\":\"EntryPoint\",\"urlTemplate\":\"https:\/\/monti.lt\/?s={search_term_string}\"},\"query-input\":\"required name=search_term_string\"}],\"inLanguage\":\"en-US\"},{\"@type\":\"Organization\",\"@id\":\"https:\/\/monti.lt\/#organization\",\"name\":\"Montessori \u017eaislai\",\"url\":\"https:\/\/monti.lt\/\",\"logo\":{\"@type\":\"ImageObject\",\"inLanguage\":\"en-US\",\"@id\":\"https:\/\/monti.lt\/#\/schema\/logo\/image\/\",\"url\":\"https:\/\/monti.lt\/wp-content\/uploads\/2022\/03\/montilogo-1.png\",\"contentUrl\":\"https:\/\/monti.lt\/wp-content\/uploads\/2022\/03\/montilogo-1.png\",\"width\":512,\"height\":512,\"caption\":\"Montessori \u017eaislai\"},\"image\":{\"@id\":\"https:\/\/monti.lt\/#\/schema\/logo\/image\/\"}}]}<\/script>\n<!-- \/ Yoast SEO plugin. -->","yoast_head_json":{"title":"Daugiafunkcis rinkinys - Dinozaur\u0173 pasaulis - Montessori \u017eaislai","robots":{"index":"index","follow":"follow","max-snippet":"max-snippet:-1","max-image-preview":"max-image-preview:large","max-video-preview":"max-video-preview:-1"},"canonical":"https:\/\/monti.lt\/en\/product\/daugiafunkcis-rinkinys-dinozauru-pasaulis\/","og_locale":"en_US","og_type":"article","og_title":"Daugiafunkcis rinkinys - Dinozaur\u0173 pasaulis - Montessori \u017eaislai","og_description":"\u0160e\u0161i skirtingi u\u017esi\u0117mimai &#8211; dinozaur\u0173 surinkimas, 3D paveiksl\u0117liai, kolia\u017eai, br\u0117\u017eimo menas bei tapyba. \u012e rinkin\u012f \u012feina formos ir pagrindai, norint sukurti 3 dinozaurus; br\u0117\u017eimo \u012frankis ir 4 br\u0117\u017eim\u0173 kortel\u0117s; fonas pie\u0161imui, ra\u0161iklis ir 13 antspaud\u0173; da\u017eymo pagrindas, da\u017eai bei teptukas; 4 folijos lak\u0161tai, lapas su putplas\u010dio lipdukais ir fonas dekoravimui; 2 fonai, skirtingos formos bei [&hellip;]","og_url":"https:\/\/monti.lt\/en\/product\/daugiafunkcis-rinkinys-dinozauru-pasaulis\/","og_site_name":"Montessori \u017eaislai","article_modified_time":"2026-03-25T09:26:01+00:00","og_image":[{"width":600,"height":600,"url":"https:\/\/monti.lt\/wp-content\/uploads\/2025\/02\/9300-DJ09331-daugiafunkcis-rinkinys-dinozaur-pasaulis.jpg","type":"image\/jpeg"}],"twitter_card":"summary_large_image","twitter_misc":{"Est. reading time":"1 minute"},"schema":{"@context":"https:\/\/schema.org","@graph":[{"@type":"WebPage","@id":"https:\/\/monti.lt\/product\/daugiafunkcis-rinkinys-dinozauru-pasaulis\/","url":"https:\/\/monti.lt\/product\/daugiafunkcis-rinkinys-dinozauru-pasaulis\/","name":"Daugiafunkcis rinkinys - Dinozaur\u0173 pasaulis - Montessori \u017eaislai","isPartOf":{"@id":"https:\/\/monti.lt\/#website"},"primaryImageOfPage":{"@id":"https:\/\/monti.lt\/product\/daugiafunkcis-rinkinys-dinozauru-pasaulis\/#primaryimage"},"image":{"@id":"https:\/\/monti.lt\/product\/daugiafunkcis-rinkinys-dinozauru-pasaulis\/#primaryimage"},"thumbnailUrl":"https:\/\/monti.lt\/wp-content\/uploads\/2025\/02\/9300-DJ09331-daugiafunkcis-rinkinys-dinozaur-pasaulis.jpg","datePublished":"2025-02-13T10:56:21+00:00","dateModified":"2026-03-25T09:26:01+00:00","breadcrumb":{"@id":"https:\/\/monti.lt\/product\/daugiafunkcis-rinkinys-dinozauru-pasaulis\/#breadcrumb"},"inLanguage":"en-US","potentialAction":[{"@type":"ReadAction","target":["https:\/\/monti.lt\/product\/daugiafunkcis-rinkinys-dinozauru-pasaulis\/"]}]},{"@type":"ImageObject","inLanguage":"en-US","@id":"https:\/\/monti.lt\/product\/daugiafunkcis-rinkinys-dinozauru-pasaulis\/#primaryimage","url":"https:\/\/monti.lt\/wp-content\/uploads\/2025\/02\/9300-DJ09331-daugiafunkcis-rinkinys-dinozaur-pasaulis.jpg","contentUrl":"https:\/\/monti.lt\/wp-content\/uploads\/2025\/02\/9300-DJ09331-daugiafunkcis-rinkinys-dinozaur-pasaulis.jpg","width":600,"height":600,"caption":"djeco"},{"@type":"BreadcrumbList","@id":"https:\/\/monti.lt\/product\/daugiafunkcis-rinkinys-dinozauru-pasaulis\/#breadcrumb","itemListElement":[{"@type":"ListItem","position":1,"name":"Home","item":"https:\/\/monti.lt\/"},{"@type":"ListItem","position":2,"name":"Parduotuv\u0117","item":"https:\/\/monti.lt\/shop\/"},{"@type":"ListItem","position":3,"name":"Daugiafunkcis rinkinys &#8211; Dinozaur\u0173 pasaulis"}]},{"@type":"WebSite","@id":"https:\/\/monti.lt\/#website","url":"https:\/\/monti.lt\/","name":"Montessori \u017eaislai","description":"","publisher":{"@id":"https:\/\/monti.lt\/#organization"},"potentialAction":[{"@type":"SearchAction","target":{"@type":"EntryPoint","urlTemplate":"https:\/\/monti.lt\/?s={search_term_string}"},"query-input":"required name=search_term_string"}],"inLanguage":"en-US"},{"@type":"Organization","@id":"https:\/\/monti.lt\/#organization","name":"Montessori \u017eaislai","url":"https:\/\/monti.lt\/","logo":{"@type":"ImageObject","inLanguage":"en-US","@id":"https:\/\/monti.lt\/#\/schema\/logo\/image\/","url":"https:\/\/monti.lt\/wp-content\/uploads\/2022\/03\/montilogo-1.png","contentUrl":"https:\/\/monti.lt\/wp-content\/uploads\/2022\/03\/montilogo-1.png","width":512,"height":512,"caption":"Montessori \u017eaislai"},"image":{"@id":"https:\/\/monti.lt\/#\/schema\/logo\/image\/"}}]}},"_links":{"self":[{"href":"https:\/\/monti.lt\/en\/wp-json\/wp\/v2\/product\/30488"}],"collection":[{"href":"https:\/\/monti.lt\/en\/wp-json\/wp\/v2\/product"}],"about":[{"href":"https:\/\/monti.lt\/en\/wp-json\/wp\/v2\/types\/product"}],"version-history":[{"count":1,"href":"https:\/\/monti.lt\/en\/wp-json\/wp\/v2\/product\/30488\/revisions"}],"predecessor-version":[{"id":30496,"href":"https:\/\/monti.lt\/en\/wp-json\/wp\/v2\/product\/30488\/revisions\/30496"}],"wp:featuredmedia":[{"embeddable":true,"href":"https:\/\/monti.lt\/en\/wp-json\/wp\/v2\/media\/30490"}],"wp:attachment":[{"href":"https:\/\/monti.lt\/en\/wp-json\/wp\/v2\/media?parent=30488"}],"wp:term":[{"taxonomy":"product_cat","embeddable":true,"href":"https:\/\/monti.lt\/en\/wp-json\/wp\/v2\/product_cat?post=30488"},{"taxonomy":"product_tag","embeddable":true,"href":"https:\/\/monti.lt\/en\/wp-json\/wp\/v2\/product_tag?post=30488"}],"curies":[{"name":"wp","href":"https:\/\/api.w.org\/{rel}","templated":true}]}}