{"id":30497,"date":"2025-02-13T10:59:16","date_gmt":"2025-02-13T10:59:16","guid":{"rendered":"https:\/\/monti.lt\/?post_type=product&#038;p=30497"},"modified":"2026-03-02T06:25:44","modified_gmt":"2026-03-02T06:25:44","slug":"edukacinis-zaidimas-pinstou","status":"publish","type":"product","link":"https:\/\/monti.lt\/en\/product\/edukacinis-zaidimas-pinstou\/","title":{"rendered":"Edukacinis \u017eaidimas &#8211; Pinstou"},"content":{"rendered":"<p>Skai\u010diavimo ir vikrumo \u017eaidimas. Vykdydamas paveiksl\u0117lyje pateiktas instrukcijas, vaikas su spaustuku padeda ant lentos reikiam\u0105 daikt\u0173 skai\u010di\u0173. Komplekte yra 1 medinis pagrindas, 1 medinis spaustukas, 24 medin\u0117s detal\u0117s ir 20 korteli\u0173. Rekomenduojamas am\u017eius: nuo 3 met\u0173. D\u0117mesio! Netinka vaikams iki 3 met\u0173, d\u0117l smulki\u0173 detali\u0173 yra pavojus u\u017espringti. Kilm\u0117s \u0161alis: K.L.R. Pagaminta pagal Pranc\u016bzijos dizain\u0105 ir u\u017esakym\u0105.<\/p>","protected":false},"excerpt":{"rendered":"<p>Skai\u010diavimo ir vikrumo \u017eaidimas. Vykdydamas paveiksl\u0117lyje pateiktas instrukcijas, vaikas su spaustuku padeda ant lentos reikiam\u0105 daikt\u0173 skai\u010di\u0173. Komplekte yra 1 medinis pagrindas, 1 medinis spaustukas, 24 medin\u0117s detal\u0117s ir 20 korteli\u0173. Rekomenduojamas am\u017eius: nuo 3 met\u0173. D\u0117mesio! Netinka vaikams iki 3 met\u0173, d\u0117l smulki\u0173 detali\u0173 yra pavojus u\u017espringti. Kilm\u0117s \u0161alis: K.L.R. Pagaminta pagal Pranc\u016bzijos dizain\u0105 [&hellip;]<\/p>","protected":false},"featured_media":30498,"template":"","meta":{"_acf_changed":false,"iawp_total_views":178},"product_cat":[252,84,88,86,49,39],"product_tag":[97,98],"class_list":{"0":"post-30497","1":"product","2":"type-product","3":"status-publish","4":"has-post-thumbnail","6":"product_cat-djeco","7":"product_cat-lavinamieji-zaislai","8":"product_cat-mokausi-zaisti","9":"product_cat-smulkioji-motorika","10":"product_cat-visi-zaislai","11":"product_cat-zaislai","12":"product_tag-3-m-4-m","13":"product_tag-5-m-7-m","15":"first","16":"instock","17":"taxable","18":"shipping-taxable","19":"purchasable","20":"product-type-simple"},"acf":[],"yoast_head":"<!-- This site is optimized with the Yoast SEO plugin v23.3 - https:\/\/yoast.com\/wordpress\/plugins\/seo\/ -->\n<title>Edukacinis \u017eaidimas - Pinstou - Montessori \u017eaislai<\/title>\n<meta name=\"robots\" content=\"index, follow, max-snippet:-1, max-image-preview:large, max-video-preview:-1\" \/>\n<link rel=\"canonical\" href=\"https:\/\/monti.lt\/en\/product\/edukacinis-zaidimas-pinstou\/\" \/>\n<meta property=\"og:locale\" content=\"en_US\" \/>\n<meta property=\"og:type\" content=\"article\" \/>\n<meta property=\"og:title\" content=\"Edukacinis \u017eaidimas - Pinstou - Montessori \u017eaislai\" \/>\n<meta property=\"og:description\" content=\"Skai\u010diavimo ir vikrumo \u017eaidimas. Vykdydamas paveiksl\u0117lyje pateiktas instrukcijas, vaikas su spaustuku padeda ant lentos reikiam\u0105 daikt\u0173 skai\u010di\u0173. Komplekte yra 1 medinis pagrindas, 1 medinis spaustukas, 24 medin\u0117s detal\u0117s ir 20 korteli\u0173. Rekomenduojamas am\u017eius: nuo 3 met\u0173. D\u0117mesio! Netinka vaikams iki 3 met\u0173, d\u0117l smulki\u0173 detali\u0173 yra pavojus u\u017espringti. Kilm\u0117s \u0161alis: K.L.R. Pagaminta pagal Pranc\u016bzijos dizain\u0105 [&hellip;]\" \/>\n<meta property=\"og:url\" content=\"https:\/\/monti.lt\/en\/product\/edukacinis-zaidimas-pinstou\/\" \/>\n<meta property=\"og:site_name\" content=\"Montessori \u017eaislai\" \/>\n<meta property=\"article:modified_time\" content=\"2026-03-02T06:25:44+00:00\" \/>\n<meta property=\"og:image\" content=\"https:\/\/monti.lt\/wp-content\/uploads\/2025\/02\/10209-DJ01627-edukacinis-zaidimas-pinstou.jpg\" \/>\n\t<meta property=\"og:image:width\" content=\"800\" \/>\n\t<meta property=\"og:image:height\" content=\"800\" \/>\n\t<meta property=\"og:image:type\" content=\"image\/jpeg\" \/>\n<meta name=\"twitter:card\" content=\"summary_large_image\" \/>\n<meta name=\"twitter:label1\" content=\"Est. reading time\" \/>\n\t<meta name=\"twitter:data1\" content=\"1 minute\" \/>\n<script type=\"application\/ld+json\" class=\"yoast-schema-graph\">{\"@context\":\"https:\/\/schema.org\",\"@graph\":[{\"@type\":\"WebPage\",\"@id\":\"https:\/\/monti.lt\/product\/edukacinis-zaidimas-pinstou\/\",\"url\":\"https:\/\/monti.lt\/product\/edukacinis-zaidimas-pinstou\/\",\"name\":\"Edukacinis \u017eaidimas - Pinstou - Montessori \u017eaislai\",\"isPartOf\":{\"@id\":\"https:\/\/monti.lt\/#website\"},\"primaryImageOfPage\":{\"@id\":\"https:\/\/monti.lt\/product\/edukacinis-zaidimas-pinstou\/#primaryimage\"},\"image\":{\"@id\":\"https:\/\/monti.lt\/product\/edukacinis-zaidimas-pinstou\/#primaryimage\"},\"thumbnailUrl\":\"https:\/\/monti.lt\/wp-content\/uploads\/2025\/02\/10209-DJ01627-edukacinis-zaidimas-pinstou.jpg\",\"datePublished\":\"2025-02-13T10:59:16+00:00\",\"dateModified\":\"2026-03-02T06:25:44+00:00\",\"breadcrumb\":{\"@id\":\"https:\/\/monti.lt\/product\/edukacinis-zaidimas-pinstou\/#breadcrumb\"},\"inLanguage\":\"en-US\",\"potentialAction\":[{\"@type\":\"ReadAction\",\"target\":[\"https:\/\/monti.lt\/product\/edukacinis-zaidimas-pinstou\/\"]}]},{\"@type\":\"ImageObject\",\"inLanguage\":\"en-US\",\"@id\":\"https:\/\/monti.lt\/product\/edukacinis-zaidimas-pinstou\/#primaryimage\",\"url\":\"https:\/\/monti.lt\/wp-content\/uploads\/2025\/02\/10209-DJ01627-edukacinis-zaidimas-pinstou.jpg\",\"contentUrl\":\"https:\/\/monti.lt\/wp-content\/uploads\/2025\/02\/10209-DJ01627-edukacinis-zaidimas-pinstou.jpg\",\"width\":800,\"height\":800,\"caption\":\"djeco\"},{\"@type\":\"BreadcrumbList\",\"@id\":\"https:\/\/monti.lt\/product\/edukacinis-zaidimas-pinstou\/#breadcrumb\",\"itemListElement\":[{\"@type\":\"ListItem\",\"position\":1,\"name\":\"Home\",\"item\":\"https:\/\/monti.lt\/\"},{\"@type\":\"ListItem\",\"position\":2,\"name\":\"Parduotuv\u0117\",\"item\":\"https:\/\/monti.lt\/shop\/\"},{\"@type\":\"ListItem\",\"position\":3,\"name\":\"Edukacinis \u017eaidimas &#8211; Pinstou\"}]},{\"@type\":\"WebSite\",\"@id\":\"https:\/\/monti.lt\/#website\",\"url\":\"https:\/\/monti.lt\/\",\"name\":\"Montessori \u017eaislai\",\"description\":\"\",\"publisher\":{\"@id\":\"https:\/\/monti.lt\/#organization\"},\"potentialAction\":[{\"@type\":\"SearchAction\",\"target\":{\"@type\":\"EntryPoint\",\"urlTemplate\":\"https:\/\/monti.lt\/?s={search_term_string}\"},\"query-input\":\"required name=search_term_string\"}],\"inLanguage\":\"en-US\"},{\"@type\":\"Organization\",\"@id\":\"https:\/\/monti.lt\/#organization\",\"name\":\"Montessori \u017eaislai\",\"url\":\"https:\/\/monti.lt\/\",\"logo\":{\"@type\":\"ImageObject\",\"inLanguage\":\"en-US\",\"@id\":\"https:\/\/monti.lt\/#\/schema\/logo\/image\/\",\"url\":\"https:\/\/monti.lt\/wp-content\/uploads\/2022\/03\/montilogo-1.png\",\"contentUrl\":\"https:\/\/monti.lt\/wp-content\/uploads\/2022\/03\/montilogo-1.png\",\"width\":512,\"height\":512,\"caption\":\"Montessori \u017eaislai\"},\"image\":{\"@id\":\"https:\/\/monti.lt\/#\/schema\/logo\/image\/\"}}]}<\/script>\n<!-- \/ Yoast SEO plugin. -->","yoast_head_json":{"title":"Edukacinis \u017eaidimas - Pinstou - Montessori \u017eaislai","robots":{"index":"index","follow":"follow","max-snippet":"max-snippet:-1","max-image-preview":"max-image-preview:large","max-video-preview":"max-video-preview:-1"},"canonical":"https:\/\/monti.lt\/en\/product\/edukacinis-zaidimas-pinstou\/","og_locale":"en_US","og_type":"article","og_title":"Edukacinis \u017eaidimas - Pinstou - Montessori \u017eaislai","og_description":"Skai\u010diavimo ir vikrumo \u017eaidimas. Vykdydamas paveiksl\u0117lyje pateiktas instrukcijas, vaikas su spaustuku padeda ant lentos reikiam\u0105 daikt\u0173 skai\u010di\u0173. Komplekte yra 1 medinis pagrindas, 1 medinis spaustukas, 24 medin\u0117s detal\u0117s ir 20 korteli\u0173. Rekomenduojamas am\u017eius: nuo 3 met\u0173. D\u0117mesio! Netinka vaikams iki 3 met\u0173, d\u0117l smulki\u0173 detali\u0173 yra pavojus u\u017espringti. Kilm\u0117s \u0161alis: K.L.R. Pagaminta pagal Pranc\u016bzijos dizain\u0105 [&hellip;]","og_url":"https:\/\/monti.lt\/en\/product\/edukacinis-zaidimas-pinstou\/","og_site_name":"Montessori \u017eaislai","article_modified_time":"2026-03-02T06:25:44+00:00","og_image":[{"width":800,"height":800,"url":"https:\/\/monti.lt\/wp-content\/uploads\/2025\/02\/10209-DJ01627-edukacinis-zaidimas-pinstou.jpg","type":"image\/jpeg"}],"twitter_card":"summary_large_image","twitter_misc":{"Est. reading time":"1 minute"},"schema":{"@context":"https:\/\/schema.org","@graph":[{"@type":"WebPage","@id":"https:\/\/monti.lt\/product\/edukacinis-zaidimas-pinstou\/","url":"https:\/\/monti.lt\/product\/edukacinis-zaidimas-pinstou\/","name":"Edukacinis \u017eaidimas - Pinstou - Montessori \u017eaislai","isPartOf":{"@id":"https:\/\/monti.lt\/#website"},"primaryImageOfPage":{"@id":"https:\/\/monti.lt\/product\/edukacinis-zaidimas-pinstou\/#primaryimage"},"image":{"@id":"https:\/\/monti.lt\/product\/edukacinis-zaidimas-pinstou\/#primaryimage"},"thumbnailUrl":"https:\/\/monti.lt\/wp-content\/uploads\/2025\/02\/10209-DJ01627-edukacinis-zaidimas-pinstou.jpg","datePublished":"2025-02-13T10:59:16+00:00","dateModified":"2026-03-02T06:25:44+00:00","breadcrumb":{"@id":"https:\/\/monti.lt\/product\/edukacinis-zaidimas-pinstou\/#breadcrumb"},"inLanguage":"en-US","potentialAction":[{"@type":"ReadAction","target":["https:\/\/monti.lt\/product\/edukacinis-zaidimas-pinstou\/"]}]},{"@type":"ImageObject","inLanguage":"en-US","@id":"https:\/\/monti.lt\/product\/edukacinis-zaidimas-pinstou\/#primaryimage","url":"https:\/\/monti.lt\/wp-content\/uploads\/2025\/02\/10209-DJ01627-edukacinis-zaidimas-pinstou.jpg","contentUrl":"https:\/\/monti.lt\/wp-content\/uploads\/2025\/02\/10209-DJ01627-edukacinis-zaidimas-pinstou.jpg","width":800,"height":800,"caption":"djeco"},{"@type":"BreadcrumbList","@id":"https:\/\/monti.lt\/product\/edukacinis-zaidimas-pinstou\/#breadcrumb","itemListElement":[{"@type":"ListItem","position":1,"name":"Home","item":"https:\/\/monti.lt\/"},{"@type":"ListItem","position":2,"name":"Parduotuv\u0117","item":"https:\/\/monti.lt\/shop\/"},{"@type":"ListItem","position":3,"name":"Edukacinis \u017eaidimas &#8211; Pinstou"}]},{"@type":"WebSite","@id":"https:\/\/monti.lt\/#website","url":"https:\/\/monti.lt\/","name":"Montessori \u017eaislai","description":"","publisher":{"@id":"https:\/\/monti.lt\/#organization"},"potentialAction":[{"@type":"SearchAction","target":{"@type":"EntryPoint","urlTemplate":"https:\/\/monti.lt\/?s={search_term_string}"},"query-input":"required name=search_term_string"}],"inLanguage":"en-US"},{"@type":"Organization","@id":"https:\/\/monti.lt\/#organization","name":"Montessori \u017eaislai","url":"https:\/\/monti.lt\/","logo":{"@type":"ImageObject","inLanguage":"en-US","@id":"https:\/\/monti.lt\/#\/schema\/logo\/image\/","url":"https:\/\/monti.lt\/wp-content\/uploads\/2022\/03\/montilogo-1.png","contentUrl":"https:\/\/monti.lt\/wp-content\/uploads\/2022\/03\/montilogo-1.png","width":512,"height":512,"caption":"Montessori \u017eaislai"},"image":{"@id":"https:\/\/monti.lt\/#\/schema\/logo\/image\/"}}]}},"_links":{"self":[{"href":"https:\/\/monti.lt\/en\/wp-json\/wp\/v2\/product\/30497"}],"collection":[{"href":"https:\/\/monti.lt\/en\/wp-json\/wp\/v2\/product"}],"about":[{"href":"https:\/\/monti.lt\/en\/wp-json\/wp\/v2\/types\/product"}],"version-history":[{"count":1,"href":"https:\/\/monti.lt\/en\/wp-json\/wp\/v2\/product\/30497\/revisions"}],"predecessor-version":[{"id":30504,"href":"https:\/\/monti.lt\/en\/wp-json\/wp\/v2\/product\/30497\/revisions\/30504"}],"wp:featuredmedia":[{"embeddable":true,"href":"https:\/\/monti.lt\/en\/wp-json\/wp\/v2\/media\/30498"}],"wp:attachment":[{"href":"https:\/\/monti.lt\/en\/wp-json\/wp\/v2\/media?parent=30497"}],"wp:term":[{"taxonomy":"product_cat","embeddable":true,"href":"https:\/\/monti.lt\/en\/wp-json\/wp\/v2\/product_cat?post=30497"},{"taxonomy":"product_tag","embeddable":true,"href":"https:\/\/monti.lt\/en\/wp-json\/wp\/v2\/product_tag?post=30497"}],"curies":[{"name":"wp","href":"https:\/\/api.w.org\/{rel}","templated":true}]}}