{"id":30505,"date":"2025-02-13T11:03:04","date_gmt":"2025-02-13T11:03:04","guid":{"rendered":"https:\/\/monti.lt\/?post_type=product&#038;p=30505"},"modified":"2026-04-13T07:20:33","modified_gmt":"2026-04-13T07:20:33","slug":"edukacinis-medinis-zaidimas-krokodilas","status":"publish","type":"product","link":"https:\/\/monti.lt\/en\/product\/edukacinis-medinis-zaidimas-krokodilas\/","title":{"rendered":"Edukacinis medinis \u017eaidimas Krokodilas"},"content":{"rendered":"<p>Medinis krokodilas, kuris praryja spalvotas \u017eaidimo detales. Vaikas \u012fsimena instrukcijoje parodyt\u0105 spalv\u0173 sek\u0105 ir sudeda spalvotus rutuliukus krokodilui \u012f nasrus. \u017daid\u0117jas privalo i\u0161likti d\u0117mesingas ir prisiminti kurios spalvos jau buvo pad\u0117tos. Rinkinyje yra 1 medinis krokodilas, 20 spalvot\u0173 detali\u0173 ir 20 korteli\u0173. Rekomenduojamas am\u017eius: nuo 3 met\u0173. D\u0117mesio! Netinka vaikams iki 3 met\u0173, d\u0117l smulki\u0173 detali\u0173 yra pavojus u\u017espringti. Kilm\u0117s \u0161alis: K.L.R. Pagaminta pagal Pranc\u016bzijos dizain\u0105 ir u\u017esakym\u0105.<\/p>","protected":false},"excerpt":{"rendered":"<p>Medinis krokodilas, kuris praryja spalvotas \u017eaidimo detales. Vaikas \u012fsimena instrukcijoje parodyt\u0105 spalv\u0173 sek\u0105 ir sudeda spalvotus rutuliukus krokodilui \u012f nasrus. \u017daid\u0117jas privalo i\u0161likti d\u0117mesingas ir prisiminti kurios spalvos jau buvo pad\u0117tos. Rinkinyje yra 1 medinis krokodilas, 20 spalvot\u0173 detali\u0173 ir 20 korteli\u0173. Rekomenduojamas am\u017eius: nuo 3 met\u0173. D\u0117mesio! Netinka vaikams iki 3 met\u0173, d\u0117l smulki\u0173 [&hellip;]<\/p>","protected":false},"featured_media":30508,"template":"","meta":{"_acf_changed":false,"iawp_total_views":167},"product_cat":[218,252,84,199],"product_tag":[97,98],"class_list":{"0":"post-30505","1":"product","2":"type-product","3":"status-publish","4":"has-post-thumbnail","6":"product_cat-darzeliu-grupems","7":"product_cat-djeco","8":"product_cat-lavinamieji-zaislai","9":"product_cat-ugdymo-istaigoms","10":"product_tag-3-m-4-m","11":"product_tag-5-m-7-m","13":"first","14":"onbackorder","15":"taxable","16":"shipping-taxable","17":"purchasable","18":"product-type-simple"},"acf":[],"yoast_head":"<!-- This site is optimized with the Yoast SEO plugin v23.3 - https:\/\/yoast.com\/wordpress\/plugins\/seo\/ -->\n<title>Edukacinis medinis \u017eaidimas Krokodilas - Montessori \u017eaislai<\/title>\n<meta name=\"robots\" content=\"index, follow, max-snippet:-1, max-image-preview:large, max-video-preview:-1\" \/>\n<link rel=\"canonical\" href=\"https:\/\/monti.lt\/en\/product\/edukacinis-medinis-zaidimas-krokodilas\/\" \/>\n<meta property=\"og:locale\" content=\"en_US\" \/>\n<meta property=\"og:type\" content=\"article\" \/>\n<meta property=\"og:title\" content=\"Edukacinis medinis \u017eaidimas Krokodilas - Montessori \u017eaislai\" \/>\n<meta property=\"og:description\" content=\"Medinis krokodilas, kuris praryja spalvotas \u017eaidimo detales. Vaikas \u012fsimena instrukcijoje parodyt\u0105 spalv\u0173 sek\u0105 ir sudeda spalvotus rutuliukus krokodilui \u012f nasrus. \u017daid\u0117jas privalo i\u0161likti d\u0117mesingas ir prisiminti kurios spalvos jau buvo pad\u0117tos. Rinkinyje yra 1 medinis krokodilas, 20 spalvot\u0173 detali\u0173 ir 20 korteli\u0173. Rekomenduojamas am\u017eius: nuo 3 met\u0173. D\u0117mesio! Netinka vaikams iki 3 met\u0173, d\u0117l smulki\u0173 [&hellip;]\" \/>\n<meta property=\"og:url\" content=\"https:\/\/monti.lt\/en\/product\/edukacinis-medinis-zaidimas-krokodilas\/\" \/>\n<meta property=\"og:site_name\" content=\"Montessori \u017eaislai\" \/>\n<meta property=\"article:modified_time\" content=\"2026-04-13T07:20:33+00:00\" \/>\n<meta property=\"og:image\" content=\"https:\/\/monti.lt\/wp-content\/uploads\/2025\/02\/10211-DJ01629-edukacinis-medinis-zaidimas-crococroc.jpg\" \/>\n\t<meta property=\"og:image:width\" content=\"800\" \/>\n\t<meta property=\"og:image:height\" content=\"800\" \/>\n\t<meta property=\"og:image:type\" content=\"image\/jpeg\" \/>\n<meta name=\"twitter:card\" content=\"summary_large_image\" \/>\n<meta name=\"twitter:label1\" content=\"Est. reading time\" \/>\n\t<meta name=\"twitter:data1\" content=\"1 minute\" \/>\n<script type=\"application\/ld+json\" class=\"yoast-schema-graph\">{\"@context\":\"https:\/\/schema.org\",\"@graph\":[{\"@type\":\"WebPage\",\"@id\":\"https:\/\/monti.lt\/product\/edukacinis-medinis-zaidimas-krokodilas\/\",\"url\":\"https:\/\/monti.lt\/product\/edukacinis-medinis-zaidimas-krokodilas\/\",\"name\":\"Edukacinis medinis \u017eaidimas Krokodilas - Montessori \u017eaislai\",\"isPartOf\":{\"@id\":\"https:\/\/monti.lt\/#website\"},\"primaryImageOfPage\":{\"@id\":\"https:\/\/monti.lt\/product\/edukacinis-medinis-zaidimas-krokodilas\/#primaryimage\"},\"image\":{\"@id\":\"https:\/\/monti.lt\/product\/edukacinis-medinis-zaidimas-krokodilas\/#primaryimage\"},\"thumbnailUrl\":\"https:\/\/monti.lt\/wp-content\/uploads\/2025\/02\/10211-DJ01629-edukacinis-medinis-zaidimas-crococroc.jpg\",\"datePublished\":\"2025-02-13T11:03:04+00:00\",\"dateModified\":\"2026-04-13T07:20:33+00:00\",\"breadcrumb\":{\"@id\":\"https:\/\/monti.lt\/product\/edukacinis-medinis-zaidimas-krokodilas\/#breadcrumb\"},\"inLanguage\":\"en-US\",\"potentialAction\":[{\"@type\":\"ReadAction\",\"target\":[\"https:\/\/monti.lt\/product\/edukacinis-medinis-zaidimas-krokodilas\/\"]}]},{\"@type\":\"ImageObject\",\"inLanguage\":\"en-US\",\"@id\":\"https:\/\/monti.lt\/product\/edukacinis-medinis-zaidimas-krokodilas\/#primaryimage\",\"url\":\"https:\/\/monti.lt\/wp-content\/uploads\/2025\/02\/10211-DJ01629-edukacinis-medinis-zaidimas-crococroc.jpg\",\"contentUrl\":\"https:\/\/monti.lt\/wp-content\/uploads\/2025\/02\/10211-DJ01629-edukacinis-medinis-zaidimas-crococroc.jpg\",\"width\":800,\"height\":800,\"caption\":\"zaidimas krokodilas\"},{\"@type\":\"BreadcrumbList\",\"@id\":\"https:\/\/monti.lt\/product\/edukacinis-medinis-zaidimas-krokodilas\/#breadcrumb\",\"itemListElement\":[{\"@type\":\"ListItem\",\"position\":1,\"name\":\"Home\",\"item\":\"https:\/\/monti.lt\/\"},{\"@type\":\"ListItem\",\"position\":2,\"name\":\"Parduotuv\u0117\",\"item\":\"https:\/\/monti.lt\/shop\/\"},{\"@type\":\"ListItem\",\"position\":3,\"name\":\"Edukacinis medinis \u017eaidimas Krokodilas\"}]},{\"@type\":\"WebSite\",\"@id\":\"https:\/\/monti.lt\/#website\",\"url\":\"https:\/\/monti.lt\/\",\"name\":\"Montessori \u017eaislai\",\"description\":\"\",\"publisher\":{\"@id\":\"https:\/\/monti.lt\/#organization\"},\"potentialAction\":[{\"@type\":\"SearchAction\",\"target\":{\"@type\":\"EntryPoint\",\"urlTemplate\":\"https:\/\/monti.lt\/?s={search_term_string}\"},\"query-input\":\"required name=search_term_string\"}],\"inLanguage\":\"en-US\"},{\"@type\":\"Organization\",\"@id\":\"https:\/\/monti.lt\/#organization\",\"name\":\"Montessori \u017eaislai\",\"url\":\"https:\/\/monti.lt\/\",\"logo\":{\"@type\":\"ImageObject\",\"inLanguage\":\"en-US\",\"@id\":\"https:\/\/monti.lt\/#\/schema\/logo\/image\/\",\"url\":\"https:\/\/monti.lt\/wp-content\/uploads\/2022\/03\/montilogo-1.png\",\"contentUrl\":\"https:\/\/monti.lt\/wp-content\/uploads\/2022\/03\/montilogo-1.png\",\"width\":512,\"height\":512,\"caption\":\"Montessori \u017eaislai\"},\"image\":{\"@id\":\"https:\/\/monti.lt\/#\/schema\/logo\/image\/\"}}]}<\/script>\n<!-- \/ Yoast SEO plugin. -->","yoast_head_json":{"title":"Edukacinis medinis \u017eaidimas Krokodilas - Montessori \u017eaislai","robots":{"index":"index","follow":"follow","max-snippet":"max-snippet:-1","max-image-preview":"max-image-preview:large","max-video-preview":"max-video-preview:-1"},"canonical":"https:\/\/monti.lt\/en\/product\/edukacinis-medinis-zaidimas-krokodilas\/","og_locale":"en_US","og_type":"article","og_title":"Edukacinis medinis \u017eaidimas Krokodilas - Montessori \u017eaislai","og_description":"Medinis krokodilas, kuris praryja spalvotas \u017eaidimo detales. Vaikas \u012fsimena instrukcijoje parodyt\u0105 spalv\u0173 sek\u0105 ir sudeda spalvotus rutuliukus krokodilui \u012f nasrus. \u017daid\u0117jas privalo i\u0161likti d\u0117mesingas ir prisiminti kurios spalvos jau buvo pad\u0117tos. Rinkinyje yra 1 medinis krokodilas, 20 spalvot\u0173 detali\u0173 ir 20 korteli\u0173. Rekomenduojamas am\u017eius: nuo 3 met\u0173. D\u0117mesio! Netinka vaikams iki 3 met\u0173, d\u0117l smulki\u0173 [&hellip;]","og_url":"https:\/\/monti.lt\/en\/product\/edukacinis-medinis-zaidimas-krokodilas\/","og_site_name":"Montessori \u017eaislai","article_modified_time":"2026-04-13T07:20:33+00:00","og_image":[{"width":800,"height":800,"url":"https:\/\/monti.lt\/wp-content\/uploads\/2025\/02\/10211-DJ01629-edukacinis-medinis-zaidimas-crococroc.jpg","type":"image\/jpeg"}],"twitter_card":"summary_large_image","twitter_misc":{"Est. reading time":"1 minute"},"schema":{"@context":"https:\/\/schema.org","@graph":[{"@type":"WebPage","@id":"https:\/\/monti.lt\/product\/edukacinis-medinis-zaidimas-krokodilas\/","url":"https:\/\/monti.lt\/product\/edukacinis-medinis-zaidimas-krokodilas\/","name":"Edukacinis medinis \u017eaidimas Krokodilas - Montessori \u017eaislai","isPartOf":{"@id":"https:\/\/monti.lt\/#website"},"primaryImageOfPage":{"@id":"https:\/\/monti.lt\/product\/edukacinis-medinis-zaidimas-krokodilas\/#primaryimage"},"image":{"@id":"https:\/\/monti.lt\/product\/edukacinis-medinis-zaidimas-krokodilas\/#primaryimage"},"thumbnailUrl":"https:\/\/monti.lt\/wp-content\/uploads\/2025\/02\/10211-DJ01629-edukacinis-medinis-zaidimas-crococroc.jpg","datePublished":"2025-02-13T11:03:04+00:00","dateModified":"2026-04-13T07:20:33+00:00","breadcrumb":{"@id":"https:\/\/monti.lt\/product\/edukacinis-medinis-zaidimas-krokodilas\/#breadcrumb"},"inLanguage":"en-US","potentialAction":[{"@type":"ReadAction","target":["https:\/\/monti.lt\/product\/edukacinis-medinis-zaidimas-krokodilas\/"]}]},{"@type":"ImageObject","inLanguage":"en-US","@id":"https:\/\/monti.lt\/product\/edukacinis-medinis-zaidimas-krokodilas\/#primaryimage","url":"https:\/\/monti.lt\/wp-content\/uploads\/2025\/02\/10211-DJ01629-edukacinis-medinis-zaidimas-crococroc.jpg","contentUrl":"https:\/\/monti.lt\/wp-content\/uploads\/2025\/02\/10211-DJ01629-edukacinis-medinis-zaidimas-crococroc.jpg","width":800,"height":800,"caption":"zaidimas krokodilas"},{"@type":"BreadcrumbList","@id":"https:\/\/monti.lt\/product\/edukacinis-medinis-zaidimas-krokodilas\/#breadcrumb","itemListElement":[{"@type":"ListItem","position":1,"name":"Home","item":"https:\/\/monti.lt\/"},{"@type":"ListItem","position":2,"name":"Parduotuv\u0117","item":"https:\/\/monti.lt\/shop\/"},{"@type":"ListItem","position":3,"name":"Edukacinis medinis \u017eaidimas Krokodilas"}]},{"@type":"WebSite","@id":"https:\/\/monti.lt\/#website","url":"https:\/\/monti.lt\/","name":"Montessori \u017eaislai","description":"","publisher":{"@id":"https:\/\/monti.lt\/#organization"},"potentialAction":[{"@type":"SearchAction","target":{"@type":"EntryPoint","urlTemplate":"https:\/\/monti.lt\/?s={search_term_string}"},"query-input":"required name=search_term_string"}],"inLanguage":"en-US"},{"@type":"Organization","@id":"https:\/\/monti.lt\/#organization","name":"Montessori \u017eaislai","url":"https:\/\/monti.lt\/","logo":{"@type":"ImageObject","inLanguage":"en-US","@id":"https:\/\/monti.lt\/#\/schema\/logo\/image\/","url":"https:\/\/monti.lt\/wp-content\/uploads\/2022\/03\/montilogo-1.png","contentUrl":"https:\/\/monti.lt\/wp-content\/uploads\/2022\/03\/montilogo-1.png","width":512,"height":512,"caption":"Montessori \u017eaislai"},"image":{"@id":"https:\/\/monti.lt\/#\/schema\/logo\/image\/"}}]}},"_links":{"self":[{"href":"https:\/\/monti.lt\/en\/wp-json\/wp\/v2\/product\/30505"}],"collection":[{"href":"https:\/\/monti.lt\/en\/wp-json\/wp\/v2\/product"}],"about":[{"href":"https:\/\/monti.lt\/en\/wp-json\/wp\/v2\/types\/product"}],"version-history":[{"count":1,"href":"https:\/\/monti.lt\/en\/wp-json\/wp\/v2\/product\/30505\/revisions"}],"predecessor-version":[{"id":30509,"href":"https:\/\/monti.lt\/en\/wp-json\/wp\/v2\/product\/30505\/revisions\/30509"}],"wp:featuredmedia":[{"embeddable":true,"href":"https:\/\/monti.lt\/en\/wp-json\/wp\/v2\/media\/30508"}],"wp:attachment":[{"href":"https:\/\/monti.lt\/en\/wp-json\/wp\/v2\/media?parent=30505"}],"wp:term":[{"taxonomy":"product_cat","embeddable":true,"href":"https:\/\/monti.lt\/en\/wp-json\/wp\/v2\/product_cat?post=30505"},{"taxonomy":"product_tag","embeddable":true,"href":"https:\/\/monti.lt\/en\/wp-json\/wp\/v2\/product_tag?post=30505"}],"curies":[{"name":"wp","href":"https:\/\/api.w.org\/{rel}","templated":true}]}}