{"id":30506,"date":"2025-02-13T11:03:59","date_gmt":"2025-02-13T11:03:59","guid":{"rendered":"https:\/\/monti.lt\/?post_type=product&#038;p=30506"},"modified":"2026-04-22T11:48:21","modified_gmt":"2026-04-22T11:48:21","slug":"kortu-zaidimas-mysterax","status":"publish","type":"product","link":"https:\/\/monti.lt\/en\/product\/kortu-zaidimas-mysterax\/","title":{"rendered":"Kort\u0173 \u017eaidimas &#8211; Mysterax"},"content":{"rendered":"<p>Kas grei\u010diausiai ras kortel\u0117je \u012fsipainiojus\u012f svetimk\u016bn\u012f? B\u016bk pirmas, kuris atras pasisl\u0117pus\u012f nederant\u012f objekt\u0105 (ma\u017e\u0105 daikt\u0105 ar gyv\u016bn\u0105), pavyzd\u017eiui, bat\u0105 tarp dinozaur\u0173 ar zuik\u012f tarp g\u0117li\u0173. Rinkinyje 54 patvarios auk\u0161tos kokyb\u0117s kortos. Rekomenduojamas am\u017eius: nuo 4 iki 12 met\u0173. D\u0117mesio! Netinka vaikams iki 3 met\u0173, d\u0117l smulki\u0173 detali\u0173 yra pavojus u\u017espringti. Kilm\u0117s \u0161alis: K.L.R. Pagaminta pagal Pranc\u016bzijos dizain\u0105 ir u\u017esakym\u0105.&nbsp;<\/p>\n\n\n\n<p><a href=\"https:\/\/cloud.varis.lv\/s\/ZjFoqTNGjrcoJTe\">Full game rules download here:<\/a><\/p>\n\n\n\n<figure class=\"wp-block-embed is-type-video is-provider-youtube wp-block-embed-youtube wp-embed-aspect-16-9 wp-has-aspect-ratio\"><div class=\"wp-block-embed__wrapper\">\n<div class=\"video-container\"><iframe title=\"DJ05096 - Djeco Game - Mysterix\" width=\"1170\" height=\"658\" src=\"https:\/\/www.youtube.com\/embed\/KSyGjv0tttc?feature=oembed\" frameborder=\"0\" allow=\"accelerometer; autoplay; clipboard-write; encrypted-media; gyroscope; picture-in-picture; web-share\" referrerpolicy=\"strict-origin-when-cross-origin\" allowfullscreen><\/iframe><\/div>\n<\/div><\/figure>","protected":false},"excerpt":{"rendered":"<p>Kas grei\u010diausiai ras kortel\u0117je \u012fsipainiojus\u012f svetimk\u016bn\u012f? B\u016bk pirmas, kuris atras pasisl\u0117pus\u012f nederant\u012f objekt\u0105 (ma\u017e\u0105 daikt\u0105 ar gyv\u016bn\u0105), pavyzd\u017eiui, bat\u0105 tarp dinozaur\u0173 ar zuik\u012f tarp g\u0117li\u0173. Rinkinyje 54 patvarios auk\u0161tos kokyb\u0117s kortos. Rekomenduojamas am\u017eius: nuo 4 iki 12 met\u0173. D\u0117mesio! Netinka vaikams iki 3 met\u0173, d\u0117l smulki\u0173 detali\u0173 yra pavojus u\u017espringti. Kilm\u0117s \u0161alis: K.L.R. Pagaminta pagal [&hellip;]<\/p>","protected":false},"featured_media":30507,"template":"","meta":{"_acf_changed":false,"iawp_total_views":98},"product_cat":[252,84,91,88,50,49,39,201],"product_tag":[97,98,99],"class_list":{"0":"post-30506","1":"product","2":"type-product","3":"status-publish","4":"has-post-thumbnail","6":"product_cat-djeco","7":"product_cat-lavinamieji-zaislai","8":"product_cat-loginiam-mastymui","9":"product_cat-mokausi-zaisti","10":"product_cat-top-dovanos","11":"product_cat-visi-zaislai","12":"product_cat-zaislai","13":"product_cat-zaislai-kelioneje","14":"product_tag-3-m-4-m","15":"product_tag-5-m-7-m","16":"product_tag-8-m-11-m","18":"first","19":"instock","20":"taxable","21":"shipping-taxable","22":"purchasable","23":"product-type-simple"},"acf":[],"yoast_head":"<!-- This site is optimized with the Yoast SEO plugin v23.3 - https:\/\/yoast.com\/wordpress\/plugins\/seo\/ -->\n<title>Kort\u0173 \u017eaidimas - Mysterax - Montessori \u017eaislai<\/title>\n<meta name=\"robots\" content=\"index, follow, max-snippet:-1, max-image-preview:large, max-video-preview:-1\" \/>\n<link rel=\"canonical\" href=\"https:\/\/monti.lt\/en\/product\/kortu-zaidimas-mysterax\/\" \/>\n<meta property=\"og:locale\" content=\"en_US\" \/>\n<meta property=\"og:type\" content=\"article\" \/>\n<meta property=\"og:title\" content=\"Kort\u0173 \u017eaidimas - Mysterax - Montessori \u017eaislai\" \/>\n<meta property=\"og:description\" content=\"Kas grei\u010diausiai ras kortel\u0117je \u012fsipainiojus\u012f svetimk\u016bn\u012f? B\u016bk pirmas, kuris atras pasisl\u0117pus\u012f nederant\u012f objekt\u0105 (ma\u017e\u0105 daikt\u0105 ar gyv\u016bn\u0105), pavyzd\u017eiui, bat\u0105 tarp dinozaur\u0173 ar zuik\u012f tarp g\u0117li\u0173. Rinkinyje 54 patvarios auk\u0161tos kokyb\u0117s kortos. Rekomenduojamas am\u017eius: nuo 4 iki 12 met\u0173. D\u0117mesio! Netinka vaikams iki 3 met\u0173, d\u0117l smulki\u0173 detali\u0173 yra pavojus u\u017espringti. Kilm\u0117s \u0161alis: K.L.R. Pagaminta pagal [&hellip;]\" \/>\n<meta property=\"og:url\" content=\"https:\/\/monti.lt\/en\/product\/kortu-zaidimas-mysterax\/\" \/>\n<meta property=\"og:site_name\" content=\"Montessori \u017eaislai\" \/>\n<meta property=\"article:modified_time\" content=\"2026-04-22T11:48:21+00:00\" \/>\n<meta property=\"og:image\" content=\"https:\/\/monti.lt\/wp-content\/uploads\/2025\/02\/10229-DJ05096-kort-zaidimas-mysterax.jpg\" \/>\n\t<meta property=\"og:image:width\" content=\"800\" \/>\n\t<meta property=\"og:image:height\" content=\"800\" \/>\n\t<meta property=\"og:image:type\" content=\"image\/jpeg\" \/>\n<meta name=\"twitter:card\" content=\"summary_large_image\" \/>\n<meta name=\"twitter:label1\" content=\"Est. reading time\" \/>\n\t<meta name=\"twitter:data1\" content=\"1 minute\" \/>\n<script type=\"application\/ld+json\" class=\"yoast-schema-graph\">{\"@context\":\"https:\/\/schema.org\",\"@graph\":[{\"@type\":\"WebPage\",\"@id\":\"https:\/\/monti.lt\/product\/kortu-zaidimas-mysterax\/\",\"url\":\"https:\/\/monti.lt\/product\/kortu-zaidimas-mysterax\/\",\"name\":\"Kort\u0173 \u017eaidimas - Mysterax - Montessori \u017eaislai\",\"isPartOf\":{\"@id\":\"https:\/\/monti.lt\/#website\"},\"primaryImageOfPage\":{\"@id\":\"https:\/\/monti.lt\/product\/kortu-zaidimas-mysterax\/#primaryimage\"},\"image\":{\"@id\":\"https:\/\/monti.lt\/product\/kortu-zaidimas-mysterax\/#primaryimage\"},\"thumbnailUrl\":\"https:\/\/monti.lt\/wp-content\/uploads\/2025\/02\/10229-DJ05096-kort-zaidimas-mysterax.jpg\",\"datePublished\":\"2025-02-13T11:03:59+00:00\",\"dateModified\":\"2026-04-22T11:48:21+00:00\",\"breadcrumb\":{\"@id\":\"https:\/\/monti.lt\/product\/kortu-zaidimas-mysterax\/#breadcrumb\"},\"inLanguage\":\"en-US\",\"potentialAction\":[{\"@type\":\"ReadAction\",\"target\":[\"https:\/\/monti.lt\/product\/kortu-zaidimas-mysterax\/\"]}]},{\"@type\":\"ImageObject\",\"inLanguage\":\"en-US\",\"@id\":\"https:\/\/monti.lt\/product\/kortu-zaidimas-mysterax\/#primaryimage\",\"url\":\"https:\/\/monti.lt\/wp-content\/uploads\/2025\/02\/10229-DJ05096-kort-zaidimas-mysterax.jpg\",\"contentUrl\":\"https:\/\/monti.lt\/wp-content\/uploads\/2025\/02\/10229-DJ05096-kort-zaidimas-mysterax.jpg\",\"width\":800,\"height\":800,\"caption\":\"djeco\"},{\"@type\":\"BreadcrumbList\",\"@id\":\"https:\/\/monti.lt\/product\/kortu-zaidimas-mysterax\/#breadcrumb\",\"itemListElement\":[{\"@type\":\"ListItem\",\"position\":1,\"name\":\"Home\",\"item\":\"https:\/\/monti.lt\/\"},{\"@type\":\"ListItem\",\"position\":2,\"name\":\"Parduotuv\u0117\",\"item\":\"https:\/\/monti.lt\/shop\/\"},{\"@type\":\"ListItem\",\"position\":3,\"name\":\"Kort\u0173 \u017eaidimas &#8211; Mysterax\"}]},{\"@type\":\"WebSite\",\"@id\":\"https:\/\/monti.lt\/#website\",\"url\":\"https:\/\/monti.lt\/\",\"name\":\"Montessori \u017eaislai\",\"description\":\"\",\"publisher\":{\"@id\":\"https:\/\/monti.lt\/#organization\"},\"potentialAction\":[{\"@type\":\"SearchAction\",\"target\":{\"@type\":\"EntryPoint\",\"urlTemplate\":\"https:\/\/monti.lt\/?s={search_term_string}\"},\"query-input\":\"required name=search_term_string\"}],\"inLanguage\":\"en-US\"},{\"@type\":\"Organization\",\"@id\":\"https:\/\/monti.lt\/#organization\",\"name\":\"Montessori \u017eaislai\",\"url\":\"https:\/\/monti.lt\/\",\"logo\":{\"@type\":\"ImageObject\",\"inLanguage\":\"en-US\",\"@id\":\"https:\/\/monti.lt\/#\/schema\/logo\/image\/\",\"url\":\"https:\/\/monti.lt\/wp-content\/uploads\/2022\/03\/montilogo-1.png\",\"contentUrl\":\"https:\/\/monti.lt\/wp-content\/uploads\/2022\/03\/montilogo-1.png\",\"width\":512,\"height\":512,\"caption\":\"Montessori \u017eaislai\"},\"image\":{\"@id\":\"https:\/\/monti.lt\/#\/schema\/logo\/image\/\"}}]}<\/script>\n<!-- \/ Yoast SEO plugin. -->","yoast_head_json":{"title":"Kort\u0173 \u017eaidimas - Mysterax - Montessori \u017eaislai","robots":{"index":"index","follow":"follow","max-snippet":"max-snippet:-1","max-image-preview":"max-image-preview:large","max-video-preview":"max-video-preview:-1"},"canonical":"https:\/\/monti.lt\/en\/product\/kortu-zaidimas-mysterax\/","og_locale":"en_US","og_type":"article","og_title":"Kort\u0173 \u017eaidimas - Mysterax - Montessori \u017eaislai","og_description":"Kas grei\u010diausiai ras kortel\u0117je \u012fsipainiojus\u012f svetimk\u016bn\u012f? B\u016bk pirmas, kuris atras pasisl\u0117pus\u012f nederant\u012f objekt\u0105 (ma\u017e\u0105 daikt\u0105 ar gyv\u016bn\u0105), pavyzd\u017eiui, bat\u0105 tarp dinozaur\u0173 ar zuik\u012f tarp g\u0117li\u0173. Rinkinyje 54 patvarios auk\u0161tos kokyb\u0117s kortos. Rekomenduojamas am\u017eius: nuo 4 iki 12 met\u0173. D\u0117mesio! Netinka vaikams iki 3 met\u0173, d\u0117l smulki\u0173 detali\u0173 yra pavojus u\u017espringti. Kilm\u0117s \u0161alis: K.L.R. Pagaminta pagal [&hellip;]","og_url":"https:\/\/monti.lt\/en\/product\/kortu-zaidimas-mysterax\/","og_site_name":"Montessori \u017eaislai","article_modified_time":"2026-04-22T11:48:21+00:00","og_image":[{"width":800,"height":800,"url":"https:\/\/monti.lt\/wp-content\/uploads\/2025\/02\/10229-DJ05096-kort-zaidimas-mysterax.jpg","type":"image\/jpeg"}],"twitter_card":"summary_large_image","twitter_misc":{"Est. reading time":"1 minute"},"schema":{"@context":"https:\/\/schema.org","@graph":[{"@type":"WebPage","@id":"https:\/\/monti.lt\/product\/kortu-zaidimas-mysterax\/","url":"https:\/\/monti.lt\/product\/kortu-zaidimas-mysterax\/","name":"Kort\u0173 \u017eaidimas - Mysterax - Montessori \u017eaislai","isPartOf":{"@id":"https:\/\/monti.lt\/#website"},"primaryImageOfPage":{"@id":"https:\/\/monti.lt\/product\/kortu-zaidimas-mysterax\/#primaryimage"},"image":{"@id":"https:\/\/monti.lt\/product\/kortu-zaidimas-mysterax\/#primaryimage"},"thumbnailUrl":"https:\/\/monti.lt\/wp-content\/uploads\/2025\/02\/10229-DJ05096-kort-zaidimas-mysterax.jpg","datePublished":"2025-02-13T11:03:59+00:00","dateModified":"2026-04-22T11:48:21+00:00","breadcrumb":{"@id":"https:\/\/monti.lt\/product\/kortu-zaidimas-mysterax\/#breadcrumb"},"inLanguage":"en-US","potentialAction":[{"@type":"ReadAction","target":["https:\/\/monti.lt\/product\/kortu-zaidimas-mysterax\/"]}]},{"@type":"ImageObject","inLanguage":"en-US","@id":"https:\/\/monti.lt\/product\/kortu-zaidimas-mysterax\/#primaryimage","url":"https:\/\/monti.lt\/wp-content\/uploads\/2025\/02\/10229-DJ05096-kort-zaidimas-mysterax.jpg","contentUrl":"https:\/\/monti.lt\/wp-content\/uploads\/2025\/02\/10229-DJ05096-kort-zaidimas-mysterax.jpg","width":800,"height":800,"caption":"djeco"},{"@type":"BreadcrumbList","@id":"https:\/\/monti.lt\/product\/kortu-zaidimas-mysterax\/#breadcrumb","itemListElement":[{"@type":"ListItem","position":1,"name":"Home","item":"https:\/\/monti.lt\/"},{"@type":"ListItem","position":2,"name":"Parduotuv\u0117","item":"https:\/\/monti.lt\/shop\/"},{"@type":"ListItem","position":3,"name":"Kort\u0173 \u017eaidimas &#8211; Mysterax"}]},{"@type":"WebSite","@id":"https:\/\/monti.lt\/#website","url":"https:\/\/monti.lt\/","name":"Montessori \u017eaislai","description":"","publisher":{"@id":"https:\/\/monti.lt\/#organization"},"potentialAction":[{"@type":"SearchAction","target":{"@type":"EntryPoint","urlTemplate":"https:\/\/monti.lt\/?s={search_term_string}"},"query-input":"required name=search_term_string"}],"inLanguage":"en-US"},{"@type":"Organization","@id":"https:\/\/monti.lt\/#organization","name":"Montessori \u017eaislai","url":"https:\/\/monti.lt\/","logo":{"@type":"ImageObject","inLanguage":"en-US","@id":"https:\/\/monti.lt\/#\/schema\/logo\/image\/","url":"https:\/\/monti.lt\/wp-content\/uploads\/2022\/03\/montilogo-1.png","contentUrl":"https:\/\/monti.lt\/wp-content\/uploads\/2022\/03\/montilogo-1.png","width":512,"height":512,"caption":"Montessori \u017eaislai"},"image":{"@id":"https:\/\/monti.lt\/#\/schema\/logo\/image\/"}}]}},"_links":{"self":[{"href":"https:\/\/monti.lt\/en\/wp-json\/wp\/v2\/product\/30506"}],"collection":[{"href":"https:\/\/monti.lt\/en\/wp-json\/wp\/v2\/product"}],"about":[{"href":"https:\/\/monti.lt\/en\/wp-json\/wp\/v2\/types\/product"}],"version-history":[{"count":1,"href":"https:\/\/monti.lt\/en\/wp-json\/wp\/v2\/product\/30506\/revisions"}],"predecessor-version":[{"id":30512,"href":"https:\/\/monti.lt\/en\/wp-json\/wp\/v2\/product\/30506\/revisions\/30512"}],"wp:featuredmedia":[{"embeddable":true,"href":"https:\/\/monti.lt\/en\/wp-json\/wp\/v2\/media\/30507"}],"wp:attachment":[{"href":"https:\/\/monti.lt\/en\/wp-json\/wp\/v2\/media?parent=30506"}],"wp:term":[{"taxonomy":"product_cat","embeddable":true,"href":"https:\/\/monti.lt\/en\/wp-json\/wp\/v2\/product_cat?post=30506"},{"taxonomy":"product_tag","embeddable":true,"href":"https:\/\/monti.lt\/en\/wp-json\/wp\/v2\/product_tag?post=30506"}],"curies":[{"name":"wp","href":"https:\/\/api.w.org\/{rel}","templated":true}]}}