{"id":30511,"date":"2025-02-13T11:06:25","date_gmt":"2025-02-13T11:06:25","guid":{"rendered":"https:\/\/monti.lt\/?post_type=product&#038;p=30511"},"modified":"2025-12-04T06:12:26","modified_gmt":"2025-12-04T06:12:26","slug":"mokomasis-zaidimas-spacio","status":"publish","type":"product","link":"https:\/\/monti.lt\/en\/product\/mokomasis-zaidimas-spacio\/","title":{"rendered":"Mokomasis \u017eaidimas &#8211; Spacio"},"content":{"rendered":"<p>Nor\u0117dami atkurti nuotrauk\u0105, vaikas turi teisingai statyti fig\u016bras ant lentos, i\u0161siai\u0161kindamas, kurios tur\u0117t\u0173 b\u016bti priekyje, kurios turi b\u016bti gale ir kuri yra tinkama vieta kiekvienai detalei. Sprendimai kortel\u0117s gale. Komplekte yra medin\u0117 lenta, 6 fig\u016br\u0117l\u0117s ir 20 korteli\u0173. Rekomenduojamas am\u017eius: nuo 4 iki 6 met\u0173. D\u0117mesio! Netinka vaikams iki 3 met\u0173, d\u0117l smulki\u0173 detali\u0173 yra pavojus u\u017espringti. Kilm\u0117s \u0161alis: K.L.R. Pagaminta pagal Pranc\u016bzijos dizain\u0105 ir u\u017esakym\u0105.<\/p>","protected":false},"excerpt":{"rendered":"<p>Nor\u0117dami atkurti nuotrauk\u0105, vaikas turi teisingai statyti fig\u016bras ant lentos, i\u0161siai\u0161kindamas, kurios tur\u0117t\u0173 b\u016bti priekyje, kurios turi b\u016bti gale ir kuri yra tinkama vieta kiekvienai detalei. Sprendimai kortel\u0117s gale. Komplekte yra medin\u0117 lenta, 6 fig\u016br\u0117l\u0117s ir 20 korteli\u0173. Rekomenduojamas am\u017eius: nuo 4 iki 6 met\u0173. D\u0117mesio! Netinka vaikams iki 3 met\u0173, d\u0117l smulki\u0173 detali\u0173 yra [&hellip;]<\/p>","protected":false},"featured_media":30514,"template":"","meta":{"_acf_changed":false,"iawp_total_views":88},"product_cat":[252,84,199,39],"product_tag":[97,98],"class_list":{"0":"post-30511","1":"product","2":"type-product","3":"status-publish","4":"has-post-thumbnail","6":"product_cat-djeco","7":"product_cat-lavinamieji-zaislai","8":"product_cat-ugdymo-istaigoms","9":"product_cat-zaislai","10":"product_tag-3-m-4-m","11":"product_tag-5-m-7-m","13":"first","14":"outofstock","15":"taxable","16":"shipping-taxable","17":"purchasable","18":"product-type-simple"},"acf":[],"yoast_head":"<!-- This site is optimized with the Yoast SEO plugin v23.3 - https:\/\/yoast.com\/wordpress\/plugins\/seo\/ -->\n<title>Mokomasis \u017eaidimas - Spacio - Montessori \u017eaislai<\/title>\n<meta name=\"robots\" content=\"index, follow, max-snippet:-1, max-image-preview:large, max-video-preview:-1\" \/>\n<link rel=\"canonical\" href=\"https:\/\/monti.lt\/en\/product\/mokomasis-zaidimas-spacio\/\" \/>\n<meta property=\"og:locale\" content=\"en_US\" \/>\n<meta property=\"og:type\" content=\"article\" \/>\n<meta property=\"og:title\" content=\"Mokomasis \u017eaidimas - Spacio - Montessori \u017eaislai\" \/>\n<meta property=\"og:description\" content=\"Nor\u0117dami atkurti nuotrauk\u0105, vaikas turi teisingai statyti fig\u016bras ant lentos, i\u0161siai\u0161kindamas, kurios tur\u0117t\u0173 b\u016bti priekyje, kurios turi b\u016bti gale ir kuri yra tinkama vieta kiekvienai detalei. Sprendimai kortel\u0117s gale. Komplekte yra medin\u0117 lenta, 6 fig\u016br\u0117l\u0117s ir 20 korteli\u0173. Rekomenduojamas am\u017eius: nuo 4 iki 6 met\u0173. D\u0117mesio! Netinka vaikams iki 3 met\u0173, d\u0117l smulki\u0173 detali\u0173 yra [&hellip;]\" \/>\n<meta property=\"og:url\" content=\"https:\/\/monti.lt\/en\/product\/mokomasis-zaidimas-spacio\/\" \/>\n<meta property=\"og:site_name\" content=\"Montessori \u017eaislai\" \/>\n<meta property=\"article:modified_time\" content=\"2025-12-04T06:12:26+00:00\" \/>\n<meta property=\"og:image\" content=\"https:\/\/monti.lt\/wp-content\/uploads\/2025\/02\/8393-DJ08310-mokomasis-zaidimas-eduludo-spacio-eduludo.jpg\" \/>\n\t<meta property=\"og:image:width\" content=\"600\" \/>\n\t<meta property=\"og:image:height\" content=\"600\" \/>\n\t<meta property=\"og:image:type\" content=\"image\/jpeg\" \/>\n<meta name=\"twitter:card\" content=\"summary_large_image\" \/>\n<meta name=\"twitter:label1\" content=\"Est. reading time\" \/>\n\t<meta name=\"twitter:data1\" content=\"1 minute\" \/>\n<script type=\"application\/ld+json\" class=\"yoast-schema-graph\">{\"@context\":\"https:\/\/schema.org\",\"@graph\":[{\"@type\":\"WebPage\",\"@id\":\"https:\/\/monti.lt\/product\/mokomasis-zaidimas-spacio\/\",\"url\":\"https:\/\/monti.lt\/product\/mokomasis-zaidimas-spacio\/\",\"name\":\"Mokomasis \u017eaidimas - Spacio - Montessori \u017eaislai\",\"isPartOf\":{\"@id\":\"https:\/\/monti.lt\/#website\"},\"primaryImageOfPage\":{\"@id\":\"https:\/\/monti.lt\/product\/mokomasis-zaidimas-spacio\/#primaryimage\"},\"image\":{\"@id\":\"https:\/\/monti.lt\/product\/mokomasis-zaidimas-spacio\/#primaryimage\"},\"thumbnailUrl\":\"https:\/\/monti.lt\/wp-content\/uploads\/2025\/02\/8393-DJ08310-mokomasis-zaidimas-eduludo-spacio-eduludo.jpg\",\"datePublished\":\"2025-02-13T11:06:25+00:00\",\"dateModified\":\"2025-12-04T06:12:26+00:00\",\"breadcrumb\":{\"@id\":\"https:\/\/monti.lt\/product\/mokomasis-zaidimas-spacio\/#breadcrumb\"},\"inLanguage\":\"en-US\",\"potentialAction\":[{\"@type\":\"ReadAction\",\"target\":[\"https:\/\/monti.lt\/product\/mokomasis-zaidimas-spacio\/\"]}]},{\"@type\":\"ImageObject\",\"inLanguage\":\"en-US\",\"@id\":\"https:\/\/monti.lt\/product\/mokomasis-zaidimas-spacio\/#primaryimage\",\"url\":\"https:\/\/monti.lt\/wp-content\/uploads\/2025\/02\/8393-DJ08310-mokomasis-zaidimas-eduludo-spacio-eduludo.jpg\",\"contentUrl\":\"https:\/\/monti.lt\/wp-content\/uploads\/2025\/02\/8393-DJ08310-mokomasis-zaidimas-eduludo-spacio-eduludo.jpg\",\"width\":600,\"height\":600,\"caption\":\"spacio\"},{\"@type\":\"BreadcrumbList\",\"@id\":\"https:\/\/monti.lt\/product\/mokomasis-zaidimas-spacio\/#breadcrumb\",\"itemListElement\":[{\"@type\":\"ListItem\",\"position\":1,\"name\":\"Home\",\"item\":\"https:\/\/monti.lt\/\"},{\"@type\":\"ListItem\",\"position\":2,\"name\":\"Parduotuv\u0117\",\"item\":\"https:\/\/monti.lt\/shop\/\"},{\"@type\":\"ListItem\",\"position\":3,\"name\":\"Mokomasis \u017eaidimas &#8211; Spacio\"}]},{\"@type\":\"WebSite\",\"@id\":\"https:\/\/monti.lt\/#website\",\"url\":\"https:\/\/monti.lt\/\",\"name\":\"Montessori \u017eaislai\",\"description\":\"\",\"publisher\":{\"@id\":\"https:\/\/monti.lt\/#organization\"},\"potentialAction\":[{\"@type\":\"SearchAction\",\"target\":{\"@type\":\"EntryPoint\",\"urlTemplate\":\"https:\/\/monti.lt\/?s={search_term_string}\"},\"query-input\":\"required name=search_term_string\"}],\"inLanguage\":\"en-US\"},{\"@type\":\"Organization\",\"@id\":\"https:\/\/monti.lt\/#organization\",\"name\":\"Montessori \u017eaislai\",\"url\":\"https:\/\/monti.lt\/\",\"logo\":{\"@type\":\"ImageObject\",\"inLanguage\":\"en-US\",\"@id\":\"https:\/\/monti.lt\/#\/schema\/logo\/image\/\",\"url\":\"https:\/\/monti.lt\/wp-content\/uploads\/2022\/03\/montilogo-1.png\",\"contentUrl\":\"https:\/\/monti.lt\/wp-content\/uploads\/2022\/03\/montilogo-1.png\",\"width\":512,\"height\":512,\"caption\":\"Montessori \u017eaislai\"},\"image\":{\"@id\":\"https:\/\/monti.lt\/#\/schema\/logo\/image\/\"}}]}<\/script>\n<!-- \/ Yoast SEO plugin. -->","yoast_head_json":{"title":"Mokomasis \u017eaidimas - Spacio - Montessori \u017eaislai","robots":{"index":"index","follow":"follow","max-snippet":"max-snippet:-1","max-image-preview":"max-image-preview:large","max-video-preview":"max-video-preview:-1"},"canonical":"https:\/\/monti.lt\/en\/product\/mokomasis-zaidimas-spacio\/","og_locale":"en_US","og_type":"article","og_title":"Mokomasis \u017eaidimas - Spacio - Montessori \u017eaislai","og_description":"Nor\u0117dami atkurti nuotrauk\u0105, vaikas turi teisingai statyti fig\u016bras ant lentos, i\u0161siai\u0161kindamas, kurios tur\u0117t\u0173 b\u016bti priekyje, kurios turi b\u016bti gale ir kuri yra tinkama vieta kiekvienai detalei. Sprendimai kortel\u0117s gale. Komplekte yra medin\u0117 lenta, 6 fig\u016br\u0117l\u0117s ir 20 korteli\u0173. Rekomenduojamas am\u017eius: nuo 4 iki 6 met\u0173. D\u0117mesio! Netinka vaikams iki 3 met\u0173, d\u0117l smulki\u0173 detali\u0173 yra [&hellip;]","og_url":"https:\/\/monti.lt\/en\/product\/mokomasis-zaidimas-spacio\/","og_site_name":"Montessori \u017eaislai","article_modified_time":"2025-12-04T06:12:26+00:00","og_image":[{"width":600,"height":600,"url":"https:\/\/monti.lt\/wp-content\/uploads\/2025\/02\/8393-DJ08310-mokomasis-zaidimas-eduludo-spacio-eduludo.jpg","type":"image\/jpeg"}],"twitter_card":"summary_large_image","twitter_misc":{"Est. reading time":"1 minute"},"schema":{"@context":"https:\/\/schema.org","@graph":[{"@type":"WebPage","@id":"https:\/\/monti.lt\/product\/mokomasis-zaidimas-spacio\/","url":"https:\/\/monti.lt\/product\/mokomasis-zaidimas-spacio\/","name":"Mokomasis \u017eaidimas - Spacio - Montessori \u017eaislai","isPartOf":{"@id":"https:\/\/monti.lt\/#website"},"primaryImageOfPage":{"@id":"https:\/\/monti.lt\/product\/mokomasis-zaidimas-spacio\/#primaryimage"},"image":{"@id":"https:\/\/monti.lt\/product\/mokomasis-zaidimas-spacio\/#primaryimage"},"thumbnailUrl":"https:\/\/monti.lt\/wp-content\/uploads\/2025\/02\/8393-DJ08310-mokomasis-zaidimas-eduludo-spacio-eduludo.jpg","datePublished":"2025-02-13T11:06:25+00:00","dateModified":"2025-12-04T06:12:26+00:00","breadcrumb":{"@id":"https:\/\/monti.lt\/product\/mokomasis-zaidimas-spacio\/#breadcrumb"},"inLanguage":"en-US","potentialAction":[{"@type":"ReadAction","target":["https:\/\/monti.lt\/product\/mokomasis-zaidimas-spacio\/"]}]},{"@type":"ImageObject","inLanguage":"en-US","@id":"https:\/\/monti.lt\/product\/mokomasis-zaidimas-spacio\/#primaryimage","url":"https:\/\/monti.lt\/wp-content\/uploads\/2025\/02\/8393-DJ08310-mokomasis-zaidimas-eduludo-spacio-eduludo.jpg","contentUrl":"https:\/\/monti.lt\/wp-content\/uploads\/2025\/02\/8393-DJ08310-mokomasis-zaidimas-eduludo-spacio-eduludo.jpg","width":600,"height":600,"caption":"spacio"},{"@type":"BreadcrumbList","@id":"https:\/\/monti.lt\/product\/mokomasis-zaidimas-spacio\/#breadcrumb","itemListElement":[{"@type":"ListItem","position":1,"name":"Home","item":"https:\/\/monti.lt\/"},{"@type":"ListItem","position":2,"name":"Parduotuv\u0117","item":"https:\/\/monti.lt\/shop\/"},{"@type":"ListItem","position":3,"name":"Mokomasis \u017eaidimas &#8211; Spacio"}]},{"@type":"WebSite","@id":"https:\/\/monti.lt\/#website","url":"https:\/\/monti.lt\/","name":"Montessori \u017eaislai","description":"","publisher":{"@id":"https:\/\/monti.lt\/#organization"},"potentialAction":[{"@type":"SearchAction","target":{"@type":"EntryPoint","urlTemplate":"https:\/\/monti.lt\/?s={search_term_string}"},"query-input":"required name=search_term_string"}],"inLanguage":"en-US"},{"@type":"Organization","@id":"https:\/\/monti.lt\/#organization","name":"Montessori \u017eaislai","url":"https:\/\/monti.lt\/","logo":{"@type":"ImageObject","inLanguage":"en-US","@id":"https:\/\/monti.lt\/#\/schema\/logo\/image\/","url":"https:\/\/monti.lt\/wp-content\/uploads\/2022\/03\/montilogo-1.png","contentUrl":"https:\/\/monti.lt\/wp-content\/uploads\/2022\/03\/montilogo-1.png","width":512,"height":512,"caption":"Montessori \u017eaislai"},"image":{"@id":"https:\/\/monti.lt\/#\/schema\/logo\/image\/"}}]}},"_links":{"self":[{"href":"https:\/\/monti.lt\/en\/wp-json\/wp\/v2\/product\/30511"}],"collection":[{"href":"https:\/\/monti.lt\/en\/wp-json\/wp\/v2\/product"}],"about":[{"href":"https:\/\/monti.lt\/en\/wp-json\/wp\/v2\/types\/product"}],"version-history":[{"count":1,"href":"https:\/\/monti.lt\/en\/wp-json\/wp\/v2\/product\/30511\/revisions"}],"predecessor-version":[{"id":30516,"href":"https:\/\/monti.lt\/en\/wp-json\/wp\/v2\/product\/30511\/revisions\/30516"}],"wp:featuredmedia":[{"embeddable":true,"href":"https:\/\/monti.lt\/en\/wp-json\/wp\/v2\/media\/30514"}],"wp:attachment":[{"href":"https:\/\/monti.lt\/en\/wp-json\/wp\/v2\/media?parent=30511"}],"wp:term":[{"taxonomy":"product_cat","embeddable":true,"href":"https:\/\/monti.lt\/en\/wp-json\/wp\/v2\/product_cat?post=30511"},{"taxonomy":"product_tag","embeddable":true,"href":"https:\/\/monti.lt\/en\/wp-json\/wp\/v2\/product_tag?post=30511"}],"curies":[{"name":"wp","href":"https:\/\/api.w.org\/{rel}","templated":true}]}}