{"id":30513,"date":"2025-02-13T11:07:55","date_gmt":"2025-02-13T11:07:55","guid":{"rendered":"https:\/\/monti.lt\/?post_type=product&#038;p=30513"},"modified":"2026-02-09T19:01:33","modified_gmt":"2026-02-09T19:01:33","slug":"duo-delione-kiausiniai","status":"publish","type":"product","link":"https:\/\/monti.lt\/en\/product\/duo-delione-kiausiniai\/","title":{"rendered":"Duo d\u0117lion\u0117 &#8211; Kiau\u0161iniai"},"content":{"rendered":"<p>\u0160i labai nesud\u0117ting\u0173 d\u0117lioni\u0173 serija skirta patiems ma\u017eiesiems. Ji nuosekliai supa\u017eindina su svarbiausiais, tokiame am\u017eiuje r\u016bpimais klausimais ir padeda tvirtus pagrindus tolesniems tyrin\u0117jimams. D\u0117lion\u0117 lavina smulki\u0105j\u0105 motorik\u0105, login\u012f m\u0105stym\u0105.Rekomenduojamas am\u017eius: nuo 2 met\u0173. Kilm\u0117s \u0161alis: K.L.R. Pagaminta pagal Pranc\u016bzijos dizain\u0105 ir u\u017esakym\u0105.<\/p>\n\n\n\n<figure class=\"wp-block-embed is-type-video is-provider-youtube wp-block-embed-youtube wp-embed-aspect-16-9 wp-has-aspect-ratio\"><div class=\"wp-block-embed__wrapper\">\n<div class=\"video-container\"><iframe title=\"DJ08193 - Puzzle Duo - Funny eggs by DJECO\" width=\"1170\" height=\"658\" src=\"https:\/\/www.youtube.com\/embed\/xZCV9K93fOE?feature=oembed\" frameborder=\"0\" allow=\"accelerometer; autoplay; clipboard-write; encrypted-media; gyroscope; picture-in-picture; web-share\" referrerpolicy=\"strict-origin-when-cross-origin\" allowfullscreen><\/iframe><\/div>\n<\/div><\/figure>","protected":false},"excerpt":{"rendered":"<p>\u0160i labai nesud\u0117ting\u0173 d\u0117lioni\u0173 serija skirta patiems ma\u017eiesiems. Ji nuosekliai supa\u017eindina su svarbiausiais, tokiame am\u017eiuje r\u016bpimais klausimais ir padeda tvirtus pagrindus tolesniems tyrin\u0117jimams. D\u0117lion\u0117 lavina smulki\u0105j\u0105 motorik\u0105, login\u012f m\u0105stym\u0105.Rekomenduojamas am\u017eius: nuo 2 met\u0173. Kilm\u0117s \u0161alis: K.L.R. Pagaminta pagal Pranc\u016bzijos dizain\u0105 ir u\u017esakym\u0105.<\/p>","protected":false},"featured_media":30515,"template":"","meta":{"_acf_changed":false,"iawp_total_views":143},"product_cat":[208,92,252,84,90,49,39],"product_tag":[96,97],"class_list":{"0":"post-30513","1":"product","2":"type-product","3":"status-publish","4":"has-post-thumbnail","6":"product_cat-deliones-2","7":"product_cat-deliones","8":"product_cat-djeco","9":"product_cat-lavinamieji-zaislai","10":"product_cat-pasaulio-pazinimas","11":"product_cat-visi-zaislai","12":"product_cat-zaislai","13":"product_tag-2-m-3-m","14":"product_tag-3-m-4-m","16":"first","17":"outofstock","18":"sale","19":"taxable","20":"shipping-taxable","21":"purchasable","22":"product-type-simple"},"acf":[],"yoast_head":"<!-- This site is optimized with the Yoast SEO plugin v23.3 - https:\/\/yoast.com\/wordpress\/plugins\/seo\/ -->\n<title>Duo d\u0117lion\u0117 - Kiau\u0161iniai - Montessori \u017eaislai<\/title>\n<meta name=\"robots\" content=\"index, follow, max-snippet:-1, max-image-preview:large, max-video-preview:-1\" \/>\n<link rel=\"canonical\" href=\"https:\/\/monti.lt\/en\/product\/duo-delione-kiausiniai\/\" \/>\n<meta property=\"og:locale\" content=\"en_US\" \/>\n<meta property=\"og:type\" content=\"article\" \/>\n<meta property=\"og:title\" content=\"Duo d\u0117lion\u0117 - Kiau\u0161iniai - Montessori \u017eaislai\" \/>\n<meta property=\"og:description\" content=\"\u0160i labai nesud\u0117ting\u0173 d\u0117lioni\u0173 serija skirta patiems ma\u017eiesiems. Ji nuosekliai supa\u017eindina su svarbiausiais, tokiame am\u017eiuje r\u016bpimais klausimais ir padeda tvirtus pagrindus tolesniems tyrin\u0117jimams. D\u0117lion\u0117 lavina smulki\u0105j\u0105 motorik\u0105, login\u012f m\u0105stym\u0105.Rekomenduojamas am\u017eius: nuo 2 met\u0173. Kilm\u0117s \u0161alis: K.L.R. Pagaminta pagal Pranc\u016bzijos dizain\u0105 ir u\u017esakym\u0105.\" \/>\n<meta property=\"og:url\" content=\"https:\/\/monti.lt\/en\/product\/duo-delione-kiausiniai\/\" \/>\n<meta property=\"og:site_name\" content=\"Montessori \u017eaislai\" \/>\n<meta property=\"article:modified_time\" content=\"2026-02-09T19:01:33+00:00\" \/>\n<meta property=\"og:image\" content=\"https:\/\/monti.lt\/wp-content\/uploads\/2025\/02\/11984-DJ08193-duo-delione-kiausiniai-12-vnt-.jpg\" \/>\n\t<meta property=\"og:image:width\" content=\"800\" \/>\n\t<meta property=\"og:image:height\" content=\"800\" \/>\n\t<meta property=\"og:image:type\" content=\"image\/jpeg\" \/>\n<meta name=\"twitter:card\" content=\"summary_large_image\" \/>\n<meta name=\"twitter:label1\" content=\"Est. reading time\" \/>\n\t<meta name=\"twitter:data1\" content=\"1 minute\" \/>\n<script type=\"application\/ld+json\" class=\"yoast-schema-graph\">{\"@context\":\"https:\/\/schema.org\",\"@graph\":[{\"@type\":\"WebPage\",\"@id\":\"https:\/\/monti.lt\/product\/duo-delione-kiausiniai\/\",\"url\":\"https:\/\/monti.lt\/product\/duo-delione-kiausiniai\/\",\"name\":\"Duo d\u0117lion\u0117 - Kiau\u0161iniai - Montessori \u017eaislai\",\"isPartOf\":{\"@id\":\"https:\/\/monti.lt\/#website\"},\"primaryImageOfPage\":{\"@id\":\"https:\/\/monti.lt\/product\/duo-delione-kiausiniai\/#primaryimage\"},\"image\":{\"@id\":\"https:\/\/monti.lt\/product\/duo-delione-kiausiniai\/#primaryimage\"},\"thumbnailUrl\":\"https:\/\/monti.lt\/wp-content\/uploads\/2025\/02\/11984-DJ08193-duo-delione-kiausiniai-12-vnt-.jpg\",\"datePublished\":\"2025-02-13T11:07:55+00:00\",\"dateModified\":\"2026-02-09T19:01:33+00:00\",\"breadcrumb\":{\"@id\":\"https:\/\/monti.lt\/product\/duo-delione-kiausiniai\/#breadcrumb\"},\"inLanguage\":\"en-US\",\"potentialAction\":[{\"@type\":\"ReadAction\",\"target\":[\"https:\/\/monti.lt\/product\/duo-delione-kiausiniai\/\"]}]},{\"@type\":\"ImageObject\",\"inLanguage\":\"en-US\",\"@id\":\"https:\/\/monti.lt\/product\/duo-delione-kiausiniai\/#primaryimage\",\"url\":\"https:\/\/monti.lt\/wp-content\/uploads\/2025\/02\/11984-DJ08193-duo-delione-kiausiniai-12-vnt-.jpg\",\"contentUrl\":\"https:\/\/monti.lt\/wp-content\/uploads\/2025\/02\/11984-DJ08193-duo-delione-kiausiniai-12-vnt-.jpg\",\"width\":800,\"height\":800,\"caption\":\"djeco\"},{\"@type\":\"BreadcrumbList\",\"@id\":\"https:\/\/monti.lt\/product\/duo-delione-kiausiniai\/#breadcrumb\",\"itemListElement\":[{\"@type\":\"ListItem\",\"position\":1,\"name\":\"Home\",\"item\":\"https:\/\/monti.lt\/\"},{\"@type\":\"ListItem\",\"position\":2,\"name\":\"Parduotuv\u0117\",\"item\":\"https:\/\/monti.lt\/shop\/\"},{\"@type\":\"ListItem\",\"position\":3,\"name\":\"Duo d\u0117lion\u0117 &#8211; Kiau\u0161iniai\"}]},{\"@type\":\"WebSite\",\"@id\":\"https:\/\/monti.lt\/#website\",\"url\":\"https:\/\/monti.lt\/\",\"name\":\"Montessori \u017eaislai\",\"description\":\"\",\"publisher\":{\"@id\":\"https:\/\/monti.lt\/#organization\"},\"potentialAction\":[{\"@type\":\"SearchAction\",\"target\":{\"@type\":\"EntryPoint\",\"urlTemplate\":\"https:\/\/monti.lt\/?s={search_term_string}\"},\"query-input\":\"required name=search_term_string\"}],\"inLanguage\":\"en-US\"},{\"@type\":\"Organization\",\"@id\":\"https:\/\/monti.lt\/#organization\",\"name\":\"Montessori \u017eaislai\",\"url\":\"https:\/\/monti.lt\/\",\"logo\":{\"@type\":\"ImageObject\",\"inLanguage\":\"en-US\",\"@id\":\"https:\/\/monti.lt\/#\/schema\/logo\/image\/\",\"url\":\"https:\/\/monti.lt\/wp-content\/uploads\/2022\/03\/montilogo-1.png\",\"contentUrl\":\"https:\/\/monti.lt\/wp-content\/uploads\/2022\/03\/montilogo-1.png\",\"width\":512,\"height\":512,\"caption\":\"Montessori \u017eaislai\"},\"image\":{\"@id\":\"https:\/\/monti.lt\/#\/schema\/logo\/image\/\"}}]}<\/script>\n<!-- \/ Yoast SEO plugin. -->","yoast_head_json":{"title":"Duo d\u0117lion\u0117 - Kiau\u0161iniai - Montessori \u017eaislai","robots":{"index":"index","follow":"follow","max-snippet":"max-snippet:-1","max-image-preview":"max-image-preview:large","max-video-preview":"max-video-preview:-1"},"canonical":"https:\/\/monti.lt\/en\/product\/duo-delione-kiausiniai\/","og_locale":"en_US","og_type":"article","og_title":"Duo d\u0117lion\u0117 - Kiau\u0161iniai - Montessori \u017eaislai","og_description":"\u0160i labai nesud\u0117ting\u0173 d\u0117lioni\u0173 serija skirta patiems ma\u017eiesiems. Ji nuosekliai supa\u017eindina su svarbiausiais, tokiame am\u017eiuje r\u016bpimais klausimais ir padeda tvirtus pagrindus tolesniems tyrin\u0117jimams. D\u0117lion\u0117 lavina smulki\u0105j\u0105 motorik\u0105, login\u012f m\u0105stym\u0105.Rekomenduojamas am\u017eius: nuo 2 met\u0173. Kilm\u0117s \u0161alis: K.L.R. Pagaminta pagal Pranc\u016bzijos dizain\u0105 ir u\u017esakym\u0105.","og_url":"https:\/\/monti.lt\/en\/product\/duo-delione-kiausiniai\/","og_site_name":"Montessori \u017eaislai","article_modified_time":"2026-02-09T19:01:33+00:00","og_image":[{"width":800,"height":800,"url":"https:\/\/monti.lt\/wp-content\/uploads\/2025\/02\/11984-DJ08193-duo-delione-kiausiniai-12-vnt-.jpg","type":"image\/jpeg"}],"twitter_card":"summary_large_image","twitter_misc":{"Est. reading time":"1 minute"},"schema":{"@context":"https:\/\/schema.org","@graph":[{"@type":"WebPage","@id":"https:\/\/monti.lt\/product\/duo-delione-kiausiniai\/","url":"https:\/\/monti.lt\/product\/duo-delione-kiausiniai\/","name":"Duo d\u0117lion\u0117 - Kiau\u0161iniai - Montessori \u017eaislai","isPartOf":{"@id":"https:\/\/monti.lt\/#website"},"primaryImageOfPage":{"@id":"https:\/\/monti.lt\/product\/duo-delione-kiausiniai\/#primaryimage"},"image":{"@id":"https:\/\/monti.lt\/product\/duo-delione-kiausiniai\/#primaryimage"},"thumbnailUrl":"https:\/\/monti.lt\/wp-content\/uploads\/2025\/02\/11984-DJ08193-duo-delione-kiausiniai-12-vnt-.jpg","datePublished":"2025-02-13T11:07:55+00:00","dateModified":"2026-02-09T19:01:33+00:00","breadcrumb":{"@id":"https:\/\/monti.lt\/product\/duo-delione-kiausiniai\/#breadcrumb"},"inLanguage":"en-US","potentialAction":[{"@type":"ReadAction","target":["https:\/\/monti.lt\/product\/duo-delione-kiausiniai\/"]}]},{"@type":"ImageObject","inLanguage":"en-US","@id":"https:\/\/monti.lt\/product\/duo-delione-kiausiniai\/#primaryimage","url":"https:\/\/monti.lt\/wp-content\/uploads\/2025\/02\/11984-DJ08193-duo-delione-kiausiniai-12-vnt-.jpg","contentUrl":"https:\/\/monti.lt\/wp-content\/uploads\/2025\/02\/11984-DJ08193-duo-delione-kiausiniai-12-vnt-.jpg","width":800,"height":800,"caption":"djeco"},{"@type":"BreadcrumbList","@id":"https:\/\/monti.lt\/product\/duo-delione-kiausiniai\/#breadcrumb","itemListElement":[{"@type":"ListItem","position":1,"name":"Home","item":"https:\/\/monti.lt\/"},{"@type":"ListItem","position":2,"name":"Parduotuv\u0117","item":"https:\/\/monti.lt\/shop\/"},{"@type":"ListItem","position":3,"name":"Duo d\u0117lion\u0117 &#8211; Kiau\u0161iniai"}]},{"@type":"WebSite","@id":"https:\/\/monti.lt\/#website","url":"https:\/\/monti.lt\/","name":"Montessori \u017eaislai","description":"","publisher":{"@id":"https:\/\/monti.lt\/#organization"},"potentialAction":[{"@type":"SearchAction","target":{"@type":"EntryPoint","urlTemplate":"https:\/\/monti.lt\/?s={search_term_string}"},"query-input":"required name=search_term_string"}],"inLanguage":"en-US"},{"@type":"Organization","@id":"https:\/\/monti.lt\/#organization","name":"Montessori \u017eaislai","url":"https:\/\/monti.lt\/","logo":{"@type":"ImageObject","inLanguage":"en-US","@id":"https:\/\/monti.lt\/#\/schema\/logo\/image\/","url":"https:\/\/monti.lt\/wp-content\/uploads\/2022\/03\/montilogo-1.png","contentUrl":"https:\/\/monti.lt\/wp-content\/uploads\/2022\/03\/montilogo-1.png","width":512,"height":512,"caption":"Montessori \u017eaislai"},"image":{"@id":"https:\/\/monti.lt\/#\/schema\/logo\/image\/"}}]}},"_links":{"self":[{"href":"https:\/\/monti.lt\/en\/wp-json\/wp\/v2\/product\/30513"}],"collection":[{"href":"https:\/\/monti.lt\/en\/wp-json\/wp\/v2\/product"}],"about":[{"href":"https:\/\/monti.lt\/en\/wp-json\/wp\/v2\/types\/product"}],"version-history":[{"count":1,"href":"https:\/\/monti.lt\/en\/wp-json\/wp\/v2\/product\/30513\/revisions"}],"predecessor-version":[{"id":30521,"href":"https:\/\/monti.lt\/en\/wp-json\/wp\/v2\/product\/30513\/revisions\/30521"}],"wp:featuredmedia":[{"embeddable":true,"href":"https:\/\/monti.lt\/en\/wp-json\/wp\/v2\/media\/30515"}],"wp:attachment":[{"href":"https:\/\/monti.lt\/en\/wp-json\/wp\/v2\/media?parent=30513"}],"wp:term":[{"taxonomy":"product_cat","embeddable":true,"href":"https:\/\/monti.lt\/en\/wp-json\/wp\/v2\/product_cat?post=30513"},{"taxonomy":"product_tag","embeddable":true,"href":"https:\/\/monti.lt\/en\/wp-json\/wp\/v2\/product_tag?post=30513"}],"curies":[{"name":"wp","href":"https:\/\/api.w.org\/{rel}","templated":true}]}}