{"id":30525,"date":"2025-02-13T11:12:49","date_gmt":"2025-02-13T11:12:49","guid":{"rendered":"https:\/\/monti.lt\/?post_type=product&#038;p=30525"},"modified":"2026-03-17T08:04:07","modified_gmt":"2026-03-17T08:04:07","slug":"zaidimas-saunioji-mokykla","status":"publish","type":"product","link":"https:\/\/monti.lt\/en\/product\/zaidimas-saunioji-mokykla\/","title":{"rendered":"\u017daidimas &#8211; \u0160aunioji mokykla"},"content":{"rendered":"<p>Loto \u017eaidimas, skirtas susipa\u017einti su gyv\u016bnais ir j\u0173 nat\u016braliomis buvein\u0117mis \u2013 dykumomis, ledynais, vandenynais, kalnais ir kt. Rinkinyje yra 7 apvalios aplinkos kortel\u0117s, 49 gyv\u016bn\u0173 \u017eetonai, 6 loto lentel\u0117s ir 1 med\u017eiaginis mai\u0161elis. Rekomenduojamas am\u017eius: nuo 5 met\u0173. D\u0117mesio! Netinka vaikams iki 3 met\u0173, d\u0117l smulki\u0173 detali\u0173 yra pavojus u\u017espringti. Kilm\u0117s \u0161alis: K.L.R. Pagaminta pagal Pranc\u016bzijos dizain\u0105 ir u\u017esakym\u0105.<\/p>","protected":false},"excerpt":{"rendered":"<p>Loto \u017eaidimas, skirtas susipa\u017einti su gyv\u016bnais ir j\u0173 nat\u016braliomis buvein\u0117mis \u2013 dykumomis, ledynais, vandenynais, kalnais ir kt. Rinkinyje yra 7 apvalios aplinkos kortel\u0117s, 49 gyv\u016bn\u0173 \u017eetonai, 6 loto lentel\u0117s ir 1 med\u017eiaginis mai\u0161elis. Rekomenduojamas am\u017eius: nuo 5 met\u0173. D\u0117mesio! Netinka vaikams iki 3 met\u0173, d\u0117l smulki\u0173 detali\u0173 yra pavojus u\u017espringti. Kilm\u0117s \u0161alis: K.L.R. Pagaminta pagal [&hellip;]<\/p>","protected":false},"featured_media":30531,"template":"","meta":{"_acf_changed":false,"iawp_total_views":162},"product_cat":[218,252,84,199,39],"product_tag":[97,98,99],"class_list":{"0":"post-30525","1":"product","2":"type-product","3":"status-publish","4":"has-post-thumbnail","6":"product_cat-darzeliu-grupems","7":"product_cat-djeco","8":"product_cat-lavinamieji-zaislai","9":"product_cat-ugdymo-istaigoms","10":"product_cat-zaislai","11":"product_tag-3-m-4-m","12":"product_tag-5-m-7-m","13":"product_tag-8-m-11-m","15":"first","16":"outofstock","17":"sale","18":"taxable","19":"shipping-taxable","20":"purchasable","21":"product-type-simple"},"acf":[],"yoast_head":"<!-- This site is optimized with the Yoast SEO plugin v23.3 - https:\/\/yoast.com\/wordpress\/plugins\/seo\/ -->\n<title>\u017daidimas - \u0160aunioji mokykla - Montessori \u017eaislai<\/title>\n<meta name=\"robots\" content=\"index, follow, max-snippet:-1, max-image-preview:large, max-video-preview:-1\" \/>\n<link rel=\"canonical\" href=\"https:\/\/monti.lt\/en\/product\/zaidimas-saunioji-mokykla\/\" \/>\n<meta property=\"og:locale\" content=\"en_US\" \/>\n<meta property=\"og:type\" content=\"article\" \/>\n<meta property=\"og:title\" content=\"\u017daidimas - \u0160aunioji mokykla - Montessori \u017eaislai\" \/>\n<meta property=\"og:description\" content=\"Loto \u017eaidimas, skirtas susipa\u017einti su gyv\u016bnais ir j\u0173 nat\u016braliomis buvein\u0117mis \u2013 dykumomis, ledynais, vandenynais, kalnais ir kt. Rinkinyje yra 7 apvalios aplinkos kortel\u0117s, 49 gyv\u016bn\u0173 \u017eetonai, 6 loto lentel\u0117s ir 1 med\u017eiaginis mai\u0161elis. Rekomenduojamas am\u017eius: nuo 5 met\u0173. D\u0117mesio! Netinka vaikams iki 3 met\u0173, d\u0117l smulki\u0173 detali\u0173 yra pavojus u\u017espringti. Kilm\u0117s \u0161alis: K.L.R. Pagaminta pagal [&hellip;]\" \/>\n<meta property=\"og:url\" content=\"https:\/\/monti.lt\/en\/product\/zaidimas-saunioji-mokykla\/\" \/>\n<meta property=\"og:site_name\" content=\"Montessori \u017eaislai\" \/>\n<meta property=\"article:modified_time\" content=\"2026-03-17T08:04:07+00:00\" \/>\n<meta property=\"og:image\" content=\"https:\/\/monti.lt\/wp-content\/uploads\/2025\/02\/13515-DJ00810-zaidimas-saunioji-mokykla-naturo-mondo.jpg\" \/>\n\t<meta property=\"og:image:width\" content=\"799\" \/>\n\t<meta property=\"og:image:height\" content=\"800\" \/>\n\t<meta property=\"og:image:type\" content=\"image\/jpeg\" \/>\n<meta name=\"twitter:card\" content=\"summary_large_image\" \/>\n<meta name=\"twitter:label1\" content=\"Est. reading time\" \/>\n\t<meta name=\"twitter:data1\" content=\"1 minute\" \/>\n<script type=\"application\/ld+json\" class=\"yoast-schema-graph\">{\"@context\":\"https:\/\/schema.org\",\"@graph\":[{\"@type\":\"WebPage\",\"@id\":\"https:\/\/monti.lt\/product\/zaidimas-saunioji-mokykla\/\",\"url\":\"https:\/\/monti.lt\/product\/zaidimas-saunioji-mokykla\/\",\"name\":\"\u017daidimas - \u0160aunioji mokykla - Montessori \u017eaislai\",\"isPartOf\":{\"@id\":\"https:\/\/monti.lt\/#website\"},\"primaryImageOfPage\":{\"@id\":\"https:\/\/monti.lt\/product\/zaidimas-saunioji-mokykla\/#primaryimage\"},\"image\":{\"@id\":\"https:\/\/monti.lt\/product\/zaidimas-saunioji-mokykla\/#primaryimage\"},\"thumbnailUrl\":\"https:\/\/monti.lt\/wp-content\/uploads\/2025\/02\/13515-DJ00810-zaidimas-saunioji-mokykla-naturo-mondo.jpg\",\"datePublished\":\"2025-02-13T11:12:49+00:00\",\"dateModified\":\"2026-03-17T08:04:07+00:00\",\"breadcrumb\":{\"@id\":\"https:\/\/monti.lt\/product\/zaidimas-saunioji-mokykla\/#breadcrumb\"},\"inLanguage\":\"en-US\",\"potentialAction\":[{\"@type\":\"ReadAction\",\"target\":[\"https:\/\/monti.lt\/product\/zaidimas-saunioji-mokykla\/\"]}]},{\"@type\":\"ImageObject\",\"inLanguage\":\"en-US\",\"@id\":\"https:\/\/monti.lt\/product\/zaidimas-saunioji-mokykla\/#primaryimage\",\"url\":\"https:\/\/monti.lt\/wp-content\/uploads\/2025\/02\/13515-DJ00810-zaidimas-saunioji-mokykla-naturo-mondo.jpg\",\"contentUrl\":\"https:\/\/monti.lt\/wp-content\/uploads\/2025\/02\/13515-DJ00810-zaidimas-saunioji-mokykla-naturo-mondo.jpg\",\"width\":799,\"height\":800,\"caption\":\"naturo mondo\"},{\"@type\":\"BreadcrumbList\",\"@id\":\"https:\/\/monti.lt\/product\/zaidimas-saunioji-mokykla\/#breadcrumb\",\"itemListElement\":[{\"@type\":\"ListItem\",\"position\":1,\"name\":\"Home\",\"item\":\"https:\/\/monti.lt\/\"},{\"@type\":\"ListItem\",\"position\":2,\"name\":\"Parduotuv\u0117\",\"item\":\"https:\/\/monti.lt\/shop\/\"},{\"@type\":\"ListItem\",\"position\":3,\"name\":\"\u017daidimas &#8211; \u0160aunioji mokykla\"}]},{\"@type\":\"WebSite\",\"@id\":\"https:\/\/monti.lt\/#website\",\"url\":\"https:\/\/monti.lt\/\",\"name\":\"Montessori \u017eaislai\",\"description\":\"\",\"publisher\":{\"@id\":\"https:\/\/monti.lt\/#organization\"},\"potentialAction\":[{\"@type\":\"SearchAction\",\"target\":{\"@type\":\"EntryPoint\",\"urlTemplate\":\"https:\/\/monti.lt\/?s={search_term_string}\"},\"query-input\":\"required name=search_term_string\"}],\"inLanguage\":\"en-US\"},{\"@type\":\"Organization\",\"@id\":\"https:\/\/monti.lt\/#organization\",\"name\":\"Montessori \u017eaislai\",\"url\":\"https:\/\/monti.lt\/\",\"logo\":{\"@type\":\"ImageObject\",\"inLanguage\":\"en-US\",\"@id\":\"https:\/\/monti.lt\/#\/schema\/logo\/image\/\",\"url\":\"https:\/\/monti.lt\/wp-content\/uploads\/2022\/03\/montilogo-1.png\",\"contentUrl\":\"https:\/\/monti.lt\/wp-content\/uploads\/2022\/03\/montilogo-1.png\",\"width\":512,\"height\":512,\"caption\":\"Montessori \u017eaislai\"},\"image\":{\"@id\":\"https:\/\/monti.lt\/#\/schema\/logo\/image\/\"}}]}<\/script>\n<!-- \/ Yoast SEO plugin. -->","yoast_head_json":{"title":"\u017daidimas - \u0160aunioji mokykla - Montessori \u017eaislai","robots":{"index":"index","follow":"follow","max-snippet":"max-snippet:-1","max-image-preview":"max-image-preview:large","max-video-preview":"max-video-preview:-1"},"canonical":"https:\/\/monti.lt\/en\/product\/zaidimas-saunioji-mokykla\/","og_locale":"en_US","og_type":"article","og_title":"\u017daidimas - \u0160aunioji mokykla - Montessori \u017eaislai","og_description":"Loto \u017eaidimas, skirtas susipa\u017einti su gyv\u016bnais ir j\u0173 nat\u016braliomis buvein\u0117mis \u2013 dykumomis, ledynais, vandenynais, kalnais ir kt. Rinkinyje yra 7 apvalios aplinkos kortel\u0117s, 49 gyv\u016bn\u0173 \u017eetonai, 6 loto lentel\u0117s ir 1 med\u017eiaginis mai\u0161elis. Rekomenduojamas am\u017eius: nuo 5 met\u0173. D\u0117mesio! Netinka vaikams iki 3 met\u0173, d\u0117l smulki\u0173 detali\u0173 yra pavojus u\u017espringti. Kilm\u0117s \u0161alis: K.L.R. Pagaminta pagal [&hellip;]","og_url":"https:\/\/monti.lt\/en\/product\/zaidimas-saunioji-mokykla\/","og_site_name":"Montessori \u017eaislai","article_modified_time":"2026-03-17T08:04:07+00:00","og_image":[{"width":799,"height":800,"url":"https:\/\/monti.lt\/wp-content\/uploads\/2025\/02\/13515-DJ00810-zaidimas-saunioji-mokykla-naturo-mondo.jpg","type":"image\/jpeg"}],"twitter_card":"summary_large_image","twitter_misc":{"Est. reading time":"1 minute"},"schema":{"@context":"https:\/\/schema.org","@graph":[{"@type":"WebPage","@id":"https:\/\/monti.lt\/product\/zaidimas-saunioji-mokykla\/","url":"https:\/\/monti.lt\/product\/zaidimas-saunioji-mokykla\/","name":"\u017daidimas - \u0160aunioji mokykla - Montessori \u017eaislai","isPartOf":{"@id":"https:\/\/monti.lt\/#website"},"primaryImageOfPage":{"@id":"https:\/\/monti.lt\/product\/zaidimas-saunioji-mokykla\/#primaryimage"},"image":{"@id":"https:\/\/monti.lt\/product\/zaidimas-saunioji-mokykla\/#primaryimage"},"thumbnailUrl":"https:\/\/monti.lt\/wp-content\/uploads\/2025\/02\/13515-DJ00810-zaidimas-saunioji-mokykla-naturo-mondo.jpg","datePublished":"2025-02-13T11:12:49+00:00","dateModified":"2026-03-17T08:04:07+00:00","breadcrumb":{"@id":"https:\/\/monti.lt\/product\/zaidimas-saunioji-mokykla\/#breadcrumb"},"inLanguage":"en-US","potentialAction":[{"@type":"ReadAction","target":["https:\/\/monti.lt\/product\/zaidimas-saunioji-mokykla\/"]}]},{"@type":"ImageObject","inLanguage":"en-US","@id":"https:\/\/monti.lt\/product\/zaidimas-saunioji-mokykla\/#primaryimage","url":"https:\/\/monti.lt\/wp-content\/uploads\/2025\/02\/13515-DJ00810-zaidimas-saunioji-mokykla-naturo-mondo.jpg","contentUrl":"https:\/\/monti.lt\/wp-content\/uploads\/2025\/02\/13515-DJ00810-zaidimas-saunioji-mokykla-naturo-mondo.jpg","width":799,"height":800,"caption":"naturo mondo"},{"@type":"BreadcrumbList","@id":"https:\/\/monti.lt\/product\/zaidimas-saunioji-mokykla\/#breadcrumb","itemListElement":[{"@type":"ListItem","position":1,"name":"Home","item":"https:\/\/monti.lt\/"},{"@type":"ListItem","position":2,"name":"Parduotuv\u0117","item":"https:\/\/monti.lt\/shop\/"},{"@type":"ListItem","position":3,"name":"\u017daidimas &#8211; \u0160aunioji mokykla"}]},{"@type":"WebSite","@id":"https:\/\/monti.lt\/#website","url":"https:\/\/monti.lt\/","name":"Montessori \u017eaislai","description":"","publisher":{"@id":"https:\/\/monti.lt\/#organization"},"potentialAction":[{"@type":"SearchAction","target":{"@type":"EntryPoint","urlTemplate":"https:\/\/monti.lt\/?s={search_term_string}"},"query-input":"required name=search_term_string"}],"inLanguage":"en-US"},{"@type":"Organization","@id":"https:\/\/monti.lt\/#organization","name":"Montessori \u017eaislai","url":"https:\/\/monti.lt\/","logo":{"@type":"ImageObject","inLanguage":"en-US","@id":"https:\/\/monti.lt\/#\/schema\/logo\/image\/","url":"https:\/\/monti.lt\/wp-content\/uploads\/2022\/03\/montilogo-1.png","contentUrl":"https:\/\/monti.lt\/wp-content\/uploads\/2022\/03\/montilogo-1.png","width":512,"height":512,"caption":"Montessori \u017eaislai"},"image":{"@id":"https:\/\/monti.lt\/#\/schema\/logo\/image\/"}}]}},"_links":{"self":[{"href":"https:\/\/monti.lt\/en\/wp-json\/wp\/v2\/product\/30525"}],"collection":[{"href":"https:\/\/monti.lt\/en\/wp-json\/wp\/v2\/product"}],"about":[{"href":"https:\/\/monti.lt\/en\/wp-json\/wp\/v2\/types\/product"}],"version-history":[{"count":1,"href":"https:\/\/monti.lt\/en\/wp-json\/wp\/v2\/product\/30525\/revisions"}],"predecessor-version":[{"id":30532,"href":"https:\/\/monti.lt\/en\/wp-json\/wp\/v2\/product\/30525\/revisions\/30532"}],"wp:featuredmedia":[{"embeddable":true,"href":"https:\/\/monti.lt\/en\/wp-json\/wp\/v2\/media\/30531"}],"wp:attachment":[{"href":"https:\/\/monti.lt\/en\/wp-json\/wp\/v2\/media?parent=30525"}],"wp:term":[{"taxonomy":"product_cat","embeddable":true,"href":"https:\/\/monti.lt\/en\/wp-json\/wp\/v2\/product_cat?post=30525"},{"taxonomy":"product_tag","embeddable":true,"href":"https:\/\/monti.lt\/en\/wp-json\/wp\/v2\/product_tag?post=30525"}],"curies":[{"name":"wp","href":"https:\/\/api.w.org\/{rel}","templated":true}]}}