{"id":30536,"date":"2025-02-13T11:19:30","date_gmt":"2025-02-13T11:19:30","guid":{"rendered":"https:\/\/monti.lt\/?post_type=product&#038;p=30536"},"modified":"2026-02-02T07:26:24","modified_gmt":"2026-02-02T07:26:24","slug":"tommyfrida-dekoratyviniai-kiausiniai-spalvinimui-6-vnt","status":"publish","type":"product","link":"https:\/\/monti.lt\/en\/product\/tommyfrida-dekoratyviniai-kiausiniai-spalvinimui-6-vnt\/","title":{"rendered":"Tommy&amp;Frida &#8211; Dekoratyviniai kiau\u0161iniai spalvinimui (6\u00a0vnt)"},"content":{"rendered":"<p>6 popierini\u0173 kiau\u0161ini\u0173 rinkinys, kuriuos galite spalvinti. Kiekvienas kiau\u0161inis turi pritvirtint\u0105 satino juostel\u0119 pakabinimui. Kiau\u0161inio dydis: 4.7 x 6.7 cm. D\u0117mesio! Netinka vaikams iki 3 met\u0173, d\u0117l smulki\u0173 detali\u0173 yra pavojus u\u017espringti. Kilm\u0117s \u0161alis: K.L.R.<\/p>","protected":false},"excerpt":{"rendered":"<p>6 popierini\u0173 kiau\u0161ini\u0173 rinkinys, kuriuos galite spalvinti. Kiekvienas kiau\u0161inis turi pritvirtint\u0105 satino juostel\u0119 pakabinimui. Kiau\u0161inio dydis: 4.7 x 6.7 cm. D\u0117mesio! Netinka vaikams iki 3 met\u0173, d\u0117l smulki\u0173 detali\u0173 yra pavojus u\u017espringti. Kilm\u0117s \u0161alis: K.L.R.<\/p>","protected":false},"featured_media":30538,"template":"","meta":{"_acf_changed":false,"iawp_total_views":56},"product_cat":[87,89],"product_tag":[97,98,99],"class_list":{"0":"post-30536","1":"product","2":"type-product","3":"status-publish","4":"has-post-thumbnail","6":"product_cat-kurybiniai-rinkiniai","7":"product_cat-mokausi-piesti","8":"product_tag-3-m-4-m","9":"product_tag-5-m-7-m","10":"product_tag-8-m-11-m","12":"first","13":"outofstock","14":"taxable","15":"shipping-taxable","16":"purchasable","17":"product-type-simple"},"acf":[],"yoast_head":"<!-- This site is optimized with the Yoast SEO plugin v23.3 - https:\/\/yoast.com\/wordpress\/plugins\/seo\/ -->\n<title>Tommy&amp;Frida - Dekoratyviniai kiau\u0161iniai spalvinimui (6\u00a0vnt) - Montessori \u017eaislai<\/title>\n<meta name=\"robots\" content=\"index, follow, max-snippet:-1, max-image-preview:large, max-video-preview:-1\" \/>\n<link rel=\"canonical\" href=\"https:\/\/monti.lt\/en\/product\/tommyfrida-dekoratyviniai-kiausiniai-spalvinimui-6-vnt\/\" \/>\n<meta property=\"og:locale\" content=\"en_US\" \/>\n<meta property=\"og:type\" content=\"article\" \/>\n<meta property=\"og:title\" content=\"Tommy&amp;Frida - Dekoratyviniai kiau\u0161iniai spalvinimui (6\u00a0vnt) - Montessori \u017eaislai\" \/>\n<meta property=\"og:description\" content=\"6 popierini\u0173 kiau\u0161ini\u0173 rinkinys, kuriuos galite spalvinti. Kiekvienas kiau\u0161inis turi pritvirtint\u0105 satino juostel\u0119 pakabinimui. Kiau\u0161inio dydis: 4.7 x 6.7 cm. D\u0117mesio! Netinka vaikams iki 3 met\u0173, d\u0117l smulki\u0173 detali\u0173 yra pavojus u\u017espringti. Kilm\u0117s \u0161alis: K.L.R.\" \/>\n<meta property=\"og:url\" content=\"https:\/\/monti.lt\/en\/product\/tommyfrida-dekoratyviniai-kiausiniai-spalvinimui-6-vnt\/\" \/>\n<meta property=\"og:site_name\" content=\"Montessori \u017eaislai\" \/>\n<meta property=\"article:modified_time\" content=\"2026-02-02T07:26:24+00:00\" \/>\n<meta property=\"og:image\" content=\"https:\/\/monti.lt\/wp-content\/uploads\/2025\/02\/13250-TH961686-tommyfrida-dekoratyviniai-kiausiniai-spalvinimui-6-pcs-.jpg\" \/>\n\t<meta property=\"og:image:width\" content=\"800\" \/>\n\t<meta property=\"og:image:height\" content=\"800\" \/>\n\t<meta property=\"og:image:type\" content=\"image\/jpeg\" \/>\n<meta name=\"twitter:card\" content=\"summary_large_image\" \/>\n<meta name=\"twitter:label1\" content=\"Est. reading time\" \/>\n\t<meta name=\"twitter:data1\" content=\"1 minute\" \/>\n<script type=\"application\/ld+json\" class=\"yoast-schema-graph\">{\"@context\":\"https:\/\/schema.org\",\"@graph\":[{\"@type\":\"WebPage\",\"@id\":\"https:\/\/monti.lt\/product\/tommyfrida-dekoratyviniai-kiausiniai-spalvinimui-6-vnt\/\",\"url\":\"https:\/\/monti.lt\/product\/tommyfrida-dekoratyviniai-kiausiniai-spalvinimui-6-vnt\/\",\"name\":\"Tommy&amp;Frida - Dekoratyviniai kiau\u0161iniai spalvinimui (6\u00a0vnt) - Montessori \u017eaislai\",\"isPartOf\":{\"@id\":\"https:\/\/monti.lt\/#website\"},\"primaryImageOfPage\":{\"@id\":\"https:\/\/monti.lt\/product\/tommyfrida-dekoratyviniai-kiausiniai-spalvinimui-6-vnt\/#primaryimage\"},\"image\":{\"@id\":\"https:\/\/monti.lt\/product\/tommyfrida-dekoratyviniai-kiausiniai-spalvinimui-6-vnt\/#primaryimage\"},\"thumbnailUrl\":\"https:\/\/monti.lt\/wp-content\/uploads\/2025\/02\/13250-TH961686-tommyfrida-dekoratyviniai-kiausiniai-spalvinimui-6-pcs-.jpg\",\"datePublished\":\"2025-02-13T11:19:30+00:00\",\"dateModified\":\"2026-02-02T07:26:24+00:00\",\"breadcrumb\":{\"@id\":\"https:\/\/monti.lt\/product\/tommyfrida-dekoratyviniai-kiausiniai-spalvinimui-6-vnt\/#breadcrumb\"},\"inLanguage\":\"en-US\",\"potentialAction\":[{\"@type\":\"ReadAction\",\"target\":[\"https:\/\/monti.lt\/product\/tommyfrida-dekoratyviniai-kiausiniai-spalvinimui-6-vnt\/\"]}]},{\"@type\":\"ImageObject\",\"inLanguage\":\"en-US\",\"@id\":\"https:\/\/monti.lt\/product\/tommyfrida-dekoratyviniai-kiausiniai-spalvinimui-6-vnt\/#primaryimage\",\"url\":\"https:\/\/monti.lt\/wp-content\/uploads\/2025\/02\/13250-TH961686-tommyfrida-dekoratyviniai-kiausiniai-spalvinimui-6-pcs-.jpg\",\"contentUrl\":\"https:\/\/monti.lt\/wp-content\/uploads\/2025\/02\/13250-TH961686-tommyfrida-dekoratyviniai-kiausiniai-spalvinimui-6-pcs-.jpg\",\"width\":800,\"height\":800,\"caption\":\"kiausiniai spalvinimui\"},{\"@type\":\"BreadcrumbList\",\"@id\":\"https:\/\/monti.lt\/product\/tommyfrida-dekoratyviniai-kiausiniai-spalvinimui-6-vnt\/#breadcrumb\",\"itemListElement\":[{\"@type\":\"ListItem\",\"position\":1,\"name\":\"Home\",\"item\":\"https:\/\/monti.lt\/\"},{\"@type\":\"ListItem\",\"position\":2,\"name\":\"Parduotuv\u0117\",\"item\":\"https:\/\/monti.lt\/shop\/\"},{\"@type\":\"ListItem\",\"position\":3,\"name\":\"Tommy&amp;Frida &#8211; Dekoratyviniai kiau\u0161iniai spalvinimui (6\u00a0vnt)\"}]},{\"@type\":\"WebSite\",\"@id\":\"https:\/\/monti.lt\/#website\",\"url\":\"https:\/\/monti.lt\/\",\"name\":\"Montessori \u017eaislai\",\"description\":\"\",\"publisher\":{\"@id\":\"https:\/\/monti.lt\/#organization\"},\"potentialAction\":[{\"@type\":\"SearchAction\",\"target\":{\"@type\":\"EntryPoint\",\"urlTemplate\":\"https:\/\/monti.lt\/?s={search_term_string}\"},\"query-input\":\"required name=search_term_string\"}],\"inLanguage\":\"en-US\"},{\"@type\":\"Organization\",\"@id\":\"https:\/\/monti.lt\/#organization\",\"name\":\"Montessori \u017eaislai\",\"url\":\"https:\/\/monti.lt\/\",\"logo\":{\"@type\":\"ImageObject\",\"inLanguage\":\"en-US\",\"@id\":\"https:\/\/monti.lt\/#\/schema\/logo\/image\/\",\"url\":\"https:\/\/monti.lt\/wp-content\/uploads\/2022\/03\/montilogo-1.png\",\"contentUrl\":\"https:\/\/monti.lt\/wp-content\/uploads\/2022\/03\/montilogo-1.png\",\"width\":512,\"height\":512,\"caption\":\"Montessori \u017eaislai\"},\"image\":{\"@id\":\"https:\/\/monti.lt\/#\/schema\/logo\/image\/\"}}]}<\/script>\n<!-- \/ Yoast SEO plugin. -->","yoast_head_json":{"title":"Tommy&amp;Frida - Dekoratyviniai kiau\u0161iniai spalvinimui (6\u00a0vnt) - Montessori \u017eaislai","robots":{"index":"index","follow":"follow","max-snippet":"max-snippet:-1","max-image-preview":"max-image-preview:large","max-video-preview":"max-video-preview:-1"},"canonical":"https:\/\/monti.lt\/en\/product\/tommyfrida-dekoratyviniai-kiausiniai-spalvinimui-6-vnt\/","og_locale":"en_US","og_type":"article","og_title":"Tommy&amp;Frida - Dekoratyviniai kiau\u0161iniai spalvinimui (6\u00a0vnt) - Montessori \u017eaislai","og_description":"6 popierini\u0173 kiau\u0161ini\u0173 rinkinys, kuriuos galite spalvinti. Kiekvienas kiau\u0161inis turi pritvirtint\u0105 satino juostel\u0119 pakabinimui. Kiau\u0161inio dydis: 4.7 x 6.7 cm. D\u0117mesio! Netinka vaikams iki 3 met\u0173, d\u0117l smulki\u0173 detali\u0173 yra pavojus u\u017espringti. Kilm\u0117s \u0161alis: K.L.R.","og_url":"https:\/\/monti.lt\/en\/product\/tommyfrida-dekoratyviniai-kiausiniai-spalvinimui-6-vnt\/","og_site_name":"Montessori \u017eaislai","article_modified_time":"2026-02-02T07:26:24+00:00","og_image":[{"width":800,"height":800,"url":"https:\/\/monti.lt\/wp-content\/uploads\/2025\/02\/13250-TH961686-tommyfrida-dekoratyviniai-kiausiniai-spalvinimui-6-pcs-.jpg","type":"image\/jpeg"}],"twitter_card":"summary_large_image","twitter_misc":{"Est. reading time":"1 minute"},"schema":{"@context":"https:\/\/schema.org","@graph":[{"@type":"WebPage","@id":"https:\/\/monti.lt\/product\/tommyfrida-dekoratyviniai-kiausiniai-spalvinimui-6-vnt\/","url":"https:\/\/monti.lt\/product\/tommyfrida-dekoratyviniai-kiausiniai-spalvinimui-6-vnt\/","name":"Tommy&amp;Frida - Dekoratyviniai kiau\u0161iniai spalvinimui (6\u00a0vnt) - Montessori \u017eaislai","isPartOf":{"@id":"https:\/\/monti.lt\/#website"},"primaryImageOfPage":{"@id":"https:\/\/monti.lt\/product\/tommyfrida-dekoratyviniai-kiausiniai-spalvinimui-6-vnt\/#primaryimage"},"image":{"@id":"https:\/\/monti.lt\/product\/tommyfrida-dekoratyviniai-kiausiniai-spalvinimui-6-vnt\/#primaryimage"},"thumbnailUrl":"https:\/\/monti.lt\/wp-content\/uploads\/2025\/02\/13250-TH961686-tommyfrida-dekoratyviniai-kiausiniai-spalvinimui-6-pcs-.jpg","datePublished":"2025-02-13T11:19:30+00:00","dateModified":"2026-02-02T07:26:24+00:00","breadcrumb":{"@id":"https:\/\/monti.lt\/product\/tommyfrida-dekoratyviniai-kiausiniai-spalvinimui-6-vnt\/#breadcrumb"},"inLanguage":"en-US","potentialAction":[{"@type":"ReadAction","target":["https:\/\/monti.lt\/product\/tommyfrida-dekoratyviniai-kiausiniai-spalvinimui-6-vnt\/"]}]},{"@type":"ImageObject","inLanguage":"en-US","@id":"https:\/\/monti.lt\/product\/tommyfrida-dekoratyviniai-kiausiniai-spalvinimui-6-vnt\/#primaryimage","url":"https:\/\/monti.lt\/wp-content\/uploads\/2025\/02\/13250-TH961686-tommyfrida-dekoratyviniai-kiausiniai-spalvinimui-6-pcs-.jpg","contentUrl":"https:\/\/monti.lt\/wp-content\/uploads\/2025\/02\/13250-TH961686-tommyfrida-dekoratyviniai-kiausiniai-spalvinimui-6-pcs-.jpg","width":800,"height":800,"caption":"kiausiniai spalvinimui"},{"@type":"BreadcrumbList","@id":"https:\/\/monti.lt\/product\/tommyfrida-dekoratyviniai-kiausiniai-spalvinimui-6-vnt\/#breadcrumb","itemListElement":[{"@type":"ListItem","position":1,"name":"Home","item":"https:\/\/monti.lt\/"},{"@type":"ListItem","position":2,"name":"Parduotuv\u0117","item":"https:\/\/monti.lt\/shop\/"},{"@type":"ListItem","position":3,"name":"Tommy&amp;Frida &#8211; Dekoratyviniai kiau\u0161iniai spalvinimui (6\u00a0vnt)"}]},{"@type":"WebSite","@id":"https:\/\/monti.lt\/#website","url":"https:\/\/monti.lt\/","name":"Montessori \u017eaislai","description":"","publisher":{"@id":"https:\/\/monti.lt\/#organization"},"potentialAction":[{"@type":"SearchAction","target":{"@type":"EntryPoint","urlTemplate":"https:\/\/monti.lt\/?s={search_term_string}"},"query-input":"required name=search_term_string"}],"inLanguage":"en-US"},{"@type":"Organization","@id":"https:\/\/monti.lt\/#organization","name":"Montessori \u017eaislai","url":"https:\/\/monti.lt\/","logo":{"@type":"ImageObject","inLanguage":"en-US","@id":"https:\/\/monti.lt\/#\/schema\/logo\/image\/","url":"https:\/\/monti.lt\/wp-content\/uploads\/2022\/03\/montilogo-1.png","contentUrl":"https:\/\/monti.lt\/wp-content\/uploads\/2022\/03\/montilogo-1.png","width":512,"height":512,"caption":"Montessori \u017eaislai"},"image":{"@id":"https:\/\/monti.lt\/#\/schema\/logo\/image\/"}}]}},"_links":{"self":[{"href":"https:\/\/monti.lt\/en\/wp-json\/wp\/v2\/product\/30536"}],"collection":[{"href":"https:\/\/monti.lt\/en\/wp-json\/wp\/v2\/product"}],"about":[{"href":"https:\/\/monti.lt\/en\/wp-json\/wp\/v2\/types\/product"}],"version-history":[{"count":1,"href":"https:\/\/monti.lt\/en\/wp-json\/wp\/v2\/product\/30536\/revisions"}],"predecessor-version":[{"id":30539,"href":"https:\/\/monti.lt\/en\/wp-json\/wp\/v2\/product\/30536\/revisions\/30539"}],"wp:featuredmedia":[{"embeddable":true,"href":"https:\/\/monti.lt\/en\/wp-json\/wp\/v2\/media\/30538"}],"wp:attachment":[{"href":"https:\/\/monti.lt\/en\/wp-json\/wp\/v2\/media?parent=30536"}],"wp:term":[{"taxonomy":"product_cat","embeddable":true,"href":"https:\/\/monti.lt\/en\/wp-json\/wp\/v2\/product_cat?post=30536"},{"taxonomy":"product_tag","embeddable":true,"href":"https:\/\/monti.lt\/en\/wp-json\/wp\/v2\/product_tag?post=30536"}],"curies":[{"name":"wp","href":"https:\/\/api.w.org\/{rel}","templated":true}]}}