{"id":30537,"date":"2025-02-13T11:22:50","date_gmt":"2025-02-13T11:22:50","guid":{"rendered":"https:\/\/monti.lt\/?post_type=product&#038;p=30537"},"modified":"2025-12-15T08:42:00","modified_gmt":"2025-12-15T08:42:00","slug":"atminties-zaidimas-gyvunai-32-vnt","status":"publish","type":"product","link":"https:\/\/monti.lt\/en\/product\/atminties-zaidimas-gyvunai-32-vnt\/","title":{"rendered":"Atminties \u017eaidimas &#8211; Gyv\u016bnai (32 vnt.)"},"content":{"rendered":"<p>Rinkinyje 32 kortel\u0117s su spalvingais gyv\u016bn\u0117liais atminties treniruotei. Tereikia i\u0161d\u0117lioti u\u017everstas korteles ant stalo ir atvertus vien\u0105 kortel\u0119 bandyti rasti jai por\u0105. Jei rasi du vienodus \u017ev\u0117relius &#8211; tau pasisek\u0117! Rekomenduojamas am\u017eius: nuo 3 met\u0173. D\u0117mesio! Netinka vaikams iki 3 met\u0173, d\u0117l smulki\u0173 detali\u0173 yra pavojus u\u017espringti. Kilm\u0117s \u0161alis: K.L.R. Pagaminta pagal Pranc\u016bzijos dizain\u0105 ir u\u017esakym\u0105.<\/p>","protected":false},"excerpt":{"rendered":"<p>Rinkinyje 32 kortel\u0117s su spalvingais gyv\u016bn\u0117liais atminties treniruotei. Tereikia i\u0161d\u0117lioti u\u017everstas korteles ant stalo ir atvertus vien\u0105 kortel\u0119 bandyti rasti jai por\u0105. Jei rasi du vienodus \u017ev\u0117relius &#8211; tau pasisek\u0117! Rekomenduojamas am\u017eius: nuo 3 met\u0173. D\u0117mesio! Netinka vaikams iki 3 met\u0173, d\u0117l smulki\u0173 detali\u0173 yra pavojus u\u017espringti. Kilm\u0117s \u0161alis: K.L.R. Pagaminta pagal Pranc\u016bzijos dizain\u0105 ir [&hellip;]<\/p>","protected":false},"featured_media":30545,"template":"","meta":{"_acf_changed":false,"iawp_total_views":72},"product_cat":[252,84,91,49,39],"product_tag":[97,98],"class_list":{"0":"post-30537","1":"product","2":"type-product","3":"status-publish","4":"has-post-thumbnail","6":"product_cat-djeco","7":"product_cat-lavinamieji-zaislai","8":"product_cat-loginiam-mastymui","9":"product_cat-visi-zaislai","10":"product_cat-zaislai","11":"product_tag-3-m-4-m","12":"product_tag-5-m-7-m","14":"first","15":"outofstock","16":"taxable","17":"shipping-taxable","18":"purchasable","19":"product-type-simple"},"acf":[],"yoast_head":"<!-- This site is optimized with the Yoast SEO plugin v23.3 - https:\/\/yoast.com\/wordpress\/plugins\/seo\/ -->\n<title>Atminties \u017eaidimas - Gyv\u016bnai (32 vnt.) - Montessori \u017eaislai<\/title>\n<meta name=\"robots\" content=\"index, follow, max-snippet:-1, max-image-preview:large, max-video-preview:-1\" \/>\n<link rel=\"canonical\" href=\"https:\/\/monti.lt\/en\/product\/atminties-zaidimas-gyvunai-32-vnt\/\" \/>\n<meta property=\"og:locale\" content=\"en_US\" \/>\n<meta property=\"og:type\" content=\"article\" \/>\n<meta property=\"og:title\" content=\"Atminties \u017eaidimas - Gyv\u016bnai (32 vnt.) - Montessori \u017eaislai\" \/>\n<meta property=\"og:description\" content=\"Rinkinyje 32 kortel\u0117s su spalvingais gyv\u016bn\u0117liais atminties treniruotei. Tereikia i\u0161d\u0117lioti u\u017everstas korteles ant stalo ir atvertus vien\u0105 kortel\u0119 bandyti rasti jai por\u0105. Jei rasi du vienodus \u017ev\u0117relius &#8211; tau pasisek\u0117! Rekomenduojamas am\u017eius: nuo 3 met\u0173. D\u0117mesio! Netinka vaikams iki 3 met\u0173, d\u0117l smulki\u0173 detali\u0173 yra pavojus u\u017espringti. Kilm\u0117s \u0161alis: K.L.R. Pagaminta pagal Pranc\u016bzijos dizain\u0105 ir [&hellip;]\" \/>\n<meta property=\"og:url\" content=\"https:\/\/monti.lt\/en\/product\/atminties-zaidimas-gyvunai-32-vnt\/\" \/>\n<meta property=\"og:site_name\" content=\"Montessori \u017eaislai\" \/>\n<meta property=\"article:modified_time\" content=\"2025-12-15T08:42:00+00:00\" \/>\n<meta property=\"og:image\" content=\"https:\/\/monti.lt\/wp-content\/uploads\/2025\/02\/11991-DJ08254-atminties-zaidimas-gyvunai-32-vnt-.jpg\" \/>\n\t<meta property=\"og:image:width\" content=\"800\" \/>\n\t<meta property=\"og:image:height\" content=\"800\" \/>\n\t<meta property=\"og:image:type\" content=\"image\/jpeg\" \/>\n<meta name=\"twitter:card\" content=\"summary_large_image\" \/>\n<meta name=\"twitter:label1\" content=\"Est. reading time\" \/>\n\t<meta name=\"twitter:data1\" content=\"1 minute\" \/>\n<script type=\"application\/ld+json\" class=\"yoast-schema-graph\">{\"@context\":\"https:\/\/schema.org\",\"@graph\":[{\"@type\":\"WebPage\",\"@id\":\"https:\/\/monti.lt\/product\/atminties-zaidimas-gyvunai-32-vnt\/\",\"url\":\"https:\/\/monti.lt\/product\/atminties-zaidimas-gyvunai-32-vnt\/\",\"name\":\"Atminties \u017eaidimas - Gyv\u016bnai (32 vnt.) - Montessori \u017eaislai\",\"isPartOf\":{\"@id\":\"https:\/\/monti.lt\/#website\"},\"primaryImageOfPage\":{\"@id\":\"https:\/\/monti.lt\/product\/atminties-zaidimas-gyvunai-32-vnt\/#primaryimage\"},\"image\":{\"@id\":\"https:\/\/monti.lt\/product\/atminties-zaidimas-gyvunai-32-vnt\/#primaryimage\"},\"thumbnailUrl\":\"https:\/\/monti.lt\/wp-content\/uploads\/2025\/02\/11991-DJ08254-atminties-zaidimas-gyvunai-32-vnt-.jpg\",\"datePublished\":\"2025-02-13T11:22:50+00:00\",\"dateModified\":\"2025-12-15T08:42:00+00:00\",\"breadcrumb\":{\"@id\":\"https:\/\/monti.lt\/product\/atminties-zaidimas-gyvunai-32-vnt\/#breadcrumb\"},\"inLanguage\":\"en-US\",\"potentialAction\":[{\"@type\":\"ReadAction\",\"target\":[\"https:\/\/monti.lt\/product\/atminties-zaidimas-gyvunai-32-vnt\/\"]}]},{\"@type\":\"ImageObject\",\"inLanguage\":\"en-US\",\"@id\":\"https:\/\/monti.lt\/product\/atminties-zaidimas-gyvunai-32-vnt\/#primaryimage\",\"url\":\"https:\/\/monti.lt\/wp-content\/uploads\/2025\/02\/11991-DJ08254-atminties-zaidimas-gyvunai-32-vnt-.jpg\",\"contentUrl\":\"https:\/\/monti.lt\/wp-content\/uploads\/2025\/02\/11991-DJ08254-atminties-zaidimas-gyvunai-32-vnt-.jpg\",\"width\":800,\"height\":800},{\"@type\":\"BreadcrumbList\",\"@id\":\"https:\/\/monti.lt\/product\/atminties-zaidimas-gyvunai-32-vnt\/#breadcrumb\",\"itemListElement\":[{\"@type\":\"ListItem\",\"position\":1,\"name\":\"Home\",\"item\":\"https:\/\/monti.lt\/\"},{\"@type\":\"ListItem\",\"position\":2,\"name\":\"Parduotuv\u0117\",\"item\":\"https:\/\/monti.lt\/shop\/\"},{\"@type\":\"ListItem\",\"position\":3,\"name\":\"Atminties \u017eaidimas &#8211; Gyv\u016bnai (32 vnt.)\"}]},{\"@type\":\"WebSite\",\"@id\":\"https:\/\/monti.lt\/#website\",\"url\":\"https:\/\/monti.lt\/\",\"name\":\"Montessori \u017eaislai\",\"description\":\"\",\"publisher\":{\"@id\":\"https:\/\/monti.lt\/#organization\"},\"potentialAction\":[{\"@type\":\"SearchAction\",\"target\":{\"@type\":\"EntryPoint\",\"urlTemplate\":\"https:\/\/monti.lt\/?s={search_term_string}\"},\"query-input\":\"required name=search_term_string\"}],\"inLanguage\":\"en-US\"},{\"@type\":\"Organization\",\"@id\":\"https:\/\/monti.lt\/#organization\",\"name\":\"Montessori \u017eaislai\",\"url\":\"https:\/\/monti.lt\/\",\"logo\":{\"@type\":\"ImageObject\",\"inLanguage\":\"en-US\",\"@id\":\"https:\/\/monti.lt\/#\/schema\/logo\/image\/\",\"url\":\"https:\/\/monti.lt\/wp-content\/uploads\/2022\/03\/montilogo-1.png\",\"contentUrl\":\"https:\/\/monti.lt\/wp-content\/uploads\/2022\/03\/montilogo-1.png\",\"width\":512,\"height\":512,\"caption\":\"Montessori \u017eaislai\"},\"image\":{\"@id\":\"https:\/\/monti.lt\/#\/schema\/logo\/image\/\"}}]}<\/script>\n<!-- \/ Yoast SEO plugin. -->","yoast_head_json":{"title":"Atminties \u017eaidimas - Gyv\u016bnai (32 vnt.) - Montessori \u017eaislai","robots":{"index":"index","follow":"follow","max-snippet":"max-snippet:-1","max-image-preview":"max-image-preview:large","max-video-preview":"max-video-preview:-1"},"canonical":"https:\/\/monti.lt\/en\/product\/atminties-zaidimas-gyvunai-32-vnt\/","og_locale":"en_US","og_type":"article","og_title":"Atminties \u017eaidimas - Gyv\u016bnai (32 vnt.) - Montessori \u017eaislai","og_description":"Rinkinyje 32 kortel\u0117s su spalvingais gyv\u016bn\u0117liais atminties treniruotei. Tereikia i\u0161d\u0117lioti u\u017everstas korteles ant stalo ir atvertus vien\u0105 kortel\u0119 bandyti rasti jai por\u0105. Jei rasi du vienodus \u017ev\u0117relius &#8211; tau pasisek\u0117! Rekomenduojamas am\u017eius: nuo 3 met\u0173. D\u0117mesio! Netinka vaikams iki 3 met\u0173, d\u0117l smulki\u0173 detali\u0173 yra pavojus u\u017espringti. Kilm\u0117s \u0161alis: K.L.R. Pagaminta pagal Pranc\u016bzijos dizain\u0105 ir [&hellip;]","og_url":"https:\/\/monti.lt\/en\/product\/atminties-zaidimas-gyvunai-32-vnt\/","og_site_name":"Montessori \u017eaislai","article_modified_time":"2025-12-15T08:42:00+00:00","og_image":[{"width":800,"height":800,"url":"https:\/\/monti.lt\/wp-content\/uploads\/2025\/02\/11991-DJ08254-atminties-zaidimas-gyvunai-32-vnt-.jpg","type":"image\/jpeg"}],"twitter_card":"summary_large_image","twitter_misc":{"Est. reading time":"1 minute"},"schema":{"@context":"https:\/\/schema.org","@graph":[{"@type":"WebPage","@id":"https:\/\/monti.lt\/product\/atminties-zaidimas-gyvunai-32-vnt\/","url":"https:\/\/monti.lt\/product\/atminties-zaidimas-gyvunai-32-vnt\/","name":"Atminties \u017eaidimas - Gyv\u016bnai (32 vnt.) - Montessori \u017eaislai","isPartOf":{"@id":"https:\/\/monti.lt\/#website"},"primaryImageOfPage":{"@id":"https:\/\/monti.lt\/product\/atminties-zaidimas-gyvunai-32-vnt\/#primaryimage"},"image":{"@id":"https:\/\/monti.lt\/product\/atminties-zaidimas-gyvunai-32-vnt\/#primaryimage"},"thumbnailUrl":"https:\/\/monti.lt\/wp-content\/uploads\/2025\/02\/11991-DJ08254-atminties-zaidimas-gyvunai-32-vnt-.jpg","datePublished":"2025-02-13T11:22:50+00:00","dateModified":"2025-12-15T08:42:00+00:00","breadcrumb":{"@id":"https:\/\/monti.lt\/product\/atminties-zaidimas-gyvunai-32-vnt\/#breadcrumb"},"inLanguage":"en-US","potentialAction":[{"@type":"ReadAction","target":["https:\/\/monti.lt\/product\/atminties-zaidimas-gyvunai-32-vnt\/"]}]},{"@type":"ImageObject","inLanguage":"en-US","@id":"https:\/\/monti.lt\/product\/atminties-zaidimas-gyvunai-32-vnt\/#primaryimage","url":"https:\/\/monti.lt\/wp-content\/uploads\/2025\/02\/11991-DJ08254-atminties-zaidimas-gyvunai-32-vnt-.jpg","contentUrl":"https:\/\/monti.lt\/wp-content\/uploads\/2025\/02\/11991-DJ08254-atminties-zaidimas-gyvunai-32-vnt-.jpg","width":800,"height":800},{"@type":"BreadcrumbList","@id":"https:\/\/monti.lt\/product\/atminties-zaidimas-gyvunai-32-vnt\/#breadcrumb","itemListElement":[{"@type":"ListItem","position":1,"name":"Home","item":"https:\/\/monti.lt\/"},{"@type":"ListItem","position":2,"name":"Parduotuv\u0117","item":"https:\/\/monti.lt\/shop\/"},{"@type":"ListItem","position":3,"name":"Atminties \u017eaidimas &#8211; Gyv\u016bnai (32 vnt.)"}]},{"@type":"WebSite","@id":"https:\/\/monti.lt\/#website","url":"https:\/\/monti.lt\/","name":"Montessori \u017eaislai","description":"","publisher":{"@id":"https:\/\/monti.lt\/#organization"},"potentialAction":[{"@type":"SearchAction","target":{"@type":"EntryPoint","urlTemplate":"https:\/\/monti.lt\/?s={search_term_string}"},"query-input":"required name=search_term_string"}],"inLanguage":"en-US"},{"@type":"Organization","@id":"https:\/\/monti.lt\/#organization","name":"Montessori \u017eaislai","url":"https:\/\/monti.lt\/","logo":{"@type":"ImageObject","inLanguage":"en-US","@id":"https:\/\/monti.lt\/#\/schema\/logo\/image\/","url":"https:\/\/monti.lt\/wp-content\/uploads\/2022\/03\/montilogo-1.png","contentUrl":"https:\/\/monti.lt\/wp-content\/uploads\/2022\/03\/montilogo-1.png","width":512,"height":512,"caption":"Montessori \u017eaislai"},"image":{"@id":"https:\/\/monti.lt\/#\/schema\/logo\/image\/"}}]}},"_links":{"self":[{"href":"https:\/\/monti.lt\/en\/wp-json\/wp\/v2\/product\/30537"}],"collection":[{"href":"https:\/\/monti.lt\/en\/wp-json\/wp\/v2\/product"}],"about":[{"href":"https:\/\/monti.lt\/en\/wp-json\/wp\/v2\/types\/product"}],"version-history":[{"count":1,"href":"https:\/\/monti.lt\/en\/wp-json\/wp\/v2\/product\/30537\/revisions"}],"predecessor-version":[{"id":30544,"href":"https:\/\/monti.lt\/en\/wp-json\/wp\/v2\/product\/30537\/revisions\/30544"}],"wp:featuredmedia":[{"embeddable":true,"href":"https:\/\/monti.lt\/en\/wp-json\/wp\/v2\/media\/30545"}],"wp:attachment":[{"href":"https:\/\/monti.lt\/en\/wp-json\/wp\/v2\/media?parent=30537"}],"wp:term":[{"taxonomy":"product_cat","embeddable":true,"href":"https:\/\/monti.lt\/en\/wp-json\/wp\/v2\/product_cat?post=30537"},{"taxonomy":"product_tag","embeddable":true,"href":"https:\/\/monti.lt\/en\/wp-json\/wp\/v2\/product_tag?post=30537"}],"curies":[{"name":"wp","href":"https:\/\/api.w.org\/{rel}","templated":true}]}}