{"id":30540,"date":"2025-02-13T11:22:17","date_gmt":"2025-02-13T11:22:17","guid":{"rendered":"https:\/\/monti.lt\/?post_type=product&#038;p=30540"},"modified":"2026-02-27T07:57:43","modified_gmt":"2026-02-27T07:57:43","slug":"tommyfrida-karoliuku-lyginimas-visciukai-ir-zuikis-3-vnt","status":"publish","type":"product","link":"https:\/\/monti.lt\/en\/product\/tommyfrida-karoliuku-lyginimas-visciukai-ir-zuikis-3-vnt\/","title":{"rendered":"Tommy&amp;Frida &#8211; Karoliuk\u0173 lyginimas &#8211; Vi\u0161\u010diukai ir zuikis (3 vnt.)"},"content":{"rendered":"<p>Vaikas i\u0161d\u0117lioja spalvotus karoliukus ant speciali\u0173 \u0161ablon\u0173, juos reikia u\u017edengti rinkinyje esan\u010diu popieriumi ir pakaitinti lygintuvu. Fiksuotais karoliukais galima papuo\u0161ti kambar\u012f, kurti paveikslus arba pasigaminti rakt\u0173 pakabuk\u0105. Rinkin\u012f sudaro spalvoti karoliukai ir specialus pagrindas ra\u0161tui sud\u0117lioti, 3 \u0161ablonas, pincetas ir lyginimo popierius. I\u0161 vienos pakuot\u0117s galima pagaminti 3 fig\u016br\u0117les. Rekomenduojamas am\u017eius: nuo 3 met\u0173. D\u0117mesio! Netinka vaikams iki 3 met\u0173, d\u0117l smulki\u0173 detali\u0173 yra pavojus u\u017espringti. Kilm\u0117s \u0161alis: K.L.R.<\/p>","protected":false},"excerpt":{"rendered":"<p>Vaikas i\u0161d\u0117lioja spalvotus karoliukus ant speciali\u0173 \u0161ablon\u0173, juos reikia u\u017edengti rinkinyje esan\u010diu popieriumi ir pakaitinti lygintuvu. Fiksuotais karoliukais galima papuo\u0161ti kambar\u012f, kurti paveikslus arba pasigaminti rakt\u0173 pakabuk\u0105. Rinkin\u012f sudaro spalvoti karoliukai ir specialus pagrindas ra\u0161tui sud\u0117lioti, 3 \u0161ablonas, pincetas ir lyginimo popierius. I\u0161 vienos pakuot\u0117s galima pagaminti 3 fig\u016br\u0117les. Rekomenduojamas am\u017eius: nuo 3 met\u0173. D\u0117mesio! [&hellip;]<\/p>","protected":false},"featured_media":30541,"template":"","meta":{"_acf_changed":false,"iawp_total_views":55},"product_cat":[87,84],"product_tag":[101,98,99],"class_list":{"0":"post-30540","1":"product","2":"type-product","3":"status-publish","4":"has-post-thumbnail","6":"product_cat-kurybiniai-rinkiniai","7":"product_cat-lavinamieji-zaislai","8":"product_tag-12-m-14-m","9":"product_tag-5-m-7-m","10":"product_tag-8-m-11-m","12":"first","13":"outofstock","14":"sale","15":"taxable","16":"shipping-taxable","17":"purchasable","18":"product-type-simple"},"acf":[],"yoast_head":"<!-- This site is optimized with the Yoast SEO plugin v23.3 - https:\/\/yoast.com\/wordpress\/plugins\/seo\/ -->\n<title>Tommy&amp;Frida - Karoliuk\u0173 lyginimas - Vi\u0161\u010diukai ir zuikis (3 vnt.) - Montessori \u017eaislai<\/title>\n<meta name=\"robots\" content=\"index, follow, max-snippet:-1, max-image-preview:large, max-video-preview:-1\" \/>\n<link rel=\"canonical\" href=\"https:\/\/monti.lt\/en\/product\/tommyfrida-karoliuku-lyginimas-visciukai-ir-zuikis-3-vnt\/\" \/>\n<meta property=\"og:locale\" content=\"en_US\" \/>\n<meta property=\"og:type\" content=\"article\" \/>\n<meta property=\"og:title\" content=\"Tommy&amp;Frida - Karoliuk\u0173 lyginimas - Vi\u0161\u010diukai ir zuikis (3 vnt.) - Montessori \u017eaislai\" \/>\n<meta property=\"og:description\" content=\"Vaikas i\u0161d\u0117lioja spalvotus karoliukus ant speciali\u0173 \u0161ablon\u0173, juos reikia u\u017edengti rinkinyje esan\u010diu popieriumi ir pakaitinti lygintuvu. Fiksuotais karoliukais galima papuo\u0161ti kambar\u012f, kurti paveikslus arba pasigaminti rakt\u0173 pakabuk\u0105. Rinkin\u012f sudaro spalvoti karoliukai ir specialus pagrindas ra\u0161tui sud\u0117lioti, 3 \u0161ablonas, pincetas ir lyginimo popierius. I\u0161 vienos pakuot\u0117s galima pagaminti 3 fig\u016br\u0117les. Rekomenduojamas am\u017eius: nuo 3 met\u0173. D\u0117mesio! [&hellip;]\" \/>\n<meta property=\"og:url\" content=\"https:\/\/monti.lt\/en\/product\/tommyfrida-karoliuku-lyginimas-visciukai-ir-zuikis-3-vnt\/\" \/>\n<meta property=\"og:site_name\" content=\"Montessori \u017eaislai\" \/>\n<meta property=\"article:modified_time\" content=\"2026-02-27T07:57:43+00:00\" \/>\n<meta property=\"og:image\" content=\"https:\/\/monti.lt\/wp-content\/uploads\/2025\/02\/13363-TH960979-tommyfrida-karoliuk-lyginimas-visciukai-ir-zuikis-3-vnt-.jpg\" \/>\n\t<meta property=\"og:image:width\" content=\"800\" \/>\n\t<meta property=\"og:image:height\" content=\"800\" \/>\n\t<meta property=\"og:image:type\" content=\"image\/jpeg\" \/>\n<meta name=\"twitter:card\" content=\"summary_large_image\" \/>\n<meta name=\"twitter:label1\" content=\"Est. reading time\" \/>\n\t<meta name=\"twitter:data1\" content=\"1 minute\" \/>\n<script type=\"application\/ld+json\" class=\"yoast-schema-graph\">{\"@context\":\"https:\/\/schema.org\",\"@graph\":[{\"@type\":\"WebPage\",\"@id\":\"https:\/\/monti.lt\/product\/tommyfrida-karoliuku-lyginimas-visciukai-ir-zuikis-3-vnt\/\",\"url\":\"https:\/\/monti.lt\/product\/tommyfrida-karoliuku-lyginimas-visciukai-ir-zuikis-3-vnt\/\",\"name\":\"Tommy&amp;Frida - Karoliuk\u0173 lyginimas - Vi\u0161\u010diukai ir zuikis (3 vnt.) - Montessori \u017eaislai\",\"isPartOf\":{\"@id\":\"https:\/\/monti.lt\/#website\"},\"primaryImageOfPage\":{\"@id\":\"https:\/\/monti.lt\/product\/tommyfrida-karoliuku-lyginimas-visciukai-ir-zuikis-3-vnt\/#primaryimage\"},\"image\":{\"@id\":\"https:\/\/monti.lt\/product\/tommyfrida-karoliuku-lyginimas-visciukai-ir-zuikis-3-vnt\/#primaryimage\"},\"thumbnailUrl\":\"https:\/\/monti.lt\/wp-content\/uploads\/2025\/02\/13363-TH960979-tommyfrida-karoliuk-lyginimas-visciukai-ir-zuikis-3-vnt-.jpg\",\"datePublished\":\"2025-02-13T11:22:17+00:00\",\"dateModified\":\"2026-02-27T07:57:43+00:00\",\"breadcrumb\":{\"@id\":\"https:\/\/monti.lt\/product\/tommyfrida-karoliuku-lyginimas-visciukai-ir-zuikis-3-vnt\/#breadcrumb\"},\"inLanguage\":\"en-US\",\"potentialAction\":[{\"@type\":\"ReadAction\",\"target\":[\"https:\/\/monti.lt\/product\/tommyfrida-karoliuku-lyginimas-visciukai-ir-zuikis-3-vnt\/\"]}]},{\"@type\":\"ImageObject\",\"inLanguage\":\"en-US\",\"@id\":\"https:\/\/monti.lt\/product\/tommyfrida-karoliuku-lyginimas-visciukai-ir-zuikis-3-vnt\/#primaryimage\",\"url\":\"https:\/\/monti.lt\/wp-content\/uploads\/2025\/02\/13363-TH960979-tommyfrida-karoliuk-lyginimas-visciukai-ir-zuikis-3-vnt-.jpg\",\"contentUrl\":\"https:\/\/monti.lt\/wp-content\/uploads\/2025\/02\/13363-TH960979-tommyfrida-karoliuk-lyginimas-visciukai-ir-zuikis-3-vnt-.jpg\",\"width\":800,\"height\":800,\"caption\":\"karoliukai velykoms\"},{\"@type\":\"BreadcrumbList\",\"@id\":\"https:\/\/monti.lt\/product\/tommyfrida-karoliuku-lyginimas-visciukai-ir-zuikis-3-vnt\/#breadcrumb\",\"itemListElement\":[{\"@type\":\"ListItem\",\"position\":1,\"name\":\"Home\",\"item\":\"https:\/\/monti.lt\/\"},{\"@type\":\"ListItem\",\"position\":2,\"name\":\"Parduotuv\u0117\",\"item\":\"https:\/\/monti.lt\/shop\/\"},{\"@type\":\"ListItem\",\"position\":3,\"name\":\"Tommy&amp;Frida &#8211; Karoliuk\u0173 lyginimas &#8211; Vi\u0161\u010diukai ir zuikis (3 vnt.)\"}]},{\"@type\":\"WebSite\",\"@id\":\"https:\/\/monti.lt\/#website\",\"url\":\"https:\/\/monti.lt\/\",\"name\":\"Montessori \u017eaislai\",\"description\":\"\",\"publisher\":{\"@id\":\"https:\/\/monti.lt\/#organization\"},\"potentialAction\":[{\"@type\":\"SearchAction\",\"target\":{\"@type\":\"EntryPoint\",\"urlTemplate\":\"https:\/\/monti.lt\/?s={search_term_string}\"},\"query-input\":\"required name=search_term_string\"}],\"inLanguage\":\"en-US\"},{\"@type\":\"Organization\",\"@id\":\"https:\/\/monti.lt\/#organization\",\"name\":\"Montessori \u017eaislai\",\"url\":\"https:\/\/monti.lt\/\",\"logo\":{\"@type\":\"ImageObject\",\"inLanguage\":\"en-US\",\"@id\":\"https:\/\/monti.lt\/#\/schema\/logo\/image\/\",\"url\":\"https:\/\/monti.lt\/wp-content\/uploads\/2022\/03\/montilogo-1.png\",\"contentUrl\":\"https:\/\/monti.lt\/wp-content\/uploads\/2022\/03\/montilogo-1.png\",\"width\":512,\"height\":512,\"caption\":\"Montessori \u017eaislai\"},\"image\":{\"@id\":\"https:\/\/monti.lt\/#\/schema\/logo\/image\/\"}}]}<\/script>\n<!-- \/ Yoast SEO plugin. -->","yoast_head_json":{"title":"Tommy&amp;Frida - Karoliuk\u0173 lyginimas - Vi\u0161\u010diukai ir zuikis (3 vnt.) - Montessori \u017eaislai","robots":{"index":"index","follow":"follow","max-snippet":"max-snippet:-1","max-image-preview":"max-image-preview:large","max-video-preview":"max-video-preview:-1"},"canonical":"https:\/\/monti.lt\/en\/product\/tommyfrida-karoliuku-lyginimas-visciukai-ir-zuikis-3-vnt\/","og_locale":"en_US","og_type":"article","og_title":"Tommy&amp;Frida - Karoliuk\u0173 lyginimas - Vi\u0161\u010diukai ir zuikis (3 vnt.) - Montessori \u017eaislai","og_description":"Vaikas i\u0161d\u0117lioja spalvotus karoliukus ant speciali\u0173 \u0161ablon\u0173, juos reikia u\u017edengti rinkinyje esan\u010diu popieriumi ir pakaitinti lygintuvu. Fiksuotais karoliukais galima papuo\u0161ti kambar\u012f, kurti paveikslus arba pasigaminti rakt\u0173 pakabuk\u0105. Rinkin\u012f sudaro spalvoti karoliukai ir specialus pagrindas ra\u0161tui sud\u0117lioti, 3 \u0161ablonas, pincetas ir lyginimo popierius. I\u0161 vienos pakuot\u0117s galima pagaminti 3 fig\u016br\u0117les. Rekomenduojamas am\u017eius: nuo 3 met\u0173. D\u0117mesio! [&hellip;]","og_url":"https:\/\/monti.lt\/en\/product\/tommyfrida-karoliuku-lyginimas-visciukai-ir-zuikis-3-vnt\/","og_site_name":"Montessori \u017eaislai","article_modified_time":"2026-02-27T07:57:43+00:00","og_image":[{"width":800,"height":800,"url":"https:\/\/monti.lt\/wp-content\/uploads\/2025\/02\/13363-TH960979-tommyfrida-karoliuk-lyginimas-visciukai-ir-zuikis-3-vnt-.jpg","type":"image\/jpeg"}],"twitter_card":"summary_large_image","twitter_misc":{"Est. reading time":"1 minute"},"schema":{"@context":"https:\/\/schema.org","@graph":[{"@type":"WebPage","@id":"https:\/\/monti.lt\/product\/tommyfrida-karoliuku-lyginimas-visciukai-ir-zuikis-3-vnt\/","url":"https:\/\/monti.lt\/product\/tommyfrida-karoliuku-lyginimas-visciukai-ir-zuikis-3-vnt\/","name":"Tommy&amp;Frida - Karoliuk\u0173 lyginimas - Vi\u0161\u010diukai ir zuikis (3 vnt.) - Montessori \u017eaislai","isPartOf":{"@id":"https:\/\/monti.lt\/#website"},"primaryImageOfPage":{"@id":"https:\/\/monti.lt\/product\/tommyfrida-karoliuku-lyginimas-visciukai-ir-zuikis-3-vnt\/#primaryimage"},"image":{"@id":"https:\/\/monti.lt\/product\/tommyfrida-karoliuku-lyginimas-visciukai-ir-zuikis-3-vnt\/#primaryimage"},"thumbnailUrl":"https:\/\/monti.lt\/wp-content\/uploads\/2025\/02\/13363-TH960979-tommyfrida-karoliuk-lyginimas-visciukai-ir-zuikis-3-vnt-.jpg","datePublished":"2025-02-13T11:22:17+00:00","dateModified":"2026-02-27T07:57:43+00:00","breadcrumb":{"@id":"https:\/\/monti.lt\/product\/tommyfrida-karoliuku-lyginimas-visciukai-ir-zuikis-3-vnt\/#breadcrumb"},"inLanguage":"en-US","potentialAction":[{"@type":"ReadAction","target":["https:\/\/monti.lt\/product\/tommyfrida-karoliuku-lyginimas-visciukai-ir-zuikis-3-vnt\/"]}]},{"@type":"ImageObject","inLanguage":"en-US","@id":"https:\/\/monti.lt\/product\/tommyfrida-karoliuku-lyginimas-visciukai-ir-zuikis-3-vnt\/#primaryimage","url":"https:\/\/monti.lt\/wp-content\/uploads\/2025\/02\/13363-TH960979-tommyfrida-karoliuk-lyginimas-visciukai-ir-zuikis-3-vnt-.jpg","contentUrl":"https:\/\/monti.lt\/wp-content\/uploads\/2025\/02\/13363-TH960979-tommyfrida-karoliuk-lyginimas-visciukai-ir-zuikis-3-vnt-.jpg","width":800,"height":800,"caption":"karoliukai velykoms"},{"@type":"BreadcrumbList","@id":"https:\/\/monti.lt\/product\/tommyfrida-karoliuku-lyginimas-visciukai-ir-zuikis-3-vnt\/#breadcrumb","itemListElement":[{"@type":"ListItem","position":1,"name":"Home","item":"https:\/\/monti.lt\/"},{"@type":"ListItem","position":2,"name":"Parduotuv\u0117","item":"https:\/\/monti.lt\/shop\/"},{"@type":"ListItem","position":3,"name":"Tommy&amp;Frida &#8211; Karoliuk\u0173 lyginimas &#8211; Vi\u0161\u010diukai ir zuikis (3 vnt.)"}]},{"@type":"WebSite","@id":"https:\/\/monti.lt\/#website","url":"https:\/\/monti.lt\/","name":"Montessori \u017eaislai","description":"","publisher":{"@id":"https:\/\/monti.lt\/#organization"},"potentialAction":[{"@type":"SearchAction","target":{"@type":"EntryPoint","urlTemplate":"https:\/\/monti.lt\/?s={search_term_string}"},"query-input":"required name=search_term_string"}],"inLanguage":"en-US"},{"@type":"Organization","@id":"https:\/\/monti.lt\/#organization","name":"Montessori \u017eaislai","url":"https:\/\/monti.lt\/","logo":{"@type":"ImageObject","inLanguage":"en-US","@id":"https:\/\/monti.lt\/#\/schema\/logo\/image\/","url":"https:\/\/monti.lt\/wp-content\/uploads\/2022\/03\/montilogo-1.png","contentUrl":"https:\/\/monti.lt\/wp-content\/uploads\/2022\/03\/montilogo-1.png","width":512,"height":512,"caption":"Montessori \u017eaislai"},"image":{"@id":"https:\/\/monti.lt\/#\/schema\/logo\/image\/"}}]}},"_links":{"self":[{"href":"https:\/\/monti.lt\/en\/wp-json\/wp\/v2\/product\/30540"}],"collection":[{"href":"https:\/\/monti.lt\/en\/wp-json\/wp\/v2\/product"}],"about":[{"href":"https:\/\/monti.lt\/en\/wp-json\/wp\/v2\/types\/product"}],"version-history":[{"count":1,"href":"https:\/\/monti.lt\/en\/wp-json\/wp\/v2\/product\/30540\/revisions"}],"predecessor-version":[{"id":30542,"href":"https:\/\/monti.lt\/en\/wp-json\/wp\/v2\/product\/30540\/revisions\/30542"}],"wp:featuredmedia":[{"embeddable":true,"href":"https:\/\/monti.lt\/en\/wp-json\/wp\/v2\/media\/30541"}],"wp:attachment":[{"href":"https:\/\/monti.lt\/en\/wp-json\/wp\/v2\/media?parent=30540"}],"wp:term":[{"taxonomy":"product_cat","embeddable":true,"href":"https:\/\/monti.lt\/en\/wp-json\/wp\/v2\/product_cat?post=30540"},{"taxonomy":"product_tag","embeddable":true,"href":"https:\/\/monti.lt\/en\/wp-json\/wp\/v2\/product_tag?post=30540"}],"curies":[{"name":"wp","href":"https:\/\/api.w.org\/{rel}","templated":true}]}}