{"id":30598,"date":"2025-02-18T11:12:07","date_gmt":"2025-02-18T11:12:07","guid":{"rendered":"https:\/\/monti.lt\/?post_type=product&#038;p=30598"},"modified":"2025-05-30T15:23:54","modified_gmt":"2025-05-30T15:23:54","slug":"dvipusis-storas-lavinamasis-kilimelis-raides-drambliai","status":"publish","type":"product","link":"https:\/\/monti.lt\/en\/product\/dvipusis-storas-lavinamasis-kilimelis-raides-drambliai\/","title":{"rendered":"Dvipusis storas lavinamasis kilimelis Raid\u0117s-drambliai"},"content":{"rendered":"<p>Dvipusis putplas\u010dio kilim\u0117lis &#8211; mokymosi ir \u017eaidim\u0173 centras! Puikiai izoliuoja nuo \u0161altos \u017eem\u0117s ir su\u0161velnina k\u016bdikio kritimus, kai jis mokosi vaik\u0161\u010dioti. \u012edomus ra\u0161tas su drambliukais traukia d\u0117mes\u012f. Med\u017eiaga: Med\u017eiaga: XPE putos. I\u0161matavimai: Med\u017eiaga: 179 cm x 198 cm.<\/p>","protected":false},"excerpt":{"rendered":"<p>Dvipusis putplas\u010dio kilim\u0117lis &#8211; mokymosi ir \u017eaidim\u0173 centras! Puikiai izoliuoja nuo \u0161altos \u017eem\u0117s ir su\u0161velnina k\u016bdikio kritimus, kai jis mokosi vaik\u0161\u010dioti. \u012edomus ra\u0161tas su drambliukais traukia d\u0117mes\u012f. Med\u017eiaga: Med\u017eiaga: XPE putos. I\u0161matavimai: Med\u017eiaga: 179 cm x 198 cm.<\/p>","protected":false},"featured_media":30599,"template":"","meta":{"_acf_changed":false,"iawp_total_views":70},"product_cat":[200,191,206,84,49,39],"product_tag":[94],"class_list":{"0":"post-30598","1":"product","2":"type-product","3":"status-publish","4":"has-post-thumbnail","6":"product_cat-dovanos-kudikiams","7":"product_cat-dovanos-vaikams","8":"product_cat-lavinamieji-kilimeliai","9":"product_cat-lavinamieji-zaislai","10":"product_cat-visi-zaislai","11":"product_cat-zaislai","12":"product_tag-iki-1-m","14":"first","15":"outofstock","16":"taxable","17":"shipping-taxable","18":"purchasable","19":"product-type-simple"},"acf":[],"yoast_head":"<!-- This site is optimized with the Yoast SEO plugin v23.3 - https:\/\/yoast.com\/wordpress\/plugins\/seo\/ -->\n<title>Dvipusis storas lavinamasis kilimelis Raid\u0117s-drambliai - Montessori \u017eaislai<\/title>\n<meta name=\"robots\" content=\"index, follow, max-snippet:-1, max-image-preview:large, max-video-preview:-1\" \/>\n<link rel=\"canonical\" href=\"https:\/\/monti.lt\/en\/product\/dvipusis-storas-lavinamasis-kilimelis-raides-drambliai\/\" \/>\n<meta property=\"og:locale\" content=\"en_US\" \/>\n<meta property=\"og:type\" content=\"article\" \/>\n<meta property=\"og:title\" content=\"Dvipusis storas lavinamasis kilimelis Raid\u0117s-drambliai - Montessori \u017eaislai\" \/>\n<meta property=\"og:description\" content=\"Dvipusis putplas\u010dio kilim\u0117lis &#8211; mokymosi ir \u017eaidim\u0173 centras! Puikiai izoliuoja nuo \u0161altos \u017eem\u0117s ir su\u0161velnina k\u016bdikio kritimus, kai jis mokosi vaik\u0161\u010dioti. \u012edomus ra\u0161tas su drambliukais traukia d\u0117mes\u012f. Med\u017eiaga: Med\u017eiaga: XPE putos. I\u0161matavimai: Med\u017eiaga: 179 cm x 198 cm.\" \/>\n<meta property=\"og:url\" content=\"https:\/\/monti.lt\/en\/product\/dvipusis-storas-lavinamasis-kilimelis-raides-drambliai\/\" \/>\n<meta property=\"og:site_name\" content=\"Montessori \u017eaislai\" \/>\n<meta property=\"article:modified_time\" content=\"2025-05-30T15:23:54+00:00\" \/>\n<meta property=\"og:image\" content=\"https:\/\/monti.lt\/wp-content\/uploads\/2025\/02\/Educational-foam-double-sided-folding-mat-179x198-elephants-pictures-140183.jpg\" \/>\n\t<meta property=\"og:image:width\" content=\"1024\" \/>\n\t<meta property=\"og:image:height\" content=\"1024\" \/>\n\t<meta property=\"og:image:type\" content=\"image\/jpeg\" \/>\n<meta name=\"twitter:card\" content=\"summary_large_image\" \/>\n<meta name=\"twitter:label1\" content=\"Est. reading time\" \/>\n\t<meta name=\"twitter:data1\" content=\"1 minute\" \/>\n<script type=\"application\/ld+json\" class=\"yoast-schema-graph\">{\"@context\":\"https:\/\/schema.org\",\"@graph\":[{\"@type\":\"WebPage\",\"@id\":\"https:\/\/monti.lt\/product\/dvipusis-storas-lavinamasis-kilimelis-raides-drambliai\/\",\"url\":\"https:\/\/monti.lt\/product\/dvipusis-storas-lavinamasis-kilimelis-raides-drambliai\/\",\"name\":\"Dvipusis storas lavinamasis kilimelis Raid\u0117s-drambliai - Montessori \u017eaislai\",\"isPartOf\":{\"@id\":\"https:\/\/monti.lt\/#website\"},\"primaryImageOfPage\":{\"@id\":\"https:\/\/monti.lt\/product\/dvipusis-storas-lavinamasis-kilimelis-raides-drambliai\/#primaryimage\"},\"image\":{\"@id\":\"https:\/\/monti.lt\/product\/dvipusis-storas-lavinamasis-kilimelis-raides-drambliai\/#primaryimage\"},\"thumbnailUrl\":\"https:\/\/monti.lt\/wp-content\/uploads\/2025\/02\/Educational-foam-double-sided-folding-mat-179x198-elephants-pictures-140183.jpg\",\"datePublished\":\"2025-02-18T11:12:07+00:00\",\"dateModified\":\"2025-05-30T15:23:54+00:00\",\"breadcrumb\":{\"@id\":\"https:\/\/monti.lt\/product\/dvipusis-storas-lavinamasis-kilimelis-raides-drambliai\/#breadcrumb\"},\"inLanguage\":\"en-US\",\"potentialAction\":[{\"@type\":\"ReadAction\",\"target\":[\"https:\/\/monti.lt\/product\/dvipusis-storas-lavinamasis-kilimelis-raides-drambliai\/\"]}]},{\"@type\":\"ImageObject\",\"inLanguage\":\"en-US\",\"@id\":\"https:\/\/monti.lt\/product\/dvipusis-storas-lavinamasis-kilimelis-raides-drambliai\/#primaryimage\",\"url\":\"https:\/\/monti.lt\/wp-content\/uploads\/2025\/02\/Educational-foam-double-sided-folding-mat-179x198-elephants-pictures-140183.jpg\",\"contentUrl\":\"https:\/\/monti.lt\/wp-content\/uploads\/2025\/02\/Educational-foam-double-sided-folding-mat-179x198-elephants-pictures-140183.jpg\",\"width\":1024,\"height\":1024,\"caption\":\"kilimelis kudikiams\"},{\"@type\":\"BreadcrumbList\",\"@id\":\"https:\/\/monti.lt\/product\/dvipusis-storas-lavinamasis-kilimelis-raides-drambliai\/#breadcrumb\",\"itemListElement\":[{\"@type\":\"ListItem\",\"position\":1,\"name\":\"Home\",\"item\":\"https:\/\/monti.lt\/\"},{\"@type\":\"ListItem\",\"position\":2,\"name\":\"Parduotuv\u0117\",\"item\":\"https:\/\/monti.lt\/shop\/\"},{\"@type\":\"ListItem\",\"position\":3,\"name\":\"Dvipusis storas lavinamasis kilimelis Raid\u0117s-drambliai\"}]},{\"@type\":\"WebSite\",\"@id\":\"https:\/\/monti.lt\/#website\",\"url\":\"https:\/\/monti.lt\/\",\"name\":\"Montessori \u017eaislai\",\"description\":\"\",\"publisher\":{\"@id\":\"https:\/\/monti.lt\/#organization\"},\"potentialAction\":[{\"@type\":\"SearchAction\",\"target\":{\"@type\":\"EntryPoint\",\"urlTemplate\":\"https:\/\/monti.lt\/?s={search_term_string}\"},\"query-input\":\"required name=search_term_string\"}],\"inLanguage\":\"en-US\"},{\"@type\":\"Organization\",\"@id\":\"https:\/\/monti.lt\/#organization\",\"name\":\"Montessori \u017eaislai\",\"url\":\"https:\/\/monti.lt\/\",\"logo\":{\"@type\":\"ImageObject\",\"inLanguage\":\"en-US\",\"@id\":\"https:\/\/monti.lt\/#\/schema\/logo\/image\/\",\"url\":\"https:\/\/monti.lt\/wp-content\/uploads\/2022\/03\/montilogo-1.png\",\"contentUrl\":\"https:\/\/monti.lt\/wp-content\/uploads\/2022\/03\/montilogo-1.png\",\"width\":512,\"height\":512,\"caption\":\"Montessori \u017eaislai\"},\"image\":{\"@id\":\"https:\/\/monti.lt\/#\/schema\/logo\/image\/\"}}]}<\/script>\n<!-- \/ Yoast SEO plugin. -->","yoast_head_json":{"title":"Dvipusis storas lavinamasis kilimelis Raid\u0117s-drambliai - Montessori \u017eaislai","robots":{"index":"index","follow":"follow","max-snippet":"max-snippet:-1","max-image-preview":"max-image-preview:large","max-video-preview":"max-video-preview:-1"},"canonical":"https:\/\/monti.lt\/en\/product\/dvipusis-storas-lavinamasis-kilimelis-raides-drambliai\/","og_locale":"en_US","og_type":"article","og_title":"Dvipusis storas lavinamasis kilimelis Raid\u0117s-drambliai - Montessori \u017eaislai","og_description":"Dvipusis putplas\u010dio kilim\u0117lis &#8211; mokymosi ir \u017eaidim\u0173 centras! Puikiai izoliuoja nuo \u0161altos \u017eem\u0117s ir su\u0161velnina k\u016bdikio kritimus, kai jis mokosi vaik\u0161\u010dioti. \u012edomus ra\u0161tas su drambliukais traukia d\u0117mes\u012f. Med\u017eiaga: Med\u017eiaga: XPE putos. I\u0161matavimai: Med\u017eiaga: 179 cm x 198 cm.","og_url":"https:\/\/monti.lt\/en\/product\/dvipusis-storas-lavinamasis-kilimelis-raides-drambliai\/","og_site_name":"Montessori \u017eaislai","article_modified_time":"2025-05-30T15:23:54+00:00","og_image":[{"width":1024,"height":1024,"url":"https:\/\/monti.lt\/wp-content\/uploads\/2025\/02\/Educational-foam-double-sided-folding-mat-179x198-elephants-pictures-140183.jpg","type":"image\/jpeg"}],"twitter_card":"summary_large_image","twitter_misc":{"Est. reading time":"1 minute"},"schema":{"@context":"https:\/\/schema.org","@graph":[{"@type":"WebPage","@id":"https:\/\/monti.lt\/product\/dvipusis-storas-lavinamasis-kilimelis-raides-drambliai\/","url":"https:\/\/monti.lt\/product\/dvipusis-storas-lavinamasis-kilimelis-raides-drambliai\/","name":"Dvipusis storas lavinamasis kilimelis Raid\u0117s-drambliai - Montessori \u017eaislai","isPartOf":{"@id":"https:\/\/monti.lt\/#website"},"primaryImageOfPage":{"@id":"https:\/\/monti.lt\/product\/dvipusis-storas-lavinamasis-kilimelis-raides-drambliai\/#primaryimage"},"image":{"@id":"https:\/\/monti.lt\/product\/dvipusis-storas-lavinamasis-kilimelis-raides-drambliai\/#primaryimage"},"thumbnailUrl":"https:\/\/monti.lt\/wp-content\/uploads\/2025\/02\/Educational-foam-double-sided-folding-mat-179x198-elephants-pictures-140183.jpg","datePublished":"2025-02-18T11:12:07+00:00","dateModified":"2025-05-30T15:23:54+00:00","breadcrumb":{"@id":"https:\/\/monti.lt\/product\/dvipusis-storas-lavinamasis-kilimelis-raides-drambliai\/#breadcrumb"},"inLanguage":"en-US","potentialAction":[{"@type":"ReadAction","target":["https:\/\/monti.lt\/product\/dvipusis-storas-lavinamasis-kilimelis-raides-drambliai\/"]}]},{"@type":"ImageObject","inLanguage":"en-US","@id":"https:\/\/monti.lt\/product\/dvipusis-storas-lavinamasis-kilimelis-raides-drambliai\/#primaryimage","url":"https:\/\/monti.lt\/wp-content\/uploads\/2025\/02\/Educational-foam-double-sided-folding-mat-179x198-elephants-pictures-140183.jpg","contentUrl":"https:\/\/monti.lt\/wp-content\/uploads\/2025\/02\/Educational-foam-double-sided-folding-mat-179x198-elephants-pictures-140183.jpg","width":1024,"height":1024,"caption":"kilimelis kudikiams"},{"@type":"BreadcrumbList","@id":"https:\/\/monti.lt\/product\/dvipusis-storas-lavinamasis-kilimelis-raides-drambliai\/#breadcrumb","itemListElement":[{"@type":"ListItem","position":1,"name":"Home","item":"https:\/\/monti.lt\/"},{"@type":"ListItem","position":2,"name":"Parduotuv\u0117","item":"https:\/\/monti.lt\/shop\/"},{"@type":"ListItem","position":3,"name":"Dvipusis storas lavinamasis kilimelis Raid\u0117s-drambliai"}]},{"@type":"WebSite","@id":"https:\/\/monti.lt\/#website","url":"https:\/\/monti.lt\/","name":"Montessori \u017eaislai","description":"","publisher":{"@id":"https:\/\/monti.lt\/#organization"},"potentialAction":[{"@type":"SearchAction","target":{"@type":"EntryPoint","urlTemplate":"https:\/\/monti.lt\/?s={search_term_string}"},"query-input":"required name=search_term_string"}],"inLanguage":"en-US"},{"@type":"Organization","@id":"https:\/\/monti.lt\/#organization","name":"Montessori \u017eaislai","url":"https:\/\/monti.lt\/","logo":{"@type":"ImageObject","inLanguage":"en-US","@id":"https:\/\/monti.lt\/#\/schema\/logo\/image\/","url":"https:\/\/monti.lt\/wp-content\/uploads\/2022\/03\/montilogo-1.png","contentUrl":"https:\/\/monti.lt\/wp-content\/uploads\/2022\/03\/montilogo-1.png","width":512,"height":512,"caption":"Montessori \u017eaislai"},"image":{"@id":"https:\/\/monti.lt\/#\/schema\/logo\/image\/"}}]}},"_links":{"self":[{"href":"https:\/\/monti.lt\/en\/wp-json\/wp\/v2\/product\/30598"}],"collection":[{"href":"https:\/\/monti.lt\/en\/wp-json\/wp\/v2\/product"}],"about":[{"href":"https:\/\/monti.lt\/en\/wp-json\/wp\/v2\/types\/product"}],"version-history":[{"count":1,"href":"https:\/\/monti.lt\/en\/wp-json\/wp\/v2\/product\/30598\/revisions"}],"predecessor-version":[{"id":30605,"href":"https:\/\/monti.lt\/en\/wp-json\/wp\/v2\/product\/30598\/revisions\/30605"}],"wp:featuredmedia":[{"embeddable":true,"href":"https:\/\/monti.lt\/en\/wp-json\/wp\/v2\/media\/30599"}],"wp:attachment":[{"href":"https:\/\/monti.lt\/en\/wp-json\/wp\/v2\/media?parent=30598"}],"wp:term":[{"taxonomy":"product_cat","embeddable":true,"href":"https:\/\/monti.lt\/en\/wp-json\/wp\/v2\/product_cat?post=30598"},{"taxonomy":"product_tag","embeddable":true,"href":"https:\/\/monti.lt\/en\/wp-json\/wp\/v2\/product_tag?post=30598"}],"curies":[{"name":"wp","href":"https:\/\/api.w.org\/{rel}","templated":true}]}}