{"id":30606,"date":"2025-02-18T11:23:28","date_gmt":"2025-02-18T11:23:28","guid":{"rendered":"https:\/\/monti.lt\/?post_type=product&#038;p=30606"},"modified":"2025-11-25T20:13:42","modified_gmt":"2025-11-25T20:13:42","slug":"medinis-kasos-aparatas-2","status":"publish","type":"product","link":"https:\/\/monti.lt\/en\/product\/medinis-kasos-aparatas-2\/","title":{"rendered":"Medinis kasos aparatas"},"content":{"rendered":"<p>\u2b50Medin\u0117 vaik\u0173 kasa su pinig\u0173 korteli\u0173 skaitytuvu Edukacinis \u017eaislas<br>Medinis kasos aparatas vaikams &#8211; \u017eaislas, kuris moko ir \u017eaid\u017eia! \u2728<br>\u2611\ufe0f Susipa\u017einkite su mediniu kasos aparatu vaikams &#8211; puikiu rinkiniu, kuris k\u016brybi\u0161kai \u017eaisdamas supa\u017eindins j\u016bs\u0173 ma\u017eyl\u012f su apsipirkimo ir finans\u0173 pasauliu! \u0160is klasikinis, tvirtas \u017eaislas leid\u017eia tikrovi\u0161kai imituoti operacijas ir kartu lavinti matematinius, socialinius ir motorinius \u012fg\u016bd\u017eius. Rinkinyje yra ne tik kasos aparatas, bet ir \u017eaisliniai pinigai, mok\u0117jimo kortel\u0117 ir korteli\u0173 skaitytuvas &#8211; viskas, ko reikia norint valdyti parduotuv\u0119!<\/p>\n\n\n\n<p>1\ufe0f\u20e3 Medinis kasos aparatas &#8211; gra\u017eiai pagamintas klasikinis kasos aparatas su judan\u010diais mygtukais ir atidaromu pinig\u0173 stal\u010diumi. Tvirta medin\u0117 konstrukcija u\u017etikrina ilgaam\u017ei\u0161kum\u0105 ir saugum\u0105 \u017eaidimo metu.<br>2\ufe0f\u20e3 \u017daislinis pinig\u0173 rinkinys &#8211; jame yra ir banknot\u0173, ir monet\u0173, kuriais vaikai gali \u017eaisti pardav\u0117j\u0105 ir pirk\u0117j\u0105. Puikiai tinka mokyti skai\u010diuoti ir valdyti pinigus.<br>3\ufe0f\u20e3 Mok\u0117jimo kortel\u0117 ir korteli\u0173 skaitytuvas &#8211; modernus rinkinys! Su kortele ir skaitytuvu vaikai gali mokytis atsiskaityti negrynaisiais pinigais, tod\u0117l galima tikrovi\u0161kiau atvaizduoti kasdienio apsipirkimo situacijas.<\/p>\n\n\n\n<p>\u2714\ufe0f Ugdomi matematiniai \u012fg\u016bd\u017eiai &#8211; \u017eaisdami parduotuv\u0117je vaikai mokosi skai\u010diavimo, sud\u0117ties ir atimties pagrind\u0173, kartu lavindami login\u012f m\u0105stym\u0105 ir pinig\u0173 valdymo \u012fg\u016bd\u017eius.<br>\u2714\ufe0f Vaizduot\u0117s skatinimas &#8211; \u017eaisdami parduotuv\u0119 vaikai gali vaidinti vaidmenis ir kurti savo apsipirkimo scenarijus, taip ugdydami k\u016brybi\u0161kum\u0105 ir socialinius \u012fg\u016bd\u017eius.<br>\u2714\ufe0f Interaktyvi pramoga &#8211; rinkinys skatina vaikus \u017eaisti kartu su broliais ir seserimis, t\u0117vais ar draugais, o tai padeda kurti santykius ir moko bendradarbiauti.<br>\u2714\ufe0f Ekologi\u0161kas ir patvarus \u017eaislas &#8211; Pagamintas i\u0161 nat\u016bralaus med\u017eio, kasos aparatas yra saugus vaikams ir draugi\u0161kas aplinkai. Kruop\u0161\u010diai pagamintos sudedamosios dalys u\u017etikrina, kad \u017eaislas tarnaus ilgus metus.<br>\u2714\ufe0f Mokymasis \u017eaid\u017eiant &#8211; vaikai gali ne tik skai\u010diuoti pinigus, bet ir mokytis atpa\u017einti skai\u010dius, skaitmenis ir pinigines vertes. Prid\u0117jus mok\u0117jimo kortel\u0119, \u012f klasikin\u012f \u017eaidim\u0105 \u012ftraukiami modern\u016bs elementai.<\/p>\n\n\n\n<p>\u2714\ufe0f Puikiai tinka bet kokiai progai &#8211; medinis \u017eaislinis kasos aparatas yra puiki dovan\u0173 id\u0117ja gimtadieniams, \u0161vent\u0117ms ar kitoms ypatingoms akimirkoms. Ji suteiks d\u017eiaugsmo bet kuriam vaikui, kuriam patinka \u017eaisti vaidmenimis ir \u017eaisti iki suaugusi\u0173j\u0173.<br>\u2714\ufe0f Spalvingas ir patrauklus dizainas &#8211; kasa sukurta skiriant d\u0117mes\u012f detal\u0117ms, o jos ry\u0161kios spalvos ir medin\u0117 apdaila tikrai patiks ir vaikams, ir t\u0117vams.<\/p>\n\n\n\n<p>\u23f0Suteikite savo ma\u017eyliui nepamir\u0161tam\u0173 smagi\u0173 akimirk\u0173 su mediniu kasos aparatu, kuriame tradicijos derinamos su moderniais elementais. <\/p>","protected":false},"excerpt":{"rendered":"<p>\u2b50Medin\u0117 vaik\u0173 kasa su pinig\u0173 korteli\u0173 skaitytuvu Edukacinis \u017eaislasMedinis kasos aparatas vaikams &#8211; \u017eaislas, kuris moko ir \u017eaid\u017eia! \u2728\u2611\ufe0f Susipa\u017einkite su mediniu kasos aparatu vaikams &#8211; puikiu rinkiniu, kuris k\u016brybi\u0161kai \u017eaisdamas supa\u017eindins j\u016bs\u0173 ma\u017eyl\u012f su apsipirkimo ir finans\u0173 pasauliu! \u0160is klasikinis, tvirtas \u017eaislas leid\u017eia tikrovi\u0161kai imituoti operacijas ir kartu lavinti matematinius, socialinius ir motorinius \u012fg\u016bd\u017eius. [&hellip;]<\/p>","protected":false},"featured_media":30607,"template":"","meta":{"_acf_changed":false,"iawp_total_views":102},"product_cat":[195,216,191,84,102,93,49,39],"product_tag":[97,98],"class_list":{"0":"post-30606","1":"product","2":"type-product","3":"status-publish","4":"has-post-thumbnail","6":"product_cat-dovanos-vaikams-3-4-metu","7":"product_cat-dovanos-4-5-metu-vaikams","8":"product_cat-dovanos-vaikams","9":"product_cat-lavinamieji-zaislai","10":"product_cat-mediniai-zaislai","11":"product_cat-vaidmenu-zaidimai","12":"product_cat-visi-zaislai","13":"product_cat-zaislai","14":"product_tag-3-m-4-m","15":"product_tag-5-m-7-m","17":"first","18":"outofstock","19":"sale","20":"taxable","21":"shipping-taxable","22":"purchasable","23":"product-type-simple"},"acf":[],"yoast_head":"<!-- This site is optimized with the Yoast SEO plugin v23.3 - https:\/\/yoast.com\/wordpress\/plugins\/seo\/ -->\n<title>Medinis kasos aparatas - Montessori \u017eaislai<\/title>\n<meta name=\"robots\" content=\"index, follow, max-snippet:-1, max-image-preview:large, max-video-preview:-1\" \/>\n<link rel=\"canonical\" href=\"https:\/\/monti.lt\/en\/product\/medinis-kasos-aparatas-2\/\" \/>\n<meta property=\"og:locale\" content=\"en_US\" \/>\n<meta property=\"og:type\" content=\"article\" \/>\n<meta property=\"og:title\" content=\"Medinis kasos aparatas - Montessori \u017eaislai\" \/>\n<meta property=\"og:description\" content=\"\u2b50Medin\u0117 vaik\u0173 kasa su pinig\u0173 korteli\u0173 skaitytuvu Edukacinis \u017eaislasMedinis kasos aparatas vaikams &#8211; \u017eaislas, kuris moko ir \u017eaid\u017eia! \u2728\u2611\ufe0f Susipa\u017einkite su mediniu kasos aparatu vaikams &#8211; puikiu rinkiniu, kuris k\u016brybi\u0161kai \u017eaisdamas supa\u017eindins j\u016bs\u0173 ma\u017eyl\u012f su apsipirkimo ir finans\u0173 pasauliu! \u0160is klasikinis, tvirtas \u017eaislas leid\u017eia tikrovi\u0161kai imituoti operacijas ir kartu lavinti matematinius, socialinius ir motorinius \u012fg\u016bd\u017eius. [&hellip;]\" \/>\n<meta property=\"og:url\" content=\"https:\/\/monti.lt\/en\/product\/medinis-kasos-aparatas-2\/\" \/>\n<meta property=\"og:site_name\" content=\"Montessori \u017eaislai\" \/>\n<meta property=\"article:modified_time\" content=\"2025-11-25T20:13:42+00:00\" \/>\n<meta property=\"og:image\" content=\"https:\/\/monti.lt\/wp-content\/uploads\/2025\/02\/drewniana-kasa-fiskalna-sklepowa-dla-dzieci-z-pieniedzmi-karta-czytnikiem-zabawka-edukacyjna.webp\" \/>\n\t<meta property=\"og:image:width\" content=\"800\" \/>\n\t<meta property=\"og:image:height\" content=\"800\" \/>\n\t<meta property=\"og:image:type\" content=\"image\/webp\" \/>\n<meta name=\"twitter:card\" content=\"summary_large_image\" \/>\n<meta name=\"twitter:label1\" content=\"Est. reading time\" \/>\n\t<meta name=\"twitter:data1\" content=\"3 minutes\" \/>\n<script type=\"application\/ld+json\" class=\"yoast-schema-graph\">{\"@context\":\"https:\/\/schema.org\",\"@graph\":[{\"@type\":\"WebPage\",\"@id\":\"https:\/\/monti.lt\/product\/medinis-kasos-aparatas-2\/\",\"url\":\"https:\/\/monti.lt\/product\/medinis-kasos-aparatas-2\/\",\"name\":\"Medinis kasos aparatas - Montessori \u017eaislai\",\"isPartOf\":{\"@id\":\"https:\/\/monti.lt\/#website\"},\"primaryImageOfPage\":{\"@id\":\"https:\/\/monti.lt\/product\/medinis-kasos-aparatas-2\/#primaryimage\"},\"image\":{\"@id\":\"https:\/\/monti.lt\/product\/medinis-kasos-aparatas-2\/#primaryimage\"},\"thumbnailUrl\":\"https:\/\/monti.lt\/wp-content\/uploads\/2025\/02\/drewniana-kasa-fiskalna-sklepowa-dla-dzieci-z-pieniedzmi-karta-czytnikiem-zabawka-edukacyjna.webp\",\"datePublished\":\"2025-02-18T11:23:28+00:00\",\"dateModified\":\"2025-11-25T20:13:42+00:00\",\"breadcrumb\":{\"@id\":\"https:\/\/monti.lt\/product\/medinis-kasos-aparatas-2\/#breadcrumb\"},\"inLanguage\":\"en-US\",\"potentialAction\":[{\"@type\":\"ReadAction\",\"target\":[\"https:\/\/monti.lt\/product\/medinis-kasos-aparatas-2\/\"]}]},{\"@type\":\"ImageObject\",\"inLanguage\":\"en-US\",\"@id\":\"https:\/\/monti.lt\/product\/medinis-kasos-aparatas-2\/#primaryimage\",\"url\":\"https:\/\/monti.lt\/wp-content\/uploads\/2025\/02\/drewniana-kasa-fiskalna-sklepowa-dla-dzieci-z-pieniedzmi-karta-czytnikiem-zabawka-edukacyjna.webp\",\"contentUrl\":\"https:\/\/monti.lt\/wp-content\/uploads\/2025\/02\/drewniana-kasa-fiskalna-sklepowa-dla-dzieci-z-pieniedzmi-karta-czytnikiem-zabawka-edukacyjna.webp\",\"width\":800,\"height\":800,\"caption\":\"medinis kasos aparatas\"},{\"@type\":\"BreadcrumbList\",\"@id\":\"https:\/\/monti.lt\/product\/medinis-kasos-aparatas-2\/#breadcrumb\",\"itemListElement\":[{\"@type\":\"ListItem\",\"position\":1,\"name\":\"Home\",\"item\":\"https:\/\/monti.lt\/\"},{\"@type\":\"ListItem\",\"position\":2,\"name\":\"Parduotuv\u0117\",\"item\":\"https:\/\/monti.lt\/shop\/\"},{\"@type\":\"ListItem\",\"position\":3,\"name\":\"Medinis kasos aparatas\"}]},{\"@type\":\"WebSite\",\"@id\":\"https:\/\/monti.lt\/#website\",\"url\":\"https:\/\/monti.lt\/\",\"name\":\"Montessori \u017eaislai\",\"description\":\"\",\"publisher\":{\"@id\":\"https:\/\/monti.lt\/#organization\"},\"potentialAction\":[{\"@type\":\"SearchAction\",\"target\":{\"@type\":\"EntryPoint\",\"urlTemplate\":\"https:\/\/monti.lt\/?s={search_term_string}\"},\"query-input\":\"required name=search_term_string\"}],\"inLanguage\":\"en-US\"},{\"@type\":\"Organization\",\"@id\":\"https:\/\/monti.lt\/#organization\",\"name\":\"Montessori \u017eaislai\",\"url\":\"https:\/\/monti.lt\/\",\"logo\":{\"@type\":\"ImageObject\",\"inLanguage\":\"en-US\",\"@id\":\"https:\/\/monti.lt\/#\/schema\/logo\/image\/\",\"url\":\"https:\/\/monti.lt\/wp-content\/uploads\/2022\/03\/montilogo-1.png\",\"contentUrl\":\"https:\/\/monti.lt\/wp-content\/uploads\/2022\/03\/montilogo-1.png\",\"width\":512,\"height\":512,\"caption\":\"Montessori \u017eaislai\"},\"image\":{\"@id\":\"https:\/\/monti.lt\/#\/schema\/logo\/image\/\"}}]}<\/script>\n<!-- \/ Yoast SEO plugin. -->","yoast_head_json":{"title":"Medinis kasos aparatas - Montessori \u017eaislai","robots":{"index":"index","follow":"follow","max-snippet":"max-snippet:-1","max-image-preview":"max-image-preview:large","max-video-preview":"max-video-preview:-1"},"canonical":"https:\/\/monti.lt\/en\/product\/medinis-kasos-aparatas-2\/","og_locale":"en_US","og_type":"article","og_title":"Medinis kasos aparatas - Montessori \u017eaislai","og_description":"\u2b50Medin\u0117 vaik\u0173 kasa su pinig\u0173 korteli\u0173 skaitytuvu Edukacinis \u017eaislasMedinis kasos aparatas vaikams &#8211; \u017eaislas, kuris moko ir \u017eaid\u017eia! \u2728\u2611\ufe0f Susipa\u017einkite su mediniu kasos aparatu vaikams &#8211; puikiu rinkiniu, kuris k\u016brybi\u0161kai \u017eaisdamas supa\u017eindins j\u016bs\u0173 ma\u017eyl\u012f su apsipirkimo ir finans\u0173 pasauliu! \u0160is klasikinis, tvirtas \u017eaislas leid\u017eia tikrovi\u0161kai imituoti operacijas ir kartu lavinti matematinius, socialinius ir motorinius \u012fg\u016bd\u017eius. [&hellip;]","og_url":"https:\/\/monti.lt\/en\/product\/medinis-kasos-aparatas-2\/","og_site_name":"Montessori \u017eaislai","article_modified_time":"2025-11-25T20:13:42+00:00","og_image":[{"width":800,"height":800,"url":"https:\/\/monti.lt\/wp-content\/uploads\/2025\/02\/drewniana-kasa-fiskalna-sklepowa-dla-dzieci-z-pieniedzmi-karta-czytnikiem-zabawka-edukacyjna.webp","type":"image\/webp"}],"twitter_card":"summary_large_image","twitter_misc":{"Est. reading time":"3 minutes"},"schema":{"@context":"https:\/\/schema.org","@graph":[{"@type":"WebPage","@id":"https:\/\/monti.lt\/product\/medinis-kasos-aparatas-2\/","url":"https:\/\/monti.lt\/product\/medinis-kasos-aparatas-2\/","name":"Medinis kasos aparatas - Montessori \u017eaislai","isPartOf":{"@id":"https:\/\/monti.lt\/#website"},"primaryImageOfPage":{"@id":"https:\/\/monti.lt\/product\/medinis-kasos-aparatas-2\/#primaryimage"},"image":{"@id":"https:\/\/monti.lt\/product\/medinis-kasos-aparatas-2\/#primaryimage"},"thumbnailUrl":"https:\/\/monti.lt\/wp-content\/uploads\/2025\/02\/drewniana-kasa-fiskalna-sklepowa-dla-dzieci-z-pieniedzmi-karta-czytnikiem-zabawka-edukacyjna.webp","datePublished":"2025-02-18T11:23:28+00:00","dateModified":"2025-11-25T20:13:42+00:00","breadcrumb":{"@id":"https:\/\/monti.lt\/product\/medinis-kasos-aparatas-2\/#breadcrumb"},"inLanguage":"en-US","potentialAction":[{"@type":"ReadAction","target":["https:\/\/monti.lt\/product\/medinis-kasos-aparatas-2\/"]}]},{"@type":"ImageObject","inLanguage":"en-US","@id":"https:\/\/monti.lt\/product\/medinis-kasos-aparatas-2\/#primaryimage","url":"https:\/\/monti.lt\/wp-content\/uploads\/2025\/02\/drewniana-kasa-fiskalna-sklepowa-dla-dzieci-z-pieniedzmi-karta-czytnikiem-zabawka-edukacyjna.webp","contentUrl":"https:\/\/monti.lt\/wp-content\/uploads\/2025\/02\/drewniana-kasa-fiskalna-sklepowa-dla-dzieci-z-pieniedzmi-karta-czytnikiem-zabawka-edukacyjna.webp","width":800,"height":800,"caption":"medinis kasos aparatas"},{"@type":"BreadcrumbList","@id":"https:\/\/monti.lt\/product\/medinis-kasos-aparatas-2\/#breadcrumb","itemListElement":[{"@type":"ListItem","position":1,"name":"Home","item":"https:\/\/monti.lt\/"},{"@type":"ListItem","position":2,"name":"Parduotuv\u0117","item":"https:\/\/monti.lt\/shop\/"},{"@type":"ListItem","position":3,"name":"Medinis kasos aparatas"}]},{"@type":"WebSite","@id":"https:\/\/monti.lt\/#website","url":"https:\/\/monti.lt\/","name":"Montessori \u017eaislai","description":"","publisher":{"@id":"https:\/\/monti.lt\/#organization"},"potentialAction":[{"@type":"SearchAction","target":{"@type":"EntryPoint","urlTemplate":"https:\/\/monti.lt\/?s={search_term_string}"},"query-input":"required name=search_term_string"}],"inLanguage":"en-US"},{"@type":"Organization","@id":"https:\/\/monti.lt\/#organization","name":"Montessori \u017eaislai","url":"https:\/\/monti.lt\/","logo":{"@type":"ImageObject","inLanguage":"en-US","@id":"https:\/\/monti.lt\/#\/schema\/logo\/image\/","url":"https:\/\/monti.lt\/wp-content\/uploads\/2022\/03\/montilogo-1.png","contentUrl":"https:\/\/monti.lt\/wp-content\/uploads\/2022\/03\/montilogo-1.png","width":512,"height":512,"caption":"Montessori \u017eaislai"},"image":{"@id":"https:\/\/monti.lt\/#\/schema\/logo\/image\/"}}]}},"_links":{"self":[{"href":"https:\/\/monti.lt\/en\/wp-json\/wp\/v2\/product\/30606"}],"collection":[{"href":"https:\/\/monti.lt\/en\/wp-json\/wp\/v2\/product"}],"about":[{"href":"https:\/\/monti.lt\/en\/wp-json\/wp\/v2\/types\/product"}],"version-history":[{"count":1,"href":"https:\/\/monti.lt\/en\/wp-json\/wp\/v2\/product\/30606\/revisions"}],"predecessor-version":[{"id":30613,"href":"https:\/\/monti.lt\/en\/wp-json\/wp\/v2\/product\/30606\/revisions\/30613"}],"wp:featuredmedia":[{"embeddable":true,"href":"https:\/\/monti.lt\/en\/wp-json\/wp\/v2\/media\/30607"}],"wp:attachment":[{"href":"https:\/\/monti.lt\/en\/wp-json\/wp\/v2\/media?parent=30606"}],"wp:term":[{"taxonomy":"product_cat","embeddable":true,"href":"https:\/\/monti.lt\/en\/wp-json\/wp\/v2\/product_cat?post=30606"},{"taxonomy":"product_tag","embeddable":true,"href":"https:\/\/monti.lt\/en\/wp-json\/wp\/v2\/product_tag?post=30606"}],"curies":[{"name":"wp","href":"https:\/\/api.w.org\/{rel}","templated":true}]}}