{"id":30614,"date":"2025-02-18T11:28:32","date_gmt":"2025-02-18T11:28:32","guid":{"rendered":"https:\/\/monti.lt\/?post_type=product&#038;p=30614"},"modified":"2025-12-01T11:19:59","modified_gmt":"2025-12-01T11:19:59","slug":"arbatos-rinkinys-dezuteje-zuikis","status":"publish","type":"product","link":"https:\/\/monti.lt\/en\/product\/arbatos-rinkinys-dezuteje-zuikis\/","title":{"rendered":"Arbatos rinkinys d\u0117\u017eut\u0117je &#8220;Zuikis&#8221;"},"content":{"rendered":"<p><br>Tortas ir l\u0117k\u0161t\u0117 \u017eaidim\u0173 rinkinys &#8211; saldus skan\u0117stas ma\u017eiesiems \u0161eimininkams! \u2728\u2b50\ufe0f<\/p>\n\n\n\n<p>\u2611\ufe0f \u2764\ufe0f\u200d Sukurkite nepamir\u0161tam\u0105 vakar\u0117lio \u017eaidim\u0105 su m\u016bs\u0173 torto ir pried\u0173 rinkiniu! \u0160iame \u017eaviame rinkinyje vaikai gali imtis \u0161eimininko vaidmens ir ant eleganti\u0161kos l\u0117k\u0161t\u0117s patiekti gard\u017eius desertus. Be to, rinkinyje yra \u017eaismingos zuikio ausys ir prakti\u0161ka \u017eaisl\u0173 d\u0117\u017eut\u0117.<\/p>\n\n\n\n<p>\u2714\ufe0f K\u016brybin\u0117s pramogos &#8211; rinkinys lavina vaizduot\u0119 ir socialinius \u012fg\u016bd\u017eius, tod\u0117l vaikai gali m\u0117gd\u017eioti suaugusiuosius ir rengti savo ma\u017eus vakar\u0117lius.<br>\u2714\ufe0f Idealiai tinka dovanoti &#8211; puiki dovan\u0173 id\u0117ja, kuri suteiks valand\u0173 valandas d\u017eiaugsming\u0173 \u017eaidim\u0173 ir leis vaikams praleisti laik\u0105 kartu.<br>\u2764\ufe0f\u200d Smag\u016bs priedai &#8211; triu\u0161io ausys suteikia \u017eaidimui magijos ir humoro, kuris tikrai patiks kiekvienam ma\u017eyliui, taip pat puiki dovana Velykoms<\/p>","protected":false},"excerpt":{"rendered":"<p>Tortas ir l\u0117k\u0161t\u0117 \u017eaidim\u0173 rinkinys &#8211; saldus skan\u0117stas ma\u017eiesiems \u0161eimininkams! \u2728\u2b50\ufe0f \u2611\ufe0f \u2764\ufe0f\u200d Sukurkite nepamir\u0161tam\u0105 vakar\u0117lio \u017eaidim\u0105 su m\u016bs\u0173 torto ir pried\u0173 rinkiniu! \u0160iame \u017eaviame rinkinyje vaikai gali imtis \u0161eimininko vaidmens ir ant eleganti\u0161kos l\u0117k\u0161t\u0117s patiekti gard\u017eius desertus. Be to, rinkinyje yra \u017eaismingos zuikio ausys ir prakti\u0161ka \u017eaisl\u0173 d\u0117\u017eut\u0117. \u2714\ufe0f K\u016brybin\u0117s pramogos &#8211; rinkinys lavina [&hellip;]<\/p>","protected":false},"featured_media":30615,"template":"","meta":{"_acf_changed":false,"iawp_total_views":170},"product_cat":[195,216,217,191,84,50,93,49,39],"product_tag":[97,98],"class_list":{"0":"post-30614","1":"product","2":"type-product","3":"status-publish","4":"has-post-thumbnail","6":"product_cat-dovanos-vaikams-3-4-metu","7":"product_cat-dovanos-4-5-metu-vaikams","8":"product_cat-dovanos-5-7-metu-vaikams","9":"product_cat-dovanos-vaikams","10":"product_cat-lavinamieji-zaislai","11":"product_cat-top-dovanos","12":"product_cat-vaidmenu-zaidimai","13":"product_cat-visi-zaislai","14":"product_cat-zaislai","15":"product_tag-3-m-4-m","16":"product_tag-5-m-7-m","18":"first","19":"outofstock","20":"taxable","21":"shipping-taxable","22":"purchasable","23":"product-type-simple"},"acf":[],"yoast_head":"<!-- This site is optimized with the Yoast SEO plugin v23.3 - https:\/\/yoast.com\/wordpress\/plugins\/seo\/ -->\n<title>Arbatos rinkinys d\u0117\u017eut\u0117je &quot;Zuikis&quot; - Montessori \u017eaislai<\/title>\n<meta name=\"robots\" content=\"index, follow, max-snippet:-1, max-image-preview:large, max-video-preview:-1\" \/>\n<link rel=\"canonical\" href=\"https:\/\/monti.lt\/en\/product\/arbatos-rinkinys-dezuteje-zuikis\/\" \/>\n<meta property=\"og:locale\" content=\"en_US\" \/>\n<meta property=\"og:type\" content=\"article\" \/>\n<meta property=\"og:title\" content=\"Arbatos rinkinys d\u0117\u017eut\u0117je &quot;Zuikis&quot; - Montessori \u017eaislai\" \/>\n<meta property=\"og:description\" content=\"Tortas ir l\u0117k\u0161t\u0117 \u017eaidim\u0173 rinkinys &#8211; saldus skan\u0117stas ma\u017eiesiems \u0161eimininkams! \u2728\u2b50\ufe0f \u2611\ufe0f \u2764\ufe0f\u200d Sukurkite nepamir\u0161tam\u0105 vakar\u0117lio \u017eaidim\u0105 su m\u016bs\u0173 torto ir pried\u0173 rinkiniu! \u0160iame \u017eaviame rinkinyje vaikai gali imtis \u0161eimininko vaidmens ir ant eleganti\u0161kos l\u0117k\u0161t\u0117s patiekti gard\u017eius desertus. Be to, rinkinyje yra \u017eaismingos zuikio ausys ir prakti\u0161ka \u017eaisl\u0173 d\u0117\u017eut\u0117. \u2714\ufe0f K\u016brybin\u0117s pramogos &#8211; rinkinys lavina [&hellip;]\" \/>\n<meta property=\"og:url\" content=\"https:\/\/monti.lt\/en\/product\/arbatos-rinkinys-dezuteje-zuikis\/\" \/>\n<meta property=\"og:site_name\" content=\"Montessori \u017eaislai\" \/>\n<meta property=\"article:modified_time\" content=\"2025-12-01T11:19:59+00:00\" \/>\n<meta property=\"og:image\" content=\"https:\/\/monti.lt\/wp-content\/uploads\/2025\/02\/zestaw-do-herbaty-kawy-dla-dzieci-krolicze-uszy-serwiis-akcesoria-ciasta.webp\" \/>\n\t<meta property=\"og:image:width\" content=\"800\" \/>\n\t<meta property=\"og:image:height\" content=\"800\" \/>\n\t<meta property=\"og:image:type\" content=\"image\/webp\" \/>\n<meta name=\"twitter:card\" content=\"summary_large_image\" \/>\n<meta name=\"twitter:label1\" content=\"Est. reading time\" \/>\n\t<meta name=\"twitter:data1\" content=\"1 minute\" \/>\n<script type=\"application\/ld+json\" class=\"yoast-schema-graph\">{\"@context\":\"https:\/\/schema.org\",\"@graph\":[{\"@type\":\"WebPage\",\"@id\":\"https:\/\/monti.lt\/product\/arbatos-rinkinys-dezuteje-zuikis\/\",\"url\":\"https:\/\/monti.lt\/product\/arbatos-rinkinys-dezuteje-zuikis\/\",\"name\":\"Arbatos rinkinys d\u0117\u017eut\u0117je \\\"Zuikis\\\" - Montessori \u017eaislai\",\"isPartOf\":{\"@id\":\"https:\/\/monti.lt\/#website\"},\"primaryImageOfPage\":{\"@id\":\"https:\/\/monti.lt\/product\/arbatos-rinkinys-dezuteje-zuikis\/#primaryimage\"},\"image\":{\"@id\":\"https:\/\/monti.lt\/product\/arbatos-rinkinys-dezuteje-zuikis\/#primaryimage\"},\"thumbnailUrl\":\"https:\/\/monti.lt\/wp-content\/uploads\/2025\/02\/zestaw-do-herbaty-kawy-dla-dzieci-krolicze-uszy-serwiis-akcesoria-ciasta.webp\",\"datePublished\":\"2025-02-18T11:28:32+00:00\",\"dateModified\":\"2025-12-01T11:19:59+00:00\",\"breadcrumb\":{\"@id\":\"https:\/\/monti.lt\/product\/arbatos-rinkinys-dezuteje-zuikis\/#breadcrumb\"},\"inLanguage\":\"en-US\",\"potentialAction\":[{\"@type\":\"ReadAction\",\"target\":[\"https:\/\/monti.lt\/product\/arbatos-rinkinys-dezuteje-zuikis\/\"]}]},{\"@type\":\"ImageObject\",\"inLanguage\":\"en-US\",\"@id\":\"https:\/\/monti.lt\/product\/arbatos-rinkinys-dezuteje-zuikis\/#primaryimage\",\"url\":\"https:\/\/monti.lt\/wp-content\/uploads\/2025\/02\/zestaw-do-herbaty-kawy-dla-dzieci-krolicze-uszy-serwiis-akcesoria-ciasta.webp\",\"contentUrl\":\"https:\/\/monti.lt\/wp-content\/uploads\/2025\/02\/zestaw-do-herbaty-kawy-dla-dzieci-krolicze-uszy-serwiis-akcesoria-ciasta.webp\",\"width\":800,\"height\":800,\"caption\":\"velyku dovana\"},{\"@type\":\"BreadcrumbList\",\"@id\":\"https:\/\/monti.lt\/product\/arbatos-rinkinys-dezuteje-zuikis\/#breadcrumb\",\"itemListElement\":[{\"@type\":\"ListItem\",\"position\":1,\"name\":\"Home\",\"item\":\"https:\/\/monti.lt\/\"},{\"@type\":\"ListItem\",\"position\":2,\"name\":\"Parduotuv\u0117\",\"item\":\"https:\/\/monti.lt\/shop\/\"},{\"@type\":\"ListItem\",\"position\":3,\"name\":\"Arbatos rinkinys d\u0117\u017eut\u0117je &#8220;Zuikis&#8221;\"}]},{\"@type\":\"WebSite\",\"@id\":\"https:\/\/monti.lt\/#website\",\"url\":\"https:\/\/monti.lt\/\",\"name\":\"Montessori \u017eaislai\",\"description\":\"\",\"publisher\":{\"@id\":\"https:\/\/monti.lt\/#organization\"},\"potentialAction\":[{\"@type\":\"SearchAction\",\"target\":{\"@type\":\"EntryPoint\",\"urlTemplate\":\"https:\/\/monti.lt\/?s={search_term_string}\"},\"query-input\":\"required name=search_term_string\"}],\"inLanguage\":\"en-US\"},{\"@type\":\"Organization\",\"@id\":\"https:\/\/monti.lt\/#organization\",\"name\":\"Montessori \u017eaislai\",\"url\":\"https:\/\/monti.lt\/\",\"logo\":{\"@type\":\"ImageObject\",\"inLanguage\":\"en-US\",\"@id\":\"https:\/\/monti.lt\/#\/schema\/logo\/image\/\",\"url\":\"https:\/\/monti.lt\/wp-content\/uploads\/2022\/03\/montilogo-1.png\",\"contentUrl\":\"https:\/\/monti.lt\/wp-content\/uploads\/2022\/03\/montilogo-1.png\",\"width\":512,\"height\":512,\"caption\":\"Montessori \u017eaislai\"},\"image\":{\"@id\":\"https:\/\/monti.lt\/#\/schema\/logo\/image\/\"}}]}<\/script>\n<!-- \/ Yoast SEO plugin. -->","yoast_head_json":{"title":"Arbatos rinkinys d\u0117\u017eut\u0117je \"Zuikis\" - Montessori \u017eaislai","robots":{"index":"index","follow":"follow","max-snippet":"max-snippet:-1","max-image-preview":"max-image-preview:large","max-video-preview":"max-video-preview:-1"},"canonical":"https:\/\/monti.lt\/en\/product\/arbatos-rinkinys-dezuteje-zuikis\/","og_locale":"en_US","og_type":"article","og_title":"Arbatos rinkinys d\u0117\u017eut\u0117je \"Zuikis\" - Montessori \u017eaislai","og_description":"Tortas ir l\u0117k\u0161t\u0117 \u017eaidim\u0173 rinkinys &#8211; saldus skan\u0117stas ma\u017eiesiems \u0161eimininkams! \u2728\u2b50\ufe0f \u2611\ufe0f \u2764\ufe0f\u200d Sukurkite nepamir\u0161tam\u0105 vakar\u0117lio \u017eaidim\u0105 su m\u016bs\u0173 torto ir pried\u0173 rinkiniu! \u0160iame \u017eaviame rinkinyje vaikai gali imtis \u0161eimininko vaidmens ir ant eleganti\u0161kos l\u0117k\u0161t\u0117s patiekti gard\u017eius desertus. Be to, rinkinyje yra \u017eaismingos zuikio ausys ir prakti\u0161ka \u017eaisl\u0173 d\u0117\u017eut\u0117. \u2714\ufe0f K\u016brybin\u0117s pramogos &#8211; rinkinys lavina [&hellip;]","og_url":"https:\/\/monti.lt\/en\/product\/arbatos-rinkinys-dezuteje-zuikis\/","og_site_name":"Montessori \u017eaislai","article_modified_time":"2025-12-01T11:19:59+00:00","og_image":[{"width":800,"height":800,"url":"https:\/\/monti.lt\/wp-content\/uploads\/2025\/02\/zestaw-do-herbaty-kawy-dla-dzieci-krolicze-uszy-serwiis-akcesoria-ciasta.webp","type":"image\/webp"}],"twitter_card":"summary_large_image","twitter_misc":{"Est. reading time":"1 minute"},"schema":{"@context":"https:\/\/schema.org","@graph":[{"@type":"WebPage","@id":"https:\/\/monti.lt\/product\/arbatos-rinkinys-dezuteje-zuikis\/","url":"https:\/\/monti.lt\/product\/arbatos-rinkinys-dezuteje-zuikis\/","name":"Arbatos rinkinys d\u0117\u017eut\u0117je \"Zuikis\" - Montessori \u017eaislai","isPartOf":{"@id":"https:\/\/monti.lt\/#website"},"primaryImageOfPage":{"@id":"https:\/\/monti.lt\/product\/arbatos-rinkinys-dezuteje-zuikis\/#primaryimage"},"image":{"@id":"https:\/\/monti.lt\/product\/arbatos-rinkinys-dezuteje-zuikis\/#primaryimage"},"thumbnailUrl":"https:\/\/monti.lt\/wp-content\/uploads\/2025\/02\/zestaw-do-herbaty-kawy-dla-dzieci-krolicze-uszy-serwiis-akcesoria-ciasta.webp","datePublished":"2025-02-18T11:28:32+00:00","dateModified":"2025-12-01T11:19:59+00:00","breadcrumb":{"@id":"https:\/\/monti.lt\/product\/arbatos-rinkinys-dezuteje-zuikis\/#breadcrumb"},"inLanguage":"en-US","potentialAction":[{"@type":"ReadAction","target":["https:\/\/monti.lt\/product\/arbatos-rinkinys-dezuteje-zuikis\/"]}]},{"@type":"ImageObject","inLanguage":"en-US","@id":"https:\/\/monti.lt\/product\/arbatos-rinkinys-dezuteje-zuikis\/#primaryimage","url":"https:\/\/monti.lt\/wp-content\/uploads\/2025\/02\/zestaw-do-herbaty-kawy-dla-dzieci-krolicze-uszy-serwiis-akcesoria-ciasta.webp","contentUrl":"https:\/\/monti.lt\/wp-content\/uploads\/2025\/02\/zestaw-do-herbaty-kawy-dla-dzieci-krolicze-uszy-serwiis-akcesoria-ciasta.webp","width":800,"height":800,"caption":"velyku dovana"},{"@type":"BreadcrumbList","@id":"https:\/\/monti.lt\/product\/arbatos-rinkinys-dezuteje-zuikis\/#breadcrumb","itemListElement":[{"@type":"ListItem","position":1,"name":"Home","item":"https:\/\/monti.lt\/"},{"@type":"ListItem","position":2,"name":"Parduotuv\u0117","item":"https:\/\/monti.lt\/shop\/"},{"@type":"ListItem","position":3,"name":"Arbatos rinkinys d\u0117\u017eut\u0117je &#8220;Zuikis&#8221;"}]},{"@type":"WebSite","@id":"https:\/\/monti.lt\/#website","url":"https:\/\/monti.lt\/","name":"Montessori \u017eaislai","description":"","publisher":{"@id":"https:\/\/monti.lt\/#organization"},"potentialAction":[{"@type":"SearchAction","target":{"@type":"EntryPoint","urlTemplate":"https:\/\/monti.lt\/?s={search_term_string}"},"query-input":"required name=search_term_string"}],"inLanguage":"en-US"},{"@type":"Organization","@id":"https:\/\/monti.lt\/#organization","name":"Montessori \u017eaislai","url":"https:\/\/monti.lt\/","logo":{"@type":"ImageObject","inLanguage":"en-US","@id":"https:\/\/monti.lt\/#\/schema\/logo\/image\/","url":"https:\/\/monti.lt\/wp-content\/uploads\/2022\/03\/montilogo-1.png","contentUrl":"https:\/\/monti.lt\/wp-content\/uploads\/2022\/03\/montilogo-1.png","width":512,"height":512,"caption":"Montessori \u017eaislai"},"image":{"@id":"https:\/\/monti.lt\/#\/schema\/logo\/image\/"}}]}},"_links":{"self":[{"href":"https:\/\/monti.lt\/en\/wp-json\/wp\/v2\/product\/30614"}],"collection":[{"href":"https:\/\/monti.lt\/en\/wp-json\/wp\/v2\/product"}],"about":[{"href":"https:\/\/monti.lt\/en\/wp-json\/wp\/v2\/types\/product"}],"version-history":[{"count":1,"href":"https:\/\/monti.lt\/en\/wp-json\/wp\/v2\/product\/30614\/revisions"}],"predecessor-version":[{"id":30621,"href":"https:\/\/monti.lt\/en\/wp-json\/wp\/v2\/product\/30614\/revisions\/30621"}],"wp:featuredmedia":[{"embeddable":true,"href":"https:\/\/monti.lt\/en\/wp-json\/wp\/v2\/media\/30615"}],"wp:attachment":[{"href":"https:\/\/monti.lt\/en\/wp-json\/wp\/v2\/media?parent=30614"}],"wp:term":[{"taxonomy":"product_cat","embeddable":true,"href":"https:\/\/monti.lt\/en\/wp-json\/wp\/v2\/product_cat?post=30614"},{"taxonomy":"product_tag","embeddable":true,"href":"https:\/\/monti.lt\/en\/wp-json\/wp\/v2\/product_tag?post=30614"}],"curies":[{"name":"wp","href":"https:\/\/api.w.org\/{rel}","templated":true}]}}