{"id":30622,"date":"2025-02-18T11:32:50","date_gmt":"2025-02-18T11:32:50","guid":{"rendered":"https:\/\/monti.lt\/?post_type=product&#038;p=30622"},"modified":"2025-12-16T07:42:32","modified_gmt":"2025-12-16T07:42:32","slug":"medine-magnetine-lenta-su-skaitmenimis","status":"publish","type":"product","link":"https:\/\/monti.lt\/en\/product\/medine-magnetine-lenta-su-skaitmenimis\/","title":{"rendered":"Medin\u0117 magnetin\u0117 lenta su skaitmenimis"},"content":{"rendered":"<p>\u273f Kiekvien\u0105 rinkin\u012f sudaro :<br>lentel\u0117 ra\u0161ymui kreida,<br>lentos su \u017eymekliais &#8211; magnetin\u0117 pus\u0117<br>spalvota kreida<br>kempin\u0117l\u0117<br>juodas \u017eymeklis,<br>magnetiniai skai\u010diai<\/p>\n\n\n\n<p>\u273f Baltojoje lentoje vaikams si\u016bloma daugyb\u0117 u\u017eduo\u010di\u0173, kuriose pramoga derinama su mokymusi:<br>Ra\u0161ymas kreida &#8211; juodoji lentos pus\u0117.<br>Ra\u0161ymas \u017eymekliu &#8211; balta sauso trinimo pus\u0117.<br>Laikrodis &#8211; valand\u0173 atpa\u017einimas ir mokymasis nustatyti laik\u0105.<br>Matematikos u\u017esi\u0117mimai &#8211; matematikos pagrind\u0173 mokymasis.<br>\u0160i universali priemon\u0117 ugdo k\u016brybi\u0161kum\u0105 ir padeda lavintis \u012fvairiais lygmenimis.<\/p>\n\n\n\n<p>\u273f Matmenys:<br>plotis 43 cm<br>auk\u0161tis 43 cm<br>gylis i\u0161skleistoje pad\u0117tyje 28 cm<br>auk\u0161tis i\u0161skleistoje pad\u0117tyje 40 cm<\/p>","protected":false},"excerpt":{"rendered":"<p>\u273f Kiekvien\u0105 rinkin\u012f sudaro :lentel\u0117 ra\u0161ymui kreida,lentos su \u017eymekliais &#8211; magnetin\u0117 pus\u0117spalvota kreidakempin\u0117l\u0117juodas \u017eymeklis,magnetiniai skai\u010diai \u273f Baltojoje lentoje vaikams si\u016bloma daugyb\u0117 u\u017eduo\u010di\u0173, kuriose pramoga derinama su mokymusi:Ra\u0161ymas kreida &#8211; juodoji lentos pus\u0117.Ra\u0161ymas \u017eymekliu &#8211; balta sauso trinimo pus\u0117.Laikrodis &#8211; valand\u0173 atpa\u017einimas ir mokymasis nustatyti laik\u0105.Matematikos u\u017esi\u0117mimai &#8211; matematikos pagrind\u0173 mokymasis.\u0160i universali priemon\u0117 ugdo k\u016brybi\u0161kum\u0105 ir [&hellip;]<\/p>","protected":false},"featured_media":30623,"template":"","meta":{"_acf_changed":false,"iawp_total_views":194},"product_cat":[87,84,102,89,88,83,49,39],"product_tag":[96,97,98],"class_list":{"0":"post-30622","1":"product","2":"type-product","3":"status-publish","4":"has-post-thumbnail","6":"product_cat-kurybiniai-rinkiniai","7":"product_cat-lavinamieji-zaislai","8":"product_cat-mediniai-zaislai","9":"product_cat-mokausi-piesti","10":"product_cat-mokausi-zaisti","11":"product_cat-montessori-zaislai","12":"product_cat-visi-zaislai","13":"product_cat-zaislai","14":"product_tag-2-m-3-m","15":"product_tag-3-m-4-m","16":"product_tag-5-m-7-m","18":"first","19":"outofstock","20":"taxable","21":"shipping-taxable","22":"purchasable","23":"product-type-simple"},"acf":[],"yoast_head":"<!-- This site is optimized with the Yoast SEO plugin v23.3 - https:\/\/yoast.com\/wordpress\/plugins\/seo\/ -->\n<title>Medin\u0117 magnetin\u0117 lenta su skaitmenimis - Montessori \u017eaislai<\/title>\n<meta name=\"robots\" content=\"index, follow, max-snippet:-1, max-image-preview:large, max-video-preview:-1\" \/>\n<link rel=\"canonical\" href=\"https:\/\/monti.lt\/en\/product\/medine-magnetine-lenta-su-skaitmenimis\/\" \/>\n<meta property=\"og:locale\" content=\"en_US\" \/>\n<meta property=\"og:type\" content=\"article\" \/>\n<meta property=\"og:title\" content=\"Medin\u0117 magnetin\u0117 lenta su skaitmenimis - Montessori \u017eaislai\" \/>\n<meta property=\"og:description\" content=\"\u273f Kiekvien\u0105 rinkin\u012f sudaro :lentel\u0117 ra\u0161ymui kreida,lentos su \u017eymekliais &#8211; magnetin\u0117 pus\u0117spalvota kreidakempin\u0117l\u0117juodas \u017eymeklis,magnetiniai skai\u010diai \u273f Baltojoje lentoje vaikams si\u016bloma daugyb\u0117 u\u017eduo\u010di\u0173, kuriose pramoga derinama su mokymusi:Ra\u0161ymas kreida &#8211; juodoji lentos pus\u0117.Ra\u0161ymas \u017eymekliu &#8211; balta sauso trinimo pus\u0117.Laikrodis &#8211; valand\u0173 atpa\u017einimas ir mokymasis nustatyti laik\u0105.Matematikos u\u017esi\u0117mimai &#8211; matematikos pagrind\u0173 mokymasis.\u0160i universali priemon\u0117 ugdo k\u016brybi\u0161kum\u0105 ir [&hellip;]\" \/>\n<meta property=\"og:url\" content=\"https:\/\/monti.lt\/en\/product\/medine-magnetine-lenta-su-skaitmenimis\/\" \/>\n<meta property=\"og:site_name\" content=\"Montessori \u017eaislai\" \/>\n<meta property=\"article:modified_time\" content=\"2025-12-16T07:42:32+00:00\" \/>\n<meta property=\"og:image\" content=\"https:\/\/monti.lt\/wp-content\/uploads\/2025\/02\/duza-drewniana-suchoscieralna-dwustronna-tablica-kredowa-magnetyczna-4w1-akcesoria.webp\" \/>\n\t<meta property=\"og:image:width\" content=\"800\" \/>\n\t<meta property=\"og:image:height\" content=\"800\" \/>\n\t<meta property=\"og:image:type\" content=\"image\/webp\" \/>\n<meta name=\"twitter:card\" content=\"summary_large_image\" \/>\n<meta name=\"twitter:label1\" content=\"Est. reading time\" \/>\n\t<meta name=\"twitter:data1\" content=\"1 minute\" \/>\n<script type=\"application\/ld+json\" class=\"yoast-schema-graph\">{\"@context\":\"https:\/\/schema.org\",\"@graph\":[{\"@type\":\"WebPage\",\"@id\":\"https:\/\/monti.lt\/product\/medine-magnetine-lenta-su-skaitmenimis\/\",\"url\":\"https:\/\/monti.lt\/product\/medine-magnetine-lenta-su-skaitmenimis\/\",\"name\":\"Medin\u0117 magnetin\u0117 lenta su skaitmenimis - Montessori \u017eaislai\",\"isPartOf\":{\"@id\":\"https:\/\/monti.lt\/#website\"},\"primaryImageOfPage\":{\"@id\":\"https:\/\/monti.lt\/product\/medine-magnetine-lenta-su-skaitmenimis\/#primaryimage\"},\"image\":{\"@id\":\"https:\/\/monti.lt\/product\/medine-magnetine-lenta-su-skaitmenimis\/#primaryimage\"},\"thumbnailUrl\":\"https:\/\/monti.lt\/wp-content\/uploads\/2025\/02\/duza-drewniana-suchoscieralna-dwustronna-tablica-kredowa-magnetyczna-4w1-akcesoria.webp\",\"datePublished\":\"2025-02-18T11:32:50+00:00\",\"dateModified\":\"2025-12-16T07:42:32+00:00\",\"breadcrumb\":{\"@id\":\"https:\/\/monti.lt\/product\/medine-magnetine-lenta-su-skaitmenimis\/#breadcrumb\"},\"inLanguage\":\"en-US\",\"potentialAction\":[{\"@type\":\"ReadAction\",\"target\":[\"https:\/\/monti.lt\/product\/medine-magnetine-lenta-su-skaitmenimis\/\"]}]},{\"@type\":\"ImageObject\",\"inLanguage\":\"en-US\",\"@id\":\"https:\/\/monti.lt\/product\/medine-magnetine-lenta-su-skaitmenimis\/#primaryimage\",\"url\":\"https:\/\/monti.lt\/wp-content\/uploads\/2025\/02\/duza-drewniana-suchoscieralna-dwustronna-tablica-kredowa-magnetyczna-4w1-akcesoria.webp\",\"contentUrl\":\"https:\/\/monti.lt\/wp-content\/uploads\/2025\/02\/duza-drewniana-suchoscieralna-dwustronna-tablica-kredowa-magnetyczna-4w1-akcesoria.webp\",\"width\":800,\"height\":800,\"caption\":\"medine lenta\"},{\"@type\":\"BreadcrumbList\",\"@id\":\"https:\/\/monti.lt\/product\/medine-magnetine-lenta-su-skaitmenimis\/#breadcrumb\",\"itemListElement\":[{\"@type\":\"ListItem\",\"position\":1,\"name\":\"Home\",\"item\":\"https:\/\/monti.lt\/\"},{\"@type\":\"ListItem\",\"position\":2,\"name\":\"Parduotuv\u0117\",\"item\":\"https:\/\/monti.lt\/shop\/\"},{\"@type\":\"ListItem\",\"position\":3,\"name\":\"Medin\u0117 magnetin\u0117 lenta su skaitmenimis\"}]},{\"@type\":\"WebSite\",\"@id\":\"https:\/\/monti.lt\/#website\",\"url\":\"https:\/\/monti.lt\/\",\"name\":\"Montessori \u017eaislai\",\"description\":\"\",\"publisher\":{\"@id\":\"https:\/\/monti.lt\/#organization\"},\"potentialAction\":[{\"@type\":\"SearchAction\",\"target\":{\"@type\":\"EntryPoint\",\"urlTemplate\":\"https:\/\/monti.lt\/?s={search_term_string}\"},\"query-input\":\"required name=search_term_string\"}],\"inLanguage\":\"en-US\"},{\"@type\":\"Organization\",\"@id\":\"https:\/\/monti.lt\/#organization\",\"name\":\"Montessori \u017eaislai\",\"url\":\"https:\/\/monti.lt\/\",\"logo\":{\"@type\":\"ImageObject\",\"inLanguage\":\"en-US\",\"@id\":\"https:\/\/monti.lt\/#\/schema\/logo\/image\/\",\"url\":\"https:\/\/monti.lt\/wp-content\/uploads\/2022\/03\/montilogo-1.png\",\"contentUrl\":\"https:\/\/monti.lt\/wp-content\/uploads\/2022\/03\/montilogo-1.png\",\"width\":512,\"height\":512,\"caption\":\"Montessori \u017eaislai\"},\"image\":{\"@id\":\"https:\/\/monti.lt\/#\/schema\/logo\/image\/\"}}]}<\/script>\n<!-- \/ Yoast SEO plugin. -->","yoast_head_json":{"title":"Medin\u0117 magnetin\u0117 lenta su skaitmenimis - Montessori \u017eaislai","robots":{"index":"index","follow":"follow","max-snippet":"max-snippet:-1","max-image-preview":"max-image-preview:large","max-video-preview":"max-video-preview:-1"},"canonical":"https:\/\/monti.lt\/en\/product\/medine-magnetine-lenta-su-skaitmenimis\/","og_locale":"en_US","og_type":"article","og_title":"Medin\u0117 magnetin\u0117 lenta su skaitmenimis - Montessori \u017eaislai","og_description":"\u273f Kiekvien\u0105 rinkin\u012f sudaro :lentel\u0117 ra\u0161ymui kreida,lentos su \u017eymekliais &#8211; magnetin\u0117 pus\u0117spalvota kreidakempin\u0117l\u0117juodas \u017eymeklis,magnetiniai skai\u010diai \u273f Baltojoje lentoje vaikams si\u016bloma daugyb\u0117 u\u017eduo\u010di\u0173, kuriose pramoga derinama su mokymusi:Ra\u0161ymas kreida &#8211; juodoji lentos pus\u0117.Ra\u0161ymas \u017eymekliu &#8211; balta sauso trinimo pus\u0117.Laikrodis &#8211; valand\u0173 atpa\u017einimas ir mokymasis nustatyti laik\u0105.Matematikos u\u017esi\u0117mimai &#8211; matematikos pagrind\u0173 mokymasis.\u0160i universali priemon\u0117 ugdo k\u016brybi\u0161kum\u0105 ir [&hellip;]","og_url":"https:\/\/monti.lt\/en\/product\/medine-magnetine-lenta-su-skaitmenimis\/","og_site_name":"Montessori \u017eaislai","article_modified_time":"2025-12-16T07:42:32+00:00","og_image":[{"width":800,"height":800,"url":"https:\/\/monti.lt\/wp-content\/uploads\/2025\/02\/duza-drewniana-suchoscieralna-dwustronna-tablica-kredowa-magnetyczna-4w1-akcesoria.webp","type":"image\/webp"}],"twitter_card":"summary_large_image","twitter_misc":{"Est. reading time":"1 minute"},"schema":{"@context":"https:\/\/schema.org","@graph":[{"@type":"WebPage","@id":"https:\/\/monti.lt\/product\/medine-magnetine-lenta-su-skaitmenimis\/","url":"https:\/\/monti.lt\/product\/medine-magnetine-lenta-su-skaitmenimis\/","name":"Medin\u0117 magnetin\u0117 lenta su skaitmenimis - Montessori \u017eaislai","isPartOf":{"@id":"https:\/\/monti.lt\/#website"},"primaryImageOfPage":{"@id":"https:\/\/monti.lt\/product\/medine-magnetine-lenta-su-skaitmenimis\/#primaryimage"},"image":{"@id":"https:\/\/monti.lt\/product\/medine-magnetine-lenta-su-skaitmenimis\/#primaryimage"},"thumbnailUrl":"https:\/\/monti.lt\/wp-content\/uploads\/2025\/02\/duza-drewniana-suchoscieralna-dwustronna-tablica-kredowa-magnetyczna-4w1-akcesoria.webp","datePublished":"2025-02-18T11:32:50+00:00","dateModified":"2025-12-16T07:42:32+00:00","breadcrumb":{"@id":"https:\/\/monti.lt\/product\/medine-magnetine-lenta-su-skaitmenimis\/#breadcrumb"},"inLanguage":"en-US","potentialAction":[{"@type":"ReadAction","target":["https:\/\/monti.lt\/product\/medine-magnetine-lenta-su-skaitmenimis\/"]}]},{"@type":"ImageObject","inLanguage":"en-US","@id":"https:\/\/monti.lt\/product\/medine-magnetine-lenta-su-skaitmenimis\/#primaryimage","url":"https:\/\/monti.lt\/wp-content\/uploads\/2025\/02\/duza-drewniana-suchoscieralna-dwustronna-tablica-kredowa-magnetyczna-4w1-akcesoria.webp","contentUrl":"https:\/\/monti.lt\/wp-content\/uploads\/2025\/02\/duza-drewniana-suchoscieralna-dwustronna-tablica-kredowa-magnetyczna-4w1-akcesoria.webp","width":800,"height":800,"caption":"medine lenta"},{"@type":"BreadcrumbList","@id":"https:\/\/monti.lt\/product\/medine-magnetine-lenta-su-skaitmenimis\/#breadcrumb","itemListElement":[{"@type":"ListItem","position":1,"name":"Home","item":"https:\/\/monti.lt\/"},{"@type":"ListItem","position":2,"name":"Parduotuv\u0117","item":"https:\/\/monti.lt\/shop\/"},{"@type":"ListItem","position":3,"name":"Medin\u0117 magnetin\u0117 lenta su skaitmenimis"}]},{"@type":"WebSite","@id":"https:\/\/monti.lt\/#website","url":"https:\/\/monti.lt\/","name":"Montessori \u017eaislai","description":"","publisher":{"@id":"https:\/\/monti.lt\/#organization"},"potentialAction":[{"@type":"SearchAction","target":{"@type":"EntryPoint","urlTemplate":"https:\/\/monti.lt\/?s={search_term_string}"},"query-input":"required name=search_term_string"}],"inLanguage":"en-US"},{"@type":"Organization","@id":"https:\/\/monti.lt\/#organization","name":"Montessori \u017eaislai","url":"https:\/\/monti.lt\/","logo":{"@type":"ImageObject","inLanguage":"en-US","@id":"https:\/\/monti.lt\/#\/schema\/logo\/image\/","url":"https:\/\/monti.lt\/wp-content\/uploads\/2022\/03\/montilogo-1.png","contentUrl":"https:\/\/monti.lt\/wp-content\/uploads\/2022\/03\/montilogo-1.png","width":512,"height":512,"caption":"Montessori \u017eaislai"},"image":{"@id":"https:\/\/monti.lt\/#\/schema\/logo\/image\/"}}]}},"_links":{"self":[{"href":"https:\/\/monti.lt\/en\/wp-json\/wp\/v2\/product\/30622"}],"collection":[{"href":"https:\/\/monti.lt\/en\/wp-json\/wp\/v2\/product"}],"about":[{"href":"https:\/\/monti.lt\/en\/wp-json\/wp\/v2\/types\/product"}],"version-history":[{"count":1,"href":"https:\/\/monti.lt\/en\/wp-json\/wp\/v2\/product\/30622\/revisions"}],"predecessor-version":[{"id":30630,"href":"https:\/\/monti.lt\/en\/wp-json\/wp\/v2\/product\/30622\/revisions\/30630"}],"wp:featuredmedia":[{"embeddable":true,"href":"https:\/\/monti.lt\/en\/wp-json\/wp\/v2\/media\/30623"}],"wp:attachment":[{"href":"https:\/\/monti.lt\/en\/wp-json\/wp\/v2\/media?parent=30622"}],"wp:term":[{"taxonomy":"product_cat","embeddable":true,"href":"https:\/\/monti.lt\/en\/wp-json\/wp\/v2\/product_cat?post=30622"},{"taxonomy":"product_tag","embeddable":true,"href":"https:\/\/monti.lt\/en\/wp-json\/wp\/v2\/product_tag?post=30622"}],"curies":[{"name":"wp","href":"https:\/\/api.w.org\/{rel}","templated":true}]}}